{"id":95002,"date":"2025-08-05T14:20:53","date_gmt":"2025-08-05T12:20:53","guid":{"rendered":"https:\/\/www.jardinartificial.es\/comprar\/sem%20categoria\/alocasia-artificial-155cm\/"},"modified":"2026-04-13T16:20:37","modified_gmt":"2026-04-13T14:20:37","slug":"alocasia-artificial-155cm","status":"publish","type":"product","link":"https:\/\/www.jardinartificial.es\/pt\/comprar\/plantas-artificiales-pt\/plantas-grandes-pt\/alocasia-artificial-155cm\/","title":{"rendered":"Alocasia Artificial 155 cm"},"content":{"rendered":"","protected":false},"excerpt":{"rendered":"<p><strong>Alocasia artificial 155cm<\/strong><\/p>\n<p data-start=\"751\" data-end=\"845\">Transforma qualquer espa\u00e7o com a presen\u00e7a deslumbrante desta Alocasia Artificial de 155 cm.<\/p>\n<p data-start=\"847\" data-end=\"1056\">Com a sua estatura alta e folhas exuberantes, traz car\u00e1cter e frescura a qualquer ambiente, sem as exig\u00eancias de uma planta natural. \u00c9 perfeita para criar um ponto focal em divis\u00f5es grandes ou passagens. <\/p>\n","protected":false},"featured_media":100407,"comment_status":"open","ping_status":"closed","template":"","meta":{"_acf_changed":false},"product_brand":[],"product_cat":[774,838],"product_tag":[987],"class_list":{"0":"post-95002","1":"product","2":"type-product","3":"status-publish","4":"has-post-thumbnail","6":"product_cat-plantas-artificiales-pt","7":"product_cat-plantas-grandes-pt","8":"product_tag-pt-2","9":"product_shipping_class-estandar-pt","10":"sales-flash-overlay","11":"woocommerce-text-align-center","12":"woocommerce-image-align-center","13":"do-quantity-buttons","15":"first","16":"instock","17":"sale","18":"taxable","19":"shipping-taxable","20":"purchasable","21":"product-type-simple"},"acf":{"":""},"gallery_images":[],"yoast_head":"<!-- This site is optimized with the Yoast SEO Premium plugin v27.4 (Yoast SEO v27.4) - https:\/\/yoast.com\/product\/yoast-seo-premium-wordpress\/ -->\n<title>Alocasia Artificial 155 cm | Jardin Artificial<\/title>\n<meta name=\"description\" content=\"Alocasia artificial 155 cm. Folhas tropicais e grande altura para uma decora\u00e7\u00e3o despreocupada e com muita personalidade.\" \/>\n<meta name=\"robots\" content=\"index, follow, max-snippet:-1, max-image-preview:large, max-video-preview:-1\" \/>\n<link rel=\"canonical\" href=\"https:\/\/www.jardinartificial.es\/pt\/comprar\/plantas-artificiales-pt\/plantas-grandes-pt\/alocasia-artificial-155cm\/\" \/>\n<meta property=\"og:locale\" content=\"pt_PT\" \/>\n<meta property=\"og:type\" content=\"article\" \/>\n<meta property=\"og:title\" content=\"Alocasia Artificial 155 cm\" \/>\n<meta property=\"og:description\" content=\"Alocasia artificial 155 cm. Folhas tropicais e grande altura para uma decora\u00e7\u00e3o despreocupada e com muita personalidade.\" \/>\n<meta property=\"og:url\" content=\"https:\/\/www.jardinartificial.es\/pt\/comprar\/plantas-artificiales-pt\/plantas-grandes-pt\/alocasia-artificial-155cm\/\" \/>\n<meta property=\"og:site_name\" content=\"Jardin Artificial\" \/>\n<meta property=\"article:modified_time\" content=\"2026-04-13T14:20:37+00:00\" \/>\n<meta property=\"og:image\" content=\"https:\/\/www.jardinartificial.es\/wp-content\/uploads\/2026\/01\/Alocasia-Artificial-155CM.png\" \/>\n\t<meta property=\"og:image:width\" content=\"1080\" \/>\n\t<meta property=\"og:image:height\" content=\"1080\" \/>\n\t<meta property=\"og:image:type\" content=\"image\/png\" \/>\n<meta name=\"twitter:card\" content=\"summary_large_image\" \/>\n<script type=\"application\/ld+json\" class=\"yoast-schema-graph\">{\"@context\":\"https:\\\/\\\/schema.org\",\"@graph\":[{\"@type\":\"WebPage\",\"@id\":\"https:\\\/\\\/www.jardinartificial.es\\\/pt\\\/comprar\\\/plantas-artificiales-pt\\\/plantas-grandes-pt\\\/alocasia-artificial-155cm\\\/\",\"url\":\"https:\\\/\\\/www.jardinartificial.es\\\/pt\\\/comprar\\\/plantas-artificiales-pt\\\/plantas-grandes-pt\\\/alocasia-artificial-155cm\\\/\",\"name\":\"Alocasia Artificial 155 cm | Jardin Artificial\",\"isPartOf\":{\"@id\":\"https:\\\/\\\/www.jardinartificial.es\\\/pt\\\/#website\"},\"primaryImageOfPage\":{\"@id\":\"https:\\\/\\\/www.jardinartificial.es\\\/pt\\\/comprar\\\/plantas-artificiales-pt\\\/plantas-grandes-pt\\\/alocasia-artificial-155cm\\\/#primaryimage\"},\"image\":{\"@id\":\"https:\\\/\\\/www.jardinartificial.es\\\/pt\\\/comprar\\\/plantas-artificiales-pt\\\/plantas-grandes-pt\\\/alocasia-artificial-155cm\\\/#primaryimage\"},\"thumbnailUrl\":\"https:\\\/\\\/www.jardinartificial.es\\\/wp-content\\\/uploads\\\/2026\\\/01\\\/Alocasia-Artificial-155CM.png\",\"datePublished\":\"2025-08-05T12:20:53+00:00\",\"dateModified\":\"2026-04-13T14:20:37+00:00\",\"description\":\"Alocasia artificial 155 cm. Folhas tropicais e grande altura para uma decora\u00e7\u00e3o despreocupada e com muita personalidade.\",\"breadcrumb\":{\"@id\":\"https:\\\/\\\/www.jardinartificial.es\\\/pt\\\/comprar\\\/plantas-artificiales-pt\\\/plantas-grandes-pt\\\/alocasia-artificial-155cm\\\/#breadcrumb\"},\"inLanguage\":\"pt-PT\",\"potentialAction\":[{\"@type\":\"ReadAction\",\"target\":[\"https:\\\/\\\/www.jardinartificial.es\\\/pt\\\/comprar\\\/plantas-artificiales-pt\\\/plantas-grandes-pt\\\/alocasia-artificial-155cm\\\/\"]}]},{\"@type\":\"ImageObject\",\"inLanguage\":\"pt-PT\",\"@id\":\"https:\\\/\\\/www.jardinartificial.es\\\/pt\\\/comprar\\\/plantas-artificiales-pt\\\/plantas-grandes-pt\\\/alocasia-artificial-155cm\\\/#primaryimage\",\"url\":\"https:\\\/\\\/www.jardinartificial.es\\\/wp-content\\\/uploads\\\/2026\\\/01\\\/Alocasia-Artificial-155CM.png\",\"contentUrl\":\"https:\\\/\\\/www.jardinartificial.es\\\/wp-content\\\/uploads\\\/2026\\\/01\\\/Alocasia-Artificial-155CM.png\",\"width\":1080,\"height\":1080,\"caption\":\"Alocasia Artificial 155 cm\"},{\"@type\":\"BreadcrumbList\",\"@id\":\"https:\\\/\\\/www.jardinartificial.es\\\/pt\\\/comprar\\\/plantas-artificiales-pt\\\/plantas-grandes-pt\\\/alocasia-artificial-155cm\\\/#breadcrumb\",\"itemListElement\":[{\"@type\":\"ListItem\",\"position\":1,\"name\":\"Portada\",\"item\":\"https:\\\/\\\/www.jardinartificial.es\\\/pt\\\/\"},{\"@type\":\"ListItem\",\"position\":2,\"name\":\"Todos os produtos\",\"item\":\"https:\\\/\\\/www.jardinartificial.es\\\/pt-pt\\\/todos-os-produtos\\\/\"},{\"@type\":\"ListItem\",\"position\":3,\"name\":\"Alocasia Artificial 155 cm\"}]},{\"@type\":\"WebSite\",\"@id\":\"https:\\\/\\\/www.jardinartificial.es\\\/pt\\\/#website\",\"url\":\"https:\\\/\\\/www.jardinartificial.es\\\/pt\\\/\",\"name\":\"Jard\u00edn Artificial - Venta de C\u00e9sped Artficial\",\"description\":\"C\u00e9sped Artificial barato al corte\",\"publisher\":{\"@id\":\"https:\\\/\\\/www.jardinartificial.es\\\/pt\\\/#organization\"},\"potentialAction\":[{\"@type\":\"SearchAction\",\"target\":{\"@type\":\"EntryPoint\",\"urlTemplate\":\"https:\\\/\\\/www.jardinartificial.es\\\/pt\\\/?s={search_term_string}\"},\"query-input\":{\"@type\":\"PropertyValueSpecification\",\"valueRequired\":true,\"valueName\":\"search_term_string\"}}],\"inLanguage\":\"pt-PT\"},{\"@type\":\"Organization\",\"@id\":\"https:\\\/\\\/www.jardinartificial.es\\\/pt\\\/#organization\",\"name\":\"Jard\u00edn Artificial\",\"url\":\"https:\\\/\\\/www.jardinartificial.es\\\/pt\\\/\",\"logo\":{\"@type\":\"ImageObject\",\"inLanguage\":\"pt-PT\",\"@id\":\"https:\\\/\\\/www.jardinartificial.es\\\/pt\\\/#\\\/schema\\\/logo\\\/image\\\/\",\"url\":\"https:\\\/\\\/www.jardinartificial.es\\\/wp-content\\\/uploads\\\/2023\\\/03\\\/logotipo.svg\",\"contentUrl\":\"https:\\\/\\\/www.jardinartificial.es\\\/wp-content\\\/uploads\\\/2023\\\/03\\\/logotipo.svg\",\"width\":187,\"height\":53,\"caption\":\"Jard\u00edn Artificial\"},\"image\":{\"@id\":\"https:\\\/\\\/www.jardinartificial.es\\\/pt\\\/#\\\/schema\\\/logo\\\/image\\\/\"}}]}<\/script>\n<!-- \/ Yoast SEO Premium plugin. -->","yoast_head_json":{"title":"Alocasia Artificial 155 cm | Jardin Artificial","description":"Alocasia artificial 155 cm. Folhas tropicais e grande altura para uma decora\u00e7\u00e3o despreocupada e com muita personalidade.","robots":{"index":"index","follow":"follow","max-snippet":"max-snippet:-1","max-image-preview":"max-image-preview:large","max-video-preview":"max-video-preview:-1"},"canonical":"https:\/\/www.jardinartificial.es\/pt\/comprar\/plantas-artificiales-pt\/plantas-grandes-pt\/alocasia-artificial-155cm\/","og_locale":"pt_PT","og_type":"article","og_title":"Alocasia Artificial 155 cm","og_description":"Alocasia artificial 155 cm. Folhas tropicais e grande altura para uma decora\u00e7\u00e3o despreocupada e com muita personalidade.","og_url":"https:\/\/www.jardinartificial.es\/pt\/comprar\/plantas-artificiales-pt\/plantas-grandes-pt\/alocasia-artificial-155cm\/","og_site_name":"Jardin Artificial","article_modified_time":"2026-04-13T14:20:37+00:00","og_image":[{"width":1080,"height":1080,"url":"https:\/\/www.jardinartificial.es\/wp-content\/uploads\/2026\/01\/Alocasia-Artificial-155CM.png","type":"image\/png"}],"twitter_card":"summary_large_image","schema":{"@context":"https:\/\/schema.org","@graph":[{"@type":"WebPage","@id":"https:\/\/www.jardinartificial.es\/pt\/comprar\/plantas-artificiales-pt\/plantas-grandes-pt\/alocasia-artificial-155cm\/","url":"https:\/\/www.jardinartificial.es\/pt\/comprar\/plantas-artificiales-pt\/plantas-grandes-pt\/alocasia-artificial-155cm\/","name":"Alocasia Artificial 155 cm | Jardin Artificial","isPartOf":{"@id":"https:\/\/www.jardinartificial.es\/pt\/#website"},"primaryImageOfPage":{"@id":"https:\/\/www.jardinartificial.es\/pt\/comprar\/plantas-artificiales-pt\/plantas-grandes-pt\/alocasia-artificial-155cm\/#primaryimage"},"image":{"@id":"https:\/\/www.jardinartificial.es\/pt\/comprar\/plantas-artificiales-pt\/plantas-grandes-pt\/alocasia-artificial-155cm\/#primaryimage"},"thumbnailUrl":"https:\/\/www.jardinartificial.es\/wp-content\/uploads\/2026\/01\/Alocasia-Artificial-155CM.png","datePublished":"2025-08-05T12:20:53+00:00","dateModified":"2026-04-13T14:20:37+00:00","description":"Alocasia artificial 155 cm. Folhas tropicais e grande altura para uma decora\u00e7\u00e3o despreocupada e com muita personalidade.","breadcrumb":{"@id":"https:\/\/www.jardinartificial.es\/pt\/comprar\/plantas-artificiales-pt\/plantas-grandes-pt\/alocasia-artificial-155cm\/#breadcrumb"},"inLanguage":"pt-PT","potentialAction":[{"@type":"ReadAction","target":["https:\/\/www.jardinartificial.es\/pt\/comprar\/plantas-artificiales-pt\/plantas-grandes-pt\/alocasia-artificial-155cm\/"]}]},{"@type":"ImageObject","inLanguage":"pt-PT","@id":"https:\/\/www.jardinartificial.es\/pt\/comprar\/plantas-artificiales-pt\/plantas-grandes-pt\/alocasia-artificial-155cm\/#primaryimage","url":"https:\/\/www.jardinartificial.es\/wp-content\/uploads\/2026\/01\/Alocasia-Artificial-155CM.png","contentUrl":"https:\/\/www.jardinartificial.es\/wp-content\/uploads\/2026\/01\/Alocasia-Artificial-155CM.png","width":1080,"height":1080,"caption":"Alocasia Artificial 155 cm"},{"@type":"BreadcrumbList","@id":"https:\/\/www.jardinartificial.es\/pt\/comprar\/plantas-artificiales-pt\/plantas-grandes-pt\/alocasia-artificial-155cm\/#breadcrumb","itemListElement":[{"@type":"ListItem","position":1,"name":"Portada","item":"https:\/\/www.jardinartificial.es\/pt\/"},{"@type":"ListItem","position":2,"name":"Todos os produtos","item":"https:\/\/www.jardinartificial.es\/pt-pt\/todos-os-produtos\/"},{"@type":"ListItem","position":3,"name":"Alocasia Artificial 155 cm"}]},{"@type":"WebSite","@id":"https:\/\/www.jardinartificial.es\/pt\/#website","url":"https:\/\/www.jardinartificial.es\/pt\/","name":"Jard\u00edn Artificial - Venta de C\u00e9sped Artficial","description":"C\u00e9sped Artificial barato al corte","publisher":{"@id":"https:\/\/www.jardinartificial.es\/pt\/#organization"},"potentialAction":[{"@type":"SearchAction","target":{"@type":"EntryPoint","urlTemplate":"https:\/\/www.jardinartificial.es\/pt\/?s={search_term_string}"},"query-input":{"@type":"PropertyValueSpecification","valueRequired":true,"valueName":"search_term_string"}}],"inLanguage":"pt-PT"},{"@type":"Organization","@id":"https:\/\/www.jardinartificial.es\/pt\/#organization","name":"Jard\u00edn Artificial","url":"https:\/\/www.jardinartificial.es\/pt\/","logo":{"@type":"ImageObject","inLanguage":"pt-PT","@id":"https:\/\/www.jardinartificial.es\/pt\/#\/schema\/logo\/image\/","url":"https:\/\/www.jardinartificial.es\/wp-content\/uploads\/2023\/03\/logotipo.svg","contentUrl":"https:\/\/www.jardinartificial.es\/wp-content\/uploads\/2023\/03\/logotipo.svg","width":187,"height":53,"caption":"Jard\u00edn Artificial"},"image":{"@id":"https:\/\/www.jardinartificial.es\/pt\/#\/schema\/logo\/image\/"}}]}},"_links":{"self":[{"href":"https:\/\/www.jardinartificial.es\/pt\/wp-json\/wp\/v2\/product\/95002","targetHints":{"allow":["GET"]}}],"collection":[{"href":"https:\/\/www.jardinartificial.es\/pt\/wp-json\/wp\/v2\/product"}],"about":[{"href":"https:\/\/www.jardinartificial.es\/pt\/wp-json\/wp\/v2\/types\/product"}],"replies":[{"embeddable":true,"href":"https:\/\/www.jardinartificial.es\/pt\/wp-json\/wp\/v2\/comments?post=95002"}],"wp:featuredmedia":[{"embeddable":true,"href":"https:\/\/www.jardinartificial.es\/pt\/wp-json\/wp\/v2\/media\/100407"}],"wp:attachment":[{"href":"https:\/\/www.jardinartificial.es\/pt\/wp-json\/wp\/v2\/media?parent=95002"}],"wp:term":[{"taxonomy":"product_brand","embeddable":true,"href":"https:\/\/www.jardinartificial.es\/pt\/wp-json\/wp\/v2\/product_brand?post=95002"},{"taxonomy":"product_cat","embeddable":true,"href":"https:\/\/www.jardinartificial.es\/pt\/wp-json\/wp\/v2\/product_cat?post=95002"},{"taxonomy":"product_tag","embeddable":true,"href":"https:\/\/www.jardinartificial.es\/pt\/wp-json\/wp\/v2\/product_tag?post=95002"}],"curies":[{"name":"wp","href":"https:\/\/api.w.org\/{rel}","templated":true}]}}