{"id":94997,"date":"2025-08-05T14:15:22","date_gmt":"2025-08-05T12:15:22","guid":{"rendered":"https:\/\/www.jardinartificial.es\/comprar\/sem%20categoria\/palmeira-deluxe-verde-150cm\/"},"modified":"2026-04-13T14:05:38","modified_gmt":"2026-04-13T12:05:38","slug":"palmeira-deluxe-verde-150cm","status":"publish","type":"product","link":"https:\/\/www.jardinartificial.es\/pt\/comprar\/plantas-artificiales-pt\/palmeira-deluxe-verde-150cm\/","title":{"rendered":"Palmeira Deluxe Verde 150CM"},"content":{"rendered":"","protected":false},"excerpt":{"rendered":"<p><strong>Palmeira artificial Deluxe Verde 150 cm<\/strong><\/p>\n<p class=\"pip-product-details__paragraph\">Enche os teus espa\u00e7os de luz com a nossa Palmeira Artificial Verde Deluxe 150 cm.<\/p>\n<p class=\"pip-product-details__paragraph\">Escolha ideal para quem procura um toque natural com um ar luminoso e relaxante. A sua cor suave transmite calma, amplitude e harmonia, perfeita para espa\u00e7os que necessitam de clareza sem perder a eleg\u00e2ncia. <\/p>\n","protected":false},"featured_media":90367,"comment_status":"open","ping_status":"closed","template":"","meta":{"_acf_changed":false},"product_brand":[],"product_cat":[774,838],"product_tag":[987],"class_list":{"0":"post-94997","1":"product","2":"type-product","3":"status-publish","4":"has-post-thumbnail","6":"product_cat-plantas-artificiales-pt","7":"product_cat-plantas-grandes-pt","8":"product_tag-pt-2","9":"sales-flash-overlay","10":"woocommerce-text-align-center","11":"woocommerce-image-align-center","12":"do-quantity-buttons","14":"first","15":"instock","16":"sale","17":"taxable","18":"shipping-taxable","19":"purchasable","20":"product-type-simple"},"acf":{"":""},"gallery_images":[],"yoast_head":"<!-- This site is optimized with the Yoast SEO Premium plugin v27.4 (Yoast SEO v27.4) - https:\/\/yoast.com\/product\/yoast-seo-premium-wordpress\/ -->\n<title>Palmeira Deluxe Verde 150CM | Jardin Artificial<\/title>\n<meta name=\"description\" content=\"Palmeira verde Deluxe de 150 cm muito realista. Est\u00e9tica leve e fresca, com folhas verdes claras que proporcionam luminosidade e um aspeto limpo.\" \/>\n<meta name=\"robots\" content=\"index, follow, max-snippet:-1, max-image-preview:large, max-video-preview:-1\" \/>\n<link rel=\"canonical\" href=\"https:\/\/www.jardinartificial.es\/pt\/comprar\/plantas-artificiales-pt\/palmeira-deluxe-verde-150cm\/\" \/>\n<meta property=\"og:locale\" content=\"pt_PT\" \/>\n<meta property=\"og:type\" content=\"article\" \/>\n<meta property=\"og:title\" content=\"Palmeira Deluxe Verde 150CM\" \/>\n<meta property=\"og:description\" content=\"Palmeira verde Deluxe de 150 cm muito realista. Est\u00e9tica leve e fresca, com folhas verdes claras que proporcionam luminosidade e um aspeto limpo.\" \/>\n<meta property=\"og:url\" content=\"https:\/\/www.jardinartificial.es\/pt\/comprar\/plantas-artificiales-pt\/palmeira-deluxe-verde-150cm\/\" \/>\n<meta property=\"og:site_name\" content=\"Jardin Artificial\" \/>\n<meta property=\"article:modified_time\" content=\"2026-04-13T12:05:38+00:00\" \/>\n<meta property=\"og:image\" content=\"https:\/\/www.jardinartificial.es\/wp-content\/uploads\/2025\/04\/Palmera-Deluxe-Verde-edit.png\" \/>\n\t<meta property=\"og:image:width\" content=\"1380\" \/>\n\t<meta property=\"og:image:height\" content=\"1380\" \/>\n\t<meta property=\"og:image:type\" content=\"image\/png\" \/>\n<meta name=\"twitter:card\" content=\"summary_large_image\" \/>\n<script type=\"application\/ld+json\" class=\"yoast-schema-graph\">{\"@context\":\"https:\\\/\\\/schema.org\",\"@graph\":[{\"@type\":\"WebPage\",\"@id\":\"https:\\\/\\\/www.jardinartificial.es\\\/pt\\\/comprar\\\/plantas-artificiales-pt\\\/palmeira-deluxe-verde-150cm\\\/\",\"url\":\"https:\\\/\\\/www.jardinartificial.es\\\/pt\\\/comprar\\\/plantas-artificiales-pt\\\/palmeira-deluxe-verde-150cm\\\/\",\"name\":\"Palmeira Deluxe Verde 150CM | Jardin Artificial\",\"isPartOf\":{\"@id\":\"https:\\\/\\\/www.jardinartificial.es\\\/pt\\\/#website\"},\"primaryImageOfPage\":{\"@id\":\"https:\\\/\\\/www.jardinartificial.es\\\/pt\\\/comprar\\\/plantas-artificiales-pt\\\/palmeira-deluxe-verde-150cm\\\/#primaryimage\"},\"image\":{\"@id\":\"https:\\\/\\\/www.jardinartificial.es\\\/pt\\\/comprar\\\/plantas-artificiales-pt\\\/palmeira-deluxe-verde-150cm\\\/#primaryimage\"},\"thumbnailUrl\":\"https:\\\/\\\/www.jardinartificial.es\\\/wp-content\\\/uploads\\\/2025\\\/04\\\/Palmera-Deluxe-Verde-edit.png\",\"datePublished\":\"2025-08-05T12:15:22+00:00\",\"dateModified\":\"2026-04-13T12:05:38+00:00\",\"description\":\"Palmeira verde Deluxe de 150 cm muito realista. Est\u00e9tica leve e fresca, com folhas verdes claras que proporcionam luminosidade e um aspeto limpo.\",\"breadcrumb\":{\"@id\":\"https:\\\/\\\/www.jardinartificial.es\\\/pt\\\/comprar\\\/plantas-artificiales-pt\\\/palmeira-deluxe-verde-150cm\\\/#breadcrumb\"},\"inLanguage\":\"pt-PT\",\"potentialAction\":[{\"@type\":\"ReadAction\",\"target\":[\"https:\\\/\\\/www.jardinartificial.es\\\/pt\\\/comprar\\\/plantas-artificiales-pt\\\/palmeira-deluxe-verde-150cm\\\/\"]}]},{\"@type\":\"ImageObject\",\"inLanguage\":\"pt-PT\",\"@id\":\"https:\\\/\\\/www.jardinartificial.es\\\/pt\\\/comprar\\\/plantas-artificiales-pt\\\/palmeira-deluxe-verde-150cm\\\/#primaryimage\",\"url\":\"https:\\\/\\\/www.jardinartificial.es\\\/wp-content\\\/uploads\\\/2025\\\/04\\\/Palmera-Deluxe-Verde-edit.png\",\"contentUrl\":\"https:\\\/\\\/www.jardinartificial.es\\\/wp-content\\\/uploads\\\/2025\\\/04\\\/Palmera-Deluxe-Verde-edit.png\",\"width\":1380,\"height\":1380,\"caption\":\"Palmeira Deluxe Verde\"},{\"@type\":\"BreadcrumbList\",\"@id\":\"https:\\\/\\\/www.jardinartificial.es\\\/pt\\\/comprar\\\/plantas-artificiales-pt\\\/palmeira-deluxe-verde-150cm\\\/#breadcrumb\",\"itemListElement\":[{\"@type\":\"ListItem\",\"position\":1,\"name\":\"Portada\",\"item\":\"https:\\\/\\\/www.jardinartificial.es\\\/pt\\\/\"},{\"@type\":\"ListItem\",\"position\":2,\"name\":\"Todos os produtos\",\"item\":\"https:\\\/\\\/www.jardinartificial.es\\\/pt-pt\\\/todos-os-produtos\\\/\"},{\"@type\":\"ListItem\",\"position\":3,\"name\":\"Palmeira Deluxe Verde 150CM\"}]},{\"@type\":\"WebSite\",\"@id\":\"https:\\\/\\\/www.jardinartificial.es\\\/pt\\\/#website\",\"url\":\"https:\\\/\\\/www.jardinartificial.es\\\/pt\\\/\",\"name\":\"Jard\u00edn Artificial - Venta de C\u00e9sped Artficial\",\"description\":\"C\u00e9sped Artificial barato al corte\",\"publisher\":{\"@id\":\"https:\\\/\\\/www.jardinartificial.es\\\/pt\\\/#organization\"},\"potentialAction\":[{\"@type\":\"SearchAction\",\"target\":{\"@type\":\"EntryPoint\",\"urlTemplate\":\"https:\\\/\\\/www.jardinartificial.es\\\/pt\\\/?s={search_term_string}\"},\"query-input\":{\"@type\":\"PropertyValueSpecification\",\"valueRequired\":true,\"valueName\":\"search_term_string\"}}],\"inLanguage\":\"pt-PT\"},{\"@type\":\"Organization\",\"@id\":\"https:\\\/\\\/www.jardinartificial.es\\\/pt\\\/#organization\",\"name\":\"Jard\u00edn Artificial\",\"url\":\"https:\\\/\\\/www.jardinartificial.es\\\/pt\\\/\",\"logo\":{\"@type\":\"ImageObject\",\"inLanguage\":\"pt-PT\",\"@id\":\"https:\\\/\\\/www.jardinartificial.es\\\/pt\\\/#\\\/schema\\\/logo\\\/image\\\/\",\"url\":\"https:\\\/\\\/www.jardinartificial.es\\\/wp-content\\\/uploads\\\/2023\\\/03\\\/logotipo.svg\",\"contentUrl\":\"https:\\\/\\\/www.jardinartificial.es\\\/wp-content\\\/uploads\\\/2023\\\/03\\\/logotipo.svg\",\"width\":187,\"height\":53,\"caption\":\"Jard\u00edn Artificial\"},\"image\":{\"@id\":\"https:\\\/\\\/www.jardinartificial.es\\\/pt\\\/#\\\/schema\\\/logo\\\/image\\\/\"}}]}<\/script>\n<!-- \/ Yoast SEO Premium plugin. -->","yoast_head_json":{"title":"Palmeira Deluxe Verde 150CM | Jardin Artificial","description":"Palmeira verde Deluxe de 150 cm muito realista. Est\u00e9tica leve e fresca, com folhas verdes claras que proporcionam luminosidade e um aspeto limpo.","robots":{"index":"index","follow":"follow","max-snippet":"max-snippet:-1","max-image-preview":"max-image-preview:large","max-video-preview":"max-video-preview:-1"},"canonical":"https:\/\/www.jardinartificial.es\/pt\/comprar\/plantas-artificiales-pt\/palmeira-deluxe-verde-150cm\/","og_locale":"pt_PT","og_type":"article","og_title":"Palmeira Deluxe Verde 150CM","og_description":"Palmeira verde Deluxe de 150 cm muito realista. Est\u00e9tica leve e fresca, com folhas verdes claras que proporcionam luminosidade e um aspeto limpo.","og_url":"https:\/\/www.jardinartificial.es\/pt\/comprar\/plantas-artificiales-pt\/palmeira-deluxe-verde-150cm\/","og_site_name":"Jardin Artificial","article_modified_time":"2026-04-13T12:05:38+00:00","og_image":[{"width":1380,"height":1380,"url":"https:\/\/www.jardinartificial.es\/wp-content\/uploads\/2025\/04\/Palmera-Deluxe-Verde-edit.png","type":"image\/png"}],"twitter_card":"summary_large_image","schema":{"@context":"https:\/\/schema.org","@graph":[{"@type":"WebPage","@id":"https:\/\/www.jardinartificial.es\/pt\/comprar\/plantas-artificiales-pt\/palmeira-deluxe-verde-150cm\/","url":"https:\/\/www.jardinartificial.es\/pt\/comprar\/plantas-artificiales-pt\/palmeira-deluxe-verde-150cm\/","name":"Palmeira Deluxe Verde 150CM | Jardin Artificial","isPartOf":{"@id":"https:\/\/www.jardinartificial.es\/pt\/#website"},"primaryImageOfPage":{"@id":"https:\/\/www.jardinartificial.es\/pt\/comprar\/plantas-artificiales-pt\/palmeira-deluxe-verde-150cm\/#primaryimage"},"image":{"@id":"https:\/\/www.jardinartificial.es\/pt\/comprar\/plantas-artificiales-pt\/palmeira-deluxe-verde-150cm\/#primaryimage"},"thumbnailUrl":"https:\/\/www.jardinartificial.es\/wp-content\/uploads\/2025\/04\/Palmera-Deluxe-Verde-edit.png","datePublished":"2025-08-05T12:15:22+00:00","dateModified":"2026-04-13T12:05:38+00:00","description":"Palmeira verde Deluxe de 150 cm muito realista. Est\u00e9tica leve e fresca, com folhas verdes claras que proporcionam luminosidade e um aspeto limpo.","breadcrumb":{"@id":"https:\/\/www.jardinartificial.es\/pt\/comprar\/plantas-artificiales-pt\/palmeira-deluxe-verde-150cm\/#breadcrumb"},"inLanguage":"pt-PT","potentialAction":[{"@type":"ReadAction","target":["https:\/\/www.jardinartificial.es\/pt\/comprar\/plantas-artificiales-pt\/palmeira-deluxe-verde-150cm\/"]}]},{"@type":"ImageObject","inLanguage":"pt-PT","@id":"https:\/\/www.jardinartificial.es\/pt\/comprar\/plantas-artificiales-pt\/palmeira-deluxe-verde-150cm\/#primaryimage","url":"https:\/\/www.jardinartificial.es\/wp-content\/uploads\/2025\/04\/Palmera-Deluxe-Verde-edit.png","contentUrl":"https:\/\/www.jardinartificial.es\/wp-content\/uploads\/2025\/04\/Palmera-Deluxe-Verde-edit.png","width":1380,"height":1380,"caption":"Palmeira Deluxe Verde"},{"@type":"BreadcrumbList","@id":"https:\/\/www.jardinartificial.es\/pt\/comprar\/plantas-artificiales-pt\/palmeira-deluxe-verde-150cm\/#breadcrumb","itemListElement":[{"@type":"ListItem","position":1,"name":"Portada","item":"https:\/\/www.jardinartificial.es\/pt\/"},{"@type":"ListItem","position":2,"name":"Todos os produtos","item":"https:\/\/www.jardinartificial.es\/pt-pt\/todos-os-produtos\/"},{"@type":"ListItem","position":3,"name":"Palmeira Deluxe Verde 150CM"}]},{"@type":"WebSite","@id":"https:\/\/www.jardinartificial.es\/pt\/#website","url":"https:\/\/www.jardinartificial.es\/pt\/","name":"Jard\u00edn Artificial - Venta de C\u00e9sped Artficial","description":"C\u00e9sped Artificial barato al corte","publisher":{"@id":"https:\/\/www.jardinartificial.es\/pt\/#organization"},"potentialAction":[{"@type":"SearchAction","target":{"@type":"EntryPoint","urlTemplate":"https:\/\/www.jardinartificial.es\/pt\/?s={search_term_string}"},"query-input":{"@type":"PropertyValueSpecification","valueRequired":true,"valueName":"search_term_string"}}],"inLanguage":"pt-PT"},{"@type":"Organization","@id":"https:\/\/www.jardinartificial.es\/pt\/#organization","name":"Jard\u00edn Artificial","url":"https:\/\/www.jardinartificial.es\/pt\/","logo":{"@type":"ImageObject","inLanguage":"pt-PT","@id":"https:\/\/www.jardinartificial.es\/pt\/#\/schema\/logo\/image\/","url":"https:\/\/www.jardinartificial.es\/wp-content\/uploads\/2023\/03\/logotipo.svg","contentUrl":"https:\/\/www.jardinartificial.es\/wp-content\/uploads\/2023\/03\/logotipo.svg","width":187,"height":53,"caption":"Jard\u00edn Artificial"},"image":{"@id":"https:\/\/www.jardinartificial.es\/pt\/#\/schema\/logo\/image\/"}}]}},"_links":{"self":[{"href":"https:\/\/www.jardinartificial.es\/pt\/wp-json\/wp\/v2\/product\/94997","targetHints":{"allow":["GET"]}}],"collection":[{"href":"https:\/\/www.jardinartificial.es\/pt\/wp-json\/wp\/v2\/product"}],"about":[{"href":"https:\/\/www.jardinartificial.es\/pt\/wp-json\/wp\/v2\/types\/product"}],"replies":[{"embeddable":true,"href":"https:\/\/www.jardinartificial.es\/pt\/wp-json\/wp\/v2\/comments?post=94997"}],"wp:featuredmedia":[{"embeddable":true,"href":"https:\/\/www.jardinartificial.es\/pt\/wp-json\/wp\/v2\/media\/90367"}],"wp:attachment":[{"href":"https:\/\/www.jardinartificial.es\/pt\/wp-json\/wp\/v2\/media?parent=94997"}],"wp:term":[{"taxonomy":"product_brand","embeddable":true,"href":"https:\/\/www.jardinartificial.es\/pt\/wp-json\/wp\/v2\/product_brand?post=94997"},{"taxonomy":"product_cat","embeddable":true,"href":"https:\/\/www.jardinartificial.es\/pt\/wp-json\/wp\/v2\/product_cat?post=94997"},{"taxonomy":"product_tag","embeddable":true,"href":"https:\/\/www.jardinartificial.es\/pt\/wp-json\/wp\/v2\/product_tag?post=94997"}],"curies":[{"name":"wp","href":"https:\/\/api.w.org\/{rel}","templated":true}]}}