{"id":90864,"date":"2025-05-02T09:37:35","date_gmt":"2025-05-02T07:37:35","guid":{"rendered":"https:\/\/www.jardinartificial.es\/?post_type=product&#038;p=90864"},"modified":"2026-04-13T14:05:07","modified_gmt":"2026-04-13T12:05:07","slug":"sebe-bicolor-110-hastes-15x3","status":"publish","type":"product","link":"https:\/\/www.jardinartificial.es\/pt\/comprar\/decoracao\/cerca-de-urze\/sebe-bicolor-110-hastes-15x3\/","title":{"rendered":"Sebe bicolor 110 hastes 1,5X3"},"content":{"rendered":"","protected":false},"excerpt":{"rendered":"<p><strong>Sebe Bicolor 110 Varas 1,5x3M<\/strong><\/p>\n<p class=\"\" data-start=\"0\" data-end=\"593\">Esta <strong>sebe artificial bicolor<\/strong>, composta por<strong> 110 hastes,<\/strong> proporciona maior densidade e privacidade, criando uma barreira natural no teu jardim, terra\u00e7o ou p\u00e1tio. A sua combina\u00e7\u00e3o de tons verdes naturais, com tonalidades de verde escuro e claro, torna-a a escolha ideal para complementar qualquer estilo de decora\u00e7\u00e3o exterior, adaptando-se a diferentes espa\u00e7os e ambientes. Al\u00e9m disso, \u00e9 fabricado com materiais de alta qualidade que garantem a sua durabilidade e resist\u00eancia aos elementos, permitindo-te desfrutar do seu aspeto natural sem te preocupares com a manuten\u00e7\u00e3o constante.  <\/p>\n<p class=\"\" data-start=\"595\" data-end=\"875\">Esta sebe de dois tons \u00e9 uma excelente alternativa \u00e0s sebes naturais, criando um efeito visual aut\u00eantico e atraente no teu espa\u00e7o exterior. \u00c9 f\u00e1cil de instalar e tem prote\u00e7\u00e3o UV, o que garante que manter\u00e1 o seu aspeto impec\u00e1vel durante muito tempo. <\/p>\n","protected":false},"featured_media":90856,"comment_status":"open","ping_status":"closed","template":"","meta":{"_acf_changed":false},"product_brand":[],"product_cat":[847,846],"product_tag":[987],"class_list":{"0":"post-90864","1":"product","2":"type-product","3":"status-publish","4":"has-post-thumbnail","6":"product_cat-cerca-de-urze","7":"product_cat-decoracao","8":"product_tag-pt-2","9":"product_shipping_class-estandar-pt","10":"sales-flash-overlay","11":"woocommerce-text-align-center","12":"woocommerce-image-align-center","13":"do-quantity-buttons","14":"wc-has-gallery","16":"first","17":"instock","18":"sale","19":"taxable","20":"shipping-taxable","21":"purchasable","22":"product-type-simple"},"acf":{"":""},"gallery_images":[90853,90857],"yoast_head":"<!-- This site is optimized with the Yoast SEO Premium plugin v27.6 (Yoast SEO v27.6) - https:\/\/yoast.com\/product\/yoast-seo-premium-wordpress\/ -->\n<title>Sebe bicolor 110 hastes 1,5X3 | Planta Jardin Artificial<\/title>\n<meta name=\"description\" content=\"Sebe artificial bicolor de 110 varas de 1,5x3M. Alta densidade e realismo. Resistente, com prote\u00e7\u00e3o UV, ideal para a privacidade em jardins, terra\u00e7os e p\u00e1tios.\" \/>\n<meta name=\"robots\" content=\"index, follow, max-snippet:-1, max-image-preview:large, max-video-preview:-1\" \/>\n<link rel=\"canonical\" href=\"https:\/\/www.jardinartificial.es\/pt\/comprar\/decoracao\/cerca-de-urze\/sebe-bicolor-110-hastes-15x3\/\" \/>\n<meta property=\"og:locale\" content=\"pt_PT\" \/>\n<meta property=\"og:type\" content=\"article\" \/>\n<meta property=\"og:title\" content=\"Sebe bicolor 110 hastes 1,5X3\" \/>\n<meta property=\"og:description\" content=\"Sebe artificial bicolor de 110 varas de 1,5x3M. Alta densidade e realismo. Resistente, com prote\u00e7\u00e3o UV, ideal para a privacidade em jardins, terra\u00e7os e p\u00e1tios.\" \/>\n<meta property=\"og:url\" content=\"https:\/\/www.jardinartificial.es\/pt\/comprar\/decoracao\/cerca-de-urze\/sebe-bicolor-110-hastes-15x3\/\" \/>\n<meta property=\"og:site_name\" content=\"Jardin Artificial\" \/>\n<meta property=\"article:modified_time\" content=\"2026-04-13T12:05:07+00:00\" \/>\n<meta property=\"og:image\" content=\"https:\/\/www.jardinartificial.es\/wp-content\/uploads\/2025\/04\/SACO-SETO-ARTIFICIAL_opt-3-750x750_opt.jpg\" \/>\n\t<meta property=\"og:image:width\" content=\"750\" \/>\n\t<meta property=\"og:image:height\" content=\"750\" \/>\n\t<meta property=\"og:image:type\" content=\"image\/jpeg\" \/>\n<meta name=\"twitter:card\" content=\"summary_large_image\" \/>\n<meta name=\"twitter:label1\" content=\"Tempo estimado de leitura\" \/>\n\t<meta name=\"twitter:data1\" content=\"1 minuto\" \/>\n<script type=\"application\/ld+json\" class=\"yoast-schema-graph\">{\"@context\":\"https:\\\/\\\/schema.org\",\"@graph\":[{\"@type\":\"WebPage\",\"@id\":\"https:\\\/\\\/www.jardinartificial.es\\\/pt\\\/comprar\\\/decoracao\\\/cerca-de-urze\\\/sebe-bicolor-110-hastes-15x3\\\/\",\"url\":\"https:\\\/\\\/www.jardinartificial.es\\\/pt\\\/comprar\\\/decoracao\\\/cerca-de-urze\\\/sebe-bicolor-110-hastes-15x3\\\/\",\"name\":\"Sebe bicolor 110 hastes 1,5X3 | Planta Jardin Artificial\",\"isPartOf\":{\"@id\":\"https:\\\/\\\/www.jardinartificial.es\\\/pt\\\/#website\"},\"primaryImageOfPage\":{\"@id\":\"https:\\\/\\\/www.jardinartificial.es\\\/pt\\\/comprar\\\/decoracao\\\/cerca-de-urze\\\/sebe-bicolor-110-hastes-15x3\\\/#primaryimage\"},\"image\":{\"@id\":\"https:\\\/\\\/www.jardinartificial.es\\\/pt\\\/comprar\\\/decoracao\\\/cerca-de-urze\\\/sebe-bicolor-110-hastes-15x3\\\/#primaryimage\"},\"thumbnailUrl\":\"https:\\\/\\\/www.jardinartificial.es\\\/wp-content\\\/uploads\\\/2025\\\/04\\\/SACO-SETO-ARTIFICIAL_opt-3-750x750_opt.jpg\",\"datePublished\":\"2025-05-02T07:37:35+00:00\",\"dateModified\":\"2026-04-13T12:05:07+00:00\",\"description\":\"Sebe artificial bicolor de 110 varas de 1,5x3M. Alta densidade e realismo. Resistente, com prote\u00e7\u00e3o UV, ideal para a privacidade em jardins, terra\u00e7os e p\u00e1tios.\",\"breadcrumb\":{\"@id\":\"https:\\\/\\\/www.jardinartificial.es\\\/pt\\\/comprar\\\/decoracao\\\/cerca-de-urze\\\/sebe-bicolor-110-hastes-15x3\\\/#breadcrumb\"},\"inLanguage\":\"pt-PT\",\"potentialAction\":[{\"@type\":\"ReadAction\",\"target\":[\"https:\\\/\\\/www.jardinartificial.es\\\/pt\\\/comprar\\\/decoracao\\\/cerca-de-urze\\\/sebe-bicolor-110-hastes-15x3\\\/\"]}]},{\"@type\":\"ImageObject\",\"inLanguage\":\"pt-PT\",\"@id\":\"https:\\\/\\\/www.jardinartificial.es\\\/pt\\\/comprar\\\/decoracao\\\/cerca-de-urze\\\/sebe-bicolor-110-hastes-15x3\\\/#primaryimage\",\"url\":\"https:\\\/\\\/www.jardinartificial.es\\\/wp-content\\\/uploads\\\/2025\\\/04\\\/SACO-SETO-ARTIFICIAL_opt-3-750x750_opt.jpg\",\"contentUrl\":\"https:\\\/\\\/www.jardinartificial.es\\\/wp-content\\\/uploads\\\/2025\\\/04\\\/SACO-SETO-ARTIFICIAL_opt-3-750x750_opt.jpg\",\"width\":750,\"height\":750,\"caption\":\"Sebes artificiais bicolores\"},{\"@type\":\"BreadcrumbList\",\"@id\":\"https:\\\/\\\/www.jardinartificial.es\\\/pt\\\/comprar\\\/decoracao\\\/cerca-de-urze\\\/sebe-bicolor-110-hastes-15x3\\\/#breadcrumb\",\"itemListElement\":[{\"@type\":\"ListItem\",\"position\":1,\"name\":\"Portada\",\"item\":\"https:\\\/\\\/www.jardinartificial.es\\\/pt\\\/casa\\\/\"},{\"@type\":\"ListItem\",\"position\":2,\"name\":\"Todos os produtos\",\"item\":\"https:\\\/\\\/www.jardinartificial.es\\\/pt-pt\\\/todos-os-produtos\\\/\"},{\"@type\":\"ListItem\",\"position\":3,\"name\":\"Sebe bicolor 110 hastes 1,5X3\"}]},{\"@type\":\"WebSite\",\"@id\":\"https:\\\/\\\/www.jardinartificial.es\\\/pt\\\/#website\",\"url\":\"https:\\\/\\\/www.jardinartificial.es\\\/pt\\\/\",\"name\":\"Jard\u00edn Artificial - Venta de C\u00e9sped Artficial\",\"description\":\"C\u00e9sped Artificial barato al corte\",\"publisher\":{\"@id\":\"https:\\\/\\\/www.jardinartificial.es\\\/pt\\\/#organization\"},\"potentialAction\":[{\"@type\":\"SearchAction\",\"target\":{\"@type\":\"EntryPoint\",\"urlTemplate\":\"https:\\\/\\\/www.jardinartificial.es\\\/pt\\\/?s={search_term_string}\"},\"query-input\":{\"@type\":\"PropertyValueSpecification\",\"valueRequired\":true,\"valueName\":\"search_term_string\"}}],\"inLanguage\":\"pt-PT\"},{\"@type\":\"Organization\",\"@id\":\"https:\\\/\\\/www.jardinartificial.es\\\/pt\\\/#organization\",\"name\":\"Jard\u00edn Artificial\",\"url\":\"https:\\\/\\\/www.jardinartificial.es\\\/pt\\\/\",\"logo\":{\"@type\":\"ImageObject\",\"inLanguage\":\"pt-PT\",\"@id\":\"https:\\\/\\\/www.jardinartificial.es\\\/pt\\\/#\\\/schema\\\/logo\\\/image\\\/\",\"url\":\"https:\\\/\\\/www.jardinartificial.es\\\/wp-content\\\/uploads\\\/2023\\\/03\\\/logotipo.svg\",\"contentUrl\":\"https:\\\/\\\/www.jardinartificial.es\\\/wp-content\\\/uploads\\\/2023\\\/03\\\/logotipo.svg\",\"width\":187,\"height\":53,\"caption\":\"Jard\u00edn Artificial\"},\"image\":{\"@id\":\"https:\\\/\\\/www.jardinartificial.es\\\/pt\\\/#\\\/schema\\\/logo\\\/image\\\/\"}}]}<\/script>\n<!-- \/ Yoast SEO Premium plugin. -->","yoast_head_json":{"title":"Sebe bicolor 110 hastes 1,5X3 | Planta Jardin Artificial","description":"Sebe artificial bicolor de 110 varas de 1,5x3M. Alta densidade e realismo. Resistente, com prote\u00e7\u00e3o UV, ideal para a privacidade em jardins, terra\u00e7os e p\u00e1tios.","robots":{"index":"index","follow":"follow","max-snippet":"max-snippet:-1","max-image-preview":"max-image-preview:large","max-video-preview":"max-video-preview:-1"},"canonical":"https:\/\/www.jardinartificial.es\/pt\/comprar\/decoracao\/cerca-de-urze\/sebe-bicolor-110-hastes-15x3\/","og_locale":"pt_PT","og_type":"article","og_title":"Sebe bicolor 110 hastes 1,5X3","og_description":"Sebe artificial bicolor de 110 varas de 1,5x3M. Alta densidade e realismo. Resistente, com prote\u00e7\u00e3o UV, ideal para a privacidade em jardins, terra\u00e7os e p\u00e1tios.","og_url":"https:\/\/www.jardinartificial.es\/pt\/comprar\/decoracao\/cerca-de-urze\/sebe-bicolor-110-hastes-15x3\/","og_site_name":"Jardin Artificial","article_modified_time":"2026-04-13T12:05:07+00:00","og_image":[{"width":750,"height":750,"url":"https:\/\/www.jardinartificial.es\/wp-content\/uploads\/2025\/04\/SACO-SETO-ARTIFICIAL_opt-3-750x750_opt.jpg","type":"image\/jpeg"}],"twitter_card":"summary_large_image","twitter_misc":{"Tempo estimado de leitura":"1 minuto"},"schema":{"@context":"https:\/\/schema.org","@graph":[{"@type":"WebPage","@id":"https:\/\/www.jardinartificial.es\/pt\/comprar\/decoracao\/cerca-de-urze\/sebe-bicolor-110-hastes-15x3\/","url":"https:\/\/www.jardinartificial.es\/pt\/comprar\/decoracao\/cerca-de-urze\/sebe-bicolor-110-hastes-15x3\/","name":"Sebe bicolor 110 hastes 1,5X3 | Planta Jardin Artificial","isPartOf":{"@id":"https:\/\/www.jardinartificial.es\/pt\/#website"},"primaryImageOfPage":{"@id":"https:\/\/www.jardinartificial.es\/pt\/comprar\/decoracao\/cerca-de-urze\/sebe-bicolor-110-hastes-15x3\/#primaryimage"},"image":{"@id":"https:\/\/www.jardinartificial.es\/pt\/comprar\/decoracao\/cerca-de-urze\/sebe-bicolor-110-hastes-15x3\/#primaryimage"},"thumbnailUrl":"https:\/\/www.jardinartificial.es\/wp-content\/uploads\/2025\/04\/SACO-SETO-ARTIFICIAL_opt-3-750x750_opt.jpg","datePublished":"2025-05-02T07:37:35+00:00","dateModified":"2026-04-13T12:05:07+00:00","description":"Sebe artificial bicolor de 110 varas de 1,5x3M. Alta densidade e realismo. Resistente, com prote\u00e7\u00e3o UV, ideal para a privacidade em jardins, terra\u00e7os e p\u00e1tios.","breadcrumb":{"@id":"https:\/\/www.jardinartificial.es\/pt\/comprar\/decoracao\/cerca-de-urze\/sebe-bicolor-110-hastes-15x3\/#breadcrumb"},"inLanguage":"pt-PT","potentialAction":[{"@type":"ReadAction","target":["https:\/\/www.jardinartificial.es\/pt\/comprar\/decoracao\/cerca-de-urze\/sebe-bicolor-110-hastes-15x3\/"]}]},{"@type":"ImageObject","inLanguage":"pt-PT","@id":"https:\/\/www.jardinartificial.es\/pt\/comprar\/decoracao\/cerca-de-urze\/sebe-bicolor-110-hastes-15x3\/#primaryimage","url":"https:\/\/www.jardinartificial.es\/wp-content\/uploads\/2025\/04\/SACO-SETO-ARTIFICIAL_opt-3-750x750_opt.jpg","contentUrl":"https:\/\/www.jardinartificial.es\/wp-content\/uploads\/2025\/04\/SACO-SETO-ARTIFICIAL_opt-3-750x750_opt.jpg","width":750,"height":750,"caption":"Sebes artificiais bicolores"},{"@type":"BreadcrumbList","@id":"https:\/\/www.jardinartificial.es\/pt\/comprar\/decoracao\/cerca-de-urze\/sebe-bicolor-110-hastes-15x3\/#breadcrumb","itemListElement":[{"@type":"ListItem","position":1,"name":"Portada","item":"https:\/\/www.jardinartificial.es\/pt\/casa\/"},{"@type":"ListItem","position":2,"name":"Todos os produtos","item":"https:\/\/www.jardinartificial.es\/pt-pt\/todos-os-produtos\/"},{"@type":"ListItem","position":3,"name":"Sebe bicolor 110 hastes 1,5X3"}]},{"@type":"WebSite","@id":"https:\/\/www.jardinartificial.es\/pt\/#website","url":"https:\/\/www.jardinartificial.es\/pt\/","name":"Jard\u00edn Artificial - Venta de C\u00e9sped Artficial","description":"C\u00e9sped Artificial barato al corte","publisher":{"@id":"https:\/\/www.jardinartificial.es\/pt\/#organization"},"potentialAction":[{"@type":"SearchAction","target":{"@type":"EntryPoint","urlTemplate":"https:\/\/www.jardinartificial.es\/pt\/?s={search_term_string}"},"query-input":{"@type":"PropertyValueSpecification","valueRequired":true,"valueName":"search_term_string"}}],"inLanguage":"pt-PT"},{"@type":"Organization","@id":"https:\/\/www.jardinartificial.es\/pt\/#organization","name":"Jard\u00edn Artificial","url":"https:\/\/www.jardinartificial.es\/pt\/","logo":{"@type":"ImageObject","inLanguage":"pt-PT","@id":"https:\/\/www.jardinartificial.es\/pt\/#\/schema\/logo\/image\/","url":"https:\/\/www.jardinartificial.es\/wp-content\/uploads\/2023\/03\/logotipo.svg","contentUrl":"https:\/\/www.jardinartificial.es\/wp-content\/uploads\/2023\/03\/logotipo.svg","width":187,"height":53,"caption":"Jard\u00edn Artificial"},"image":{"@id":"https:\/\/www.jardinartificial.es\/pt\/#\/schema\/logo\/image\/"}}]}},"_links":{"self":[{"href":"https:\/\/www.jardinartificial.es\/pt\/wp-json\/wp\/v2\/product\/90864","targetHints":{"allow":["GET"]}}],"collection":[{"href":"https:\/\/www.jardinartificial.es\/pt\/wp-json\/wp\/v2\/product"}],"about":[{"href":"https:\/\/www.jardinartificial.es\/pt\/wp-json\/wp\/v2\/types\/product"}],"replies":[{"embeddable":true,"href":"https:\/\/www.jardinartificial.es\/pt\/wp-json\/wp\/v2\/comments?post=90864"}],"wp:featuredmedia":[{"embeddable":true,"href":"https:\/\/www.jardinartificial.es\/pt\/wp-json\/wp\/v2\/media\/90856"}],"wp:attachment":[{"href":"https:\/\/www.jardinartificial.es\/pt\/wp-json\/wp\/v2\/media?parent=90864"}],"wp:term":[{"taxonomy":"product_brand","embeddable":true,"href":"https:\/\/www.jardinartificial.es\/pt\/wp-json\/wp\/v2\/product_brand?post=90864"},{"taxonomy":"product_cat","embeddable":true,"href":"https:\/\/www.jardinartificial.es\/pt\/wp-json\/wp\/v2\/product_cat?post=90864"},{"taxonomy":"product_tag","embeddable":true,"href":"https:\/\/www.jardinartificial.es\/pt\/wp-json\/wp\/v2\/product_tag?post=90864"}],"curies":[{"name":"wp","href":"https:\/\/api.w.org\/{rel}","templated":true}]}}