{"id":90843,"date":"2025-05-02T09:37:51","date_gmt":"2025-05-02T07:37:51","guid":{"rendered":"https:\/\/www.jardinartificial.es\/?post_type=product&#038;p=90843"},"modified":"2026-05-04T21:07:06","modified_gmt":"2026-05-04T19:07:06","slug":"urze-ecologica-15x5m","status":"publish","type":"product","link":"https:\/\/www.jardinartificial.es\/pt\/comprar\/decoracao\/cerca-de-urze\/urze-ecologica-15x5m\/","title":{"rendered":"Urze ecol\u00f3gica 1,5x5M"},"content":{"rendered":"","protected":false},"excerpt":{"rendered":"<p><strong>Urze ecol\u00f3gica 1,5x5M<\/strong><\/p>\n<p data-start=\"207\" data-end=\"726\">O nosso <strong>Organic Heather Extra<\/strong> \u00e9 a escolha ideal para quem procura um ambiente natural e acolhedor no seu jardim ou terra\u00e7o. Feito de <strong data-start=\"362\" data-end=\"400\">arame galvanizado de 10 cm<\/strong>, este material de alta qualidade foi especialmente tratado para resistir aos elementos e oferecer uma durabilidade duradoura. <\/p>\n<p data-start=\"885\" data-end=\"1353\">Esta urze \u00e9 ideal para <strong data-start=\"910\" data-end=\"939\">cobrir, ocultar<\/strong> ou <strong data-start=\"942\" data-end=\"958\">delimitar<\/strong> espa\u00e7os, proporcionando a <strong data-start=\"985\" data-end=\"999\">privacidade<\/strong> que necessitas no teu espa\u00e7o exterior. Gra\u00e7as \u00e0 sua f\u00e1cil instala\u00e7\u00e3o e apresenta\u00e7\u00e3o em <strong data-start=\"1087\" data-end=\"1118\">sacos com pegas individuais<\/strong>, \u00e9 uma op\u00e7\u00e3o c\u00f3moda e acess\u00edvel para quem deseja embelezar o seu jardim ou terra\u00e7o sem complica\u00e7\u00f5es. Al\u00e9m disso, com a sua elevada resist\u00eancia e durabilidade, garantir\u00e1s um espa\u00e7o exterior protegido durante muitas esta\u00e7\u00f5es.  <\/p>\n<p data-start=\"1355\" data-end=\"1375\"><strong data-start=\"1355\" data-end=\"1375\">Carater\u00edsticas:<\/strong><\/p>\n<ul data-start=\"1376\" data-end=\"1665\">\n<li data-start=\"1506\" data-end=\"1587\"><strong data-start=\"1508\" data-end=\"1546\">Arame galvanizado cosido a 10 cm<\/strong>, garantindo durabilidade e resist\u00eancia.<\/li>\n<li data-start=\"1588\" data-end=\"1631\">Resistente \u00e0s intemp\u00e9ries.<\/li>\n<li data-start=\"1632\" data-end=\"1665\"><strong data-start=\"1634\" data-end=\"1664\">Instala\u00e7\u00e3o e funcionamento f\u00e1ceis<\/strong>.<\/li>\n<\/ul>\n<p data-start=\"1667\" data-end=\"1836\">Escolhe a nossa <strong>Organic Heather Extra<\/strong> e transforma o teu jardim ou terra\u00e7o com um toque natural, elegante e resistente, ideal para qualquer ambiente exterior.<\/p>\n","protected":false},"featured_media":100461,"comment_status":"open","ping_status":"closed","template":"","meta":{"_acf_changed":false},"product_brand":[],"product_cat":[847,846],"product_tag":[987],"class_list":{"0":"post-90843","1":"product","2":"type-product","3":"status-publish","4":"has-post-thumbnail","6":"product_cat-cerca-de-urze","7":"product_cat-decoracao","8":"product_tag-pt-2","9":"product_shipping_class-estandar-pt","10":"sales-flash-overlay","11":"woocommerce-text-align-center","12":"woocommerce-image-align-center","13":"do-quantity-buttons","14":"wc-has-gallery","16":"first","17":"instock","18":"sale","19":"taxable","20":"shipping-taxable","21":"purchasable","22":"product-type-simple"},"acf":{"":""},"gallery_images":[100195,100196,100197],"yoast_head":"<!-- This site is optimized with the Yoast SEO Premium plugin v27.6 (Yoast SEO v27.6) - https:\/\/yoast.com\/product\/yoast-seo-premium-wordpress\/ -->\n<title>Urze ecol\u00f3gica 1,5x5M | Planta Jardin Artificial<\/title>\n<meta name=\"description\" content=\"Urze ecol\u00f3gica 1,5x5M, ideal para esconder e cobrir. Resistente, f\u00e1cil de instalar e com um acabamento natural para jardins e terra\u00e7os.\" \/>\n<meta name=\"robots\" content=\"index, follow, max-snippet:-1, max-image-preview:large, max-video-preview:-1\" \/>\n<link rel=\"canonical\" href=\"https:\/\/www.jardinartificial.es\/pt\/comprar\/decoracao\/cerca-de-urze\/urze-ecologica-15x5m\/\" \/>\n<meta property=\"og:locale\" content=\"pt_PT\" \/>\n<meta property=\"og:type\" content=\"article\" \/>\n<meta property=\"og:title\" content=\"Urze ecol\u00f3gica 1,5x5M\" \/>\n<meta property=\"og:description\" content=\"Urze ecol\u00f3gica 1,5x5M, ideal para esconder e cobrir. Resistente, f\u00e1cil de instalar e com um acabamento natural para jardins e terra\u00e7os.\" \/>\n<meta property=\"og:url\" content=\"https:\/\/www.jardinartificial.es\/pt\/comprar\/decoracao\/cerca-de-urze\/urze-ecologica-15x5m\/\" \/>\n<meta property=\"og:site_name\" content=\"Jardin Artificial\" \/>\n<meta property=\"article:modified_time\" content=\"2026-05-04T19:07:06+00:00\" \/>\n<meta property=\"og:image\" content=\"https:\/\/www.jardinartificial.es\/wp-content\/uploads\/2026\/01\/Brezo-Ecologico-15x5M.jpeg\" \/>\n\t<meta property=\"og:image:width\" content=\"512\" \/>\n\t<meta property=\"og:image:height\" content=\"384\" \/>\n\t<meta property=\"og:image:type\" content=\"image\/jpeg\" \/>\n<meta name=\"twitter:card\" content=\"summary_large_image\" \/>\n<meta name=\"twitter:label1\" content=\"Tempo estimado de leitura\" \/>\n\t<meta name=\"twitter:data1\" content=\"1 minuto\" \/>\n<script type=\"application\/ld+json\" class=\"yoast-schema-graph\">{\"@context\":\"https:\\\/\\\/schema.org\",\"@graph\":[{\"@type\":\"WebPage\",\"@id\":\"https:\\\/\\\/www.jardinartificial.es\\\/pt\\\/comprar\\\/decoracao\\\/cerca-de-urze\\\/urze-ecologica-15x5m\\\/\",\"url\":\"https:\\\/\\\/www.jardinartificial.es\\\/pt\\\/comprar\\\/decoracao\\\/cerca-de-urze\\\/urze-ecologica-15x5m\\\/\",\"name\":\"Urze ecol\u00f3gica 1,5x5M | Planta Jardin Artificial\",\"isPartOf\":{\"@id\":\"https:\\\/\\\/www.jardinartificial.es\\\/pt\\\/#website\"},\"primaryImageOfPage\":{\"@id\":\"https:\\\/\\\/www.jardinartificial.es\\\/pt\\\/comprar\\\/decoracao\\\/cerca-de-urze\\\/urze-ecologica-15x5m\\\/#primaryimage\"},\"image\":{\"@id\":\"https:\\\/\\\/www.jardinartificial.es\\\/pt\\\/comprar\\\/decoracao\\\/cerca-de-urze\\\/urze-ecologica-15x5m\\\/#primaryimage\"},\"thumbnailUrl\":\"https:\\\/\\\/www.jardinartificial.es\\\/wp-content\\\/uploads\\\/2026\\\/01\\\/Brezo-Ecologico-15x5M.jpeg\",\"datePublished\":\"2025-05-02T07:37:51+00:00\",\"dateModified\":\"2026-05-04T19:07:06+00:00\",\"description\":\"Urze ecol\u00f3gica 1,5x5M, ideal para esconder e cobrir. Resistente, f\u00e1cil de instalar e com um acabamento natural para jardins e terra\u00e7os.\",\"breadcrumb\":{\"@id\":\"https:\\\/\\\/www.jardinartificial.es\\\/pt\\\/comprar\\\/decoracao\\\/cerca-de-urze\\\/urze-ecologica-15x5m\\\/#breadcrumb\"},\"inLanguage\":\"pt-PT\",\"potentialAction\":[{\"@type\":\"ReadAction\",\"target\":[\"https:\\\/\\\/www.jardinartificial.es\\\/pt\\\/comprar\\\/decoracao\\\/cerca-de-urze\\\/urze-ecologica-15x5m\\\/\"]}]},{\"@type\":\"ImageObject\",\"inLanguage\":\"pt-PT\",\"@id\":\"https:\\\/\\\/www.jardinartificial.es\\\/pt\\\/comprar\\\/decoracao\\\/cerca-de-urze\\\/urze-ecologica-15x5m\\\/#primaryimage\",\"url\":\"https:\\\/\\\/www.jardinartificial.es\\\/wp-content\\\/uploads\\\/2026\\\/01\\\/Brezo-Ecologico-15x5M.jpeg\",\"contentUrl\":\"https:\\\/\\\/www.jardinartificial.es\\\/wp-content\\\/uploads\\\/2026\\\/01\\\/Brezo-Ecologico-15x5M.jpeg\",\"width\":512,\"height\":384,\"caption\":\"Urze ecol\u00f3gica 1,5x5M\"},{\"@type\":\"BreadcrumbList\",\"@id\":\"https:\\\/\\\/www.jardinartificial.es\\\/pt\\\/comprar\\\/decoracao\\\/cerca-de-urze\\\/urze-ecologica-15x5m\\\/#breadcrumb\",\"itemListElement\":[{\"@type\":\"ListItem\",\"position\":1,\"name\":\"Portada\",\"item\":\"https:\\\/\\\/www.jardinartificial.es\\\/pt\\\/casa\\\/\"},{\"@type\":\"ListItem\",\"position\":2,\"name\":\"Todos os produtos\",\"item\":\"https:\\\/\\\/www.jardinartificial.es\\\/pt-pt\\\/todos-os-produtos\\\/\"},{\"@type\":\"ListItem\",\"position\":3,\"name\":\"Urze ecol\u00f3gica 1,5x5M\"}]},{\"@type\":\"WebSite\",\"@id\":\"https:\\\/\\\/www.jardinartificial.es\\\/pt\\\/#website\",\"url\":\"https:\\\/\\\/www.jardinartificial.es\\\/pt\\\/\",\"name\":\"Jard\u00edn Artificial - Venta de C\u00e9sped Artficial\",\"description\":\"C\u00e9sped Artificial barato al corte\",\"publisher\":{\"@id\":\"https:\\\/\\\/www.jardinartificial.es\\\/pt\\\/#organization\"},\"potentialAction\":[{\"@type\":\"SearchAction\",\"target\":{\"@type\":\"EntryPoint\",\"urlTemplate\":\"https:\\\/\\\/www.jardinartificial.es\\\/pt\\\/?s={search_term_string}\"},\"query-input\":{\"@type\":\"PropertyValueSpecification\",\"valueRequired\":true,\"valueName\":\"search_term_string\"}}],\"inLanguage\":\"pt-PT\"},{\"@type\":\"Organization\",\"@id\":\"https:\\\/\\\/www.jardinartificial.es\\\/pt\\\/#organization\",\"name\":\"Jard\u00edn Artificial\",\"url\":\"https:\\\/\\\/www.jardinartificial.es\\\/pt\\\/\",\"logo\":{\"@type\":\"ImageObject\",\"inLanguage\":\"pt-PT\",\"@id\":\"https:\\\/\\\/www.jardinartificial.es\\\/pt\\\/#\\\/schema\\\/logo\\\/image\\\/\",\"url\":\"https:\\\/\\\/www.jardinartificial.es\\\/wp-content\\\/uploads\\\/2023\\\/03\\\/logotipo.svg\",\"contentUrl\":\"https:\\\/\\\/www.jardinartificial.es\\\/wp-content\\\/uploads\\\/2023\\\/03\\\/logotipo.svg\",\"width\":187,\"height\":53,\"caption\":\"Jard\u00edn Artificial\"},\"image\":{\"@id\":\"https:\\\/\\\/www.jardinartificial.es\\\/pt\\\/#\\\/schema\\\/logo\\\/image\\\/\"}}]}<\/script>\n<!-- \/ Yoast SEO Premium plugin. -->","yoast_head_json":{"title":"Urze ecol\u00f3gica 1,5x5M | Planta Jardin Artificial","description":"Urze ecol\u00f3gica 1,5x5M, ideal para esconder e cobrir. Resistente, f\u00e1cil de instalar e com um acabamento natural para jardins e terra\u00e7os.","robots":{"index":"index","follow":"follow","max-snippet":"max-snippet:-1","max-image-preview":"max-image-preview:large","max-video-preview":"max-video-preview:-1"},"canonical":"https:\/\/www.jardinartificial.es\/pt\/comprar\/decoracao\/cerca-de-urze\/urze-ecologica-15x5m\/","og_locale":"pt_PT","og_type":"article","og_title":"Urze ecol\u00f3gica 1,5x5M","og_description":"Urze ecol\u00f3gica 1,5x5M, ideal para esconder e cobrir. Resistente, f\u00e1cil de instalar e com um acabamento natural para jardins e terra\u00e7os.","og_url":"https:\/\/www.jardinartificial.es\/pt\/comprar\/decoracao\/cerca-de-urze\/urze-ecologica-15x5m\/","og_site_name":"Jardin Artificial","article_modified_time":"2026-05-04T19:07:06+00:00","og_image":[{"width":512,"height":384,"url":"https:\/\/www.jardinartificial.es\/wp-content\/uploads\/2026\/01\/Brezo-Ecologico-15x5M.jpeg","type":"image\/jpeg"}],"twitter_card":"summary_large_image","twitter_misc":{"Tempo estimado de leitura":"1 minuto"},"schema":{"@context":"https:\/\/schema.org","@graph":[{"@type":"WebPage","@id":"https:\/\/www.jardinartificial.es\/pt\/comprar\/decoracao\/cerca-de-urze\/urze-ecologica-15x5m\/","url":"https:\/\/www.jardinartificial.es\/pt\/comprar\/decoracao\/cerca-de-urze\/urze-ecologica-15x5m\/","name":"Urze ecol\u00f3gica 1,5x5M | Planta Jardin Artificial","isPartOf":{"@id":"https:\/\/www.jardinartificial.es\/pt\/#website"},"primaryImageOfPage":{"@id":"https:\/\/www.jardinartificial.es\/pt\/comprar\/decoracao\/cerca-de-urze\/urze-ecologica-15x5m\/#primaryimage"},"image":{"@id":"https:\/\/www.jardinartificial.es\/pt\/comprar\/decoracao\/cerca-de-urze\/urze-ecologica-15x5m\/#primaryimage"},"thumbnailUrl":"https:\/\/www.jardinartificial.es\/wp-content\/uploads\/2026\/01\/Brezo-Ecologico-15x5M.jpeg","datePublished":"2025-05-02T07:37:51+00:00","dateModified":"2026-05-04T19:07:06+00:00","description":"Urze ecol\u00f3gica 1,5x5M, ideal para esconder e cobrir. Resistente, f\u00e1cil de instalar e com um acabamento natural para jardins e terra\u00e7os.","breadcrumb":{"@id":"https:\/\/www.jardinartificial.es\/pt\/comprar\/decoracao\/cerca-de-urze\/urze-ecologica-15x5m\/#breadcrumb"},"inLanguage":"pt-PT","potentialAction":[{"@type":"ReadAction","target":["https:\/\/www.jardinartificial.es\/pt\/comprar\/decoracao\/cerca-de-urze\/urze-ecologica-15x5m\/"]}]},{"@type":"ImageObject","inLanguage":"pt-PT","@id":"https:\/\/www.jardinartificial.es\/pt\/comprar\/decoracao\/cerca-de-urze\/urze-ecologica-15x5m\/#primaryimage","url":"https:\/\/www.jardinartificial.es\/wp-content\/uploads\/2026\/01\/Brezo-Ecologico-15x5M.jpeg","contentUrl":"https:\/\/www.jardinartificial.es\/wp-content\/uploads\/2026\/01\/Brezo-Ecologico-15x5M.jpeg","width":512,"height":384,"caption":"Urze ecol\u00f3gica 1,5x5M"},{"@type":"BreadcrumbList","@id":"https:\/\/www.jardinartificial.es\/pt\/comprar\/decoracao\/cerca-de-urze\/urze-ecologica-15x5m\/#breadcrumb","itemListElement":[{"@type":"ListItem","position":1,"name":"Portada","item":"https:\/\/www.jardinartificial.es\/pt\/casa\/"},{"@type":"ListItem","position":2,"name":"Todos os produtos","item":"https:\/\/www.jardinartificial.es\/pt-pt\/todos-os-produtos\/"},{"@type":"ListItem","position":3,"name":"Urze ecol\u00f3gica 1,5x5M"}]},{"@type":"WebSite","@id":"https:\/\/www.jardinartificial.es\/pt\/#website","url":"https:\/\/www.jardinartificial.es\/pt\/","name":"Jard\u00edn Artificial - Venta de C\u00e9sped Artficial","description":"C\u00e9sped Artificial barato al corte","publisher":{"@id":"https:\/\/www.jardinartificial.es\/pt\/#organization"},"potentialAction":[{"@type":"SearchAction","target":{"@type":"EntryPoint","urlTemplate":"https:\/\/www.jardinartificial.es\/pt\/?s={search_term_string}"},"query-input":{"@type":"PropertyValueSpecification","valueRequired":true,"valueName":"search_term_string"}}],"inLanguage":"pt-PT"},{"@type":"Organization","@id":"https:\/\/www.jardinartificial.es\/pt\/#organization","name":"Jard\u00edn Artificial","url":"https:\/\/www.jardinartificial.es\/pt\/","logo":{"@type":"ImageObject","inLanguage":"pt-PT","@id":"https:\/\/www.jardinartificial.es\/pt\/#\/schema\/logo\/image\/","url":"https:\/\/www.jardinartificial.es\/wp-content\/uploads\/2023\/03\/logotipo.svg","contentUrl":"https:\/\/www.jardinartificial.es\/wp-content\/uploads\/2023\/03\/logotipo.svg","width":187,"height":53,"caption":"Jard\u00edn Artificial"},"image":{"@id":"https:\/\/www.jardinartificial.es\/pt\/#\/schema\/logo\/image\/"}}]}},"_links":{"self":[{"href":"https:\/\/www.jardinartificial.es\/pt\/wp-json\/wp\/v2\/product\/90843","targetHints":{"allow":["GET"]}}],"collection":[{"href":"https:\/\/www.jardinartificial.es\/pt\/wp-json\/wp\/v2\/product"}],"about":[{"href":"https:\/\/www.jardinartificial.es\/pt\/wp-json\/wp\/v2\/types\/product"}],"replies":[{"embeddable":true,"href":"https:\/\/www.jardinartificial.es\/pt\/wp-json\/wp\/v2\/comments?post=90843"}],"wp:featuredmedia":[{"embeddable":true,"href":"https:\/\/www.jardinartificial.es\/pt\/wp-json\/wp\/v2\/media\/100461"}],"wp:attachment":[{"href":"https:\/\/www.jardinartificial.es\/pt\/wp-json\/wp\/v2\/media?parent=90843"}],"wp:term":[{"taxonomy":"product_brand","embeddable":true,"href":"https:\/\/www.jardinartificial.es\/pt\/wp-json\/wp\/v2\/product_brand?post=90843"},{"taxonomy":"product_cat","embeddable":true,"href":"https:\/\/www.jardinartificial.es\/pt\/wp-json\/wp\/v2\/product_cat?post=90843"},{"taxonomy":"product_tag","embeddable":true,"href":"https:\/\/www.jardinartificial.es\/pt\/wp-json\/wp\/v2\/product_tag?post=90843"}],"curies":[{"name":"wp","href":"https:\/\/api.w.org\/{rel}","templated":true}]}}