{"id":90751,"date":"2025-05-02T09:38:51","date_gmt":"2025-05-02T07:38:51","guid":{"rendered":"https:\/\/www.jardinartificial.es\/?post_type=product&#038;p=90751"},"modified":"2026-05-08T07:18:55","modified_gmt":"2026-05-08T05:18:55","slug":"tela-fina-de-bambu-chines-1x5m","status":"publish","type":"product","link":"https:\/\/www.jardinartificial.es\/pt\/comprar\/decoracao\/cerca-de-urze\/tela-fina-de-bambu-chines-1x5m\/","title":{"rendered":"Tela fina de bambu chin\u00eas 1x5M"},"content":{"rendered":"","protected":false},"excerpt":{"rendered":"<p><strong>Tela fina de bambu chin\u00eas 1x5M<\/strong><\/p>\n<p class=\"\" data-start=\"0\" data-end=\"439\"><strong>O bambu fino descascado<\/strong> \u00e9 a escolha ideal para quem procura um material natural, dur\u00e1vel e elegante para projectos de oculta\u00e7\u00e3o e decora\u00e7\u00e3o. Com a sua textura fina e suave, oferece um aspeto \u00fanico, perfeito para aqueles que querem linhas limpas e sofisticadas nos seus espa\u00e7os. Al\u00e9m disso, o bambu fino descascado \u00e9 f\u00e1cil de trabalhar e \u00e9 adequado para uma variedade de aplica\u00e7\u00f5es, tais como revestimento de paredes, tectos, pavimentos ou elementos estruturais.  <\/p>\n<p class=\"\" data-start=\"441\" data-end=\"735\">Este produto natural \u00e9 perfeito para a privacidade, a prote\u00e7\u00e3o ou a sombra em qualquer espa\u00e7o. Tecido com arame de qualidade revestido a pl\u00e1stico, com um espa\u00e7amento de 10 cm entre os fios, o bambu fino descascado garante durabilidade e resist\u00eancia, assegurando um resultado impec\u00e1vel. <\/p>\n<p class=\"\" data-start=\"737\" data-end=\"940\">Descobre as muitas possibilidades que o bambu descascado fino te pode oferecer e transforma a tua casa ou o teu jardim com um toque natural e original. Faz dos teus projectos um sucesso com o nosso bambu descascado fino! <\/p>\n","protected":false},"featured_media":100517,"comment_status":"open","ping_status":"closed","template":"","meta":{"_acf_changed":false},"product_brand":[],"product_cat":[847,846],"product_tag":[987],"class_list":{"0":"post-90751","1":"product","2":"type-product","3":"status-publish","4":"has-post-thumbnail","6":"product_cat-cerca-de-urze","7":"product_cat-decoracao","8":"product_tag-pt-2","9":"product_shipping_class-estandar-pt","10":"sales-flash-overlay","11":"woocommerce-text-align-center","12":"woocommerce-image-align-center","13":"do-quantity-buttons","14":"wc-has-gallery","16":"first","17":"outofstock","18":"sale","19":"taxable","20":"shipping-taxable","21":"purchasable","22":"product-type-simple"},"acf":{"":""},"gallery_images":[100227,100228],"yoast_head":"<!-- This site is optimized with the Yoast SEO Premium plugin v27.6 (Yoast SEO v27.6) - https:\/\/yoast.com\/product\/yoast-seo-premium-wordpress\/ -->\n<title>Tela fina de bambu chin\u00eas 1x5M | Planta Jardin Artificial<\/title>\n<meta name=\"description\" content=\"Bambu descascado fino, natural, resistente e decorativo, 1x5m. Ideal para esconder, sombrear ou revestir interiores e exteriores. F\u00e1cil de instalar.\" \/>\n<meta name=\"robots\" content=\"index, follow, max-snippet:-1, max-image-preview:large, max-video-preview:-1\" \/>\n<link rel=\"canonical\" href=\"https:\/\/www.jardinartificial.es\/pt\/comprar\/decoracao\/cerca-de-urze\/tela-fina-de-bambu-chines-1x5m\/\" \/>\n<meta property=\"og:locale\" content=\"pt_PT\" \/>\n<meta property=\"og:type\" content=\"article\" \/>\n<meta property=\"og:title\" content=\"Tela fina de bambu chin\u00eas 1x5M\" \/>\n<meta property=\"og:description\" content=\"Bambu descascado fino, natural, resistente e decorativo, 1x5m. Ideal para esconder, sombrear ou revestir interiores e exteriores. F\u00e1cil de instalar.\" \/>\n<meta property=\"og:url\" content=\"https:\/\/www.jardinartificial.es\/pt\/comprar\/decoracao\/cerca-de-urze\/tela-fina-de-bambu-chines-1x5m\/\" \/>\n<meta property=\"og:site_name\" content=\"Jardin Artificial\" \/>\n<meta property=\"article:modified_time\" content=\"2026-05-08T05:18:55+00:00\" \/>\n<meta property=\"og:image\" content=\"https:\/\/www.jardinartificial.es\/wp-content\/uploads\/2026\/01\/Canizo-Bambu-Fino-Chino-1x5M.png\" \/>\n\t<meta property=\"og:image:width\" content=\"600\" \/>\n\t<meta property=\"og:image:height\" content=\"399\" \/>\n\t<meta property=\"og:image:type\" content=\"image\/png\" \/>\n<meta name=\"twitter:card\" content=\"summary_large_image\" \/>\n<meta name=\"twitter:label1\" content=\"Tempo estimado de leitura\" \/>\n\t<meta name=\"twitter:data1\" content=\"1 minuto\" \/>\n<script type=\"application\/ld+json\" class=\"yoast-schema-graph\">{\"@context\":\"https:\\\/\\\/schema.org\",\"@graph\":[{\"@type\":\"WebPage\",\"@id\":\"https:\\\/\\\/www.jardinartificial.es\\\/pt\\\/comprar\\\/decoracao\\\/cerca-de-urze\\\/tela-fina-de-bambu-chines-1x5m\\\/\",\"url\":\"https:\\\/\\\/www.jardinartificial.es\\\/pt\\\/comprar\\\/decoracao\\\/cerca-de-urze\\\/tela-fina-de-bambu-chines-1x5m\\\/\",\"name\":\"Tela fina de bambu chin\u00eas 1x5M | Planta Jardin Artificial\",\"isPartOf\":{\"@id\":\"https:\\\/\\\/www.jardinartificial.es\\\/pt\\\/#website\"},\"primaryImageOfPage\":{\"@id\":\"https:\\\/\\\/www.jardinartificial.es\\\/pt\\\/comprar\\\/decoracao\\\/cerca-de-urze\\\/tela-fina-de-bambu-chines-1x5m\\\/#primaryimage\"},\"image\":{\"@id\":\"https:\\\/\\\/www.jardinartificial.es\\\/pt\\\/comprar\\\/decoracao\\\/cerca-de-urze\\\/tela-fina-de-bambu-chines-1x5m\\\/#primaryimage\"},\"thumbnailUrl\":\"https:\\\/\\\/www.jardinartificial.es\\\/wp-content\\\/uploads\\\/2026\\\/01\\\/Canizo-Bambu-Fino-Chino-1x5M.png\",\"datePublished\":\"2025-05-02T07:38:51+00:00\",\"dateModified\":\"2026-05-08T05:18:55+00:00\",\"description\":\"Bambu descascado fino, natural, resistente e decorativo, 1x5m. Ideal para esconder, sombrear ou revestir interiores e exteriores. F\u00e1cil de instalar.\",\"breadcrumb\":{\"@id\":\"https:\\\/\\\/www.jardinartificial.es\\\/pt\\\/comprar\\\/decoracao\\\/cerca-de-urze\\\/tela-fina-de-bambu-chines-1x5m\\\/#breadcrumb\"},\"inLanguage\":\"pt-PT\",\"potentialAction\":[{\"@type\":\"ReadAction\",\"target\":[\"https:\\\/\\\/www.jardinartificial.es\\\/pt\\\/comprar\\\/decoracao\\\/cerca-de-urze\\\/tela-fina-de-bambu-chines-1x5m\\\/\"]}]},{\"@type\":\"ImageObject\",\"inLanguage\":\"pt-PT\",\"@id\":\"https:\\\/\\\/www.jardinartificial.es\\\/pt\\\/comprar\\\/decoracao\\\/cerca-de-urze\\\/tela-fina-de-bambu-chines-1x5m\\\/#primaryimage\",\"url\":\"https:\\\/\\\/www.jardinartificial.es\\\/wp-content\\\/uploads\\\/2026\\\/01\\\/Canizo-Bambu-Fino-Chino-1x5M.png\",\"contentUrl\":\"https:\\\/\\\/www.jardinartificial.es\\\/wp-content\\\/uploads\\\/2026\\\/01\\\/Canizo-Bambu-Fino-Chino-1x5M.png\",\"width\":600,\"height\":399,\"caption\":\"Tela fina de bambu chin\u00eas 1x5M\"},{\"@type\":\"BreadcrumbList\",\"@id\":\"https:\\\/\\\/www.jardinartificial.es\\\/pt\\\/comprar\\\/decoracao\\\/cerca-de-urze\\\/tela-fina-de-bambu-chines-1x5m\\\/#breadcrumb\",\"itemListElement\":[{\"@type\":\"ListItem\",\"position\":1,\"name\":\"Portada\",\"item\":\"https:\\\/\\\/www.jardinartificial.es\\\/pt\\\/casa\\\/\"},{\"@type\":\"ListItem\",\"position\":2,\"name\":\"Todos os produtos\",\"item\":\"https:\\\/\\\/www.jardinartificial.es\\\/pt-pt\\\/todos-os-produtos\\\/\"},{\"@type\":\"ListItem\",\"position\":3,\"name\":\"Tela fina de bambu chin\u00eas 1x5M\"}]},{\"@type\":\"WebSite\",\"@id\":\"https:\\\/\\\/www.jardinartificial.es\\\/pt\\\/#website\",\"url\":\"https:\\\/\\\/www.jardinartificial.es\\\/pt\\\/\",\"name\":\"Jard\u00edn Artificial - Venta de C\u00e9sped Artficial\",\"description\":\"C\u00e9sped Artificial barato al corte\",\"publisher\":{\"@id\":\"https:\\\/\\\/www.jardinartificial.es\\\/pt\\\/#organization\"},\"potentialAction\":[{\"@type\":\"SearchAction\",\"target\":{\"@type\":\"EntryPoint\",\"urlTemplate\":\"https:\\\/\\\/www.jardinartificial.es\\\/pt\\\/?s={search_term_string}\"},\"query-input\":{\"@type\":\"PropertyValueSpecification\",\"valueRequired\":true,\"valueName\":\"search_term_string\"}}],\"inLanguage\":\"pt-PT\"},{\"@type\":\"Organization\",\"@id\":\"https:\\\/\\\/www.jardinartificial.es\\\/pt\\\/#organization\",\"name\":\"Jard\u00edn Artificial\",\"url\":\"https:\\\/\\\/www.jardinartificial.es\\\/pt\\\/\",\"logo\":{\"@type\":\"ImageObject\",\"inLanguage\":\"pt-PT\",\"@id\":\"https:\\\/\\\/www.jardinartificial.es\\\/pt\\\/#\\\/schema\\\/logo\\\/image\\\/\",\"url\":\"https:\\\/\\\/www.jardinartificial.es\\\/wp-content\\\/uploads\\\/2023\\\/03\\\/logotipo.svg\",\"contentUrl\":\"https:\\\/\\\/www.jardinartificial.es\\\/wp-content\\\/uploads\\\/2023\\\/03\\\/logotipo.svg\",\"width\":187,\"height\":53,\"caption\":\"Jard\u00edn Artificial\"},\"image\":{\"@id\":\"https:\\\/\\\/www.jardinartificial.es\\\/pt\\\/#\\\/schema\\\/logo\\\/image\\\/\"}}]}<\/script>\n<!-- \/ Yoast SEO Premium plugin. -->","yoast_head_json":{"title":"Tela fina de bambu chin\u00eas 1x5M | Planta Jardin Artificial","description":"Bambu descascado fino, natural, resistente e decorativo, 1x5m. Ideal para esconder, sombrear ou revestir interiores e exteriores. F\u00e1cil de instalar.","robots":{"index":"index","follow":"follow","max-snippet":"max-snippet:-1","max-image-preview":"max-image-preview:large","max-video-preview":"max-video-preview:-1"},"canonical":"https:\/\/www.jardinartificial.es\/pt\/comprar\/decoracao\/cerca-de-urze\/tela-fina-de-bambu-chines-1x5m\/","og_locale":"pt_PT","og_type":"article","og_title":"Tela fina de bambu chin\u00eas 1x5M","og_description":"Bambu descascado fino, natural, resistente e decorativo, 1x5m. Ideal para esconder, sombrear ou revestir interiores e exteriores. F\u00e1cil de instalar.","og_url":"https:\/\/www.jardinartificial.es\/pt\/comprar\/decoracao\/cerca-de-urze\/tela-fina-de-bambu-chines-1x5m\/","og_site_name":"Jardin Artificial","article_modified_time":"2026-05-08T05:18:55+00:00","og_image":[{"width":600,"height":399,"url":"https:\/\/www.jardinartificial.es\/wp-content\/uploads\/2026\/01\/Canizo-Bambu-Fino-Chino-1x5M.png","type":"image\/png"}],"twitter_card":"summary_large_image","twitter_misc":{"Tempo estimado de leitura":"1 minuto"},"schema":{"@context":"https:\/\/schema.org","@graph":[{"@type":"WebPage","@id":"https:\/\/www.jardinartificial.es\/pt\/comprar\/decoracao\/cerca-de-urze\/tela-fina-de-bambu-chines-1x5m\/","url":"https:\/\/www.jardinartificial.es\/pt\/comprar\/decoracao\/cerca-de-urze\/tela-fina-de-bambu-chines-1x5m\/","name":"Tela fina de bambu chin\u00eas 1x5M | Planta Jardin Artificial","isPartOf":{"@id":"https:\/\/www.jardinartificial.es\/pt\/#website"},"primaryImageOfPage":{"@id":"https:\/\/www.jardinartificial.es\/pt\/comprar\/decoracao\/cerca-de-urze\/tela-fina-de-bambu-chines-1x5m\/#primaryimage"},"image":{"@id":"https:\/\/www.jardinartificial.es\/pt\/comprar\/decoracao\/cerca-de-urze\/tela-fina-de-bambu-chines-1x5m\/#primaryimage"},"thumbnailUrl":"https:\/\/www.jardinartificial.es\/wp-content\/uploads\/2026\/01\/Canizo-Bambu-Fino-Chino-1x5M.png","datePublished":"2025-05-02T07:38:51+00:00","dateModified":"2026-05-08T05:18:55+00:00","description":"Bambu descascado fino, natural, resistente e decorativo, 1x5m. Ideal para esconder, sombrear ou revestir interiores e exteriores. F\u00e1cil de instalar.","breadcrumb":{"@id":"https:\/\/www.jardinartificial.es\/pt\/comprar\/decoracao\/cerca-de-urze\/tela-fina-de-bambu-chines-1x5m\/#breadcrumb"},"inLanguage":"pt-PT","potentialAction":[{"@type":"ReadAction","target":["https:\/\/www.jardinartificial.es\/pt\/comprar\/decoracao\/cerca-de-urze\/tela-fina-de-bambu-chines-1x5m\/"]}]},{"@type":"ImageObject","inLanguage":"pt-PT","@id":"https:\/\/www.jardinartificial.es\/pt\/comprar\/decoracao\/cerca-de-urze\/tela-fina-de-bambu-chines-1x5m\/#primaryimage","url":"https:\/\/www.jardinartificial.es\/wp-content\/uploads\/2026\/01\/Canizo-Bambu-Fino-Chino-1x5M.png","contentUrl":"https:\/\/www.jardinartificial.es\/wp-content\/uploads\/2026\/01\/Canizo-Bambu-Fino-Chino-1x5M.png","width":600,"height":399,"caption":"Tela fina de bambu chin\u00eas 1x5M"},{"@type":"BreadcrumbList","@id":"https:\/\/www.jardinartificial.es\/pt\/comprar\/decoracao\/cerca-de-urze\/tela-fina-de-bambu-chines-1x5m\/#breadcrumb","itemListElement":[{"@type":"ListItem","position":1,"name":"Portada","item":"https:\/\/www.jardinartificial.es\/pt\/casa\/"},{"@type":"ListItem","position":2,"name":"Todos os produtos","item":"https:\/\/www.jardinartificial.es\/pt-pt\/todos-os-produtos\/"},{"@type":"ListItem","position":3,"name":"Tela fina de bambu chin\u00eas 1x5M"}]},{"@type":"WebSite","@id":"https:\/\/www.jardinartificial.es\/pt\/#website","url":"https:\/\/www.jardinartificial.es\/pt\/","name":"Jard\u00edn Artificial - Venta de C\u00e9sped Artficial","description":"C\u00e9sped Artificial barato al corte","publisher":{"@id":"https:\/\/www.jardinartificial.es\/pt\/#organization"},"potentialAction":[{"@type":"SearchAction","target":{"@type":"EntryPoint","urlTemplate":"https:\/\/www.jardinartificial.es\/pt\/?s={search_term_string}"},"query-input":{"@type":"PropertyValueSpecification","valueRequired":true,"valueName":"search_term_string"}}],"inLanguage":"pt-PT"},{"@type":"Organization","@id":"https:\/\/www.jardinartificial.es\/pt\/#organization","name":"Jard\u00edn Artificial","url":"https:\/\/www.jardinartificial.es\/pt\/","logo":{"@type":"ImageObject","inLanguage":"pt-PT","@id":"https:\/\/www.jardinartificial.es\/pt\/#\/schema\/logo\/image\/","url":"https:\/\/www.jardinartificial.es\/wp-content\/uploads\/2023\/03\/logotipo.svg","contentUrl":"https:\/\/www.jardinartificial.es\/wp-content\/uploads\/2023\/03\/logotipo.svg","width":187,"height":53,"caption":"Jard\u00edn Artificial"},"image":{"@id":"https:\/\/www.jardinartificial.es\/pt\/#\/schema\/logo\/image\/"}}]}},"_links":{"self":[{"href":"https:\/\/www.jardinartificial.es\/pt\/wp-json\/wp\/v2\/product\/90751","targetHints":{"allow":["GET"]}}],"collection":[{"href":"https:\/\/www.jardinartificial.es\/pt\/wp-json\/wp\/v2\/product"}],"about":[{"href":"https:\/\/www.jardinartificial.es\/pt\/wp-json\/wp\/v2\/types\/product"}],"replies":[{"embeddable":true,"href":"https:\/\/www.jardinartificial.es\/pt\/wp-json\/wp\/v2\/comments?post=90751"}],"wp:featuredmedia":[{"embeddable":true,"href":"https:\/\/www.jardinartificial.es\/pt\/wp-json\/wp\/v2\/media\/100517"}],"wp:attachment":[{"href":"https:\/\/www.jardinartificial.es\/pt\/wp-json\/wp\/v2\/media?parent=90751"}],"wp:term":[{"taxonomy":"product_brand","embeddable":true,"href":"https:\/\/www.jardinartificial.es\/pt\/wp-json\/wp\/v2\/product_brand?post=90751"},{"taxonomy":"product_cat","embeddable":true,"href":"https:\/\/www.jardinartificial.es\/pt\/wp-json\/wp\/v2\/product_cat?post=90751"},{"taxonomy":"product_tag","embeddable":true,"href":"https:\/\/www.jardinartificial.es\/pt\/wp-json\/wp\/v2\/product_tag?post=90751"}],"curies":[{"name":"wp","href":"https:\/\/api.w.org\/{rel}","templated":true}]}}