{"id":90730,"date":"2025-04-29T12:08:02","date_gmt":"2025-04-29T10:08:02","guid":{"rendered":"https:\/\/www.jardinartificial.es\/?post_type=product&#038;p=90730"},"modified":"2026-05-04T21:06:45","modified_gmt":"2026-05-04T19:06:45","slug":"buly-40-com-bateria-solar","status":"publish","type":"product","link":"https:\/\/www.jardinartificial.es\/pt\/comprar\/decoracao\/buly-40-com-bateria-solar\/","title":{"rendered":"Buly 40 com bateria solar"},"content":{"rendered":"","protected":false},"excerpt":{"rendered":"<p><strong>Buly 40 com bateria solar<\/strong><\/p>\n<p>BULY 40: candeeiro esf\u00e9rico dispon\u00edvel em diferentes tamanhos e acabamentos, ideal para combinar com as outras gamas b\u00e1sicas. <\/p>\n<p>A sua bateria de l\u00edtio permite-lhe funcionar durante mais de 6 horas. Al\u00e9m disso, podes desfrutar de uma vasta gama de cores gra\u00e7as ao seu sistema LED RGB. <\/p>\n<p>Produto fabricado em polietileno, pelo que s\u00e3o leves e muito resistentes a temperaturas extremas. Tamb\u00e9m est\u00e3o protegidos contra os raios UV, o que faz com que a vida \u00fatil do produto seja extraordinariamente longa. <\/p>\n","protected":false},"featured_media":100500,"comment_status":"open","ping_status":"closed","template":"","meta":{"_acf_changed":false},"product_brand":[],"product_cat":[846,849],"product_tag":[987],"class_list":{"0":"post-90730","1":"product","2":"type-product","3":"status-publish","4":"has-post-thumbnail","6":"product_cat-decoracao","7":"product_cat-iluminacao","8":"product_tag-pt-2","9":"product_shipping_class-estandar-pt","10":"sales-flash-overlay","11":"woocommerce-text-align-center","12":"woocommerce-image-align-center","13":"do-quantity-buttons","14":"wc-has-gallery","16":"first","17":"instock","18":"sale","19":"taxable","20":"shipping-taxable","21":"purchasable","22":"product-type-simple"},"acf":{"":""},"gallery_images":[100217,100218],"yoast_head":"<!-- This site is optimized with the Yoast SEO Premium plugin v27.4 (Yoast SEO v27.4) - https:\/\/yoast.com\/product\/yoast-seo-premium-wordpress\/ -->\n<title>Buly 40 com bateria solar | Planta Jardin Artificial<\/title>\n<meta name=\"description\" content=\"L\u00e2mpada esf\u00e9rica Buly 40 Solar + Bateria com LED RGB, bateria de l\u00edtio com 6 horas de autonomia. Resistente, leve e perfeito para interiores e exteriores.\" \/>\n<meta name=\"robots\" content=\"index, follow, max-snippet:-1, max-image-preview:large, max-video-preview:-1\" \/>\n<link rel=\"canonical\" href=\"https:\/\/www.jardinartificial.es\/pt\/comprar\/decoracao\/buly-40-com-bateria-solar\/\" \/>\n<meta property=\"og:locale\" content=\"pt_PT\" \/>\n<meta property=\"og:type\" content=\"article\" \/>\n<meta property=\"og:title\" content=\"Buly 40 com bateria solar\" \/>\n<meta property=\"og:description\" content=\"L\u00e2mpada esf\u00e9rica Buly 40 Solar + Bateria com LED RGB, bateria de l\u00edtio com 6 horas de autonomia. Resistente, leve e perfeito para interiores e exteriores.\" \/>\n<meta property=\"og:url\" content=\"https:\/\/www.jardinartificial.es\/pt\/comprar\/decoracao\/buly-40-com-bateria-solar\/\" \/>\n<meta property=\"og:site_name\" content=\"Jardin Artificial\" \/>\n<meta property=\"article:modified_time\" content=\"2026-05-04T19:06:45+00:00\" \/>\n<meta property=\"og:image\" content=\"https:\/\/www.jardinartificial.es\/wp-content\/uploads\/2026\/01\/Buly-40-con-Bateria-Solar.jpeg\" \/>\n\t<meta property=\"og:image:width\" content=\"1000\" \/>\n\t<meta property=\"og:image:height\" content=\"1000\" \/>\n\t<meta property=\"og:image:type\" content=\"image\/jpeg\" \/>\n<meta name=\"twitter:card\" content=\"summary_large_image\" \/>\n<meta name=\"twitter:label1\" content=\"Tempo estimado de leitura\" \/>\n\t<meta name=\"twitter:data1\" content=\"1 minuto\" \/>\n<script type=\"application\/ld+json\" class=\"yoast-schema-graph\">{\"@context\":\"https:\\\/\\\/schema.org\",\"@graph\":[{\"@type\":\"WebPage\",\"@id\":\"https:\\\/\\\/www.jardinartificial.es\\\/pt\\\/comprar\\\/decoracao\\\/buly-40-com-bateria-solar\\\/\",\"url\":\"https:\\\/\\\/www.jardinartificial.es\\\/pt\\\/comprar\\\/decoracao\\\/buly-40-com-bateria-solar\\\/\",\"name\":\"Buly 40 com bateria solar | Planta Jardin Artificial\",\"isPartOf\":{\"@id\":\"https:\\\/\\\/www.jardinartificial.es\\\/pt\\\/#website\"},\"primaryImageOfPage\":{\"@id\":\"https:\\\/\\\/www.jardinartificial.es\\\/pt\\\/comprar\\\/decoracao\\\/buly-40-com-bateria-solar\\\/#primaryimage\"},\"image\":{\"@id\":\"https:\\\/\\\/www.jardinartificial.es\\\/pt\\\/comprar\\\/decoracao\\\/buly-40-com-bateria-solar\\\/#primaryimage\"},\"thumbnailUrl\":\"https:\\\/\\\/www.jardinartificial.es\\\/wp-content\\\/uploads\\\/2026\\\/01\\\/Buly-40-con-Bateria-Solar.jpeg\",\"datePublished\":\"2025-04-29T10:08:02+00:00\",\"dateModified\":\"2026-05-04T19:06:45+00:00\",\"description\":\"L\u00e2mpada esf\u00e9rica Buly 40 Solar + Bateria com LED RGB, bateria de l\u00edtio com 6 horas de autonomia. Resistente, leve e perfeito para interiores e exteriores.\",\"breadcrumb\":{\"@id\":\"https:\\\/\\\/www.jardinartificial.es\\\/pt\\\/comprar\\\/decoracao\\\/buly-40-com-bateria-solar\\\/#breadcrumb\"},\"inLanguage\":\"pt-PT\",\"potentialAction\":[{\"@type\":\"ReadAction\",\"target\":[\"https:\\\/\\\/www.jardinartificial.es\\\/pt\\\/comprar\\\/decoracao\\\/buly-40-com-bateria-solar\\\/\"]}]},{\"@type\":\"ImageObject\",\"inLanguage\":\"pt-PT\",\"@id\":\"https:\\\/\\\/www.jardinartificial.es\\\/pt\\\/comprar\\\/decoracao\\\/buly-40-com-bateria-solar\\\/#primaryimage\",\"url\":\"https:\\\/\\\/www.jardinartificial.es\\\/wp-content\\\/uploads\\\/2026\\\/01\\\/Buly-40-con-Bateria-Solar.jpeg\",\"contentUrl\":\"https:\\\/\\\/www.jardinartificial.es\\\/wp-content\\\/uploads\\\/2026\\\/01\\\/Buly-40-con-Bateria-Solar.jpeg\",\"width\":1000,\"height\":1000,\"caption\":\"Buly 40 con Bater\u00eda Solar\"},{\"@type\":\"BreadcrumbList\",\"@id\":\"https:\\\/\\\/www.jardinartificial.es\\\/pt\\\/comprar\\\/decoracao\\\/buly-40-com-bateria-solar\\\/#breadcrumb\",\"itemListElement\":[{\"@type\":\"ListItem\",\"position\":1,\"name\":\"Portada\",\"item\":\"https:\\\/\\\/www.jardinartificial.es\\\/pt\\\/\"},{\"@type\":\"ListItem\",\"position\":2,\"name\":\"Todos os produtos\",\"item\":\"https:\\\/\\\/www.jardinartificial.es\\\/pt-pt\\\/todos-os-produtos\\\/\"},{\"@type\":\"ListItem\",\"position\":3,\"name\":\"Buly 40 com bateria solar\"}]},{\"@type\":\"WebSite\",\"@id\":\"https:\\\/\\\/www.jardinartificial.es\\\/pt\\\/#website\",\"url\":\"https:\\\/\\\/www.jardinartificial.es\\\/pt\\\/\",\"name\":\"Jard\u00edn Artificial - Venta de C\u00e9sped Artficial\",\"description\":\"C\u00e9sped Artificial barato al corte\",\"publisher\":{\"@id\":\"https:\\\/\\\/www.jardinartificial.es\\\/pt\\\/#organization\"},\"potentialAction\":[{\"@type\":\"SearchAction\",\"target\":{\"@type\":\"EntryPoint\",\"urlTemplate\":\"https:\\\/\\\/www.jardinartificial.es\\\/pt\\\/?s={search_term_string}\"},\"query-input\":{\"@type\":\"PropertyValueSpecification\",\"valueRequired\":true,\"valueName\":\"search_term_string\"}}],\"inLanguage\":\"pt-PT\"},{\"@type\":\"Organization\",\"@id\":\"https:\\\/\\\/www.jardinartificial.es\\\/pt\\\/#organization\",\"name\":\"Jard\u00edn Artificial\",\"url\":\"https:\\\/\\\/www.jardinartificial.es\\\/pt\\\/\",\"logo\":{\"@type\":\"ImageObject\",\"inLanguage\":\"pt-PT\",\"@id\":\"https:\\\/\\\/www.jardinartificial.es\\\/pt\\\/#\\\/schema\\\/logo\\\/image\\\/\",\"url\":\"https:\\\/\\\/www.jardinartificial.es\\\/wp-content\\\/uploads\\\/2023\\\/03\\\/logotipo.svg\",\"contentUrl\":\"https:\\\/\\\/www.jardinartificial.es\\\/wp-content\\\/uploads\\\/2023\\\/03\\\/logotipo.svg\",\"width\":187,\"height\":53,\"caption\":\"Jard\u00edn Artificial\"},\"image\":{\"@id\":\"https:\\\/\\\/www.jardinartificial.es\\\/pt\\\/#\\\/schema\\\/logo\\\/image\\\/\"}}]}<\/script>\n<!-- \/ Yoast SEO Premium plugin. -->","yoast_head_json":{"title":"Buly 40 com bateria solar | Planta Jardin Artificial","description":"L\u00e2mpada esf\u00e9rica Buly 40 Solar + Bateria com LED RGB, bateria de l\u00edtio com 6 horas de autonomia. Resistente, leve e perfeito para interiores e exteriores.","robots":{"index":"index","follow":"follow","max-snippet":"max-snippet:-1","max-image-preview":"max-image-preview:large","max-video-preview":"max-video-preview:-1"},"canonical":"https:\/\/www.jardinartificial.es\/pt\/comprar\/decoracao\/buly-40-com-bateria-solar\/","og_locale":"pt_PT","og_type":"article","og_title":"Buly 40 com bateria solar","og_description":"L\u00e2mpada esf\u00e9rica Buly 40 Solar + Bateria com LED RGB, bateria de l\u00edtio com 6 horas de autonomia. Resistente, leve e perfeito para interiores e exteriores.","og_url":"https:\/\/www.jardinartificial.es\/pt\/comprar\/decoracao\/buly-40-com-bateria-solar\/","og_site_name":"Jardin Artificial","article_modified_time":"2026-05-04T19:06:45+00:00","og_image":[{"width":1000,"height":1000,"url":"https:\/\/www.jardinartificial.es\/wp-content\/uploads\/2026\/01\/Buly-40-con-Bateria-Solar.jpeg","type":"image\/jpeg"}],"twitter_card":"summary_large_image","twitter_misc":{"Tempo estimado de leitura":"1 minuto"},"schema":{"@context":"https:\/\/schema.org","@graph":[{"@type":"WebPage","@id":"https:\/\/www.jardinartificial.es\/pt\/comprar\/decoracao\/buly-40-com-bateria-solar\/","url":"https:\/\/www.jardinartificial.es\/pt\/comprar\/decoracao\/buly-40-com-bateria-solar\/","name":"Buly 40 com bateria solar | Planta Jardin Artificial","isPartOf":{"@id":"https:\/\/www.jardinartificial.es\/pt\/#website"},"primaryImageOfPage":{"@id":"https:\/\/www.jardinartificial.es\/pt\/comprar\/decoracao\/buly-40-com-bateria-solar\/#primaryimage"},"image":{"@id":"https:\/\/www.jardinartificial.es\/pt\/comprar\/decoracao\/buly-40-com-bateria-solar\/#primaryimage"},"thumbnailUrl":"https:\/\/www.jardinartificial.es\/wp-content\/uploads\/2026\/01\/Buly-40-con-Bateria-Solar.jpeg","datePublished":"2025-04-29T10:08:02+00:00","dateModified":"2026-05-04T19:06:45+00:00","description":"L\u00e2mpada esf\u00e9rica Buly 40 Solar + Bateria com LED RGB, bateria de l\u00edtio com 6 horas de autonomia. Resistente, leve e perfeito para interiores e exteriores.","breadcrumb":{"@id":"https:\/\/www.jardinartificial.es\/pt\/comprar\/decoracao\/buly-40-com-bateria-solar\/#breadcrumb"},"inLanguage":"pt-PT","potentialAction":[{"@type":"ReadAction","target":["https:\/\/www.jardinartificial.es\/pt\/comprar\/decoracao\/buly-40-com-bateria-solar\/"]}]},{"@type":"ImageObject","inLanguage":"pt-PT","@id":"https:\/\/www.jardinartificial.es\/pt\/comprar\/decoracao\/buly-40-com-bateria-solar\/#primaryimage","url":"https:\/\/www.jardinartificial.es\/wp-content\/uploads\/2026\/01\/Buly-40-con-Bateria-Solar.jpeg","contentUrl":"https:\/\/www.jardinartificial.es\/wp-content\/uploads\/2026\/01\/Buly-40-con-Bateria-Solar.jpeg","width":1000,"height":1000,"caption":"Buly 40 con Bater\u00eda Solar"},{"@type":"BreadcrumbList","@id":"https:\/\/www.jardinartificial.es\/pt\/comprar\/decoracao\/buly-40-com-bateria-solar\/#breadcrumb","itemListElement":[{"@type":"ListItem","position":1,"name":"Portada","item":"https:\/\/www.jardinartificial.es\/pt\/"},{"@type":"ListItem","position":2,"name":"Todos os produtos","item":"https:\/\/www.jardinartificial.es\/pt-pt\/todos-os-produtos\/"},{"@type":"ListItem","position":3,"name":"Buly 40 com bateria solar"}]},{"@type":"WebSite","@id":"https:\/\/www.jardinartificial.es\/pt\/#website","url":"https:\/\/www.jardinartificial.es\/pt\/","name":"Jard\u00edn Artificial - Venta de C\u00e9sped Artficial","description":"C\u00e9sped Artificial barato al corte","publisher":{"@id":"https:\/\/www.jardinartificial.es\/pt\/#organization"},"potentialAction":[{"@type":"SearchAction","target":{"@type":"EntryPoint","urlTemplate":"https:\/\/www.jardinartificial.es\/pt\/?s={search_term_string}"},"query-input":{"@type":"PropertyValueSpecification","valueRequired":true,"valueName":"search_term_string"}}],"inLanguage":"pt-PT"},{"@type":"Organization","@id":"https:\/\/www.jardinartificial.es\/pt\/#organization","name":"Jard\u00edn Artificial","url":"https:\/\/www.jardinartificial.es\/pt\/","logo":{"@type":"ImageObject","inLanguage":"pt-PT","@id":"https:\/\/www.jardinartificial.es\/pt\/#\/schema\/logo\/image\/","url":"https:\/\/www.jardinartificial.es\/wp-content\/uploads\/2023\/03\/logotipo.svg","contentUrl":"https:\/\/www.jardinartificial.es\/wp-content\/uploads\/2023\/03\/logotipo.svg","width":187,"height":53,"caption":"Jard\u00edn Artificial"},"image":{"@id":"https:\/\/www.jardinartificial.es\/pt\/#\/schema\/logo\/image\/"}}]}},"_links":{"self":[{"href":"https:\/\/www.jardinartificial.es\/pt\/wp-json\/wp\/v2\/product\/90730","targetHints":{"allow":["GET"]}}],"collection":[{"href":"https:\/\/www.jardinartificial.es\/pt\/wp-json\/wp\/v2\/product"}],"about":[{"href":"https:\/\/www.jardinartificial.es\/pt\/wp-json\/wp\/v2\/types\/product"}],"replies":[{"embeddable":true,"href":"https:\/\/www.jardinartificial.es\/pt\/wp-json\/wp\/v2\/comments?post=90730"}],"wp:featuredmedia":[{"embeddable":true,"href":"https:\/\/www.jardinartificial.es\/pt\/wp-json\/wp\/v2\/media\/100500"}],"wp:attachment":[{"href":"https:\/\/www.jardinartificial.es\/pt\/wp-json\/wp\/v2\/media?parent=90730"}],"wp:term":[{"taxonomy":"product_brand","embeddable":true,"href":"https:\/\/www.jardinartificial.es\/pt\/wp-json\/wp\/v2\/product_brand?post=90730"},{"taxonomy":"product_cat","embeddable":true,"href":"https:\/\/www.jardinartificial.es\/pt\/wp-json\/wp\/v2\/product_cat?post=90730"},{"taxonomy":"product_tag","embeddable":true,"href":"https:\/\/www.jardinartificial.es\/pt\/wp-json\/wp\/v2\/product_tag?post=90730"}],"curies":[{"name":"wp","href":"https:\/\/api.w.org\/{rel}","templated":true}]}}