{"id":90562,"date":"2025-04-29T09:03:46","date_gmt":"2025-04-29T07:03:46","guid":{"rendered":"https:\/\/www.jardinartificial.es\/?post_type=product&#038;p=90562"},"modified":"2026-04-13T16:18:08","modified_gmt":"2026-04-13T14:18:08","slug":"lola-20-lux-com-bateria","status":"publish","type":"product","link":"https:\/\/www.jardinartificial.es\/pt\/comprar\/decoracao\/iluminacao\/lola-20-lux-com-bateria\/","title":{"rendered":"Lola 20 Lux com bateria"},"content":{"rendered":"","protected":false},"excerpt":{"rendered":"<p><strong>Lola 20 Lux Batt com Bateria<\/strong><\/p>\n<p>O candeeiro de mesa LOLA 20 LUX foi criado para locais e espa\u00e7os onde queremos dar um toque de design e sofistica\u00e7\u00e3o. LOLA 20 LUX \u00e9 fabricado em poliamida transparente resistente e com zonas espelhadas para que possamos desfrutar da sua ilumina\u00e7\u00e3o de uma forma diferente. A intensidade da luz \u00e9 regul\u00e1vel e a sua autonomia \u00e9 de 50 horas.  <\/p>\n<p>Sistema integrado de ilumina\u00e7\u00e3o led de luz quente (3000\u00baK)<\/p>\n<ul class=\"tablaTech\">\n<li>\n<div class=\"boxContents no-border\">\n<div class=\"name\"><strong>TAMANHO<\/strong><\/div>\n<div class=\"data\">\u00f811 x 20 cm<\/div>\n<\/div>\n<\/li>\n<\/ul>\n","protected":false},"featured_media":90567,"comment_status":"open","ping_status":"closed","template":"","meta":{"_acf_changed":false},"product_brand":[],"product_cat":[846,849],"product_tag":[987],"class_list":{"0":"post-90562","1":"product","2":"type-product","3":"status-publish","4":"has-post-thumbnail","6":"product_cat-decoracao","7":"product_cat-iluminacao","8":"product_tag-pt-2","9":"product_shipping_class-estandar-pt","10":"sales-flash-overlay","11":"woocommerce-text-align-center","12":"woocommerce-image-align-center","13":"do-quantity-buttons","14":"wc-has-gallery","16":"first","17":"instock","18":"sale","19":"taxable","20":"shipping-taxable","21":"purchasable","22":"product-type-simple"},"acf":{"":""},"gallery_images":[90569,91384,91382,91512],"yoast_head":"<!-- This site is optimized with the Yoast SEO Premium plugin v27.6 (Yoast SEO v27.6) - https:\/\/yoast.com\/product\/yoast-seo-premium-wordpress\/ -->\n<title>Lola 20 Lux com bateria | Planta Jardin Artificial<\/title>\n<meta name=\"description\" content=\"Candeeiro de mesa LOLA 20 LUX com bateria, design sofisticado, luz LED quente regul\u00e1vel e at\u00e9 50 horas de autonomia. Fabricado em poliamida com acabamento espelhado.\" \/>\n<meta name=\"robots\" content=\"index, follow, max-snippet:-1, max-image-preview:large, max-video-preview:-1\" \/>\n<link rel=\"canonical\" href=\"https:\/\/www.jardinartificial.es\/pt\/comprar\/decoracao\/iluminacao\/lola-20-lux-com-bateria\/\" \/>\n<meta property=\"og:locale\" content=\"pt_PT\" \/>\n<meta property=\"og:type\" content=\"article\" \/>\n<meta property=\"og:title\" content=\"Lola 20 Lux com bateria\" \/>\n<meta property=\"og:description\" content=\"Candeeiro de mesa LOLA 20 LUX com bateria, design sofisticado, luz LED quente regul\u00e1vel e at\u00e9 50 horas de autonomia. Fabricado em poliamida com acabamento espelhado.\" \/>\n<meta property=\"og:url\" content=\"https:\/\/www.jardinartificial.es\/pt\/comprar\/decoracao\/iluminacao\/lola-20-lux-com-bateria\/\" \/>\n<meta property=\"og:site_name\" content=\"Jardin Artificial\" \/>\n<meta property=\"article:modified_time\" content=\"2026-04-13T14:18:08+00:00\" \/>\n<meta property=\"og:image\" content=\"https:\/\/www.jardinartificial.es\/wp-content\/uploads\/2025\/04\/Lola-20-Lux-e1745910693260.png\" \/>\n\t<meta property=\"og:image:width\" content=\"1080\" \/>\n\t<meta property=\"og:image:height\" content=\"1080\" \/>\n\t<meta property=\"og:image:type\" content=\"image\/png\" \/>\n<meta name=\"twitter:card\" content=\"summary_large_image\" \/>\n<meta name=\"twitter:label1\" content=\"Tempo estimado de leitura\" \/>\n\t<meta name=\"twitter:data1\" content=\"1 minuto\" \/>\n<script type=\"application\/ld+json\" class=\"yoast-schema-graph\">{\"@context\":\"https:\\\/\\\/schema.org\",\"@graph\":[{\"@type\":\"WebPage\",\"@id\":\"https:\\\/\\\/www.jardinartificial.es\\\/pt\\\/comprar\\\/decoracao\\\/iluminacao\\\/lola-20-lux-com-bateria\\\/\",\"url\":\"https:\\\/\\\/www.jardinartificial.es\\\/pt\\\/comprar\\\/decoracao\\\/iluminacao\\\/lola-20-lux-com-bateria\\\/\",\"name\":\"Lola 20 Lux com bateria | Planta Jardin Artificial\",\"isPartOf\":{\"@id\":\"https:\\\/\\\/www.jardinartificial.es\\\/pt\\\/#website\"},\"primaryImageOfPage\":{\"@id\":\"https:\\\/\\\/www.jardinartificial.es\\\/pt\\\/comprar\\\/decoracao\\\/iluminacao\\\/lola-20-lux-com-bateria\\\/#primaryimage\"},\"image\":{\"@id\":\"https:\\\/\\\/www.jardinartificial.es\\\/pt\\\/comprar\\\/decoracao\\\/iluminacao\\\/lola-20-lux-com-bateria\\\/#primaryimage\"},\"thumbnailUrl\":\"https:\\\/\\\/www.jardinartificial.es\\\/wp-content\\\/uploads\\\/2025\\\/04\\\/Lola-20-Lux-e1745910693260.png\",\"datePublished\":\"2025-04-29T07:03:46+00:00\",\"dateModified\":\"2026-04-13T14:18:08+00:00\",\"description\":\"Candeeiro de mesa LOLA 20 LUX com bateria, design sofisticado, luz LED quente regul\u00e1vel e at\u00e9 50 horas de autonomia. Fabricado em poliamida com acabamento espelhado.\",\"breadcrumb\":{\"@id\":\"https:\\\/\\\/www.jardinartificial.es\\\/pt\\\/comprar\\\/decoracao\\\/iluminacao\\\/lola-20-lux-com-bateria\\\/#breadcrumb\"},\"inLanguage\":\"pt-PT\",\"potentialAction\":[{\"@type\":\"ReadAction\",\"target\":[\"https:\\\/\\\/www.jardinartificial.es\\\/pt\\\/comprar\\\/decoracao\\\/iluminacao\\\/lola-20-lux-com-bateria\\\/\"]}]},{\"@type\":\"ImageObject\",\"inLanguage\":\"pt-PT\",\"@id\":\"https:\\\/\\\/www.jardinartificial.es\\\/pt\\\/comprar\\\/decoracao\\\/iluminacao\\\/lola-20-lux-com-bateria\\\/#primaryimage\",\"url\":\"https:\\\/\\\/www.jardinartificial.es\\\/wp-content\\\/uploads\\\/2025\\\/04\\\/Lola-20-Lux-e1745910693260.png\",\"contentUrl\":\"https:\\\/\\\/www.jardinartificial.es\\\/wp-content\\\/uploads\\\/2025\\\/04\\\/Lola-20-Lux-e1745910693260.png\",\"width\":1080,\"height\":1080,\"caption\":\"Bateria Lola 20 Lux\"},{\"@type\":\"BreadcrumbList\",\"@id\":\"https:\\\/\\\/www.jardinartificial.es\\\/pt\\\/comprar\\\/decoracao\\\/iluminacao\\\/lola-20-lux-com-bateria\\\/#breadcrumb\",\"itemListElement\":[{\"@type\":\"ListItem\",\"position\":1,\"name\":\"Portada\",\"item\":\"https:\\\/\\\/www.jardinartificial.es\\\/pt\\\/casa\\\/\"},{\"@type\":\"ListItem\",\"position\":2,\"name\":\"Todos os produtos\",\"item\":\"https:\\\/\\\/www.jardinartificial.es\\\/pt-pt\\\/todos-os-produtos\\\/\"},{\"@type\":\"ListItem\",\"position\":3,\"name\":\"Lola 20 Lux com bateria\"}]},{\"@type\":\"WebSite\",\"@id\":\"https:\\\/\\\/www.jardinartificial.es\\\/pt\\\/#website\",\"url\":\"https:\\\/\\\/www.jardinartificial.es\\\/pt\\\/\",\"name\":\"Jard\u00edn Artificial - Venta de C\u00e9sped Artficial\",\"description\":\"C\u00e9sped Artificial barato al corte\",\"publisher\":{\"@id\":\"https:\\\/\\\/www.jardinartificial.es\\\/pt\\\/#organization\"},\"potentialAction\":[{\"@type\":\"SearchAction\",\"target\":{\"@type\":\"EntryPoint\",\"urlTemplate\":\"https:\\\/\\\/www.jardinartificial.es\\\/pt\\\/?s={search_term_string}\"},\"query-input\":{\"@type\":\"PropertyValueSpecification\",\"valueRequired\":true,\"valueName\":\"search_term_string\"}}],\"inLanguage\":\"pt-PT\"},{\"@type\":\"Organization\",\"@id\":\"https:\\\/\\\/www.jardinartificial.es\\\/pt\\\/#organization\",\"name\":\"Jard\u00edn Artificial\",\"url\":\"https:\\\/\\\/www.jardinartificial.es\\\/pt\\\/\",\"logo\":{\"@type\":\"ImageObject\",\"inLanguage\":\"pt-PT\",\"@id\":\"https:\\\/\\\/www.jardinartificial.es\\\/pt\\\/#\\\/schema\\\/logo\\\/image\\\/\",\"url\":\"https:\\\/\\\/www.jardinartificial.es\\\/wp-content\\\/uploads\\\/2023\\\/03\\\/logotipo.svg\",\"contentUrl\":\"https:\\\/\\\/www.jardinartificial.es\\\/wp-content\\\/uploads\\\/2023\\\/03\\\/logotipo.svg\",\"width\":187,\"height\":53,\"caption\":\"Jard\u00edn Artificial\"},\"image\":{\"@id\":\"https:\\\/\\\/www.jardinartificial.es\\\/pt\\\/#\\\/schema\\\/logo\\\/image\\\/\"}}]}<\/script>\n<!-- \/ Yoast SEO Premium plugin. -->","yoast_head_json":{"title":"Lola 20 Lux com bateria | Planta Jardin Artificial","description":"Candeeiro de mesa LOLA 20 LUX com bateria, design sofisticado, luz LED quente regul\u00e1vel e at\u00e9 50 horas de autonomia. Fabricado em poliamida com acabamento espelhado.","robots":{"index":"index","follow":"follow","max-snippet":"max-snippet:-1","max-image-preview":"max-image-preview:large","max-video-preview":"max-video-preview:-1"},"canonical":"https:\/\/www.jardinartificial.es\/pt\/comprar\/decoracao\/iluminacao\/lola-20-lux-com-bateria\/","og_locale":"pt_PT","og_type":"article","og_title":"Lola 20 Lux com bateria","og_description":"Candeeiro de mesa LOLA 20 LUX com bateria, design sofisticado, luz LED quente regul\u00e1vel e at\u00e9 50 horas de autonomia. Fabricado em poliamida com acabamento espelhado.","og_url":"https:\/\/www.jardinartificial.es\/pt\/comprar\/decoracao\/iluminacao\/lola-20-lux-com-bateria\/","og_site_name":"Jardin Artificial","article_modified_time":"2026-04-13T14:18:08+00:00","og_image":[{"width":1080,"height":1080,"url":"https:\/\/www.jardinartificial.es\/wp-content\/uploads\/2025\/04\/Lola-20-Lux-e1745910693260.png","type":"image\/png"}],"twitter_card":"summary_large_image","twitter_misc":{"Tempo estimado de leitura":"1 minuto"},"schema":{"@context":"https:\/\/schema.org","@graph":[{"@type":"WebPage","@id":"https:\/\/www.jardinartificial.es\/pt\/comprar\/decoracao\/iluminacao\/lola-20-lux-com-bateria\/","url":"https:\/\/www.jardinartificial.es\/pt\/comprar\/decoracao\/iluminacao\/lola-20-lux-com-bateria\/","name":"Lola 20 Lux com bateria | Planta Jardin Artificial","isPartOf":{"@id":"https:\/\/www.jardinartificial.es\/pt\/#website"},"primaryImageOfPage":{"@id":"https:\/\/www.jardinartificial.es\/pt\/comprar\/decoracao\/iluminacao\/lola-20-lux-com-bateria\/#primaryimage"},"image":{"@id":"https:\/\/www.jardinartificial.es\/pt\/comprar\/decoracao\/iluminacao\/lola-20-lux-com-bateria\/#primaryimage"},"thumbnailUrl":"https:\/\/www.jardinartificial.es\/wp-content\/uploads\/2025\/04\/Lola-20-Lux-e1745910693260.png","datePublished":"2025-04-29T07:03:46+00:00","dateModified":"2026-04-13T14:18:08+00:00","description":"Candeeiro de mesa LOLA 20 LUX com bateria, design sofisticado, luz LED quente regul\u00e1vel e at\u00e9 50 horas de autonomia. Fabricado em poliamida com acabamento espelhado.","breadcrumb":{"@id":"https:\/\/www.jardinartificial.es\/pt\/comprar\/decoracao\/iluminacao\/lola-20-lux-com-bateria\/#breadcrumb"},"inLanguage":"pt-PT","potentialAction":[{"@type":"ReadAction","target":["https:\/\/www.jardinartificial.es\/pt\/comprar\/decoracao\/iluminacao\/lola-20-lux-com-bateria\/"]}]},{"@type":"ImageObject","inLanguage":"pt-PT","@id":"https:\/\/www.jardinartificial.es\/pt\/comprar\/decoracao\/iluminacao\/lola-20-lux-com-bateria\/#primaryimage","url":"https:\/\/www.jardinartificial.es\/wp-content\/uploads\/2025\/04\/Lola-20-Lux-e1745910693260.png","contentUrl":"https:\/\/www.jardinartificial.es\/wp-content\/uploads\/2025\/04\/Lola-20-Lux-e1745910693260.png","width":1080,"height":1080,"caption":"Bateria Lola 20 Lux"},{"@type":"BreadcrumbList","@id":"https:\/\/www.jardinartificial.es\/pt\/comprar\/decoracao\/iluminacao\/lola-20-lux-com-bateria\/#breadcrumb","itemListElement":[{"@type":"ListItem","position":1,"name":"Portada","item":"https:\/\/www.jardinartificial.es\/pt\/casa\/"},{"@type":"ListItem","position":2,"name":"Todos os produtos","item":"https:\/\/www.jardinartificial.es\/pt-pt\/todos-os-produtos\/"},{"@type":"ListItem","position":3,"name":"Lola 20 Lux com bateria"}]},{"@type":"WebSite","@id":"https:\/\/www.jardinartificial.es\/pt\/#website","url":"https:\/\/www.jardinartificial.es\/pt\/","name":"Jard\u00edn Artificial - Venta de C\u00e9sped Artficial","description":"C\u00e9sped Artificial barato al corte","publisher":{"@id":"https:\/\/www.jardinartificial.es\/pt\/#organization"},"potentialAction":[{"@type":"SearchAction","target":{"@type":"EntryPoint","urlTemplate":"https:\/\/www.jardinartificial.es\/pt\/?s={search_term_string}"},"query-input":{"@type":"PropertyValueSpecification","valueRequired":true,"valueName":"search_term_string"}}],"inLanguage":"pt-PT"},{"@type":"Organization","@id":"https:\/\/www.jardinartificial.es\/pt\/#organization","name":"Jard\u00edn Artificial","url":"https:\/\/www.jardinartificial.es\/pt\/","logo":{"@type":"ImageObject","inLanguage":"pt-PT","@id":"https:\/\/www.jardinartificial.es\/pt\/#\/schema\/logo\/image\/","url":"https:\/\/www.jardinartificial.es\/wp-content\/uploads\/2023\/03\/logotipo.svg","contentUrl":"https:\/\/www.jardinartificial.es\/wp-content\/uploads\/2023\/03\/logotipo.svg","width":187,"height":53,"caption":"Jard\u00edn Artificial"},"image":{"@id":"https:\/\/www.jardinartificial.es\/pt\/#\/schema\/logo\/image\/"}}]}},"_links":{"self":[{"href":"https:\/\/www.jardinartificial.es\/pt\/wp-json\/wp\/v2\/product\/90562","targetHints":{"allow":["GET"]}}],"collection":[{"href":"https:\/\/www.jardinartificial.es\/pt\/wp-json\/wp\/v2\/product"}],"about":[{"href":"https:\/\/www.jardinartificial.es\/pt\/wp-json\/wp\/v2\/types\/product"}],"replies":[{"embeddable":true,"href":"https:\/\/www.jardinartificial.es\/pt\/wp-json\/wp\/v2\/comments?post=90562"}],"wp:featuredmedia":[{"embeddable":true,"href":"https:\/\/www.jardinartificial.es\/pt\/wp-json\/wp\/v2\/media\/90567"}],"wp:attachment":[{"href":"https:\/\/www.jardinartificial.es\/pt\/wp-json\/wp\/v2\/media?parent=90562"}],"wp:term":[{"taxonomy":"product_brand","embeddable":true,"href":"https:\/\/www.jardinartificial.es\/pt\/wp-json\/wp\/v2\/product_brand?post=90562"},{"taxonomy":"product_cat","embeddable":true,"href":"https:\/\/www.jardinartificial.es\/pt\/wp-json\/wp\/v2\/product_cat?post=90562"},{"taxonomy":"product_tag","embeddable":true,"href":"https:\/\/www.jardinartificial.es\/pt\/wp-json\/wp\/v2\/product_tag?post=90562"}],"curies":[{"name":"wp","href":"https:\/\/api.w.org\/{rel}","templated":true}]}}