{"id":90518,"date":"2025-04-29T08:31:38","date_gmt":"2025-04-29T06:31:38","guid":{"rendered":"https:\/\/www.jardinartificial.es\/?post_type=product&#038;p=90518"},"modified":"2026-05-08T07:19:05","modified_gmt":"2026-05-08T05:19:05","slug":"grinalda-de-juta-de-okinawa-com-fio-de-juta","status":"publish","type":"product","link":"https:\/\/www.jardinartificial.es\/pt\/comprar\/decoracao\/iluminacao\/grinalda-de-juta-de-okinawa-com-fio-de-juta\/","title":{"rendered":"Grinalda de juta de Okinawa com fio de juta"},"content":{"rendered":"","protected":false},"excerpt":{"rendered":"<p><strong>Grinalda de juta de Okinawa com fio de juta<\/strong><\/p>\n<p>A grinalda de exterior OKINAWA \u00e9 feita \u00e0 m\u00e3o em bambu. Tem 10 abajures de design org\u00e2nico em forma de sino com 10 l\u00e2mpadas substitu\u00edveis. Pode ser combinada com outros produtos da s\u00e9rie Okinawa, como a lanterna<a href=\"https:\/\/www.jardinartificial.es\/pt\/comprar\/decoracao\/iluminacao\/lanterna-solar-a-pilhas-de-okinawa\/\" target=\"_blank\" rel=\"noopener\">(Okinawa<\/a> Lantern). Todos eles formam um conjunto de candeeiros que d\u00e3o um toque de natureza harmoniosa ao teu jardim. Inclui dez l\u00e2mpadas e duas l\u00e2mpadas sobressalentes. A corda tem um acabamento com efeito de juta e tem 8 metros de comprimento.     <\/p>\n<ul class=\"tablaTech\">\n<li>\n<div class=\"boxContents no-border\">\n<div class=\"name\"><strong>TAMANHO<\/strong><\/div>\n<div class=\"data\">800 cm<\/div>\n<\/div>\n<\/li>\n<\/ul>\n","protected":false},"featured_media":90552,"comment_status":"open","ping_status":"closed","template":"","meta":{"_acf_changed":false},"product_brand":[],"product_cat":[846,849],"product_tag":[987],"class_list":{"0":"post-90518","1":"product","2":"type-product","3":"status-publish","4":"has-post-thumbnail","6":"product_cat-decoracao","7":"product_cat-iluminacao","8":"product_tag-pt-2","9":"product_shipping_class-estandar-pt","10":"sales-flash-overlay","11":"woocommerce-text-align-center","12":"woocommerce-image-align-center","13":"do-quantity-buttons","14":"wc-has-gallery","16":"first","17":"instock","18":"sale","19":"taxable","20":"shipping-taxable","21":"purchasable","22":"product-type-simple"},"acf":{"":""},"gallery_images":[90527,90523,90521,91379],"yoast_head":"<!-- This site is optimized with the Yoast SEO Premium plugin v27.6 (Yoast SEO v27.6) - https:\/\/yoast.com\/product\/yoast-seo-premium-wordpress\/ -->\n<title>Grinalda de juta de Okinawa com fio de juta | Planta Jardin Artificial<\/title>\n<meta name=\"description\" content=\"Grinalda decorativa OKINAWA em bambu feita \u00e0 m\u00e3o com 10 abajures de design natural e cabo com efeito de juta. Ideal para jardim ou terra\u00e7o. Comprimento: 8 metros.\" \/>\n<meta name=\"robots\" content=\"index, follow, max-snippet:-1, max-image-preview:large, max-video-preview:-1\" \/>\n<link rel=\"canonical\" href=\"https:\/\/www.jardinartificial.es\/pt\/comprar\/decoracao\/iluminacao\/grinalda-de-juta-de-okinawa-com-fio-de-juta\/\" \/>\n<meta property=\"og:locale\" content=\"pt_PT\" \/>\n<meta property=\"og:type\" content=\"article\" \/>\n<meta property=\"og:title\" content=\"Grinalda de juta de Okinawa com fio de juta\" \/>\n<meta property=\"og:description\" content=\"Grinalda decorativa OKINAWA em bambu feita \u00e0 m\u00e3o com 10 abajures de design natural e cabo com efeito de juta. Ideal para jardim ou terra\u00e7o. Comprimento: 8 metros.\" \/>\n<meta property=\"og:url\" content=\"https:\/\/www.jardinartificial.es\/pt\/comprar\/decoracao\/iluminacao\/grinalda-de-juta-de-okinawa-com-fio-de-juta\/\" \/>\n<meta property=\"og:site_name\" content=\"Jardin Artificial\" \/>\n<meta property=\"article:modified_time\" content=\"2026-05-08T05:19:05+00:00\" \/>\n<meta property=\"og:image\" content=\"https:\/\/www.jardinartificial.es\/wp-content\/uploads\/2025\/04\/Proyecto-nuevo-1-1.png\" \/>\n\t<meta property=\"og:image:width\" content=\"1080\" \/>\n\t<meta property=\"og:image:height\" content=\"1080\" \/>\n\t<meta property=\"og:image:type\" content=\"image\/png\" \/>\n<meta name=\"twitter:card\" content=\"summary_large_image\" \/>\n<meta name=\"twitter:label1\" content=\"Tempo estimado de leitura\" \/>\n\t<meta name=\"twitter:data1\" content=\"1 minuto\" \/>\n<script type=\"application\/ld+json\" class=\"yoast-schema-graph\">{\"@context\":\"https:\\\/\\\/schema.org\",\"@graph\":[{\"@type\":\"WebPage\",\"@id\":\"https:\\\/\\\/www.jardinartificial.es\\\/pt\\\/comprar\\\/decoracao\\\/iluminacao\\\/grinalda-de-juta-de-okinawa-com-fio-de-juta\\\/\",\"url\":\"https:\\\/\\\/www.jardinartificial.es\\\/pt\\\/comprar\\\/decoracao\\\/iluminacao\\\/grinalda-de-juta-de-okinawa-com-fio-de-juta\\\/\",\"name\":\"Grinalda de juta de Okinawa com fio de juta | Planta Jardin Artificial\",\"isPartOf\":{\"@id\":\"https:\\\/\\\/www.jardinartificial.es\\\/pt\\\/#website\"},\"primaryImageOfPage\":{\"@id\":\"https:\\\/\\\/www.jardinartificial.es\\\/pt\\\/comprar\\\/decoracao\\\/iluminacao\\\/grinalda-de-juta-de-okinawa-com-fio-de-juta\\\/#primaryimage\"},\"image\":{\"@id\":\"https:\\\/\\\/www.jardinartificial.es\\\/pt\\\/comprar\\\/decoracao\\\/iluminacao\\\/grinalda-de-juta-de-okinawa-com-fio-de-juta\\\/#primaryimage\"},\"thumbnailUrl\":\"https:\\\/\\\/www.jardinartificial.es\\\/wp-content\\\/uploads\\\/2025\\\/04\\\/Proyecto-nuevo-1-1.png\",\"datePublished\":\"2025-04-29T06:31:38+00:00\",\"dateModified\":\"2026-05-08T05:19:05+00:00\",\"description\":\"Grinalda decorativa OKINAWA em bambu feita \u00e0 m\u00e3o com 10 abajures de design natural e cabo com efeito de juta. Ideal para jardim ou terra\u00e7o. Comprimento: 8 metros.\",\"breadcrumb\":{\"@id\":\"https:\\\/\\\/www.jardinartificial.es\\\/pt\\\/comprar\\\/decoracao\\\/iluminacao\\\/grinalda-de-juta-de-okinawa-com-fio-de-juta\\\/#breadcrumb\"},\"inLanguage\":\"pt-PT\",\"potentialAction\":[{\"@type\":\"ReadAction\",\"target\":[\"https:\\\/\\\/www.jardinartificial.es\\\/pt\\\/comprar\\\/decoracao\\\/iluminacao\\\/grinalda-de-juta-de-okinawa-com-fio-de-juta\\\/\"]}]},{\"@type\":\"ImageObject\",\"inLanguage\":\"pt-PT\",\"@id\":\"https:\\\/\\\/www.jardinartificial.es\\\/pt\\\/comprar\\\/decoracao\\\/iluminacao\\\/grinalda-de-juta-de-okinawa-com-fio-de-juta\\\/#primaryimage\",\"url\":\"https:\\\/\\\/www.jardinartificial.es\\\/wp-content\\\/uploads\\\/2025\\\/04\\\/Proyecto-nuevo-1-1.png\",\"contentUrl\":\"https:\\\/\\\/www.jardinartificial.es\\\/wp-content\\\/uploads\\\/2025\\\/04\\\/Proyecto-nuevo-1-1.png\",\"width\":1080,\"height\":1080,\"caption\":\"Coroa de flores de cabo solar de Okinawa + bateria\"},{\"@type\":\"BreadcrumbList\",\"@id\":\"https:\\\/\\\/www.jardinartificial.es\\\/pt\\\/comprar\\\/decoracao\\\/iluminacao\\\/grinalda-de-juta-de-okinawa-com-fio-de-juta\\\/#breadcrumb\",\"itemListElement\":[{\"@type\":\"ListItem\",\"position\":1,\"name\":\"Portada\",\"item\":\"https:\\\/\\\/www.jardinartificial.es\\\/pt\\\/casa\\\/\"},{\"@type\":\"ListItem\",\"position\":2,\"name\":\"Todos os produtos\",\"item\":\"https:\\\/\\\/www.jardinartificial.es\\\/pt-pt\\\/todos-os-produtos\\\/\"},{\"@type\":\"ListItem\",\"position\":3,\"name\":\"Grinalda de juta de Okinawa com fio de juta\"}]},{\"@type\":\"WebSite\",\"@id\":\"https:\\\/\\\/www.jardinartificial.es\\\/pt\\\/#website\",\"url\":\"https:\\\/\\\/www.jardinartificial.es\\\/pt\\\/\",\"name\":\"Jard\u00edn Artificial - Venta de C\u00e9sped Artficial\",\"description\":\"C\u00e9sped Artificial barato al corte\",\"publisher\":{\"@id\":\"https:\\\/\\\/www.jardinartificial.es\\\/pt\\\/#organization\"},\"potentialAction\":[{\"@type\":\"SearchAction\",\"target\":{\"@type\":\"EntryPoint\",\"urlTemplate\":\"https:\\\/\\\/www.jardinartificial.es\\\/pt\\\/?s={search_term_string}\"},\"query-input\":{\"@type\":\"PropertyValueSpecification\",\"valueRequired\":true,\"valueName\":\"search_term_string\"}}],\"inLanguage\":\"pt-PT\"},{\"@type\":\"Organization\",\"@id\":\"https:\\\/\\\/www.jardinartificial.es\\\/pt\\\/#organization\",\"name\":\"Jard\u00edn Artificial\",\"url\":\"https:\\\/\\\/www.jardinartificial.es\\\/pt\\\/\",\"logo\":{\"@type\":\"ImageObject\",\"inLanguage\":\"pt-PT\",\"@id\":\"https:\\\/\\\/www.jardinartificial.es\\\/pt\\\/#\\\/schema\\\/logo\\\/image\\\/\",\"url\":\"https:\\\/\\\/www.jardinartificial.es\\\/wp-content\\\/uploads\\\/2023\\\/03\\\/logotipo.svg\",\"contentUrl\":\"https:\\\/\\\/www.jardinartificial.es\\\/wp-content\\\/uploads\\\/2023\\\/03\\\/logotipo.svg\",\"width\":187,\"height\":53,\"caption\":\"Jard\u00edn Artificial\"},\"image\":{\"@id\":\"https:\\\/\\\/www.jardinartificial.es\\\/pt\\\/#\\\/schema\\\/logo\\\/image\\\/\"}}]}<\/script>\n<!-- \/ Yoast SEO Premium plugin. -->","yoast_head_json":{"title":"Grinalda de juta de Okinawa com fio de juta | Planta Jardin Artificial","description":"Grinalda decorativa OKINAWA em bambu feita \u00e0 m\u00e3o com 10 abajures de design natural e cabo com efeito de juta. Ideal para jardim ou terra\u00e7o. Comprimento: 8 metros.","robots":{"index":"index","follow":"follow","max-snippet":"max-snippet:-1","max-image-preview":"max-image-preview:large","max-video-preview":"max-video-preview:-1"},"canonical":"https:\/\/www.jardinartificial.es\/pt\/comprar\/decoracao\/iluminacao\/grinalda-de-juta-de-okinawa-com-fio-de-juta\/","og_locale":"pt_PT","og_type":"article","og_title":"Grinalda de juta de Okinawa com fio de juta","og_description":"Grinalda decorativa OKINAWA em bambu feita \u00e0 m\u00e3o com 10 abajures de design natural e cabo com efeito de juta. Ideal para jardim ou terra\u00e7o. Comprimento: 8 metros.","og_url":"https:\/\/www.jardinartificial.es\/pt\/comprar\/decoracao\/iluminacao\/grinalda-de-juta-de-okinawa-com-fio-de-juta\/","og_site_name":"Jardin Artificial","article_modified_time":"2026-05-08T05:19:05+00:00","og_image":[{"width":1080,"height":1080,"url":"https:\/\/www.jardinartificial.es\/wp-content\/uploads\/2025\/04\/Proyecto-nuevo-1-1.png","type":"image\/png"}],"twitter_card":"summary_large_image","twitter_misc":{"Tempo estimado de leitura":"1 minuto"},"schema":{"@context":"https:\/\/schema.org","@graph":[{"@type":"WebPage","@id":"https:\/\/www.jardinartificial.es\/pt\/comprar\/decoracao\/iluminacao\/grinalda-de-juta-de-okinawa-com-fio-de-juta\/","url":"https:\/\/www.jardinartificial.es\/pt\/comprar\/decoracao\/iluminacao\/grinalda-de-juta-de-okinawa-com-fio-de-juta\/","name":"Grinalda de juta de Okinawa com fio de juta | Planta Jardin Artificial","isPartOf":{"@id":"https:\/\/www.jardinartificial.es\/pt\/#website"},"primaryImageOfPage":{"@id":"https:\/\/www.jardinartificial.es\/pt\/comprar\/decoracao\/iluminacao\/grinalda-de-juta-de-okinawa-com-fio-de-juta\/#primaryimage"},"image":{"@id":"https:\/\/www.jardinartificial.es\/pt\/comprar\/decoracao\/iluminacao\/grinalda-de-juta-de-okinawa-com-fio-de-juta\/#primaryimage"},"thumbnailUrl":"https:\/\/www.jardinartificial.es\/wp-content\/uploads\/2025\/04\/Proyecto-nuevo-1-1.png","datePublished":"2025-04-29T06:31:38+00:00","dateModified":"2026-05-08T05:19:05+00:00","description":"Grinalda decorativa OKINAWA em bambu feita \u00e0 m\u00e3o com 10 abajures de design natural e cabo com efeito de juta. Ideal para jardim ou terra\u00e7o. Comprimento: 8 metros.","breadcrumb":{"@id":"https:\/\/www.jardinartificial.es\/pt\/comprar\/decoracao\/iluminacao\/grinalda-de-juta-de-okinawa-com-fio-de-juta\/#breadcrumb"},"inLanguage":"pt-PT","potentialAction":[{"@type":"ReadAction","target":["https:\/\/www.jardinartificial.es\/pt\/comprar\/decoracao\/iluminacao\/grinalda-de-juta-de-okinawa-com-fio-de-juta\/"]}]},{"@type":"ImageObject","inLanguage":"pt-PT","@id":"https:\/\/www.jardinartificial.es\/pt\/comprar\/decoracao\/iluminacao\/grinalda-de-juta-de-okinawa-com-fio-de-juta\/#primaryimage","url":"https:\/\/www.jardinartificial.es\/wp-content\/uploads\/2025\/04\/Proyecto-nuevo-1-1.png","contentUrl":"https:\/\/www.jardinartificial.es\/wp-content\/uploads\/2025\/04\/Proyecto-nuevo-1-1.png","width":1080,"height":1080,"caption":"Coroa de flores de cabo solar de Okinawa + bateria"},{"@type":"BreadcrumbList","@id":"https:\/\/www.jardinartificial.es\/pt\/comprar\/decoracao\/iluminacao\/grinalda-de-juta-de-okinawa-com-fio-de-juta\/#breadcrumb","itemListElement":[{"@type":"ListItem","position":1,"name":"Portada","item":"https:\/\/www.jardinartificial.es\/pt\/casa\/"},{"@type":"ListItem","position":2,"name":"Todos os produtos","item":"https:\/\/www.jardinartificial.es\/pt-pt\/todos-os-produtos\/"},{"@type":"ListItem","position":3,"name":"Grinalda de juta de Okinawa com fio de juta"}]},{"@type":"WebSite","@id":"https:\/\/www.jardinartificial.es\/pt\/#website","url":"https:\/\/www.jardinartificial.es\/pt\/","name":"Jard\u00edn Artificial - Venta de C\u00e9sped Artficial","description":"C\u00e9sped Artificial barato al corte","publisher":{"@id":"https:\/\/www.jardinartificial.es\/pt\/#organization"},"potentialAction":[{"@type":"SearchAction","target":{"@type":"EntryPoint","urlTemplate":"https:\/\/www.jardinartificial.es\/pt\/?s={search_term_string}"},"query-input":{"@type":"PropertyValueSpecification","valueRequired":true,"valueName":"search_term_string"}}],"inLanguage":"pt-PT"},{"@type":"Organization","@id":"https:\/\/www.jardinartificial.es\/pt\/#organization","name":"Jard\u00edn Artificial","url":"https:\/\/www.jardinartificial.es\/pt\/","logo":{"@type":"ImageObject","inLanguage":"pt-PT","@id":"https:\/\/www.jardinartificial.es\/pt\/#\/schema\/logo\/image\/","url":"https:\/\/www.jardinartificial.es\/wp-content\/uploads\/2023\/03\/logotipo.svg","contentUrl":"https:\/\/www.jardinartificial.es\/wp-content\/uploads\/2023\/03\/logotipo.svg","width":187,"height":53,"caption":"Jard\u00edn Artificial"},"image":{"@id":"https:\/\/www.jardinartificial.es\/pt\/#\/schema\/logo\/image\/"}}]}},"_links":{"self":[{"href":"https:\/\/www.jardinartificial.es\/pt\/wp-json\/wp\/v2\/product\/90518","targetHints":{"allow":["GET"]}}],"collection":[{"href":"https:\/\/www.jardinartificial.es\/pt\/wp-json\/wp\/v2\/product"}],"about":[{"href":"https:\/\/www.jardinartificial.es\/pt\/wp-json\/wp\/v2\/types\/product"}],"replies":[{"embeddable":true,"href":"https:\/\/www.jardinartificial.es\/pt\/wp-json\/wp\/v2\/comments?post=90518"}],"wp:featuredmedia":[{"embeddable":true,"href":"https:\/\/www.jardinartificial.es\/pt\/wp-json\/wp\/v2\/media\/90552"}],"wp:attachment":[{"href":"https:\/\/www.jardinartificial.es\/pt\/wp-json\/wp\/v2\/media?parent=90518"}],"wp:term":[{"taxonomy":"product_brand","embeddable":true,"href":"https:\/\/www.jardinartificial.es\/pt\/wp-json\/wp\/v2\/product_brand?post=90518"},{"taxonomy":"product_cat","embeddable":true,"href":"https:\/\/www.jardinartificial.es\/pt\/wp-json\/wp\/v2\/product_cat?post=90518"},{"taxonomy":"product_tag","embeddable":true,"href":"https:\/\/www.jardinartificial.es\/pt\/wp-json\/wp\/v2\/product_tag?post=90518"}],"curies":[{"name":"wp","href":"https:\/\/api.w.org\/{rel}","templated":true}]}}