{"id":90486,"date":"2025-04-28T11:17:57","date_gmt":"2025-04-28T09:17:57","guid":{"rendered":"https:\/\/www.jardinartificial.es\/?post_type=product&#038;p=90486"},"modified":"2026-02-02T11:38:29","modified_gmt":"2026-02-02T10:38:29","slug":"lanterna-solar-a-pilhas-de-okinawa","status":"publish","type":"product","link":"https:\/\/www.jardinartificial.es\/pt\/comprar\/decoracao\/iluminacao\/lanterna-solar-a-pilhas-de-okinawa\/","title":{"rendered":"Lanterna solar a pilhas de Okinawa"},"content":{"rendered":"","protected":false},"excerpt":{"rendered":"<p><strong>Lanterna solar a pilhas de Okinawa<\/strong><\/p>\n<p>A lanterna de m\u00e3o OKINAWA \u00e9 fabricada \u00e0 m\u00e3o em bambu. O seu design org\u00e2nico e as suas linhas rectas fazem dela um produto indispens\u00e1vel para qualquer terra\u00e7o ou jardim. Pode ser combinada com outros produtos da s\u00e9rie Okinawa, como a <a href=\"https:\/\/www.jardinartificial.es\/pt\/comprar\/decoracao\/iluminacao\/bateria-solar-okinawa-garland\/\">grinalda<\/a>. Todos eles formam um conjunto de candeeiros que d\u00e3o um toque de natureza harmoniosa \u00e0 tua casa. Incorpora um grande painel solar para que possa ser carregado eficazmente sem necessidade de cabos. A pega \u00e9 feita de metal para maior robustez e resist\u00eancia.     <\/p>\n<p>O candeeiro de m\u00e3o OKINAWA tem uma l\u00e2mpada Cherry recarreg\u00e1vel e port\u00e1til. Esta l\u00e2mpada n\u00e3o necessita de instala\u00e7\u00e3o, s\u00f3 tens de a aproximar da parte de tr\u00e1s do painel solar e ela adere devido \u00e0 sua base magn\u00e9tica. Esta l\u00e2mpada vem tamb\u00e9m com um telecomando para a poderes ligar e desligar e regular a sua intensidade. Tem 900 l\u00famenes e uma autonomia de 6 a 20 horas, consoante a intensidade.   <\/p>\n<p>*Carregamento solar: Como o nome sugere, s\u00f3 precisas que o produto seja exposto \u00e0 luz solar. Quanto mais tempo receberes luz solar direta, maior ser\u00e1 a autonomia. <\/p>\n<ul class=\"tablaTech\">\n<li>\n<div class=\"boxContents no-border\">\n<div class=\"name\"><strong>TAMANHO<\/strong><\/div>\n<div class=\"data\">14,5 x 14,5 x 24 cm<\/div>\n<\/div>\n<\/li>\n<\/ul>\n","protected":false},"featured_media":90505,"comment_status":"open","ping_status":"closed","template":"","meta":{"_acf_changed":false},"product_brand":[],"product_cat":[846,849],"product_tag":[987],"class_list":{"0":"post-90486","1":"product","2":"type-product","3":"status-publish","4":"has-post-thumbnail","6":"product_cat-decoracao","7":"product_cat-iluminacao","8":"product_tag-pt-2","9":"product_shipping_class-estandar-pt","10":"sales-flash-overlay","11":"woocommerce-text-align-center","12":"woocommerce-image-align-center","13":"do-quantity-buttons","14":"wc-has-gallery","16":"first","17":"outofstock","18":"sale","19":"taxable","20":"shipping-taxable","21":"purchasable","22":"product-type-simple"},"acf":{"":""},"gallery_images":[90506,90508,90510,91376],"yoast_head":"<!-- This site is optimized with the Yoast SEO Premium plugin v27.6 (Yoast SEO v27.6) - https:\/\/yoast.com\/product\/yoast-seo-premium-wordpress\/ -->\n<title>Lanterna solar a pilhas de Okinawa | Planta Jardin Artificial<\/title>\n<meta name=\"description\" content=\"Lanterna solar decorativa OKINAWA feita de bambu artesanal, ideal para jardim ou terra\u00e7o. Design natural, l\u00e2mpada LED port\u00e1til com controlo remoto e carregamento solar.\" \/>\n<meta name=\"robots\" content=\"index, follow, max-snippet:-1, max-image-preview:large, max-video-preview:-1\" \/>\n<link rel=\"canonical\" href=\"https:\/\/www.jardinartificial.es\/pt\/comprar\/decoracao\/iluminacao\/lanterna-solar-a-pilhas-de-okinawa\/\" \/>\n<meta property=\"og:locale\" content=\"pt_PT\" \/>\n<meta property=\"og:type\" content=\"article\" \/>\n<meta property=\"og:title\" content=\"Lanterna solar a pilhas de Okinawa\" \/>\n<meta property=\"og:description\" content=\"Lanterna solar decorativa OKINAWA feita de bambu artesanal, ideal para jardim ou terra\u00e7o. Design natural, l\u00e2mpada LED port\u00e1til com controlo remoto e carregamento solar.\" \/>\n<meta property=\"og:url\" content=\"https:\/\/www.jardinartificial.es\/pt\/comprar\/decoracao\/iluminacao\/lanterna-solar-a-pilhas-de-okinawa\/\" \/>\n<meta property=\"og:site_name\" content=\"Jardin Artificial\" \/>\n<meta property=\"article:modified_time\" content=\"2026-02-02T10:38:29+00:00\" \/>\n<meta property=\"og:image\" content=\"https:\/\/www.jardinartificial.es\/wp-content\/uploads\/2025\/04\/OKINAWA_LANTERN_BATTERY_1200X1200-16.jpg\" \/>\n\t<meta property=\"og:image:width\" content=\"1200\" \/>\n\t<meta property=\"og:image:height\" content=\"1200\" \/>\n\t<meta property=\"og:image:type\" content=\"image\/jpeg\" \/>\n<meta name=\"twitter:card\" content=\"summary_large_image\" \/>\n<meta name=\"twitter:label1\" content=\"Tempo estimado de leitura\" \/>\n\t<meta name=\"twitter:data1\" content=\"1 minuto\" \/>\n<script type=\"application\/ld+json\" class=\"yoast-schema-graph\">{\"@context\":\"https:\\\/\\\/schema.org\",\"@graph\":[{\"@type\":\"WebPage\",\"@id\":\"https:\\\/\\\/www.jardinartificial.es\\\/pt\\\/comprar\\\/decoracao\\\/iluminacao\\\/lanterna-solar-a-pilhas-de-okinawa\\\/\",\"url\":\"https:\\\/\\\/www.jardinartificial.es\\\/pt\\\/comprar\\\/decoracao\\\/iluminacao\\\/lanterna-solar-a-pilhas-de-okinawa\\\/\",\"name\":\"Lanterna solar a pilhas de Okinawa | Planta Jardin Artificial\",\"isPartOf\":{\"@id\":\"https:\\\/\\\/www.jardinartificial.es\\\/pt\\\/#website\"},\"primaryImageOfPage\":{\"@id\":\"https:\\\/\\\/www.jardinartificial.es\\\/pt\\\/comprar\\\/decoracao\\\/iluminacao\\\/lanterna-solar-a-pilhas-de-okinawa\\\/#primaryimage\"},\"image\":{\"@id\":\"https:\\\/\\\/www.jardinartificial.es\\\/pt\\\/comprar\\\/decoracao\\\/iluminacao\\\/lanterna-solar-a-pilhas-de-okinawa\\\/#primaryimage\"},\"thumbnailUrl\":\"https:\\\/\\\/www.jardinartificial.es\\\/wp-content\\\/uploads\\\/2025\\\/04\\\/OKINAWA_LANTERN_BATTERY_1200X1200-16.jpg\",\"datePublished\":\"2025-04-28T09:17:57+00:00\",\"dateModified\":\"2026-02-02T10:38:29+00:00\",\"description\":\"Lanterna solar decorativa OKINAWA feita de bambu artesanal, ideal para jardim ou terra\u00e7o. Design natural, l\u00e2mpada LED port\u00e1til com controlo remoto e carregamento solar.\",\"breadcrumb\":{\"@id\":\"https:\\\/\\\/www.jardinartificial.es\\\/pt\\\/comprar\\\/decoracao\\\/iluminacao\\\/lanterna-solar-a-pilhas-de-okinawa\\\/#breadcrumb\"},\"inLanguage\":\"pt-PT\",\"potentialAction\":[{\"@type\":\"ReadAction\",\"target\":[\"https:\\\/\\\/www.jardinartificial.es\\\/pt\\\/comprar\\\/decoracao\\\/iluminacao\\\/lanterna-solar-a-pilhas-de-okinawa\\\/\"]}]},{\"@type\":\"ImageObject\",\"inLanguage\":\"pt-PT\",\"@id\":\"https:\\\/\\\/www.jardinartificial.es\\\/pt\\\/comprar\\\/decoracao\\\/iluminacao\\\/lanterna-solar-a-pilhas-de-okinawa\\\/#primaryimage\",\"url\":\"https:\\\/\\\/www.jardinartificial.es\\\/wp-content\\\/uploads\\\/2025\\\/04\\\/OKINAWA_LANTERN_BATTERY_1200X1200-16.jpg\",\"contentUrl\":\"https:\\\/\\\/www.jardinartificial.es\\\/wp-content\\\/uploads\\\/2025\\\/04\\\/OKINAWA_LANTERN_BATTERY_1200X1200-16.jpg\",\"width\":1200,\"height\":1200,\"caption\":\"Lanterna de Okinawa Solar + Bateria\"},{\"@type\":\"BreadcrumbList\",\"@id\":\"https:\\\/\\\/www.jardinartificial.es\\\/pt\\\/comprar\\\/decoracao\\\/iluminacao\\\/lanterna-solar-a-pilhas-de-okinawa\\\/#breadcrumb\",\"itemListElement\":[{\"@type\":\"ListItem\",\"position\":1,\"name\":\"Portada\",\"item\":\"https:\\\/\\\/www.jardinartificial.es\\\/pt\\\/casa\\\/\"},{\"@type\":\"ListItem\",\"position\":2,\"name\":\"Todos os produtos\",\"item\":\"https:\\\/\\\/www.jardinartificial.es\\\/pt-pt\\\/todos-os-produtos\\\/\"},{\"@type\":\"ListItem\",\"position\":3,\"name\":\"Lanterna solar a pilhas de Okinawa\"}]},{\"@type\":\"WebSite\",\"@id\":\"https:\\\/\\\/www.jardinartificial.es\\\/pt\\\/#website\",\"url\":\"https:\\\/\\\/www.jardinartificial.es\\\/pt\\\/\",\"name\":\"Jard\u00edn Artificial - Venta de C\u00e9sped Artficial\",\"description\":\"C\u00e9sped Artificial barato al corte\",\"publisher\":{\"@id\":\"https:\\\/\\\/www.jardinartificial.es\\\/pt\\\/#organization\"},\"potentialAction\":[{\"@type\":\"SearchAction\",\"target\":{\"@type\":\"EntryPoint\",\"urlTemplate\":\"https:\\\/\\\/www.jardinartificial.es\\\/pt\\\/?s={search_term_string}\"},\"query-input\":{\"@type\":\"PropertyValueSpecification\",\"valueRequired\":true,\"valueName\":\"search_term_string\"}}],\"inLanguage\":\"pt-PT\"},{\"@type\":\"Organization\",\"@id\":\"https:\\\/\\\/www.jardinartificial.es\\\/pt\\\/#organization\",\"name\":\"Jard\u00edn Artificial\",\"url\":\"https:\\\/\\\/www.jardinartificial.es\\\/pt\\\/\",\"logo\":{\"@type\":\"ImageObject\",\"inLanguage\":\"pt-PT\",\"@id\":\"https:\\\/\\\/www.jardinartificial.es\\\/pt\\\/#\\\/schema\\\/logo\\\/image\\\/\",\"url\":\"https:\\\/\\\/www.jardinartificial.es\\\/wp-content\\\/uploads\\\/2023\\\/03\\\/logotipo.svg\",\"contentUrl\":\"https:\\\/\\\/www.jardinartificial.es\\\/wp-content\\\/uploads\\\/2023\\\/03\\\/logotipo.svg\",\"width\":187,\"height\":53,\"caption\":\"Jard\u00edn Artificial\"},\"image\":{\"@id\":\"https:\\\/\\\/www.jardinartificial.es\\\/pt\\\/#\\\/schema\\\/logo\\\/image\\\/\"}}]}<\/script>\n<!-- \/ Yoast SEO Premium plugin. -->","yoast_head_json":{"title":"Lanterna solar a pilhas de Okinawa | Planta Jardin Artificial","description":"Lanterna solar decorativa OKINAWA feita de bambu artesanal, ideal para jardim ou terra\u00e7o. Design natural, l\u00e2mpada LED port\u00e1til com controlo remoto e carregamento solar.","robots":{"index":"index","follow":"follow","max-snippet":"max-snippet:-1","max-image-preview":"max-image-preview:large","max-video-preview":"max-video-preview:-1"},"canonical":"https:\/\/www.jardinartificial.es\/pt\/comprar\/decoracao\/iluminacao\/lanterna-solar-a-pilhas-de-okinawa\/","og_locale":"pt_PT","og_type":"article","og_title":"Lanterna solar a pilhas de Okinawa","og_description":"Lanterna solar decorativa OKINAWA feita de bambu artesanal, ideal para jardim ou terra\u00e7o. Design natural, l\u00e2mpada LED port\u00e1til com controlo remoto e carregamento solar.","og_url":"https:\/\/www.jardinartificial.es\/pt\/comprar\/decoracao\/iluminacao\/lanterna-solar-a-pilhas-de-okinawa\/","og_site_name":"Jardin Artificial","article_modified_time":"2026-02-02T10:38:29+00:00","og_image":[{"width":1200,"height":1200,"url":"https:\/\/www.jardinartificial.es\/wp-content\/uploads\/2025\/04\/OKINAWA_LANTERN_BATTERY_1200X1200-16.jpg","type":"image\/jpeg"}],"twitter_card":"summary_large_image","twitter_misc":{"Tempo estimado de leitura":"1 minuto"},"schema":{"@context":"https:\/\/schema.org","@graph":[{"@type":"WebPage","@id":"https:\/\/www.jardinartificial.es\/pt\/comprar\/decoracao\/iluminacao\/lanterna-solar-a-pilhas-de-okinawa\/","url":"https:\/\/www.jardinartificial.es\/pt\/comprar\/decoracao\/iluminacao\/lanterna-solar-a-pilhas-de-okinawa\/","name":"Lanterna solar a pilhas de Okinawa | Planta Jardin Artificial","isPartOf":{"@id":"https:\/\/www.jardinartificial.es\/pt\/#website"},"primaryImageOfPage":{"@id":"https:\/\/www.jardinartificial.es\/pt\/comprar\/decoracao\/iluminacao\/lanterna-solar-a-pilhas-de-okinawa\/#primaryimage"},"image":{"@id":"https:\/\/www.jardinartificial.es\/pt\/comprar\/decoracao\/iluminacao\/lanterna-solar-a-pilhas-de-okinawa\/#primaryimage"},"thumbnailUrl":"https:\/\/www.jardinartificial.es\/wp-content\/uploads\/2025\/04\/OKINAWA_LANTERN_BATTERY_1200X1200-16.jpg","datePublished":"2025-04-28T09:17:57+00:00","dateModified":"2026-02-02T10:38:29+00:00","description":"Lanterna solar decorativa OKINAWA feita de bambu artesanal, ideal para jardim ou terra\u00e7o. Design natural, l\u00e2mpada LED port\u00e1til com controlo remoto e carregamento solar.","breadcrumb":{"@id":"https:\/\/www.jardinartificial.es\/pt\/comprar\/decoracao\/iluminacao\/lanterna-solar-a-pilhas-de-okinawa\/#breadcrumb"},"inLanguage":"pt-PT","potentialAction":[{"@type":"ReadAction","target":["https:\/\/www.jardinartificial.es\/pt\/comprar\/decoracao\/iluminacao\/lanterna-solar-a-pilhas-de-okinawa\/"]}]},{"@type":"ImageObject","inLanguage":"pt-PT","@id":"https:\/\/www.jardinartificial.es\/pt\/comprar\/decoracao\/iluminacao\/lanterna-solar-a-pilhas-de-okinawa\/#primaryimage","url":"https:\/\/www.jardinartificial.es\/wp-content\/uploads\/2025\/04\/OKINAWA_LANTERN_BATTERY_1200X1200-16.jpg","contentUrl":"https:\/\/www.jardinartificial.es\/wp-content\/uploads\/2025\/04\/OKINAWA_LANTERN_BATTERY_1200X1200-16.jpg","width":1200,"height":1200,"caption":"Lanterna de Okinawa Solar + Bateria"},{"@type":"BreadcrumbList","@id":"https:\/\/www.jardinartificial.es\/pt\/comprar\/decoracao\/iluminacao\/lanterna-solar-a-pilhas-de-okinawa\/#breadcrumb","itemListElement":[{"@type":"ListItem","position":1,"name":"Portada","item":"https:\/\/www.jardinartificial.es\/pt\/casa\/"},{"@type":"ListItem","position":2,"name":"Todos os produtos","item":"https:\/\/www.jardinartificial.es\/pt-pt\/todos-os-produtos\/"},{"@type":"ListItem","position":3,"name":"Lanterna solar a pilhas de Okinawa"}]},{"@type":"WebSite","@id":"https:\/\/www.jardinartificial.es\/pt\/#website","url":"https:\/\/www.jardinartificial.es\/pt\/","name":"Jard\u00edn Artificial - Venta de C\u00e9sped Artficial","description":"C\u00e9sped Artificial barato al corte","publisher":{"@id":"https:\/\/www.jardinartificial.es\/pt\/#organization"},"potentialAction":[{"@type":"SearchAction","target":{"@type":"EntryPoint","urlTemplate":"https:\/\/www.jardinartificial.es\/pt\/?s={search_term_string}"},"query-input":{"@type":"PropertyValueSpecification","valueRequired":true,"valueName":"search_term_string"}}],"inLanguage":"pt-PT"},{"@type":"Organization","@id":"https:\/\/www.jardinartificial.es\/pt\/#organization","name":"Jard\u00edn Artificial","url":"https:\/\/www.jardinartificial.es\/pt\/","logo":{"@type":"ImageObject","inLanguage":"pt-PT","@id":"https:\/\/www.jardinartificial.es\/pt\/#\/schema\/logo\/image\/","url":"https:\/\/www.jardinartificial.es\/wp-content\/uploads\/2023\/03\/logotipo.svg","contentUrl":"https:\/\/www.jardinartificial.es\/wp-content\/uploads\/2023\/03\/logotipo.svg","width":187,"height":53,"caption":"Jard\u00edn Artificial"},"image":{"@id":"https:\/\/www.jardinartificial.es\/pt\/#\/schema\/logo\/image\/"}}]}},"_links":{"self":[{"href":"https:\/\/www.jardinartificial.es\/pt\/wp-json\/wp\/v2\/product\/90486","targetHints":{"allow":["GET"]}}],"collection":[{"href":"https:\/\/www.jardinartificial.es\/pt\/wp-json\/wp\/v2\/product"}],"about":[{"href":"https:\/\/www.jardinartificial.es\/pt\/wp-json\/wp\/v2\/types\/product"}],"replies":[{"embeddable":true,"href":"https:\/\/www.jardinartificial.es\/pt\/wp-json\/wp\/v2\/comments?post=90486"}],"wp:featuredmedia":[{"embeddable":true,"href":"https:\/\/www.jardinartificial.es\/pt\/wp-json\/wp\/v2\/media\/90505"}],"wp:attachment":[{"href":"https:\/\/www.jardinartificial.es\/pt\/wp-json\/wp\/v2\/media?parent=90486"}],"wp:term":[{"taxonomy":"product_brand","embeddable":true,"href":"https:\/\/www.jardinartificial.es\/pt\/wp-json\/wp\/v2\/product_brand?post=90486"},{"taxonomy":"product_cat","embeddable":true,"href":"https:\/\/www.jardinartificial.es\/pt\/wp-json\/wp\/v2\/product_cat?post=90486"},{"taxonomy":"product_tag","embeddable":true,"href":"https:\/\/www.jardinartificial.es\/pt\/wp-json\/wp\/v2\/product_tag?post=90486"}],"curies":[{"name":"wp","href":"https:\/\/api.w.org\/{rel}","templated":true}]}}