{"id":90422,"date":"2025-04-25T13:02:50","date_gmt":"2025-04-25T11:02:50","guid":{"rendered":"https:\/\/www.jardinartificial.es\/?post_type=product&#038;p=90422"},"modified":"2026-04-21T10:51:09","modified_gmt":"2026-04-21T08:51:09","slug":"cesped-artificial-madrid-regreen-32mm","status":"publish","type":"product","link":"https:\/\/www.jardinartificial.es\/pt\/comprar\/cesped-artificial-pt\/cesped-artificial-madrid-regreen-32mm\/","title":{"rendered":"Relva Artificial Madrid Regreen 32mm"},"content":{"rendered":"","protected":false},"excerpt":{"rendered":"<p><strong>Modelo de relva Madrid Regreen 32 mm<\/strong><\/p>\n<p>Novo modelo de relva artificial, ideal para instalar como elemento decorativo em jardins, terra\u00e7os, piscinas, \u00e1reas p\u00fablicas e espa\u00e7os para animais de estima\u00e7\u00e3o. Destaca-se pela sua suavidade, resist\u00eancia e design atrativo. Al\u00e9m disso, \u00e9 um produto recicl\u00e1vel, o que o torna uma op\u00e7\u00e3o sustent\u00e1vel sem sacrificar a est\u00e9tica e a funcionalidade.  <\/p>\n<ul>\n<li>Ideal para decorar terra\u00e7os, jardins, \u00e1reas de piscina, animais de estima\u00e7\u00e3o e \u00e1reas p\u00fablicas.<\/li>\n<\/ul>\n<ul>\n<li>Dispon\u00edvel em rolos completos de 50 m\u00b2, 25 metros de comprimento e 2 metros de largura sem cortes.<\/li>\n<\/ul>\n","protected":false},"featured_media":100593,"comment_status":"open","ping_status":"closed","template":"","meta":{"_acf_changed":false},"product_brand":[],"product_cat":[784,748,749],"product_tag":[750,987,994],"class_list":{"0":"post-90422","1":"product","2":"type-product","3":"status-publish","4":"has-post-thumbnail","6":"product_cat-reciclables-100-pt","7":"product_cat-decorativo-pt-3","8":"product_cat-cesped-artificial-pt","9":"product_tag-novedades-pt","10":"product_tag-pt-2","11":"product_tag-relva-cidades","12":"product_shipping_class-standar-pt","13":"sales-flash-overlay","14":"woocommerce-text-align-center","15":"woocommerce-image-align-center","16":"do-quantity-buttons","17":"wc-has-gallery","19":"first","20":"instock","21":"sale","22":"taxable","23":"shipping-taxable","24":"purchasable","25":"product-type-variable"},"acf":{"":""},"gallery_images":[103518,100261,100266,102472],"yoast_head":"<!-- This site is optimized with the Yoast SEO Premium plugin v27.4 (Yoast SEO v27.4) - https:\/\/yoast.com\/product\/yoast-seo-premium-wordpress\/ -->\n<title>\u25b7 Relva Artificial Madrid Regreen 32mm | Venta Online<\/title>\n<meta name=\"description\" content=\"Relva Artificial Madrid Regreen 32 mm muito barata ao corte com os metros que quiser ou em rolo. Relva Artificial de muita qualidade \u2705 Compre online de forma segura.\" \/>\n<meta name=\"robots\" content=\"index, follow, max-snippet:-1, max-image-preview:large, max-video-preview:-1\" \/>\n<link rel=\"canonical\" href=\"https:\/\/www.jardinartificial.es\/pt\/comprar\/cesped-artificial-pt\/cesped-artificial-madrid-regreen-32mm\/\" \/>\n<meta property=\"og:locale\" content=\"pt_PT\" \/>\n<meta property=\"og:type\" content=\"article\" \/>\n<meta property=\"og:title\" content=\"Relva Artificial Madrid Regreen 32mm\" \/>\n<meta property=\"og:description\" content=\"Relva Artificial Madrid Regreen 32 mm muito barata ao corte com os metros que quiser ou em rolo. Relva Artificial de muita qualidade \u2705 Compre online de forma segura.\" \/>\n<meta property=\"og:url\" content=\"https:\/\/www.jardinartificial.es\/pt\/comprar\/cesped-artificial-pt\/cesped-artificial-madrid-regreen-32mm\/\" \/>\n<meta property=\"og:site_name\" content=\"Jardin Artificial\" \/>\n<meta property=\"article:modified_time\" content=\"2026-04-21T08:51:09+00:00\" \/>\n<meta property=\"og:image\" content=\"https:\/\/www.jardinartificial.es\/wp-content\/uploads\/2026\/01\/Cesped-Artificial-Madrid-Regreen-32mm.webp\" \/>\n\t<meta property=\"og:image:width\" content=\"1440\" \/>\n\t<meta property=\"og:image:height\" content=\"960\" \/>\n\t<meta property=\"og:image:type\" content=\"image\/webp\" \/>\n<meta name=\"twitter:card\" content=\"summary_large_image\" \/>\n<meta name=\"twitter:label1\" content=\"Tempo estimado de leitura\" \/>\n\t<meta name=\"twitter:data1\" content=\"1 minuto\" \/>\n<script type=\"application\/ld+json\" class=\"yoast-schema-graph\">{\"@context\":\"https:\\\/\\\/schema.org\",\"@graph\":[{\"@type\":\"WebPage\",\"@id\":\"https:\\\/\\\/www.jardinartificial.es\\\/pt\\\/comprar\\\/cesped-artificial-pt\\\/cesped-artificial-madrid-regreen-32mm\\\/\",\"url\":\"https:\\\/\\\/www.jardinartificial.es\\\/pt\\\/comprar\\\/cesped-artificial-pt\\\/cesped-artificial-madrid-regreen-32mm\\\/\",\"name\":\"\u25b7 Relva Artificial Madrid Regreen 32mm | Venta Online\",\"isPartOf\":{\"@id\":\"https:\\\/\\\/www.jardinartificial.es\\\/pt\\\/#website\"},\"primaryImageOfPage\":{\"@id\":\"https:\\\/\\\/www.jardinartificial.es\\\/pt\\\/comprar\\\/cesped-artificial-pt\\\/cesped-artificial-madrid-regreen-32mm\\\/#primaryimage\"},\"image\":{\"@id\":\"https:\\\/\\\/www.jardinartificial.es\\\/pt\\\/comprar\\\/cesped-artificial-pt\\\/cesped-artificial-madrid-regreen-32mm\\\/#primaryimage\"},\"thumbnailUrl\":\"https:\\\/\\\/www.jardinartificial.es\\\/wp-content\\\/uploads\\\/2026\\\/01\\\/Cesped-Artificial-Madrid-Regreen-32mm.webp\",\"datePublished\":\"2025-04-25T11:02:50+00:00\",\"dateModified\":\"2026-04-21T08:51:09+00:00\",\"description\":\"Relva Artificial Madrid Regreen 32 mm muito barata ao corte com os metros que quiser ou em rolo. Relva Artificial de muita qualidade \u2705 Compre online de forma segura.\",\"breadcrumb\":{\"@id\":\"https:\\\/\\\/www.jardinartificial.es\\\/pt\\\/comprar\\\/cesped-artificial-pt\\\/cesped-artificial-madrid-regreen-32mm\\\/#breadcrumb\"},\"inLanguage\":\"pt-PT\",\"potentialAction\":[{\"@type\":\"ReadAction\",\"target\":[\"https:\\\/\\\/www.jardinartificial.es\\\/pt\\\/comprar\\\/cesped-artificial-pt\\\/cesped-artificial-madrid-regreen-32mm\\\/\"]}]},{\"@type\":\"ImageObject\",\"inLanguage\":\"pt-PT\",\"@id\":\"https:\\\/\\\/www.jardinartificial.es\\\/pt\\\/comprar\\\/cesped-artificial-pt\\\/cesped-artificial-madrid-regreen-32mm\\\/#primaryimage\",\"url\":\"https:\\\/\\\/www.jardinartificial.es\\\/wp-content\\\/uploads\\\/2026\\\/01\\\/Cesped-Artificial-Madrid-Regreen-32mm.webp\",\"contentUrl\":\"https:\\\/\\\/www.jardinartificial.es\\\/wp-content\\\/uploads\\\/2026\\\/01\\\/Cesped-Artificial-Madrid-Regreen-32mm.webp\",\"width\":1440,\"height\":960,\"caption\":\"Relva Artificial Madrid Regreen 32mm\"},{\"@type\":\"BreadcrumbList\",\"@id\":\"https:\\\/\\\/www.jardinartificial.es\\\/pt\\\/comprar\\\/cesped-artificial-pt\\\/cesped-artificial-madrid-regreen-32mm\\\/#breadcrumb\",\"itemListElement\":[{\"@type\":\"ListItem\",\"position\":1,\"name\":\"Portada\",\"item\":\"https:\\\/\\\/www.jardinartificial.es\\\/pt\\\/\"},{\"@type\":\"ListItem\",\"position\":2,\"name\":\"Todos os produtos\",\"item\":\"https:\\\/\\\/www.jardinartificial.es\\\/pt-pt\\\/todos-os-produtos\\\/\"},{\"@type\":\"ListItem\",\"position\":3,\"name\":\"Relva Artificial Madrid Regreen 32mm\"}]},{\"@type\":\"WebSite\",\"@id\":\"https:\\\/\\\/www.jardinartificial.es\\\/pt\\\/#website\",\"url\":\"https:\\\/\\\/www.jardinartificial.es\\\/pt\\\/\",\"name\":\"Jard\u00edn Artificial - Venta de C\u00e9sped Artficial\",\"description\":\"C\u00e9sped Artificial barato al corte\",\"publisher\":{\"@id\":\"https:\\\/\\\/www.jardinartificial.es\\\/pt\\\/#organization\"},\"potentialAction\":[{\"@type\":\"SearchAction\",\"target\":{\"@type\":\"EntryPoint\",\"urlTemplate\":\"https:\\\/\\\/www.jardinartificial.es\\\/pt\\\/?s={search_term_string}\"},\"query-input\":{\"@type\":\"PropertyValueSpecification\",\"valueRequired\":true,\"valueName\":\"search_term_string\"}}],\"inLanguage\":\"pt-PT\"},{\"@type\":\"Organization\",\"@id\":\"https:\\\/\\\/www.jardinartificial.es\\\/pt\\\/#organization\",\"name\":\"Jard\u00edn Artificial\",\"url\":\"https:\\\/\\\/www.jardinartificial.es\\\/pt\\\/\",\"logo\":{\"@type\":\"ImageObject\",\"inLanguage\":\"pt-PT\",\"@id\":\"https:\\\/\\\/www.jardinartificial.es\\\/pt\\\/#\\\/schema\\\/logo\\\/image\\\/\",\"url\":\"https:\\\/\\\/www.jardinartificial.es\\\/wp-content\\\/uploads\\\/2023\\\/03\\\/logotipo.svg\",\"contentUrl\":\"https:\\\/\\\/www.jardinartificial.es\\\/wp-content\\\/uploads\\\/2023\\\/03\\\/logotipo.svg\",\"width\":187,\"height\":53,\"caption\":\"Jard\u00edn Artificial\"},\"image\":{\"@id\":\"https:\\\/\\\/www.jardinartificial.es\\\/pt\\\/#\\\/schema\\\/logo\\\/image\\\/\"}}]}<\/script>\n<!-- \/ Yoast SEO Premium plugin. -->","yoast_head_json":{"title":"\u25b7 Relva Artificial Madrid Regreen 32mm | Venta Online","description":"Relva Artificial Madrid Regreen 32 mm muito barata ao corte com os metros que quiser ou em rolo. Relva Artificial de muita qualidade \u2705 Compre online de forma segura.","robots":{"index":"index","follow":"follow","max-snippet":"max-snippet:-1","max-image-preview":"max-image-preview:large","max-video-preview":"max-video-preview:-1"},"canonical":"https:\/\/www.jardinartificial.es\/pt\/comprar\/cesped-artificial-pt\/cesped-artificial-madrid-regreen-32mm\/","og_locale":"pt_PT","og_type":"article","og_title":"Relva Artificial Madrid Regreen 32mm","og_description":"Relva Artificial Madrid Regreen 32 mm muito barata ao corte com os metros que quiser ou em rolo. Relva Artificial de muita qualidade \u2705 Compre online de forma segura.","og_url":"https:\/\/www.jardinartificial.es\/pt\/comprar\/cesped-artificial-pt\/cesped-artificial-madrid-regreen-32mm\/","og_site_name":"Jardin Artificial","article_modified_time":"2026-04-21T08:51:09+00:00","og_image":[{"width":1440,"height":960,"url":"https:\/\/www.jardinartificial.es\/wp-content\/uploads\/2026\/01\/Cesped-Artificial-Madrid-Regreen-32mm.webp","type":"image\/webp"}],"twitter_card":"summary_large_image","twitter_misc":{"Tempo estimado de leitura":"1 minuto"},"schema":{"@context":"https:\/\/schema.org","@graph":[{"@type":"WebPage","@id":"https:\/\/www.jardinartificial.es\/pt\/comprar\/cesped-artificial-pt\/cesped-artificial-madrid-regreen-32mm\/","url":"https:\/\/www.jardinartificial.es\/pt\/comprar\/cesped-artificial-pt\/cesped-artificial-madrid-regreen-32mm\/","name":"\u25b7 Relva Artificial Madrid Regreen 32mm | Venta Online","isPartOf":{"@id":"https:\/\/www.jardinartificial.es\/pt\/#website"},"primaryImageOfPage":{"@id":"https:\/\/www.jardinartificial.es\/pt\/comprar\/cesped-artificial-pt\/cesped-artificial-madrid-regreen-32mm\/#primaryimage"},"image":{"@id":"https:\/\/www.jardinartificial.es\/pt\/comprar\/cesped-artificial-pt\/cesped-artificial-madrid-regreen-32mm\/#primaryimage"},"thumbnailUrl":"https:\/\/www.jardinartificial.es\/wp-content\/uploads\/2026\/01\/Cesped-Artificial-Madrid-Regreen-32mm.webp","datePublished":"2025-04-25T11:02:50+00:00","dateModified":"2026-04-21T08:51:09+00:00","description":"Relva Artificial Madrid Regreen 32 mm muito barata ao corte com os metros que quiser ou em rolo. Relva Artificial de muita qualidade \u2705 Compre online de forma segura.","breadcrumb":{"@id":"https:\/\/www.jardinartificial.es\/pt\/comprar\/cesped-artificial-pt\/cesped-artificial-madrid-regreen-32mm\/#breadcrumb"},"inLanguage":"pt-PT","potentialAction":[{"@type":"ReadAction","target":["https:\/\/www.jardinartificial.es\/pt\/comprar\/cesped-artificial-pt\/cesped-artificial-madrid-regreen-32mm\/"]}]},{"@type":"ImageObject","inLanguage":"pt-PT","@id":"https:\/\/www.jardinartificial.es\/pt\/comprar\/cesped-artificial-pt\/cesped-artificial-madrid-regreen-32mm\/#primaryimage","url":"https:\/\/www.jardinartificial.es\/wp-content\/uploads\/2026\/01\/Cesped-Artificial-Madrid-Regreen-32mm.webp","contentUrl":"https:\/\/www.jardinartificial.es\/wp-content\/uploads\/2026\/01\/Cesped-Artificial-Madrid-Regreen-32mm.webp","width":1440,"height":960,"caption":"Relva Artificial Madrid Regreen 32mm"},{"@type":"BreadcrumbList","@id":"https:\/\/www.jardinartificial.es\/pt\/comprar\/cesped-artificial-pt\/cesped-artificial-madrid-regreen-32mm\/#breadcrumb","itemListElement":[{"@type":"ListItem","position":1,"name":"Portada","item":"https:\/\/www.jardinartificial.es\/pt\/"},{"@type":"ListItem","position":2,"name":"Todos os produtos","item":"https:\/\/www.jardinartificial.es\/pt-pt\/todos-os-produtos\/"},{"@type":"ListItem","position":3,"name":"Relva Artificial Madrid Regreen 32mm"}]},{"@type":"WebSite","@id":"https:\/\/www.jardinartificial.es\/pt\/#website","url":"https:\/\/www.jardinartificial.es\/pt\/","name":"Jard\u00edn Artificial - Venta de C\u00e9sped Artficial","description":"C\u00e9sped Artificial barato al corte","publisher":{"@id":"https:\/\/www.jardinartificial.es\/pt\/#organization"},"potentialAction":[{"@type":"SearchAction","target":{"@type":"EntryPoint","urlTemplate":"https:\/\/www.jardinartificial.es\/pt\/?s={search_term_string}"},"query-input":{"@type":"PropertyValueSpecification","valueRequired":true,"valueName":"search_term_string"}}],"inLanguage":"pt-PT"},{"@type":"Organization","@id":"https:\/\/www.jardinartificial.es\/pt\/#organization","name":"Jard\u00edn Artificial","url":"https:\/\/www.jardinartificial.es\/pt\/","logo":{"@type":"ImageObject","inLanguage":"pt-PT","@id":"https:\/\/www.jardinartificial.es\/pt\/#\/schema\/logo\/image\/","url":"https:\/\/www.jardinartificial.es\/wp-content\/uploads\/2023\/03\/logotipo.svg","contentUrl":"https:\/\/www.jardinartificial.es\/wp-content\/uploads\/2023\/03\/logotipo.svg","width":187,"height":53,"caption":"Jard\u00edn Artificial"},"image":{"@id":"https:\/\/www.jardinartificial.es\/pt\/#\/schema\/logo\/image\/"}}]}},"_links":{"self":[{"href":"https:\/\/www.jardinartificial.es\/pt\/wp-json\/wp\/v2\/product\/90422","targetHints":{"allow":["GET"]}}],"collection":[{"href":"https:\/\/www.jardinartificial.es\/pt\/wp-json\/wp\/v2\/product"}],"about":[{"href":"https:\/\/www.jardinartificial.es\/pt\/wp-json\/wp\/v2\/types\/product"}],"replies":[{"embeddable":true,"href":"https:\/\/www.jardinartificial.es\/pt\/wp-json\/wp\/v2\/comments?post=90422"}],"wp:featuredmedia":[{"embeddable":true,"href":"https:\/\/www.jardinartificial.es\/pt\/wp-json\/wp\/v2\/media\/100593"}],"wp:attachment":[{"href":"https:\/\/www.jardinartificial.es\/pt\/wp-json\/wp\/v2\/media?parent=90422"}],"wp:term":[{"taxonomy":"product_brand","embeddable":true,"href":"https:\/\/www.jardinartificial.es\/pt\/wp-json\/wp\/v2\/product_brand?post=90422"},{"taxonomy":"product_cat","embeddable":true,"href":"https:\/\/www.jardinartificial.es\/pt\/wp-json\/wp\/v2\/product_cat?post=90422"},{"taxonomy":"product_tag","embeddable":true,"href":"https:\/\/www.jardinartificial.es\/pt\/wp-json\/wp\/v2\/product_tag?post=90422"}],"curies":[{"name":"wp","href":"https:\/\/api.w.org\/{rel}","templated":true}]}}