{"id":89979,"date":"2025-04-14T08:44:52","date_gmt":"2025-04-14T06:44:52","guid":{"rendered":"https:\/\/www.jardinartificial.es\/?post_type=product&#038;p=89979"},"modified":"2026-04-21T10:48:04","modified_gmt":"2026-04-21T08:48:04","slug":"relva-artificial-multinature-30mm","status":"publish","type":"product","link":"https:\/\/www.jardinartificial.es\/pt\/comprar\/cesped-artificial-pt\/relva-artificial-multinature-30mm\/","title":{"rendered":"Relva Artificial Multinature 30mm"},"content":{"rendered":"","protected":false},"excerpt":{"rendered":"<p><strong>Modelo de relva Multinature 30 mm<\/strong><\/p>\n<p>Modelo multidirecional com um aspeto muito natural gra\u00e7as \u00e0 dire\u00e7\u00e3o multidirecional das suas fibras e \u00e0 vasta gama de cores utilizadas nos seus fios rectos e encaracolados.<\/p>\n<ul>\n<li>Ideal para decorar \u00e1reas p\u00fablicas, jardins, terra\u00e7os, \u00e1reas de piscina e \u00e1reas para animais de estima\u00e7\u00e3o.<\/li>\n<\/ul>\n<ul>\n<li>Dispon\u00edvel em rolos completos de 50 m\u00b2, 25 metros de comprimento e 2 metros de largura sem cortes.<\/li>\n<\/ul>\n","protected":false},"featured_media":100608,"comment_status":"open","ping_status":"closed","template":"","meta":{"_acf_changed":false},"product_brand":[],"product_cat":[748,840,749],"product_tag":[987,994],"class_list":{"0":"post-89979","1":"product","2":"type-product","3":"status-publish","4":"has-post-thumbnail","6":"product_cat-decorativo-pt-3","7":"product_cat-multidirecional","8":"product_cat-cesped-artificial-pt","9":"product_tag-pt-2","10":"product_tag-relva-cidades","11":"product_shipping_class-standar-pt","12":"sales-flash-overlay","13":"woocommerce-text-align-center","14":"woocommerce-image-align-center","15":"do-quantity-buttons","16":"wc-has-gallery","18":"first","19":"instock","20":"sale","21":"featured","22":"taxable","23":"shipping-taxable","24":"purchasable","25":"product-type-variable"},"acf":{"":""},"gallery_images":[100274,100275,102345],"yoast_head":"<!-- This site is optimized with the Yoast SEO Premium plugin v27.4 (Yoast SEO v27.4) - https:\/\/yoast.com\/product\/yoast-seo-premium-wordpress\/ -->\n<title>\u25b7 Relva Artificial 30mm - Venta Online<\/title>\n<meta name=\"description\" content=\"Relva Artificial Multinature 30 mm muito barata ao corte ou em rolo. Relva Artificial de muita qualidade \u2705 Compre online de forma segura.\" \/>\n<meta name=\"robots\" content=\"index, follow, max-snippet:-1, max-image-preview:large, max-video-preview:-1\" \/>\n<link rel=\"canonical\" href=\"https:\/\/www.jardinartificial.es\/pt\/comprar\/cesped-artificial-pt\/relva-artificial-multinature-30mm\/\" \/>\n<meta property=\"og:locale\" content=\"pt_PT\" \/>\n<meta property=\"og:type\" content=\"article\" \/>\n<meta property=\"og:title\" content=\"Relva Artificial Multinature 30mm\" \/>\n<meta property=\"og:description\" content=\"Relva Artificial Multinature 30 mm muito barata ao corte ou em rolo. Relva Artificial de muita qualidade \u2705 Compre online de forma segura.\" \/>\n<meta property=\"og:url\" content=\"https:\/\/www.jardinartificial.es\/pt\/comprar\/cesped-artificial-pt\/relva-artificial-multinature-30mm\/\" \/>\n<meta property=\"og:site_name\" content=\"Jardin Artificial\" \/>\n<meta property=\"article:modified_time\" content=\"2026-04-21T08:48:04+00:00\" \/>\n<meta property=\"og:image\" content=\"https:\/\/www.jardinartificial.es\/wp-content\/uploads\/2026\/01\/Cesped-Artificial-Nature-30.jpeg\" \/>\n\t<meta property=\"og:image:width\" content=\"1440\" \/>\n\t<meta property=\"og:image:height\" content=\"960\" \/>\n\t<meta property=\"og:image:type\" content=\"image\/jpeg\" \/>\n<meta name=\"twitter:card\" content=\"summary_large_image\" \/>\n<meta name=\"twitter:label1\" content=\"Tempo estimado de leitura\" \/>\n\t<meta name=\"twitter:data1\" content=\"1 minuto\" \/>\n<script type=\"application\/ld+json\" class=\"yoast-schema-graph\">{\"@context\":\"https:\\\/\\\/schema.org\",\"@graph\":[{\"@type\":\"WebPage\",\"@id\":\"https:\\\/\\\/www.jardinartificial.es\\\/pt\\\/comprar\\\/cesped-artificial-pt\\\/relva-artificial-multinature-30mm\\\/\",\"url\":\"https:\\\/\\\/www.jardinartificial.es\\\/pt\\\/comprar\\\/cesped-artificial-pt\\\/relva-artificial-multinature-30mm\\\/\",\"name\":\"\u25b7 Relva Artificial 30mm - Venta Online\",\"isPartOf\":{\"@id\":\"https:\\\/\\\/www.jardinartificial.es\\\/pt\\\/#website\"},\"primaryImageOfPage\":{\"@id\":\"https:\\\/\\\/www.jardinartificial.es\\\/pt\\\/comprar\\\/cesped-artificial-pt\\\/relva-artificial-multinature-30mm\\\/#primaryimage\"},\"image\":{\"@id\":\"https:\\\/\\\/www.jardinartificial.es\\\/pt\\\/comprar\\\/cesped-artificial-pt\\\/relva-artificial-multinature-30mm\\\/#primaryimage\"},\"thumbnailUrl\":\"https:\\\/\\\/www.jardinartificial.es\\\/wp-content\\\/uploads\\\/2026\\\/01\\\/Cesped-Artificial-Nature-30.jpeg\",\"datePublished\":\"2025-04-14T06:44:52+00:00\",\"dateModified\":\"2026-04-21T08:48:04+00:00\",\"description\":\"Relva Artificial Multinature 30 mm muito barata ao corte ou em rolo. Relva Artificial de muita qualidade \u2705 Compre online de forma segura.\",\"breadcrumb\":{\"@id\":\"https:\\\/\\\/www.jardinartificial.es\\\/pt\\\/comprar\\\/cesped-artificial-pt\\\/relva-artificial-multinature-30mm\\\/#breadcrumb\"},\"inLanguage\":\"pt-PT\",\"potentialAction\":[{\"@type\":\"ReadAction\",\"target\":[\"https:\\\/\\\/www.jardinartificial.es\\\/pt\\\/comprar\\\/cesped-artificial-pt\\\/relva-artificial-multinature-30mm\\\/\"]}]},{\"@type\":\"ImageObject\",\"inLanguage\":\"pt-PT\",\"@id\":\"https:\\\/\\\/www.jardinartificial.es\\\/pt\\\/comprar\\\/cesped-artificial-pt\\\/relva-artificial-multinature-30mm\\\/#primaryimage\",\"url\":\"https:\\\/\\\/www.jardinartificial.es\\\/wp-content\\\/uploads\\\/2026\\\/01\\\/Cesped-Artificial-Nature-30.jpeg\",\"contentUrl\":\"https:\\\/\\\/www.jardinartificial.es\\\/wp-content\\\/uploads\\\/2026\\\/01\\\/Cesped-Artificial-Nature-30.jpeg\",\"width\":1440,\"height\":960,\"caption\":\"Relva Artificial Nature 30\"},{\"@type\":\"BreadcrumbList\",\"@id\":\"https:\\\/\\\/www.jardinartificial.es\\\/pt\\\/comprar\\\/cesped-artificial-pt\\\/relva-artificial-multinature-30mm\\\/#breadcrumb\",\"itemListElement\":[{\"@type\":\"ListItem\",\"position\":1,\"name\":\"Portada\",\"item\":\"https:\\\/\\\/www.jardinartificial.es\\\/pt\\\/\"},{\"@type\":\"ListItem\",\"position\":2,\"name\":\"Todos os produtos\",\"item\":\"https:\\\/\\\/www.jardinartificial.es\\\/pt-pt\\\/todos-os-produtos\\\/\"},{\"@type\":\"ListItem\",\"position\":3,\"name\":\"Relva Artificial Multinature 30mm\"}]},{\"@type\":\"WebSite\",\"@id\":\"https:\\\/\\\/www.jardinartificial.es\\\/pt\\\/#website\",\"url\":\"https:\\\/\\\/www.jardinartificial.es\\\/pt\\\/\",\"name\":\"Jard\u00edn Artificial - Venta de C\u00e9sped Artficial\",\"description\":\"C\u00e9sped Artificial barato al corte\",\"publisher\":{\"@id\":\"https:\\\/\\\/www.jardinartificial.es\\\/pt\\\/#organization\"},\"potentialAction\":[{\"@type\":\"SearchAction\",\"target\":{\"@type\":\"EntryPoint\",\"urlTemplate\":\"https:\\\/\\\/www.jardinartificial.es\\\/pt\\\/?s={search_term_string}\"},\"query-input\":{\"@type\":\"PropertyValueSpecification\",\"valueRequired\":true,\"valueName\":\"search_term_string\"}}],\"inLanguage\":\"pt-PT\"},{\"@type\":\"Organization\",\"@id\":\"https:\\\/\\\/www.jardinartificial.es\\\/pt\\\/#organization\",\"name\":\"Jard\u00edn Artificial\",\"url\":\"https:\\\/\\\/www.jardinartificial.es\\\/pt\\\/\",\"logo\":{\"@type\":\"ImageObject\",\"inLanguage\":\"pt-PT\",\"@id\":\"https:\\\/\\\/www.jardinartificial.es\\\/pt\\\/#\\\/schema\\\/logo\\\/image\\\/\",\"url\":\"https:\\\/\\\/www.jardinartificial.es\\\/wp-content\\\/uploads\\\/2023\\\/03\\\/logotipo.svg\",\"contentUrl\":\"https:\\\/\\\/www.jardinartificial.es\\\/wp-content\\\/uploads\\\/2023\\\/03\\\/logotipo.svg\",\"width\":187,\"height\":53,\"caption\":\"Jard\u00edn Artificial\"},\"image\":{\"@id\":\"https:\\\/\\\/www.jardinartificial.es\\\/pt\\\/#\\\/schema\\\/logo\\\/image\\\/\"}}]}<\/script>\n<!-- \/ Yoast SEO Premium plugin. -->","yoast_head_json":{"title":"\u25b7 Relva Artificial 30mm - Venta Online","description":"Relva Artificial Multinature 30 mm muito barata ao corte ou em rolo. Relva Artificial de muita qualidade \u2705 Compre online de forma segura.","robots":{"index":"index","follow":"follow","max-snippet":"max-snippet:-1","max-image-preview":"max-image-preview:large","max-video-preview":"max-video-preview:-1"},"canonical":"https:\/\/www.jardinartificial.es\/pt\/comprar\/cesped-artificial-pt\/relva-artificial-multinature-30mm\/","og_locale":"pt_PT","og_type":"article","og_title":"Relva Artificial Multinature 30mm","og_description":"Relva Artificial Multinature 30 mm muito barata ao corte ou em rolo. Relva Artificial de muita qualidade \u2705 Compre online de forma segura.","og_url":"https:\/\/www.jardinartificial.es\/pt\/comprar\/cesped-artificial-pt\/relva-artificial-multinature-30mm\/","og_site_name":"Jardin Artificial","article_modified_time":"2026-04-21T08:48:04+00:00","og_image":[{"width":1440,"height":960,"url":"https:\/\/www.jardinartificial.es\/wp-content\/uploads\/2026\/01\/Cesped-Artificial-Nature-30.jpeg","type":"image\/jpeg"}],"twitter_card":"summary_large_image","twitter_misc":{"Tempo estimado de leitura":"1 minuto"},"schema":{"@context":"https:\/\/schema.org","@graph":[{"@type":"WebPage","@id":"https:\/\/www.jardinartificial.es\/pt\/comprar\/cesped-artificial-pt\/relva-artificial-multinature-30mm\/","url":"https:\/\/www.jardinartificial.es\/pt\/comprar\/cesped-artificial-pt\/relva-artificial-multinature-30mm\/","name":"\u25b7 Relva Artificial 30mm - Venta Online","isPartOf":{"@id":"https:\/\/www.jardinartificial.es\/pt\/#website"},"primaryImageOfPage":{"@id":"https:\/\/www.jardinartificial.es\/pt\/comprar\/cesped-artificial-pt\/relva-artificial-multinature-30mm\/#primaryimage"},"image":{"@id":"https:\/\/www.jardinartificial.es\/pt\/comprar\/cesped-artificial-pt\/relva-artificial-multinature-30mm\/#primaryimage"},"thumbnailUrl":"https:\/\/www.jardinartificial.es\/wp-content\/uploads\/2026\/01\/Cesped-Artificial-Nature-30.jpeg","datePublished":"2025-04-14T06:44:52+00:00","dateModified":"2026-04-21T08:48:04+00:00","description":"Relva Artificial Multinature 30 mm muito barata ao corte ou em rolo. Relva Artificial de muita qualidade \u2705 Compre online de forma segura.","breadcrumb":{"@id":"https:\/\/www.jardinartificial.es\/pt\/comprar\/cesped-artificial-pt\/relva-artificial-multinature-30mm\/#breadcrumb"},"inLanguage":"pt-PT","potentialAction":[{"@type":"ReadAction","target":["https:\/\/www.jardinartificial.es\/pt\/comprar\/cesped-artificial-pt\/relva-artificial-multinature-30mm\/"]}]},{"@type":"ImageObject","inLanguage":"pt-PT","@id":"https:\/\/www.jardinartificial.es\/pt\/comprar\/cesped-artificial-pt\/relva-artificial-multinature-30mm\/#primaryimage","url":"https:\/\/www.jardinartificial.es\/wp-content\/uploads\/2026\/01\/Cesped-Artificial-Nature-30.jpeg","contentUrl":"https:\/\/www.jardinartificial.es\/wp-content\/uploads\/2026\/01\/Cesped-Artificial-Nature-30.jpeg","width":1440,"height":960,"caption":"Relva Artificial Nature 30"},{"@type":"BreadcrumbList","@id":"https:\/\/www.jardinartificial.es\/pt\/comprar\/cesped-artificial-pt\/relva-artificial-multinature-30mm\/#breadcrumb","itemListElement":[{"@type":"ListItem","position":1,"name":"Portada","item":"https:\/\/www.jardinartificial.es\/pt\/"},{"@type":"ListItem","position":2,"name":"Todos os produtos","item":"https:\/\/www.jardinartificial.es\/pt-pt\/todos-os-produtos\/"},{"@type":"ListItem","position":3,"name":"Relva Artificial Multinature 30mm"}]},{"@type":"WebSite","@id":"https:\/\/www.jardinartificial.es\/pt\/#website","url":"https:\/\/www.jardinartificial.es\/pt\/","name":"Jard\u00edn Artificial - Venta de C\u00e9sped Artficial","description":"C\u00e9sped Artificial barato al corte","publisher":{"@id":"https:\/\/www.jardinartificial.es\/pt\/#organization"},"potentialAction":[{"@type":"SearchAction","target":{"@type":"EntryPoint","urlTemplate":"https:\/\/www.jardinartificial.es\/pt\/?s={search_term_string}"},"query-input":{"@type":"PropertyValueSpecification","valueRequired":true,"valueName":"search_term_string"}}],"inLanguage":"pt-PT"},{"@type":"Organization","@id":"https:\/\/www.jardinartificial.es\/pt\/#organization","name":"Jard\u00edn Artificial","url":"https:\/\/www.jardinartificial.es\/pt\/","logo":{"@type":"ImageObject","inLanguage":"pt-PT","@id":"https:\/\/www.jardinartificial.es\/pt\/#\/schema\/logo\/image\/","url":"https:\/\/www.jardinartificial.es\/wp-content\/uploads\/2023\/03\/logotipo.svg","contentUrl":"https:\/\/www.jardinartificial.es\/wp-content\/uploads\/2023\/03\/logotipo.svg","width":187,"height":53,"caption":"Jard\u00edn Artificial"},"image":{"@id":"https:\/\/www.jardinartificial.es\/pt\/#\/schema\/logo\/image\/"}}]}},"_links":{"self":[{"href":"https:\/\/www.jardinartificial.es\/pt\/wp-json\/wp\/v2\/product\/89979","targetHints":{"allow":["GET"]}}],"collection":[{"href":"https:\/\/www.jardinartificial.es\/pt\/wp-json\/wp\/v2\/product"}],"about":[{"href":"https:\/\/www.jardinartificial.es\/pt\/wp-json\/wp\/v2\/types\/product"}],"replies":[{"embeddable":true,"href":"https:\/\/www.jardinartificial.es\/pt\/wp-json\/wp\/v2\/comments?post=89979"}],"wp:featuredmedia":[{"embeddable":true,"href":"https:\/\/www.jardinartificial.es\/pt\/wp-json\/wp\/v2\/media\/100608"}],"wp:attachment":[{"href":"https:\/\/www.jardinartificial.es\/pt\/wp-json\/wp\/v2\/media?parent=89979"}],"wp:term":[{"taxonomy":"product_brand","embeddable":true,"href":"https:\/\/www.jardinartificial.es\/pt\/wp-json\/wp\/v2\/product_brand?post=89979"},{"taxonomy":"product_cat","embeddable":true,"href":"https:\/\/www.jardinartificial.es\/pt\/wp-json\/wp\/v2\/product_cat?post=89979"},{"taxonomy":"product_tag","embeddable":true,"href":"https:\/\/www.jardinartificial.es\/pt\/wp-json\/wp\/v2\/product_tag?post=89979"}],"curies":[{"name":"wp","href":"https:\/\/api.w.org\/{rel}","templated":true}]}}