{"id":87416,"date":"2025-01-14T11:13:04","date_gmt":"2025-01-14T10:13:04","guid":{"rendered":"https:\/\/www.jardinartificial.es\/?post_type=product&#038;p=87416"},"modified":"2026-04-13T14:03:43","modified_gmt":"2026-04-13T12:03:43","slug":"lilas-artificial-alocasia-artificial-170cm","status":"publish","type":"product","link":"https:\/\/www.jardinartificial.es\/pt\/comprar\/plantas-artificiales-pt\/plantas-grandes-pt\/lilas-artificial-alocasia-artificial-170cm\/","title":{"rendered":"Lil\u00e1s Artificial Alocasia Artificial 170CM"},"content":{"rendered":"","protected":false},"excerpt":{"rendered":"<p><strong>Lil\u00e1s Artificial Alocasia Artificial 170 cm<\/strong><\/p>\n<p class=\"pip-product-details__paragraph\">Transforma os teus espa\u00e7os com o elegante lil\u00e1s artificial de 170 cm Alocasia lilac.<\/p>\n<p class=\"pip-product-details__paragraph\">As suas folhas grandes, com uma textura realista, e os seus tons verdes profundos d\u00e3o-lhe um toque sofisticado e ex\u00f3tico. Ideal para decorar interiores modernos ou cl\u00e1ssicos, esta planta combina design e praticidade, oferecendo uma beleza duradoura e sem manuten\u00e7\u00e3o. <\/p>\n","protected":false},"featured_media":100419,"comment_status":"open","ping_status":"closed","template":"","meta":{"_acf_changed":false},"product_brand":[],"product_cat":[774,838],"product_tag":[987],"class_list":{"0":"post-87416","1":"product","2":"type-product","3":"status-publish","4":"has-post-thumbnail","6":"product_cat-plantas-artificiales-pt","7":"product_cat-plantas-grandes-pt","8":"product_tag-pt-2","9":"product_shipping_class-estandar-pt","10":"sales-flash-overlay","11":"woocommerce-text-align-center","12":"woocommerce-image-align-center","13":"do-quantity-buttons","14":"wc-has-gallery","16":"first","17":"outofstock","18":"sale","19":"taxable","20":"shipping-taxable","21":"purchasable","22":"product-type-simple"},"acf":{"":""},"gallery_images":[100181],"yoast_head":"<!-- This site is optimized with the Yoast SEO Premium plugin v27.1 (Yoast SEO v27.2) - https:\/\/yoast.com\/product\/yoast-seo-premium-wordpress\/ -->\n<title>Lil\u00e1s Artificial Alocasia Artificial 170CM | Planta Jardin Artificial<\/title>\n<meta name=\"description\" content=\"Planta artificial decorativa grande Alocasia lil\u00e1s 170 cm muito realista. Folhas grandes com textura realista e tons verdes profundos.\" \/>\n<meta name=\"robots\" content=\"index, follow, max-snippet:-1, max-image-preview:large, max-video-preview:-1\" \/>\n<link rel=\"canonical\" href=\"https:\/\/www.jardinartificial.es\/pt\/comprar\/plantas-artificiales-pt\/plantas-grandes-pt\/lilas-artificial-alocasia-artificial-170cm\/\" \/>\n<meta property=\"og:locale\" content=\"pt_PT\" \/>\n<meta property=\"og:type\" content=\"article\" \/>\n<meta property=\"og:title\" content=\"Lil\u00e1s Artificial Alocasia Artificial 170CM\" \/>\n<meta property=\"og:description\" content=\"Planta artificial decorativa grande Alocasia lil\u00e1s 170 cm muito realista. Folhas grandes com textura realista e tons verdes profundos.\" \/>\n<meta property=\"og:url\" content=\"https:\/\/www.jardinartificial.es\/pt\/comprar\/plantas-artificiales-pt\/plantas-grandes-pt\/lilas-artificial-alocasia-artificial-170cm\/\" \/>\n<meta property=\"og:site_name\" content=\"Jardin Artificial\" \/>\n<meta property=\"article:modified_time\" content=\"2026-04-13T12:03:43+00:00\" \/>\n<meta property=\"og:image\" content=\"https:\/\/www.jardinartificial.es\/wp-content\/uploads\/2026\/01\/Alocasia-Lila-Artificial-170CM.jpeg\" \/>\n\t<meta property=\"og:image:width\" content=\"1353\" \/>\n\t<meta property=\"og:image:height\" content=\"1425\" \/>\n\t<meta property=\"og:image:type\" content=\"image\/jpeg\" \/>\n<meta name=\"twitter:card\" content=\"summary_large_image\" \/>\n<meta name=\"twitter:label1\" content=\"Tempo estimado de leitura\" \/>\n\t<meta name=\"twitter:data1\" content=\"1 minuto\" \/>\n<script type=\"application\/ld+json\" class=\"yoast-schema-graph\">{\"@context\":\"https:\/\/schema.org\",\"@graph\":[{\"@type\":\"WebPage\",\"@id\":\"https:\/\/www.jardinartificial.es\/pt\/comprar\/plantas-artificiales-pt\/plantas-grandes-pt\/lilas-artificial-alocasia-artificial-170cm\/\",\"url\":\"https:\/\/www.jardinartificial.es\/pt\/comprar\/plantas-artificiales-pt\/plantas-grandes-pt\/lilas-artificial-alocasia-artificial-170cm\/\",\"name\":\"Lil\u00e1s Artificial Alocasia Artificial 170CM | Planta Jardin Artificial\",\"isPartOf\":{\"@id\":\"https:\/\/www.jardinartificial.es\/pt\/#website\"},\"primaryImageOfPage\":{\"@id\":\"https:\/\/www.jardinartificial.es\/pt\/comprar\/plantas-artificiales-pt\/plantas-grandes-pt\/lilas-artificial-alocasia-artificial-170cm\/#primaryimage\"},\"image\":{\"@id\":\"https:\/\/www.jardinartificial.es\/pt\/comprar\/plantas-artificiales-pt\/plantas-grandes-pt\/lilas-artificial-alocasia-artificial-170cm\/#primaryimage\"},\"thumbnailUrl\":\"https:\/\/www.jardinartificial.es\/wp-content\/uploads\/2026\/01\/Alocasia-Lila-Artificial-170CM.jpeg\",\"datePublished\":\"2025-01-14T10:13:04+00:00\",\"dateModified\":\"2026-04-13T12:03:43+00:00\",\"description\":\"Planta artificial decorativa grande Alocasia lil\u00e1s 170 cm muito realista. Folhas grandes com textura realista e tons verdes profundos.\",\"breadcrumb\":{\"@id\":\"https:\/\/www.jardinartificial.es\/pt\/comprar\/plantas-artificiales-pt\/plantas-grandes-pt\/lilas-artificial-alocasia-artificial-170cm\/#breadcrumb\"},\"inLanguage\":\"pt-PT\",\"potentialAction\":[{\"@type\":\"ReadAction\",\"target\":[\"https:\/\/www.jardinartificial.es\/pt\/comprar\/plantas-artificiales-pt\/plantas-grandes-pt\/lilas-artificial-alocasia-artificial-170cm\/\"]}]},{\"@type\":\"ImageObject\",\"inLanguage\":\"pt-PT\",\"@id\":\"https:\/\/www.jardinartificial.es\/pt\/comprar\/plantas-artificiales-pt\/plantas-grandes-pt\/lilas-artificial-alocasia-artificial-170cm\/#primaryimage\",\"url\":\"https:\/\/www.jardinartificial.es\/wp-content\/uploads\/2026\/01\/Alocasia-Lila-Artificial-170CM.jpeg\",\"contentUrl\":\"https:\/\/www.jardinartificial.es\/wp-content\/uploads\/2026\/01\/Alocasia-Lila-Artificial-170CM.jpeg\",\"width\":1353,\"height\":1425,\"caption\":\"Lil\u00e1s Artificial Alocasia Artificial 170CM\"},{\"@type\":\"BreadcrumbList\",\"@id\":\"https:\/\/www.jardinartificial.es\/pt\/comprar\/plantas-artificiales-pt\/plantas-grandes-pt\/lilas-artificial-alocasia-artificial-170cm\/#breadcrumb\",\"itemListElement\":[{\"@type\":\"ListItem\",\"position\":1,\"name\":\"Portada\",\"item\":\"https:\/\/www.jardinartificial.es\/pt\/\"},{\"@type\":\"ListItem\",\"position\":2,\"name\":\"Todos os produtos\",\"item\":\"https:\/\/www.jardinartificial.es\/pt-pt\/todos-os-produtos\/\"},{\"@type\":\"ListItem\",\"position\":3,\"name\":\"Lil\u00e1s Artificial Alocasia Artificial 170CM\"}]},{\"@type\":\"WebSite\",\"@id\":\"https:\/\/www.jardinartificial.es\/pt\/#website\",\"url\":\"https:\/\/www.jardinartificial.es\/pt\/\",\"name\":\"Jard\u00edn Artificial - Venta de C\u00e9sped Artficial\",\"description\":\"C\u00e9sped Artificial barato al corte\",\"publisher\":{\"@id\":\"https:\/\/www.jardinartificial.es\/pt\/#organization\"},\"potentialAction\":[{\"@type\":\"SearchAction\",\"target\":{\"@type\":\"EntryPoint\",\"urlTemplate\":\"https:\/\/www.jardinartificial.es\/pt\/?s={search_term_string}\"},\"query-input\":{\"@type\":\"PropertyValueSpecification\",\"valueRequired\":true,\"valueName\":\"search_term_string\"}}],\"inLanguage\":\"pt-PT\"},{\"@type\":\"Organization\",\"@id\":\"https:\/\/www.jardinartificial.es\/pt\/#organization\",\"name\":\"Jard\u00edn Artificial\",\"url\":\"https:\/\/www.jardinartificial.es\/pt\/\",\"logo\":{\"@type\":\"ImageObject\",\"inLanguage\":\"pt-PT\",\"@id\":\"https:\/\/www.jardinartificial.es\/pt\/#\/schema\/logo\/image\/\",\"url\":\"https:\/\/www.jardinartificial.es\/wp-content\/uploads\/2023\/03\/logotipo.svg\",\"contentUrl\":\"https:\/\/www.jardinartificial.es\/wp-content\/uploads\/2023\/03\/logotipo.svg\",\"width\":187,\"height\":53,\"caption\":\"Jard\u00edn Artificial\"},\"image\":{\"@id\":\"https:\/\/www.jardinartificial.es\/pt\/#\/schema\/logo\/image\/\"}}]}<\/script>\n<!-- \/ Yoast SEO Premium plugin. -->","yoast_head_json":{"title":"Lil\u00e1s Artificial Alocasia Artificial 170CM | Planta Jardin Artificial","description":"Planta artificial decorativa grande Alocasia lil\u00e1s 170 cm muito realista. Folhas grandes com textura realista e tons verdes profundos.","robots":{"index":"index","follow":"follow","max-snippet":"max-snippet:-1","max-image-preview":"max-image-preview:large","max-video-preview":"max-video-preview:-1"},"canonical":"https:\/\/www.jardinartificial.es\/pt\/comprar\/plantas-artificiales-pt\/plantas-grandes-pt\/lilas-artificial-alocasia-artificial-170cm\/","og_locale":"pt_PT","og_type":"article","og_title":"Lil\u00e1s Artificial Alocasia Artificial 170CM","og_description":"Planta artificial decorativa grande Alocasia lil\u00e1s 170 cm muito realista. Folhas grandes com textura realista e tons verdes profundos.","og_url":"https:\/\/www.jardinartificial.es\/pt\/comprar\/plantas-artificiales-pt\/plantas-grandes-pt\/lilas-artificial-alocasia-artificial-170cm\/","og_site_name":"Jardin Artificial","article_modified_time":"2026-04-13T12:03:43+00:00","og_image":[{"width":1353,"height":1425,"url":"https:\/\/www.jardinartificial.es\/wp-content\/uploads\/2026\/01\/Alocasia-Lila-Artificial-170CM.jpeg","type":"image\/jpeg"}],"twitter_card":"summary_large_image","twitter_misc":{"Tempo estimado de leitura":"1 minuto"},"schema":{"@context":"https:\/\/schema.org","@graph":[{"@type":"WebPage","@id":"https:\/\/www.jardinartificial.es\/pt\/comprar\/plantas-artificiales-pt\/plantas-grandes-pt\/lilas-artificial-alocasia-artificial-170cm\/","url":"https:\/\/www.jardinartificial.es\/pt\/comprar\/plantas-artificiales-pt\/plantas-grandes-pt\/lilas-artificial-alocasia-artificial-170cm\/","name":"Lil\u00e1s Artificial Alocasia Artificial 170CM | Planta Jardin Artificial","isPartOf":{"@id":"https:\/\/www.jardinartificial.es\/pt\/#website"},"primaryImageOfPage":{"@id":"https:\/\/www.jardinartificial.es\/pt\/comprar\/plantas-artificiales-pt\/plantas-grandes-pt\/lilas-artificial-alocasia-artificial-170cm\/#primaryimage"},"image":{"@id":"https:\/\/www.jardinartificial.es\/pt\/comprar\/plantas-artificiales-pt\/plantas-grandes-pt\/lilas-artificial-alocasia-artificial-170cm\/#primaryimage"},"thumbnailUrl":"https:\/\/www.jardinartificial.es\/wp-content\/uploads\/2026\/01\/Alocasia-Lila-Artificial-170CM.jpeg","datePublished":"2025-01-14T10:13:04+00:00","dateModified":"2026-04-13T12:03:43+00:00","description":"Planta artificial decorativa grande Alocasia lil\u00e1s 170 cm muito realista. Folhas grandes com textura realista e tons verdes profundos.","breadcrumb":{"@id":"https:\/\/www.jardinartificial.es\/pt\/comprar\/plantas-artificiales-pt\/plantas-grandes-pt\/lilas-artificial-alocasia-artificial-170cm\/#breadcrumb"},"inLanguage":"pt-PT","potentialAction":[{"@type":"ReadAction","target":["https:\/\/www.jardinartificial.es\/pt\/comprar\/plantas-artificiales-pt\/plantas-grandes-pt\/lilas-artificial-alocasia-artificial-170cm\/"]}]},{"@type":"ImageObject","inLanguage":"pt-PT","@id":"https:\/\/www.jardinartificial.es\/pt\/comprar\/plantas-artificiales-pt\/plantas-grandes-pt\/lilas-artificial-alocasia-artificial-170cm\/#primaryimage","url":"https:\/\/www.jardinartificial.es\/wp-content\/uploads\/2026\/01\/Alocasia-Lila-Artificial-170CM.jpeg","contentUrl":"https:\/\/www.jardinartificial.es\/wp-content\/uploads\/2026\/01\/Alocasia-Lila-Artificial-170CM.jpeg","width":1353,"height":1425,"caption":"Lil\u00e1s Artificial Alocasia Artificial 170CM"},{"@type":"BreadcrumbList","@id":"https:\/\/www.jardinartificial.es\/pt\/comprar\/plantas-artificiales-pt\/plantas-grandes-pt\/lilas-artificial-alocasia-artificial-170cm\/#breadcrumb","itemListElement":[{"@type":"ListItem","position":1,"name":"Portada","item":"https:\/\/www.jardinartificial.es\/pt\/"},{"@type":"ListItem","position":2,"name":"Todos os produtos","item":"https:\/\/www.jardinartificial.es\/pt-pt\/todos-os-produtos\/"},{"@type":"ListItem","position":3,"name":"Lil\u00e1s Artificial Alocasia Artificial 170CM"}]},{"@type":"WebSite","@id":"https:\/\/www.jardinartificial.es\/pt\/#website","url":"https:\/\/www.jardinartificial.es\/pt\/","name":"Jard\u00edn Artificial - Venta de C\u00e9sped Artficial","description":"C\u00e9sped Artificial barato al corte","publisher":{"@id":"https:\/\/www.jardinartificial.es\/pt\/#organization"},"potentialAction":[{"@type":"SearchAction","target":{"@type":"EntryPoint","urlTemplate":"https:\/\/www.jardinartificial.es\/pt\/?s={search_term_string}"},"query-input":{"@type":"PropertyValueSpecification","valueRequired":true,"valueName":"search_term_string"}}],"inLanguage":"pt-PT"},{"@type":"Organization","@id":"https:\/\/www.jardinartificial.es\/pt\/#organization","name":"Jard\u00edn Artificial","url":"https:\/\/www.jardinartificial.es\/pt\/","logo":{"@type":"ImageObject","inLanguage":"pt-PT","@id":"https:\/\/www.jardinartificial.es\/pt\/#\/schema\/logo\/image\/","url":"https:\/\/www.jardinartificial.es\/wp-content\/uploads\/2023\/03\/logotipo.svg","contentUrl":"https:\/\/www.jardinartificial.es\/wp-content\/uploads\/2023\/03\/logotipo.svg","width":187,"height":53,"caption":"Jard\u00edn Artificial"},"image":{"@id":"https:\/\/www.jardinartificial.es\/pt\/#\/schema\/logo\/image\/"}}]}},"_links":{"self":[{"href":"https:\/\/www.jardinartificial.es\/pt\/wp-json\/wp\/v2\/product\/87416","targetHints":{"allow":["GET"]}}],"collection":[{"href":"https:\/\/www.jardinartificial.es\/pt\/wp-json\/wp\/v2\/product"}],"about":[{"href":"https:\/\/www.jardinartificial.es\/pt\/wp-json\/wp\/v2\/types\/product"}],"replies":[{"embeddable":true,"href":"https:\/\/www.jardinartificial.es\/pt\/wp-json\/wp\/v2\/comments?post=87416"}],"wp:featuredmedia":[{"embeddable":true,"href":"https:\/\/www.jardinartificial.es\/pt\/wp-json\/wp\/v2\/media\/100419"}],"wp:attachment":[{"href":"https:\/\/www.jardinartificial.es\/pt\/wp-json\/wp\/v2\/media?parent=87416"}],"wp:term":[{"taxonomy":"product_brand","embeddable":true,"href":"https:\/\/www.jardinartificial.es\/pt\/wp-json\/wp\/v2\/product_brand?post=87416"},{"taxonomy":"product_cat","embeddable":true,"href":"https:\/\/www.jardinartificial.es\/pt\/wp-json\/wp\/v2\/product_cat?post=87416"},{"taxonomy":"product_tag","embeddable":true,"href":"https:\/\/www.jardinartificial.es\/pt\/wp-json\/wp\/v2\/product_tag?post=87416"}],"curies":[{"name":"wp","href":"https:\/\/api.w.org\/{rel}","templated":true}]}}