{"id":87397,"date":"2025-01-14T10:55:50","date_gmt":"2025-01-14T09:55:50","guid":{"rendered":"https:\/\/www.jardinartificial.es\/?post_type=product&#038;p=87397"},"modified":"2026-04-13T16:20:01","modified_gmt":"2026-04-13T14:20:01","slug":"arvore-artificial-de-outono-150cm","status":"publish","type":"product","link":"https:\/\/www.jardinartificial.es\/pt\/comprar\/plantas-artificiales-pt\/arvore-artificial-de-outono-150cm\/","title":{"rendered":"\u00c1rvore artificial de outono 150CM"},"content":{"rendered":"","protected":false},"excerpt":{"rendered":"<p><strong>\u00c1rvore artificial de outono 150 cm<\/strong><\/p>\n<p class=\"pip-product-details__paragraph\">Cria um ambiente quente e acolhedor com a \u00c1rvore Artificial de outono de 150 cm.<\/p>\n<p class=\"pip-product-details__paragraph\">Os seus ramos e folhas realistas em tons outonais captam a ess\u00eancia da esta\u00e7\u00e3o, acrescentando cor e sofistica\u00e7\u00e3o a qualquer espa\u00e7o. Perfeito para interiores que procuram um toque sazonal sem o inc\u00f3modo da manuten\u00e7\u00e3o, ideal para casas, escrit\u00f3rios ou eventos. <\/p>\n","protected":false},"featured_media":87400,"comment_status":"open","ping_status":"closed","template":"","meta":{"_acf_changed":false},"product_brand":[],"product_cat":[774,838],"product_tag":[987],"class_list":{"0":"post-87397","1":"product","2":"type-product","3":"status-publish","4":"has-post-thumbnail","6":"product_cat-plantas-artificiales-pt","7":"product_cat-plantas-grandes-pt","8":"product_tag-pt-2","9":"product_shipping_class-estandar-pt","10":"sales-flash-overlay","11":"woocommerce-text-align-center","12":"woocommerce-image-align-center","13":"do-quantity-buttons","14":"wc-has-gallery","16":"first","17":"outofstock","18":"sale","19":"taxable","20":"shipping-taxable","21":"purchasable","22":"product-type-simple"},"acf":{"":""},"gallery_images":[87399],"yoast_head":"<!-- This site is optimized with the Yoast SEO Premium plugin v27.1 (Yoast SEO v27.2) - https:\/\/yoast.com\/product\/yoast-seo-premium-wordpress\/ -->\n<title>\u00c1rvore artificial de outono 150CM | Jardin Artificial<\/title>\n<meta name=\"description\" content=\"\u00c1rvore de outono artificial de 150 cm muito realista. Ramos e folhas em tons outonais que captam a ess\u00eancia da esta\u00e7\u00e3o. Ideal para decorar.\" \/>\n<meta name=\"robots\" content=\"index, follow, max-snippet:-1, max-image-preview:large, max-video-preview:-1\" \/>\n<link rel=\"canonical\" href=\"https:\/\/www.jardinartificial.es\/pt\/comprar\/plantas-artificiales-pt\/arvore-artificial-de-outono-150cm\/\" \/>\n<meta property=\"og:locale\" content=\"pt_PT\" \/>\n<meta property=\"og:type\" content=\"article\" \/>\n<meta property=\"og:title\" content=\"\u00c1rvore artificial de outono 150CM\" \/>\n<meta property=\"og:description\" content=\"\u00c1rvore de outono artificial de 150 cm muito realista. Ramos e folhas em tons outonais que captam a ess\u00eancia da esta\u00e7\u00e3o. Ideal para decorar.\" \/>\n<meta property=\"og:url\" content=\"https:\/\/www.jardinartificial.es\/pt\/comprar\/plantas-artificiales-pt\/arvore-artificial-de-outono-150cm\/\" \/>\n<meta property=\"og:site_name\" content=\"Jardin Artificial\" \/>\n<meta property=\"article:modified_time\" content=\"2026-04-13T14:20:01+00:00\" \/>\n<meta property=\"og:image\" content=\"https:\/\/www.jardinartificial.es\/wp-content\/uploads\/2025\/01\/Planta3-191224-scaled-e1745320248507.jpg\" \/>\n\t<meta property=\"og:image:width\" content=\"2560\" \/>\n\t<meta property=\"og:image:height\" content=\"1707\" \/>\n\t<meta property=\"og:image:type\" content=\"image\/jpeg\" \/>\n<meta name=\"twitter:card\" content=\"summary_large_image\" \/>\n<meta name=\"twitter:label1\" content=\"Tempo estimado de leitura\" \/>\n\t<meta name=\"twitter:data1\" content=\"1 minuto\" \/>\n<script type=\"application\/ld+json\" class=\"yoast-schema-graph\">{\"@context\":\"https:\/\/schema.org\",\"@graph\":[{\"@type\":\"WebPage\",\"@id\":\"https:\/\/www.jardinartificial.es\/pt\/comprar\/plantas-artificiales-pt\/arvore-artificial-de-outono-150cm\/\",\"url\":\"https:\/\/www.jardinartificial.es\/pt\/comprar\/plantas-artificiales-pt\/arvore-artificial-de-outono-150cm\/\",\"name\":\"\u00c1rvore artificial de outono 150CM | Jardin Artificial\",\"isPartOf\":{\"@id\":\"https:\/\/www.jardinartificial.es\/pt\/#website\"},\"primaryImageOfPage\":{\"@id\":\"https:\/\/www.jardinartificial.es\/pt\/comprar\/plantas-artificiales-pt\/arvore-artificial-de-outono-150cm\/#primaryimage\"},\"image\":{\"@id\":\"https:\/\/www.jardinartificial.es\/pt\/comprar\/plantas-artificiales-pt\/arvore-artificial-de-outono-150cm\/#primaryimage\"},\"thumbnailUrl\":\"https:\/\/www.jardinartificial.es\/wp-content\/uploads\/2025\/01\/Planta3-191224-scaled-e1745320248507.jpg\",\"datePublished\":\"2025-01-14T09:55:50+00:00\",\"dateModified\":\"2026-04-13T14:20:01+00:00\",\"description\":\"\u00c1rvore de outono artificial de 150 cm muito realista. Ramos e folhas em tons outonais que captam a ess\u00eancia da esta\u00e7\u00e3o. Ideal para decorar.\",\"breadcrumb\":{\"@id\":\"https:\/\/www.jardinartificial.es\/pt\/comprar\/plantas-artificiales-pt\/arvore-artificial-de-outono-150cm\/#breadcrumb\"},\"inLanguage\":\"pt-PT\",\"potentialAction\":[{\"@type\":\"ReadAction\",\"target\":[\"https:\/\/www.jardinartificial.es\/pt\/comprar\/plantas-artificiales-pt\/arvore-artificial-de-outono-150cm\/\"]}]},{\"@type\":\"ImageObject\",\"inLanguage\":\"pt-PT\",\"@id\":\"https:\/\/www.jardinartificial.es\/pt\/comprar\/plantas-artificiales-pt\/arvore-artificial-de-outono-150cm\/#primaryimage\",\"url\":\"https:\/\/www.jardinartificial.es\/wp-content\/uploads\/2025\/01\/Planta3-191224-scaled-e1745320248507.jpg\",\"contentUrl\":\"https:\/\/www.jardinartificial.es\/wp-content\/uploads\/2025\/01\/Planta3-191224-scaled-e1745320248507.jpg\",\"width\":2560,\"height\":1707,\"caption\":\"\u00c1rvore artificial de outono 150CM\"},{\"@type\":\"BreadcrumbList\",\"@id\":\"https:\/\/www.jardinartificial.es\/pt\/comprar\/plantas-artificiales-pt\/arvore-artificial-de-outono-150cm\/#breadcrumb\",\"itemListElement\":[{\"@type\":\"ListItem\",\"position\":1,\"name\":\"Portada\",\"item\":\"https:\/\/www.jardinartificial.es\/pt\/\"},{\"@type\":\"ListItem\",\"position\":2,\"name\":\"Todos os produtos\",\"item\":\"https:\/\/www.jardinartificial.es\/pt-pt\/todos-os-produtos\/\"},{\"@type\":\"ListItem\",\"position\":3,\"name\":\"\u00c1rvore artificial de outono 150CM\"}]},{\"@type\":\"WebSite\",\"@id\":\"https:\/\/www.jardinartificial.es\/pt\/#website\",\"url\":\"https:\/\/www.jardinartificial.es\/pt\/\",\"name\":\"Jard\u00edn Artificial - Venta de C\u00e9sped Artficial\",\"description\":\"C\u00e9sped Artificial barato al corte\",\"publisher\":{\"@id\":\"https:\/\/www.jardinartificial.es\/pt\/#organization\"},\"potentialAction\":[{\"@type\":\"SearchAction\",\"target\":{\"@type\":\"EntryPoint\",\"urlTemplate\":\"https:\/\/www.jardinartificial.es\/pt\/?s={search_term_string}\"},\"query-input\":{\"@type\":\"PropertyValueSpecification\",\"valueRequired\":true,\"valueName\":\"search_term_string\"}}],\"inLanguage\":\"pt-PT\"},{\"@type\":\"Organization\",\"@id\":\"https:\/\/www.jardinartificial.es\/pt\/#organization\",\"name\":\"Jard\u00edn Artificial\",\"url\":\"https:\/\/www.jardinartificial.es\/pt\/\",\"logo\":{\"@type\":\"ImageObject\",\"inLanguage\":\"pt-PT\",\"@id\":\"https:\/\/www.jardinartificial.es\/pt\/#\/schema\/logo\/image\/\",\"url\":\"https:\/\/www.jardinartificial.es\/wp-content\/uploads\/2023\/03\/logotipo.svg\",\"contentUrl\":\"https:\/\/www.jardinartificial.es\/wp-content\/uploads\/2023\/03\/logotipo.svg\",\"width\":187,\"height\":53,\"caption\":\"Jard\u00edn Artificial\"},\"image\":{\"@id\":\"https:\/\/www.jardinartificial.es\/pt\/#\/schema\/logo\/image\/\"}}]}<\/script>\n<!-- \/ Yoast SEO Premium plugin. -->","yoast_head_json":{"title":"\u00c1rvore artificial de outono 150CM | Jardin Artificial","description":"\u00c1rvore de outono artificial de 150 cm muito realista. Ramos e folhas em tons outonais que captam a ess\u00eancia da esta\u00e7\u00e3o. Ideal para decorar.","robots":{"index":"index","follow":"follow","max-snippet":"max-snippet:-1","max-image-preview":"max-image-preview:large","max-video-preview":"max-video-preview:-1"},"canonical":"https:\/\/www.jardinartificial.es\/pt\/comprar\/plantas-artificiales-pt\/arvore-artificial-de-outono-150cm\/","og_locale":"pt_PT","og_type":"article","og_title":"\u00c1rvore artificial de outono 150CM","og_description":"\u00c1rvore de outono artificial de 150 cm muito realista. Ramos e folhas em tons outonais que captam a ess\u00eancia da esta\u00e7\u00e3o. Ideal para decorar.","og_url":"https:\/\/www.jardinartificial.es\/pt\/comprar\/plantas-artificiales-pt\/arvore-artificial-de-outono-150cm\/","og_site_name":"Jardin Artificial","article_modified_time":"2026-04-13T14:20:01+00:00","og_image":[{"width":2560,"height":1707,"url":"https:\/\/www.jardinartificial.es\/wp-content\/uploads\/2025\/01\/Planta3-191224-scaled-e1745320248507.jpg","type":"image\/jpeg"}],"twitter_card":"summary_large_image","twitter_misc":{"Tempo estimado de leitura":"1 minuto"},"schema":{"@context":"https:\/\/schema.org","@graph":[{"@type":"WebPage","@id":"https:\/\/www.jardinartificial.es\/pt\/comprar\/plantas-artificiales-pt\/arvore-artificial-de-outono-150cm\/","url":"https:\/\/www.jardinartificial.es\/pt\/comprar\/plantas-artificiales-pt\/arvore-artificial-de-outono-150cm\/","name":"\u00c1rvore artificial de outono 150CM | Jardin Artificial","isPartOf":{"@id":"https:\/\/www.jardinartificial.es\/pt\/#website"},"primaryImageOfPage":{"@id":"https:\/\/www.jardinartificial.es\/pt\/comprar\/plantas-artificiales-pt\/arvore-artificial-de-outono-150cm\/#primaryimage"},"image":{"@id":"https:\/\/www.jardinartificial.es\/pt\/comprar\/plantas-artificiales-pt\/arvore-artificial-de-outono-150cm\/#primaryimage"},"thumbnailUrl":"https:\/\/www.jardinartificial.es\/wp-content\/uploads\/2025\/01\/Planta3-191224-scaled-e1745320248507.jpg","datePublished":"2025-01-14T09:55:50+00:00","dateModified":"2026-04-13T14:20:01+00:00","description":"\u00c1rvore de outono artificial de 150 cm muito realista. Ramos e folhas em tons outonais que captam a ess\u00eancia da esta\u00e7\u00e3o. Ideal para decorar.","breadcrumb":{"@id":"https:\/\/www.jardinartificial.es\/pt\/comprar\/plantas-artificiales-pt\/arvore-artificial-de-outono-150cm\/#breadcrumb"},"inLanguage":"pt-PT","potentialAction":[{"@type":"ReadAction","target":["https:\/\/www.jardinartificial.es\/pt\/comprar\/plantas-artificiales-pt\/arvore-artificial-de-outono-150cm\/"]}]},{"@type":"ImageObject","inLanguage":"pt-PT","@id":"https:\/\/www.jardinartificial.es\/pt\/comprar\/plantas-artificiales-pt\/arvore-artificial-de-outono-150cm\/#primaryimage","url":"https:\/\/www.jardinartificial.es\/wp-content\/uploads\/2025\/01\/Planta3-191224-scaled-e1745320248507.jpg","contentUrl":"https:\/\/www.jardinartificial.es\/wp-content\/uploads\/2025\/01\/Planta3-191224-scaled-e1745320248507.jpg","width":2560,"height":1707,"caption":"\u00c1rvore artificial de outono 150CM"},{"@type":"BreadcrumbList","@id":"https:\/\/www.jardinartificial.es\/pt\/comprar\/plantas-artificiales-pt\/arvore-artificial-de-outono-150cm\/#breadcrumb","itemListElement":[{"@type":"ListItem","position":1,"name":"Portada","item":"https:\/\/www.jardinartificial.es\/pt\/"},{"@type":"ListItem","position":2,"name":"Todos os produtos","item":"https:\/\/www.jardinartificial.es\/pt-pt\/todos-os-produtos\/"},{"@type":"ListItem","position":3,"name":"\u00c1rvore artificial de outono 150CM"}]},{"@type":"WebSite","@id":"https:\/\/www.jardinartificial.es\/pt\/#website","url":"https:\/\/www.jardinartificial.es\/pt\/","name":"Jard\u00edn Artificial - Venta de C\u00e9sped Artficial","description":"C\u00e9sped Artificial barato al corte","publisher":{"@id":"https:\/\/www.jardinartificial.es\/pt\/#organization"},"potentialAction":[{"@type":"SearchAction","target":{"@type":"EntryPoint","urlTemplate":"https:\/\/www.jardinartificial.es\/pt\/?s={search_term_string}"},"query-input":{"@type":"PropertyValueSpecification","valueRequired":true,"valueName":"search_term_string"}}],"inLanguage":"pt-PT"},{"@type":"Organization","@id":"https:\/\/www.jardinartificial.es\/pt\/#organization","name":"Jard\u00edn Artificial","url":"https:\/\/www.jardinartificial.es\/pt\/","logo":{"@type":"ImageObject","inLanguage":"pt-PT","@id":"https:\/\/www.jardinartificial.es\/pt\/#\/schema\/logo\/image\/","url":"https:\/\/www.jardinartificial.es\/wp-content\/uploads\/2023\/03\/logotipo.svg","contentUrl":"https:\/\/www.jardinartificial.es\/wp-content\/uploads\/2023\/03\/logotipo.svg","width":187,"height":53,"caption":"Jard\u00edn Artificial"},"image":{"@id":"https:\/\/www.jardinartificial.es\/pt\/#\/schema\/logo\/image\/"}}]}},"_links":{"self":[{"href":"https:\/\/www.jardinartificial.es\/pt\/wp-json\/wp\/v2\/product\/87397","targetHints":{"allow":["GET"]}}],"collection":[{"href":"https:\/\/www.jardinartificial.es\/pt\/wp-json\/wp\/v2\/product"}],"about":[{"href":"https:\/\/www.jardinartificial.es\/pt\/wp-json\/wp\/v2\/types\/product"}],"replies":[{"embeddable":true,"href":"https:\/\/www.jardinartificial.es\/pt\/wp-json\/wp\/v2\/comments?post=87397"}],"wp:featuredmedia":[{"embeddable":true,"href":"https:\/\/www.jardinartificial.es\/pt\/wp-json\/wp\/v2\/media\/87400"}],"wp:attachment":[{"href":"https:\/\/www.jardinartificial.es\/pt\/wp-json\/wp\/v2\/media?parent=87397"}],"wp:term":[{"taxonomy":"product_brand","embeddable":true,"href":"https:\/\/www.jardinartificial.es\/pt\/wp-json\/wp\/v2\/product_brand?post=87397"},{"taxonomy":"product_cat","embeddable":true,"href":"https:\/\/www.jardinartificial.es\/pt\/wp-json\/wp\/v2\/product_cat?post=87397"},{"taxonomy":"product_tag","embeddable":true,"href":"https:\/\/www.jardinartificial.es\/pt\/wp-json\/wp\/v2\/product_tag?post=87397"}],"curies":[{"name":"wp","href":"https:\/\/api.w.org\/{rel}","templated":true}]}}