{"id":87382,"date":"2025-01-14T10:05:27","date_gmt":"2025-01-14T09:05:27","guid":{"rendered":"https:\/\/www.jardinartificial.es\/?post_type=product&#038;p=87382"},"modified":"2026-03-18T09:02:59","modified_gmt":"2026-03-18T08:02:59","slug":"vaso-metal-pegas-corda-mini-flores-silvestres-amarelas","status":"publish","type":"product","link":"https:\/\/www.jardinartificial.es\/pt\/comprar\/plantas-artificiales-pt\/plantas-pequenas-pt\/vaso-metal-pegas-corda-mini-flores-silvestres-amarelas\/","title":{"rendered":"Vaso de metal com pegas de corda, com mini flores silvestres amarelas"},"content":{"rendered":"","protected":false},"excerpt":{"rendered":"<p><strong>Vaso de metal com pegas de corda, com mini flores silvestres amarelas<\/strong><\/p>\n<p class=\"pip-product-details__paragraph\">Estas plantas artificiais s\u00e3o muito realistas e ficam como novas ano ap\u00f3s ano.<\/p>\n<p class=\"pip-product-details__paragraph\">Esta planta artificial em vaso \u00e9 a escolha perfeita se n\u00e3o consegue manter e cuidar de plantas naturais, e deseja desfrutar da beleza da natureza na sua casa, no seu escrit\u00f3rio, no seu neg\u00f3cio\u2026<\/p>\n<ul>\n<li>Pote de lata<\/li>\n<li>Planta: Pl\u00e1stico de polietileno<\/li>\n<li>Altura: 17cm<\/li>\n<li>Di\u00e2metro do pote: 8cm<\/li>\n<\/ul>\n","protected":false},"featured_media":87107,"comment_status":"open","ping_status":"closed","template":"","meta":{"_acf_changed":false},"product_brand":[],"product_cat":[774,837],"product_tag":[987],"class_list":{"0":"post-87382","1":"product","2":"type-product","3":"status-publish","4":"has-post-thumbnail","6":"product_cat-plantas-artificiales-pt","7":"product_cat-plantas-pequenas-pt","8":"product_tag-pt-2","9":"product_shipping_class-estandar-pt","10":"sales-flash-overlay","11":"woocommerce-text-align-center","12":"woocommerce-image-align-center","13":"do-quantity-buttons","14":"wc-has-gallery","16":"first","17":"instock","18":"taxable","19":"shipping-taxable","20":"purchasable","21":"product-type-simple"},"acf":{"":""},"gallery_images":[87106],"yoast_head":"<!-- This site is optimized with the Yoast SEO Premium plugin v27.1 (Yoast SEO v27.2) - https:\/\/yoast.com\/product\/yoast-seo-premium-wordpress\/ -->\n<title>| Vaso de flores artificiais Mini flores silvestres amarelas Jardin Artificial<\/title>\n<meta name=\"description\" content=\"Vaso artificial com mini flores silvestres amarelas. Vaso de flores artificiais ideal para decora\u00e7\u00e3o. Planta com um resultado muito realista. Altura 17cm.\" \/>\n<meta name=\"robots\" content=\"index, follow, max-snippet:-1, max-image-preview:large, max-video-preview:-1\" \/>\n<link rel=\"canonical\" href=\"https:\/\/www.jardinartificial.es\/pt\/comprar\/plantas-artificiales-pt\/plantas-pequenas-pt\/vaso-metal-pegas-corda-mini-flores-silvestres-amarelas\/\" \/>\n<meta property=\"og:locale\" content=\"pt_PT\" \/>\n<meta property=\"og:type\" content=\"article\" \/>\n<meta property=\"og:title\" content=\"Vaso de metal com pegas de corda, com mini flores silvestres amarelas\" \/>\n<meta property=\"og:description\" content=\"Vaso artificial com mini flores silvestres amarelas. Vaso de flores artificiais ideal para decora\u00e7\u00e3o. Planta com um resultado muito realista. Altura 17cm.\" \/>\n<meta property=\"og:url\" content=\"https:\/\/www.jardinartificial.es\/pt\/comprar\/plantas-artificiales-pt\/plantas-pequenas-pt\/vaso-metal-pegas-corda-mini-flores-silvestres-amarelas\/\" \/>\n<meta property=\"og:site_name\" content=\"Jardin Artificial\" \/>\n<meta property=\"article:modified_time\" content=\"2026-03-18T08:02:59+00:00\" \/>\n<meta property=\"og:image\" content=\"https:\/\/www.jardinartificial.es\/wp-content\/uploads\/2025\/01\/Maceta-metal-de-asas-y-cuerda-con-mini-flores-silvestres-amarillas-scaled.jpg\" \/>\n\t<meta property=\"og:image:width\" content=\"2560\" \/>\n\t<meta property=\"og:image:height\" content=\"1707\" \/>\n\t<meta property=\"og:image:type\" content=\"image\/jpeg\" \/>\n<meta name=\"twitter:card\" content=\"summary_large_image\" \/>\n<meta name=\"twitter:label1\" content=\"Tempo estimado de leitura\" \/>\n\t<meta name=\"twitter:data1\" content=\"1 minuto\" \/>\n<script type=\"application\/ld+json\" class=\"yoast-schema-graph\">{\"@context\":\"https:\/\/schema.org\",\"@graph\":[{\"@type\":\"WebPage\",\"@id\":\"https:\/\/www.jardinartificial.es\/pt\/comprar\/plantas-artificiales-pt\/plantas-pequenas-pt\/vaso-metal-pegas-corda-mini-flores-silvestres-amarelas\/\",\"url\":\"https:\/\/www.jardinartificial.es\/pt\/comprar\/plantas-artificiales-pt\/plantas-pequenas-pt\/vaso-metal-pegas-corda-mini-flores-silvestres-amarelas\/\",\"name\":\"| Vaso de flores artificiais Mini flores silvestres amarelas Jardin Artificial\",\"isPartOf\":{\"@id\":\"https:\/\/www.jardinartificial.es\/pt\/#website\"},\"primaryImageOfPage\":{\"@id\":\"https:\/\/www.jardinartificial.es\/pt\/comprar\/plantas-artificiales-pt\/plantas-pequenas-pt\/vaso-metal-pegas-corda-mini-flores-silvestres-amarelas\/#primaryimage\"},\"image\":{\"@id\":\"https:\/\/www.jardinartificial.es\/pt\/comprar\/plantas-artificiales-pt\/plantas-pequenas-pt\/vaso-metal-pegas-corda-mini-flores-silvestres-amarelas\/#primaryimage\"},\"thumbnailUrl\":\"https:\/\/www.jardinartificial.es\/wp-content\/uploads\/2025\/01\/Maceta-metal-de-asas-y-cuerda-con-mini-flores-silvestres-amarillas-scaled.jpg\",\"datePublished\":\"2025-01-14T09:05:27+00:00\",\"dateModified\":\"2026-03-18T08:02:59+00:00\",\"description\":\"Vaso artificial com mini flores silvestres amarelas. Vaso de flores artificiais ideal para decora\u00e7\u00e3o. Planta com um resultado muito realista. Altura 17cm.\",\"breadcrumb\":{\"@id\":\"https:\/\/www.jardinartificial.es\/pt\/comprar\/plantas-artificiales-pt\/plantas-pequenas-pt\/vaso-metal-pegas-corda-mini-flores-silvestres-amarelas\/#breadcrumb\"},\"inLanguage\":\"pt-PT\",\"potentialAction\":[{\"@type\":\"ReadAction\",\"target\":[\"https:\/\/www.jardinartificial.es\/pt\/comprar\/plantas-artificiales-pt\/plantas-pequenas-pt\/vaso-metal-pegas-corda-mini-flores-silvestres-amarelas\/\"]}]},{\"@type\":\"ImageObject\",\"inLanguage\":\"pt-PT\",\"@id\":\"https:\/\/www.jardinartificial.es\/pt\/comprar\/plantas-artificiales-pt\/plantas-pequenas-pt\/vaso-metal-pegas-corda-mini-flores-silvestres-amarelas\/#primaryimage\",\"url\":\"https:\/\/www.jardinartificial.es\/wp-content\/uploads\/2025\/01\/Maceta-metal-de-asas-y-cuerda-con-mini-flores-silvestres-amarillas-scaled.jpg\",\"contentUrl\":\"https:\/\/www.jardinartificial.es\/wp-content\/uploads\/2025\/01\/Maceta-metal-de-asas-y-cuerda-con-mini-flores-silvestres-amarillas-scaled.jpg\",\"width\":2560,\"height\":1707,\"caption\":\"Vaso de metal com pegas e corda, com mini flores silvestres amarelas\"},{\"@type\":\"BreadcrumbList\",\"@id\":\"https:\/\/www.jardinartificial.es\/pt\/comprar\/plantas-artificiales-pt\/plantas-pequenas-pt\/vaso-metal-pegas-corda-mini-flores-silvestres-amarelas\/#breadcrumb\",\"itemListElement\":[{\"@type\":\"ListItem\",\"position\":1,\"name\":\"Portada\",\"item\":\"https:\/\/www.jardinartificial.es\/pt\/\"},{\"@type\":\"ListItem\",\"position\":2,\"name\":\"Todos os produtos\",\"item\":\"https:\/\/www.jardinartificial.es\/pt-pt\/todos-os-produtos\/\"},{\"@type\":\"ListItem\",\"position\":3,\"name\":\"Vaso de metal com pegas de corda, com mini flores silvestres amarelas\"}]},{\"@type\":\"WebSite\",\"@id\":\"https:\/\/www.jardinartificial.es\/pt\/#website\",\"url\":\"https:\/\/www.jardinartificial.es\/pt\/\",\"name\":\"Jard\u00edn Artificial - Venta de C\u00e9sped Artficial\",\"description\":\"C\u00e9sped Artificial barato al corte\",\"publisher\":{\"@id\":\"https:\/\/www.jardinartificial.es\/pt\/#organization\"},\"potentialAction\":[{\"@type\":\"SearchAction\",\"target\":{\"@type\":\"EntryPoint\",\"urlTemplate\":\"https:\/\/www.jardinartificial.es\/pt\/?s={search_term_string}\"},\"query-input\":{\"@type\":\"PropertyValueSpecification\",\"valueRequired\":true,\"valueName\":\"search_term_string\"}}],\"inLanguage\":\"pt-PT\"},{\"@type\":\"Organization\",\"@id\":\"https:\/\/www.jardinartificial.es\/pt\/#organization\",\"name\":\"Jard\u00edn Artificial\",\"url\":\"https:\/\/www.jardinartificial.es\/pt\/\",\"logo\":{\"@type\":\"ImageObject\",\"inLanguage\":\"pt-PT\",\"@id\":\"https:\/\/www.jardinartificial.es\/pt\/#\/schema\/logo\/image\/\",\"url\":\"https:\/\/www.jardinartificial.es\/wp-content\/uploads\/2023\/03\/logotipo.svg\",\"contentUrl\":\"https:\/\/www.jardinartificial.es\/wp-content\/uploads\/2023\/03\/logotipo.svg\",\"width\":187,\"height\":53,\"caption\":\"Jard\u00edn Artificial\"},\"image\":{\"@id\":\"https:\/\/www.jardinartificial.es\/pt\/#\/schema\/logo\/image\/\"}}]}<\/script>\n<!-- \/ Yoast SEO Premium plugin. -->","yoast_head_json":{"title":"| Vaso de flores artificiais Mini flores silvestres amarelas Jardin Artificial","description":"Vaso artificial com mini flores silvestres amarelas. Vaso de flores artificiais ideal para decora\u00e7\u00e3o. Planta com um resultado muito realista. Altura 17cm.","robots":{"index":"index","follow":"follow","max-snippet":"max-snippet:-1","max-image-preview":"max-image-preview:large","max-video-preview":"max-video-preview:-1"},"canonical":"https:\/\/www.jardinartificial.es\/pt\/comprar\/plantas-artificiales-pt\/plantas-pequenas-pt\/vaso-metal-pegas-corda-mini-flores-silvestres-amarelas\/","og_locale":"pt_PT","og_type":"article","og_title":"Vaso de metal com pegas de corda, com mini flores silvestres amarelas","og_description":"Vaso artificial com mini flores silvestres amarelas. Vaso de flores artificiais ideal para decora\u00e7\u00e3o. Planta com um resultado muito realista. Altura 17cm.","og_url":"https:\/\/www.jardinartificial.es\/pt\/comprar\/plantas-artificiales-pt\/plantas-pequenas-pt\/vaso-metal-pegas-corda-mini-flores-silvestres-amarelas\/","og_site_name":"Jardin Artificial","article_modified_time":"2026-03-18T08:02:59+00:00","og_image":[{"width":2560,"height":1707,"url":"https:\/\/www.jardinartificial.es\/wp-content\/uploads\/2025\/01\/Maceta-metal-de-asas-y-cuerda-con-mini-flores-silvestres-amarillas-scaled.jpg","type":"image\/jpeg"}],"twitter_card":"summary_large_image","twitter_misc":{"Tempo estimado de leitura":"1 minuto"},"schema":{"@context":"https:\/\/schema.org","@graph":[{"@type":"WebPage","@id":"https:\/\/www.jardinartificial.es\/pt\/comprar\/plantas-artificiales-pt\/plantas-pequenas-pt\/vaso-metal-pegas-corda-mini-flores-silvestres-amarelas\/","url":"https:\/\/www.jardinartificial.es\/pt\/comprar\/plantas-artificiales-pt\/plantas-pequenas-pt\/vaso-metal-pegas-corda-mini-flores-silvestres-amarelas\/","name":"| Vaso de flores artificiais Mini flores silvestres amarelas Jardin Artificial","isPartOf":{"@id":"https:\/\/www.jardinartificial.es\/pt\/#website"},"primaryImageOfPage":{"@id":"https:\/\/www.jardinartificial.es\/pt\/comprar\/plantas-artificiales-pt\/plantas-pequenas-pt\/vaso-metal-pegas-corda-mini-flores-silvestres-amarelas\/#primaryimage"},"image":{"@id":"https:\/\/www.jardinartificial.es\/pt\/comprar\/plantas-artificiales-pt\/plantas-pequenas-pt\/vaso-metal-pegas-corda-mini-flores-silvestres-amarelas\/#primaryimage"},"thumbnailUrl":"https:\/\/www.jardinartificial.es\/wp-content\/uploads\/2025\/01\/Maceta-metal-de-asas-y-cuerda-con-mini-flores-silvestres-amarillas-scaled.jpg","datePublished":"2025-01-14T09:05:27+00:00","dateModified":"2026-03-18T08:02:59+00:00","description":"Vaso artificial com mini flores silvestres amarelas. Vaso de flores artificiais ideal para decora\u00e7\u00e3o. Planta com um resultado muito realista. Altura 17cm.","breadcrumb":{"@id":"https:\/\/www.jardinartificial.es\/pt\/comprar\/plantas-artificiales-pt\/plantas-pequenas-pt\/vaso-metal-pegas-corda-mini-flores-silvestres-amarelas\/#breadcrumb"},"inLanguage":"pt-PT","potentialAction":[{"@type":"ReadAction","target":["https:\/\/www.jardinartificial.es\/pt\/comprar\/plantas-artificiales-pt\/plantas-pequenas-pt\/vaso-metal-pegas-corda-mini-flores-silvestres-amarelas\/"]}]},{"@type":"ImageObject","inLanguage":"pt-PT","@id":"https:\/\/www.jardinartificial.es\/pt\/comprar\/plantas-artificiales-pt\/plantas-pequenas-pt\/vaso-metal-pegas-corda-mini-flores-silvestres-amarelas\/#primaryimage","url":"https:\/\/www.jardinartificial.es\/wp-content\/uploads\/2025\/01\/Maceta-metal-de-asas-y-cuerda-con-mini-flores-silvestres-amarillas-scaled.jpg","contentUrl":"https:\/\/www.jardinartificial.es\/wp-content\/uploads\/2025\/01\/Maceta-metal-de-asas-y-cuerda-con-mini-flores-silvestres-amarillas-scaled.jpg","width":2560,"height":1707,"caption":"Vaso de metal com pegas e corda, com mini flores silvestres amarelas"},{"@type":"BreadcrumbList","@id":"https:\/\/www.jardinartificial.es\/pt\/comprar\/plantas-artificiales-pt\/plantas-pequenas-pt\/vaso-metal-pegas-corda-mini-flores-silvestres-amarelas\/#breadcrumb","itemListElement":[{"@type":"ListItem","position":1,"name":"Portada","item":"https:\/\/www.jardinartificial.es\/pt\/"},{"@type":"ListItem","position":2,"name":"Todos os produtos","item":"https:\/\/www.jardinartificial.es\/pt-pt\/todos-os-produtos\/"},{"@type":"ListItem","position":3,"name":"Vaso de metal com pegas de corda, com mini flores silvestres amarelas"}]},{"@type":"WebSite","@id":"https:\/\/www.jardinartificial.es\/pt\/#website","url":"https:\/\/www.jardinartificial.es\/pt\/","name":"Jard\u00edn Artificial - Venta de C\u00e9sped Artficial","description":"C\u00e9sped Artificial barato al corte","publisher":{"@id":"https:\/\/www.jardinartificial.es\/pt\/#organization"},"potentialAction":[{"@type":"SearchAction","target":{"@type":"EntryPoint","urlTemplate":"https:\/\/www.jardinartificial.es\/pt\/?s={search_term_string}"},"query-input":{"@type":"PropertyValueSpecification","valueRequired":true,"valueName":"search_term_string"}}],"inLanguage":"pt-PT"},{"@type":"Organization","@id":"https:\/\/www.jardinartificial.es\/pt\/#organization","name":"Jard\u00edn Artificial","url":"https:\/\/www.jardinartificial.es\/pt\/","logo":{"@type":"ImageObject","inLanguage":"pt-PT","@id":"https:\/\/www.jardinartificial.es\/pt\/#\/schema\/logo\/image\/","url":"https:\/\/www.jardinartificial.es\/wp-content\/uploads\/2023\/03\/logotipo.svg","contentUrl":"https:\/\/www.jardinartificial.es\/wp-content\/uploads\/2023\/03\/logotipo.svg","width":187,"height":53,"caption":"Jard\u00edn Artificial"},"image":{"@id":"https:\/\/www.jardinartificial.es\/pt\/#\/schema\/logo\/image\/"}}]}},"_links":{"self":[{"href":"https:\/\/www.jardinartificial.es\/pt\/wp-json\/wp\/v2\/product\/87382","targetHints":{"allow":["GET"]}}],"collection":[{"href":"https:\/\/www.jardinartificial.es\/pt\/wp-json\/wp\/v2\/product"}],"about":[{"href":"https:\/\/www.jardinartificial.es\/pt\/wp-json\/wp\/v2\/types\/product"}],"replies":[{"embeddable":true,"href":"https:\/\/www.jardinartificial.es\/pt\/wp-json\/wp\/v2\/comments?post=87382"}],"wp:featuredmedia":[{"embeddable":true,"href":"https:\/\/www.jardinartificial.es\/pt\/wp-json\/wp\/v2\/media\/87107"}],"wp:attachment":[{"href":"https:\/\/www.jardinartificial.es\/pt\/wp-json\/wp\/v2\/media?parent=87382"}],"wp:term":[{"taxonomy":"product_brand","embeddable":true,"href":"https:\/\/www.jardinartificial.es\/pt\/wp-json\/wp\/v2\/product_brand?post=87382"},{"taxonomy":"product_cat","embeddable":true,"href":"https:\/\/www.jardinartificial.es\/pt\/wp-json\/wp\/v2\/product_cat?post=87382"},{"taxonomy":"product_tag","embeddable":true,"href":"https:\/\/www.jardinartificial.es\/pt\/wp-json\/wp\/v2\/product_tag?post=87382"}],"curies":[{"name":"wp","href":"https:\/\/api.w.org\/{rel}","templated":true}]}}