{"id":87350,"date":"2025-01-14T09:13:54","date_gmt":"2025-01-14T08:13:54","guid":{"rendered":"https:\/\/www.jardinartificial.es\/?post_type=product&#038;p=87350"},"modified":"2026-04-13T14:03:31","modified_gmt":"2026-04-13T12:03:31","slug":"arvore-artificial-ficus-deluxe-180cm","status":"publish","type":"product","link":"https:\/\/www.jardinartificial.es\/pt\/comprar\/plantas-artificiales-pt\/arvore-artificial-ficus-deluxe-180cm\/","title":{"rendered":"\u00c1rvore artificial Ficus Deluxe 180cm"},"content":{"rendered":"","protected":false},"excerpt":{"rendered":"<p><strong>\u00c1rvore artificial Ficus Deluxe 180cm<\/strong><\/p>\n<p class=\"pip-product-details__paragraph\">\u00c1rvore artificial perfeita para dar um ar fresco a qualquer espa\u00e7o.<\/p>\n<p class=\"pip-product-details__paragraph\">A sua folhagem verde exuberante e o seu tronco natural conferem-lhe um aspeto aut\u00eantico, tornando-o o complemento ideal para casas, escrit\u00f3rios ou locais comerciais.<\/p>\n<p>\ud83c\udf3f Com folhas em diferentes tons de verde e um tronco de aspeto natural, esta ficus reproduz fielmente a beleza da planta original.<\/p>\n<p>\u2600\ufe0f As suas folhas s\u00e3o tratadas com UV, o que as ajuda a conservar a sua cor durante mais tempo \u00e0 luz do sol. N\u00e3o \u00e9 garantida contra ventos fortes <\/p>\n<ul>\n<li class=\"product__feature\">Altura cm: 180<\/li>\n<li class=\"product__feature\">Altura do vaso (cm): 12<\/li>\n<li class=\"product__feature\">Largura total (cm): 70<\/li>\n<li class=\"product__feature\">Di\u00e2metro do vaso (cm): 15<\/li>\n<\/ul>\n","protected":false},"featured_media":91481,"comment_status":"open","ping_status":"closed","template":"","meta":{"_acf_changed":false},"product_brand":[],"product_cat":[774],"product_tag":[987],"class_list":{"0":"post-87350","1":"product","2":"type-product","3":"status-publish","4":"has-post-thumbnail","6":"product_cat-plantas-artificiales-pt","7":"product_tag-pt-2","8":"sales-flash-overlay","9":"woocommerce-text-align-center","10":"woocommerce-image-align-center","11":"do-quantity-buttons","12":"wc-has-gallery","14":"first","15":"outofstock","16":"sale","17":"taxable","18":"shipping-taxable","19":"purchasable","20":"product-type-simple"},"acf":{"":""},"gallery_images":[87359,87353,87357,87355],"yoast_head":"<!-- This site is optimized with the Yoast SEO Premium plugin v27.4 (Yoast SEO v27.4) - https:\/\/yoast.com\/product\/yoast-seo-premium-wordpress\/ -->\n<title>\u00c1rvore artificial Ficus Deluxe 180cm | Jardin Artificial<\/title>\n<meta name=\"description\" content=\"\u00c1rvore artificial Ficus 180cm. Com folhas em diferentes tons de verde e um tronco de aspeto natural, esta ficus reproduz a beleza da planta original.\" \/>\n<meta name=\"robots\" content=\"index, follow, max-snippet:-1, max-image-preview:large, max-video-preview:-1\" \/>\n<link rel=\"canonical\" href=\"https:\/\/www.jardinartificial.es\/pt\/comprar\/plantas-artificiales-pt\/arvore-artificial-ficus-deluxe-180cm\/\" \/>\n<meta property=\"og:locale\" content=\"pt_PT\" \/>\n<meta property=\"og:type\" content=\"article\" \/>\n<meta property=\"og:title\" content=\"\u00c1rvore artificial Ficus Deluxe 180cm\" \/>\n<meta property=\"og:description\" content=\"\u00c1rvore artificial Ficus 180cm. Com folhas em diferentes tons de verde e um tronco de aspeto natural, esta ficus reproduz a beleza da planta original.\" \/>\n<meta property=\"og:url\" content=\"https:\/\/www.jardinartificial.es\/pt\/comprar\/plantas-artificiales-pt\/arvore-artificial-ficus-deluxe-180cm\/\" \/>\n<meta property=\"og:site_name\" content=\"Jardin Artificial\" \/>\n<meta property=\"article:modified_time\" content=\"2026-04-13T12:03:31+00:00\" \/>\n<meta property=\"og:image\" content=\"https:\/\/www.jardinartificial.es\/wp-content\/uploads\/2025\/01\/ARBOL-DE-FICUS-ARTIFICIAL-180CM-2-1.png\" \/>\n\t<meta property=\"og:image:width\" content=\"1080\" \/>\n\t<meta property=\"og:image:height\" content=\"1080\" \/>\n\t<meta property=\"og:image:type\" content=\"image\/png\" \/>\n<meta name=\"twitter:card\" content=\"summary_large_image\" \/>\n<meta name=\"twitter:label1\" content=\"Tempo estimado de leitura\" \/>\n\t<meta name=\"twitter:data1\" content=\"1 minuto\" \/>\n<script type=\"application\/ld+json\" class=\"yoast-schema-graph\">{\"@context\":\"https:\\\/\\\/schema.org\",\"@graph\":[{\"@type\":\"WebPage\",\"@id\":\"https:\\\/\\\/www.jardinartificial.es\\\/pt\\\/comprar\\\/plantas-artificiales-pt\\\/arvore-artificial-ficus-deluxe-180cm\\\/\",\"url\":\"https:\\\/\\\/www.jardinartificial.es\\\/pt\\\/comprar\\\/plantas-artificiales-pt\\\/arvore-artificial-ficus-deluxe-180cm\\\/\",\"name\":\"\u00c1rvore artificial Ficus Deluxe 180cm | Jardin Artificial\",\"isPartOf\":{\"@id\":\"https:\\\/\\\/www.jardinartificial.es\\\/pt\\\/#website\"},\"primaryImageOfPage\":{\"@id\":\"https:\\\/\\\/www.jardinartificial.es\\\/pt\\\/comprar\\\/plantas-artificiales-pt\\\/arvore-artificial-ficus-deluxe-180cm\\\/#primaryimage\"},\"image\":{\"@id\":\"https:\\\/\\\/www.jardinartificial.es\\\/pt\\\/comprar\\\/plantas-artificiales-pt\\\/arvore-artificial-ficus-deluxe-180cm\\\/#primaryimage\"},\"thumbnailUrl\":\"https:\\\/\\\/www.jardinartificial.es\\\/wp-content\\\/uploads\\\/2025\\\/01\\\/ARBOL-DE-FICUS-ARTIFICIAL-180CM-2-1.png\",\"datePublished\":\"2025-01-14T08:13:54+00:00\",\"dateModified\":\"2026-04-13T12:03:31+00:00\",\"description\":\"\u00c1rvore artificial Ficus 180cm. Com folhas em diferentes tons de verde e um tronco de aspeto natural, esta ficus reproduz a beleza da planta original.\",\"breadcrumb\":{\"@id\":\"https:\\\/\\\/www.jardinartificial.es\\\/pt\\\/comprar\\\/plantas-artificiales-pt\\\/arvore-artificial-ficus-deluxe-180cm\\\/#breadcrumb\"},\"inLanguage\":\"pt-PT\",\"potentialAction\":[{\"@type\":\"ReadAction\",\"target\":[\"https:\\\/\\\/www.jardinartificial.es\\\/pt\\\/comprar\\\/plantas-artificiales-pt\\\/arvore-artificial-ficus-deluxe-180cm\\\/\"]}]},{\"@type\":\"ImageObject\",\"inLanguage\":\"pt-PT\",\"@id\":\"https:\\\/\\\/www.jardinartificial.es\\\/pt\\\/comprar\\\/plantas-artificiales-pt\\\/arvore-artificial-ficus-deluxe-180cm\\\/#primaryimage\",\"url\":\"https:\\\/\\\/www.jardinartificial.es\\\/wp-content\\\/uploads\\\/2025\\\/01\\\/ARBOL-DE-FICUS-ARTIFICIAL-180CM-2-1.png\",\"contentUrl\":\"https:\\\/\\\/www.jardinartificial.es\\\/wp-content\\\/uploads\\\/2025\\\/01\\\/ARBOL-DE-FICUS-ARTIFICIAL-180CM-2-1.png\",\"width\":1080,\"height\":1080,\"caption\":\"\u00c1RVORE DE FICUS ARTIFICIAL 180CM\"},{\"@type\":\"BreadcrumbList\",\"@id\":\"https:\\\/\\\/www.jardinartificial.es\\\/pt\\\/comprar\\\/plantas-artificiales-pt\\\/arvore-artificial-ficus-deluxe-180cm\\\/#breadcrumb\",\"itemListElement\":[{\"@type\":\"ListItem\",\"position\":1,\"name\":\"Portada\",\"item\":\"https:\\\/\\\/www.jardinartificial.es\\\/pt\\\/\"},{\"@type\":\"ListItem\",\"position\":2,\"name\":\"Todos os produtos\",\"item\":\"https:\\\/\\\/www.jardinartificial.es\\\/pt-pt\\\/todos-os-produtos\\\/\"},{\"@type\":\"ListItem\",\"position\":3,\"name\":\"\u00c1rvore artificial Ficus Deluxe 180cm\"}]},{\"@type\":\"WebSite\",\"@id\":\"https:\\\/\\\/www.jardinartificial.es\\\/pt\\\/#website\",\"url\":\"https:\\\/\\\/www.jardinartificial.es\\\/pt\\\/\",\"name\":\"Jard\u00edn Artificial - Venta de C\u00e9sped Artficial\",\"description\":\"C\u00e9sped Artificial barato al corte\",\"publisher\":{\"@id\":\"https:\\\/\\\/www.jardinartificial.es\\\/pt\\\/#organization\"},\"potentialAction\":[{\"@type\":\"SearchAction\",\"target\":{\"@type\":\"EntryPoint\",\"urlTemplate\":\"https:\\\/\\\/www.jardinartificial.es\\\/pt\\\/?s={search_term_string}\"},\"query-input\":{\"@type\":\"PropertyValueSpecification\",\"valueRequired\":true,\"valueName\":\"search_term_string\"}}],\"inLanguage\":\"pt-PT\"},{\"@type\":\"Organization\",\"@id\":\"https:\\\/\\\/www.jardinartificial.es\\\/pt\\\/#organization\",\"name\":\"Jard\u00edn Artificial\",\"url\":\"https:\\\/\\\/www.jardinartificial.es\\\/pt\\\/\",\"logo\":{\"@type\":\"ImageObject\",\"inLanguage\":\"pt-PT\",\"@id\":\"https:\\\/\\\/www.jardinartificial.es\\\/pt\\\/#\\\/schema\\\/logo\\\/image\\\/\",\"url\":\"https:\\\/\\\/www.jardinartificial.es\\\/wp-content\\\/uploads\\\/2023\\\/03\\\/logotipo.svg\",\"contentUrl\":\"https:\\\/\\\/www.jardinartificial.es\\\/wp-content\\\/uploads\\\/2023\\\/03\\\/logotipo.svg\",\"width\":187,\"height\":53,\"caption\":\"Jard\u00edn Artificial\"},\"image\":{\"@id\":\"https:\\\/\\\/www.jardinartificial.es\\\/pt\\\/#\\\/schema\\\/logo\\\/image\\\/\"}}]}<\/script>\n<!-- \/ Yoast SEO Premium plugin. -->","yoast_head_json":{"title":"\u00c1rvore artificial Ficus Deluxe 180cm | Jardin Artificial","description":"\u00c1rvore artificial Ficus 180cm. Com folhas em diferentes tons de verde e um tronco de aspeto natural, esta ficus reproduz a beleza da planta original.","robots":{"index":"index","follow":"follow","max-snippet":"max-snippet:-1","max-image-preview":"max-image-preview:large","max-video-preview":"max-video-preview:-1"},"canonical":"https:\/\/www.jardinartificial.es\/pt\/comprar\/plantas-artificiales-pt\/arvore-artificial-ficus-deluxe-180cm\/","og_locale":"pt_PT","og_type":"article","og_title":"\u00c1rvore artificial Ficus Deluxe 180cm","og_description":"\u00c1rvore artificial Ficus 180cm. Com folhas em diferentes tons de verde e um tronco de aspeto natural, esta ficus reproduz a beleza da planta original.","og_url":"https:\/\/www.jardinartificial.es\/pt\/comprar\/plantas-artificiales-pt\/arvore-artificial-ficus-deluxe-180cm\/","og_site_name":"Jardin Artificial","article_modified_time":"2026-04-13T12:03:31+00:00","og_image":[{"width":1080,"height":1080,"url":"https:\/\/www.jardinartificial.es\/wp-content\/uploads\/2025\/01\/ARBOL-DE-FICUS-ARTIFICIAL-180CM-2-1.png","type":"image\/png"}],"twitter_card":"summary_large_image","twitter_misc":{"Tempo estimado de leitura":"1 minuto"},"schema":{"@context":"https:\/\/schema.org","@graph":[{"@type":"WebPage","@id":"https:\/\/www.jardinartificial.es\/pt\/comprar\/plantas-artificiales-pt\/arvore-artificial-ficus-deluxe-180cm\/","url":"https:\/\/www.jardinartificial.es\/pt\/comprar\/plantas-artificiales-pt\/arvore-artificial-ficus-deluxe-180cm\/","name":"\u00c1rvore artificial Ficus Deluxe 180cm | Jardin Artificial","isPartOf":{"@id":"https:\/\/www.jardinartificial.es\/pt\/#website"},"primaryImageOfPage":{"@id":"https:\/\/www.jardinartificial.es\/pt\/comprar\/plantas-artificiales-pt\/arvore-artificial-ficus-deluxe-180cm\/#primaryimage"},"image":{"@id":"https:\/\/www.jardinartificial.es\/pt\/comprar\/plantas-artificiales-pt\/arvore-artificial-ficus-deluxe-180cm\/#primaryimage"},"thumbnailUrl":"https:\/\/www.jardinartificial.es\/wp-content\/uploads\/2025\/01\/ARBOL-DE-FICUS-ARTIFICIAL-180CM-2-1.png","datePublished":"2025-01-14T08:13:54+00:00","dateModified":"2026-04-13T12:03:31+00:00","description":"\u00c1rvore artificial Ficus 180cm. Com folhas em diferentes tons de verde e um tronco de aspeto natural, esta ficus reproduz a beleza da planta original.","breadcrumb":{"@id":"https:\/\/www.jardinartificial.es\/pt\/comprar\/plantas-artificiales-pt\/arvore-artificial-ficus-deluxe-180cm\/#breadcrumb"},"inLanguage":"pt-PT","potentialAction":[{"@type":"ReadAction","target":["https:\/\/www.jardinartificial.es\/pt\/comprar\/plantas-artificiales-pt\/arvore-artificial-ficus-deluxe-180cm\/"]}]},{"@type":"ImageObject","inLanguage":"pt-PT","@id":"https:\/\/www.jardinartificial.es\/pt\/comprar\/plantas-artificiales-pt\/arvore-artificial-ficus-deluxe-180cm\/#primaryimage","url":"https:\/\/www.jardinartificial.es\/wp-content\/uploads\/2025\/01\/ARBOL-DE-FICUS-ARTIFICIAL-180CM-2-1.png","contentUrl":"https:\/\/www.jardinartificial.es\/wp-content\/uploads\/2025\/01\/ARBOL-DE-FICUS-ARTIFICIAL-180CM-2-1.png","width":1080,"height":1080,"caption":"\u00c1RVORE DE FICUS ARTIFICIAL 180CM"},{"@type":"BreadcrumbList","@id":"https:\/\/www.jardinartificial.es\/pt\/comprar\/plantas-artificiales-pt\/arvore-artificial-ficus-deluxe-180cm\/#breadcrumb","itemListElement":[{"@type":"ListItem","position":1,"name":"Portada","item":"https:\/\/www.jardinartificial.es\/pt\/"},{"@type":"ListItem","position":2,"name":"Todos os produtos","item":"https:\/\/www.jardinartificial.es\/pt-pt\/todos-os-produtos\/"},{"@type":"ListItem","position":3,"name":"\u00c1rvore artificial Ficus Deluxe 180cm"}]},{"@type":"WebSite","@id":"https:\/\/www.jardinartificial.es\/pt\/#website","url":"https:\/\/www.jardinartificial.es\/pt\/","name":"Jard\u00edn Artificial - Venta de C\u00e9sped Artficial","description":"C\u00e9sped Artificial barato al corte","publisher":{"@id":"https:\/\/www.jardinartificial.es\/pt\/#organization"},"potentialAction":[{"@type":"SearchAction","target":{"@type":"EntryPoint","urlTemplate":"https:\/\/www.jardinartificial.es\/pt\/?s={search_term_string}"},"query-input":{"@type":"PropertyValueSpecification","valueRequired":true,"valueName":"search_term_string"}}],"inLanguage":"pt-PT"},{"@type":"Organization","@id":"https:\/\/www.jardinartificial.es\/pt\/#organization","name":"Jard\u00edn Artificial","url":"https:\/\/www.jardinartificial.es\/pt\/","logo":{"@type":"ImageObject","inLanguage":"pt-PT","@id":"https:\/\/www.jardinartificial.es\/pt\/#\/schema\/logo\/image\/","url":"https:\/\/www.jardinartificial.es\/wp-content\/uploads\/2023\/03\/logotipo.svg","contentUrl":"https:\/\/www.jardinartificial.es\/wp-content\/uploads\/2023\/03\/logotipo.svg","width":187,"height":53,"caption":"Jard\u00edn Artificial"},"image":{"@id":"https:\/\/www.jardinartificial.es\/pt\/#\/schema\/logo\/image\/"}}]}},"_links":{"self":[{"href":"https:\/\/www.jardinartificial.es\/pt\/wp-json\/wp\/v2\/product\/87350","targetHints":{"allow":["GET"]}}],"collection":[{"href":"https:\/\/www.jardinartificial.es\/pt\/wp-json\/wp\/v2\/product"}],"about":[{"href":"https:\/\/www.jardinartificial.es\/pt\/wp-json\/wp\/v2\/types\/product"}],"replies":[{"embeddable":true,"href":"https:\/\/www.jardinartificial.es\/pt\/wp-json\/wp\/v2\/comments?post=87350"}],"wp:featuredmedia":[{"embeddable":true,"href":"https:\/\/www.jardinartificial.es\/pt\/wp-json\/wp\/v2\/media\/91481"}],"wp:attachment":[{"href":"https:\/\/www.jardinartificial.es\/pt\/wp-json\/wp\/v2\/media?parent=87350"}],"wp:term":[{"taxonomy":"product_brand","embeddable":true,"href":"https:\/\/www.jardinartificial.es\/pt\/wp-json\/wp\/v2\/product_brand?post=87350"},{"taxonomy":"product_cat","embeddable":true,"href":"https:\/\/www.jardinartificial.es\/pt\/wp-json\/wp\/v2\/product_cat?post=87350"},{"taxonomy":"product_tag","embeddable":true,"href":"https:\/\/www.jardinartificial.es\/pt\/wp-json\/wp\/v2\/product_tag?post=87350"}],"curies":[{"name":"wp","href":"https:\/\/api.w.org\/{rel}","templated":true}]}}