{"id":82246,"date":"2024-07-12T12:55:17","date_gmt":"2024-07-12T10:55:17","guid":{"rendered":"https:\/\/www.jardinartificial.es\/?post_type=product&#038;p=82246"},"modified":"2026-04-13T16:25:44","modified_gmt":"2026-04-13T14:25:44","slug":"relva-artificial-espana-35mm","status":"publish","type":"product","link":"https:\/\/www.jardinartificial.es\/pt\/comprar\/cesped-artificial-pt\/relva-artificial-espana-35mm\/","title":{"rendered":"Relva Artificial Espanha 35mm"},"content":{"rendered":"","protected":false},"excerpt":{"rendered":"<p><strong>Modelo de relva espanhola 35 mm<\/strong><\/p>\n<p>Gra\u00e7as ao seu Dtex de 10.500, este modelo de relva tem fibras que oferecem uma excelente resili\u00eancia e s\u00e3o muito confort\u00e1veis. Com 12 fios direitos e 8 fios encaracolados, consegue um aspeto fofo.<\/p>\n<ul>\n<li>Ideal para decorar terra\u00e7os, jardins, zonas de piscina e animais de estima\u00e7\u00e3o.<\/li>\n<\/ul>\n<ul>\n<li>Dispon\u00edvel em rolos completos de 40 m\u00b2, 20 metros de comprimento e 2 metros de largura sem cortes.<\/li>\n<\/ul>\n","protected":false},"featured_media":101373,"comment_status":"open","ping_status":"closed","template":"","meta":{"_acf_changed":false},"product_brand":[],"product_cat":[748,749],"product_tag":[987,994],"class_list":{"0":"post-82246","1":"product","2":"type-product","3":"status-publish","4":"has-post-thumbnail","6":"product_cat-decorativo-pt-3","7":"product_cat-cesped-artificial-pt","8":"product_tag-pt-2","9":"product_tag-relva-cidades","10":"product_shipping_class-standar-pt","11":"sales-flash-overlay","12":"woocommerce-text-align-center","13":"woocommerce-image-align-center","14":"do-quantity-buttons","15":"wc-has-gallery","17":"first","18":"instock","19":"sale","20":"taxable","21":"shipping-taxable","22":"purchasable","23":"product-type-variable"},"acf":{"":""},"gallery_images":[101072,101073,102393,102856,102857],"yoast_head":"<!-- This site is optimized with the Yoast SEO Premium plugin v27.1 (Yoast SEO v27.2) - https:\/\/yoast.com\/product\/yoast-seo-premium-wordpress\/ -->\n<title>\u25b7 Relva Artificial Espanha 35mm | Venta Online<\/title>\n<meta name=\"description\" content=\"Relva Artificial Espanha 35 mm muito barata ao corte ou em rolo, com os metros que quiser. Relva Artificial de muita qualidade \u2705 Compre online de forma segura.\" \/>\n<meta name=\"robots\" content=\"index, follow, max-snippet:-1, max-image-preview:large, max-video-preview:-1\" \/>\n<link rel=\"canonical\" href=\"https:\/\/www.jardinartificial.es\/pt\/comprar\/cesped-artificial-pt\/relva-artificial-espana-35mm\/\" \/>\n<meta property=\"og:locale\" content=\"pt_PT\" \/>\n<meta property=\"og:type\" content=\"article\" \/>\n<meta property=\"og:title\" content=\"Relva Artificial Espanha 35mm\" \/>\n<meta property=\"og:description\" content=\"Relva Artificial Espanha 35 mm muito barata ao corte ou em rolo, com os metros que quiser. Relva Artificial de muita qualidade \u2705 Compre online de forma segura.\" \/>\n<meta property=\"og:url\" content=\"https:\/\/www.jardinartificial.es\/pt\/comprar\/cesped-artificial-pt\/relva-artificial-espana-35mm\/\" \/>\n<meta property=\"og:site_name\" content=\"Jardin Artificial\" \/>\n<meta property=\"article:modified_time\" content=\"2026-04-13T14:25:44+00:00\" \/>\n<meta property=\"og:image\" content=\"https:\/\/www.jardinartificial.es\/wp-content\/uploads\/2026\/01\/Cesped-Artificial-Valley-35.jpeg\" \/>\n\t<meta property=\"og:image:width\" content=\"1920\" \/>\n\t<meta property=\"og:image:height\" content=\"1920\" \/>\n\t<meta property=\"og:image:type\" content=\"image\/jpeg\" \/>\n<meta name=\"twitter:card\" content=\"summary_large_image\" \/>\n<meta name=\"twitter:label1\" content=\"Tempo estimado de leitura\" \/>\n\t<meta name=\"twitter:data1\" content=\"1 minuto\" \/>\n<script type=\"application\/ld+json\" class=\"yoast-schema-graph\">{\"@context\":\"https:\/\/schema.org\",\"@graph\":[{\"@type\":\"WebPage\",\"@id\":\"https:\/\/www.jardinartificial.es\/pt\/comprar\/cesped-artificial-pt\/relva-artificial-espana-35mm\/\",\"url\":\"https:\/\/www.jardinartificial.es\/pt\/comprar\/cesped-artificial-pt\/relva-artificial-espana-35mm\/\",\"name\":\"\u25b7 Relva Artificial Espanha 35mm | Venta Online\",\"isPartOf\":{\"@id\":\"https:\/\/www.jardinartificial.es\/pt\/#website\"},\"primaryImageOfPage\":{\"@id\":\"https:\/\/www.jardinartificial.es\/pt\/comprar\/cesped-artificial-pt\/relva-artificial-espana-35mm\/#primaryimage\"},\"image\":{\"@id\":\"https:\/\/www.jardinartificial.es\/pt\/comprar\/cesped-artificial-pt\/relva-artificial-espana-35mm\/#primaryimage\"},\"thumbnailUrl\":\"https:\/\/www.jardinartificial.es\/wp-content\/uploads\/2026\/01\/Cesped-Artificial-Valley-35.jpeg\",\"datePublished\":\"2024-07-12T10:55:17+00:00\",\"dateModified\":\"2026-04-13T14:25:44+00:00\",\"description\":\"Relva Artificial Espanha 35 mm muito barata ao corte ou em rolo, com os metros que quiser. Relva Artificial de muita qualidade \u2705 Compre online de forma segura.\",\"breadcrumb\":{\"@id\":\"https:\/\/www.jardinartificial.es\/pt\/comprar\/cesped-artificial-pt\/relva-artificial-espana-35mm\/#breadcrumb\"},\"inLanguage\":\"pt-PT\",\"potentialAction\":[{\"@type\":\"ReadAction\",\"target\":[\"https:\/\/www.jardinartificial.es\/pt\/comprar\/cesped-artificial-pt\/relva-artificial-espana-35mm\/\"]}]},{\"@type\":\"ImageObject\",\"inLanguage\":\"pt-PT\",\"@id\":\"https:\/\/www.jardinartificial.es\/pt\/comprar\/cesped-artificial-pt\/relva-artificial-espana-35mm\/#primaryimage\",\"url\":\"https:\/\/www.jardinartificial.es\/wp-content\/uploads\/2026\/01\/Cesped-Artificial-Valley-35.jpeg\",\"contentUrl\":\"https:\/\/www.jardinartificial.es\/wp-content\/uploads\/2026\/01\/Cesped-Artificial-Valley-35.jpeg\",\"width\":1920,\"height\":1920,\"caption\":\"Relva Artificial Valley 35\"},{\"@type\":\"BreadcrumbList\",\"@id\":\"https:\/\/www.jardinartificial.es\/pt\/comprar\/cesped-artificial-pt\/relva-artificial-espana-35mm\/#breadcrumb\",\"itemListElement\":[{\"@type\":\"ListItem\",\"position\":1,\"name\":\"Portada\",\"item\":\"https:\/\/www.jardinartificial.es\/pt\/\"},{\"@type\":\"ListItem\",\"position\":2,\"name\":\"Todos os produtos\",\"item\":\"https:\/\/www.jardinartificial.es\/pt-pt\/todos-os-produtos\/\"},{\"@type\":\"ListItem\",\"position\":3,\"name\":\"Relva Artificial Espanha 35mm\"}]},{\"@type\":\"WebSite\",\"@id\":\"https:\/\/www.jardinartificial.es\/pt\/#website\",\"url\":\"https:\/\/www.jardinartificial.es\/pt\/\",\"name\":\"Jard\u00edn Artificial - Venta de C\u00e9sped Artficial\",\"description\":\"C\u00e9sped Artificial barato al corte\",\"publisher\":{\"@id\":\"https:\/\/www.jardinartificial.es\/pt\/#organization\"},\"potentialAction\":[{\"@type\":\"SearchAction\",\"target\":{\"@type\":\"EntryPoint\",\"urlTemplate\":\"https:\/\/www.jardinartificial.es\/pt\/?s={search_term_string}\"},\"query-input\":{\"@type\":\"PropertyValueSpecification\",\"valueRequired\":true,\"valueName\":\"search_term_string\"}}],\"inLanguage\":\"pt-PT\"},{\"@type\":\"Organization\",\"@id\":\"https:\/\/www.jardinartificial.es\/pt\/#organization\",\"name\":\"Jard\u00edn Artificial\",\"url\":\"https:\/\/www.jardinartificial.es\/pt\/\",\"logo\":{\"@type\":\"ImageObject\",\"inLanguage\":\"pt-PT\",\"@id\":\"https:\/\/www.jardinartificial.es\/pt\/#\/schema\/logo\/image\/\",\"url\":\"https:\/\/www.jardinartificial.es\/wp-content\/uploads\/2023\/03\/logotipo.svg\",\"contentUrl\":\"https:\/\/www.jardinartificial.es\/wp-content\/uploads\/2023\/03\/logotipo.svg\",\"width\":187,\"height\":53,\"caption\":\"Jard\u00edn Artificial\"},\"image\":{\"@id\":\"https:\/\/www.jardinartificial.es\/pt\/#\/schema\/logo\/image\/\"}}]}<\/script>\n<!-- \/ Yoast SEO Premium plugin. -->","yoast_head_json":{"title":"\u25b7 Relva Artificial Espanha 35mm | Venta Online","description":"Relva Artificial Espanha 35 mm muito barata ao corte ou em rolo, com os metros que quiser. Relva Artificial de muita qualidade \u2705 Compre online de forma segura.","robots":{"index":"index","follow":"follow","max-snippet":"max-snippet:-1","max-image-preview":"max-image-preview:large","max-video-preview":"max-video-preview:-1"},"canonical":"https:\/\/www.jardinartificial.es\/pt\/comprar\/cesped-artificial-pt\/relva-artificial-espana-35mm\/","og_locale":"pt_PT","og_type":"article","og_title":"Relva Artificial Espanha 35mm","og_description":"Relva Artificial Espanha 35 mm muito barata ao corte ou em rolo, com os metros que quiser. Relva Artificial de muita qualidade \u2705 Compre online de forma segura.","og_url":"https:\/\/www.jardinartificial.es\/pt\/comprar\/cesped-artificial-pt\/relva-artificial-espana-35mm\/","og_site_name":"Jardin Artificial","article_modified_time":"2026-04-13T14:25:44+00:00","og_image":[{"width":1920,"height":1920,"url":"https:\/\/www.jardinartificial.es\/wp-content\/uploads\/2026\/01\/Cesped-Artificial-Valley-35.jpeg","type":"image\/jpeg"}],"twitter_card":"summary_large_image","twitter_misc":{"Tempo estimado de leitura":"1 minuto"},"schema":{"@context":"https:\/\/schema.org","@graph":[{"@type":"WebPage","@id":"https:\/\/www.jardinartificial.es\/pt\/comprar\/cesped-artificial-pt\/relva-artificial-espana-35mm\/","url":"https:\/\/www.jardinartificial.es\/pt\/comprar\/cesped-artificial-pt\/relva-artificial-espana-35mm\/","name":"\u25b7 Relva Artificial Espanha 35mm | Venta Online","isPartOf":{"@id":"https:\/\/www.jardinartificial.es\/pt\/#website"},"primaryImageOfPage":{"@id":"https:\/\/www.jardinartificial.es\/pt\/comprar\/cesped-artificial-pt\/relva-artificial-espana-35mm\/#primaryimage"},"image":{"@id":"https:\/\/www.jardinartificial.es\/pt\/comprar\/cesped-artificial-pt\/relva-artificial-espana-35mm\/#primaryimage"},"thumbnailUrl":"https:\/\/www.jardinartificial.es\/wp-content\/uploads\/2026\/01\/Cesped-Artificial-Valley-35.jpeg","datePublished":"2024-07-12T10:55:17+00:00","dateModified":"2026-04-13T14:25:44+00:00","description":"Relva Artificial Espanha 35 mm muito barata ao corte ou em rolo, com os metros que quiser. Relva Artificial de muita qualidade \u2705 Compre online de forma segura.","breadcrumb":{"@id":"https:\/\/www.jardinartificial.es\/pt\/comprar\/cesped-artificial-pt\/relva-artificial-espana-35mm\/#breadcrumb"},"inLanguage":"pt-PT","potentialAction":[{"@type":"ReadAction","target":["https:\/\/www.jardinartificial.es\/pt\/comprar\/cesped-artificial-pt\/relva-artificial-espana-35mm\/"]}]},{"@type":"ImageObject","inLanguage":"pt-PT","@id":"https:\/\/www.jardinartificial.es\/pt\/comprar\/cesped-artificial-pt\/relva-artificial-espana-35mm\/#primaryimage","url":"https:\/\/www.jardinartificial.es\/wp-content\/uploads\/2026\/01\/Cesped-Artificial-Valley-35.jpeg","contentUrl":"https:\/\/www.jardinartificial.es\/wp-content\/uploads\/2026\/01\/Cesped-Artificial-Valley-35.jpeg","width":1920,"height":1920,"caption":"Relva Artificial Valley 35"},{"@type":"BreadcrumbList","@id":"https:\/\/www.jardinartificial.es\/pt\/comprar\/cesped-artificial-pt\/relva-artificial-espana-35mm\/#breadcrumb","itemListElement":[{"@type":"ListItem","position":1,"name":"Portada","item":"https:\/\/www.jardinartificial.es\/pt\/"},{"@type":"ListItem","position":2,"name":"Todos os produtos","item":"https:\/\/www.jardinartificial.es\/pt-pt\/todos-os-produtos\/"},{"@type":"ListItem","position":3,"name":"Relva Artificial Espanha 35mm"}]},{"@type":"WebSite","@id":"https:\/\/www.jardinartificial.es\/pt\/#website","url":"https:\/\/www.jardinartificial.es\/pt\/","name":"Jard\u00edn Artificial - Venta de C\u00e9sped Artficial","description":"C\u00e9sped Artificial barato al corte","publisher":{"@id":"https:\/\/www.jardinartificial.es\/pt\/#organization"},"potentialAction":[{"@type":"SearchAction","target":{"@type":"EntryPoint","urlTemplate":"https:\/\/www.jardinartificial.es\/pt\/?s={search_term_string}"},"query-input":{"@type":"PropertyValueSpecification","valueRequired":true,"valueName":"search_term_string"}}],"inLanguage":"pt-PT"},{"@type":"Organization","@id":"https:\/\/www.jardinartificial.es\/pt\/#organization","name":"Jard\u00edn Artificial","url":"https:\/\/www.jardinartificial.es\/pt\/","logo":{"@type":"ImageObject","inLanguage":"pt-PT","@id":"https:\/\/www.jardinartificial.es\/pt\/#\/schema\/logo\/image\/","url":"https:\/\/www.jardinartificial.es\/wp-content\/uploads\/2023\/03\/logotipo.svg","contentUrl":"https:\/\/www.jardinartificial.es\/wp-content\/uploads\/2023\/03\/logotipo.svg","width":187,"height":53,"caption":"Jard\u00edn Artificial"},"image":{"@id":"https:\/\/www.jardinartificial.es\/pt\/#\/schema\/logo\/image\/"}}]}},"_links":{"self":[{"href":"https:\/\/www.jardinartificial.es\/pt\/wp-json\/wp\/v2\/product\/82246","targetHints":{"allow":["GET"]}}],"collection":[{"href":"https:\/\/www.jardinartificial.es\/pt\/wp-json\/wp\/v2\/product"}],"about":[{"href":"https:\/\/www.jardinartificial.es\/pt\/wp-json\/wp\/v2\/types\/product"}],"replies":[{"embeddable":true,"href":"https:\/\/www.jardinartificial.es\/pt\/wp-json\/wp\/v2\/comments?post=82246"}],"wp:featuredmedia":[{"embeddable":true,"href":"https:\/\/www.jardinartificial.es\/pt\/wp-json\/wp\/v2\/media\/101373"}],"wp:attachment":[{"href":"https:\/\/www.jardinartificial.es\/pt\/wp-json\/wp\/v2\/media?parent=82246"}],"wp:term":[{"taxonomy":"product_brand","embeddable":true,"href":"https:\/\/www.jardinartificial.es\/pt\/wp-json\/wp\/v2\/product_brand?post=82246"},{"taxonomy":"product_cat","embeddable":true,"href":"https:\/\/www.jardinartificial.es\/pt\/wp-json\/wp\/v2\/product_cat?post=82246"},{"taxonomy":"product_tag","embeddable":true,"href":"https:\/\/www.jardinartificial.es\/pt\/wp-json\/wp\/v2\/product_tag?post=82246"}],"curies":[{"name":"wp","href":"https:\/\/api.w.org\/{rel}","templated":true}]}}