{"id":80327,"date":"2024-06-06T11:17:54","date_gmt":"2024-06-06T09:17:54","guid":{"rendered":"https:\/\/www.jardinartificial.es\/?post_type=product&#038;p=80327"},"modified":"2026-04-13T14:01:11","modified_gmt":"2026-04-13T12:01:11","slug":"jardim-vertical-circular-moldura-dourada-50","status":"publish","type":"product","link":"https:\/\/www.jardinartificial.es\/pt\/comprar\/jardin-vertical-artificial-pt\/jardim-vertical-circular-moldura-dourada-50\/","title":{"rendered":"Jardim Vertical Circular Moldura Dourada 50"},"content":{"rendered":"","protected":false},"excerpt":{"rendered":"<p><strong>Moldura dourada para jardim vertical circular<\/strong><\/p>\n<p>O modelo Square Gold Frame apresenta uma <strong>elegante moldura met\u00e1lica redonda em cor dourada<\/strong>, enquadrando um design original com uma combina\u00e7\u00e3o de diferentes plantas e tipos de jardim. Este jardim vertical \u00e9 perfeito para quem procura juntar-se \u00e0 tend\u00eancia dos jardins verticais em <strong>formato circular<\/strong>, com um toque sofisticado que se adapta a qualquer espa\u00e7o. <\/p>\n<p>Ideal para quem prefere um design inovador que combina natureza e eleg\u00e2ncia, a Moldura Quadrada Dourada \u00e9 perfeita para qualquer ambiente que necessite de um toque distinto.<\/p>\n<ul>\n<li>Medidas 50 cm.<\/li>\n<li>Ideal para decora\u00e7\u00e3o de interiores e exteriores.<\/li>\n<li>Composi\u00e7\u00e3o da grelha: 100% HDPE.<\/li>\n<li>Composi\u00e7\u00e3o das folhas sint\u00e9ticas: 100% HDPE.<\/li>\n<li>Garantia UV e anti-desbotamento de 5 anos.<\/li>\n<\/ul>\n","protected":false},"featured_media":100719,"comment_status":"open","ping_status":"closed","template":"","meta":{"_acf_changed":false},"product_brand":[],"product_cat":[773,770],"product_tag":[987],"class_list":{"0":"post-80327","1":"product","2":"type-product","3":"status-publish","4":"has-post-thumbnail","6":"product_cat-eco-pt","7":"product_cat-jardin-vertical-artificial-pt","8":"product_tag-pt-2","9":"product_shipping_class-estandar-pt","10":"sales-flash-overlay","11":"woocommerce-text-align-center","12":"woocommerce-image-align-center","13":"do-quantity-buttons","14":"wc-has-gallery","16":"first","17":"instock","18":"sale","19":"taxable","20":"shipping-taxable","21":"purchasable","22":"product-type-simple"},"acf":{"":""},"gallery_images":[100346,100347,100348],"yoast_head":"<!-- This site is optimized with the Yoast SEO Premium plugin v27.4 (Yoast SEO v27.4) - https:\/\/yoast.com\/product\/yoast-seo-premium-wordpress\/ -->\n<title>| Jardim Artificial Vertical Jardim Artificial Circular Moldura Dourada 50 Jardin Artificial<\/title>\n<meta name=\"description\" content=\"Jardim artificial vertical com moldura circular dourada. Garantia de 5 anos UV e anti-descolora\u00e7\u00e3o. Utiliza\u00e7\u00e3o no interior e no exterior. Medidas 50 cm\" \/>\n<meta name=\"robots\" content=\"index, follow, max-snippet:-1, max-image-preview:large, max-video-preview:-1\" \/>\n<link rel=\"canonical\" href=\"https:\/\/www.jardinartificial.es\/pt\/comprar\/jardin-vertical-artificial-pt\/jardim-vertical-circular-moldura-dourada-50\/\" \/>\n<meta property=\"og:locale\" content=\"pt_PT\" \/>\n<meta property=\"og:type\" content=\"article\" \/>\n<meta property=\"og:title\" content=\"Jardim Vertical Circular Moldura Dourada 50\" \/>\n<meta property=\"og:description\" content=\"Jardim artificial vertical com moldura circular dourada. Garantia de 5 anos UV e anti-descolora\u00e7\u00e3o. Utiliza\u00e7\u00e3o no interior e no exterior. Medidas 50 cm\" \/>\n<meta property=\"og:url\" content=\"https:\/\/www.jardinartificial.es\/pt\/comprar\/jardin-vertical-artificial-pt\/jardim-vertical-circular-moldura-dourada-50\/\" \/>\n<meta property=\"og:site_name\" content=\"Jardin Artificial\" \/>\n<meta property=\"article:modified_time\" content=\"2026-04-13T12:01:11+00:00\" \/>\n<meta property=\"og:image\" content=\"https:\/\/www.jardinartificial.es\/wp-content\/uploads\/2026\/01\/Jardin-Vertical-Circular-Marco-Dorado-50.jpeg\" \/>\n\t<meta property=\"og:image:width\" content=\"750\" \/>\n\t<meta property=\"og:image:height\" content=\"750\" \/>\n\t<meta property=\"og:image:type\" content=\"image\/jpeg\" \/>\n<meta name=\"twitter:card\" content=\"summary_large_image\" \/>\n<meta name=\"twitter:label1\" content=\"Tempo estimado de leitura\" \/>\n\t<meta name=\"twitter:data1\" content=\"1 minuto\" \/>\n<script type=\"application\/ld+json\" class=\"yoast-schema-graph\">{\"@context\":\"https:\\\/\\\/schema.org\",\"@graph\":[{\"@type\":\"WebPage\",\"@id\":\"https:\\\/\\\/www.jardinartificial.es\\\/pt\\\/comprar\\\/jardin-vertical-artificial-pt\\\/jardim-vertical-circular-moldura-dourada-50\\\/\",\"url\":\"https:\\\/\\\/www.jardinartificial.es\\\/pt\\\/comprar\\\/jardin-vertical-artificial-pt\\\/jardim-vertical-circular-moldura-dourada-50\\\/\",\"name\":\"| Jardim Artificial Vertical Jardim Artificial Circular Moldura Dourada 50 Jardin Artificial\",\"isPartOf\":{\"@id\":\"https:\\\/\\\/www.jardinartificial.es\\\/pt\\\/#website\"},\"primaryImageOfPage\":{\"@id\":\"https:\\\/\\\/www.jardinartificial.es\\\/pt\\\/comprar\\\/jardin-vertical-artificial-pt\\\/jardim-vertical-circular-moldura-dourada-50\\\/#primaryimage\"},\"image\":{\"@id\":\"https:\\\/\\\/www.jardinartificial.es\\\/pt\\\/comprar\\\/jardin-vertical-artificial-pt\\\/jardim-vertical-circular-moldura-dourada-50\\\/#primaryimage\"},\"thumbnailUrl\":\"https:\\\/\\\/www.jardinartificial.es\\\/wp-content\\\/uploads\\\/2026\\\/01\\\/Jardin-Vertical-Circular-Marco-Dorado-50.jpeg\",\"datePublished\":\"2024-06-06T09:17:54+00:00\",\"dateModified\":\"2026-04-13T12:01:11+00:00\",\"description\":\"Jardim artificial vertical com moldura circular dourada. Garantia de 5 anos UV e anti-descolora\u00e7\u00e3o. Utiliza\u00e7\u00e3o no interior e no exterior. Medidas 50 cm\",\"breadcrumb\":{\"@id\":\"https:\\\/\\\/www.jardinartificial.es\\\/pt\\\/comprar\\\/jardin-vertical-artificial-pt\\\/jardim-vertical-circular-moldura-dourada-50\\\/#breadcrumb\"},\"inLanguage\":\"pt-PT\",\"potentialAction\":[{\"@type\":\"ReadAction\",\"target\":[\"https:\\\/\\\/www.jardinartificial.es\\\/pt\\\/comprar\\\/jardin-vertical-artificial-pt\\\/jardim-vertical-circular-moldura-dourada-50\\\/\"]}]},{\"@type\":\"ImageObject\",\"inLanguage\":\"pt-PT\",\"@id\":\"https:\\\/\\\/www.jardinartificial.es\\\/pt\\\/comprar\\\/jardin-vertical-artificial-pt\\\/jardim-vertical-circular-moldura-dourada-50\\\/#primaryimage\",\"url\":\"https:\\\/\\\/www.jardinartificial.es\\\/wp-content\\\/uploads\\\/2026\\\/01\\\/Jardin-Vertical-Circular-Marco-Dorado-50.jpeg\",\"contentUrl\":\"https:\\\/\\\/www.jardinartificial.es\\\/wp-content\\\/uploads\\\/2026\\\/01\\\/Jardin-Vertical-Circular-Marco-Dorado-50.jpeg\",\"width\":750,\"height\":750,\"caption\":\"Jard\u00edn Vertical Circular Marco Dorado 50\"},{\"@type\":\"BreadcrumbList\",\"@id\":\"https:\\\/\\\/www.jardinartificial.es\\\/pt\\\/comprar\\\/jardin-vertical-artificial-pt\\\/jardim-vertical-circular-moldura-dourada-50\\\/#breadcrumb\",\"itemListElement\":[{\"@type\":\"ListItem\",\"position\":1,\"name\":\"Portada\",\"item\":\"https:\\\/\\\/www.jardinartificial.es\\\/pt\\\/\"},{\"@type\":\"ListItem\",\"position\":2,\"name\":\"Todos os produtos\",\"item\":\"https:\\\/\\\/www.jardinartificial.es\\\/pt-pt\\\/todos-os-produtos\\\/\"},{\"@type\":\"ListItem\",\"position\":3,\"name\":\"Jardim Vertical Circular Moldura Dourada 50\"}]},{\"@type\":\"WebSite\",\"@id\":\"https:\\\/\\\/www.jardinartificial.es\\\/pt\\\/#website\",\"url\":\"https:\\\/\\\/www.jardinartificial.es\\\/pt\\\/\",\"name\":\"Jard\u00edn Artificial - Venta de C\u00e9sped Artficial\",\"description\":\"C\u00e9sped Artificial barato al corte\",\"publisher\":{\"@id\":\"https:\\\/\\\/www.jardinartificial.es\\\/pt\\\/#organization\"},\"potentialAction\":[{\"@type\":\"SearchAction\",\"target\":{\"@type\":\"EntryPoint\",\"urlTemplate\":\"https:\\\/\\\/www.jardinartificial.es\\\/pt\\\/?s={search_term_string}\"},\"query-input\":{\"@type\":\"PropertyValueSpecification\",\"valueRequired\":true,\"valueName\":\"search_term_string\"}}],\"inLanguage\":\"pt-PT\"},{\"@type\":\"Organization\",\"@id\":\"https:\\\/\\\/www.jardinartificial.es\\\/pt\\\/#organization\",\"name\":\"Jard\u00edn Artificial\",\"url\":\"https:\\\/\\\/www.jardinartificial.es\\\/pt\\\/\",\"logo\":{\"@type\":\"ImageObject\",\"inLanguage\":\"pt-PT\",\"@id\":\"https:\\\/\\\/www.jardinartificial.es\\\/pt\\\/#\\\/schema\\\/logo\\\/image\\\/\",\"url\":\"https:\\\/\\\/www.jardinartificial.es\\\/wp-content\\\/uploads\\\/2023\\\/03\\\/logotipo.svg\",\"contentUrl\":\"https:\\\/\\\/www.jardinartificial.es\\\/wp-content\\\/uploads\\\/2023\\\/03\\\/logotipo.svg\",\"width\":187,\"height\":53,\"caption\":\"Jard\u00edn Artificial\"},\"image\":{\"@id\":\"https:\\\/\\\/www.jardinartificial.es\\\/pt\\\/#\\\/schema\\\/logo\\\/image\\\/\"}}]}<\/script>\n<!-- \/ Yoast SEO Premium plugin. -->","yoast_head_json":{"title":"| Jardim Artificial Vertical Jardim Artificial Circular Moldura Dourada 50 Jardin Artificial","description":"Jardim artificial vertical com moldura circular dourada. Garantia de 5 anos UV e anti-descolora\u00e7\u00e3o. Utiliza\u00e7\u00e3o no interior e no exterior. Medidas 50 cm","robots":{"index":"index","follow":"follow","max-snippet":"max-snippet:-1","max-image-preview":"max-image-preview:large","max-video-preview":"max-video-preview:-1"},"canonical":"https:\/\/www.jardinartificial.es\/pt\/comprar\/jardin-vertical-artificial-pt\/jardim-vertical-circular-moldura-dourada-50\/","og_locale":"pt_PT","og_type":"article","og_title":"Jardim Vertical Circular Moldura Dourada 50","og_description":"Jardim artificial vertical com moldura circular dourada. Garantia de 5 anos UV e anti-descolora\u00e7\u00e3o. Utiliza\u00e7\u00e3o no interior e no exterior. Medidas 50 cm","og_url":"https:\/\/www.jardinartificial.es\/pt\/comprar\/jardin-vertical-artificial-pt\/jardim-vertical-circular-moldura-dourada-50\/","og_site_name":"Jardin Artificial","article_modified_time":"2026-04-13T12:01:11+00:00","og_image":[{"width":750,"height":750,"url":"https:\/\/www.jardinartificial.es\/wp-content\/uploads\/2026\/01\/Jardin-Vertical-Circular-Marco-Dorado-50.jpeg","type":"image\/jpeg"}],"twitter_card":"summary_large_image","twitter_misc":{"Tempo estimado de leitura":"1 minuto"},"schema":{"@context":"https:\/\/schema.org","@graph":[{"@type":"WebPage","@id":"https:\/\/www.jardinartificial.es\/pt\/comprar\/jardin-vertical-artificial-pt\/jardim-vertical-circular-moldura-dourada-50\/","url":"https:\/\/www.jardinartificial.es\/pt\/comprar\/jardin-vertical-artificial-pt\/jardim-vertical-circular-moldura-dourada-50\/","name":"| Jardim Artificial Vertical Jardim Artificial Circular Moldura Dourada 50 Jardin Artificial","isPartOf":{"@id":"https:\/\/www.jardinartificial.es\/pt\/#website"},"primaryImageOfPage":{"@id":"https:\/\/www.jardinartificial.es\/pt\/comprar\/jardin-vertical-artificial-pt\/jardim-vertical-circular-moldura-dourada-50\/#primaryimage"},"image":{"@id":"https:\/\/www.jardinartificial.es\/pt\/comprar\/jardin-vertical-artificial-pt\/jardim-vertical-circular-moldura-dourada-50\/#primaryimage"},"thumbnailUrl":"https:\/\/www.jardinartificial.es\/wp-content\/uploads\/2026\/01\/Jardin-Vertical-Circular-Marco-Dorado-50.jpeg","datePublished":"2024-06-06T09:17:54+00:00","dateModified":"2026-04-13T12:01:11+00:00","description":"Jardim artificial vertical com moldura circular dourada. Garantia de 5 anos UV e anti-descolora\u00e7\u00e3o. Utiliza\u00e7\u00e3o no interior e no exterior. Medidas 50 cm","breadcrumb":{"@id":"https:\/\/www.jardinartificial.es\/pt\/comprar\/jardin-vertical-artificial-pt\/jardim-vertical-circular-moldura-dourada-50\/#breadcrumb"},"inLanguage":"pt-PT","potentialAction":[{"@type":"ReadAction","target":["https:\/\/www.jardinartificial.es\/pt\/comprar\/jardin-vertical-artificial-pt\/jardim-vertical-circular-moldura-dourada-50\/"]}]},{"@type":"ImageObject","inLanguage":"pt-PT","@id":"https:\/\/www.jardinartificial.es\/pt\/comprar\/jardin-vertical-artificial-pt\/jardim-vertical-circular-moldura-dourada-50\/#primaryimage","url":"https:\/\/www.jardinartificial.es\/wp-content\/uploads\/2026\/01\/Jardin-Vertical-Circular-Marco-Dorado-50.jpeg","contentUrl":"https:\/\/www.jardinartificial.es\/wp-content\/uploads\/2026\/01\/Jardin-Vertical-Circular-Marco-Dorado-50.jpeg","width":750,"height":750,"caption":"Jard\u00edn Vertical Circular Marco Dorado 50"},{"@type":"BreadcrumbList","@id":"https:\/\/www.jardinartificial.es\/pt\/comprar\/jardin-vertical-artificial-pt\/jardim-vertical-circular-moldura-dourada-50\/#breadcrumb","itemListElement":[{"@type":"ListItem","position":1,"name":"Portada","item":"https:\/\/www.jardinartificial.es\/pt\/"},{"@type":"ListItem","position":2,"name":"Todos os produtos","item":"https:\/\/www.jardinartificial.es\/pt-pt\/todos-os-produtos\/"},{"@type":"ListItem","position":3,"name":"Jardim Vertical Circular Moldura Dourada 50"}]},{"@type":"WebSite","@id":"https:\/\/www.jardinartificial.es\/pt\/#website","url":"https:\/\/www.jardinartificial.es\/pt\/","name":"Jard\u00edn Artificial - Venta de C\u00e9sped Artficial","description":"C\u00e9sped Artificial barato al corte","publisher":{"@id":"https:\/\/www.jardinartificial.es\/pt\/#organization"},"potentialAction":[{"@type":"SearchAction","target":{"@type":"EntryPoint","urlTemplate":"https:\/\/www.jardinartificial.es\/pt\/?s={search_term_string}"},"query-input":{"@type":"PropertyValueSpecification","valueRequired":true,"valueName":"search_term_string"}}],"inLanguage":"pt-PT"},{"@type":"Organization","@id":"https:\/\/www.jardinartificial.es\/pt\/#organization","name":"Jard\u00edn Artificial","url":"https:\/\/www.jardinartificial.es\/pt\/","logo":{"@type":"ImageObject","inLanguage":"pt-PT","@id":"https:\/\/www.jardinartificial.es\/pt\/#\/schema\/logo\/image\/","url":"https:\/\/www.jardinartificial.es\/wp-content\/uploads\/2023\/03\/logotipo.svg","contentUrl":"https:\/\/www.jardinartificial.es\/wp-content\/uploads\/2023\/03\/logotipo.svg","width":187,"height":53,"caption":"Jard\u00edn Artificial"},"image":{"@id":"https:\/\/www.jardinartificial.es\/pt\/#\/schema\/logo\/image\/"}}]}},"_links":{"self":[{"href":"https:\/\/www.jardinartificial.es\/pt\/wp-json\/wp\/v2\/product\/80327","targetHints":{"allow":["GET"]}}],"collection":[{"href":"https:\/\/www.jardinartificial.es\/pt\/wp-json\/wp\/v2\/product"}],"about":[{"href":"https:\/\/www.jardinartificial.es\/pt\/wp-json\/wp\/v2\/types\/product"}],"replies":[{"embeddable":true,"href":"https:\/\/www.jardinartificial.es\/pt\/wp-json\/wp\/v2\/comments?post=80327"}],"wp:featuredmedia":[{"embeddable":true,"href":"https:\/\/www.jardinartificial.es\/pt\/wp-json\/wp\/v2\/media\/100719"}],"wp:attachment":[{"href":"https:\/\/www.jardinartificial.es\/pt\/wp-json\/wp\/v2\/media?parent=80327"}],"wp:term":[{"taxonomy":"product_brand","embeddable":true,"href":"https:\/\/www.jardinartificial.es\/pt\/wp-json\/wp\/v2\/product_brand?post=80327"},{"taxonomy":"product_cat","embeddable":true,"href":"https:\/\/www.jardinartificial.es\/pt\/wp-json\/wp\/v2\/product_cat?post=80327"},{"taxonomy":"product_tag","embeddable":true,"href":"https:\/\/www.jardinartificial.es\/pt\/wp-json\/wp\/v2\/product_tag?post=80327"}],"curies":[{"name":"wp","href":"https:\/\/api.w.org\/{rel}","templated":true}]}}