{"id":77846,"date":"2020-03-05T11:26:51","date_gmt":"2020-03-05T10:26:51","guid":{"rendered":"https:\/\/www.jardinartificial.es\/comprar\/sem%20categoria\/kit-de-adesivos-bicomponentes-6kg-2\/"},"modified":"2026-04-13T16:20:32","modified_gmt":"2026-04-13T14:20:32","slug":"kit-de-adesivos-bicomponentes-6kg","status":"publish","type":"product","link":"https:\/\/www.jardinartificial.es\/pt\/comprar\/accesorios-cesped-artificial-pt\/kit-de-adesivos-bicomponentes-6kg\/","title":{"rendered":"Kit de adesivos bicomponentes 6kg"},"content":{"rendered":"","protected":false},"excerpt":{"rendered":"<p><strong>Kit de adesivos bicomponentes 6kg<\/strong><\/p>\n<p>Kit de adesivo de poliuretano de dois componentes. Inclui os dois componentes. Cor verde, especial para relva artificial.  <\/p>\n<p>Aplica\u00e7\u00e3o r\u00e1pida, cerca de 10 minutos a altas temperaturas.<\/p>\n<p>L\u00ea as instru\u00e7\u00f5es antes da utiliza\u00e7\u00e3o.<\/p>\n<p>V\u00e1lido para cerca de 15 metros lineares de junta.<\/p>\n","protected":false},"featured_media":78665,"comment_status":"open","ping_status":"closed","template":"","meta":{"_acf_changed":false},"product_brand":[],"product_cat":[765],"product_tag":[987],"class_list":{"0":"post-77846","1":"product","2":"type-product","3":"status-publish","4":"has-post-thumbnail","6":"product_cat-accesorios-cesped-artificial-pt","7":"product_tag-pt-2","8":"product_shipping_class-estandar-pt","9":"sales-flash-overlay","10":"woocommerce-text-align-center","11":"woocommerce-image-align-center","12":"do-quantity-buttons","13":"wc-has-gallery","15":"first","16":"instock","17":"taxable","18":"shipping-taxable","19":"purchasable","20":"product-type-simple"},"acf":{"":""},"gallery_images":[780],"yoast_head":"<!-- This site is optimized with the Yoast SEO Premium plugin v27.1 (Yoast SEO v27.2) - https:\/\/yoast.com\/product\/yoast-seo-premium-wordpress\/ -->\n<title>Kit de adesivos bicomponentes 6kg% % |% para Relva Artificial | Vendas Online<\/title>\n<meta name=\"description\" content=\"Kit de adesivo de poliuretano de dois componentes. Inclui os dois componentes. Cor verde, especial para relva artificial. Compra online.\" \/>\n<meta name=\"robots\" content=\"index, follow, max-snippet:-1, max-image-preview:large, max-video-preview:-1\" \/>\n<link rel=\"canonical\" href=\"https:\/\/www.jardinartificial.es\/pt\/comprar\/accesorios-cesped-artificial-pt\/kit-de-adesivos-bicomponentes-6kg\/\" \/>\n<meta property=\"og:locale\" content=\"pt_PT\" \/>\n<meta property=\"og:type\" content=\"article\" \/>\n<meta property=\"og:title\" content=\"Kit de adesivos bicomponentes 6kg\" \/>\n<meta property=\"og:description\" content=\"Kit de adesivo de poliuretano de dois componentes. Inclui os dois componentes. Cor verde, especial para relva artificial. Compra online.\" \/>\n<meta property=\"og:url\" content=\"https:\/\/www.jardinartificial.es\/pt\/comprar\/accesorios-cesped-artificial-pt\/kit-de-adesivos-bicomponentes-6kg\/\" \/>\n<meta property=\"og:site_name\" content=\"Jardin Artificial\" \/>\n<meta property=\"article:modified_time\" content=\"2026-04-13T14:20:32+00:00\" \/>\n<meta property=\"og:image\" content=\"https:\/\/www.jardinartificial.es\/wp-content\/uploads\/2020\/03\/F01948E4-38C2-4AC3-A45D-03AB5BDA4750.png\" \/>\n\t<meta property=\"og:image:width\" content=\"1080\" \/>\n\t<meta property=\"og:image:height\" content=\"1080\" \/>\n\t<meta property=\"og:image:type\" content=\"image\/png\" \/>\n<meta name=\"twitter:card\" content=\"summary_large_image\" \/>\n<meta name=\"twitter:label1\" content=\"Tempo estimado de leitura\" \/>\n\t<meta name=\"twitter:data1\" content=\"1 minuto\" \/>\n<script type=\"application\/ld+json\" class=\"yoast-schema-graph\">{\"@context\":\"https:\/\/schema.org\",\"@graph\":[{\"@type\":\"WebPage\",\"@id\":\"https:\/\/www.jardinartificial.es\/pt\/comprar\/accesorios-cesped-artificial-pt\/kit-de-adesivos-bicomponentes-6kg\/\",\"url\":\"https:\/\/www.jardinartificial.es\/pt\/comprar\/accesorios-cesped-artificial-pt\/kit-de-adesivos-bicomponentes-6kg\/\",\"name\":\"Kit de adesivos bicomponentes 6kg% % |% para Relva Artificial | Vendas Online\",\"isPartOf\":{\"@id\":\"https:\/\/www.jardinartificial.es\/pt\/#website\"},\"primaryImageOfPage\":{\"@id\":\"https:\/\/www.jardinartificial.es\/pt\/comprar\/accesorios-cesped-artificial-pt\/kit-de-adesivos-bicomponentes-6kg\/#primaryimage\"},\"image\":{\"@id\":\"https:\/\/www.jardinartificial.es\/pt\/comprar\/accesorios-cesped-artificial-pt\/kit-de-adesivos-bicomponentes-6kg\/#primaryimage\"},\"thumbnailUrl\":\"https:\/\/www.jardinartificial.es\/wp-content\/uploads\/2020\/03\/F01948E4-38C2-4AC3-A45D-03AB5BDA4750.png\",\"datePublished\":\"2020-03-05T10:26:51+00:00\",\"dateModified\":\"2026-04-13T14:20:32+00:00\",\"description\":\"Kit de adesivo de poliuretano de dois componentes. Inclui os dois componentes. Cor verde, especial para relva artificial. Compra online.\",\"breadcrumb\":{\"@id\":\"https:\/\/www.jardinartificial.es\/pt\/comprar\/accesorios-cesped-artificial-pt\/kit-de-adesivos-bicomponentes-6kg\/#breadcrumb\"},\"inLanguage\":\"pt-PT\",\"potentialAction\":[{\"@type\":\"ReadAction\",\"target\":[\"https:\/\/www.jardinartificial.es\/pt\/comprar\/accesorios-cesped-artificial-pt\/kit-de-adesivos-bicomponentes-6kg\/\"]}]},{\"@type\":\"ImageObject\",\"inLanguage\":\"pt-PT\",\"@id\":\"https:\/\/www.jardinartificial.es\/pt\/comprar\/accesorios-cesped-artificial-pt\/kit-de-adesivos-bicomponentes-6kg\/#primaryimage\",\"url\":\"https:\/\/www.jardinartificial.es\/wp-content\/uploads\/2020\/03\/F01948E4-38C2-4AC3-A45D-03AB5BDA4750.png\",\"contentUrl\":\"https:\/\/www.jardinartificial.es\/wp-content\/uploads\/2020\/03\/F01948E4-38C2-4AC3-A45D-03AB5BDA4750.png\",\"width\":1080,\"height\":1080,\"caption\":\"cola para relva\"},{\"@type\":\"BreadcrumbList\",\"@id\":\"https:\/\/www.jardinartificial.es\/pt\/comprar\/accesorios-cesped-artificial-pt\/kit-de-adesivos-bicomponentes-6kg\/#breadcrumb\",\"itemListElement\":[{\"@type\":\"ListItem\",\"position\":1,\"name\":\"Portada\",\"item\":\"https:\/\/www.jardinartificial.es\/pt\/\"},{\"@type\":\"ListItem\",\"position\":2,\"name\":\"Todos os produtos\",\"item\":\"https:\/\/www.jardinartificial.es\/pt-pt\/todos-os-produtos\/\"},{\"@type\":\"ListItem\",\"position\":3,\"name\":\"Kit de adesivos bicomponentes 6kg\"}]},{\"@type\":\"WebSite\",\"@id\":\"https:\/\/www.jardinartificial.es\/pt\/#website\",\"url\":\"https:\/\/www.jardinartificial.es\/pt\/\",\"name\":\"Jard\u00edn Artificial - Venta de C\u00e9sped Artficial\",\"description\":\"C\u00e9sped Artificial barato al corte\",\"publisher\":{\"@id\":\"https:\/\/www.jardinartificial.es\/pt\/#organization\"},\"potentialAction\":[{\"@type\":\"SearchAction\",\"target\":{\"@type\":\"EntryPoint\",\"urlTemplate\":\"https:\/\/www.jardinartificial.es\/pt\/?s={search_term_string}\"},\"query-input\":{\"@type\":\"PropertyValueSpecification\",\"valueRequired\":true,\"valueName\":\"search_term_string\"}}],\"inLanguage\":\"pt-PT\"},{\"@type\":\"Organization\",\"@id\":\"https:\/\/www.jardinartificial.es\/pt\/#organization\",\"name\":\"Jard\u00edn Artificial\",\"url\":\"https:\/\/www.jardinartificial.es\/pt\/\",\"logo\":{\"@type\":\"ImageObject\",\"inLanguage\":\"pt-PT\",\"@id\":\"https:\/\/www.jardinartificial.es\/pt\/#\/schema\/logo\/image\/\",\"url\":\"https:\/\/www.jardinartificial.es\/wp-content\/uploads\/2023\/03\/logotipo.svg\",\"contentUrl\":\"https:\/\/www.jardinartificial.es\/wp-content\/uploads\/2023\/03\/logotipo.svg\",\"width\":187,\"height\":53,\"caption\":\"Jard\u00edn Artificial\"},\"image\":{\"@id\":\"https:\/\/www.jardinartificial.es\/pt\/#\/schema\/logo\/image\/\"}}]}<\/script>\n<!-- \/ Yoast SEO Premium plugin. -->","yoast_head_json":{"title":"Kit de adesivos bicomponentes 6kg% % |% para Relva Artificial | Vendas Online","description":"Kit de adesivo de poliuretano de dois componentes. Inclui os dois componentes. Cor verde, especial para relva artificial. Compra online.","robots":{"index":"index","follow":"follow","max-snippet":"max-snippet:-1","max-image-preview":"max-image-preview:large","max-video-preview":"max-video-preview:-1"},"canonical":"https:\/\/www.jardinartificial.es\/pt\/comprar\/accesorios-cesped-artificial-pt\/kit-de-adesivos-bicomponentes-6kg\/","og_locale":"pt_PT","og_type":"article","og_title":"Kit de adesivos bicomponentes 6kg","og_description":"Kit de adesivo de poliuretano de dois componentes. Inclui os dois componentes. Cor verde, especial para relva artificial. Compra online.","og_url":"https:\/\/www.jardinartificial.es\/pt\/comprar\/accesorios-cesped-artificial-pt\/kit-de-adesivos-bicomponentes-6kg\/","og_site_name":"Jardin Artificial","article_modified_time":"2026-04-13T14:20:32+00:00","og_image":[{"width":1080,"height":1080,"url":"https:\/\/www.jardinartificial.es\/wp-content\/uploads\/2020\/03\/F01948E4-38C2-4AC3-A45D-03AB5BDA4750.png","type":"image\/png"}],"twitter_card":"summary_large_image","twitter_misc":{"Tempo estimado de leitura":"1 minuto"},"schema":{"@context":"https:\/\/schema.org","@graph":[{"@type":"WebPage","@id":"https:\/\/www.jardinartificial.es\/pt\/comprar\/accesorios-cesped-artificial-pt\/kit-de-adesivos-bicomponentes-6kg\/","url":"https:\/\/www.jardinartificial.es\/pt\/comprar\/accesorios-cesped-artificial-pt\/kit-de-adesivos-bicomponentes-6kg\/","name":"Kit de adesivos bicomponentes 6kg% % |% para Relva Artificial | Vendas Online","isPartOf":{"@id":"https:\/\/www.jardinartificial.es\/pt\/#website"},"primaryImageOfPage":{"@id":"https:\/\/www.jardinartificial.es\/pt\/comprar\/accesorios-cesped-artificial-pt\/kit-de-adesivos-bicomponentes-6kg\/#primaryimage"},"image":{"@id":"https:\/\/www.jardinartificial.es\/pt\/comprar\/accesorios-cesped-artificial-pt\/kit-de-adesivos-bicomponentes-6kg\/#primaryimage"},"thumbnailUrl":"https:\/\/www.jardinartificial.es\/wp-content\/uploads\/2020\/03\/F01948E4-38C2-4AC3-A45D-03AB5BDA4750.png","datePublished":"2020-03-05T10:26:51+00:00","dateModified":"2026-04-13T14:20:32+00:00","description":"Kit de adesivo de poliuretano de dois componentes. Inclui os dois componentes. Cor verde, especial para relva artificial. Compra online.","breadcrumb":{"@id":"https:\/\/www.jardinartificial.es\/pt\/comprar\/accesorios-cesped-artificial-pt\/kit-de-adesivos-bicomponentes-6kg\/#breadcrumb"},"inLanguage":"pt-PT","potentialAction":[{"@type":"ReadAction","target":["https:\/\/www.jardinartificial.es\/pt\/comprar\/accesorios-cesped-artificial-pt\/kit-de-adesivos-bicomponentes-6kg\/"]}]},{"@type":"ImageObject","inLanguage":"pt-PT","@id":"https:\/\/www.jardinartificial.es\/pt\/comprar\/accesorios-cesped-artificial-pt\/kit-de-adesivos-bicomponentes-6kg\/#primaryimage","url":"https:\/\/www.jardinartificial.es\/wp-content\/uploads\/2020\/03\/F01948E4-38C2-4AC3-A45D-03AB5BDA4750.png","contentUrl":"https:\/\/www.jardinartificial.es\/wp-content\/uploads\/2020\/03\/F01948E4-38C2-4AC3-A45D-03AB5BDA4750.png","width":1080,"height":1080,"caption":"cola para relva"},{"@type":"BreadcrumbList","@id":"https:\/\/www.jardinartificial.es\/pt\/comprar\/accesorios-cesped-artificial-pt\/kit-de-adesivos-bicomponentes-6kg\/#breadcrumb","itemListElement":[{"@type":"ListItem","position":1,"name":"Portada","item":"https:\/\/www.jardinartificial.es\/pt\/"},{"@type":"ListItem","position":2,"name":"Todos os produtos","item":"https:\/\/www.jardinartificial.es\/pt-pt\/todos-os-produtos\/"},{"@type":"ListItem","position":3,"name":"Kit de adesivos bicomponentes 6kg"}]},{"@type":"WebSite","@id":"https:\/\/www.jardinartificial.es\/pt\/#website","url":"https:\/\/www.jardinartificial.es\/pt\/","name":"Jard\u00edn Artificial - Venta de C\u00e9sped Artficial","description":"C\u00e9sped Artificial barato al corte","publisher":{"@id":"https:\/\/www.jardinartificial.es\/pt\/#organization"},"potentialAction":[{"@type":"SearchAction","target":{"@type":"EntryPoint","urlTemplate":"https:\/\/www.jardinartificial.es\/pt\/?s={search_term_string}"},"query-input":{"@type":"PropertyValueSpecification","valueRequired":true,"valueName":"search_term_string"}}],"inLanguage":"pt-PT"},{"@type":"Organization","@id":"https:\/\/www.jardinartificial.es\/pt\/#organization","name":"Jard\u00edn Artificial","url":"https:\/\/www.jardinartificial.es\/pt\/","logo":{"@type":"ImageObject","inLanguage":"pt-PT","@id":"https:\/\/www.jardinartificial.es\/pt\/#\/schema\/logo\/image\/","url":"https:\/\/www.jardinartificial.es\/wp-content\/uploads\/2023\/03\/logotipo.svg","contentUrl":"https:\/\/www.jardinartificial.es\/wp-content\/uploads\/2023\/03\/logotipo.svg","width":187,"height":53,"caption":"Jard\u00edn Artificial"},"image":{"@id":"https:\/\/www.jardinartificial.es\/pt\/#\/schema\/logo\/image\/"}}]}},"_links":{"self":[{"href":"https:\/\/www.jardinartificial.es\/pt\/wp-json\/wp\/v2\/product\/77846","targetHints":{"allow":["GET"]}}],"collection":[{"href":"https:\/\/www.jardinartificial.es\/pt\/wp-json\/wp\/v2\/product"}],"about":[{"href":"https:\/\/www.jardinartificial.es\/pt\/wp-json\/wp\/v2\/types\/product"}],"replies":[{"embeddable":true,"href":"https:\/\/www.jardinartificial.es\/pt\/wp-json\/wp\/v2\/comments?post=77846"}],"wp:featuredmedia":[{"embeddable":true,"href":"https:\/\/www.jardinartificial.es\/pt\/wp-json\/wp\/v2\/media\/78665"}],"wp:attachment":[{"href":"https:\/\/www.jardinartificial.es\/pt\/wp-json\/wp\/v2\/media?parent=77846"}],"wp:term":[{"taxonomy":"product_brand","embeddable":true,"href":"https:\/\/www.jardinartificial.es\/pt\/wp-json\/wp\/v2\/product_brand?post=77846"},{"taxonomy":"product_cat","embeddable":true,"href":"https:\/\/www.jardinartificial.es\/pt\/wp-json\/wp\/v2\/product_cat?post=77846"},{"taxonomy":"product_tag","embeddable":true,"href":"https:\/\/www.jardinartificial.es\/pt\/wp-json\/wp\/v2\/product_tag?post=77846"}],"curies":[{"name":"wp","href":"https:\/\/api.w.org\/{rel}","templated":true}]}}