{"id":77808,"date":"2023-09-08T11:28:39","date_gmt":"2023-09-08T09:28:39","guid":{"rendered":"https:\/\/www.jardinartificial.es\/comprar\/sem%20categoria\/jardim-vertical-merida-100x100-2\/"},"modified":"2026-05-04T21:00:42","modified_gmt":"2026-05-04T19:00:42","slug":"jardim-vertical-merida-100x100","status":"publish","type":"product","link":"https:\/\/www.jardinartificial.es\/pt\/comprar\/jardin-vertical-artificial-pt\/jardim-vertical-merida-100x100\/","title":{"rendered":"Jardim vertical Merida 100&#215;100"},"content":{"rendered":"","protected":false},"excerpt":{"rendered":"<p><strong>Jardim Vertical M\u00e9rida<\/strong><\/p>\n<p>Este modelo de jardim vertical \u00e9 composto por uma variedade de <strong>folhas<\/strong> em <strong>tons de verde<\/strong>, com ligeiras varia\u00e7\u00f5es de tonalidade. O seu design \u00fanico combina <strong>zonas<\/strong> <strong>mais exuberantes e<\/strong> <strong>zonas<\/strong> <strong>mais planas<\/strong>, criando um padr\u00e3o harmonioso que se destaca em qualquer espa\u00e7o. Algumas <strong>plantas extra sobressaem<\/strong>, dando um toque extra de vida e frescura.  <\/p>\n<p>\u00c9 simplesmente deslumbrante; se queres um jardim vertical com um design din\u00e2mico e colorido, o modelo Merida \u00e9 a escolha perfeita para ti, adequado para a exposi\u00e7\u00e3o aos raios UV e sem manuten\u00e7\u00e3o.<\/p>\n<ul>\n<li>Medidas 100 cm X 100 cm.<\/li>\n<li>Ideal para decora\u00e7\u00e3o de interiores e exteriores.<\/li>\n<li>Composi\u00e7\u00e3o da grelha: 100% HDPE.<\/li>\n<li>Composi\u00e7\u00e3o das folhas sint\u00e9ticas: 100% HDPE.<\/li>\n<li>Garantia UV e anti-desbotamento de 5 anos.<\/li>\n<\/ul>\n","protected":false},"featured_media":79496,"comment_status":"open","ping_status":"closed","template":"","meta":{"_acf_changed":false},"product_brand":[],"product_cat":[769,770],"product_tag":[987],"class_list":{"0":"post-77808","1":"product","2":"type-product","3":"status-publish","4":"has-post-thumbnail","6":"product_cat-premium-pt","7":"product_cat-jardin-vertical-artificial-pt","8":"product_tag-pt-2","9":"product_shipping_class-estandar-pt","10":"sales-flash-overlay","11":"woocommerce-text-align-center","12":"woocommerce-image-align-center","13":"do-quantity-buttons","15":"first","16":"instock","17":"taxable","18":"shipping-taxable","19":"purchasable","20":"product-type-simple"},"acf":{"":""},"gallery_images":[],"yoast_head":"<!-- This site is optimized with the Yoast SEO Premium plugin v27.4 (Yoast SEO v27.4) - https:\/\/yoast.com\/product\/yoast-seo-premium-wordpress\/ -->\n<title>Jardim vertical Merida 100x100 | Jardin Artificial<\/title>\n<meta name=\"description\" content=\"Jardim Vertical Merida. Fabricado em polietileno. Garantido por 5 anos contra os raios UV e a descolora\u00e7\u00e3o. Utiliza em interiores e exteriores. Medidas 100 cm x 100 cm\" \/>\n<meta name=\"robots\" content=\"index, follow, max-snippet:-1, max-image-preview:large, max-video-preview:-1\" \/>\n<link rel=\"canonical\" href=\"https:\/\/www.jardinartificial.es\/pt\/comprar\/jardin-vertical-artificial-pt\/jardim-vertical-merida-100x100\/\" \/>\n<meta property=\"og:locale\" content=\"pt_PT\" \/>\n<meta property=\"og:type\" content=\"article\" \/>\n<meta property=\"og:title\" content=\"Jardim vertical Merida 100x100\" \/>\n<meta property=\"og:description\" content=\"Jardim Vertical Merida. Fabricado em polietileno. Garantido por 5 anos contra os raios UV e a descolora\u00e7\u00e3o. Utiliza em interiores e exteriores. Medidas 100 cm x 100 cm\" \/>\n<meta property=\"og:url\" content=\"https:\/\/www.jardinartificial.es\/pt\/comprar\/jardin-vertical-artificial-pt\/jardim-vertical-merida-100x100\/\" \/>\n<meta property=\"og:site_name\" content=\"Jardin Artificial\" \/>\n<meta property=\"article:modified_time\" content=\"2026-05-04T19:00:42+00:00\" \/>\n<meta property=\"og:image\" content=\"https:\/\/www.jardinartificial.es\/wp-content\/uploads\/2023\/09\/JV_MERIDA100X100-scaled.jpg\" \/>\n\t<meta property=\"og:image:width\" content=\"2560\" \/>\n\t<meta property=\"og:image:height\" content=\"2560\" \/>\n\t<meta property=\"og:image:type\" content=\"image\/jpeg\" \/>\n<meta name=\"twitter:card\" content=\"summary_large_image\" \/>\n<meta name=\"twitter:label1\" content=\"Tempo estimado de leitura\" \/>\n\t<meta name=\"twitter:data1\" content=\"1 minuto\" \/>\n<script type=\"application\/ld+json\" class=\"yoast-schema-graph\">{\"@context\":\"https:\\\/\\\/schema.org\",\"@graph\":[{\"@type\":\"WebPage\",\"@id\":\"https:\\\/\\\/www.jardinartificial.es\\\/pt\\\/comprar\\\/jardin-vertical-artificial-pt\\\/jardim-vertical-merida-100x100\\\/\",\"url\":\"https:\\\/\\\/www.jardinartificial.es\\\/pt\\\/comprar\\\/jardin-vertical-artificial-pt\\\/jardim-vertical-merida-100x100\\\/\",\"name\":\"Jardim vertical Merida 100x100 | Jardin Artificial\",\"isPartOf\":{\"@id\":\"https:\\\/\\\/www.jardinartificial.es\\\/pt\\\/#website\"},\"primaryImageOfPage\":{\"@id\":\"https:\\\/\\\/www.jardinartificial.es\\\/pt\\\/comprar\\\/jardin-vertical-artificial-pt\\\/jardim-vertical-merida-100x100\\\/#primaryimage\"},\"image\":{\"@id\":\"https:\\\/\\\/www.jardinartificial.es\\\/pt\\\/comprar\\\/jardin-vertical-artificial-pt\\\/jardim-vertical-merida-100x100\\\/#primaryimage\"},\"thumbnailUrl\":\"https:\\\/\\\/www.jardinartificial.es\\\/wp-content\\\/uploads\\\/2023\\\/09\\\/JV_MERIDA100X100-scaled.jpg\",\"datePublished\":\"2023-09-08T09:28:39+00:00\",\"dateModified\":\"2026-05-04T19:00:42+00:00\",\"description\":\"Jardim Vertical Merida. Fabricado em polietileno. Garantido por 5 anos contra os raios UV e a descolora\u00e7\u00e3o. Utiliza em interiores e exteriores. Medidas 100 cm x 100 cm\",\"breadcrumb\":{\"@id\":\"https:\\\/\\\/www.jardinartificial.es\\\/pt\\\/comprar\\\/jardin-vertical-artificial-pt\\\/jardim-vertical-merida-100x100\\\/#breadcrumb\"},\"inLanguage\":\"pt-PT\",\"potentialAction\":[{\"@type\":\"ReadAction\",\"target\":[\"https:\\\/\\\/www.jardinartificial.es\\\/pt\\\/comprar\\\/jardin-vertical-artificial-pt\\\/jardim-vertical-merida-100x100\\\/\"]}]},{\"@type\":\"ImageObject\",\"inLanguage\":\"pt-PT\",\"@id\":\"https:\\\/\\\/www.jardinartificial.es\\\/pt\\\/comprar\\\/jardin-vertical-artificial-pt\\\/jardim-vertical-merida-100x100\\\/#primaryimage\",\"url\":\"https:\\\/\\\/www.jardinartificial.es\\\/wp-content\\\/uploads\\\/2023\\\/09\\\/JV_MERIDA100X100-scaled.jpg\",\"contentUrl\":\"https:\\\/\\\/www.jardinartificial.es\\\/wp-content\\\/uploads\\\/2023\\\/09\\\/JV_MERIDA100X100-scaled.jpg\",\"width\":2560,\"height\":2560,\"caption\":\"Jardim Vertical Artificial M\u00e9rida\"},{\"@type\":\"BreadcrumbList\",\"@id\":\"https:\\\/\\\/www.jardinartificial.es\\\/pt\\\/comprar\\\/jardin-vertical-artificial-pt\\\/jardim-vertical-merida-100x100\\\/#breadcrumb\",\"itemListElement\":[{\"@type\":\"ListItem\",\"position\":1,\"name\":\"Portada\",\"item\":\"https:\\\/\\\/www.jardinartificial.es\\\/pt\\\/\"},{\"@type\":\"ListItem\",\"position\":2,\"name\":\"Todos os produtos\",\"item\":\"https:\\\/\\\/www.jardinartificial.es\\\/pt-pt\\\/todos-os-produtos\\\/\"},{\"@type\":\"ListItem\",\"position\":3,\"name\":\"Jardim vertical Merida 100&#215;100\"}]},{\"@type\":\"WebSite\",\"@id\":\"https:\\\/\\\/www.jardinartificial.es\\\/pt\\\/#website\",\"url\":\"https:\\\/\\\/www.jardinartificial.es\\\/pt\\\/\",\"name\":\"Jard\u00edn Artificial - Venta de C\u00e9sped Artficial\",\"description\":\"C\u00e9sped Artificial barato al corte\",\"publisher\":{\"@id\":\"https:\\\/\\\/www.jardinartificial.es\\\/pt\\\/#organization\"},\"potentialAction\":[{\"@type\":\"SearchAction\",\"target\":{\"@type\":\"EntryPoint\",\"urlTemplate\":\"https:\\\/\\\/www.jardinartificial.es\\\/pt\\\/?s={search_term_string}\"},\"query-input\":{\"@type\":\"PropertyValueSpecification\",\"valueRequired\":true,\"valueName\":\"search_term_string\"}}],\"inLanguage\":\"pt-PT\"},{\"@type\":\"Organization\",\"@id\":\"https:\\\/\\\/www.jardinartificial.es\\\/pt\\\/#organization\",\"name\":\"Jard\u00edn Artificial\",\"url\":\"https:\\\/\\\/www.jardinartificial.es\\\/pt\\\/\",\"logo\":{\"@type\":\"ImageObject\",\"inLanguage\":\"pt-PT\",\"@id\":\"https:\\\/\\\/www.jardinartificial.es\\\/pt\\\/#\\\/schema\\\/logo\\\/image\\\/\",\"url\":\"https:\\\/\\\/www.jardinartificial.es\\\/wp-content\\\/uploads\\\/2023\\\/03\\\/logotipo.svg\",\"contentUrl\":\"https:\\\/\\\/www.jardinartificial.es\\\/wp-content\\\/uploads\\\/2023\\\/03\\\/logotipo.svg\",\"width\":187,\"height\":53,\"caption\":\"Jard\u00edn Artificial\"},\"image\":{\"@id\":\"https:\\\/\\\/www.jardinartificial.es\\\/pt\\\/#\\\/schema\\\/logo\\\/image\\\/\"}}]}<\/script>\n<!-- \/ Yoast SEO Premium plugin. -->","yoast_head_json":{"title":"Jardim vertical Merida 100x100 | Jardin Artificial","description":"Jardim Vertical Merida. Fabricado em polietileno. Garantido por 5 anos contra os raios UV e a descolora\u00e7\u00e3o. Utiliza em interiores e exteriores. Medidas 100 cm x 100 cm","robots":{"index":"index","follow":"follow","max-snippet":"max-snippet:-1","max-image-preview":"max-image-preview:large","max-video-preview":"max-video-preview:-1"},"canonical":"https:\/\/www.jardinartificial.es\/pt\/comprar\/jardin-vertical-artificial-pt\/jardim-vertical-merida-100x100\/","og_locale":"pt_PT","og_type":"article","og_title":"Jardim vertical Merida 100x100","og_description":"Jardim Vertical Merida. Fabricado em polietileno. Garantido por 5 anos contra os raios UV e a descolora\u00e7\u00e3o. Utiliza em interiores e exteriores. Medidas 100 cm x 100 cm","og_url":"https:\/\/www.jardinartificial.es\/pt\/comprar\/jardin-vertical-artificial-pt\/jardim-vertical-merida-100x100\/","og_site_name":"Jardin Artificial","article_modified_time":"2026-05-04T19:00:42+00:00","og_image":[{"width":2560,"height":2560,"url":"https:\/\/www.jardinartificial.es\/wp-content\/uploads\/2023\/09\/JV_MERIDA100X100-scaled.jpg","type":"image\/jpeg"}],"twitter_card":"summary_large_image","twitter_misc":{"Tempo estimado de leitura":"1 minuto"},"schema":{"@context":"https:\/\/schema.org","@graph":[{"@type":"WebPage","@id":"https:\/\/www.jardinartificial.es\/pt\/comprar\/jardin-vertical-artificial-pt\/jardim-vertical-merida-100x100\/","url":"https:\/\/www.jardinartificial.es\/pt\/comprar\/jardin-vertical-artificial-pt\/jardim-vertical-merida-100x100\/","name":"Jardim vertical Merida 100x100 | Jardin Artificial","isPartOf":{"@id":"https:\/\/www.jardinartificial.es\/pt\/#website"},"primaryImageOfPage":{"@id":"https:\/\/www.jardinartificial.es\/pt\/comprar\/jardin-vertical-artificial-pt\/jardim-vertical-merida-100x100\/#primaryimage"},"image":{"@id":"https:\/\/www.jardinartificial.es\/pt\/comprar\/jardin-vertical-artificial-pt\/jardim-vertical-merida-100x100\/#primaryimage"},"thumbnailUrl":"https:\/\/www.jardinartificial.es\/wp-content\/uploads\/2023\/09\/JV_MERIDA100X100-scaled.jpg","datePublished":"2023-09-08T09:28:39+00:00","dateModified":"2026-05-04T19:00:42+00:00","description":"Jardim Vertical Merida. Fabricado em polietileno. Garantido por 5 anos contra os raios UV e a descolora\u00e7\u00e3o. Utiliza em interiores e exteriores. Medidas 100 cm x 100 cm","breadcrumb":{"@id":"https:\/\/www.jardinartificial.es\/pt\/comprar\/jardin-vertical-artificial-pt\/jardim-vertical-merida-100x100\/#breadcrumb"},"inLanguage":"pt-PT","potentialAction":[{"@type":"ReadAction","target":["https:\/\/www.jardinartificial.es\/pt\/comprar\/jardin-vertical-artificial-pt\/jardim-vertical-merida-100x100\/"]}]},{"@type":"ImageObject","inLanguage":"pt-PT","@id":"https:\/\/www.jardinartificial.es\/pt\/comprar\/jardin-vertical-artificial-pt\/jardim-vertical-merida-100x100\/#primaryimage","url":"https:\/\/www.jardinartificial.es\/wp-content\/uploads\/2023\/09\/JV_MERIDA100X100-scaled.jpg","contentUrl":"https:\/\/www.jardinartificial.es\/wp-content\/uploads\/2023\/09\/JV_MERIDA100X100-scaled.jpg","width":2560,"height":2560,"caption":"Jardim Vertical Artificial M\u00e9rida"},{"@type":"BreadcrumbList","@id":"https:\/\/www.jardinartificial.es\/pt\/comprar\/jardin-vertical-artificial-pt\/jardim-vertical-merida-100x100\/#breadcrumb","itemListElement":[{"@type":"ListItem","position":1,"name":"Portada","item":"https:\/\/www.jardinartificial.es\/pt\/"},{"@type":"ListItem","position":2,"name":"Todos os produtos","item":"https:\/\/www.jardinartificial.es\/pt-pt\/todos-os-produtos\/"},{"@type":"ListItem","position":3,"name":"Jardim vertical Merida 100&#215;100"}]},{"@type":"WebSite","@id":"https:\/\/www.jardinartificial.es\/pt\/#website","url":"https:\/\/www.jardinartificial.es\/pt\/","name":"Jard\u00edn Artificial - Venta de C\u00e9sped Artficial","description":"C\u00e9sped Artificial barato al corte","publisher":{"@id":"https:\/\/www.jardinartificial.es\/pt\/#organization"},"potentialAction":[{"@type":"SearchAction","target":{"@type":"EntryPoint","urlTemplate":"https:\/\/www.jardinartificial.es\/pt\/?s={search_term_string}"},"query-input":{"@type":"PropertyValueSpecification","valueRequired":true,"valueName":"search_term_string"}}],"inLanguage":"pt-PT"},{"@type":"Organization","@id":"https:\/\/www.jardinartificial.es\/pt\/#organization","name":"Jard\u00edn Artificial","url":"https:\/\/www.jardinartificial.es\/pt\/","logo":{"@type":"ImageObject","inLanguage":"pt-PT","@id":"https:\/\/www.jardinartificial.es\/pt\/#\/schema\/logo\/image\/","url":"https:\/\/www.jardinartificial.es\/wp-content\/uploads\/2023\/03\/logotipo.svg","contentUrl":"https:\/\/www.jardinartificial.es\/wp-content\/uploads\/2023\/03\/logotipo.svg","width":187,"height":53,"caption":"Jard\u00edn Artificial"},"image":{"@id":"https:\/\/www.jardinartificial.es\/pt\/#\/schema\/logo\/image\/"}}]}},"_links":{"self":[{"href":"https:\/\/www.jardinartificial.es\/pt\/wp-json\/wp\/v2\/product\/77808","targetHints":{"allow":["GET"]}}],"collection":[{"href":"https:\/\/www.jardinartificial.es\/pt\/wp-json\/wp\/v2\/product"}],"about":[{"href":"https:\/\/www.jardinartificial.es\/pt\/wp-json\/wp\/v2\/types\/product"}],"replies":[{"embeddable":true,"href":"https:\/\/www.jardinartificial.es\/pt\/wp-json\/wp\/v2\/comments?post=77808"}],"wp:featuredmedia":[{"embeddable":true,"href":"https:\/\/www.jardinartificial.es\/pt\/wp-json\/wp\/v2\/media\/79496"}],"wp:attachment":[{"href":"https:\/\/www.jardinartificial.es\/pt\/wp-json\/wp\/v2\/media?parent=77808"}],"wp:term":[{"taxonomy":"product_brand","embeddable":true,"href":"https:\/\/www.jardinartificial.es\/pt\/wp-json\/wp\/v2\/product_brand?post=77808"},{"taxonomy":"product_cat","embeddable":true,"href":"https:\/\/www.jardinartificial.es\/pt\/wp-json\/wp\/v2\/product_cat?post=77808"},{"taxonomy":"product_tag","embeddable":true,"href":"https:\/\/www.jardinartificial.es\/pt\/wp-json\/wp\/v2\/product_tag?post=77808"}],"curies":[{"name":"wp","href":"https:\/\/api.w.org\/{rel}","templated":true}]}}