{"id":77760,"date":"2023-09-11T16:30:27","date_gmt":"2023-09-11T14:30:27","guid":{"rendered":"https:\/\/www.jardinartificial.es\/comprar\/sem%20categoria\/desinfetante-clean-static-05-l-2\/"},"modified":"2026-04-13T16:18:02","modified_gmt":"2026-04-13T14:18:02","slug":"desinfetante-clean-static-05-l","status":"publish","type":"product","link":"https:\/\/www.jardinartificial.es\/pt\/comprar\/accesorios-cesped-artificial-pt\/desinfetante-clean-static-05-l\/","title":{"rendered":"Desinfetante Clean &amp; Static 0,5 L"},"content":{"rendered":"","protected":false},"excerpt":{"rendered":"<p><strong>Desinfetante Clean &amp; Static 0,5 L<\/strong><\/p>\n<p>Produto de limpeza higienizante anti-est\u00e1tico para relva artificial.<\/p>\n<p>Clean &amp; Static C\u00e9sped \u00e9 um limpador higienizante perfumado altamente eficaz, desenvolvido para limpar, higienizar, perfumar e eliminar a eletricidade est\u00e1tica num \u00fanico passo. A sua composi\u00e7\u00e3o equilibrada, \u00e0 base de misturas sin\u00e9rgicas de tensioactivos n\u00e3o i\u00f3nicos e cati\u00f3nicos, agentes antiest\u00e1ticos, fragr\u00e2ncias selecionadas e coadjuvantes, permite, com uma \u00fanica aplica\u00e7\u00e3o, eliminar todo o tipo de sujidade acumulada sem necessidade de esfregar, ao mesmo tempo que dissipa e dispersa as cargas electrost\u00e1ticas acumuladas neste tipo de superf\u00edcies, mantendo o relvado livre de descargas durante muito tempo, uma vez que estas perduram ap\u00f3s o tratamento at\u00e9 20 dias.<br \/>\nClean &amp; Static Lawn, tem na sua formula\u00e7\u00e3o fragr\u00e2ncias naturais cuidadosamente selecionadas, de modo que, ap\u00f3s a utiliza\u00e7\u00e3o, proporciona um agrad\u00e1vel aroma a relva acabada de cortar, conferindo \u00e0 superf\u00edcie de aplica\u00e7\u00e3o uma semelhan\u00e7a extra com a relva natural. Para al\u00e9m disso, os aditivos utilizados nutrem e amaciam as fibras, proporcionando um conforto e uma naturalidade extra. <\/p>\n","protected":false},"featured_media":78573,"comment_status":"open","ping_status":"closed","template":"","meta":{"_acf_changed":false},"product_brand":[],"product_cat":[765],"product_tag":[987],"class_list":{"0":"post-77760","1":"product","2":"type-product","3":"status-publish","4":"has-post-thumbnail","6":"product_cat-accesorios-cesped-artificial-pt","7":"product_tag-pt-2","8":"product_shipping_class-estandar-pt","9":"sales-flash-overlay","10":"woocommerce-text-align-center","11":"woocommerce-image-align-center","12":"do-quantity-buttons","14":"first","15":"instock","16":"sale","17":"taxable","18":"shipping-taxable","19":"purchasable","20":"product-type-simple"},"acf":{"":""},"gallery_images":[],"yoast_head":"<!-- This site is optimized with the Yoast SEO Premium plugin v27.1 (Yoast SEO v27.2) - https:\/\/yoast.com\/product\/yoast-seo-premium-wordpress\/ -->\n<title>Desinfetante Clean &amp; Static 0,5 L | Jardin Artificial<\/title>\n<meta name=\"robots\" content=\"index, follow, max-snippet:-1, max-image-preview:large, max-video-preview:-1\" \/>\n<link rel=\"canonical\" href=\"https:\/\/www.jardinartificial.es\/pt\/comprar\/accesorios-cesped-artificial-pt\/desinfetante-clean-static-05-l\/\" \/>\n<meta property=\"og:locale\" content=\"pt_PT\" \/>\n<meta property=\"og:type\" content=\"article\" \/>\n<meta property=\"og:title\" content=\"Desinfetante Clean &amp; Static 0,5 L\" \/>\n<meta property=\"og:description\" content=\"Desinfetante Clean &amp; Static 0,5 L Produto de limpeza higienizante anti-est\u00e1tico para relva artificial. Clean &amp; Static C\u00e9sped \u00e9 um limpador higienizante perfumado altamente eficaz, desenvolvido para limpar, higienizar, perfumar e eliminar a eletricidade est\u00e1tica num \u00fanico passo. A sua composi\u00e7\u00e3o equilibrada, \u00e0 base de misturas sin\u00e9rgicas de tensioactivos n\u00e3o i\u00f3nicos e cati\u00f3nicos, agentes antiest\u00e1ticos, fragr\u00e2ncias selecionadas e coadjuvantes, permite, com uma \u00fanica aplica\u00e7\u00e3o, eliminar todo o tipo de sujidade acumulada sem necessidade de esfregar, ao mesmo tempo que dissipa e dispersa as cargas electrost\u00e1ticas acumuladas neste tipo de superf\u00edcies, mantendo o relvado livre de descargas durante muito tempo, uma vez que estas perduram ap\u00f3s o tratamento at\u00e9 20 dias. Clean &amp; Static Lawn, tem na sua formula\u00e7\u00e3o fragr\u00e2ncias naturais cuidadosamente selecionadas, de modo que, ap\u00f3s a utiliza\u00e7\u00e3o, proporciona um agrad\u00e1vel aroma a relva acabada de cortar, conferindo \u00e0 superf\u00edcie de aplica\u00e7\u00e3o uma semelhan\u00e7a extra com a relva natural. Para al\u00e9m disso, os aditivos utilizados nutrem e amaciam as fibras, proporcionando um conforto e uma naturalidade extra.\" \/>\n<meta property=\"og:url\" content=\"https:\/\/www.jardinartificial.es\/pt\/comprar\/accesorios-cesped-artificial-pt\/desinfetante-clean-static-05-l\/\" \/>\n<meta property=\"og:site_name\" content=\"Jardin Artificial\" \/>\n<meta property=\"article:modified_time\" content=\"2026-04-13T14:18:02+00:00\" \/>\n<meta property=\"og:image\" content=\"https:\/\/www.jardinartificial.es\/wp-content\/uploads\/2023\/09\/LIMPIADOR_05L.jpg\" \/>\n\t<meta property=\"og:image:width\" content=\"1920\" \/>\n\t<meta property=\"og:image:height\" content=\"1920\" \/>\n\t<meta property=\"og:image:type\" content=\"image\/jpeg\" \/>\n<meta name=\"twitter:card\" content=\"summary_large_image\" \/>\n<meta name=\"twitter:label1\" content=\"Tempo estimado de leitura\" \/>\n\t<meta name=\"twitter:data1\" content=\"1 minuto\" \/>\n<script type=\"application\/ld+json\" class=\"yoast-schema-graph\">{\"@context\":\"https:\/\/schema.org\",\"@graph\":[{\"@type\":\"WebPage\",\"@id\":\"https:\/\/www.jardinartificial.es\/pt\/comprar\/accesorios-cesped-artificial-pt\/desinfetante-clean-static-05-l\/\",\"url\":\"https:\/\/www.jardinartificial.es\/pt\/comprar\/accesorios-cesped-artificial-pt\/desinfetante-clean-static-05-l\/\",\"name\":\"Desinfetante Clean &amp; Static 0,5 L | Jardin Artificial\",\"isPartOf\":{\"@id\":\"https:\/\/www.jardinartificial.es\/pt\/#website\"},\"primaryImageOfPage\":{\"@id\":\"https:\/\/www.jardinartificial.es\/pt\/comprar\/accesorios-cesped-artificial-pt\/desinfetante-clean-static-05-l\/#primaryimage\"},\"image\":{\"@id\":\"https:\/\/www.jardinartificial.es\/pt\/comprar\/accesorios-cesped-artificial-pt\/desinfetante-clean-static-05-l\/#primaryimage\"},\"thumbnailUrl\":\"https:\/\/www.jardinartificial.es\/wp-content\/uploads\/2023\/09\/LIMPIADOR_05L.jpg\",\"datePublished\":\"2023-09-11T14:30:27+00:00\",\"dateModified\":\"2026-04-13T14:18:02+00:00\",\"breadcrumb\":{\"@id\":\"https:\/\/www.jardinartificial.es\/pt\/comprar\/accesorios-cesped-artificial-pt\/desinfetante-clean-static-05-l\/#breadcrumb\"},\"inLanguage\":\"pt-PT\",\"potentialAction\":[{\"@type\":\"ReadAction\",\"target\":[\"https:\/\/www.jardinartificial.es\/pt\/comprar\/accesorios-cesped-artificial-pt\/desinfetante-clean-static-05-l\/\"]}]},{\"@type\":\"ImageObject\",\"inLanguage\":\"pt-PT\",\"@id\":\"https:\/\/www.jardinartificial.es\/pt\/comprar\/accesorios-cesped-artificial-pt\/desinfetante-clean-static-05-l\/#primaryimage\",\"url\":\"https:\/\/www.jardinartificial.es\/wp-content\/uploads\/2023\/09\/LIMPIADOR_05L.jpg\",\"contentUrl\":\"https:\/\/www.jardinartificial.es\/wp-content\/uploads\/2023\/09\/LIMPIADOR_05L.jpg\",\"width\":1920,\"height\":1920,\"caption\":\"limpador de relva artificial\"},{\"@type\":\"BreadcrumbList\",\"@id\":\"https:\/\/www.jardinartificial.es\/pt\/comprar\/accesorios-cesped-artificial-pt\/desinfetante-clean-static-05-l\/#breadcrumb\",\"itemListElement\":[{\"@type\":\"ListItem\",\"position\":1,\"name\":\"Portada\",\"item\":\"https:\/\/www.jardinartificial.es\/pt\/\"},{\"@type\":\"ListItem\",\"position\":2,\"name\":\"Todos os produtos\",\"item\":\"https:\/\/www.jardinartificial.es\/pt-pt\/todos-os-produtos\/\"},{\"@type\":\"ListItem\",\"position\":3,\"name\":\"Desinfetante Clean &amp; Static 0,5 L\"}]},{\"@type\":\"WebSite\",\"@id\":\"https:\/\/www.jardinartificial.es\/pt\/#website\",\"url\":\"https:\/\/www.jardinartificial.es\/pt\/\",\"name\":\"Jard\u00edn Artificial - Venta de C\u00e9sped Artficial\",\"description\":\"C\u00e9sped Artificial barato al corte\",\"publisher\":{\"@id\":\"https:\/\/www.jardinartificial.es\/pt\/#organization\"},\"potentialAction\":[{\"@type\":\"SearchAction\",\"target\":{\"@type\":\"EntryPoint\",\"urlTemplate\":\"https:\/\/www.jardinartificial.es\/pt\/?s={search_term_string}\"},\"query-input\":{\"@type\":\"PropertyValueSpecification\",\"valueRequired\":true,\"valueName\":\"search_term_string\"}}],\"inLanguage\":\"pt-PT\"},{\"@type\":\"Organization\",\"@id\":\"https:\/\/www.jardinartificial.es\/pt\/#organization\",\"name\":\"Jard\u00edn Artificial\",\"url\":\"https:\/\/www.jardinartificial.es\/pt\/\",\"logo\":{\"@type\":\"ImageObject\",\"inLanguage\":\"pt-PT\",\"@id\":\"https:\/\/www.jardinartificial.es\/pt\/#\/schema\/logo\/image\/\",\"url\":\"https:\/\/www.jardinartificial.es\/wp-content\/uploads\/2023\/03\/logotipo.svg\",\"contentUrl\":\"https:\/\/www.jardinartificial.es\/wp-content\/uploads\/2023\/03\/logotipo.svg\",\"width\":187,\"height\":53,\"caption\":\"Jard\u00edn Artificial\"},\"image\":{\"@id\":\"https:\/\/www.jardinartificial.es\/pt\/#\/schema\/logo\/image\/\"}}]}<\/script>\n<!-- \/ Yoast SEO Premium plugin. -->","yoast_head_json":{"title":"Desinfetante Clean &amp; Static 0,5 L | Jardin Artificial","robots":{"index":"index","follow":"follow","max-snippet":"max-snippet:-1","max-image-preview":"max-image-preview:large","max-video-preview":"max-video-preview:-1"},"canonical":"https:\/\/www.jardinartificial.es\/pt\/comprar\/accesorios-cesped-artificial-pt\/desinfetante-clean-static-05-l\/","og_locale":"pt_PT","og_type":"article","og_title":"Desinfetante Clean &amp; Static 0,5 L","og_description":"Desinfetante Clean &amp; Static 0,5 L Produto de limpeza higienizante anti-est\u00e1tico para relva artificial. Clean &amp; Static C\u00e9sped \u00e9 um limpador higienizante perfumado altamente eficaz, desenvolvido para limpar, higienizar, perfumar e eliminar a eletricidade est\u00e1tica num \u00fanico passo. A sua composi\u00e7\u00e3o equilibrada, \u00e0 base de misturas sin\u00e9rgicas de tensioactivos n\u00e3o i\u00f3nicos e cati\u00f3nicos, agentes antiest\u00e1ticos, fragr\u00e2ncias selecionadas e coadjuvantes, permite, com uma \u00fanica aplica\u00e7\u00e3o, eliminar todo o tipo de sujidade acumulada sem necessidade de esfregar, ao mesmo tempo que dissipa e dispersa as cargas electrost\u00e1ticas acumuladas neste tipo de superf\u00edcies, mantendo o relvado livre de descargas durante muito tempo, uma vez que estas perduram ap\u00f3s o tratamento at\u00e9 20 dias. Clean &amp; Static Lawn, tem na sua formula\u00e7\u00e3o fragr\u00e2ncias naturais cuidadosamente selecionadas, de modo que, ap\u00f3s a utiliza\u00e7\u00e3o, proporciona um agrad\u00e1vel aroma a relva acabada de cortar, conferindo \u00e0 superf\u00edcie de aplica\u00e7\u00e3o uma semelhan\u00e7a extra com a relva natural. Para al\u00e9m disso, os aditivos utilizados nutrem e amaciam as fibras, proporcionando um conforto e uma naturalidade extra.","og_url":"https:\/\/www.jardinartificial.es\/pt\/comprar\/accesorios-cesped-artificial-pt\/desinfetante-clean-static-05-l\/","og_site_name":"Jardin Artificial","article_modified_time":"2026-04-13T14:18:02+00:00","og_image":[{"width":1920,"height":1920,"url":"https:\/\/www.jardinartificial.es\/wp-content\/uploads\/2023\/09\/LIMPIADOR_05L.jpg","type":"image\/jpeg"}],"twitter_card":"summary_large_image","twitter_misc":{"Tempo estimado de leitura":"1 minuto"},"schema":{"@context":"https:\/\/schema.org","@graph":[{"@type":"WebPage","@id":"https:\/\/www.jardinartificial.es\/pt\/comprar\/accesorios-cesped-artificial-pt\/desinfetante-clean-static-05-l\/","url":"https:\/\/www.jardinartificial.es\/pt\/comprar\/accesorios-cesped-artificial-pt\/desinfetante-clean-static-05-l\/","name":"Desinfetante Clean &amp; Static 0,5 L | Jardin Artificial","isPartOf":{"@id":"https:\/\/www.jardinartificial.es\/pt\/#website"},"primaryImageOfPage":{"@id":"https:\/\/www.jardinartificial.es\/pt\/comprar\/accesorios-cesped-artificial-pt\/desinfetante-clean-static-05-l\/#primaryimage"},"image":{"@id":"https:\/\/www.jardinartificial.es\/pt\/comprar\/accesorios-cesped-artificial-pt\/desinfetante-clean-static-05-l\/#primaryimage"},"thumbnailUrl":"https:\/\/www.jardinartificial.es\/wp-content\/uploads\/2023\/09\/LIMPIADOR_05L.jpg","datePublished":"2023-09-11T14:30:27+00:00","dateModified":"2026-04-13T14:18:02+00:00","breadcrumb":{"@id":"https:\/\/www.jardinartificial.es\/pt\/comprar\/accesorios-cesped-artificial-pt\/desinfetante-clean-static-05-l\/#breadcrumb"},"inLanguage":"pt-PT","potentialAction":[{"@type":"ReadAction","target":["https:\/\/www.jardinartificial.es\/pt\/comprar\/accesorios-cesped-artificial-pt\/desinfetante-clean-static-05-l\/"]}]},{"@type":"ImageObject","inLanguage":"pt-PT","@id":"https:\/\/www.jardinartificial.es\/pt\/comprar\/accesorios-cesped-artificial-pt\/desinfetante-clean-static-05-l\/#primaryimage","url":"https:\/\/www.jardinartificial.es\/wp-content\/uploads\/2023\/09\/LIMPIADOR_05L.jpg","contentUrl":"https:\/\/www.jardinartificial.es\/wp-content\/uploads\/2023\/09\/LIMPIADOR_05L.jpg","width":1920,"height":1920,"caption":"limpador de relva artificial"},{"@type":"BreadcrumbList","@id":"https:\/\/www.jardinartificial.es\/pt\/comprar\/accesorios-cesped-artificial-pt\/desinfetante-clean-static-05-l\/#breadcrumb","itemListElement":[{"@type":"ListItem","position":1,"name":"Portada","item":"https:\/\/www.jardinartificial.es\/pt\/"},{"@type":"ListItem","position":2,"name":"Todos os produtos","item":"https:\/\/www.jardinartificial.es\/pt-pt\/todos-os-produtos\/"},{"@type":"ListItem","position":3,"name":"Desinfetante Clean &amp; Static 0,5 L"}]},{"@type":"WebSite","@id":"https:\/\/www.jardinartificial.es\/pt\/#website","url":"https:\/\/www.jardinartificial.es\/pt\/","name":"Jard\u00edn Artificial - Venta de C\u00e9sped Artficial","description":"C\u00e9sped Artificial barato al corte","publisher":{"@id":"https:\/\/www.jardinartificial.es\/pt\/#organization"},"potentialAction":[{"@type":"SearchAction","target":{"@type":"EntryPoint","urlTemplate":"https:\/\/www.jardinartificial.es\/pt\/?s={search_term_string}"},"query-input":{"@type":"PropertyValueSpecification","valueRequired":true,"valueName":"search_term_string"}}],"inLanguage":"pt-PT"},{"@type":"Organization","@id":"https:\/\/www.jardinartificial.es\/pt\/#organization","name":"Jard\u00edn Artificial","url":"https:\/\/www.jardinartificial.es\/pt\/","logo":{"@type":"ImageObject","inLanguage":"pt-PT","@id":"https:\/\/www.jardinartificial.es\/pt\/#\/schema\/logo\/image\/","url":"https:\/\/www.jardinartificial.es\/wp-content\/uploads\/2023\/03\/logotipo.svg","contentUrl":"https:\/\/www.jardinartificial.es\/wp-content\/uploads\/2023\/03\/logotipo.svg","width":187,"height":53,"caption":"Jard\u00edn Artificial"},"image":{"@id":"https:\/\/www.jardinartificial.es\/pt\/#\/schema\/logo\/image\/"}}]}},"_links":{"self":[{"href":"https:\/\/www.jardinartificial.es\/pt\/wp-json\/wp\/v2\/product\/77760","targetHints":{"allow":["GET"]}}],"collection":[{"href":"https:\/\/www.jardinartificial.es\/pt\/wp-json\/wp\/v2\/product"}],"about":[{"href":"https:\/\/www.jardinartificial.es\/pt\/wp-json\/wp\/v2\/types\/product"}],"replies":[{"embeddable":true,"href":"https:\/\/www.jardinartificial.es\/pt\/wp-json\/wp\/v2\/comments?post=77760"}],"wp:featuredmedia":[{"embeddable":true,"href":"https:\/\/www.jardinartificial.es\/pt\/wp-json\/wp\/v2\/media\/78573"}],"wp:attachment":[{"href":"https:\/\/www.jardinartificial.es\/pt\/wp-json\/wp\/v2\/media?parent=77760"}],"wp:term":[{"taxonomy":"product_brand","embeddable":true,"href":"https:\/\/www.jardinartificial.es\/pt\/wp-json\/wp\/v2\/product_brand?post=77760"},{"taxonomy":"product_cat","embeddable":true,"href":"https:\/\/www.jardinartificial.es\/pt\/wp-json\/wp\/v2\/product_cat?post=77760"},{"taxonomy":"product_tag","embeddable":true,"href":"https:\/\/www.jardinartificial.es\/pt\/wp-json\/wp\/v2\/product_tag?post=77760"}],"curies":[{"name":"wp","href":"https:\/\/api.w.org\/{rel}","templated":true}]}}