{"id":77745,"date":"2023-09-12T08:22:55","date_gmt":"2023-09-12T06:22:55","guid":{"rendered":"https:\/\/www.jardinartificial.es\/comprar\/sem%20categoria\/relva-artificial-cinzento-antracite-25mm-2\/"},"modified":"2026-01-09T14:53:31","modified_gmt":"2026-01-09T13:53:31","slug":"relva-artificial-cinzento-antracite-25mm","status":"publish","type":"product","link":"https:\/\/www.jardinartificial.es\/pt\/comprar\/cesped-artificial-pt\/decorativo-pt-3\/relva-artificial-cinzento-antracite-25mm\/","title":{"rendered":"Relva Artificial Cinzento Antracite 25mm"},"content":{"rendered":"","protected":false},"excerpt":{"rendered":"<p><strong>Padr\u00e3o de relva Rainbow Antracite Grey 25mm<\/strong><\/p>\n<p>Em cores amarelo, azul, celeste, gren\u00e1, vermelho, rosa, roxo, preto, cinza antracite e cinza acastanhado. Perfeito para decora\u00e7\u00e3o em parques infantis, escolas, escrit\u00f3rios, neg\u00f3cios, \u2026 <\/p>\n<ul>\n<li>Recomendado como elemento decorativo em parques infantis.<\/li>\n<\/ul>\n<ul>\n<li>Rolo completo de 50m\u00b2, distribu\u00eddo em 25 metros de comprimento e 2 metros de largura sem cortes.<\/li>\n<\/ul>\n","protected":false},"featured_media":78555,"comment_status":"open","ping_status":"closed","template":"","meta":{"_acf_changed":false},"product_brand":[],"product_cat":[782,748,749],"product_tag":[987],"class_list":{"0":"post-77745","1":"product","2":"type-product","3":"status-publish","4":"has-post-thumbnail","6":"product_cat-rainbow-pt","7":"product_cat-decorativo-pt-3","8":"product_cat-cesped-artificial-pt","9":"product_tag-pt-2","10":"product_shipping_class-estandar-pt","11":"sales-flash-overlay","12":"woocommerce-text-align-center","13":"woocommerce-image-align-center","14":"do-quantity-buttons","15":"wc-has-gallery","17":"first","18":"outofstock","19":"taxable","20":"shipping-taxable","21":"purchasable","22":"product-type-variable"},"acf":{"":""},"gallery_images":[56507],"yoast_head":"<!-- This site is optimized with the Yoast SEO Premium plugin v27.1 (Yoast SEO v27.2) - https:\/\/yoast.com\/product\/yoast-seo-premium-wordpress\/ -->\n<title>Relva Artificial Cinzento Antracite Cor 25 mm |% Jardin Artificial% Jardin Artificial%<\/title>\n<meta name=\"description\" content=\"Relvado artificial de cor cinza antracite barato. Relvado ao corte com 25 mil\u00edmetros de espessura. Temos os melhores pre\u00e7os de relvado artificial!\" \/>\n<meta name=\"robots\" content=\"index, follow, max-snippet:-1, max-image-preview:large, max-video-preview:-1\" \/>\n<link rel=\"canonical\" href=\"https:\/\/www.jardinartificial.es\/pt\/comprar\/cesped-artificial-pt\/decorativo-pt-3\/relva-artificial-cinzento-antracite-25mm\/\" \/>\n<meta property=\"og:locale\" content=\"pt_PT\" \/>\n<meta property=\"og:type\" content=\"article\" \/>\n<meta property=\"og:title\" content=\"Relva Artificial Cinzento Antracite 25mm\" \/>\n<meta property=\"og:description\" content=\"Relvado artificial de cor cinza antracite barato. Relvado ao corte com 25 mil\u00edmetros de espessura. Temos os melhores pre\u00e7os de relvado artificial!\" \/>\n<meta property=\"og:url\" content=\"https:\/\/www.jardinartificial.es\/pt\/comprar\/cesped-artificial-pt\/decorativo-pt-3\/relva-artificial-cinzento-antracite-25mm\/\" \/>\n<meta property=\"og:site_name\" content=\"Jardin Artificial\" \/>\n<meta property=\"article:modified_time\" content=\"2026-01-09T13:53:31+00:00\" \/>\n<meta property=\"og:image\" content=\"https:\/\/www.jardinartificial.es\/wp-content\/uploads\/2023\/09\/RAINBOW_antracita.jpg\" \/>\n\t<meta property=\"og:image:width\" content=\"1772\" \/>\n\t<meta property=\"og:image:height\" content=\"1772\" \/>\n\t<meta property=\"og:image:type\" content=\"image\/jpeg\" \/>\n<meta name=\"twitter:card\" content=\"summary_large_image\" \/>\n<meta name=\"twitter:label1\" content=\"Tempo estimado de leitura\" \/>\n\t<meta name=\"twitter:data1\" content=\"1 minuto\" \/>\n<script type=\"application\/ld+json\" class=\"yoast-schema-graph\">{\"@context\":\"https:\/\/schema.org\",\"@graph\":[{\"@type\":\"WebPage\",\"@id\":\"https:\/\/www.jardinartificial.es\/pt\/comprar\/cesped-artificial-pt\/decorativo-pt-3\/relva-artificial-cinzento-antracite-25mm\/\",\"url\":\"https:\/\/www.jardinartificial.es\/pt\/comprar\/cesped-artificial-pt\/decorativo-pt-3\/relva-artificial-cinzento-antracite-25mm\/\",\"name\":\"Relva Artificial Cinzento Antracite Cor 25 mm |% Jardin Artificial% Jardin Artificial%\",\"isPartOf\":{\"@id\":\"https:\/\/www.jardinartificial.es\/pt\/#website\"},\"primaryImageOfPage\":{\"@id\":\"https:\/\/www.jardinartificial.es\/pt\/comprar\/cesped-artificial-pt\/decorativo-pt-3\/relva-artificial-cinzento-antracite-25mm\/#primaryimage\"},\"image\":{\"@id\":\"https:\/\/www.jardinartificial.es\/pt\/comprar\/cesped-artificial-pt\/decorativo-pt-3\/relva-artificial-cinzento-antracite-25mm\/#primaryimage\"},\"thumbnailUrl\":\"https:\/\/www.jardinartificial.es\/wp-content\/uploads\/2023\/09\/RAINBOW_antracita.jpg\",\"datePublished\":\"2023-09-12T06:22:55+00:00\",\"dateModified\":\"2026-01-09T13:53:31+00:00\",\"description\":\"Relvado artificial de cor cinza antracite barato. Relvado ao corte com 25 mil\u00edmetros de espessura. Temos os melhores pre\u00e7os de relvado artificial!\",\"breadcrumb\":{\"@id\":\"https:\/\/www.jardinartificial.es\/pt\/comprar\/cesped-artificial-pt\/decorativo-pt-3\/relva-artificial-cinzento-antracite-25mm\/#breadcrumb\"},\"inLanguage\":\"pt-PT\",\"potentialAction\":[{\"@type\":\"ReadAction\",\"target\":[\"https:\/\/www.jardinartificial.es\/pt\/comprar\/cesped-artificial-pt\/decorativo-pt-3\/relva-artificial-cinzento-antracite-25mm\/\"]}]},{\"@type\":\"ImageObject\",\"inLanguage\":\"pt-PT\",\"@id\":\"https:\/\/www.jardinartificial.es\/pt\/comprar\/cesped-artificial-pt\/decorativo-pt-3\/relva-artificial-cinzento-antracite-25mm\/#primaryimage\",\"url\":\"https:\/\/www.jardinartificial.es\/wp-content\/uploads\/2023\/09\/RAINBOW_antracita.jpg\",\"contentUrl\":\"https:\/\/www.jardinartificial.es\/wp-content\/uploads\/2023\/09\/RAINBOW_antracita.jpg\",\"width\":1772,\"height\":1772,\"caption\":\"Relva Artificial de cor antracite\"},{\"@type\":\"BreadcrumbList\",\"@id\":\"https:\/\/www.jardinartificial.es\/pt\/comprar\/cesped-artificial-pt\/decorativo-pt-3\/relva-artificial-cinzento-antracite-25mm\/#breadcrumb\",\"itemListElement\":[{\"@type\":\"ListItem\",\"position\":1,\"name\":\"Portada\",\"item\":\"https:\/\/www.jardinartificial.es\/pt\/\"},{\"@type\":\"ListItem\",\"position\":2,\"name\":\"Todos os produtos\",\"item\":\"https:\/\/www.jardinartificial.es\/pt-pt\/todos-os-produtos\/\"},{\"@type\":\"ListItem\",\"position\":3,\"name\":\"Relva Artificial Cinzento Antracite 25mm\"}]},{\"@type\":\"WebSite\",\"@id\":\"https:\/\/www.jardinartificial.es\/pt\/#website\",\"url\":\"https:\/\/www.jardinartificial.es\/pt\/\",\"name\":\"Jard\u00edn Artificial - Venta de C\u00e9sped Artficial\",\"description\":\"C\u00e9sped Artificial barato al corte\",\"publisher\":{\"@id\":\"https:\/\/www.jardinartificial.es\/pt\/#organization\"},\"potentialAction\":[{\"@type\":\"SearchAction\",\"target\":{\"@type\":\"EntryPoint\",\"urlTemplate\":\"https:\/\/www.jardinartificial.es\/pt\/?s={search_term_string}\"},\"query-input\":{\"@type\":\"PropertyValueSpecification\",\"valueRequired\":true,\"valueName\":\"search_term_string\"}}],\"inLanguage\":\"pt-PT\"},{\"@type\":\"Organization\",\"@id\":\"https:\/\/www.jardinartificial.es\/pt\/#organization\",\"name\":\"Jard\u00edn Artificial\",\"url\":\"https:\/\/www.jardinartificial.es\/pt\/\",\"logo\":{\"@type\":\"ImageObject\",\"inLanguage\":\"pt-PT\",\"@id\":\"https:\/\/www.jardinartificial.es\/pt\/#\/schema\/logo\/image\/\",\"url\":\"https:\/\/www.jardinartificial.es\/wp-content\/uploads\/2023\/03\/logotipo.svg\",\"contentUrl\":\"https:\/\/www.jardinartificial.es\/wp-content\/uploads\/2023\/03\/logotipo.svg\",\"width\":187,\"height\":53,\"caption\":\"Jard\u00edn Artificial\"},\"image\":{\"@id\":\"https:\/\/www.jardinartificial.es\/pt\/#\/schema\/logo\/image\/\"}}]}<\/script>\n<!-- \/ Yoast SEO Premium plugin. -->","yoast_head_json":{"title":"Relva Artificial Cinzento Antracite Cor 25 mm |% Jardin Artificial% Jardin Artificial%","description":"Relvado artificial de cor cinza antracite barato. Relvado ao corte com 25 mil\u00edmetros de espessura. Temos os melhores pre\u00e7os de relvado artificial!","robots":{"index":"index","follow":"follow","max-snippet":"max-snippet:-1","max-image-preview":"max-image-preview:large","max-video-preview":"max-video-preview:-1"},"canonical":"https:\/\/www.jardinartificial.es\/pt\/comprar\/cesped-artificial-pt\/decorativo-pt-3\/relva-artificial-cinzento-antracite-25mm\/","og_locale":"pt_PT","og_type":"article","og_title":"Relva Artificial Cinzento Antracite 25mm","og_description":"Relvado artificial de cor cinza antracite barato. Relvado ao corte com 25 mil\u00edmetros de espessura. Temos os melhores pre\u00e7os de relvado artificial!","og_url":"https:\/\/www.jardinartificial.es\/pt\/comprar\/cesped-artificial-pt\/decorativo-pt-3\/relva-artificial-cinzento-antracite-25mm\/","og_site_name":"Jardin Artificial","article_modified_time":"2026-01-09T13:53:31+00:00","og_image":[{"width":1772,"height":1772,"url":"https:\/\/www.jardinartificial.es\/wp-content\/uploads\/2023\/09\/RAINBOW_antracita.jpg","type":"image\/jpeg"}],"twitter_card":"summary_large_image","twitter_misc":{"Tempo estimado de leitura":"1 minuto"},"schema":{"@context":"https:\/\/schema.org","@graph":[{"@type":"WebPage","@id":"https:\/\/www.jardinartificial.es\/pt\/comprar\/cesped-artificial-pt\/decorativo-pt-3\/relva-artificial-cinzento-antracite-25mm\/","url":"https:\/\/www.jardinartificial.es\/pt\/comprar\/cesped-artificial-pt\/decorativo-pt-3\/relva-artificial-cinzento-antracite-25mm\/","name":"Relva Artificial Cinzento Antracite Cor 25 mm |% Jardin Artificial% Jardin Artificial%","isPartOf":{"@id":"https:\/\/www.jardinartificial.es\/pt\/#website"},"primaryImageOfPage":{"@id":"https:\/\/www.jardinartificial.es\/pt\/comprar\/cesped-artificial-pt\/decorativo-pt-3\/relva-artificial-cinzento-antracite-25mm\/#primaryimage"},"image":{"@id":"https:\/\/www.jardinartificial.es\/pt\/comprar\/cesped-artificial-pt\/decorativo-pt-3\/relva-artificial-cinzento-antracite-25mm\/#primaryimage"},"thumbnailUrl":"https:\/\/www.jardinartificial.es\/wp-content\/uploads\/2023\/09\/RAINBOW_antracita.jpg","datePublished":"2023-09-12T06:22:55+00:00","dateModified":"2026-01-09T13:53:31+00:00","description":"Relvado artificial de cor cinza antracite barato. Relvado ao corte com 25 mil\u00edmetros de espessura. Temos os melhores pre\u00e7os de relvado artificial!","breadcrumb":{"@id":"https:\/\/www.jardinartificial.es\/pt\/comprar\/cesped-artificial-pt\/decorativo-pt-3\/relva-artificial-cinzento-antracite-25mm\/#breadcrumb"},"inLanguage":"pt-PT","potentialAction":[{"@type":"ReadAction","target":["https:\/\/www.jardinartificial.es\/pt\/comprar\/cesped-artificial-pt\/decorativo-pt-3\/relva-artificial-cinzento-antracite-25mm\/"]}]},{"@type":"ImageObject","inLanguage":"pt-PT","@id":"https:\/\/www.jardinartificial.es\/pt\/comprar\/cesped-artificial-pt\/decorativo-pt-3\/relva-artificial-cinzento-antracite-25mm\/#primaryimage","url":"https:\/\/www.jardinartificial.es\/wp-content\/uploads\/2023\/09\/RAINBOW_antracita.jpg","contentUrl":"https:\/\/www.jardinartificial.es\/wp-content\/uploads\/2023\/09\/RAINBOW_antracita.jpg","width":1772,"height":1772,"caption":"Relva Artificial de cor antracite"},{"@type":"BreadcrumbList","@id":"https:\/\/www.jardinartificial.es\/pt\/comprar\/cesped-artificial-pt\/decorativo-pt-3\/relva-artificial-cinzento-antracite-25mm\/#breadcrumb","itemListElement":[{"@type":"ListItem","position":1,"name":"Portada","item":"https:\/\/www.jardinartificial.es\/pt\/"},{"@type":"ListItem","position":2,"name":"Todos os produtos","item":"https:\/\/www.jardinartificial.es\/pt-pt\/todos-os-produtos\/"},{"@type":"ListItem","position":3,"name":"Relva Artificial Cinzento Antracite 25mm"}]},{"@type":"WebSite","@id":"https:\/\/www.jardinartificial.es\/pt\/#website","url":"https:\/\/www.jardinartificial.es\/pt\/","name":"Jard\u00edn Artificial - Venta de C\u00e9sped Artficial","description":"C\u00e9sped Artificial barato al corte","publisher":{"@id":"https:\/\/www.jardinartificial.es\/pt\/#organization"},"potentialAction":[{"@type":"SearchAction","target":{"@type":"EntryPoint","urlTemplate":"https:\/\/www.jardinartificial.es\/pt\/?s={search_term_string}"},"query-input":{"@type":"PropertyValueSpecification","valueRequired":true,"valueName":"search_term_string"}}],"inLanguage":"pt-PT"},{"@type":"Organization","@id":"https:\/\/www.jardinartificial.es\/pt\/#organization","name":"Jard\u00edn Artificial","url":"https:\/\/www.jardinartificial.es\/pt\/","logo":{"@type":"ImageObject","inLanguage":"pt-PT","@id":"https:\/\/www.jardinartificial.es\/pt\/#\/schema\/logo\/image\/","url":"https:\/\/www.jardinartificial.es\/wp-content\/uploads\/2023\/03\/logotipo.svg","contentUrl":"https:\/\/www.jardinartificial.es\/wp-content\/uploads\/2023\/03\/logotipo.svg","width":187,"height":53,"caption":"Jard\u00edn Artificial"},"image":{"@id":"https:\/\/www.jardinartificial.es\/pt\/#\/schema\/logo\/image\/"}}]}},"_links":{"self":[{"href":"https:\/\/www.jardinartificial.es\/pt\/wp-json\/wp\/v2\/product\/77745","targetHints":{"allow":["GET"]}}],"collection":[{"href":"https:\/\/www.jardinartificial.es\/pt\/wp-json\/wp\/v2\/product"}],"about":[{"href":"https:\/\/www.jardinartificial.es\/pt\/wp-json\/wp\/v2\/types\/product"}],"replies":[{"embeddable":true,"href":"https:\/\/www.jardinartificial.es\/pt\/wp-json\/wp\/v2\/comments?post=77745"}],"wp:featuredmedia":[{"embeddable":true,"href":"https:\/\/www.jardinartificial.es\/pt\/wp-json\/wp\/v2\/media\/78555"}],"wp:attachment":[{"href":"https:\/\/www.jardinartificial.es\/pt\/wp-json\/wp\/v2\/media?parent=77745"}],"wp:term":[{"taxonomy":"product_brand","embeddable":true,"href":"https:\/\/www.jardinartificial.es\/pt\/wp-json\/wp\/v2\/product_brand?post=77745"},{"taxonomy":"product_cat","embeddable":true,"href":"https:\/\/www.jardinartificial.es\/pt\/wp-json\/wp\/v2\/product_cat?post=77745"},{"taxonomy":"product_tag","embeddable":true,"href":"https:\/\/www.jardinartificial.es\/pt\/wp-json\/wp\/v2\/product_tag?post=77745"}],"curies":[{"name":"wp","href":"https:\/\/api.w.org\/{rel}","templated":true}]}}