{"id":77705,"date":"2024-02-12T17:56:36","date_gmt":"2024-02-12T16:56:36","guid":{"rendered":"https:\/\/www.jardinartificial.es\/comprar\/sem%20categoria\/jardim-vertical-de-gardenia-em-trelica-100x200-2\/"},"modified":"2026-04-13T14:01:29","modified_gmt":"2026-04-13T12:01:29","slug":"jardim-vertical-de-gardenia-em-trelica-100x200","status":"publish","type":"product","link":"https:\/\/www.jardinartificial.es\/pt\/comprar\/jardin-vertical-artificial-pt\/jardim-vertical-de-gardenia-em-trelica-100x200\/","title":{"rendered":"Jardim Vertical Celosia Gardenia 100&#215;200"},"content":{"rendered":"","protected":false},"excerpt":{"rendered":"<p><strong>Gard\u00e9nia Gard\u00e9nia Jardim vertical em treli\u00e7a<\/strong><\/p>\n<p>A treli\u00e7a Gard\u00e9nia combina eleg\u00e2ncia e praticidade, com folhas <strong>verdes claras<\/strong> vibrantes que imitam na perfei\u00e7\u00e3o a frescura de uma planta natural. O seu design de treli\u00e7a <strong>extens\u00edvel<\/strong> permite-te ajust\u00e1-la a diferentes espa\u00e7os, adaptando-se facilmente \u00e0s tuas necessidades de decora\u00e7\u00e3o. <\/p>\n<p>Ideal para cobrir paredes, dividir divis\u00f5es ou dar um toque de privacidade com estilo. Al\u00e9m disso, a sua resist\u00eancia aos raios UV garante que mant\u00e9m a cor e o aspeto mesmo ao sol. <\/p>\n<ul>\n<li>Medidas 100 cm X 200 cm.<\/li>\n<li>Ideal para decora\u00e7\u00e3o de interiores e exteriores.<\/li>\n<li>Composi\u00e7\u00e3o da ret\u00edcula: haste de salgueiro natural.<\/li>\n<li>Composi\u00e7\u00e3o das folhas sint\u00e9ticas: 100% HDPE.<\/li>\n<li>Garantia UV e anti-desbotamento de 5 anos.<\/li>\n<\/ul>\n","protected":false},"featured_media":100698,"comment_status":"open","ping_status":"closed","template":"","meta":{"_acf_changed":false},"product_brand":[],"product_cat":[781,770],"product_tag":[987],"class_list":{"0":"post-77705","1":"product","2":"type-product","3":"status-publish","4":"has-post-thumbnail","6":"product_cat-100x200-pt-2","7":"product_cat-jardin-vertical-artificial-pt","8":"product_tag-pt-2","9":"product_shipping_class-estandar-pt","10":"sales-flash-overlay","11":"woocommerce-text-align-center","12":"woocommerce-image-align-center","13":"do-quantity-buttons","14":"wc-has-gallery","16":"first","17":"outofstock","18":"taxable","19":"shipping-taxable","20":"purchasable","21":"product-type-simple"},"acf":{"":""},"gallery_images":[100340,100341],"yoast_head":"<!-- This site is optimized with the Yoast SEO Premium plugin v27.1 (Yoast SEO v27.2) - https:\/\/yoast.com\/product\/yoast-seo-premium-wordpress\/ -->\n<title>Jardim Vertical Celosia Gardenia 100x200 | Jardin Artificial<\/title>\n<meta name=\"description\" content=\"Jardim vertical de gard\u00e9nia em treli\u00e7a. Fabricado em polietileno. Garantido por 5 anos contra os raios UV e a descolora\u00e7\u00e3o. Utiliza\u00e7\u00e3o em interiores e exteriores. Medidas 100 cm X 200 cm\" \/>\n<meta name=\"robots\" content=\"index, follow, max-snippet:-1, max-image-preview:large, max-video-preview:-1\" \/>\n<link rel=\"canonical\" href=\"https:\/\/www.jardinartificial.es\/pt\/comprar\/jardin-vertical-artificial-pt\/jardim-vertical-de-gardenia-em-trelica-100x200\/\" \/>\n<meta property=\"og:locale\" content=\"pt_PT\" \/>\n<meta property=\"og:type\" content=\"article\" \/>\n<meta property=\"og:title\" content=\"Jardim Vertical Celosia Gardenia 100x200\" \/>\n<meta property=\"og:description\" content=\"Jardim vertical de gard\u00e9nia em treli\u00e7a. Fabricado em polietileno. Garantido por 5 anos contra os raios UV e a descolora\u00e7\u00e3o. Utiliza\u00e7\u00e3o em interiores e exteriores. Medidas 100 cm X 200 cm\" \/>\n<meta property=\"og:url\" content=\"https:\/\/www.jardinartificial.es\/pt\/comprar\/jardin-vertical-artificial-pt\/jardim-vertical-de-gardenia-em-trelica-100x200\/\" \/>\n<meta property=\"og:site_name\" content=\"Jardin Artificial\" \/>\n<meta property=\"article:modified_time\" content=\"2026-04-13T12:01:29+00:00\" \/>\n<meta property=\"og:image\" content=\"https:\/\/www.jardinartificial.es\/wp-content\/uploads\/2026\/01\/Jardin-Vertical-Celosia-Gardenia-100x200-1.jpeg\" \/>\n\t<meta property=\"og:image:width\" content=\"1772\" \/>\n\t<meta property=\"og:image:height\" content=\"1212\" \/>\n\t<meta property=\"og:image:type\" content=\"image\/jpeg\" \/>\n<meta name=\"twitter:card\" content=\"summary_large_image\" \/>\n<meta name=\"twitter:label1\" content=\"Tempo estimado de leitura\" \/>\n\t<meta name=\"twitter:data1\" content=\"1 minuto\" \/>\n<script type=\"application\/ld+json\" class=\"yoast-schema-graph\">{\"@context\":\"https:\/\/schema.org\",\"@graph\":[{\"@type\":\"WebPage\",\"@id\":\"https:\/\/www.jardinartificial.es\/pt\/comprar\/jardin-vertical-artificial-pt\/jardim-vertical-de-gardenia-em-trelica-100x200\/\",\"url\":\"https:\/\/www.jardinartificial.es\/pt\/comprar\/jardin-vertical-artificial-pt\/jardim-vertical-de-gardenia-em-trelica-100x200\/\",\"name\":\"Jardim Vertical Celosia Gardenia 100x200 | Jardin Artificial\",\"isPartOf\":{\"@id\":\"https:\/\/www.jardinartificial.es\/pt\/#website\"},\"primaryImageOfPage\":{\"@id\":\"https:\/\/www.jardinartificial.es\/pt\/comprar\/jardin-vertical-artificial-pt\/jardim-vertical-de-gardenia-em-trelica-100x200\/#primaryimage\"},\"image\":{\"@id\":\"https:\/\/www.jardinartificial.es\/pt\/comprar\/jardin-vertical-artificial-pt\/jardim-vertical-de-gardenia-em-trelica-100x200\/#primaryimage\"},\"thumbnailUrl\":\"https:\/\/www.jardinartificial.es\/wp-content\/uploads\/2026\/01\/Jardin-Vertical-Celosia-Gardenia-100x200-1.jpeg\",\"datePublished\":\"2024-02-12T16:56:36+00:00\",\"dateModified\":\"2026-04-13T12:01:29+00:00\",\"description\":\"Jardim vertical de gard\u00e9nia em treli\u00e7a. Fabricado em polietileno. Garantido por 5 anos contra os raios UV e a descolora\u00e7\u00e3o. Utiliza\u00e7\u00e3o em interiores e exteriores. Medidas 100 cm X 200 cm\",\"breadcrumb\":{\"@id\":\"https:\/\/www.jardinartificial.es\/pt\/comprar\/jardin-vertical-artificial-pt\/jardim-vertical-de-gardenia-em-trelica-100x200\/#breadcrumb\"},\"inLanguage\":\"pt-PT\",\"potentialAction\":[{\"@type\":\"ReadAction\",\"target\":[\"https:\/\/www.jardinartificial.es\/pt\/comprar\/jardin-vertical-artificial-pt\/jardim-vertical-de-gardenia-em-trelica-100x200\/\"]}]},{\"@type\":\"ImageObject\",\"inLanguage\":\"pt-PT\",\"@id\":\"https:\/\/www.jardinartificial.es\/pt\/comprar\/jardin-vertical-artificial-pt\/jardim-vertical-de-gardenia-em-trelica-100x200\/#primaryimage\",\"url\":\"https:\/\/www.jardinartificial.es\/wp-content\/uploads\/2026\/01\/Jardin-Vertical-Celosia-Gardenia-100x200-1.jpeg\",\"contentUrl\":\"https:\/\/www.jardinartificial.es\/wp-content\/uploads\/2026\/01\/Jardin-Vertical-Celosia-Gardenia-100x200-1.jpeg\",\"width\":1772,\"height\":1212,\"caption\":\"Jard\u00edn Vertical Celos\u00eda Gardenia 100x200\"},{\"@type\":\"BreadcrumbList\",\"@id\":\"https:\/\/www.jardinartificial.es\/pt\/comprar\/jardin-vertical-artificial-pt\/jardim-vertical-de-gardenia-em-trelica-100x200\/#breadcrumb\",\"itemListElement\":[{\"@type\":\"ListItem\",\"position\":1,\"name\":\"Portada\",\"item\":\"https:\/\/www.jardinartificial.es\/pt\/\"},{\"@type\":\"ListItem\",\"position\":2,\"name\":\"Todos os produtos\",\"item\":\"https:\/\/www.jardinartificial.es\/pt-pt\/todos-os-produtos\/\"},{\"@type\":\"ListItem\",\"position\":3,\"name\":\"Jardim Vertical Celosia Gardenia 100&#215;200\"}]},{\"@type\":\"WebSite\",\"@id\":\"https:\/\/www.jardinartificial.es\/pt\/#website\",\"url\":\"https:\/\/www.jardinartificial.es\/pt\/\",\"name\":\"Jard\u00edn Artificial - Venta de C\u00e9sped Artficial\",\"description\":\"C\u00e9sped Artificial barato al corte\",\"publisher\":{\"@id\":\"https:\/\/www.jardinartificial.es\/pt\/#organization\"},\"potentialAction\":[{\"@type\":\"SearchAction\",\"target\":{\"@type\":\"EntryPoint\",\"urlTemplate\":\"https:\/\/www.jardinartificial.es\/pt\/?s={search_term_string}\"},\"query-input\":{\"@type\":\"PropertyValueSpecification\",\"valueRequired\":true,\"valueName\":\"search_term_string\"}}],\"inLanguage\":\"pt-PT\"},{\"@type\":\"Organization\",\"@id\":\"https:\/\/www.jardinartificial.es\/pt\/#organization\",\"name\":\"Jard\u00edn Artificial\",\"url\":\"https:\/\/www.jardinartificial.es\/pt\/\",\"logo\":{\"@type\":\"ImageObject\",\"inLanguage\":\"pt-PT\",\"@id\":\"https:\/\/www.jardinartificial.es\/pt\/#\/schema\/logo\/image\/\",\"url\":\"https:\/\/www.jardinartificial.es\/wp-content\/uploads\/2023\/03\/logotipo.svg\",\"contentUrl\":\"https:\/\/www.jardinartificial.es\/wp-content\/uploads\/2023\/03\/logotipo.svg\",\"width\":187,\"height\":53,\"caption\":\"Jard\u00edn Artificial\"},\"image\":{\"@id\":\"https:\/\/www.jardinartificial.es\/pt\/#\/schema\/logo\/image\/\"}}]}<\/script>\n<!-- \/ Yoast SEO Premium plugin. -->","yoast_head_json":{"title":"Jardim Vertical Celosia Gardenia 100x200 | Jardin Artificial","description":"Jardim vertical de gard\u00e9nia em treli\u00e7a. Fabricado em polietileno. Garantido por 5 anos contra os raios UV e a descolora\u00e7\u00e3o. Utiliza\u00e7\u00e3o em interiores e exteriores. Medidas 100 cm X 200 cm","robots":{"index":"index","follow":"follow","max-snippet":"max-snippet:-1","max-image-preview":"max-image-preview:large","max-video-preview":"max-video-preview:-1"},"canonical":"https:\/\/www.jardinartificial.es\/pt\/comprar\/jardin-vertical-artificial-pt\/jardim-vertical-de-gardenia-em-trelica-100x200\/","og_locale":"pt_PT","og_type":"article","og_title":"Jardim Vertical Celosia Gardenia 100x200","og_description":"Jardim vertical de gard\u00e9nia em treli\u00e7a. Fabricado em polietileno. Garantido por 5 anos contra os raios UV e a descolora\u00e7\u00e3o. Utiliza\u00e7\u00e3o em interiores e exteriores. Medidas 100 cm X 200 cm","og_url":"https:\/\/www.jardinartificial.es\/pt\/comprar\/jardin-vertical-artificial-pt\/jardim-vertical-de-gardenia-em-trelica-100x200\/","og_site_name":"Jardin Artificial","article_modified_time":"2026-04-13T12:01:29+00:00","og_image":[{"width":1772,"height":1212,"url":"https:\/\/www.jardinartificial.es\/wp-content\/uploads\/2026\/01\/Jardin-Vertical-Celosia-Gardenia-100x200-1.jpeg","type":"image\/jpeg"}],"twitter_card":"summary_large_image","twitter_misc":{"Tempo estimado de leitura":"1 minuto"},"schema":{"@context":"https:\/\/schema.org","@graph":[{"@type":"WebPage","@id":"https:\/\/www.jardinartificial.es\/pt\/comprar\/jardin-vertical-artificial-pt\/jardim-vertical-de-gardenia-em-trelica-100x200\/","url":"https:\/\/www.jardinartificial.es\/pt\/comprar\/jardin-vertical-artificial-pt\/jardim-vertical-de-gardenia-em-trelica-100x200\/","name":"Jardim Vertical Celosia Gardenia 100x200 | Jardin Artificial","isPartOf":{"@id":"https:\/\/www.jardinartificial.es\/pt\/#website"},"primaryImageOfPage":{"@id":"https:\/\/www.jardinartificial.es\/pt\/comprar\/jardin-vertical-artificial-pt\/jardim-vertical-de-gardenia-em-trelica-100x200\/#primaryimage"},"image":{"@id":"https:\/\/www.jardinartificial.es\/pt\/comprar\/jardin-vertical-artificial-pt\/jardim-vertical-de-gardenia-em-trelica-100x200\/#primaryimage"},"thumbnailUrl":"https:\/\/www.jardinartificial.es\/wp-content\/uploads\/2026\/01\/Jardin-Vertical-Celosia-Gardenia-100x200-1.jpeg","datePublished":"2024-02-12T16:56:36+00:00","dateModified":"2026-04-13T12:01:29+00:00","description":"Jardim vertical de gard\u00e9nia em treli\u00e7a. Fabricado em polietileno. Garantido por 5 anos contra os raios UV e a descolora\u00e7\u00e3o. Utiliza\u00e7\u00e3o em interiores e exteriores. Medidas 100 cm X 200 cm","breadcrumb":{"@id":"https:\/\/www.jardinartificial.es\/pt\/comprar\/jardin-vertical-artificial-pt\/jardim-vertical-de-gardenia-em-trelica-100x200\/#breadcrumb"},"inLanguage":"pt-PT","potentialAction":[{"@type":"ReadAction","target":["https:\/\/www.jardinartificial.es\/pt\/comprar\/jardin-vertical-artificial-pt\/jardim-vertical-de-gardenia-em-trelica-100x200\/"]}]},{"@type":"ImageObject","inLanguage":"pt-PT","@id":"https:\/\/www.jardinartificial.es\/pt\/comprar\/jardin-vertical-artificial-pt\/jardim-vertical-de-gardenia-em-trelica-100x200\/#primaryimage","url":"https:\/\/www.jardinartificial.es\/wp-content\/uploads\/2026\/01\/Jardin-Vertical-Celosia-Gardenia-100x200-1.jpeg","contentUrl":"https:\/\/www.jardinartificial.es\/wp-content\/uploads\/2026\/01\/Jardin-Vertical-Celosia-Gardenia-100x200-1.jpeg","width":1772,"height":1212,"caption":"Jard\u00edn Vertical Celos\u00eda Gardenia 100x200"},{"@type":"BreadcrumbList","@id":"https:\/\/www.jardinartificial.es\/pt\/comprar\/jardin-vertical-artificial-pt\/jardim-vertical-de-gardenia-em-trelica-100x200\/#breadcrumb","itemListElement":[{"@type":"ListItem","position":1,"name":"Portada","item":"https:\/\/www.jardinartificial.es\/pt\/"},{"@type":"ListItem","position":2,"name":"Todos os produtos","item":"https:\/\/www.jardinartificial.es\/pt-pt\/todos-os-produtos\/"},{"@type":"ListItem","position":3,"name":"Jardim Vertical Celosia Gardenia 100&#215;200"}]},{"@type":"WebSite","@id":"https:\/\/www.jardinartificial.es\/pt\/#website","url":"https:\/\/www.jardinartificial.es\/pt\/","name":"Jard\u00edn Artificial - Venta de C\u00e9sped Artficial","description":"C\u00e9sped Artificial barato al corte","publisher":{"@id":"https:\/\/www.jardinartificial.es\/pt\/#organization"},"potentialAction":[{"@type":"SearchAction","target":{"@type":"EntryPoint","urlTemplate":"https:\/\/www.jardinartificial.es\/pt\/?s={search_term_string}"},"query-input":{"@type":"PropertyValueSpecification","valueRequired":true,"valueName":"search_term_string"}}],"inLanguage":"pt-PT"},{"@type":"Organization","@id":"https:\/\/www.jardinartificial.es\/pt\/#organization","name":"Jard\u00edn Artificial","url":"https:\/\/www.jardinartificial.es\/pt\/","logo":{"@type":"ImageObject","inLanguage":"pt-PT","@id":"https:\/\/www.jardinartificial.es\/pt\/#\/schema\/logo\/image\/","url":"https:\/\/www.jardinartificial.es\/wp-content\/uploads\/2023\/03\/logotipo.svg","contentUrl":"https:\/\/www.jardinartificial.es\/wp-content\/uploads\/2023\/03\/logotipo.svg","width":187,"height":53,"caption":"Jard\u00edn Artificial"},"image":{"@id":"https:\/\/www.jardinartificial.es\/pt\/#\/schema\/logo\/image\/"}}]}},"_links":{"self":[{"href":"https:\/\/www.jardinartificial.es\/pt\/wp-json\/wp\/v2\/product\/77705","targetHints":{"allow":["GET"]}}],"collection":[{"href":"https:\/\/www.jardinartificial.es\/pt\/wp-json\/wp\/v2\/product"}],"about":[{"href":"https:\/\/www.jardinartificial.es\/pt\/wp-json\/wp\/v2\/types\/product"}],"replies":[{"embeddable":true,"href":"https:\/\/www.jardinartificial.es\/pt\/wp-json\/wp\/v2\/comments?post=77705"}],"wp:featuredmedia":[{"embeddable":true,"href":"https:\/\/www.jardinartificial.es\/pt\/wp-json\/wp\/v2\/media\/100698"}],"wp:attachment":[{"href":"https:\/\/www.jardinartificial.es\/pt\/wp-json\/wp\/v2\/media?parent=77705"}],"wp:term":[{"taxonomy":"product_brand","embeddable":true,"href":"https:\/\/www.jardinartificial.es\/pt\/wp-json\/wp\/v2\/product_brand?post=77705"},{"taxonomy":"product_cat","embeddable":true,"href":"https:\/\/www.jardinartificial.es\/pt\/wp-json\/wp\/v2\/product_cat?post=77705"},{"taxonomy":"product_tag","embeddable":true,"href":"https:\/\/www.jardinartificial.es\/pt\/wp-json\/wp\/v2\/product_tag?post=77705"}],"curies":[{"name":"wp","href":"https:\/\/api.w.org\/{rel}","templated":true}]}}