{"id":77697,"date":"2024-02-12T18:28:16","date_gmt":"2024-02-12T17:28:16","guid":{"rendered":"https:\/\/www.jardinartificial.es\/comprar\/sem%20categoria\/jardim-vertical-mediterranico-50x50-2\/"},"modified":"2026-03-18T08:58:14","modified_gmt":"2026-03-18T07:58:14","slug":"jardim-vertical-mediterranico-50x50","status":"publish","type":"product","link":"https:\/\/www.jardinartificial.es\/pt\/comprar\/jardin-vertical-artificial-pt\/eco-pt\/jardim-vertical-mediterranico-50x50\/","title":{"rendered":"Jardim vertical mediterr\u00e2nico 50&#215;50"},"content":{"rendered":"","protected":false},"excerpt":{"rendered":"<p><strong>Jardim vertical mediterr\u00e2nico<\/strong><\/p>\n<p><span style=\"font-weight: 400;\">Espetacular <\/span><b>Jardim Vertical Artificial<\/b><span style=\"font-weight: 400;\"> com mais de <\/span><b>10 tipos diferentes de folhas, plantas e tons<\/b><span style=\"font-weight: 400;\">que v\u00e3o desde o<\/span><b> verde<\/b><span style=\"font-weight: 400;\"> e <\/span><b>azul<\/b><span style=\"font-weight: 400;\">l ao <\/span><b>amarelo<\/b><span style=\"font-weight: 400;\"> e <\/span><b>branco.<br \/>\n<\/b><span style=\"font-weight: 400;\">Com muito volume, este painel exala um car\u00e1cter muito natural<\/span><b> natureza muito natural<\/b><span style=\"font-weight: 400;\"> com plantas t\u00edpicas do nosso clima mediterr\u00e2nico, como o nome indica. <\/span> <\/p>\n<ul>\n<li>Medidas 50 cm X 50 cm.<\/li>\n<li>Ideal para decora\u00e7\u00e3o de interiores e exteriores.<\/li>\n<li>Composi\u00e7\u00e3o da grelha: 100% HDPE.<\/li>\n<li>Composi\u00e7\u00e3o das folhas sint\u00e9ticas: 100% HDPE.<\/li>\n<li>Garantia UV e anti-desbotamento de 5 anos.<\/li>\n<\/ul>\n","protected":false},"featured_media":78533,"comment_status":"open","ping_status":"closed","template":"","meta":{"_acf_changed":false},"product_brand":[],"product_cat":[773,770],"product_tag":[987],"class_list":{"0":"post-77697","1":"product","2":"type-product","3":"status-publish","4":"has-post-thumbnail","6":"product_cat-eco-pt","7":"product_cat-jardin-vertical-artificial-pt","8":"product_tag-pt-2","9":"product_shipping_class-estandar-pt","10":"sales-flash-overlay","11":"woocommerce-text-align-center","12":"woocommerce-image-align-center","13":"do-quantity-buttons","15":"first","16":"outofstock","17":"taxable","18":"shipping-taxable","19":"purchasable","20":"product-type-simple"},"acf":{"":""},"gallery_images":[],"yoast_head":"<!-- This site is optimized with the Yoast SEO Premium plugin v27.1 (Yoast SEO v27.2) - https:\/\/yoast.com\/product\/yoast-seo-premium-wordpress\/ -->\n<title>Jardim vertical mediterr\u00e2nico 50x50 | Jardin Artificial<\/title>\n<meta name=\"description\" content=\"Jardim vertical mediterr\u00e2nico. Fabricado em polietileno. Garantia de 5 anos UV e anti-descolora\u00e7\u00e3o. Utiliza\u00e7\u00e3o no interior e exterior. Medidas 50 cm X 50 cm\" \/>\n<meta name=\"robots\" content=\"index, follow, max-snippet:-1, max-image-preview:large, max-video-preview:-1\" \/>\n<link rel=\"canonical\" href=\"https:\/\/www.jardinartificial.es\/pt\/comprar\/jardin-vertical-artificial-pt\/eco-pt\/jardim-vertical-mediterranico-50x50\/\" \/>\n<meta property=\"og:locale\" content=\"pt_PT\" \/>\n<meta property=\"og:type\" content=\"article\" \/>\n<meta property=\"og:title\" content=\"Jardim vertical mediterr\u00e2nico 50x50\" \/>\n<meta property=\"og:description\" content=\"Jardim vertical mediterr\u00e2nico. Fabricado em polietileno. Garantia de 5 anos UV e anti-descolora\u00e7\u00e3o. Utiliza\u00e7\u00e3o no interior e exterior. Medidas 50 cm X 50 cm\" \/>\n<meta property=\"og:url\" content=\"https:\/\/www.jardinartificial.es\/pt\/comprar\/jardin-vertical-artificial-pt\/eco-pt\/jardim-vertical-mediterranico-50x50\/\" \/>\n<meta property=\"og:site_name\" content=\"Jardin Artificial\" \/>\n<meta property=\"article:modified_time\" content=\"2026-03-18T07:58:14+00:00\" \/>\n<meta property=\"og:image\" content=\"https:\/\/www.jardinartificial.es\/wp-content\/uploads\/2024\/02\/JV-MEDITERRANEO50X50.jpg\" \/>\n\t<meta property=\"og:image:width\" content=\"2008\" \/>\n\t<meta property=\"og:image:height\" content=\"2008\" \/>\n\t<meta property=\"og:image:type\" content=\"image\/jpeg\" \/>\n<meta name=\"twitter:card\" content=\"summary_large_image\" \/>\n<meta name=\"twitter:label1\" content=\"Tempo estimado de leitura\" \/>\n\t<meta name=\"twitter:data1\" content=\"1 minuto\" \/>\n<script type=\"application\/ld+json\" class=\"yoast-schema-graph\">{\"@context\":\"https:\/\/schema.org\",\"@graph\":[{\"@type\":\"WebPage\",\"@id\":\"https:\/\/www.jardinartificial.es\/pt\/comprar\/jardin-vertical-artificial-pt\/eco-pt\/jardim-vertical-mediterranico-50x50\/\",\"url\":\"https:\/\/www.jardinartificial.es\/pt\/comprar\/jardin-vertical-artificial-pt\/eco-pt\/jardim-vertical-mediterranico-50x50\/\",\"name\":\"Jardim vertical mediterr\u00e2nico 50x50 | Jardin Artificial\",\"isPartOf\":{\"@id\":\"https:\/\/www.jardinartificial.es\/pt\/#website\"},\"primaryImageOfPage\":{\"@id\":\"https:\/\/www.jardinartificial.es\/pt\/comprar\/jardin-vertical-artificial-pt\/eco-pt\/jardim-vertical-mediterranico-50x50\/#primaryimage\"},\"image\":{\"@id\":\"https:\/\/www.jardinartificial.es\/pt\/comprar\/jardin-vertical-artificial-pt\/eco-pt\/jardim-vertical-mediterranico-50x50\/#primaryimage\"},\"thumbnailUrl\":\"https:\/\/www.jardinartificial.es\/wp-content\/uploads\/2024\/02\/JV-MEDITERRANEO50X50.jpg\",\"datePublished\":\"2024-02-12T17:28:16+00:00\",\"dateModified\":\"2026-03-18T07:58:14+00:00\",\"description\":\"Jardim vertical mediterr\u00e2nico. Fabricado em polietileno. Garantia de 5 anos UV e anti-descolora\u00e7\u00e3o. Utiliza\u00e7\u00e3o no interior e exterior. Medidas 50 cm X 50 cm\",\"breadcrumb\":{\"@id\":\"https:\/\/www.jardinartificial.es\/pt\/comprar\/jardin-vertical-artificial-pt\/eco-pt\/jardim-vertical-mediterranico-50x50\/#breadcrumb\"},\"inLanguage\":\"pt-PT\",\"potentialAction\":[{\"@type\":\"ReadAction\",\"target\":[\"https:\/\/www.jardinartificial.es\/pt\/comprar\/jardin-vertical-artificial-pt\/eco-pt\/jardim-vertical-mediterranico-50x50\/\"]}]},{\"@type\":\"ImageObject\",\"inLanguage\":\"pt-PT\",\"@id\":\"https:\/\/www.jardinartificial.es\/pt\/comprar\/jardin-vertical-artificial-pt\/eco-pt\/jardim-vertical-mediterranico-50x50\/#primaryimage\",\"url\":\"https:\/\/www.jardinartificial.es\/wp-content\/uploads\/2024\/02\/JV-MEDITERRANEO50X50.jpg\",\"contentUrl\":\"https:\/\/www.jardinartificial.es\/wp-content\/uploads\/2024\/02\/JV-MEDITERRANEO50X50.jpg\",\"width\":2008,\"height\":2008,\"caption\":\"Jardim vertical mediterr\u00e2nico\"},{\"@type\":\"BreadcrumbList\",\"@id\":\"https:\/\/www.jardinartificial.es\/pt\/comprar\/jardin-vertical-artificial-pt\/eco-pt\/jardim-vertical-mediterranico-50x50\/#breadcrumb\",\"itemListElement\":[{\"@type\":\"ListItem\",\"position\":1,\"name\":\"Portada\",\"item\":\"https:\/\/www.jardinartificial.es\/pt\/\"},{\"@type\":\"ListItem\",\"position\":2,\"name\":\"Todos os produtos\",\"item\":\"https:\/\/www.jardinartificial.es\/pt-pt\/todos-os-produtos\/\"},{\"@type\":\"ListItem\",\"position\":3,\"name\":\"Jardim vertical mediterr\u00e2nico 50&#215;50\"}]},{\"@type\":\"WebSite\",\"@id\":\"https:\/\/www.jardinartificial.es\/pt\/#website\",\"url\":\"https:\/\/www.jardinartificial.es\/pt\/\",\"name\":\"Jard\u00edn Artificial - Venta de C\u00e9sped Artficial\",\"description\":\"C\u00e9sped Artificial barato al corte\",\"publisher\":{\"@id\":\"https:\/\/www.jardinartificial.es\/pt\/#organization\"},\"potentialAction\":[{\"@type\":\"SearchAction\",\"target\":{\"@type\":\"EntryPoint\",\"urlTemplate\":\"https:\/\/www.jardinartificial.es\/pt\/?s={search_term_string}\"},\"query-input\":{\"@type\":\"PropertyValueSpecification\",\"valueRequired\":true,\"valueName\":\"search_term_string\"}}],\"inLanguage\":\"pt-PT\"},{\"@type\":\"Organization\",\"@id\":\"https:\/\/www.jardinartificial.es\/pt\/#organization\",\"name\":\"Jard\u00edn Artificial\",\"url\":\"https:\/\/www.jardinartificial.es\/pt\/\",\"logo\":{\"@type\":\"ImageObject\",\"inLanguage\":\"pt-PT\",\"@id\":\"https:\/\/www.jardinartificial.es\/pt\/#\/schema\/logo\/image\/\",\"url\":\"https:\/\/www.jardinartificial.es\/wp-content\/uploads\/2023\/03\/logotipo.svg\",\"contentUrl\":\"https:\/\/www.jardinartificial.es\/wp-content\/uploads\/2023\/03\/logotipo.svg\",\"width\":187,\"height\":53,\"caption\":\"Jard\u00edn Artificial\"},\"image\":{\"@id\":\"https:\/\/www.jardinartificial.es\/pt\/#\/schema\/logo\/image\/\"}}]}<\/script>\n<!-- \/ Yoast SEO Premium plugin. -->","yoast_head_json":{"title":"Jardim vertical mediterr\u00e2nico 50x50 | Jardin Artificial","description":"Jardim vertical mediterr\u00e2nico. Fabricado em polietileno. Garantia de 5 anos UV e anti-descolora\u00e7\u00e3o. Utiliza\u00e7\u00e3o no interior e exterior. Medidas 50 cm X 50 cm","robots":{"index":"index","follow":"follow","max-snippet":"max-snippet:-1","max-image-preview":"max-image-preview:large","max-video-preview":"max-video-preview:-1"},"canonical":"https:\/\/www.jardinartificial.es\/pt\/comprar\/jardin-vertical-artificial-pt\/eco-pt\/jardim-vertical-mediterranico-50x50\/","og_locale":"pt_PT","og_type":"article","og_title":"Jardim vertical mediterr\u00e2nico 50x50","og_description":"Jardim vertical mediterr\u00e2nico. Fabricado em polietileno. Garantia de 5 anos UV e anti-descolora\u00e7\u00e3o. Utiliza\u00e7\u00e3o no interior e exterior. Medidas 50 cm X 50 cm","og_url":"https:\/\/www.jardinartificial.es\/pt\/comprar\/jardin-vertical-artificial-pt\/eco-pt\/jardim-vertical-mediterranico-50x50\/","og_site_name":"Jardin Artificial","article_modified_time":"2026-03-18T07:58:14+00:00","og_image":[{"width":2008,"height":2008,"url":"https:\/\/www.jardinartificial.es\/wp-content\/uploads\/2024\/02\/JV-MEDITERRANEO50X50.jpg","type":"image\/jpeg"}],"twitter_card":"summary_large_image","twitter_misc":{"Tempo estimado de leitura":"1 minuto"},"schema":{"@context":"https:\/\/schema.org","@graph":[{"@type":"WebPage","@id":"https:\/\/www.jardinartificial.es\/pt\/comprar\/jardin-vertical-artificial-pt\/eco-pt\/jardim-vertical-mediterranico-50x50\/","url":"https:\/\/www.jardinartificial.es\/pt\/comprar\/jardin-vertical-artificial-pt\/eco-pt\/jardim-vertical-mediterranico-50x50\/","name":"Jardim vertical mediterr\u00e2nico 50x50 | Jardin Artificial","isPartOf":{"@id":"https:\/\/www.jardinartificial.es\/pt\/#website"},"primaryImageOfPage":{"@id":"https:\/\/www.jardinartificial.es\/pt\/comprar\/jardin-vertical-artificial-pt\/eco-pt\/jardim-vertical-mediterranico-50x50\/#primaryimage"},"image":{"@id":"https:\/\/www.jardinartificial.es\/pt\/comprar\/jardin-vertical-artificial-pt\/eco-pt\/jardim-vertical-mediterranico-50x50\/#primaryimage"},"thumbnailUrl":"https:\/\/www.jardinartificial.es\/wp-content\/uploads\/2024\/02\/JV-MEDITERRANEO50X50.jpg","datePublished":"2024-02-12T17:28:16+00:00","dateModified":"2026-03-18T07:58:14+00:00","description":"Jardim vertical mediterr\u00e2nico. Fabricado em polietileno. Garantia de 5 anos UV e anti-descolora\u00e7\u00e3o. Utiliza\u00e7\u00e3o no interior e exterior. Medidas 50 cm X 50 cm","breadcrumb":{"@id":"https:\/\/www.jardinartificial.es\/pt\/comprar\/jardin-vertical-artificial-pt\/eco-pt\/jardim-vertical-mediterranico-50x50\/#breadcrumb"},"inLanguage":"pt-PT","potentialAction":[{"@type":"ReadAction","target":["https:\/\/www.jardinartificial.es\/pt\/comprar\/jardin-vertical-artificial-pt\/eco-pt\/jardim-vertical-mediterranico-50x50\/"]}]},{"@type":"ImageObject","inLanguage":"pt-PT","@id":"https:\/\/www.jardinartificial.es\/pt\/comprar\/jardin-vertical-artificial-pt\/eco-pt\/jardim-vertical-mediterranico-50x50\/#primaryimage","url":"https:\/\/www.jardinartificial.es\/wp-content\/uploads\/2024\/02\/JV-MEDITERRANEO50X50.jpg","contentUrl":"https:\/\/www.jardinartificial.es\/wp-content\/uploads\/2024\/02\/JV-MEDITERRANEO50X50.jpg","width":2008,"height":2008,"caption":"Jardim vertical mediterr\u00e2nico"},{"@type":"BreadcrumbList","@id":"https:\/\/www.jardinartificial.es\/pt\/comprar\/jardin-vertical-artificial-pt\/eco-pt\/jardim-vertical-mediterranico-50x50\/#breadcrumb","itemListElement":[{"@type":"ListItem","position":1,"name":"Portada","item":"https:\/\/www.jardinartificial.es\/pt\/"},{"@type":"ListItem","position":2,"name":"Todos os produtos","item":"https:\/\/www.jardinartificial.es\/pt-pt\/todos-os-produtos\/"},{"@type":"ListItem","position":3,"name":"Jardim vertical mediterr\u00e2nico 50&#215;50"}]},{"@type":"WebSite","@id":"https:\/\/www.jardinartificial.es\/pt\/#website","url":"https:\/\/www.jardinartificial.es\/pt\/","name":"Jard\u00edn Artificial - Venta de C\u00e9sped Artficial","description":"C\u00e9sped Artificial barato al corte","publisher":{"@id":"https:\/\/www.jardinartificial.es\/pt\/#organization"},"potentialAction":[{"@type":"SearchAction","target":{"@type":"EntryPoint","urlTemplate":"https:\/\/www.jardinartificial.es\/pt\/?s={search_term_string}"},"query-input":{"@type":"PropertyValueSpecification","valueRequired":true,"valueName":"search_term_string"}}],"inLanguage":"pt-PT"},{"@type":"Organization","@id":"https:\/\/www.jardinartificial.es\/pt\/#organization","name":"Jard\u00edn Artificial","url":"https:\/\/www.jardinartificial.es\/pt\/","logo":{"@type":"ImageObject","inLanguage":"pt-PT","@id":"https:\/\/www.jardinartificial.es\/pt\/#\/schema\/logo\/image\/","url":"https:\/\/www.jardinartificial.es\/wp-content\/uploads\/2023\/03\/logotipo.svg","contentUrl":"https:\/\/www.jardinartificial.es\/wp-content\/uploads\/2023\/03\/logotipo.svg","width":187,"height":53,"caption":"Jard\u00edn Artificial"},"image":{"@id":"https:\/\/www.jardinartificial.es\/pt\/#\/schema\/logo\/image\/"}}]}},"_links":{"self":[{"href":"https:\/\/www.jardinartificial.es\/pt\/wp-json\/wp\/v2\/product\/77697","targetHints":{"allow":["GET"]}}],"collection":[{"href":"https:\/\/www.jardinartificial.es\/pt\/wp-json\/wp\/v2\/product"}],"about":[{"href":"https:\/\/www.jardinartificial.es\/pt\/wp-json\/wp\/v2\/types\/product"}],"replies":[{"embeddable":true,"href":"https:\/\/www.jardinartificial.es\/pt\/wp-json\/wp\/v2\/comments?post=77697"}],"wp:featuredmedia":[{"embeddable":true,"href":"https:\/\/www.jardinartificial.es\/pt\/wp-json\/wp\/v2\/media\/78533"}],"wp:attachment":[{"href":"https:\/\/www.jardinartificial.es\/pt\/wp-json\/wp\/v2\/media?parent=77697"}],"wp:term":[{"taxonomy":"product_brand","embeddable":true,"href":"https:\/\/www.jardinartificial.es\/pt\/wp-json\/wp\/v2\/product_brand?post=77697"},{"taxonomy":"product_cat","embeddable":true,"href":"https:\/\/www.jardinartificial.es\/pt\/wp-json\/wp\/v2\/product_cat?post=77697"},{"taxonomy":"product_tag","embeddable":true,"href":"https:\/\/www.jardinartificial.es\/pt\/wp-json\/wp\/v2\/product_tag?post=77697"}],"curies":[{"name":"wp","href":"https:\/\/api.w.org\/{rel}","templated":true}]}}