{"id":77679,"date":"2024-03-07T08:49:14","date_gmt":"2024-03-07T07:49:14","guid":{"rendered":"https:\/\/www.jardinartificial.es\/comprar\/sem%20categoria\/relva-artificial-navarra-37mm-2\/"},"modified":"2026-03-26T08:29:45","modified_gmt":"2026-03-26T07:29:45","slug":"relva-artificial-navarra-37mm","status":"publish","type":"product","link":"https:\/\/www.jardinartificial.es\/pt\/comprar\/cesped-artificial-pt\/decorativo-pt-3\/relva-artificial-navarra-37mm\/","title":{"rendered":"Relva Artificial Navarra 37mm"},"content":{"rendered":"","protected":false},"excerpt":{"rendered":"<p><strong>Relva de Navarra modelo 37mm<\/strong><\/p>\n<p>A relva artificial Navarra tem uma excelente mem\u00f3ria vertical baseada na qualidade do polietileno como mat\u00e9ria-prima principal das suas fibras, e na sua sec\u00e7\u00e3o em diamante e nervura central. Modelo com grande naturalidade gra\u00e7as \u00e0 combina\u00e7\u00e3o de cores. Ideal para superf\u00edcies decorativas e paisagismo em terra\u00e7os, jardins e piscinas.  <\/p>\n<ul>\n<li>Ideal para terra\u00e7os e jardins com piscina. Adequado para animais de estima\u00e7\u00e3o. <\/li>\n<li>Rolo completo de 40m\u00b2, distribu\u00eddo em 20 metros de comprimento e 2 metros de largura sem cortes.<\/li>\n<\/ul>\n","protected":false},"featured_media":101319,"comment_status":"open","ping_status":"closed","template":"","meta":{"_acf_changed":false},"product_brand":[],"product_cat":[748,749],"product_tag":[859,987],"class_list":{"0":"post-77679","1":"product","2":"type-product","3":"status-publish","4":"has-post-thumbnail","6":"product_cat-decorativo-pt-3","7":"product_cat-cesped-artificial-pt","8":"product_tag-casa-mais-procurada","9":"product_tag-pt-2","10":"product_shipping_class-standar-pt","11":"sales-flash-overlay","12":"woocommerce-text-align-center","13":"woocommerce-image-align-center","14":"do-quantity-buttons","15":"wc-has-gallery","17":"first","18":"instock","19":"sale","20":"featured","21":"taxable","22":"shipping-taxable","23":"purchasable","24":"product-type-variable"},"acf":{"":""},"gallery_images":[101044,101045,102367,102894,102895],"yoast_head":"<!-- This site is optimized with the Yoast SEO Premium plugin v27.1 (Yoast SEO v27.2) - https:\/\/yoast.com\/product\/yoast-seo-premium-wordpress\/ -->\n<title>\u25b7 Relva Artificial Navarra | 37mm | Venta Online<\/title>\n<meta name=\"description\" content=\"Compra relva artificial Navarra 37mm. Ideal para terra\u00e7os e jardins com piscina. Rolo completo e cortado \u00e0 medida. Envio para toda a Espanha. \u2705 Compra com seguran\u00e7a.\" \/>\n<meta name=\"robots\" content=\"index, follow, max-snippet:-1, max-image-preview:large, max-video-preview:-1\" \/>\n<link rel=\"canonical\" href=\"https:\/\/www.jardinartificial.es\/pt\/comprar\/cesped-artificial-pt\/decorativo-pt-3\/relva-artificial-navarra-37mm\/\" \/>\n<meta property=\"og:locale\" content=\"pt_PT\" \/>\n<meta property=\"og:type\" content=\"article\" \/>\n<meta property=\"og:title\" content=\"Relva Artificial Navarra 37mm\" \/>\n<meta property=\"og:description\" content=\"Compra relva artificial Navarra 37mm. Ideal para terra\u00e7os e jardins com piscina. Rolo completo e cortado \u00e0 medida. Envio para toda a Espanha. \u2705 Compra com seguran\u00e7a.\" \/>\n<meta property=\"og:url\" content=\"https:\/\/www.jardinartificial.es\/pt\/comprar\/cesped-artificial-pt\/decorativo-pt-3\/relva-artificial-navarra-37mm\/\" \/>\n<meta property=\"og:site_name\" content=\"Jardin Artificial\" \/>\n<meta property=\"article:modified_time\" content=\"2026-03-26T07:29:45+00:00\" \/>\n<meta property=\"og:image\" content=\"https:\/\/www.jardinartificial.es\/wp-content\/uploads\/2026\/01\/Cesped-Artificial-Pradera-37.webp\" \/>\n\t<meta property=\"og:image:width\" content=\"1920\" \/>\n\t<meta property=\"og:image:height\" content=\"1920\" \/>\n\t<meta property=\"og:image:type\" content=\"image\/webp\" \/>\n<meta name=\"twitter:card\" content=\"summary_large_image\" \/>\n<meta name=\"twitter:label1\" content=\"Tempo estimado de leitura\" \/>\n\t<meta name=\"twitter:data1\" content=\"1 minuto\" \/>\n<script type=\"application\/ld+json\" class=\"yoast-schema-graph\">{\"@context\":\"https:\/\/schema.org\",\"@graph\":[{\"@type\":\"WebPage\",\"@id\":\"https:\/\/www.jardinartificial.es\/pt\/comprar\/cesped-artificial-pt\/decorativo-pt-3\/relva-artificial-navarra-37mm\/\",\"url\":\"https:\/\/www.jardinartificial.es\/pt\/comprar\/cesped-artificial-pt\/decorativo-pt-3\/relva-artificial-navarra-37mm\/\",\"name\":\"\u25b7 Relva Artificial Navarra | 37mm | Venta Online\",\"isPartOf\":{\"@id\":\"https:\/\/www.jardinartificial.es\/pt\/#website\"},\"primaryImageOfPage\":{\"@id\":\"https:\/\/www.jardinartificial.es\/pt\/comprar\/cesped-artificial-pt\/decorativo-pt-3\/relva-artificial-navarra-37mm\/#primaryimage\"},\"image\":{\"@id\":\"https:\/\/www.jardinartificial.es\/pt\/comprar\/cesped-artificial-pt\/decorativo-pt-3\/relva-artificial-navarra-37mm\/#primaryimage\"},\"thumbnailUrl\":\"https:\/\/www.jardinartificial.es\/wp-content\/uploads\/2026\/01\/Cesped-Artificial-Pradera-37.webp\",\"datePublished\":\"2024-03-07T07:49:14+00:00\",\"dateModified\":\"2026-03-26T07:29:45+00:00\",\"description\":\"Compra relva artificial Navarra 37mm. Ideal para terra\u00e7os e jardins com piscina. Rolo completo e cortado \u00e0 medida. Envio para toda a Espanha. \u2705 Compra com seguran\u00e7a.\",\"breadcrumb\":{\"@id\":\"https:\/\/www.jardinartificial.es\/pt\/comprar\/cesped-artificial-pt\/decorativo-pt-3\/relva-artificial-navarra-37mm\/#breadcrumb\"},\"inLanguage\":\"pt-PT\",\"potentialAction\":[{\"@type\":\"ReadAction\",\"target\":[\"https:\/\/www.jardinartificial.es\/pt\/comprar\/cesped-artificial-pt\/decorativo-pt-3\/relva-artificial-navarra-37mm\/\"]}]},{\"@type\":\"ImageObject\",\"inLanguage\":\"pt-PT\",\"@id\":\"https:\/\/www.jardinartificial.es\/pt\/comprar\/cesped-artificial-pt\/decorativo-pt-3\/relva-artificial-navarra-37mm\/#primaryimage\",\"url\":\"https:\/\/www.jardinartificial.es\/wp-content\/uploads\/2026\/01\/Cesped-Artificial-Pradera-37.webp\",\"contentUrl\":\"https:\/\/www.jardinartificial.es\/wp-content\/uploads\/2026\/01\/Cesped-Artificial-Pradera-37.webp\",\"width\":1920,\"height\":1920,\"caption\":\"Relva Artificial Pradera 37\"},{\"@type\":\"BreadcrumbList\",\"@id\":\"https:\/\/www.jardinartificial.es\/pt\/comprar\/cesped-artificial-pt\/decorativo-pt-3\/relva-artificial-navarra-37mm\/#breadcrumb\",\"itemListElement\":[{\"@type\":\"ListItem\",\"position\":1,\"name\":\"Portada\",\"item\":\"https:\/\/www.jardinartificial.es\/pt\/\"},{\"@type\":\"ListItem\",\"position\":2,\"name\":\"Todos os produtos\",\"item\":\"https:\/\/www.jardinartificial.es\/pt-pt\/todos-os-produtos\/\"},{\"@type\":\"ListItem\",\"position\":3,\"name\":\"Relva Artificial Navarra 37mm\"}]},{\"@type\":\"WebSite\",\"@id\":\"https:\/\/www.jardinartificial.es\/pt\/#website\",\"url\":\"https:\/\/www.jardinartificial.es\/pt\/\",\"name\":\"Jard\u00edn Artificial - Venta de C\u00e9sped Artficial\",\"description\":\"C\u00e9sped Artificial barato al corte\",\"publisher\":{\"@id\":\"https:\/\/www.jardinartificial.es\/pt\/#organization\"},\"potentialAction\":[{\"@type\":\"SearchAction\",\"target\":{\"@type\":\"EntryPoint\",\"urlTemplate\":\"https:\/\/www.jardinartificial.es\/pt\/?s={search_term_string}\"},\"query-input\":{\"@type\":\"PropertyValueSpecification\",\"valueRequired\":true,\"valueName\":\"search_term_string\"}}],\"inLanguage\":\"pt-PT\"},{\"@type\":\"Organization\",\"@id\":\"https:\/\/www.jardinartificial.es\/pt\/#organization\",\"name\":\"Jard\u00edn Artificial\",\"url\":\"https:\/\/www.jardinartificial.es\/pt\/\",\"logo\":{\"@type\":\"ImageObject\",\"inLanguage\":\"pt-PT\",\"@id\":\"https:\/\/www.jardinartificial.es\/pt\/#\/schema\/logo\/image\/\",\"url\":\"https:\/\/www.jardinartificial.es\/wp-content\/uploads\/2023\/03\/logotipo.svg\",\"contentUrl\":\"https:\/\/www.jardinartificial.es\/wp-content\/uploads\/2023\/03\/logotipo.svg\",\"width\":187,\"height\":53,\"caption\":\"Jard\u00edn Artificial\"},\"image\":{\"@id\":\"https:\/\/www.jardinartificial.es\/pt\/#\/schema\/logo\/image\/\"}}]}<\/script>\n<!-- \/ Yoast SEO Premium plugin. -->","yoast_head_json":{"title":"\u25b7 Relva Artificial Navarra | 37mm | Venta Online","description":"Compra relva artificial Navarra 37mm. Ideal para terra\u00e7os e jardins com piscina. Rolo completo e cortado \u00e0 medida. Envio para toda a Espanha. \u2705 Compra com seguran\u00e7a.","robots":{"index":"index","follow":"follow","max-snippet":"max-snippet:-1","max-image-preview":"max-image-preview:large","max-video-preview":"max-video-preview:-1"},"canonical":"https:\/\/www.jardinartificial.es\/pt\/comprar\/cesped-artificial-pt\/decorativo-pt-3\/relva-artificial-navarra-37mm\/","og_locale":"pt_PT","og_type":"article","og_title":"Relva Artificial Navarra 37mm","og_description":"Compra relva artificial Navarra 37mm. Ideal para terra\u00e7os e jardins com piscina. Rolo completo e cortado \u00e0 medida. Envio para toda a Espanha. \u2705 Compra com seguran\u00e7a.","og_url":"https:\/\/www.jardinartificial.es\/pt\/comprar\/cesped-artificial-pt\/decorativo-pt-3\/relva-artificial-navarra-37mm\/","og_site_name":"Jardin Artificial","article_modified_time":"2026-03-26T07:29:45+00:00","og_image":[{"width":1920,"height":1920,"url":"https:\/\/www.jardinartificial.es\/wp-content\/uploads\/2026\/01\/Cesped-Artificial-Pradera-37.webp","type":"image\/webp"}],"twitter_card":"summary_large_image","twitter_misc":{"Tempo estimado de leitura":"1 minuto"},"schema":{"@context":"https:\/\/schema.org","@graph":[{"@type":"WebPage","@id":"https:\/\/www.jardinartificial.es\/pt\/comprar\/cesped-artificial-pt\/decorativo-pt-3\/relva-artificial-navarra-37mm\/","url":"https:\/\/www.jardinartificial.es\/pt\/comprar\/cesped-artificial-pt\/decorativo-pt-3\/relva-artificial-navarra-37mm\/","name":"\u25b7 Relva Artificial Navarra | 37mm | Venta Online","isPartOf":{"@id":"https:\/\/www.jardinartificial.es\/pt\/#website"},"primaryImageOfPage":{"@id":"https:\/\/www.jardinartificial.es\/pt\/comprar\/cesped-artificial-pt\/decorativo-pt-3\/relva-artificial-navarra-37mm\/#primaryimage"},"image":{"@id":"https:\/\/www.jardinartificial.es\/pt\/comprar\/cesped-artificial-pt\/decorativo-pt-3\/relva-artificial-navarra-37mm\/#primaryimage"},"thumbnailUrl":"https:\/\/www.jardinartificial.es\/wp-content\/uploads\/2026\/01\/Cesped-Artificial-Pradera-37.webp","datePublished":"2024-03-07T07:49:14+00:00","dateModified":"2026-03-26T07:29:45+00:00","description":"Compra relva artificial Navarra 37mm. Ideal para terra\u00e7os e jardins com piscina. Rolo completo e cortado \u00e0 medida. Envio para toda a Espanha. \u2705 Compra com seguran\u00e7a.","breadcrumb":{"@id":"https:\/\/www.jardinartificial.es\/pt\/comprar\/cesped-artificial-pt\/decorativo-pt-3\/relva-artificial-navarra-37mm\/#breadcrumb"},"inLanguage":"pt-PT","potentialAction":[{"@type":"ReadAction","target":["https:\/\/www.jardinartificial.es\/pt\/comprar\/cesped-artificial-pt\/decorativo-pt-3\/relva-artificial-navarra-37mm\/"]}]},{"@type":"ImageObject","inLanguage":"pt-PT","@id":"https:\/\/www.jardinartificial.es\/pt\/comprar\/cesped-artificial-pt\/decorativo-pt-3\/relva-artificial-navarra-37mm\/#primaryimage","url":"https:\/\/www.jardinartificial.es\/wp-content\/uploads\/2026\/01\/Cesped-Artificial-Pradera-37.webp","contentUrl":"https:\/\/www.jardinartificial.es\/wp-content\/uploads\/2026\/01\/Cesped-Artificial-Pradera-37.webp","width":1920,"height":1920,"caption":"Relva Artificial Pradera 37"},{"@type":"BreadcrumbList","@id":"https:\/\/www.jardinartificial.es\/pt\/comprar\/cesped-artificial-pt\/decorativo-pt-3\/relva-artificial-navarra-37mm\/#breadcrumb","itemListElement":[{"@type":"ListItem","position":1,"name":"Portada","item":"https:\/\/www.jardinartificial.es\/pt\/"},{"@type":"ListItem","position":2,"name":"Todos os produtos","item":"https:\/\/www.jardinartificial.es\/pt-pt\/todos-os-produtos\/"},{"@type":"ListItem","position":3,"name":"Relva Artificial Navarra 37mm"}]},{"@type":"WebSite","@id":"https:\/\/www.jardinartificial.es\/pt\/#website","url":"https:\/\/www.jardinartificial.es\/pt\/","name":"Jard\u00edn Artificial - Venta de C\u00e9sped Artficial","description":"C\u00e9sped Artificial barato al corte","publisher":{"@id":"https:\/\/www.jardinartificial.es\/pt\/#organization"},"potentialAction":[{"@type":"SearchAction","target":{"@type":"EntryPoint","urlTemplate":"https:\/\/www.jardinartificial.es\/pt\/?s={search_term_string}"},"query-input":{"@type":"PropertyValueSpecification","valueRequired":true,"valueName":"search_term_string"}}],"inLanguage":"pt-PT"},{"@type":"Organization","@id":"https:\/\/www.jardinartificial.es\/pt\/#organization","name":"Jard\u00edn Artificial","url":"https:\/\/www.jardinartificial.es\/pt\/","logo":{"@type":"ImageObject","inLanguage":"pt-PT","@id":"https:\/\/www.jardinartificial.es\/pt\/#\/schema\/logo\/image\/","url":"https:\/\/www.jardinartificial.es\/wp-content\/uploads\/2023\/03\/logotipo.svg","contentUrl":"https:\/\/www.jardinartificial.es\/wp-content\/uploads\/2023\/03\/logotipo.svg","width":187,"height":53,"caption":"Jard\u00edn Artificial"},"image":{"@id":"https:\/\/www.jardinartificial.es\/pt\/#\/schema\/logo\/image\/"}}]}},"_links":{"self":[{"href":"https:\/\/www.jardinartificial.es\/pt\/wp-json\/wp\/v2\/product\/77679","targetHints":{"allow":["GET"]}}],"collection":[{"href":"https:\/\/www.jardinartificial.es\/pt\/wp-json\/wp\/v2\/product"}],"about":[{"href":"https:\/\/www.jardinartificial.es\/pt\/wp-json\/wp\/v2\/types\/product"}],"replies":[{"embeddable":true,"href":"https:\/\/www.jardinartificial.es\/pt\/wp-json\/wp\/v2\/comments?post=77679"}],"wp:featuredmedia":[{"embeddable":true,"href":"https:\/\/www.jardinartificial.es\/pt\/wp-json\/wp\/v2\/media\/101319"}],"wp:attachment":[{"href":"https:\/\/www.jardinartificial.es\/pt\/wp-json\/wp\/v2\/media?parent=77679"}],"wp:term":[{"taxonomy":"product_brand","embeddable":true,"href":"https:\/\/www.jardinartificial.es\/pt\/wp-json\/wp\/v2\/product_brand?post=77679"},{"taxonomy":"product_cat","embeddable":true,"href":"https:\/\/www.jardinartificial.es\/pt\/wp-json\/wp\/v2\/product_cat?post=77679"},{"taxonomy":"product_tag","embeddable":true,"href":"https:\/\/www.jardinartificial.es\/pt\/wp-json\/wp\/v2\/product_tag?post=77679"}],"curies":[{"name":"wp","href":"https:\/\/api.w.org\/{rel}","templated":true}]}}