{"id":77669,"date":"2024-03-07T15:56:07","date_gmt":"2024-03-07T14:56:07","guid":{"rendered":"https:\/\/www.jardinartificial.es\/comprar\/sem%20categoria\/rede-geotextil-para-controlo-de-ervas-daninhas-160-gramas-2\/"},"modified":"2026-04-13T14:02:24","modified_gmt":"2026-04-13T12:02:24","slug":"rede-geotextil-para-controlo-de-ervas-daninhas-160-gramas","status":"publish","type":"product","link":"https:\/\/www.jardinartificial.es\/pt\/comprar\/accesorios-cesped-artificial-pt\/rede-geotextil-para-controlo-de-ervas-daninhas-160-gramas\/","title":{"rendered":"Rede geot\u00eaxtil para controlo de ervas daninhas, 160 gramas"},"content":{"rendered":"","protected":false},"excerpt":{"rendered":"<p><strong>Rede Geot\u00eaxtil para Controlo de Ervas Daninhas, Peso 160 g\/m\u00b2. <\/strong><\/p>\n<p>A rede anti-ervas \u00e9 uma rede que tem por objetivo <strong>impedir o crescimento de ervas dan<\/strong> inhas em locais onde n\u00e3o queremos que elas cres\u00e7am. A sua opacidade n\u00e3o permite a passagem da luz e impede o crescimento das ervas daninhas, mas \u00e9 suficientemente porosa para permitir o escoamento da \u00e1gua e evitar a forma\u00e7\u00e3o de po\u00e7as. <\/p>\n<p>Esta rede anti-relva do tipo geot\u00eaxtil, Peso 160, \u00e9 ideal para colocar debaixo da relva artificial para evitar o crescimento de ervas daninhas e permitir a passagem da \u00e1gua, algo que outros produtos de qualidade inferior n\u00e3o conseguem.<\/p>\n<p>De branco.<\/p>\n<p>\u00c9 vendido cortado e os rolos t\u00eam 2 metros de largura.<\/p>\n<p>Pre\u00e7o por metro quadrado.<\/p>\n","protected":false},"featured_media":101382,"comment_status":"open","ping_status":"closed","template":"","meta":{"_acf_changed":false},"product_brand":[],"product_cat":[765],"product_tag":[987],"class_list":{"0":"post-77669","1":"product","2":"type-product","3":"status-publish","4":"has-post-thumbnail","6":"product_cat-accesorios-cesped-artificial-pt","7":"product_tag-pt-2","8":"product_shipping_class-estandar-pt","9":"sales-flash-overlay","10":"woocommerce-text-align-center","11":"woocommerce-image-align-center","12":"do-quantity-buttons","13":"wc-has-gallery","15":"first","16":"instock","17":"taxable","18":"shipping-taxable","19":"purchasable","20":"product-type-simple"},"acf":{"":""},"gallery_images":[101078],"yoast_head":"<!-- This site is optimized with the Yoast SEO Premium plugin v27.4 (Yoast SEO v27.4) - https:\/\/yoast.com\/product\/yoast-seo-premium-wordpress\/ -->\n<title>Rede anti-ervas para relva artificial | Venta Online<\/title>\n<meta name=\"description\" content=\"Rede anti-relva com uma gramagem de 160 gramas, para ser utilizada sob a relva artificial. Os metros quadrados s\u00e3o vendidos ao corte. Rolos de 2 m de largura.\" \/>\n<meta name=\"robots\" content=\"index, follow, max-snippet:-1, max-image-preview:large, max-video-preview:-1\" \/>\n<link rel=\"canonical\" href=\"https:\/\/www.jardinartificial.es\/pt\/comprar\/accesorios-cesped-artificial-pt\/rede-geotextil-para-controlo-de-ervas-daninhas-160-gramas\/\" \/>\n<meta property=\"og:locale\" content=\"pt_PT\" \/>\n<meta property=\"og:type\" content=\"article\" \/>\n<meta property=\"og:title\" content=\"Rede geot\u00eaxtil para controlo de ervas daninhas, 160 gramas\" \/>\n<meta property=\"og:description\" content=\"Rede anti-relva com uma gramagem de 160 gramas, para ser utilizada sob a relva artificial. Os metros quadrados s\u00e3o vendidos ao corte. Rolos de 2 m de largura.\" \/>\n<meta property=\"og:url\" content=\"https:\/\/www.jardinartificial.es\/pt\/comprar\/accesorios-cesped-artificial-pt\/rede-geotextil-para-controlo-de-ervas-daninhas-160-gramas\/\" \/>\n<meta property=\"og:site_name\" content=\"Jardin Artificial\" \/>\n<meta property=\"article:modified_time\" content=\"2026-04-13T12:02:24+00:00\" \/>\n<meta property=\"og:image\" content=\"https:\/\/www.jardinartificial.es\/wp-content\/uploads\/2026\/01\/GeoTextil-DTL-Garden-160-g.jpeg\" \/>\n\t<meta property=\"og:image:width\" content=\"1479\" \/>\n\t<meta property=\"og:image:height\" content=\"1920\" \/>\n\t<meta property=\"og:image:type\" content=\"image\/jpeg\" \/>\n<meta name=\"twitter:card\" content=\"summary_large_image\" \/>\n<meta name=\"twitter:label1\" content=\"Tempo estimado de leitura\" \/>\n\t<meta name=\"twitter:data1\" content=\"1 minuto\" \/>\n<script type=\"application\/ld+json\" class=\"yoast-schema-graph\">{\"@context\":\"https:\\\/\\\/schema.org\",\"@graph\":[{\"@type\":\"WebPage\",\"@id\":\"https:\\\/\\\/www.jardinartificial.es\\\/pt\\\/comprar\\\/accesorios-cesped-artificial-pt\\\/rede-geotextil-para-controlo-de-ervas-daninhas-160-gramas\\\/\",\"url\":\"https:\\\/\\\/www.jardinartificial.es\\\/pt\\\/comprar\\\/accesorios-cesped-artificial-pt\\\/rede-geotextil-para-controlo-de-ervas-daninhas-160-gramas\\\/\",\"name\":\"Rede anti-ervas para relva artificial | Venta Online\",\"isPartOf\":{\"@id\":\"https:\\\/\\\/www.jardinartificial.es\\\/pt\\\/#website\"},\"primaryImageOfPage\":{\"@id\":\"https:\\\/\\\/www.jardinartificial.es\\\/pt\\\/comprar\\\/accesorios-cesped-artificial-pt\\\/rede-geotextil-para-controlo-de-ervas-daninhas-160-gramas\\\/#primaryimage\"},\"image\":{\"@id\":\"https:\\\/\\\/www.jardinartificial.es\\\/pt\\\/comprar\\\/accesorios-cesped-artificial-pt\\\/rede-geotextil-para-controlo-de-ervas-daninhas-160-gramas\\\/#primaryimage\"},\"thumbnailUrl\":\"https:\\\/\\\/www.jardinartificial.es\\\/wp-content\\\/uploads\\\/2026\\\/01\\\/GeoTextil-DTL-Garden-160-g.jpeg\",\"datePublished\":\"2024-03-07T14:56:07+00:00\",\"dateModified\":\"2026-04-13T12:02:24+00:00\",\"description\":\"Rede anti-relva com uma gramagem de 160 gramas, para ser utilizada sob a relva artificial. Os metros quadrados s\u00e3o vendidos ao corte. Rolos de 2 m de largura.\",\"breadcrumb\":{\"@id\":\"https:\\\/\\\/www.jardinartificial.es\\\/pt\\\/comprar\\\/accesorios-cesped-artificial-pt\\\/rede-geotextil-para-controlo-de-ervas-daninhas-160-gramas\\\/#breadcrumb\"},\"inLanguage\":\"pt-PT\",\"potentialAction\":[{\"@type\":\"ReadAction\",\"target\":[\"https:\\\/\\\/www.jardinartificial.es\\\/pt\\\/comprar\\\/accesorios-cesped-artificial-pt\\\/rede-geotextil-para-controlo-de-ervas-daninhas-160-gramas\\\/\"]}]},{\"@type\":\"ImageObject\",\"inLanguage\":\"pt-PT\",\"@id\":\"https:\\\/\\\/www.jardinartificial.es\\\/pt\\\/comprar\\\/accesorios-cesped-artificial-pt\\\/rede-geotextil-para-controlo-de-ervas-daninhas-160-gramas\\\/#primaryimage\",\"url\":\"https:\\\/\\\/www.jardinartificial.es\\\/wp-content\\\/uploads\\\/2026\\\/01\\\/GeoTextil-DTL-Garden-160-g.jpeg\",\"contentUrl\":\"https:\\\/\\\/www.jardinartificial.es\\\/wp-content\\\/uploads\\\/2026\\\/01\\\/GeoTextil-DTL-Garden-160-g.jpeg\",\"width\":1479,\"height\":1920,\"caption\":\"GeoTextil DTL Garden 160 g\"},{\"@type\":\"BreadcrumbList\",\"@id\":\"https:\\\/\\\/www.jardinartificial.es\\\/pt\\\/comprar\\\/accesorios-cesped-artificial-pt\\\/rede-geotextil-para-controlo-de-ervas-daninhas-160-gramas\\\/#breadcrumb\",\"itemListElement\":[{\"@type\":\"ListItem\",\"position\":1,\"name\":\"Portada\",\"item\":\"https:\\\/\\\/www.jardinartificial.es\\\/pt\\\/\"},{\"@type\":\"ListItem\",\"position\":2,\"name\":\"Todos os produtos\",\"item\":\"https:\\\/\\\/www.jardinartificial.es\\\/pt-pt\\\/todos-os-produtos\\\/\"},{\"@type\":\"ListItem\",\"position\":3,\"name\":\"Rede geot\u00eaxtil para controlo de ervas daninhas, 160 gramas\"}]},{\"@type\":\"WebSite\",\"@id\":\"https:\\\/\\\/www.jardinartificial.es\\\/pt\\\/#website\",\"url\":\"https:\\\/\\\/www.jardinartificial.es\\\/pt\\\/\",\"name\":\"Jard\u00edn Artificial - Venta de C\u00e9sped Artficial\",\"description\":\"C\u00e9sped Artificial barato al corte\",\"publisher\":{\"@id\":\"https:\\\/\\\/www.jardinartificial.es\\\/pt\\\/#organization\"},\"potentialAction\":[{\"@type\":\"SearchAction\",\"target\":{\"@type\":\"EntryPoint\",\"urlTemplate\":\"https:\\\/\\\/www.jardinartificial.es\\\/pt\\\/?s={search_term_string}\"},\"query-input\":{\"@type\":\"PropertyValueSpecification\",\"valueRequired\":true,\"valueName\":\"search_term_string\"}}],\"inLanguage\":\"pt-PT\"},{\"@type\":\"Organization\",\"@id\":\"https:\\\/\\\/www.jardinartificial.es\\\/pt\\\/#organization\",\"name\":\"Jard\u00edn Artificial\",\"url\":\"https:\\\/\\\/www.jardinartificial.es\\\/pt\\\/\",\"logo\":{\"@type\":\"ImageObject\",\"inLanguage\":\"pt-PT\",\"@id\":\"https:\\\/\\\/www.jardinartificial.es\\\/pt\\\/#\\\/schema\\\/logo\\\/image\\\/\",\"url\":\"https:\\\/\\\/www.jardinartificial.es\\\/wp-content\\\/uploads\\\/2023\\\/03\\\/logotipo.svg\",\"contentUrl\":\"https:\\\/\\\/www.jardinartificial.es\\\/wp-content\\\/uploads\\\/2023\\\/03\\\/logotipo.svg\",\"width\":187,\"height\":53,\"caption\":\"Jard\u00edn Artificial\"},\"image\":{\"@id\":\"https:\\\/\\\/www.jardinartificial.es\\\/pt\\\/#\\\/schema\\\/logo\\\/image\\\/\"}}]}<\/script>\n<!-- \/ Yoast SEO Premium plugin. -->","yoast_head_json":{"title":"Rede anti-ervas para relva artificial | Venta Online","description":"Rede anti-relva com uma gramagem de 160 gramas, para ser utilizada sob a relva artificial. Os metros quadrados s\u00e3o vendidos ao corte. Rolos de 2 m de largura.","robots":{"index":"index","follow":"follow","max-snippet":"max-snippet:-1","max-image-preview":"max-image-preview:large","max-video-preview":"max-video-preview:-1"},"canonical":"https:\/\/www.jardinartificial.es\/pt\/comprar\/accesorios-cesped-artificial-pt\/rede-geotextil-para-controlo-de-ervas-daninhas-160-gramas\/","og_locale":"pt_PT","og_type":"article","og_title":"Rede geot\u00eaxtil para controlo de ervas daninhas, 160 gramas","og_description":"Rede anti-relva com uma gramagem de 160 gramas, para ser utilizada sob a relva artificial. Os metros quadrados s\u00e3o vendidos ao corte. Rolos de 2 m de largura.","og_url":"https:\/\/www.jardinartificial.es\/pt\/comprar\/accesorios-cesped-artificial-pt\/rede-geotextil-para-controlo-de-ervas-daninhas-160-gramas\/","og_site_name":"Jardin Artificial","article_modified_time":"2026-04-13T12:02:24+00:00","og_image":[{"width":1479,"height":1920,"url":"https:\/\/www.jardinartificial.es\/wp-content\/uploads\/2026\/01\/GeoTextil-DTL-Garden-160-g.jpeg","type":"image\/jpeg"}],"twitter_card":"summary_large_image","twitter_misc":{"Tempo estimado de leitura":"1 minuto"},"schema":{"@context":"https:\/\/schema.org","@graph":[{"@type":"WebPage","@id":"https:\/\/www.jardinartificial.es\/pt\/comprar\/accesorios-cesped-artificial-pt\/rede-geotextil-para-controlo-de-ervas-daninhas-160-gramas\/","url":"https:\/\/www.jardinartificial.es\/pt\/comprar\/accesorios-cesped-artificial-pt\/rede-geotextil-para-controlo-de-ervas-daninhas-160-gramas\/","name":"Rede anti-ervas para relva artificial | Venta Online","isPartOf":{"@id":"https:\/\/www.jardinartificial.es\/pt\/#website"},"primaryImageOfPage":{"@id":"https:\/\/www.jardinartificial.es\/pt\/comprar\/accesorios-cesped-artificial-pt\/rede-geotextil-para-controlo-de-ervas-daninhas-160-gramas\/#primaryimage"},"image":{"@id":"https:\/\/www.jardinartificial.es\/pt\/comprar\/accesorios-cesped-artificial-pt\/rede-geotextil-para-controlo-de-ervas-daninhas-160-gramas\/#primaryimage"},"thumbnailUrl":"https:\/\/www.jardinartificial.es\/wp-content\/uploads\/2026\/01\/GeoTextil-DTL-Garden-160-g.jpeg","datePublished":"2024-03-07T14:56:07+00:00","dateModified":"2026-04-13T12:02:24+00:00","description":"Rede anti-relva com uma gramagem de 160 gramas, para ser utilizada sob a relva artificial. Os metros quadrados s\u00e3o vendidos ao corte. Rolos de 2 m de largura.","breadcrumb":{"@id":"https:\/\/www.jardinartificial.es\/pt\/comprar\/accesorios-cesped-artificial-pt\/rede-geotextil-para-controlo-de-ervas-daninhas-160-gramas\/#breadcrumb"},"inLanguage":"pt-PT","potentialAction":[{"@type":"ReadAction","target":["https:\/\/www.jardinartificial.es\/pt\/comprar\/accesorios-cesped-artificial-pt\/rede-geotextil-para-controlo-de-ervas-daninhas-160-gramas\/"]}]},{"@type":"ImageObject","inLanguage":"pt-PT","@id":"https:\/\/www.jardinartificial.es\/pt\/comprar\/accesorios-cesped-artificial-pt\/rede-geotextil-para-controlo-de-ervas-daninhas-160-gramas\/#primaryimage","url":"https:\/\/www.jardinartificial.es\/wp-content\/uploads\/2026\/01\/GeoTextil-DTL-Garden-160-g.jpeg","contentUrl":"https:\/\/www.jardinartificial.es\/wp-content\/uploads\/2026\/01\/GeoTextil-DTL-Garden-160-g.jpeg","width":1479,"height":1920,"caption":"GeoTextil DTL Garden 160 g"},{"@type":"BreadcrumbList","@id":"https:\/\/www.jardinartificial.es\/pt\/comprar\/accesorios-cesped-artificial-pt\/rede-geotextil-para-controlo-de-ervas-daninhas-160-gramas\/#breadcrumb","itemListElement":[{"@type":"ListItem","position":1,"name":"Portada","item":"https:\/\/www.jardinartificial.es\/pt\/"},{"@type":"ListItem","position":2,"name":"Todos os produtos","item":"https:\/\/www.jardinartificial.es\/pt-pt\/todos-os-produtos\/"},{"@type":"ListItem","position":3,"name":"Rede geot\u00eaxtil para controlo de ervas daninhas, 160 gramas"}]},{"@type":"WebSite","@id":"https:\/\/www.jardinartificial.es\/pt\/#website","url":"https:\/\/www.jardinartificial.es\/pt\/","name":"Jard\u00edn Artificial - Venta de C\u00e9sped Artficial","description":"C\u00e9sped Artificial barato al corte","publisher":{"@id":"https:\/\/www.jardinartificial.es\/pt\/#organization"},"potentialAction":[{"@type":"SearchAction","target":{"@type":"EntryPoint","urlTemplate":"https:\/\/www.jardinartificial.es\/pt\/?s={search_term_string}"},"query-input":{"@type":"PropertyValueSpecification","valueRequired":true,"valueName":"search_term_string"}}],"inLanguage":"pt-PT"},{"@type":"Organization","@id":"https:\/\/www.jardinartificial.es\/pt\/#organization","name":"Jard\u00edn Artificial","url":"https:\/\/www.jardinartificial.es\/pt\/","logo":{"@type":"ImageObject","inLanguage":"pt-PT","@id":"https:\/\/www.jardinartificial.es\/pt\/#\/schema\/logo\/image\/","url":"https:\/\/www.jardinartificial.es\/wp-content\/uploads\/2023\/03\/logotipo.svg","contentUrl":"https:\/\/www.jardinartificial.es\/wp-content\/uploads\/2023\/03\/logotipo.svg","width":187,"height":53,"caption":"Jard\u00edn Artificial"},"image":{"@id":"https:\/\/www.jardinartificial.es\/pt\/#\/schema\/logo\/image\/"}}]}},"_links":{"self":[{"href":"https:\/\/www.jardinartificial.es\/pt\/wp-json\/wp\/v2\/product\/77669","targetHints":{"allow":["GET"]}}],"collection":[{"href":"https:\/\/www.jardinartificial.es\/pt\/wp-json\/wp\/v2\/product"}],"about":[{"href":"https:\/\/www.jardinartificial.es\/pt\/wp-json\/wp\/v2\/types\/product"}],"replies":[{"embeddable":true,"href":"https:\/\/www.jardinartificial.es\/pt\/wp-json\/wp\/v2\/comments?post=77669"}],"wp:featuredmedia":[{"embeddable":true,"href":"https:\/\/www.jardinartificial.es\/pt\/wp-json\/wp\/v2\/media\/101382"}],"wp:attachment":[{"href":"https:\/\/www.jardinartificial.es\/pt\/wp-json\/wp\/v2\/media?parent=77669"}],"wp:term":[{"taxonomy":"product_brand","embeddable":true,"href":"https:\/\/www.jardinartificial.es\/pt\/wp-json\/wp\/v2\/product_brand?post=77669"},{"taxonomy":"product_cat","embeddable":true,"href":"https:\/\/www.jardinartificial.es\/pt\/wp-json\/wp\/v2\/product_cat?post=77669"},{"taxonomy":"product_tag","embeddable":true,"href":"https:\/\/www.jardinartificial.es\/pt\/wp-json\/wp\/v2\/product_tag?post=77669"}],"curies":[{"name":"wp","href":"https:\/\/api.w.org\/{rel}","templated":true}]}}