{"id":77658,"date":"2024-04-10T11:23:23","date_gmt":"2024-04-10T09:23:23","guid":{"rendered":"https:\/\/www.jardinartificial.es\/comprar\/sem%20categoria\/jardim-vertical-huelva-50x50-2\/"},"modified":"2026-04-13T14:00:14","modified_gmt":"2026-04-13T12:00:14","slug":"jardim-vertical-huelva-50x50","status":"publish","type":"product","link":"https:\/\/www.jardinartificial.es\/pt\/comprar\/jardin-vertical-artificial-pt\/eco-pt\/jardim-vertical-huelva-50x50\/","title":{"rendered":"Jardim vertical Huelva 50&#215;50"},"content":{"rendered":"","protected":false},"excerpt":{"rendered":"<p><strong>Jardim Vertical Huelva<\/strong><\/p>\n<p>Este jardim tem um design muito <strong>linear<\/strong>, com <strong>mini flores em tons de verde e amarelo para<\/strong> criar um efeito fresco e harmonioso. A disposi\u00e7\u00e3o simples e cuidada das flores torna este modelo perfeito para quem procura um jardim vertical elegante e discreto. <\/p>\n<p>O modelo Huelva \u00e9 ideal para quem quer um toque natural no seu espa\u00e7o sem se preocupar com a manuten\u00e7\u00e3o, pois o seu design \u00e9 f\u00e1cil de cuidar e muito dur\u00e1vel.<\/p>\n<ul>\n<li>Medidas 50 cm X 50 cm.<\/li>\n<li>Ideal para decora\u00e7\u00e3o de interiores e exteriores.<\/li>\n<li>Composi\u00e7\u00e3o da grelha: 100% HDPE.<\/li>\n<li>Composi\u00e7\u00e3o das folhas sint\u00e9ticas: 100% HDPE.<\/li>\n<li>Garantia UV e anti-desbotamento de 5 anos.<\/li>\n<\/ul>\n","protected":false},"featured_media":78499,"comment_status":"open","ping_status":"closed","template":"","meta":{"_acf_changed":false},"product_brand":[],"product_cat":[773,770],"product_tag":[987],"class_list":{"0":"post-77658","1":"product","2":"type-product","3":"status-publish","4":"has-post-thumbnail","6":"product_cat-eco-pt","7":"product_cat-jardin-vertical-artificial-pt","8":"product_tag-pt-2","9":"product_shipping_class-estandar-pt","10":"sales-flash-overlay","11":"woocommerce-text-align-center","12":"woocommerce-image-align-center","13":"do-quantity-buttons","15":"first","16":"instock","17":"taxable","18":"shipping-taxable","19":"purchasable","20":"product-type-simple"},"acf":{"":""},"gallery_images":[],"yoast_head":"<!-- This site is optimized with the Yoast SEO Premium plugin v27.4 (Yoast SEO v27.4) - https:\/\/yoast.com\/product\/yoast-seo-premium-wordpress\/ -->\n<title>Jardim vertical Huelva 50x50 | Jardin Artificial<\/title>\n<meta name=\"description\" content=\"Jardim vertical Huelva Fabricado em polietileno. Garantido por 5 anos contra os raios UV e a descolora\u00e7\u00e3o. Utiliza\u00e7\u00e3o no interior e exterior. Medidas 50 cm X 50 cm\" \/>\n<meta name=\"robots\" content=\"index, follow, max-snippet:-1, max-image-preview:large, max-video-preview:-1\" \/>\n<link rel=\"canonical\" href=\"https:\/\/www.jardinartificial.es\/pt\/comprar\/jardin-vertical-artificial-pt\/eco-pt\/jardim-vertical-huelva-50x50\/\" \/>\n<meta property=\"og:locale\" content=\"pt_PT\" \/>\n<meta property=\"og:type\" content=\"article\" \/>\n<meta property=\"og:title\" content=\"Jardim vertical Huelva 50x50\" \/>\n<meta property=\"og:description\" content=\"Jardim vertical Huelva Fabricado em polietileno. Garantido por 5 anos contra os raios UV e a descolora\u00e7\u00e3o. Utiliza\u00e7\u00e3o no interior e exterior. Medidas 50 cm X 50 cm\" \/>\n<meta property=\"og:url\" content=\"https:\/\/www.jardinartificial.es\/pt\/comprar\/jardin-vertical-artificial-pt\/eco-pt\/jardim-vertical-huelva-50x50\/\" \/>\n<meta property=\"og:site_name\" content=\"Jardin Artificial\" \/>\n<meta property=\"article:modified_time\" content=\"2026-04-13T12:00:14+00:00\" \/>\n<meta property=\"og:image\" content=\"https:\/\/www.jardinartificial.es\/wp-content\/uploads\/2024\/04\/JV_HUELVA50X50-scaled.jpg\" \/>\n\t<meta property=\"og:image:width\" content=\"2560\" \/>\n\t<meta property=\"og:image:height\" content=\"2560\" \/>\n\t<meta property=\"og:image:type\" content=\"image\/jpeg\" \/>\n<meta name=\"twitter:card\" content=\"summary_large_image\" \/>\n<meta name=\"twitter:label1\" content=\"Tempo estimado de leitura\" \/>\n\t<meta name=\"twitter:data1\" content=\"1 minuto\" \/>\n<script type=\"application\/ld+json\" class=\"yoast-schema-graph\">{\"@context\":\"https:\\\/\\\/schema.org\",\"@graph\":[{\"@type\":\"WebPage\",\"@id\":\"https:\\\/\\\/www.jardinartificial.es\\\/pt\\\/comprar\\\/jardin-vertical-artificial-pt\\\/eco-pt\\\/jardim-vertical-huelva-50x50\\\/\",\"url\":\"https:\\\/\\\/www.jardinartificial.es\\\/pt\\\/comprar\\\/jardin-vertical-artificial-pt\\\/eco-pt\\\/jardim-vertical-huelva-50x50\\\/\",\"name\":\"Jardim vertical Huelva 50x50 | Jardin Artificial\",\"isPartOf\":{\"@id\":\"https:\\\/\\\/www.jardinartificial.es\\\/pt\\\/#website\"},\"primaryImageOfPage\":{\"@id\":\"https:\\\/\\\/www.jardinartificial.es\\\/pt\\\/comprar\\\/jardin-vertical-artificial-pt\\\/eco-pt\\\/jardim-vertical-huelva-50x50\\\/#primaryimage\"},\"image\":{\"@id\":\"https:\\\/\\\/www.jardinartificial.es\\\/pt\\\/comprar\\\/jardin-vertical-artificial-pt\\\/eco-pt\\\/jardim-vertical-huelva-50x50\\\/#primaryimage\"},\"thumbnailUrl\":\"https:\\\/\\\/www.jardinartificial.es\\\/wp-content\\\/uploads\\\/2024\\\/04\\\/JV_HUELVA50X50-scaled.jpg\",\"datePublished\":\"2024-04-10T09:23:23+00:00\",\"dateModified\":\"2026-04-13T12:00:14+00:00\",\"description\":\"Jardim vertical Huelva Fabricado em polietileno. Garantido por 5 anos contra os raios UV e a descolora\u00e7\u00e3o. Utiliza\u00e7\u00e3o no interior e exterior. Medidas 50 cm X 50 cm\",\"breadcrumb\":{\"@id\":\"https:\\\/\\\/www.jardinartificial.es\\\/pt\\\/comprar\\\/jardin-vertical-artificial-pt\\\/eco-pt\\\/jardim-vertical-huelva-50x50\\\/#breadcrumb\"},\"inLanguage\":\"pt-PT\",\"potentialAction\":[{\"@type\":\"ReadAction\",\"target\":[\"https:\\\/\\\/www.jardinartificial.es\\\/pt\\\/comprar\\\/jardin-vertical-artificial-pt\\\/eco-pt\\\/jardim-vertical-huelva-50x50\\\/\"]}]},{\"@type\":\"ImageObject\",\"inLanguage\":\"pt-PT\",\"@id\":\"https:\\\/\\\/www.jardinartificial.es\\\/pt\\\/comprar\\\/jardin-vertical-artificial-pt\\\/eco-pt\\\/jardim-vertical-huelva-50x50\\\/#primaryimage\",\"url\":\"https:\\\/\\\/www.jardinartificial.es\\\/wp-content\\\/uploads\\\/2024\\\/04\\\/JV_HUELVA50X50-scaled.jpg\",\"contentUrl\":\"https:\\\/\\\/www.jardinartificial.es\\\/wp-content\\\/uploads\\\/2024\\\/04\\\/JV_HUELVA50X50-scaled.jpg\",\"width\":2560,\"height\":2560,\"caption\":\"Jardim Vertical Artificial Huelva\"},{\"@type\":\"BreadcrumbList\",\"@id\":\"https:\\\/\\\/www.jardinartificial.es\\\/pt\\\/comprar\\\/jardin-vertical-artificial-pt\\\/eco-pt\\\/jardim-vertical-huelva-50x50\\\/#breadcrumb\",\"itemListElement\":[{\"@type\":\"ListItem\",\"position\":1,\"name\":\"Portada\",\"item\":\"https:\\\/\\\/www.jardinartificial.es\\\/pt\\\/\"},{\"@type\":\"ListItem\",\"position\":2,\"name\":\"Todos os produtos\",\"item\":\"https:\\\/\\\/www.jardinartificial.es\\\/pt-pt\\\/todos-os-produtos\\\/\"},{\"@type\":\"ListItem\",\"position\":3,\"name\":\"Jardim vertical Huelva 50&#215;50\"}]},{\"@type\":\"WebSite\",\"@id\":\"https:\\\/\\\/www.jardinartificial.es\\\/pt\\\/#website\",\"url\":\"https:\\\/\\\/www.jardinartificial.es\\\/pt\\\/\",\"name\":\"Jard\u00edn Artificial - Venta de C\u00e9sped Artficial\",\"description\":\"C\u00e9sped Artificial barato al corte\",\"publisher\":{\"@id\":\"https:\\\/\\\/www.jardinartificial.es\\\/pt\\\/#organization\"},\"potentialAction\":[{\"@type\":\"SearchAction\",\"target\":{\"@type\":\"EntryPoint\",\"urlTemplate\":\"https:\\\/\\\/www.jardinartificial.es\\\/pt\\\/?s={search_term_string}\"},\"query-input\":{\"@type\":\"PropertyValueSpecification\",\"valueRequired\":true,\"valueName\":\"search_term_string\"}}],\"inLanguage\":\"pt-PT\"},{\"@type\":\"Organization\",\"@id\":\"https:\\\/\\\/www.jardinartificial.es\\\/pt\\\/#organization\",\"name\":\"Jard\u00edn Artificial\",\"url\":\"https:\\\/\\\/www.jardinartificial.es\\\/pt\\\/\",\"logo\":{\"@type\":\"ImageObject\",\"inLanguage\":\"pt-PT\",\"@id\":\"https:\\\/\\\/www.jardinartificial.es\\\/pt\\\/#\\\/schema\\\/logo\\\/image\\\/\",\"url\":\"https:\\\/\\\/www.jardinartificial.es\\\/wp-content\\\/uploads\\\/2023\\\/03\\\/logotipo.svg\",\"contentUrl\":\"https:\\\/\\\/www.jardinartificial.es\\\/wp-content\\\/uploads\\\/2023\\\/03\\\/logotipo.svg\",\"width\":187,\"height\":53,\"caption\":\"Jard\u00edn Artificial\"},\"image\":{\"@id\":\"https:\\\/\\\/www.jardinartificial.es\\\/pt\\\/#\\\/schema\\\/logo\\\/image\\\/\"}}]}<\/script>\n<!-- \/ Yoast SEO Premium plugin. -->","yoast_head_json":{"title":"Jardim vertical Huelva 50x50 | Jardin Artificial","description":"Jardim vertical Huelva Fabricado em polietileno. Garantido por 5 anos contra os raios UV e a descolora\u00e7\u00e3o. Utiliza\u00e7\u00e3o no interior e exterior. Medidas 50 cm X 50 cm","robots":{"index":"index","follow":"follow","max-snippet":"max-snippet:-1","max-image-preview":"max-image-preview:large","max-video-preview":"max-video-preview:-1"},"canonical":"https:\/\/www.jardinartificial.es\/pt\/comprar\/jardin-vertical-artificial-pt\/eco-pt\/jardim-vertical-huelva-50x50\/","og_locale":"pt_PT","og_type":"article","og_title":"Jardim vertical Huelva 50x50","og_description":"Jardim vertical Huelva Fabricado em polietileno. Garantido por 5 anos contra os raios UV e a descolora\u00e7\u00e3o. Utiliza\u00e7\u00e3o no interior e exterior. Medidas 50 cm X 50 cm","og_url":"https:\/\/www.jardinartificial.es\/pt\/comprar\/jardin-vertical-artificial-pt\/eco-pt\/jardim-vertical-huelva-50x50\/","og_site_name":"Jardin Artificial","article_modified_time":"2026-04-13T12:00:14+00:00","og_image":[{"width":2560,"height":2560,"url":"https:\/\/www.jardinartificial.es\/wp-content\/uploads\/2024\/04\/JV_HUELVA50X50-scaled.jpg","type":"image\/jpeg"}],"twitter_card":"summary_large_image","twitter_misc":{"Tempo estimado de leitura":"1 minuto"},"schema":{"@context":"https:\/\/schema.org","@graph":[{"@type":"WebPage","@id":"https:\/\/www.jardinartificial.es\/pt\/comprar\/jardin-vertical-artificial-pt\/eco-pt\/jardim-vertical-huelva-50x50\/","url":"https:\/\/www.jardinartificial.es\/pt\/comprar\/jardin-vertical-artificial-pt\/eco-pt\/jardim-vertical-huelva-50x50\/","name":"Jardim vertical Huelva 50x50 | Jardin Artificial","isPartOf":{"@id":"https:\/\/www.jardinartificial.es\/pt\/#website"},"primaryImageOfPage":{"@id":"https:\/\/www.jardinartificial.es\/pt\/comprar\/jardin-vertical-artificial-pt\/eco-pt\/jardim-vertical-huelva-50x50\/#primaryimage"},"image":{"@id":"https:\/\/www.jardinartificial.es\/pt\/comprar\/jardin-vertical-artificial-pt\/eco-pt\/jardim-vertical-huelva-50x50\/#primaryimage"},"thumbnailUrl":"https:\/\/www.jardinartificial.es\/wp-content\/uploads\/2024\/04\/JV_HUELVA50X50-scaled.jpg","datePublished":"2024-04-10T09:23:23+00:00","dateModified":"2026-04-13T12:00:14+00:00","description":"Jardim vertical Huelva Fabricado em polietileno. Garantido por 5 anos contra os raios UV e a descolora\u00e7\u00e3o. Utiliza\u00e7\u00e3o no interior e exterior. Medidas 50 cm X 50 cm","breadcrumb":{"@id":"https:\/\/www.jardinartificial.es\/pt\/comprar\/jardin-vertical-artificial-pt\/eco-pt\/jardim-vertical-huelva-50x50\/#breadcrumb"},"inLanguage":"pt-PT","potentialAction":[{"@type":"ReadAction","target":["https:\/\/www.jardinartificial.es\/pt\/comprar\/jardin-vertical-artificial-pt\/eco-pt\/jardim-vertical-huelva-50x50\/"]}]},{"@type":"ImageObject","inLanguage":"pt-PT","@id":"https:\/\/www.jardinartificial.es\/pt\/comprar\/jardin-vertical-artificial-pt\/eco-pt\/jardim-vertical-huelva-50x50\/#primaryimage","url":"https:\/\/www.jardinartificial.es\/wp-content\/uploads\/2024\/04\/JV_HUELVA50X50-scaled.jpg","contentUrl":"https:\/\/www.jardinartificial.es\/wp-content\/uploads\/2024\/04\/JV_HUELVA50X50-scaled.jpg","width":2560,"height":2560,"caption":"Jardim Vertical Artificial Huelva"},{"@type":"BreadcrumbList","@id":"https:\/\/www.jardinartificial.es\/pt\/comprar\/jardin-vertical-artificial-pt\/eco-pt\/jardim-vertical-huelva-50x50\/#breadcrumb","itemListElement":[{"@type":"ListItem","position":1,"name":"Portada","item":"https:\/\/www.jardinartificial.es\/pt\/"},{"@type":"ListItem","position":2,"name":"Todos os produtos","item":"https:\/\/www.jardinartificial.es\/pt-pt\/todos-os-produtos\/"},{"@type":"ListItem","position":3,"name":"Jardim vertical Huelva 50&#215;50"}]},{"@type":"WebSite","@id":"https:\/\/www.jardinartificial.es\/pt\/#website","url":"https:\/\/www.jardinartificial.es\/pt\/","name":"Jard\u00edn Artificial - Venta de C\u00e9sped Artficial","description":"C\u00e9sped Artificial barato al corte","publisher":{"@id":"https:\/\/www.jardinartificial.es\/pt\/#organization"},"potentialAction":[{"@type":"SearchAction","target":{"@type":"EntryPoint","urlTemplate":"https:\/\/www.jardinartificial.es\/pt\/?s={search_term_string}"},"query-input":{"@type":"PropertyValueSpecification","valueRequired":true,"valueName":"search_term_string"}}],"inLanguage":"pt-PT"},{"@type":"Organization","@id":"https:\/\/www.jardinartificial.es\/pt\/#organization","name":"Jard\u00edn Artificial","url":"https:\/\/www.jardinartificial.es\/pt\/","logo":{"@type":"ImageObject","inLanguage":"pt-PT","@id":"https:\/\/www.jardinartificial.es\/pt\/#\/schema\/logo\/image\/","url":"https:\/\/www.jardinartificial.es\/wp-content\/uploads\/2023\/03\/logotipo.svg","contentUrl":"https:\/\/www.jardinartificial.es\/wp-content\/uploads\/2023\/03\/logotipo.svg","width":187,"height":53,"caption":"Jard\u00edn Artificial"},"image":{"@id":"https:\/\/www.jardinartificial.es\/pt\/#\/schema\/logo\/image\/"}}]}},"_links":{"self":[{"href":"https:\/\/www.jardinartificial.es\/pt\/wp-json\/wp\/v2\/product\/77658","targetHints":{"allow":["GET"]}}],"collection":[{"href":"https:\/\/www.jardinartificial.es\/pt\/wp-json\/wp\/v2\/product"}],"about":[{"href":"https:\/\/www.jardinartificial.es\/pt\/wp-json\/wp\/v2\/types\/product"}],"replies":[{"embeddable":true,"href":"https:\/\/www.jardinartificial.es\/pt\/wp-json\/wp\/v2\/comments?post=77658"}],"wp:featuredmedia":[{"embeddable":true,"href":"https:\/\/www.jardinartificial.es\/pt\/wp-json\/wp\/v2\/media\/78499"}],"wp:attachment":[{"href":"https:\/\/www.jardinartificial.es\/pt\/wp-json\/wp\/v2\/media?parent=77658"}],"wp:term":[{"taxonomy":"product_brand","embeddable":true,"href":"https:\/\/www.jardinartificial.es\/pt\/wp-json\/wp\/v2\/product_brand?post=77658"},{"taxonomy":"product_cat","embeddable":true,"href":"https:\/\/www.jardinartificial.es\/pt\/wp-json\/wp\/v2\/product_cat?post=77658"},{"taxonomy":"product_tag","embeddable":true,"href":"https:\/\/www.jardinartificial.es\/pt\/wp-json\/wp\/v2\/product_tag?post=77658"}],"curies":[{"name":"wp","href":"https:\/\/api.w.org\/{rel}","templated":true}]}}