{"id":77648,"date":"2024-04-25T11:34:31","date_gmt":"2024-04-25T09:34:31","guid":{"rendered":"https:\/\/www.jardinartificial.es\/comprar\/sem%20categoria\/verde-nao-adesivo-2\/"},"modified":"2026-04-13T14:02:54","modified_gmt":"2026-04-13T12:02:54","slug":"verde-nao-adesivo","status":"publish","type":"product","link":"https:\/\/www.jardinartificial.es\/pt\/comprar\/accesorios-cesped-artificial-pt\/verde-nao-adesivo\/","title":{"rendered":"Verde 20cm X 10mtrs (N\u00e3o adesivo)"},"content":{"rendered":"","protected":false},"excerpt":{"rendered":"<p><strong>Verde (n\u00e3o adesivo)<\/strong><\/p>\n<p>Fita de jun\u00e7\u00e3o espec\u00edfica para a jun\u00e7\u00e3o de relva artificial. Devido \u00e0 sua cor verde, camufla muito melhor a jun\u00e7\u00e3o entre as pe\u00e7as de relva. <\/p>\n<p>A tira de uni\u00e3o n\u00e3o \u00e9 adesiva, \u00e9 necess\u00e1rio aplicar cola\/adesivo sobre ela.<\/p>\n<p>Medidas: 20 cm de largura por 10 metros de comprimento.<\/p>\n","protected":false},"featured_media":101092,"comment_status":"open","ping_status":"closed","template":"","meta":{"_acf_changed":false},"product_brand":[],"product_cat":[765],"product_tag":[987],"class_list":{"0":"post-77648","1":"product","2":"type-product","3":"status-publish","4":"has-post-thumbnail","6":"product_cat-accesorios-cesped-artificial-pt","7":"product_tag-pt-2","8":"product_shipping_class-basico-pt-2","9":"sales-flash-overlay","10":"woocommerce-text-align-center","11":"woocommerce-image-align-center","12":"do-quantity-buttons","13":"wc-has-gallery","15":"first","16":"instock","17":"taxable","18":"shipping-taxable","19":"purchasable","20":"product-type-simple"},"acf":{"":""},"gallery_images":[100942,100943],"yoast_head":"<!-- This site is optimized with the Yoast SEO Premium plugin v27.4 (Yoast SEO v27.4) - https:\/\/yoast.com\/product\/yoast-seo-premium-wordpress\/ -->\n<title>Verde 20cm X 10mtrs (N\u00e3o adesivo) | Compra online de relva artificial<\/title>\n<meta name=\"description\" content=\"Fita de jun\u00e7\u00e3o espec\u00edfica para a jun\u00e7\u00e3o de relva artificial na cor verde. Apresenta-se em cortes de 20 cm de largura por 10 m de comprimento. Compra online.\" \/>\n<meta name=\"robots\" content=\"index, follow, max-snippet:-1, max-image-preview:large, max-video-preview:-1\" \/>\n<link rel=\"canonical\" href=\"https:\/\/www.jardinartificial.es\/pt\/comprar\/accesorios-cesped-artificial-pt\/verde-nao-adesivo\/\" \/>\n<meta property=\"og:locale\" content=\"pt_PT\" \/>\n<meta property=\"og:type\" content=\"article\" \/>\n<meta property=\"og:title\" content=\"Verde 20cm X 10mtrs (N\u00e3o adesivo)\" \/>\n<meta property=\"og:description\" content=\"Fita de jun\u00e7\u00e3o espec\u00edfica para a jun\u00e7\u00e3o de relva artificial na cor verde. Apresenta-se em cortes de 20 cm de largura por 10 m de comprimento. Compra online.\" \/>\n<meta property=\"og:url\" content=\"https:\/\/www.jardinartificial.es\/pt\/comprar\/accesorios-cesped-artificial-pt\/verde-nao-adesivo\/\" \/>\n<meta property=\"og:site_name\" content=\"Jardin Artificial\" \/>\n<meta property=\"article:modified_time\" content=\"2026-04-13T12:02:54+00:00\" \/>\n<meta property=\"og:image\" content=\"https:\/\/www.jardinartificial.es\/wp-content\/uploads\/2026\/01\/Banda-de-union-Green-20-cm.jpeg\" \/>\n\t<meta property=\"og:image:width\" content=\"1482\" \/>\n\t<meta property=\"og:image:height\" content=\"1498\" \/>\n\t<meta property=\"og:image:type\" content=\"image\/jpeg\" \/>\n<meta name=\"twitter:card\" content=\"summary_large_image\" \/>\n<meta name=\"twitter:label1\" content=\"Tempo estimado de leitura\" \/>\n\t<meta name=\"twitter:data1\" content=\"1 minuto\" \/>\n<script type=\"application\/ld+json\" class=\"yoast-schema-graph\">{\"@context\":\"https:\\\/\\\/schema.org\",\"@graph\":[{\"@type\":\"WebPage\",\"@id\":\"https:\\\/\\\/www.jardinartificial.es\\\/pt\\\/comprar\\\/accesorios-cesped-artificial-pt\\\/verde-nao-adesivo\\\/\",\"url\":\"https:\\\/\\\/www.jardinartificial.es\\\/pt\\\/comprar\\\/accesorios-cesped-artificial-pt\\\/verde-nao-adesivo\\\/\",\"name\":\"Verde 20cm X 10mtrs (N\u00e3o adesivo) | Compra online de relva artificial\",\"isPartOf\":{\"@id\":\"https:\\\/\\\/www.jardinartificial.es\\\/pt\\\/#website\"},\"primaryImageOfPage\":{\"@id\":\"https:\\\/\\\/www.jardinartificial.es\\\/pt\\\/comprar\\\/accesorios-cesped-artificial-pt\\\/verde-nao-adesivo\\\/#primaryimage\"},\"image\":{\"@id\":\"https:\\\/\\\/www.jardinartificial.es\\\/pt\\\/comprar\\\/accesorios-cesped-artificial-pt\\\/verde-nao-adesivo\\\/#primaryimage\"},\"thumbnailUrl\":\"https:\\\/\\\/www.jardinartificial.es\\\/wp-content\\\/uploads\\\/2026\\\/01\\\/Banda-de-union-Green-20-cm.jpeg\",\"datePublished\":\"2024-04-25T09:34:31+00:00\",\"dateModified\":\"2026-04-13T12:02:54+00:00\",\"description\":\"Fita de jun\u00e7\u00e3o espec\u00edfica para a jun\u00e7\u00e3o de relva artificial na cor verde. Apresenta-se em cortes de 20 cm de largura por 10 m de comprimento. Compra online.\",\"breadcrumb\":{\"@id\":\"https:\\\/\\\/www.jardinartificial.es\\\/pt\\\/comprar\\\/accesorios-cesped-artificial-pt\\\/verde-nao-adesivo\\\/#breadcrumb\"},\"inLanguage\":\"pt-PT\",\"potentialAction\":[{\"@type\":\"ReadAction\",\"target\":[\"https:\\\/\\\/www.jardinartificial.es\\\/pt\\\/comprar\\\/accesorios-cesped-artificial-pt\\\/verde-nao-adesivo\\\/\"]}]},{\"@type\":\"ImageObject\",\"inLanguage\":\"pt-PT\",\"@id\":\"https:\\\/\\\/www.jardinartificial.es\\\/pt\\\/comprar\\\/accesorios-cesped-artificial-pt\\\/verde-nao-adesivo\\\/#primaryimage\",\"url\":\"https:\\\/\\\/www.jardinartificial.es\\\/wp-content\\\/uploads\\\/2026\\\/01\\\/Banda-de-union-Green-20-cm.jpeg\",\"contentUrl\":\"https:\\\/\\\/www.jardinartificial.es\\\/wp-content\\\/uploads\\\/2026\\\/01\\\/Banda-de-union-Green-20-cm.jpeg\",\"width\":1482,\"height\":1498,\"caption\":\"Banda de uni\u00f3n Green 20 cm\"},{\"@type\":\"BreadcrumbList\",\"@id\":\"https:\\\/\\\/www.jardinartificial.es\\\/pt\\\/comprar\\\/accesorios-cesped-artificial-pt\\\/verde-nao-adesivo\\\/#breadcrumb\",\"itemListElement\":[{\"@type\":\"ListItem\",\"position\":1,\"name\":\"Portada\",\"item\":\"https:\\\/\\\/www.jardinartificial.es\\\/pt\\\/\"},{\"@type\":\"ListItem\",\"position\":2,\"name\":\"Todos os produtos\",\"item\":\"https:\\\/\\\/www.jardinartificial.es\\\/pt-pt\\\/todos-os-produtos\\\/\"},{\"@type\":\"ListItem\",\"position\":3,\"name\":\"Verde 20cm X 10mtrs (N\u00e3o adesivo)\"}]},{\"@type\":\"WebSite\",\"@id\":\"https:\\\/\\\/www.jardinartificial.es\\\/pt\\\/#website\",\"url\":\"https:\\\/\\\/www.jardinartificial.es\\\/pt\\\/\",\"name\":\"Jard\u00edn Artificial - Venta de C\u00e9sped Artficial\",\"description\":\"C\u00e9sped Artificial barato al corte\",\"publisher\":{\"@id\":\"https:\\\/\\\/www.jardinartificial.es\\\/pt\\\/#organization\"},\"potentialAction\":[{\"@type\":\"SearchAction\",\"target\":{\"@type\":\"EntryPoint\",\"urlTemplate\":\"https:\\\/\\\/www.jardinartificial.es\\\/pt\\\/?s={search_term_string}\"},\"query-input\":{\"@type\":\"PropertyValueSpecification\",\"valueRequired\":true,\"valueName\":\"search_term_string\"}}],\"inLanguage\":\"pt-PT\"},{\"@type\":\"Organization\",\"@id\":\"https:\\\/\\\/www.jardinartificial.es\\\/pt\\\/#organization\",\"name\":\"Jard\u00edn Artificial\",\"url\":\"https:\\\/\\\/www.jardinartificial.es\\\/pt\\\/\",\"logo\":{\"@type\":\"ImageObject\",\"inLanguage\":\"pt-PT\",\"@id\":\"https:\\\/\\\/www.jardinartificial.es\\\/pt\\\/#\\\/schema\\\/logo\\\/image\\\/\",\"url\":\"https:\\\/\\\/www.jardinartificial.es\\\/wp-content\\\/uploads\\\/2023\\\/03\\\/logotipo.svg\",\"contentUrl\":\"https:\\\/\\\/www.jardinartificial.es\\\/wp-content\\\/uploads\\\/2023\\\/03\\\/logotipo.svg\",\"width\":187,\"height\":53,\"caption\":\"Jard\u00edn Artificial\"},\"image\":{\"@id\":\"https:\\\/\\\/www.jardinartificial.es\\\/pt\\\/#\\\/schema\\\/logo\\\/image\\\/\"}}]}<\/script>\n<!-- \/ Yoast SEO Premium plugin. -->","yoast_head_json":{"title":"Verde 20cm X 10mtrs (N\u00e3o adesivo) | Compra online de relva artificial","description":"Fita de jun\u00e7\u00e3o espec\u00edfica para a jun\u00e7\u00e3o de relva artificial na cor verde. Apresenta-se em cortes de 20 cm de largura por 10 m de comprimento. Compra online.","robots":{"index":"index","follow":"follow","max-snippet":"max-snippet:-1","max-image-preview":"max-image-preview:large","max-video-preview":"max-video-preview:-1"},"canonical":"https:\/\/www.jardinartificial.es\/pt\/comprar\/accesorios-cesped-artificial-pt\/verde-nao-adesivo\/","og_locale":"pt_PT","og_type":"article","og_title":"Verde 20cm X 10mtrs (N\u00e3o adesivo)","og_description":"Fita de jun\u00e7\u00e3o espec\u00edfica para a jun\u00e7\u00e3o de relva artificial na cor verde. Apresenta-se em cortes de 20 cm de largura por 10 m de comprimento. Compra online.","og_url":"https:\/\/www.jardinartificial.es\/pt\/comprar\/accesorios-cesped-artificial-pt\/verde-nao-adesivo\/","og_site_name":"Jardin Artificial","article_modified_time":"2026-04-13T12:02:54+00:00","og_image":[{"width":1482,"height":1498,"url":"https:\/\/www.jardinartificial.es\/wp-content\/uploads\/2026\/01\/Banda-de-union-Green-20-cm.jpeg","type":"image\/jpeg"}],"twitter_card":"summary_large_image","twitter_misc":{"Tempo estimado de leitura":"1 minuto"},"schema":{"@context":"https:\/\/schema.org","@graph":[{"@type":"WebPage","@id":"https:\/\/www.jardinartificial.es\/pt\/comprar\/accesorios-cesped-artificial-pt\/verde-nao-adesivo\/","url":"https:\/\/www.jardinartificial.es\/pt\/comprar\/accesorios-cesped-artificial-pt\/verde-nao-adesivo\/","name":"Verde 20cm X 10mtrs (N\u00e3o adesivo) | Compra online de relva artificial","isPartOf":{"@id":"https:\/\/www.jardinartificial.es\/pt\/#website"},"primaryImageOfPage":{"@id":"https:\/\/www.jardinartificial.es\/pt\/comprar\/accesorios-cesped-artificial-pt\/verde-nao-adesivo\/#primaryimage"},"image":{"@id":"https:\/\/www.jardinartificial.es\/pt\/comprar\/accesorios-cesped-artificial-pt\/verde-nao-adesivo\/#primaryimage"},"thumbnailUrl":"https:\/\/www.jardinartificial.es\/wp-content\/uploads\/2026\/01\/Banda-de-union-Green-20-cm.jpeg","datePublished":"2024-04-25T09:34:31+00:00","dateModified":"2026-04-13T12:02:54+00:00","description":"Fita de jun\u00e7\u00e3o espec\u00edfica para a jun\u00e7\u00e3o de relva artificial na cor verde. Apresenta-se em cortes de 20 cm de largura por 10 m de comprimento. Compra online.","breadcrumb":{"@id":"https:\/\/www.jardinartificial.es\/pt\/comprar\/accesorios-cesped-artificial-pt\/verde-nao-adesivo\/#breadcrumb"},"inLanguage":"pt-PT","potentialAction":[{"@type":"ReadAction","target":["https:\/\/www.jardinartificial.es\/pt\/comprar\/accesorios-cesped-artificial-pt\/verde-nao-adesivo\/"]}]},{"@type":"ImageObject","inLanguage":"pt-PT","@id":"https:\/\/www.jardinartificial.es\/pt\/comprar\/accesorios-cesped-artificial-pt\/verde-nao-adesivo\/#primaryimage","url":"https:\/\/www.jardinartificial.es\/wp-content\/uploads\/2026\/01\/Banda-de-union-Green-20-cm.jpeg","contentUrl":"https:\/\/www.jardinartificial.es\/wp-content\/uploads\/2026\/01\/Banda-de-union-Green-20-cm.jpeg","width":1482,"height":1498,"caption":"Banda de uni\u00f3n Green 20 cm"},{"@type":"BreadcrumbList","@id":"https:\/\/www.jardinartificial.es\/pt\/comprar\/accesorios-cesped-artificial-pt\/verde-nao-adesivo\/#breadcrumb","itemListElement":[{"@type":"ListItem","position":1,"name":"Portada","item":"https:\/\/www.jardinartificial.es\/pt\/"},{"@type":"ListItem","position":2,"name":"Todos os produtos","item":"https:\/\/www.jardinartificial.es\/pt-pt\/todos-os-produtos\/"},{"@type":"ListItem","position":3,"name":"Verde 20cm X 10mtrs (N\u00e3o adesivo)"}]},{"@type":"WebSite","@id":"https:\/\/www.jardinartificial.es\/pt\/#website","url":"https:\/\/www.jardinartificial.es\/pt\/","name":"Jard\u00edn Artificial - Venta de C\u00e9sped Artficial","description":"C\u00e9sped Artificial barato al corte","publisher":{"@id":"https:\/\/www.jardinartificial.es\/pt\/#organization"},"potentialAction":[{"@type":"SearchAction","target":{"@type":"EntryPoint","urlTemplate":"https:\/\/www.jardinartificial.es\/pt\/?s={search_term_string}"},"query-input":{"@type":"PropertyValueSpecification","valueRequired":true,"valueName":"search_term_string"}}],"inLanguage":"pt-PT"},{"@type":"Organization","@id":"https:\/\/www.jardinartificial.es\/pt\/#organization","name":"Jard\u00edn Artificial","url":"https:\/\/www.jardinartificial.es\/pt\/","logo":{"@type":"ImageObject","inLanguage":"pt-PT","@id":"https:\/\/www.jardinartificial.es\/pt\/#\/schema\/logo\/image\/","url":"https:\/\/www.jardinartificial.es\/wp-content\/uploads\/2023\/03\/logotipo.svg","contentUrl":"https:\/\/www.jardinartificial.es\/wp-content\/uploads\/2023\/03\/logotipo.svg","width":187,"height":53,"caption":"Jard\u00edn Artificial"},"image":{"@id":"https:\/\/www.jardinartificial.es\/pt\/#\/schema\/logo\/image\/"}}]}},"_links":{"self":[{"href":"https:\/\/www.jardinartificial.es\/pt\/wp-json\/wp\/v2\/product\/77648","targetHints":{"allow":["GET"]}}],"collection":[{"href":"https:\/\/www.jardinartificial.es\/pt\/wp-json\/wp\/v2\/product"}],"about":[{"href":"https:\/\/www.jardinartificial.es\/pt\/wp-json\/wp\/v2\/types\/product"}],"replies":[{"embeddable":true,"href":"https:\/\/www.jardinartificial.es\/pt\/wp-json\/wp\/v2\/comments?post=77648"}],"wp:featuredmedia":[{"embeddable":true,"href":"https:\/\/www.jardinartificial.es\/pt\/wp-json\/wp\/v2\/media\/101092"}],"wp:attachment":[{"href":"https:\/\/www.jardinartificial.es\/pt\/wp-json\/wp\/v2\/media?parent=77648"}],"wp:term":[{"taxonomy":"product_brand","embeddable":true,"href":"https:\/\/www.jardinartificial.es\/pt\/wp-json\/wp\/v2\/product_brand?post=77648"},{"taxonomy":"product_cat","embeddable":true,"href":"https:\/\/www.jardinartificial.es\/pt\/wp-json\/wp\/v2\/product_cat?post=77648"},{"taxonomy":"product_tag","embeddable":true,"href":"https:\/\/www.jardinartificial.es\/pt\/wp-json\/wp\/v2\/product_tag?post=77648"}],"curies":[{"name":"wp","href":"https:\/\/api.w.org\/{rel}","templated":true}]}}