{"id":105682,"date":"2026-05-13T10:53:14","date_gmt":"2026-05-13T08:53:14","guid":{"rendered":"https:\/\/www.jardinartificial.es\/comprar\/sem%20categoria\/relva-artificial-sevilla-green-33-mm\/"},"modified":"2026-05-13T11:14:46","modified_gmt":"2026-05-13T09:14:46","slug":"relva-artificial-sevilla-green-33-mm","status":"publish","type":"product","link":"https:\/\/www.jardinartificial.es\/pt\/comprar\/cesped-artificial-pt\/relva-artificial-sevilla-green-33-mm\/","title":{"rendered":"Relva Artificial Sevilla Green 33 mm"},"content":{"rendered":"","protected":false},"excerpt":{"rendered":"<div data-oe-version=\"1.2\">\n<div class=\"o-paragraph\"><strong>Modelo de relva Sevilla Green 33mm<\/strong><\/div>\n<\/div>\n<div><\/div>\n<div data-oe-version=\"1.2\">Novo modelo de relva artificial ideal para a instala\u00e7\u00e3o como elemento decorativo em terra\u00e7os, jardins, piscinas e tamb\u00e9m para uso de animais de estima\u00e7\u00e3o. Destaca-se pela sua suavidade, resist\u00eancia e pelo seu aspeto atrativo, conseguido atrav\u00e9s da combina\u00e7\u00e3o de cores nos seus fios. <\/div>\n<div data-oe-version=\"1.2\"><\/div>\n<div data-oe-version=\"1.2\">\n<ul>\n<li>Amplia possibilidades de uso como elemento decorativo em terra\u00e7os, jardins, piscinas e \u00e1reas com animais de estima\u00e7\u00e3o.<\/li>\n<li>Rolo completo de 50m\u00b2, distribu\u00eddo em 25 metros de comprimento e 2 metros de largura sem cortes.<\/li>\n<\/ul>\n<\/div>\n","protected":false},"featured_media":105700,"comment_status":"open","ping_status":"closed","template":"","meta":{"_acf_changed":false},"product_brand":[],"product_cat":[749],"product_tag":[],"class_list":{"0":"post-105682","1":"product","2":"type-product","3":"status-publish","4":"has-post-thumbnail","6":"product_cat-cesped-artificial-pt","7":"sales-flash-overlay","8":"woocommerce-text-align-center","9":"woocommerce-image-align-center","10":"do-quantity-buttons","11":"wc-has-gallery","13":"first","14":"instock","15":"sale","16":"taxable","17":"shipping-taxable","18":"purchasable","19":"product-type-variable"},"acf":{"":""},"gallery_images":[105678,105677],"yoast_head":"<!-- This site is optimized with the Yoast SEO Premium plugin v27.6 (Yoast SEO v27.6) - https:\/\/yoast.com\/product\/yoast-seo-premium-wordpress\/ -->\n<title>Relva Artificial Sevilla Green 33 mm | Jardin Artificial<\/title>\n<meta name=\"robots\" content=\"index, follow, max-snippet:-1, max-image-preview:large, max-video-preview:-1\" \/>\n<link rel=\"canonical\" href=\"https:\/\/www.jardinartificial.es\/pt\/comprar\/cesped-artificial-pt\/relva-artificial-sevilla-green-33-mm\/\" \/>\n<meta property=\"og:locale\" content=\"pt_PT\" \/>\n<meta property=\"og:type\" content=\"article\" \/>\n<meta property=\"og:title\" content=\"Relva Artificial Sevilla Green 33 mm\" \/>\n<meta property=\"og:description\" content=\"Modelo de relva Sevilla Green 33mm  Novo modelo de relva artificial ideal para a instala\u00e7\u00e3o como elemento decorativo em terra\u00e7os, jardins, piscinas e tamb\u00e9m para uso de animais de estima\u00e7\u00e3o. Destaca-se pela sua suavidade, resist\u00eancia e pelo seu aspeto atrativo, conseguido atrav\u00e9s da combina\u00e7\u00e3o de cores nos seus fios.    Amplia possibilidades de uso como elemento decorativo em terra\u00e7os, jardins, piscinas e \u00e1reas com animais de estima\u00e7\u00e3o.  Rolo completo de 50m\u00b2, distribu\u00eddo em 25 metros de comprimento e 2 metros de largura sem cortes.\" \/>\n<meta property=\"og:url\" content=\"https:\/\/www.jardinartificial.es\/pt\/comprar\/cesped-artificial-pt\/relva-artificial-sevilla-green-33-mm\/\" \/>\n<meta property=\"og:site_name\" content=\"Jardin Artificial\" \/>\n<meta property=\"article:modified_time\" content=\"2026-05-13T09:14:46+00:00\" \/>\n<meta property=\"og:image\" content=\"https:\/\/www.jardinartificial.es\/wp-content\/uploads\/2026\/05\/Cesped-Artificial-Sevilla-Green-33mm-2.jpeg\" \/>\n\t<meta property=\"og:image:width\" content=\"1920\" \/>\n\t<meta property=\"og:image:height\" content=\"1920\" \/>\n\t<meta property=\"og:image:type\" content=\"image\/jpeg\" \/>\n<meta name=\"twitter:card\" content=\"summary_large_image\" \/>\n<script type=\"application\/ld+json\" class=\"yoast-schema-graph\">{\"@context\":\"https:\\\/\\\/schema.org\",\"@graph\":[{\"@type\":\"WebPage\",\"@id\":\"https:\\\/\\\/www.jardinartificial.es\\\/pt\\\/comprar\\\/cesped-artificial-pt\\\/relva-artificial-sevilla-green-33-mm\\\/\",\"url\":\"https:\\\/\\\/www.jardinartificial.es\\\/pt\\\/comprar\\\/cesped-artificial-pt\\\/relva-artificial-sevilla-green-33-mm\\\/\",\"name\":\"Relva Artificial Sevilla Green 33 mm | Jardin Artificial\",\"isPartOf\":{\"@id\":\"https:\\\/\\\/www.jardinartificial.es\\\/pt\\\/#website\"},\"primaryImageOfPage\":{\"@id\":\"https:\\\/\\\/www.jardinartificial.es\\\/pt\\\/comprar\\\/cesped-artificial-pt\\\/relva-artificial-sevilla-green-33-mm\\\/#primaryimage\"},\"image\":{\"@id\":\"https:\\\/\\\/www.jardinartificial.es\\\/pt\\\/comprar\\\/cesped-artificial-pt\\\/relva-artificial-sevilla-green-33-mm\\\/#primaryimage\"},\"thumbnailUrl\":\"https:\\\/\\\/www.jardinartificial.es\\\/wp-content\\\/uploads\\\/2026\\\/05\\\/Cesped-Artificial-Sevilla-Green-33mm-2.jpeg\",\"datePublished\":\"2026-05-13T08:53:14+00:00\",\"dateModified\":\"2026-05-13T09:14:46+00:00\",\"breadcrumb\":{\"@id\":\"https:\\\/\\\/www.jardinartificial.es\\\/pt\\\/comprar\\\/cesped-artificial-pt\\\/relva-artificial-sevilla-green-33-mm\\\/#breadcrumb\"},\"inLanguage\":\"pt-PT\",\"potentialAction\":[{\"@type\":\"ReadAction\",\"target\":[\"https:\\\/\\\/www.jardinartificial.es\\\/pt\\\/comprar\\\/cesped-artificial-pt\\\/relva-artificial-sevilla-green-33-mm\\\/\"]}]},{\"@type\":\"ImageObject\",\"inLanguage\":\"pt-PT\",\"@id\":\"https:\\\/\\\/www.jardinartificial.es\\\/pt\\\/comprar\\\/cesped-artificial-pt\\\/relva-artificial-sevilla-green-33-mm\\\/#primaryimage\",\"url\":\"https:\\\/\\\/www.jardinartificial.es\\\/wp-content\\\/uploads\\\/2026\\\/05\\\/Cesped-Artificial-Sevilla-Green-33mm-2.jpeg\",\"contentUrl\":\"https:\\\/\\\/www.jardinartificial.es\\\/wp-content\\\/uploads\\\/2026\\\/05\\\/Cesped-Artificial-Sevilla-Green-33mm-2.jpeg\",\"width\":1920,\"height\":1920,\"caption\":\"Relva Artificial Sevilla Green 33 mm\"},{\"@type\":\"BreadcrumbList\",\"@id\":\"https:\\\/\\\/www.jardinartificial.es\\\/pt\\\/comprar\\\/cesped-artificial-pt\\\/relva-artificial-sevilla-green-33-mm\\\/#breadcrumb\",\"itemListElement\":[{\"@type\":\"ListItem\",\"position\":1,\"name\":\"Portada\",\"item\":\"https:\\\/\\\/www.jardinartificial.es\\\/pt\\\/casa\\\/\"},{\"@type\":\"ListItem\",\"position\":2,\"name\":\"Todos os produtos\",\"item\":\"https:\\\/\\\/www.jardinartificial.es\\\/pt-pt\\\/todos-os-produtos\\\/\"},{\"@type\":\"ListItem\",\"position\":3,\"name\":\"Relva Artificial Sevilla Green 33 mm\"}]},{\"@type\":\"WebSite\",\"@id\":\"https:\\\/\\\/www.jardinartificial.es\\\/pt\\\/#website\",\"url\":\"https:\\\/\\\/www.jardinartificial.es\\\/pt\\\/\",\"name\":\"Jard\u00edn Artificial - Venta de C\u00e9sped Artficial\",\"description\":\"C\u00e9sped Artificial barato al corte\",\"publisher\":{\"@id\":\"https:\\\/\\\/www.jardinartificial.es\\\/pt\\\/#organization\"},\"potentialAction\":[{\"@type\":\"SearchAction\",\"target\":{\"@type\":\"EntryPoint\",\"urlTemplate\":\"https:\\\/\\\/www.jardinartificial.es\\\/pt\\\/?s={search_term_string}\"},\"query-input\":{\"@type\":\"PropertyValueSpecification\",\"valueRequired\":true,\"valueName\":\"search_term_string\"}}],\"inLanguage\":\"pt-PT\"},{\"@type\":\"Organization\",\"@id\":\"https:\\\/\\\/www.jardinartificial.es\\\/pt\\\/#organization\",\"name\":\"Jard\u00edn Artificial\",\"url\":\"https:\\\/\\\/www.jardinartificial.es\\\/pt\\\/\",\"logo\":{\"@type\":\"ImageObject\",\"inLanguage\":\"pt-PT\",\"@id\":\"https:\\\/\\\/www.jardinartificial.es\\\/pt\\\/#\\\/schema\\\/logo\\\/image\\\/\",\"url\":\"https:\\\/\\\/www.jardinartificial.es\\\/wp-content\\\/uploads\\\/2023\\\/03\\\/logotipo.svg\",\"contentUrl\":\"https:\\\/\\\/www.jardinartificial.es\\\/wp-content\\\/uploads\\\/2023\\\/03\\\/logotipo.svg\",\"width\":187,\"height\":53,\"caption\":\"Jard\u00edn Artificial\"},\"image\":{\"@id\":\"https:\\\/\\\/www.jardinartificial.es\\\/pt\\\/#\\\/schema\\\/logo\\\/image\\\/\"}}]}<\/script>\n<!-- \/ Yoast SEO Premium plugin. -->","yoast_head_json":{"title":"Relva Artificial Sevilla Green 33 mm | Jardin Artificial","robots":{"index":"index","follow":"follow","max-snippet":"max-snippet:-1","max-image-preview":"max-image-preview:large","max-video-preview":"max-video-preview:-1"},"canonical":"https:\/\/www.jardinartificial.es\/pt\/comprar\/cesped-artificial-pt\/relva-artificial-sevilla-green-33-mm\/","og_locale":"pt_PT","og_type":"article","og_title":"Relva Artificial Sevilla Green 33 mm","og_description":"Modelo de relva Sevilla Green 33mm  Novo modelo de relva artificial ideal para a instala\u00e7\u00e3o como elemento decorativo em terra\u00e7os, jardins, piscinas e tamb\u00e9m para uso de animais de estima\u00e7\u00e3o. Destaca-se pela sua suavidade, resist\u00eancia e pelo seu aspeto atrativo, conseguido atrav\u00e9s da combina\u00e7\u00e3o de cores nos seus fios.    Amplia possibilidades de uso como elemento decorativo em terra\u00e7os, jardins, piscinas e \u00e1reas com animais de estima\u00e7\u00e3o.  Rolo completo de 50m\u00b2, distribu\u00eddo em 25 metros de comprimento e 2 metros de largura sem cortes.","og_url":"https:\/\/www.jardinartificial.es\/pt\/comprar\/cesped-artificial-pt\/relva-artificial-sevilla-green-33-mm\/","og_site_name":"Jardin Artificial","article_modified_time":"2026-05-13T09:14:46+00:00","og_image":[{"width":1920,"height":1920,"url":"https:\/\/www.jardinartificial.es\/wp-content\/uploads\/2026\/05\/Cesped-Artificial-Sevilla-Green-33mm-2.jpeg","type":"image\/jpeg"}],"twitter_card":"summary_large_image","schema":{"@context":"https:\/\/schema.org","@graph":[{"@type":"WebPage","@id":"https:\/\/www.jardinartificial.es\/pt\/comprar\/cesped-artificial-pt\/relva-artificial-sevilla-green-33-mm\/","url":"https:\/\/www.jardinartificial.es\/pt\/comprar\/cesped-artificial-pt\/relva-artificial-sevilla-green-33-mm\/","name":"Relva Artificial Sevilla Green 33 mm | Jardin Artificial","isPartOf":{"@id":"https:\/\/www.jardinartificial.es\/pt\/#website"},"primaryImageOfPage":{"@id":"https:\/\/www.jardinartificial.es\/pt\/comprar\/cesped-artificial-pt\/relva-artificial-sevilla-green-33-mm\/#primaryimage"},"image":{"@id":"https:\/\/www.jardinartificial.es\/pt\/comprar\/cesped-artificial-pt\/relva-artificial-sevilla-green-33-mm\/#primaryimage"},"thumbnailUrl":"https:\/\/www.jardinartificial.es\/wp-content\/uploads\/2026\/05\/Cesped-Artificial-Sevilla-Green-33mm-2.jpeg","datePublished":"2026-05-13T08:53:14+00:00","dateModified":"2026-05-13T09:14:46+00:00","breadcrumb":{"@id":"https:\/\/www.jardinartificial.es\/pt\/comprar\/cesped-artificial-pt\/relva-artificial-sevilla-green-33-mm\/#breadcrumb"},"inLanguage":"pt-PT","potentialAction":[{"@type":"ReadAction","target":["https:\/\/www.jardinartificial.es\/pt\/comprar\/cesped-artificial-pt\/relva-artificial-sevilla-green-33-mm\/"]}]},{"@type":"ImageObject","inLanguage":"pt-PT","@id":"https:\/\/www.jardinartificial.es\/pt\/comprar\/cesped-artificial-pt\/relva-artificial-sevilla-green-33-mm\/#primaryimage","url":"https:\/\/www.jardinartificial.es\/wp-content\/uploads\/2026\/05\/Cesped-Artificial-Sevilla-Green-33mm-2.jpeg","contentUrl":"https:\/\/www.jardinartificial.es\/wp-content\/uploads\/2026\/05\/Cesped-Artificial-Sevilla-Green-33mm-2.jpeg","width":1920,"height":1920,"caption":"Relva Artificial Sevilla Green 33 mm"},{"@type":"BreadcrumbList","@id":"https:\/\/www.jardinartificial.es\/pt\/comprar\/cesped-artificial-pt\/relva-artificial-sevilla-green-33-mm\/#breadcrumb","itemListElement":[{"@type":"ListItem","position":1,"name":"Portada","item":"https:\/\/www.jardinartificial.es\/pt\/casa\/"},{"@type":"ListItem","position":2,"name":"Todos os produtos","item":"https:\/\/www.jardinartificial.es\/pt-pt\/todos-os-produtos\/"},{"@type":"ListItem","position":3,"name":"Relva Artificial Sevilla Green 33 mm"}]},{"@type":"WebSite","@id":"https:\/\/www.jardinartificial.es\/pt\/#website","url":"https:\/\/www.jardinartificial.es\/pt\/","name":"Jard\u00edn Artificial - Venta de C\u00e9sped Artficial","description":"C\u00e9sped Artificial barato al corte","publisher":{"@id":"https:\/\/www.jardinartificial.es\/pt\/#organization"},"potentialAction":[{"@type":"SearchAction","target":{"@type":"EntryPoint","urlTemplate":"https:\/\/www.jardinartificial.es\/pt\/?s={search_term_string}"},"query-input":{"@type":"PropertyValueSpecification","valueRequired":true,"valueName":"search_term_string"}}],"inLanguage":"pt-PT"},{"@type":"Organization","@id":"https:\/\/www.jardinartificial.es\/pt\/#organization","name":"Jard\u00edn Artificial","url":"https:\/\/www.jardinartificial.es\/pt\/","logo":{"@type":"ImageObject","inLanguage":"pt-PT","@id":"https:\/\/www.jardinartificial.es\/pt\/#\/schema\/logo\/image\/","url":"https:\/\/www.jardinartificial.es\/wp-content\/uploads\/2023\/03\/logotipo.svg","contentUrl":"https:\/\/www.jardinartificial.es\/wp-content\/uploads\/2023\/03\/logotipo.svg","width":187,"height":53,"caption":"Jard\u00edn Artificial"},"image":{"@id":"https:\/\/www.jardinartificial.es\/pt\/#\/schema\/logo\/image\/"}}]}},"_links":{"self":[{"href":"https:\/\/www.jardinartificial.es\/pt\/wp-json\/wp\/v2\/product\/105682","targetHints":{"allow":["GET"]}}],"collection":[{"href":"https:\/\/www.jardinartificial.es\/pt\/wp-json\/wp\/v2\/product"}],"about":[{"href":"https:\/\/www.jardinartificial.es\/pt\/wp-json\/wp\/v2\/types\/product"}],"replies":[{"embeddable":true,"href":"https:\/\/www.jardinartificial.es\/pt\/wp-json\/wp\/v2\/comments?post=105682"}],"wp:featuredmedia":[{"embeddable":true,"href":"https:\/\/www.jardinartificial.es\/pt\/wp-json\/wp\/v2\/media\/105700"}],"wp:attachment":[{"href":"https:\/\/www.jardinartificial.es\/pt\/wp-json\/wp\/v2\/media?parent=105682"}],"wp:term":[{"taxonomy":"product_brand","embeddable":true,"href":"https:\/\/www.jardinartificial.es\/pt\/wp-json\/wp\/v2\/product_brand?post=105682"},{"taxonomy":"product_cat","embeddable":true,"href":"https:\/\/www.jardinartificial.es\/pt\/wp-json\/wp\/v2\/product_cat?post=105682"},{"taxonomy":"product_tag","embeddable":true,"href":"https:\/\/www.jardinartificial.es\/pt\/wp-json\/wp\/v2\/product_tag?post=105682"}],"curies":[{"name":"wp","href":"https:\/\/api.w.org\/{rel}","templated":true}]}}