{"id":93909,"date":"2025-07-07T12:23:54","date_gmt":"2025-07-07T10:23:54","guid":{"rendered":"https:\/\/www.jardinartificial.es\/calculadora-de-poupanca\/"},"modified":"2025-11-14T09:31:18","modified_gmt":"2025-11-14T08:31:18","slug":"calculadora-de-poupanca","status":"publish","type":"page","link":"https:\/\/www.jardinartificial.es\/pt\/calculadora-de-poupanca\/","title":{"rendered":"Calculadora de poupan\u00e7a"},"content":{"rendered":"\t\t<div data-elementor-type=\"wp-page\" data-elementor-id=\"93909\" class=\"elementor elementor-93909 elementor-93907\" data-elementor-post-type=\"page\">\n\t\t\t\t<div class=\"elementor-element elementor-element-7620714 e-flex e-con-boxed e-con e-parent\" data-id=\"7620714\" data-element_type=\"container\" data-e-type=\"container\" data-settings=\"{&quot;background_background&quot;:&quot;classic&quot;}\">\n\t\t\t\t\t<div class=\"e-con-inner\">\n\t\t<div class=\"elementor-element elementor-element-f1de1ff e-con-full e-flex e-con e-child\" data-id=\"f1de1ff\" data-element_type=\"container\" data-e-type=\"container\" data-settings=\"{&quot;background_background&quot;:&quot;classic&quot;}\">\n\t\t\t\t<div class=\"elementor-element elementor-element-ef0af79 elementor-widget elementor-widget-heading\" data-id=\"ef0af79\" data-element_type=\"widget\" data-e-type=\"widget\" data-widget_type=\"heading.default\">\n\t\t\t\t<div class=\"elementor-widget-container\">\n\t\t\t\t\t<h3 class=\"elementor-heading-title elementor-size-default\">Descobre quanto vais poupar instantaneamente<\/h3>\t\t\t\t<\/div>\n\t\t\t\t<\/div>\n\t\t\t\t<div class=\"elementor-element elementor-element-5edc2ed elementor-widget elementor-widget-text-editor\" data-id=\"5edc2ed\" data-element_type=\"widget\" data-e-type=\"widget\" data-widget_type=\"text-editor.default\">\n\t\t\t\t<div class=\"elementor-widget-container\">\n\t\t\t\t\t\t\t\t\t<p>Indique os m\u00b2 do seu espa\u00e7o e n\u00f3s calculamos por si:<\/p>\t\t\t\t\t\t\t\t<\/div>\n\t\t\t\t<\/div>\n\t\t\t\t<div class=\"elementor-element elementor-element-26a1de5 elementor-mobile-position-inline-start elementor-view-default elementor-position-block-start elementor-widget elementor-widget-icon-box\" data-id=\"26a1de5\" data-element_type=\"widget\" data-e-type=\"widget\" data-widget_type=\"icon-box.default\">\n\t\t\t\t<div class=\"elementor-widget-container\">\n\t\t\t\t\t\t\t<div class=\"elementor-icon-box-wrapper\">\n\n\t\t\t\t\t\t<div class=\"elementor-icon-box-icon\">\n\t\t\t\t<span  class=\"elementor-icon\">\n\t\t\t\t<svg xmlns=\"http:\/\/www.w3.org\/2000\/svg\" width=\"60\" height=\"60\" viewBox=\"0 0 60 60\" fill=\"none\"><g clip-path=\"url(#clip0_2226_526)\"><path d=\"M59.1799 51.1318C59.4421 50.8705 59.6502 50.56 59.7921 50.2181C59.9341 49.8763 60.0071 49.5098 60.0071 49.1396C60.0071 48.7694 59.9341 48.4029 59.7921 48.061C59.6502 47.7192 59.4421 47.4087 59.1799 47.1474L51.1772 39.1412C50.0616 38.0255 48.21 37.9986 47.1166 39.1412C46.6059 39.6718 46.3238 40.3817 46.3308 41.1181C46.3378 41.8546 46.6334 42.559 47.1541 43.0798L50.4061 46.3306H19.6151C18.0384 46.3306 16.5263 45.7043 15.4114 44.5894C14.2965 43.4745 13.6702 41.9624 13.6702 40.3857V9.59818L16.9209 12.849C17.1813 13.1136 17.4915 13.3241 17.8337 13.4683C18.1758 13.6124 18.5431 13.6875 18.9144 13.689C19.2856 13.6905 19.6535 13.6185 19.9968 13.4771C20.3401 13.3357 20.652 13.1278 20.9145 12.8652C21.1771 12.6027 21.385 12.2908 21.5264 11.9475C21.6678 11.6042 21.7398 11.2363 21.7383 10.865C21.7368 10.4938 21.6618 10.1265 21.5176 9.78434C21.3734 9.4422 21.1629 9.132 20.8983 8.87162L12.837 0.820839C12.3116 0.295867 11.5992 0.000976562 10.8565 0.000976562C10.1138 0.000976562 9.40142 0.295867 8.87602 0.820839L0.820547 8.87162C0.299833 9.39248 0.00420989 10.0968 -0.00280206 10.8333C-0.009814 11.5698 0.272344 12.2796 0.783047 12.8103C1.87641 13.9458 3.72797 13.9201 4.84242 12.8103L8.04516 9.59818V40.3833C8.04516 43.4519 9.26413 46.3947 11.4339 48.5645C13.6037 50.7343 16.5465 51.9533 19.6151 51.9533H50.4061L47.1541 55.204C46.8849 55.4634 46.67 55.7738 46.5221 56.1171C46.3741 56.4604 46.2962 56.8298 46.2927 57.2036C46.2892 57.5774 46.3602 57.9482 46.5017 58.2942C46.6432 58.6403 46.8522 58.9546 47.1166 59.2189C47.381 59.4832 47.6954 59.6922 48.0415 59.8336C48.3876 59.9749 48.7583 60.0459 49.1322 60.0423C49.506 60.0387 49.8753 59.9606 50.2186 59.8126C50.5619 59.6645 50.8722 59.4496 51.1315 59.1802L59.1799 51.1318Z\" fill=\"#75AF71\"><\/path><path d=\"M57.1957 35.2734C57.9416 35.2734 58.657 34.9771 59.1844 34.4497C59.7119 33.9222 60.0082 33.2069 60.0082 32.4609V11.5652C60.0036 8.49856 58.7829 5.55889 56.614 3.39086C54.4451 1.22283 51.505 0.00340941 48.4383 0L27.5391 0C26.7931 0 26.0778 0.296316 25.5503 0.823762C25.0229 1.35121 24.7266 2.06658 24.7266 2.8125C24.7266 3.55842 25.0229 4.27379 25.5503 4.80124C26.0778 5.32868 26.7931 5.625 27.5391 5.625H48.4383C50.0144 5.62686 51.5254 6.2538 52.6399 7.36828C53.7544 8.48277 54.3813 9.9938 54.3832 11.5699V32.4609C54.3832 33.2069 54.6795 33.9222 55.207 34.4497C55.7344 34.9771 56.4498 35.2734 57.1957 35.2734Z\" fill=\"#75AF71\"><\/path><path d=\"M37.3982 37.0697C37.9555 37.0697 38.4899 36.8484 38.884 36.4543C39.278 36.0603 39.4994 35.5258 39.4994 34.9686V26.2815C39.5003 24.994 39.1247 23.7344 38.4189 22.6576C37.7131 21.5808 36.7078 20.7339 35.5269 20.2211C34.346 19.7083 33.0408 19.5519 31.7722 19.7713C30.5035 19.9906 29.3267 20.5761 28.3865 21.4557C27.4296 20.5595 26.227 19.9692 24.9326 19.7604C23.6383 19.5517 22.3111 19.7339 21.1209 20.2838C20.8693 19.9112 20.5049 19.6291 20.0811 19.479C19.6573 19.3289 19.1966 19.3186 18.7666 19.4498C18.3365 19.5809 17.9599 19.8465 17.692 20.2076C17.4242 20.5687 17.2792 21.0061 17.2783 21.4557V34.9686C17.2783 35.5258 17.4997 36.0603 17.8937 36.4543C18.2878 36.8484 18.8222 37.0697 19.3795 37.0697C19.9368 37.0697 20.4712 36.8484 20.8652 36.4543C21.2593 36.0603 21.4807 35.5258 21.4807 34.9686V26.2815C21.4663 25.9571 21.5179 25.6331 21.6321 25.3292C21.7464 25.0252 21.921 24.7475 22.1455 24.5129C22.37 24.2783 22.6397 24.0915 22.9383 23.964C23.2369 23.8364 23.5583 23.7706 23.883 23.7706C24.2077 23.7706 24.5291 23.8364 24.8277 23.964C25.1263 24.0915 25.396 24.2783 25.6205 24.5129C25.845 24.7475 26.0196 25.0252 26.1339 25.3292C26.2482 25.6331 26.2997 25.9571 26.2854 26.2815V34.9686C26.2983 35.5174 26.5254 36.0394 26.9182 36.423C27.3109 36.8065 27.8381 37.0213 28.3871 37.0213C28.9361 37.0213 29.4633 36.8065 29.856 36.423C30.2488 36.0394 30.4759 35.5174 30.4889 34.9686V26.2815C30.4745 25.9571 30.5261 25.6331 30.6403 25.3292C30.7546 25.0252 30.9292 24.7475 31.1537 24.5129C31.3782 24.2783 31.6479 24.0915 31.9465 23.964C32.2451 23.8364 32.5665 23.7706 32.8912 23.7706C33.2159 23.7706 33.5373 23.8364 33.8359 23.964C34.1345 24.0915 34.4042 24.2783 34.6287 24.5129C34.8532 24.7475 35.0278 25.0252 35.1421 25.3292C35.2564 25.6331 35.3079 25.9571 35.2936 26.2815V34.9686C35.2936 35.2448 35.348 35.5183 35.4538 35.7735C35.5596 36.0286 35.7147 36.2604 35.9102 36.4556C36.1057 36.6507 36.3377 36.8054 36.5931 36.9108C36.8484 37.0162 37.122 37.0702 37.3982 37.0697Z\" fill=\"#507645\"><\/path><path d=\"M49.3833 22.3746H47.7602L49.6622 20.4727C50.5429 19.605 51.0653 18.438 51.1259 17.2031C51.1259 17.1258 51.1259 17.052 51.1259 16.9817C51.1179 15.7105 50.6335 14.4886 49.7685 13.5572C48.9034 12.6257 47.7205 12.0526 46.4534 11.9509C45.1864 11.8492 43.9272 12.2263 42.9246 13.0078C41.9221 13.7893 41.249 14.9183 41.0384 16.1719C40.9559 16.6901 41.0823 17.2198 41.3899 17.6448C41.6974 18.0699 42.161 18.3557 42.679 18.4395C42.7832 18.4568 42.8886 18.4654 42.9942 18.4653C43.4653 18.467 43.9214 18.2998 44.2798 17.9941C44.6382 17.6883 44.8752 17.2643 44.9477 16.7988C44.9834 16.5129 45.128 16.2517 45.3516 16.0699C45.5751 15.888 45.8602 15.7995 46.1474 15.8227C46.4347 15.846 46.7018 15.9793 46.8931 16.1948C47.0845 16.4103 47.1852 16.6914 47.1743 16.9793V17.0309C47.1546 17.2744 47.0452 17.502 46.8673 17.6695L41.5845 22.9524C41.3076 23.2293 41.119 23.582 41.0425 23.9661C40.9661 24.3502 41.0052 24.7483 41.1549 25.1101C41.3047 25.4719 41.5583 25.7812 41.8838 25.999C42.2093 26.2167 42.5921 26.333 42.9837 26.3332H49.3833C49.9085 26.3332 50.4123 26.1246 50.7837 25.7532C51.1551 25.3817 51.3637 24.878 51.3637 24.3528C51.3637 23.8275 51.1551 23.3238 50.7837 22.9523C50.4123 22.5809 49.9085 22.3723 49.3833 22.3723V22.3746Z\" fill=\"#507645\"><\/path><\/g><defs><clipPath id=\"clip0_2226_526\"><rect width=\"60\" height=\"60\" fill=\"white\"><\/rect><\/clipPath><\/defs><\/svg>\t\t\t\t<\/span>\n\t\t\t<\/div>\n\t\t\t\n\t\t\t\t\t\t<div class=\"elementor-icon-box-content\">\n\n\t\t\t\t\t\t\t\t\t<h5 class=\"elementor-icon-box-title\">\n\t\t\t\t\t\t<span  >\n\t\t\t\t\t\t\tM\u00b2 DA TUA INSTALA\u00c7\u00c3O\t\t\t\t\t\t<\/span>\n\t\t\t\t\t<\/h5>\n\t\t\t\t\n\t\t\t\t\n\t\t\t<\/div>\n\t\t\t\n\t\t<\/div>\n\t\t\t\t\t\t<\/div>\n\t\t\t\t<\/div>\n\t\t\t\t<div class=\"elementor-element elementor-element-cea78fd elementor-button-align-stretch elementor-widget elementor-widget-form\" data-id=\"cea78fd\" data-element_type=\"widget\" data-e-type=\"widget\" data-settings=\"{&quot;step_next_label&quot;:&quot;Seguinte&quot;,&quot;step_previous_label&quot;:&quot;Anterior&quot;,&quot;button_width&quot;:&quot;100&quot;,&quot;step_type&quot;:&quot;number_text&quot;,&quot;step_icon_shape&quot;:&quot;circle&quot;}\" data-widget_type=\"form.default\">\n\t\t\t\t<div class=\"elementor-widget-container\">\n\t\t\t\t\t\t\t<form class=\"elementor-form\" method=\"post\" id=\"form_calculadora\" name=\"Calculadora\" aria-label=\"Calculadora\">\n\t\t\t<input type=\"hidden\" name=\"post_id\" value=\"93909\"\/>\n\t\t\t<input type=\"hidden\" name=\"form_id\" value=\"cea78fd\"\/>\n\t\t\t<input type=\"hidden\" name=\"referer_title\" value=\"Calculadora de poupan\u00e7a | Jardin Artificial\" \/>\n\n\t\t\t\t\t\t\t<input type=\"hidden\" name=\"queried_id\" value=\"93909\"\/>\n\t\t\t\n\t\t\t<div class=\"elementor-form-fields-wrapper elementor-labels-\">\n\t\t\t\t\t\t\t\t<div class=\"elementor-field-type-number elementor-field-group elementor-column elementor-field-group-metros elementor-col-100 elementor-field-required\">\n\t\t\t\t\t\t\t\t\t\t\t\t<label for=\"form-field-metros\" class=\"elementor-field-label elementor-screen-only\">\n\t\t\t\t\t\t\t\tMetros quadrados\t\t\t\t\t\t\t<\/label>\n\t\t\t\t\t\t\t\t\t<input type=\"number\" name=\"form_fields[metros]\" id=\"form-field-metros\" class=\"elementor-field elementor-size-sm  elementor-field-textual\" placeholder=\"Metros quadrados\" required=\"required\" min=\"1\" max=\"\" >\n\t\t\t\t\t\t<\/div>\n\t\t\t\t\t\t\t\t<div class=\"elementor-field-group elementor-column elementor-field-type-submit elementor-col-100 e-form__buttons\">\n\t\t\t\t\t<button class=\"elementor-button elementor-size-sm\" type=\"submit\">\n\t\t\t\t\t\t<span class=\"elementor-button-content-wrapper\">\n\t\t\t\t\t\t\t\t\t\t\t\t\t\t\t\t\t\t\t\t\t\t<span class=\"elementor-button-text\">CALCULA<\/span>\n\t\t\t\t\t\t\t\t\t\t\t\t\t<\/span>\n\t\t\t\t\t<\/button>\n\t\t\t\t<\/div>\n\t\t\t<\/div>\n\t\t<\/form>\n\t\t\t\t\t\t<\/div>\n\t\t\t\t<\/div>\n\t\t\t\t<div class=\"elementor-element elementor-element-580be22 elementor-mobile-position-inline-start elementor-view-default elementor-position-block-start elementor-widget elementor-widget-icon-box\" data-id=\"580be22\" data-element_type=\"widget\" data-e-type=\"widget\" data-widget_type=\"icon-box.default\">\n\t\t\t\t<div class=\"elementor-widget-container\">\n\t\t\t\t\t\t\t<div class=\"elementor-icon-box-wrapper\">\n\n\t\t\t\t\t\t<div class=\"elementor-icon-box-icon\">\n\t\t\t\t<span  class=\"elementor-icon\">\n\t\t\t\t<svg xmlns=\"http:\/\/www.w3.org\/2000\/svg\" width=\"60\" height=\"60\" viewBox=\"0 0 60 60\" fill=\"none\"><g clip-path=\"url(#clip0_2226_586)\"><path d=\"M10.4697 48.9364C10.3021 48.3119 9.66007 47.9405 9.03452 48.1081C8.41003 48.2757 8.03866 48.9177 8.20624 49.5433C8.37382 50.1678 9.01589 50.5391 9.64144 50.3717C10.2658 50.2041 10.6373 49.5609 10.4697 48.9364Z\" fill=\"#75AF71\"><\/path><path d=\"M59.7184 48.0364C58.8477 45.6285 56.1925 44.364 53.7782 45.1963L44.0708 47.668C44.5268 45.738 43.7098 43.6112 41.8496 42.5379L25.2671 32.9631C23.9111 32.1808 22.3321 31.9734 20.8215 32.3788L11.181 34.9618C10.3167 34.0011 8.96519 33.5712 7.65926 33.9207L0.868709 35.7404C0.243865 35.9079 -0.127268 36.5505 0.0401929 37.1755L4.89304 55.2829C5.06039 55.9073 5.70246 56.279 6.32801 56.1112L13.1174 54.2917C14.436 53.9387 15.4044 52.8481 15.657 51.5603L17.3045 51.15C18.1919 50.9292 19.1177 51.0599 19.9137 51.519L32.2223 58.5787C34.6346 59.9713 37.4292 60.3421 40.086 59.6687C40.1144 59.6614 40.1427 59.6532 40.1706 59.6438L56.8733 54.0435C56.8815 54.0408 56.8896 54.0378 56.8977 54.0349C59.3284 53.1599 60.594 50.4697 59.7184 48.0364ZM12.5111 52.0284L6.85301 53.5447L2.60683 37.7007L4.87054 37.0942L6.99375 45.016C7.16086 45.6392 7.80211 46.0124 8.42871 45.8443C9.05367 45.6767 9.42457 45.0343 9.25711 44.4094L7.13402 36.4876L8.26558 36.1844C8.8957 36.0154 9.5325 36.391 9.70136 37.0124L13.34 50.5956C13.5073 51.2122 13.133 51.8619 12.5111 52.0284ZM56.1148 51.8267L39.4686 57.4081C37.3989 57.9217 35.243 57.6176 33.3908 56.5483L21.0819 49.4883C19.7602 48.7258 18.2177 48.5086 16.7384 48.8765L15.3948 49.2111L12.1575 37.1266L21.4283 34.6424C22.3348 34.399 23.2826 34.5237 24.0959 34.9929L40.6781 44.5676C41.7873 45.2075 42.1904 46.6345 41.5351 47.7688C40.893 48.8822 39.4638 49.2781 38.3346 48.6258L28.1883 42.7677C27.6281 42.4444 26.9114 42.6361 26.5878 43.1965C26.2643 43.7569 26.4562 44.4735 27.0166 44.7969L37.1627 50.6549C38.5876 51.4781 40.3577 51.5151 41.8507 50.6515C55.1814 47.255 54.4131 47.4576 54.5133 47.4217C55.7289 46.9853 57.0755 47.6185 57.5142 48.8315C57.9505 50.0441 57.3228 51.3849 56.1148 51.8267Z\" fill=\"#507645\"><\/path><path d=\"M57.8385 15.8271L48.0971 0.546758C47.882 0.209258 47.5094 0.00488281 47.1092 0.00488281C46.709 0.00488281 46.3364 0.209258 46.1214 0.546758L36.3799 15.8272C30.663 24.4025 37.0099 36.2081 47.1092 36.2081C57.1844 36.2081 63.5709 24.4262 57.8385 15.8271ZM47.1091 33.8648C38.9538 33.8648 33.611 24.1897 38.3354 17.1181C38.3401 17.1111 38.3447 17.1042 38.3491 17.097L47.1091 3.35586L55.8691 17.097C55.8736 17.1042 55.8783 17.1111 55.8828 17.1181C60.5905 24.1644 55.3127 33.8648 47.1091 33.8648Z\" fill=\"#75AF71\"><\/path><path d=\"M53.9358 18.4211C53.5766 17.883 52.8492 17.7379 52.3109 18.0973C51.7727 18.4565 51.6277 19.1841 51.9871 19.7222C52.6283 20.6827 52.9672 21.8052 52.9672 22.9684C52.9672 26.2764 50.2298 29.1781 47.1091 29.1781C46.462 29.1781 45.9375 29.7026 45.9375 30.3497C45.9375 30.9968 46.462 31.5214 47.1091 31.5214C51.5548 31.5214 55.3105 27.6046 55.3105 22.9686C55.3104 21.3405 54.8351 19.768 53.9358 18.4211Z\" fill=\"#75AF71\"><\/path><\/g><defs><clipPath id=\"clip0_2226_586\"><rect width=\"60\" height=\"60\" fill=\"white\"><\/rect><\/clipPath><\/defs><\/svg>\t\t\t\t<\/span>\n\t\t\t<\/div>\n\t\t\t\n\t\t\t\t\t\t<div class=\"elementor-icon-box-content\">\n\n\t\t\t\t\t\t\t\t\t<h5 class=\"elementor-icon-box-title\">\n\t\t\t\t\t\t<span  >\n\t\t\t\t\t\t\tPOUPAN\u00c7A DE \u00c1GUA EM LITROS\/ANO:\t\t\t\t\t\t<\/span>\n\t\t\t\t\t<\/h5>\n\t\t\t\t\n\t\t\t\t\n\t\t\t<\/div>\n\t\t\t\n\t\t<\/div>\n\t\t\t\t\t\t<\/div>\n\t\t\t\t<\/div>\n\t\t\t\t<div class=\"elementor-element elementor-element-53e8531 elementor-widget elementor-widget-html\" data-id=\"53e8531\" data-element_type=\"widget\" data-e-type=\"widget\" id=\"ahorro_litros\" data-widget_type=\"html.default\">\n\t\t\t\t<div class=\"elementor-widget-container\">\n\t\t\t\t\tTotal de litros poupados\t\t\t\t<\/div>\n\t\t\t\t<\/div>\n\t\t\t\t<div class=\"elementor-element elementor-element-caffe5d elementor-mobile-position-inline-start elementor-view-default elementor-position-block-start elementor-widget elementor-widget-icon-box\" data-id=\"caffe5d\" data-element_type=\"widget\" data-e-type=\"widget\" data-widget_type=\"icon-box.default\">\n\t\t\t\t<div class=\"elementor-widget-container\">\n\t\t\t\t\t\t\t<div class=\"elementor-icon-box-wrapper\">\n\n\t\t\t\t\t\t<div class=\"elementor-icon-box-icon\">\n\t\t\t\t<span  class=\"elementor-icon\">\n\t\t\t\t<svg xmlns=\"http:\/\/www.w3.org\/2000\/svg\" width=\"60\" height=\"60\" viewBox=\"0 0 60 60\" fill=\"none\"><g clip-path=\"url(#clip0_2226_622)\"><path d=\"M30 0C13.4588 0 0 13.4588 0 30C0 46.5412 13.4588 60 30 60C46.5412 60 60 46.5412 60 30C60 13.4588 46.5412 0 30 0ZM30 56.25C15.525 56.25 3.75 44.475 3.75 30C3.75 15.525 15.525 3.75 30 3.75C44.475 3.75 56.25 15.525 56.25 30C56.25 44.475 44.475 56.25 30 56.25Z\" fill=\"#75AF71\"><\/path><path d=\"M36.4425 39.8137C35.0475 40.7662 33.51 41.25 31.875 41.25C28.4212 41.25 25.4287 38.97 23.805 35.625H30C31.035 35.625 31.875 34.785 31.875 33.75C31.875 32.715 31.035 31.875 30 31.875H22.6575C22.5712 31.2638 22.5 30.6412 22.5 30C22.5 29.3588 22.5712 28.7362 22.6575 28.125H31.875C32.91 28.125 33.75 27.285 33.75 26.25C33.75 25.215 32.91 24.375 31.875 24.375H23.805C25.4287 21.03 28.4212 18.75 31.875 18.75C33.51 18.75 35.0475 19.2337 36.4425 20.1862C37.2975 20.7675 38.4675 20.5537 39.0487 19.695C39.6337 18.84 39.4125 17.6738 38.5575 17.0888C36.555 15.7238 34.245 15 31.875 15C26.3812 15 21.6788 18.8887 19.725 24.375H16.875C15.84 24.375 15 25.215 15 26.25C15 27.285 15.84 28.125 16.875 28.125H18.915C18.8475 28.7475 18.75 29.3588 18.75 30C18.75 30.6412 18.8475 31.2525 18.915 31.875H16.875C15.84 31.875 15 32.715 15 33.75C15 34.785 15.84 35.625 16.875 35.625H19.725C21.6788 41.1112 26.3812 45 31.875 45C34.245 45 36.555 44.2762 38.5575 42.9112C39.4125 42.3263 39.6337 41.16 39.0487 40.305C38.4675 39.45 37.2975 39.2325 36.4425 39.8137Z\" fill=\"#507645\"><\/path><\/g><defs><clipPath id=\"clip0_2226_622\"><rect width=\"60\" height=\"60\" fill=\"white\"><\/rect><\/clipPath><\/defs><\/svg>\t\t\t\t<\/span>\n\t\t\t<\/div>\n\t\t\t\n\t\t\t\t\t\t<div class=\"elementor-icon-box-content\">\n\n\t\t\t\t\t\t\t\t\t<h5 class=\"elementor-icon-box-title\">\n\t\t\t\t\t\t<span  >\n\t\t\t\t\t\t\tPOUPAN\u00c7A DE \u00c1GUA EM EUROS\/ANO:\t\t\t\t\t\t<\/span>\n\t\t\t\t\t<\/h5>\n\t\t\t\t\n\t\t\t\t\n\t\t\t<\/div>\n\t\t\t\n\t\t<\/div>\n\t\t\t\t\t\t<\/div>\n\t\t\t\t<\/div>\n\t\t\t\t<div class=\"elementor-element elementor-element-dcedfac elementor-widget elementor-widget-html\" data-id=\"dcedfac\" data-element_type=\"widget\" data-e-type=\"widget\" id=\"ahorro_euros\" data-widget_type=\"html.default\">\n\t\t\t\t<div class=\"elementor-widget-container\">\n\t\t\t\t\tTotal de dinheiro poupado\t\t\t\t<\/div>\n\t\t\t\t<\/div>\n\t\t\t\t<\/div>\n\t\t\t\t\t<\/div>\n\t\t\t\t<\/div>\n\t\t\t\t<\/div>\n\t\t","protected":false},"excerpt":{"rendered":"<p>Descobre quanto vais poupar instantaneamente Indique os m\u00b2 do seu espa\u00e7o e n\u00f3s calculamos por si: M\u00b2 DA TUA INSTALA\u00c7\u00c3O POUPAN\u00c7A DE \u00c1GUA EM LITROS\/ANO: Total de litros poupados POUPAN\u00c7A DE \u00c1GUA EM EUROS\/ANO: Total de dinheiro poupado<\/p>\n","protected":false},"author":2535,"featured_media":0,"parent":0,"menu_order":0,"comment_status":"closed","ping_status":"closed","template":"","meta":{"_acf_changed":false,"footnotes":""},"class_list":["post-93909","page","type-page","status-publish"],"acf":[],"yoast_head":"<!-- This site is optimized with the Yoast SEO Premium plugin v27.1 (Yoast SEO v27.2) - https:\/\/yoast.com\/product\/yoast-seo-premium-wordpress\/ -->\n<title>Calculadora de poupan\u00e7a | Jardin Artificial<\/title>\n<meta name=\"robots\" content=\"index, follow, max-snippet:-1, max-image-preview:large, max-video-preview:-1\" \/>\n<link rel=\"canonical\" href=\"https:\/\/www.jardinartificial.es\/pt\/calculadora-de-poupanca\/\" \/>\n<meta property=\"og:locale\" content=\"pt_PT\" \/>\n<meta property=\"og:type\" content=\"article\" \/>\n<meta property=\"og:title\" content=\"Calculadora de poupan\u00e7a\" \/>\n<meta property=\"og:description\" content=\"Descobre quanto vais poupar instantaneamente Indique os m\u00b2 do seu espa\u00e7o e n\u00f3s calculamos por si: M\u00b2 DA TUA INSTALA\u00c7\u00c3O POUPAN\u00c7A DE \u00c1GUA EM LITROS\/ANO: Total de litros poupados POUPAN\u00c7A DE \u00c1GUA EM EUROS\/ANO: Total de dinheiro poupado\" \/>\n<meta property=\"og:url\" content=\"https:\/\/www.jardinartificial.es\/pt\/calculadora-de-poupanca\/\" \/>\n<meta property=\"og:site_name\" content=\"Jardin Artificial\" \/>\n<meta property=\"article:modified_time\" content=\"2025-11-14T08:31:18+00:00\" \/>\n<meta name=\"twitter:card\" content=\"summary_large_image\" \/>\n<script type=\"application\/ld+json\" class=\"yoast-schema-graph\">{\"@context\":\"https:\/\/schema.org\",\"@graph\":[{\"@type\":\"WebPage\",\"@id\":\"https:\/\/www.jardinartificial.es\/pt\/calculadora-de-poupanca\/\",\"url\":\"https:\/\/www.jardinartificial.es\/pt\/calculadora-de-poupanca\/\",\"name\":\"Calculadora de poupan\u00e7a | Jardin Artificial\",\"isPartOf\":{\"@id\":\"https:\/\/www.jardinartificial.es\/pt\/#website\"},\"datePublished\":\"2025-07-07T10:23:54+00:00\",\"dateModified\":\"2025-11-14T08:31:18+00:00\",\"breadcrumb\":{\"@id\":\"https:\/\/www.jardinartificial.es\/pt\/calculadora-de-poupanca\/#breadcrumb\"},\"inLanguage\":\"pt-PT\",\"potentialAction\":[{\"@type\":\"ReadAction\",\"target\":[\"https:\/\/www.jardinartificial.es\/pt\/calculadora-de-poupanca\/\"]}]},{\"@type\":\"BreadcrumbList\",\"@id\":\"https:\/\/www.jardinartificial.es\/pt\/calculadora-de-poupanca\/#breadcrumb\",\"itemListElement\":[{\"@type\":\"ListItem\",\"position\":1,\"name\":\"Portada\",\"item\":\"https:\/\/www.jardinartificial.es\/pt\/\"},{\"@type\":\"ListItem\",\"position\":2,\"name\":\"Calculadora de poupan\u00e7a\"}]},{\"@type\":\"WebSite\",\"@id\":\"https:\/\/www.jardinartificial.es\/pt\/#website\",\"url\":\"https:\/\/www.jardinartificial.es\/pt\/\",\"name\":\"Jard\u00edn Artificial - Venta de C\u00e9sped Artficial\",\"description\":\"C\u00e9sped Artificial barato al corte\",\"publisher\":{\"@id\":\"https:\/\/www.jardinartificial.es\/pt\/#organization\"},\"potentialAction\":[{\"@type\":\"SearchAction\",\"target\":{\"@type\":\"EntryPoint\",\"urlTemplate\":\"https:\/\/www.jardinartificial.es\/pt\/?s={search_term_string}\"},\"query-input\":{\"@type\":\"PropertyValueSpecification\",\"valueRequired\":true,\"valueName\":\"search_term_string\"}}],\"inLanguage\":\"pt-PT\"},{\"@type\":\"Organization\",\"@id\":\"https:\/\/www.jardinartificial.es\/pt\/#organization\",\"name\":\"Jard\u00edn Artificial\",\"url\":\"https:\/\/www.jardinartificial.es\/pt\/\",\"logo\":{\"@type\":\"ImageObject\",\"inLanguage\":\"pt-PT\",\"@id\":\"https:\/\/www.jardinartificial.es\/pt\/#\/schema\/logo\/image\/\",\"url\":\"https:\/\/www.jardinartificial.es\/wp-content\/uploads\/2023\/03\/logotipo.svg\",\"contentUrl\":\"https:\/\/www.jardinartificial.es\/wp-content\/uploads\/2023\/03\/logotipo.svg\",\"width\":187,\"height\":53,\"caption\":\"Jard\u00edn Artificial\"},\"image\":{\"@id\":\"https:\/\/www.jardinartificial.es\/pt\/#\/schema\/logo\/image\/\"}}]}<\/script>\n<!-- \/ Yoast SEO Premium plugin. -->","yoast_head_json":{"title":"Calculadora de poupan\u00e7a | Jardin Artificial","robots":{"index":"index","follow":"follow","max-snippet":"max-snippet:-1","max-image-preview":"max-image-preview:large","max-video-preview":"max-video-preview:-1"},"canonical":"https:\/\/www.jardinartificial.es\/pt\/calculadora-de-poupanca\/","og_locale":"pt_PT","og_type":"article","og_title":"Calculadora de poupan\u00e7a","og_description":"Descobre quanto vais poupar instantaneamente Indique os m\u00b2 do seu espa\u00e7o e n\u00f3s calculamos por si: M\u00b2 DA TUA INSTALA\u00c7\u00c3O POUPAN\u00c7A DE \u00c1GUA EM LITROS\/ANO: Total de litros poupados POUPAN\u00c7A DE \u00c1GUA EM EUROS\/ANO: Total de dinheiro poupado","og_url":"https:\/\/www.jardinartificial.es\/pt\/calculadora-de-poupanca\/","og_site_name":"Jardin Artificial","article_modified_time":"2025-11-14T08:31:18+00:00","twitter_card":"summary_large_image","schema":{"@context":"https:\/\/schema.org","@graph":[{"@type":"WebPage","@id":"https:\/\/www.jardinartificial.es\/pt\/calculadora-de-poupanca\/","url":"https:\/\/www.jardinartificial.es\/pt\/calculadora-de-poupanca\/","name":"Calculadora de poupan\u00e7a | Jardin Artificial","isPartOf":{"@id":"https:\/\/www.jardinartificial.es\/pt\/#website"},"datePublished":"2025-07-07T10:23:54+00:00","dateModified":"2025-11-14T08:31:18+00:00","breadcrumb":{"@id":"https:\/\/www.jardinartificial.es\/pt\/calculadora-de-poupanca\/#breadcrumb"},"inLanguage":"pt-PT","potentialAction":[{"@type":"ReadAction","target":["https:\/\/www.jardinartificial.es\/pt\/calculadora-de-poupanca\/"]}]},{"@type":"BreadcrumbList","@id":"https:\/\/www.jardinartificial.es\/pt\/calculadora-de-poupanca\/#breadcrumb","itemListElement":[{"@type":"ListItem","position":1,"name":"Portada","item":"https:\/\/www.jardinartificial.es\/pt\/"},{"@type":"ListItem","position":2,"name":"Calculadora de poupan\u00e7a"}]},{"@type":"WebSite","@id":"https:\/\/www.jardinartificial.es\/pt\/#website","url":"https:\/\/www.jardinartificial.es\/pt\/","name":"Jard\u00edn Artificial - Venta de C\u00e9sped Artficial","description":"C\u00e9sped Artificial barato al corte","publisher":{"@id":"https:\/\/www.jardinartificial.es\/pt\/#organization"},"potentialAction":[{"@type":"SearchAction","target":{"@type":"EntryPoint","urlTemplate":"https:\/\/www.jardinartificial.es\/pt\/?s={search_term_string}"},"query-input":{"@type":"PropertyValueSpecification","valueRequired":true,"valueName":"search_term_string"}}],"inLanguage":"pt-PT"},{"@type":"Organization","@id":"https:\/\/www.jardinartificial.es\/pt\/#organization","name":"Jard\u00edn Artificial","url":"https:\/\/www.jardinartificial.es\/pt\/","logo":{"@type":"ImageObject","inLanguage":"pt-PT","@id":"https:\/\/www.jardinartificial.es\/pt\/#\/schema\/logo\/image\/","url":"https:\/\/www.jardinartificial.es\/wp-content\/uploads\/2023\/03\/logotipo.svg","contentUrl":"https:\/\/www.jardinartificial.es\/wp-content\/uploads\/2023\/03\/logotipo.svg","width":187,"height":53,"caption":"Jard\u00edn Artificial"},"image":{"@id":"https:\/\/www.jardinartificial.es\/pt\/#\/schema\/logo\/image\/"}}]}},"_links":{"self":[{"href":"https:\/\/www.jardinartificial.es\/pt\/wp-json\/wp\/v2\/pages\/93909","targetHints":{"allow":["GET"]}}],"collection":[{"href":"https:\/\/www.jardinartificial.es\/pt\/wp-json\/wp\/v2\/pages"}],"about":[{"href":"https:\/\/www.jardinartificial.es\/pt\/wp-json\/wp\/v2\/types\/page"}],"author":[{"embeddable":true,"href":"https:\/\/www.jardinartificial.es\/pt\/wp-json\/wp\/v2\/users\/2535"}],"replies":[{"embeddable":true,"href":"https:\/\/www.jardinartificial.es\/pt\/wp-json\/wp\/v2\/comments?post=93909"}],"version-history":[{"count":0,"href":"https:\/\/www.jardinartificial.es\/pt\/wp-json\/wp\/v2\/pages\/93909\/revisions"}],"wp:attachment":[{"href":"https:\/\/www.jardinartificial.es\/pt\/wp-json\/wp\/v2\/media?parent=93909"}],"curies":[{"name":"wp","href":"https:\/\/api.w.org\/{rel}","templated":true}]}}