{"id":77040,"date":"2019-07-02T15:00:40","date_gmt":"2019-07-02T13:00:40","guid":{"rendered":"https:\/\/www.jardinartificial.es\/nosotros\/"},"modified":"2024-05-09T09:59:49","modified_gmt":"2024-05-09T07:59:49","slug":"nos","status":"publish","type":"page","link":"https:\/\/www.jardinartificial.es\/pt\/nos\/","title":{"rendered":"N\u00f3s"},"content":{"rendered":"\t\t<div data-elementor-type=\"wp-post\" data-elementor-id=\"77040\" class=\"elementor elementor-77040 elementor-572\" data-elementor-post-type=\"page\">\n\t\t\t\t<div class=\"elementor-element elementor-element-939cc0c e-flex e-con-boxed e-con e-parent\" data-id=\"939cc0c\" data-element_type=\"container\" data-e-type=\"container\">\n\t\t\t\t\t<div class=\"e-con-inner\">\n\t\t<div class=\"elementor-element elementor-element-fcf187a e-con-full e-flex e-con e-child\" data-id=\"fcf187a\" data-element_type=\"container\" data-e-type=\"container\">\n\t\t\t\t<div class=\"elementor-element elementor-element-5a138e6 elementor-invisible elementor-widget elementor-widget-image\" data-id=\"5a138e6\" data-element_type=\"widget\" data-e-type=\"widget\" data-settings=\"{&quot;_animation&quot;:&quot;fadeInLeft&quot;}\" data-widget_type=\"image.default\">\n\t\t\t\t<div class=\"elementor-widget-container\">\n\t\t\t\t\t\t\t\t\t\t\t\t\t\t\t<img fetchpriority=\"high\" decoding=\"async\" width=\"610\" height=\"520\" src=\"https:\/\/www.jardinartificial.es\/wp-content\/uploads\/2023\/09\/jardin-artificial-sobre-nosotros-1.jpg\" class=\"attachment-full size-full wp-image-77197\" alt=\"\" srcset=\"https:\/\/www.jardinartificial.es\/wp-content\/uploads\/2023\/09\/jardin-artificial-sobre-nosotros-1.jpg 610w, https:\/\/www.jardinartificial.es\/wp-content\/uploads\/2023\/09\/jardin-artificial-sobre-nosotros-1-600x511.jpg 600w, https:\/\/www.jardinartificial.es\/wp-content\/uploads\/2023\/09\/jardin-artificial-sobre-nosotros-1-300x256.jpg 300w\" sizes=\"(max-width: 610px) 100vw, 610px\" \/>\t\t\t\t\t\t\t\t\t\t\t\t\t\t\t<\/div>\n\t\t\t\t<\/div>\n\t\t\t\t<\/div>\n\t\t<div class=\"elementor-element elementor-element-214d050 e-con-full e-flex elementor-invisible e-con e-child\" data-id=\"214d050\" data-element_type=\"container\" data-e-type=\"container\" data-settings=\"{&quot;background_background&quot;:&quot;classic&quot;,&quot;animation&quot;:&quot;fadeInRight&quot;}\">\n\t\t\t\t<div class=\"elementor-element elementor-element-8bdac7e elementor-widget elementor-widget-text-editor\" data-id=\"8bdac7e\" data-element_type=\"widget\" data-e-type=\"widget\" data-widget_type=\"text-editor.default\">\n\t\t\t\t<div class=\"elementor-widget-container\">\n\t\t\t\t\t\t\t\t\t<p>Na Artificial Garden, n\u00e3o vendemos apenas produtos, criamos espa\u00e7os vivos. Somos uma equipa apaixonada que fez do design de exteriores a sua dedica\u00e7\u00e3o. A nossa hist\u00f3ria \u00e9 tecida com a convic\u00e7\u00e3o fundamental de que a qualidade e a inova\u00e7\u00e3o devem estar ao alcance de todos.<\/p>\n<p>A nossa loja online \u00e9 mais do que um simples local de compras, \u00e9 o resultado da colabora\u00e7\u00e3o entre as diferentes \u00e1reas especializadas que comp\u00f5em Jard\u00edn Artificial para oferecer o melhor produto ao melhor pre\u00e7o e o melhor servi\u00e7o aos nossos clientes.<\/p>\n\t\t\t\t\t\t\t\t<\/div>\n\t\t\t\t<\/div>\n\t\t\t\t<\/div>\n\t\t\t\t\t<\/div>\n\t\t\t\t<\/div>\n\t\t<div class=\"elementor-element elementor-element-e2ed101 e-flex e-con-boxed e-con e-parent\" data-id=\"e2ed101\" data-element_type=\"container\" data-e-type=\"container\">\n\t\t\t\t\t<div class=\"e-con-inner\">\n\t\t<div class=\"elementor-element elementor-element-c4de426 e-con-full e-flex e-con e-child\" data-id=\"c4de426\" data-element_type=\"container\" data-e-type=\"container\">\n\t\t\t\t<div class=\"elementor-element elementor-element-d6888de elementor-invisible elementor-widget elementor-widget-image\" data-id=\"d6888de\" data-element_type=\"widget\" data-e-type=\"widget\" data-settings=\"{&quot;_animation&quot;:&quot;fadeInLeft&quot;}\" data-widget_type=\"image.default\">\n\t\t\t\t<div class=\"elementor-widget-container\">\n\t\t\t\t\t\t\t\t\t\t\t\t\t\t\t<img decoding=\"async\" width=\"610\" height=\"520\" src=\"https:\/\/www.jardinartificial.es\/wp-content\/uploads\/2023\/09\/jardin-artificial-sobre-nosotros-2.jpg\" class=\"attachment-full size-full wp-image-77198\" alt=\"\" srcset=\"https:\/\/www.jardinartificial.es\/wp-content\/uploads\/2023\/09\/jardin-artificial-sobre-nosotros-2.jpg 610w, https:\/\/www.jardinartificial.es\/wp-content\/uploads\/2023\/09\/jardin-artificial-sobre-nosotros-2-600x511.jpg 600w, https:\/\/www.jardinartificial.es\/wp-content\/uploads\/2023\/09\/jardin-artificial-sobre-nosotros-2-300x256.jpg 300w\" sizes=\"(max-width: 610px) 100vw, 610px\" \/>\t\t\t\t\t\t\t\t\t\t\t\t\t\t\t<\/div>\n\t\t\t\t<\/div>\n\t\t\t\t<\/div>\n\t\t<div class=\"elementor-element elementor-element-6a05fcf e-con-full e-flex elementor-invisible e-con e-child\" data-id=\"6a05fcf\" data-element_type=\"container\" data-e-type=\"container\" data-settings=\"{&quot;background_background&quot;:&quot;classic&quot;,&quot;animation&quot;:&quot;fadeInRight&quot;}\">\n\t\t\t\t<div class=\"elementor-element elementor-element-0137357 elementor-widget elementor-widget-text-editor\" data-id=\"0137357\" data-element_type=\"widget\" data-e-type=\"widget\" data-widget_type=\"text-editor.default\">\n\t\t\t\t<div class=\"elementor-widget-container\">\n\t\t\t\t\t\t\t\t\t<p>Trabalhamos continuamente numa sele\u00e7\u00e3o cuidadosa e estudada de produtos de qualidade superior, para oferecer aos nossos clientes uma vasta gama de modelos de \u00faltima gera\u00e7\u00e3o, sempre na vanguarda. N\u00e3o nos limitamos a seguir as tend\u00eancias do mercado, criamo-las. Tudo isto, sempre com o objetivo de oferecer o melhor pre\u00e7o. Pre\u00e7o mais barato.<\/p>\n\t\t\t\t\t\t\t\t<\/div>\n\t\t\t\t<\/div>\n\t\t\t\t<\/div>\n\t\t\t\t\t<\/div>\n\t\t\t\t<\/div>\n\t\t<div class=\"elementor-element elementor-element-45fc7e5 e-flex e-con-boxed e-con e-parent\" data-id=\"45fc7e5\" data-element_type=\"container\" data-e-type=\"container\">\n\t\t\t\t\t<div class=\"e-con-inner\">\n\t\t<div class=\"elementor-element elementor-element-70b4ea6 e-con-full e-flex e-con e-child\" data-id=\"70b4ea6\" data-element_type=\"container\" data-e-type=\"container\">\n\t\t\t\t<div class=\"elementor-element elementor-element-ce9c31f elementor-invisible elementor-widget elementor-widget-image\" data-id=\"ce9c31f\" data-element_type=\"widget\" data-e-type=\"widget\" data-settings=\"{&quot;_animation&quot;:&quot;fadeInLeft&quot;}\" data-widget_type=\"image.default\">\n\t\t\t\t<div class=\"elementor-widget-container\">\n\t\t\t\t\t\t\t\t\t\t\t\t\t\t\t<img decoding=\"async\" width=\"610\" height=\"520\" src=\"https:\/\/www.jardinartificial.es\/wp-content\/uploads\/2023\/09\/jardin-artificial-sobre-nosotros-3.jpg\" class=\"attachment-full size-full wp-image-77199\" alt=\"\" srcset=\"https:\/\/www.jardinartificial.es\/wp-content\/uploads\/2023\/09\/jardin-artificial-sobre-nosotros-3.jpg 610w, https:\/\/www.jardinartificial.es\/wp-content\/uploads\/2023\/09\/jardin-artificial-sobre-nosotros-3-600x511.jpg 600w, https:\/\/www.jardinartificial.es\/wp-content\/uploads\/2023\/09\/jardin-artificial-sobre-nosotros-3-300x256.jpg 300w\" sizes=\"(max-width: 610px) 100vw, 610px\" \/>\t\t\t\t\t\t\t\t\t\t\t\t\t\t\t<\/div>\n\t\t\t\t<\/div>\n\t\t\t\t<\/div>\n\t\t<div class=\"elementor-element elementor-element-cb50d0e e-con-full e-flex elementor-invisible e-con e-child\" data-id=\"cb50d0e\" data-element_type=\"container\" data-e-type=\"container\" data-settings=\"{&quot;background_background&quot;:&quot;classic&quot;,&quot;animation&quot;:&quot;fadeInRight&quot;}\">\n\t\t\t\t<div class=\"elementor-element elementor-element-446c608 elementor-widget elementor-widget-text-editor\" data-id=\"446c608\" data-element_type=\"widget\" data-e-type=\"widget\" data-widget_type=\"text-editor.default\">\n\t\t\t\t<div class=\"elementor-widget-container\">\n\t\t\t\t\t\t\t\t\t<p>Temos uma equipa de consultores especializados que est\u00e3o \u00e0 disposi\u00e7\u00e3o para o orientar em todas as etapas do seu projeto paisag\u00edstico. Desde a escolha da relva artificial perfeita para as tuas necessidades at\u00e9 \u00e0 sele\u00e7\u00e3o dos acess\u00f3rios de instala\u00e7\u00e3o adequados, a nossa equipa est\u00e1 l\u00e1 para garantir que o teu projeto \u00e9 um sucesso.<\/p>\n<p>Bem-vindo ao Jardim Artificial, como podemos ajudar-te?<\/p>\n\t\t\t\t\t\t\t\t<\/div>\n\t\t\t\t<\/div>\n\t\t\t\t<\/div>\n\t\t\t\t\t<\/div>\n\t\t\t\t<\/div>\n\t\t\t\t<\/div>\n\t\t","protected":false},"excerpt":{"rendered":"<p>Na Artificial Garden, n\u00e3o vendemos apenas produtos, criamos espa\u00e7os vivos. Somos uma equipa apaixonada que fez do design de exteriores a sua dedica\u00e7\u00e3o. A nossa hist\u00f3ria \u00e9 tecida com a convic\u00e7\u00e3o fundamental de que a qualidade e a inova\u00e7\u00e3o devem estar ao alcance de todos. A nossa loja online \u00e9 mais do que um simples &#8230; <a title=\"N\u00f3s\" class=\"read-more\" href=\"https:\/\/www.jardinartificial.es\/pt\/nos\/\" aria-label=\"Leia mais sobre N\u00f3s\">Ler mais<\/a><\/p>\n","protected":false},"author":1,"featured_media":0,"parent":0,"menu_order":0,"comment_status":"closed","ping_status":"closed","template":"elementor_header_footer","meta":{"_acf_changed":false,"footnotes":""},"class_list":["post-77040","page","type-page","status-publish"],"acf":[],"yoast_head":"<!-- This site is optimized with the Yoast SEO Premium plugin v27.4 (Yoast SEO v27.4) - https:\/\/yoast.com\/product\/yoast-seo-premium-wordpress\/ -->\n<title>N\u00f3s | Jardin Artificial<\/title>\n<meta name=\"robots\" content=\"noindex, follow\" \/>\n<meta property=\"og:locale\" content=\"pt_PT\" \/>\n<meta property=\"og:type\" content=\"article\" \/>\n<meta property=\"og:title\" content=\"N\u00f3s\" \/>\n<meta property=\"og:description\" content=\"Na Artificial Garden, n\u00e3o vendemos apenas produtos, criamos espa\u00e7os vivos. Somos uma equipa apaixonada que fez do design de exteriores a sua dedica\u00e7\u00e3o. A nossa hist\u00f3ria \u00e9 tecida com a convic\u00e7\u00e3o fundamental de que a qualidade e a inova\u00e7\u00e3o devem estar ao alcance de todos. A nossa loja online \u00e9 mais do que um simples ... Ler mais\" \/>\n<meta property=\"og:url\" content=\"https:\/\/www.jardinartificial.es\/pt\/nos\/\" \/>\n<meta property=\"og:site_name\" content=\"Jardin Artificial\" \/>\n<meta property=\"article:modified_time\" content=\"2024-05-09T07:59:49+00:00\" \/>\n<meta property=\"og:image\" content=\"https:\/\/www.jardinartificial.es\/wp-content\/uploads\/2023\/09\/jardin-artificial-sobre-nosotros-1.jpg\" \/>\n<meta name=\"twitter:card\" content=\"summary_large_image\" \/>\n<meta name=\"twitter:label1\" content=\"Tempo estimado de leitura\" \/>\n\t<meta name=\"twitter:data1\" content=\"1 minuto\" \/>\n<script type=\"application\/ld+json\" class=\"yoast-schema-graph\">{\"@context\":\"https:\\\/\\\/schema.org\",\"@graph\":[{\"@type\":\"WebPage\",\"@id\":\"https:\\\/\\\/www.jardinartificial.es\\\/pt\\\/nos\\\/\",\"url\":\"https:\\\/\\\/www.jardinartificial.es\\\/pt\\\/nos\\\/\",\"name\":\"N\u00f3s | Jardin Artificial\",\"isPartOf\":{\"@id\":\"https:\\\/\\\/www.jardinartificial.es\\\/pt\\\/#website\"},\"primaryImageOfPage\":{\"@id\":\"https:\\\/\\\/www.jardinartificial.es\\\/pt\\\/nos\\\/#primaryimage\"},\"image\":{\"@id\":\"https:\\\/\\\/www.jardinartificial.es\\\/pt\\\/nos\\\/#primaryimage\"},\"thumbnailUrl\":\"https:\\\/\\\/www.jardinartificial.es\\\/wp-content\\\/uploads\\\/2023\\\/09\\\/jardin-artificial-sobre-nosotros-1.jpg\",\"datePublished\":\"2019-07-02T13:00:40+00:00\",\"dateModified\":\"2024-05-09T07:59:49+00:00\",\"breadcrumb\":{\"@id\":\"https:\\\/\\\/www.jardinartificial.es\\\/pt\\\/nos\\\/#breadcrumb\"},\"inLanguage\":\"pt-PT\",\"potentialAction\":[{\"@type\":\"ReadAction\",\"target\":[\"https:\\\/\\\/www.jardinartificial.es\\\/pt\\\/nos\\\/\"]}]},{\"@type\":\"ImageObject\",\"inLanguage\":\"pt-PT\",\"@id\":\"https:\\\/\\\/www.jardinartificial.es\\\/pt\\\/nos\\\/#primaryimage\",\"url\":\"https:\\\/\\\/www.jardinartificial.es\\\/wp-content\\\/uploads\\\/2023\\\/09\\\/jardin-artificial-sobre-nosotros-1.jpg\",\"contentUrl\":\"https:\\\/\\\/www.jardinartificial.es\\\/wp-content\\\/uploads\\\/2023\\\/09\\\/jardin-artificial-sobre-nosotros-1.jpg\"},{\"@type\":\"BreadcrumbList\",\"@id\":\"https:\\\/\\\/www.jardinartificial.es\\\/pt\\\/nos\\\/#breadcrumb\",\"itemListElement\":[{\"@type\":\"ListItem\",\"position\":1,\"name\":\"Portada\",\"item\":\"https:\\\/\\\/www.jardinartificial.es\\\/pt\\\/\"},{\"@type\":\"ListItem\",\"position\":2,\"name\":\"N\u00f3s\"}]},{\"@type\":\"WebSite\",\"@id\":\"https:\\\/\\\/www.jardinartificial.es\\\/pt\\\/#website\",\"url\":\"https:\\\/\\\/www.jardinartificial.es\\\/pt\\\/\",\"name\":\"Jard\u00edn Artificial - Venta de C\u00e9sped Artficial\",\"description\":\"C\u00e9sped Artificial barato al corte\",\"publisher\":{\"@id\":\"https:\\\/\\\/www.jardinartificial.es\\\/pt\\\/#organization\"},\"potentialAction\":[{\"@type\":\"SearchAction\",\"target\":{\"@type\":\"EntryPoint\",\"urlTemplate\":\"https:\\\/\\\/www.jardinartificial.es\\\/pt\\\/?s={search_term_string}\"},\"query-input\":{\"@type\":\"PropertyValueSpecification\",\"valueRequired\":true,\"valueName\":\"search_term_string\"}}],\"inLanguage\":\"pt-PT\"},{\"@type\":\"Organization\",\"@id\":\"https:\\\/\\\/www.jardinartificial.es\\\/pt\\\/#organization\",\"name\":\"Jard\u00edn Artificial\",\"url\":\"https:\\\/\\\/www.jardinartificial.es\\\/pt\\\/\",\"logo\":{\"@type\":\"ImageObject\",\"inLanguage\":\"pt-PT\",\"@id\":\"https:\\\/\\\/www.jardinartificial.es\\\/pt\\\/#\\\/schema\\\/logo\\\/image\\\/\",\"url\":\"https:\\\/\\\/www.jardinartificial.es\\\/wp-content\\\/uploads\\\/2023\\\/03\\\/logotipo.svg\",\"contentUrl\":\"https:\\\/\\\/www.jardinartificial.es\\\/wp-content\\\/uploads\\\/2023\\\/03\\\/logotipo.svg\",\"width\":187,\"height\":53,\"caption\":\"Jard\u00edn Artificial\"},\"image\":{\"@id\":\"https:\\\/\\\/www.jardinartificial.es\\\/pt\\\/#\\\/schema\\\/logo\\\/image\\\/\"}}]}<\/script>\n<!-- \/ Yoast SEO Premium plugin. -->","yoast_head_json":{"title":"N\u00f3s | Jardin Artificial","robots":{"index":"noindex","follow":"follow"},"og_locale":"pt_PT","og_type":"article","og_title":"N\u00f3s","og_description":"Na Artificial Garden, n\u00e3o vendemos apenas produtos, criamos espa\u00e7os vivos. Somos uma equipa apaixonada que fez do design de exteriores a sua dedica\u00e7\u00e3o. A nossa hist\u00f3ria \u00e9 tecida com a convic\u00e7\u00e3o fundamental de que a qualidade e a inova\u00e7\u00e3o devem estar ao alcance de todos. A nossa loja online \u00e9 mais do que um simples ... Ler mais","og_url":"https:\/\/www.jardinartificial.es\/pt\/nos\/","og_site_name":"Jardin Artificial","article_modified_time":"2024-05-09T07:59:49+00:00","og_image":[{"url":"https:\/\/www.jardinartificial.es\/wp-content\/uploads\/2023\/09\/jardin-artificial-sobre-nosotros-1.jpg","type":"","width":"","height":""}],"twitter_card":"summary_large_image","twitter_misc":{"Tempo estimado de leitura":"1 minuto"},"schema":{"@context":"https:\/\/schema.org","@graph":[{"@type":"WebPage","@id":"https:\/\/www.jardinartificial.es\/pt\/nos\/","url":"https:\/\/www.jardinartificial.es\/pt\/nos\/","name":"N\u00f3s | Jardin Artificial","isPartOf":{"@id":"https:\/\/www.jardinartificial.es\/pt\/#website"},"primaryImageOfPage":{"@id":"https:\/\/www.jardinartificial.es\/pt\/nos\/#primaryimage"},"image":{"@id":"https:\/\/www.jardinartificial.es\/pt\/nos\/#primaryimage"},"thumbnailUrl":"https:\/\/www.jardinartificial.es\/wp-content\/uploads\/2023\/09\/jardin-artificial-sobre-nosotros-1.jpg","datePublished":"2019-07-02T13:00:40+00:00","dateModified":"2024-05-09T07:59:49+00:00","breadcrumb":{"@id":"https:\/\/www.jardinartificial.es\/pt\/nos\/#breadcrumb"},"inLanguage":"pt-PT","potentialAction":[{"@type":"ReadAction","target":["https:\/\/www.jardinartificial.es\/pt\/nos\/"]}]},{"@type":"ImageObject","inLanguage":"pt-PT","@id":"https:\/\/www.jardinartificial.es\/pt\/nos\/#primaryimage","url":"https:\/\/www.jardinartificial.es\/wp-content\/uploads\/2023\/09\/jardin-artificial-sobre-nosotros-1.jpg","contentUrl":"https:\/\/www.jardinartificial.es\/wp-content\/uploads\/2023\/09\/jardin-artificial-sobre-nosotros-1.jpg"},{"@type":"BreadcrumbList","@id":"https:\/\/www.jardinartificial.es\/pt\/nos\/#breadcrumb","itemListElement":[{"@type":"ListItem","position":1,"name":"Portada","item":"https:\/\/www.jardinartificial.es\/pt\/"},{"@type":"ListItem","position":2,"name":"N\u00f3s"}]},{"@type":"WebSite","@id":"https:\/\/www.jardinartificial.es\/pt\/#website","url":"https:\/\/www.jardinartificial.es\/pt\/","name":"Jard\u00edn Artificial - Venta de C\u00e9sped Artficial","description":"C\u00e9sped Artificial barato al corte","publisher":{"@id":"https:\/\/www.jardinartificial.es\/pt\/#organization"},"potentialAction":[{"@type":"SearchAction","target":{"@type":"EntryPoint","urlTemplate":"https:\/\/www.jardinartificial.es\/pt\/?s={search_term_string}"},"query-input":{"@type":"PropertyValueSpecification","valueRequired":true,"valueName":"search_term_string"}}],"inLanguage":"pt-PT"},{"@type":"Organization","@id":"https:\/\/www.jardinartificial.es\/pt\/#organization","name":"Jard\u00edn Artificial","url":"https:\/\/www.jardinartificial.es\/pt\/","logo":{"@type":"ImageObject","inLanguage":"pt-PT","@id":"https:\/\/www.jardinartificial.es\/pt\/#\/schema\/logo\/image\/","url":"https:\/\/www.jardinartificial.es\/wp-content\/uploads\/2023\/03\/logotipo.svg","contentUrl":"https:\/\/www.jardinartificial.es\/wp-content\/uploads\/2023\/03\/logotipo.svg","width":187,"height":53,"caption":"Jard\u00edn Artificial"},"image":{"@id":"https:\/\/www.jardinartificial.es\/pt\/#\/schema\/logo\/image\/"}}]}},"_links":{"self":[{"href":"https:\/\/www.jardinartificial.es\/pt\/wp-json\/wp\/v2\/pages\/77040","targetHints":{"allow":["GET"]}}],"collection":[{"href":"https:\/\/www.jardinartificial.es\/pt\/wp-json\/wp\/v2\/pages"}],"about":[{"href":"https:\/\/www.jardinartificial.es\/pt\/wp-json\/wp\/v2\/types\/page"}],"author":[{"embeddable":true,"href":"https:\/\/www.jardinartificial.es\/pt\/wp-json\/wp\/v2\/users\/1"}],"replies":[{"embeddable":true,"href":"https:\/\/www.jardinartificial.es\/pt\/wp-json\/wp\/v2\/comments?post=77040"}],"version-history":[{"count":0,"href":"https:\/\/www.jardinartificial.es\/pt\/wp-json\/wp\/v2\/pages\/77040\/revisions"}],"wp:attachment":[{"href":"https:\/\/www.jardinartificial.es\/pt\/wp-json\/wp\/v2\/media?parent=77040"}],"curies":[{"name":"wp","href":"https:\/\/api.w.org\/{rel}","templated":true}]}}