{"id":77020,"date":"2023-09-05T09:30:50","date_gmt":"2023-09-05T07:30:50","guid":{"rendered":"https:\/\/www.jardinartificial.es\/politica-de-cookies-2\/"},"modified":"2026-03-05T09:22:25","modified_gmt":"2026-03-05T08:22:25","slug":"politica-de-cookies","status":"publish","type":"page","link":"https:\/\/www.jardinartificial.es\/pt\/politica-de-cookies\/","title":{"rendered":"Pol\u00edtica de Cookies"},"content":{"rendered":"\t\t<div data-elementor-type=\"wp-page\" data-elementor-id=\"77020\" class=\"elementor elementor-77020 elementor-56253\" data-elementor-post-type=\"page\">\n\t\t\t\t<div class=\"elementor-element elementor-element-d2fa981 e-flex e-con-boxed e-con e-parent\" data-id=\"d2fa981\" data-element_type=\"container\" data-e-type=\"container\">\n\t\t\t\t\t<div class=\"e-con-inner\">\n\t\t\t\t<div class=\"elementor-element elementor-element-2ea9ec9 elementor-widget elementor-widget-heading\" data-id=\"2ea9ec9\" data-element_type=\"widget\" data-e-type=\"widget\" data-widget_type=\"heading.default\">\n\t\t\t\t<div class=\"elementor-widget-container\">\n\t\t\t\t\t<h1 class=\"elementor-heading-title elementor-size-default\">Pol\u00edtica de Cookies<\/h1>\t\t\t\t<\/div>\n\t\t\t\t<\/div>\n\t\t\t\t<div class=\"elementor-element elementor-element-470a1b7 elementor-widget elementor-widget-text-editor\" data-id=\"470a1b7\" data-element_type=\"widget\" data-e-type=\"widget\" data-widget_type=\"text-editor.default\">\n\t\t\t\t<div class=\"elementor-widget-container\">\n\t\t\t\t\t\t\t\t\t<h2>INFORMA\u00c7\u00d5ES SOBRE COOKIES<\/h2><p><strong> <\/strong>De acordo com a Lei 34\/2002, de 11 de julho, sobre servi\u00e7os da sociedade da informa\u00e7\u00e3o e com\u00e9rcio eletr\u00f3nico (LSSI), em rela\u00e7\u00e3o ao Regulamento (UE) 2016\/679 do Parlamento Europeu e do Conselho, de 27 de abril de 2016, Regulamento Geral de Prote\u00e7\u00e3o de Dados (RGPD) e a Lei Org\u00e2nica 3\/2018, de 5 de dezembro, sobre Prote\u00e7\u00e3o de Dados e Garantia dos Direitos Digitais (LOPDGDD), \u00e9 obrigat\u00f3rio obter o consentimento expresso do utilizador de todos os sites que utilizam cookies dispens\u00e1veis, antes de o utilizador navegar neles.<\/p><h2>O QUE S\u00c3O BOLACHAS?<\/h2><p><em>Os cookies <\/em>e outras tecnologias semelhantes, como os objectos locais partilhados, <em>os <\/em>flash <em>cookies <\/em>ou os pixels, s\u00e3o ferramentas utilizadas pelos servidores Web para armazenar e recuperar informa\u00e7\u00f5es sobre os seus visitantes e para assegurar o bom funcionamento do s\u00edtio.<\/p><p>A utiliza\u00e7\u00e3o destes dispositivos permite que o servidor Web memorize alguns dados relativos ao utilizador, como as suas prefer\u00eancias de visualiza\u00e7\u00e3o das p\u00e1ginas desse servidor, nome e palavra-passe, produtos que mais lhe interessam, etc.<\/p><h2>COOKIES AFECTADOS PELO REGULAMENTO E COOKIES ISENTOS<\/h2><p>De acordo com a diretiva da UE, o  <em>biscoitos  <\/em>que exigem o consentimento informado do utilizador s\u00e3o as seguintes  <em>biscoitos  <\/em>an\u00e1lise, publicidade e afilia\u00e7\u00e3o, com exce\u00e7\u00e3o das de natureza t\u00e9cnica e das necess\u00e1rias para o funcionamento do s\u00edtio Web ou para a presta\u00e7\u00e3o de servi\u00e7os expressamente solicitados pelo utilizador.<\/p><h2>TIPOS DE COOKIES<\/h2><p><strong>DEPENDENDO DO OBJECTIVO<\/strong><\/p><p><strong>\n  <em>Cookies <\/em>\n<\/strong><strong>t\u00e9cnicos e funcionais<\/strong>: s\u00e3o aqueles que permitem ao utilizador navegar atrav\u00e9s de um s\u00edtio Web, plataforma ou aplica\u00e7\u00e3o e utilizar as diferentes op\u00e7\u00f5es ou servi\u00e7os existentes no mesmo<em>.<\/em><\/p><p><strong>\n  <em>Cookies <\/em>\n<\/strong><strong>Anal\u00edticos<\/strong>: s\u00e3o cookies que permitem \u00e0 parte respons\u00e1vel por eles monitorizar e analisar o comportamento dos utilizadores dos s\u00edtios Web a que est\u00e3o ligados. A informa\u00e7\u00e3o recolhida atrav\u00e9s deste tipo de <em>cookies <\/em> \u00e9 utilizado para medir a atividade dos s\u00edtios, aplica\u00e7\u00f5es ou plataformas e para a elabora\u00e7\u00e3o de perfis de navega\u00e7\u00e3o dos utilizadores desses s\u00edtios, aplica\u00e7\u00f5es e plataformas, a fim de introduzir melhorias com base na an\u00e1lise dos dados sobre a utiliza\u00e7\u00e3o feita pelos utilizadores do servi\u00e7o.<\/p><p><strong>\n  <em>Cookies <\/em>\n<\/strong><strong>cookies de publicidade: <\/strong> s\u00e3o aqueles que permitem gerir, da forma mais eficiente poss\u00edvel, os espa\u00e7os publicit\u00e1rios que, se for caso disso, o editor tenha inclu\u00eddo num s\u00edtio Web, aplica\u00e7\u00e3o ou plataforma a partir da qual presta o servi\u00e7o solicitado, com base em crit\u00e9rios como o conte\u00fado editado ou a frequ\u00eancia com que os an\u00fancios s\u00e3o exibidos.<\/p><p><strong><em>Cookies  <\/em><\/strong><strong>de publicidade comportamental<\/strong>recolher informa\u00e7\u00f5es sobre as prefer\u00eancias e escolhas pessoais do utilizador (<em>redireccionamento<\/em>) para permitir a gest\u00e3o, da forma mais eficaz poss\u00edvel, dos espa\u00e7os publicit\u00e1rios que, se for caso disso, o editor tenha inclu\u00eddo num s\u00edtio Web, numa aplica\u00e7\u00e3o ou numa plataforma a partir da qual presta o servi\u00e7o solicitado.<\/p><p><strong>\n  <em>Cookies <\/em>\n<\/strong><strong>sociais<\/strong>: s\u00e3o definidos pelas plataformas de redes sociais nos servi\u00e7os para te permitir partilhar conte\u00fados com os teus amigos e redes. As plataformas de redes sociais t\u00eam a capacidade de seguir a tua atividade online fora dos Servi\u00e7os. Isto pode afetar o conte\u00fado e as mensagens que v\u00eas noutros servi\u00e7os que visitas.<\/p><p><strong>\n  <em>Cookies <\/em>\n<\/strong><strong>cookies de<\/strong> afilia\u00e7\u00e3o: permitem seguir as visitas de outros s\u00edtios Web com os quais o s\u00edtio Web tem um contrato de afilia\u00e7\u00e3o (empresas de afilia\u00e7\u00e3o).<\/p><p><strong>\n  <em>Cookies <\/em>\n<\/strong>cookies <strong>de seguran\u00e7a<\/strong>: armazenam informa\u00e7\u00f5es encriptadas para evitar que os dados armazenados sejam vulner\u00e1veis a ataques maliciosos de terceiros.<\/p><h2>DE ACORDO COM A PROPRIEDADE<\/h2><p><strong>\n  <em>Cookies <\/em>\n<\/strong><strong>pr\u00f3prios<\/strong>: s\u00e3o aqueles que s\u00e3o enviados para o equipamento terminal do utilizador a partir de um computador ou dom\u00ednio gerido pelo pr\u00f3prio editor e a partir do qual \u00e9 prestado o servi\u00e7o solicitado pelo utilizador.<\/p><p><strong>\n  <em>Cookies <\/em>\n<\/strong><strong>Cookies de terceiros: <\/strong>s\u00e3o aqueles que s\u00e3o enviados para o equipamento terminal do utilizador a partir de um computador ou dom\u00ednio que n\u00e3o \u00e9 gerido pelo editor, mas por outra entidade que processa os dados obtidos atrav\u00e9s dos cookies.<\/p><h2>DE ACORDO COM O PRAZO DE VALIDADE<\/h2><p><strong>\n  <em>Cookies <\/em>\n<\/strong><strong>Cookies de sess\u00e3o: <\/strong>s\u00e3o um tipo de <em>cookie <\/em>concebido para recolher e armazenar dados enquanto o utilizador acede a uma p\u00e1gina Web.<\/p><p><strong>\n  <em>Cookies <\/em>\n<\/strong><strong>Cookies persistentes: <\/strong>s\u00e3o um tipo de cookie em que os dados ficam armazenados no terminal e podem ser acedidos e tratados durante um per\u00edodo definido pelo respons\u00e1vel pelo <em>cookie<\/em>, que pode ir de alguns minutos a v\u00e1rios anos.<\/p><h2>TRATAMENTO DE DADOS PESSOAIS<\/h2><p>GARDENSTORE, S.L. \u00e9 a  <strong>Respons\u00e1vel pelo tratamento dos <\/strong>dados pessoais do  <strong>Parte Interessada <\/strong>e informa-te de que estes dados ser\u00e3o tratados em conformidade com as disposi\u00e7\u00f5es do Regulamento (UE) 2016\/679 de 27 de abril de 2016 (RGPD), para o qual te s\u00e3o fornecidas as seguintes informa\u00e7\u00f5es de tratamento:<\/p><p><strong>Finalidades do tratamento: <\/strong>conforme especificado na sec\u00e7\u00e3o sobre <em>cookies <\/em>utilizados neste s\u00edtio Web.<\/p><p><strong>Legitima\u00e7\u00e3o do tratamento<\/strong>: exceto nos casos em que seja necess\u00e1rio para a navega\u00e7\u00e3o no s\u00edtio Web, mediante o consentimento da pessoa em causa (art. 6.1 do RGPD).<\/p><p><strong>Crit\u00e9rios de conserva\u00e7\u00e3o dos dados<\/strong>: conforme especificado na sec\u00e7\u00e3o sobre <em>cookies <\/em>utilizados no s\u00edtio Web.<\/p><p><strong>Comunica\u00e7\u00e3o de dados<\/strong>: os dados n\u00e3o ser\u00e3o comunicados a terceiros, exceto no caso de cookies pertencentes a terceiros ou por obriga\u00e7\u00e3o legal.<\/p><h2>Direitos da parte interessada:<\/h2><ul><li>Direito de retirar o consentimento em qualquer altura<\/li><li>Direito de acesso, retifica\u00e7\u00e3o, portabilidade e apagamento dos teus dados, bem como o direito de limitar ou opor-se \u00e0 utiliza\u00e7\u00e3o dos teus dados.<\/li><li>O direito de apresentar uma queixa \u00e0 autoridade de supervis\u00e3o (www.aepd.es) se considerares que o processamento n\u00e3o est\u00e1 em conformidade com os regulamentos.<\/li><\/ul><h2>Contactos para exerceres os teus direitos:<\/h2><p>GARDENSTORE, S.L.. Ctra. del Copero 6, Nave B m\u00f3dulo1, VGP Park &#8211; 41703 Dos Hermanas (Sevilha). E- mail: <a href=\"mailto:info@gardenstore.es\">info@gardenstore.es<\/a><\/p><p><strong>COOKIES UTILIZADOS NESTE S\u00cdTIO WEB<\/strong><\/p><p>[cookie_audit]<\/p><p>Os servi\u00e7os de terceiros est\u00e3o fora do controlo do editor. Os fornecedores podem alterar as suas condi\u00e7\u00f5es de servi\u00e7o, a finalidade e a utiliza\u00e7\u00e3o de cookies, etc., em qualquer altura.<\/p><h2>Fornecedores externos deste s\u00edtio Web:<\/h2><p><strong> <\/strong><\/p><table><tbody><tr><td width=\"227\">\n  <strong>Editora<\/strong>\n<\/td><td width=\"414\">\n  <strong>Pol\u00edtica de privacidade<\/strong>\n<\/td><\/tr><tr><td width=\"227\">Adform<\/td><td width=\"414\">\n  <a href=\"https:\/\/site.adform.com\/privacy-center\/overview\">https:\/\/site.adform.com\/privacy-center\/overview<\/a>\n<\/td><\/tr><tr><td width=\"227\">Adobe Analytics<\/td><td width=\"414\"> <\/td><\/tr><tr><td width=\"227\">Adobe Audience Manager<\/td><td width=\"414\">\n  <a href=\"https:\/\/www.adobe.com\/nl\/privacy.html\">https:\/\/www.adobe.com\/nl\/privacy.html<\/a>\n<\/td><\/tr><tr><td width=\"227\">Casale Media<\/td><td width=\"414\">\n  <a href=\"https:\/\/casalemedia.com\/\">https:\/\/casalemedia.com<\/a>\n<\/td><\/tr><tr><td width=\"227\">DoubleClick\/Google Marketing<\/td><td width=\"414\">\n  <a href=\"https:\/\/privacy.google.com\/take-control.html\">https:\/\/privacy.google.com\/take-control.html<\/a>\n<\/td><\/tr><tr><td width=\"227\">Facebook<\/td><td width=\"414\">\n  <a href=\"https:\/\/www.facebook.com\/about\/privacy\/\">https:\/\/www.facebook.com\/about\/privacy\/<\/a>\n<\/td><\/tr><tr><td width=\"227\">Google Analytics<\/td><td width=\"414\">\n  <a href=\"https:\/\/privacy.google.com\/take-control.html\">https:\/\/privacy.google.com\/take-control.html<\/a>\n<\/td><\/tr><tr><td width=\"227\">Procura no Google<\/td><td width=\"414\">\n  <a href=\"https:\/\/privacy.google.com\/take-control.html\">https:\/\/privacy.google.com\/take-control.html<\/a>\n<\/td><\/tr><tr><td width=\"227\">Procura no Google<\/td><td width=\"414\">\n  <a href=\"https:\/\/safety.google\/privacy\/privacy-controls\/\">https:\/\/safety.google\/privacy\/privacy-controls\/<\/a>\n<\/td><\/tr><tr><td width=\"227\">Microsoft<\/td><td width=\"414\">\n  <a href=\"https:\/\/rgpd.inprotect.es\/admin\/lopd\/documentacion\/A\">N\/A<\/a>\n<\/td><\/tr><tr><td width=\"227\">Microsoft<\/td><td width=\"414\">\n  <a href=\"https:\/\/account.microsoft.com\/privacy\">https:\/\/account.microsoft.com\/privacy<\/a>\n<\/td><\/tr><tr><td width=\"227\">PHP.net<\/td><td width=\"414\">\n  <a href=\"https:\/\/www.php.net\/privacy.php\">https:\/\/www.php.net\/privacy.php<\/a>\n<\/td><\/tr><tr><td width=\"227\">PubMatic<\/td><td width=\"414\">\n  <a href=\"https:\/\/pubmatic.com\/legal\/privacy\/\">https:\/\/pubmatic.com\/legal\/privacy\/<\/a>\n<\/td><\/tr><tr><td width=\"227\">Folha de Rapina<\/td><td width=\"414\">\n  <a href=\"https:\/\/www.towerdata.com\/privacy-policy\">https:\/\/www.towerdata.com\/privacy-policy<\/a>\n<\/td><\/tr><tr><td width=\"227\">For\u00e7a de vendas<\/td><td width=\"414\">\n  <a href=\"https:\/\/www.salesforce.com\/products\/marketing-cloud\/sfmc\/salesforce-dmp-privacy\">https:\/\/www.salesforce.com\/products\/marketing-cloud\/sfmc\/salesforce-dmp-privacy<\/a>\n<\/td><\/tr><tr><td width=\"227\">Taboola<\/td><td width=\"414\">\n  <a href=\"https:\/\/rgpd.inprotect.es\/admin\/lopd\/documentacion\/A\">N\/A<\/a>\n<\/td><\/tr><tr><td width=\"227\">Youtube<\/td><td width=\"414\">\n  <a href=\"https:\/\/policies.google.com\/privacy\">https:\/\/policies.google.com\/privacy<\/a>\n<\/td><\/tr><tr><td width=\"227\">Youtube<\/td><td width=\"414\">\n  <a href=\"https:\/\/privacy.google.com\/take-control.html\">https:\/\/privacy.google.com\/take-control.html<\/a>\n<\/td><\/tr><tr><td width=\"227\">demdex.net<\/td><td width=\"414\">\n  <a href=\"https:\/\/rgpd.inprotect.es\/admin\/lopd\/documentacion\/A\">N\/A<\/a>\n<\/td><\/tr><\/tbody><\/table><table><tbody><tr><td colspan=\"3\" width=\"641\"><strong>COMO GERIR OS COOKIES A PARTIR DO TEU BROWSER<\/strong><\/td><\/tr><tr><td colspan=\"2\" width=\"192\"><strong>Eliminar os cookies do teu dispositivo<\/strong><\/td><td width=\"449\"><p>Os cookies que j\u00e1 se encontram num dispositivo podem ser eliminados limpando o hist\u00f3rico do browser, o que elimina os cookies de todos os s\u00edtios Web visitados.<\/p><p>No entanto, algumas das informa\u00e7\u00f5es guardadas (por exemplo, dados de in\u00edcio de sess\u00e3o ou prefer\u00eancias do s\u00edtio Web) tamb\u00e9m podem ser perdidas.<\/p><\/td><\/tr><tr><td colspan=\"2\" width=\"192\">\n  <strong>Gerir os cookies espec\u00edficos do s\u00edtio<\/strong>\n<\/td><td width=\"449\">Para ter um controlo mais preciso sobre os cookies espec\u00edficos de um s\u00edtio, os utilizadores podem ajustar as suas defini\u00e7\u00f5es de privacidade e de cookies no seu browser.<\/td><\/tr><tr><td colspan=\"2\" width=\"192\"><strong>Bloqueia<\/strong> <strong>os<\/strong> <strong>cookies<\/strong><\/td><td width=\"449\">Embora a maioria dos browsers modernos possa ser configurada para impedir a instala\u00e7\u00e3o de cookies no teu dispositivo, isto pode exigir que ajustes manualmente certas prefer\u00eancias sempre que visitas um site ou p\u00e1gina. Al\u00e9m disso, alguns servi\u00e7os e funcionalidades podem n\u00e3o funcionar corretamente (por exemplo, os logins de perfil).<\/td><\/tr><tr><td colspan=\"3\" width=\"641\"><strong>COMO APAGAR OS COOKIES DOS BROWSERS MAIS COMUNS<\/strong><\/td><\/tr><tr><td width=\"81\">\n  <strong>Cromo<\/strong>\n<\/td><td colspan=\"2\" width=\"560\">\n  <a href=\"http:\/\/support.google.com\/chrome\/answer\/95647?hl=es\">http:\/\/support.google.com\/chrome\/answer\/95647?hl=es<\/a>\n<\/td><\/tr><tr><td width=\"81\">\n  <strong>Borda<\/strong>\n<\/td><td colspan=\"2\" width=\"560\">\n  <a href=\"https:\/\/support.microsoft.com\/es-es\/microsoft-edge\/eliminar-las-cookies-en-microsoft-edge-63947406-40ac-c3b8-57b9-2a946a29ae09\">https:\/\/support.microsoft.com\/es-es\/microsoft-edge\/eliminar-las-cookies-en-microsoft-edge-63947406-40ac-c3b8-57b9-2a946a29ae09<\/a>\n<\/td><\/tr><tr><td width=\"81\">\n  <strong>Explorador<\/strong>\n<\/td><td colspan=\"2\" width=\"560\">\n  <a href=\"https:\/\/support.microsoft.com\/es-es\/help\/278835\/how-to-delete-cookie-files-in-internet-explorer\">https:\/\/support.microsoft.com\/es-es\/help\/278835\/how-to-delete-cookie-files-in-internet-explorer<\/a>\n<\/td><\/tr><tr><td width=\"81\">\n  <strong>Firefox<\/strong>\n<\/td><td colspan=\"2\" width=\"560\">\n  <a href=\"https:\/\/www.mozilla.org\/es-ES\/privacy\/websites\/#cookies\">https:\/\/www.mozilla.org\/es-ES\/privacy\/websites\/#cookies<\/a>\n<\/td><\/tr><tr><td width=\"81\">\n  <strong>Safari<\/strong>\n<\/td><td colspan=\"2\" width=\"560\">\n  <a href=\"https:\/\/support.apple.com\/es-es\/guide\/safari\/sfri11471\/mac\">https:\/\/support.apple.com\/es-es\/guide\/safari\/sfri11471\/mac<\/a>\n<\/td><\/tr><tr><td width=\"81\">\n  <strong>\u00d3pera<\/strong>\n<\/td><td colspan=\"2\" width=\"560\">\n  <a href=\"https:\/\/help.opera.com\/en\/latest\/security-and-privacy\/#clearBrowsingData\">https:\/\/help.opera.com\/en\/latest\/security-and-privacy\/#clearBrowsingData<\/a>\n<\/td><\/tr><tr><td width=\"81\"> <\/td><td width=\"111\"> <\/td><td width=\"449\"> <\/td><\/tr><\/tbody><\/table>\t\t\t\t\t\t\t\t<\/div>\n\t\t\t\t<\/div>\n\t\t\t\t\t<\/div>\n\t\t\t\t<\/div>\n\t\t\t\t<\/div>\n\t\t","protected":false},"excerpt":{"rendered":"<p>INFORMA\u00c7\u00d5ES SOBRE COOKIES De acordo com a Lei 34\/2002, de 11 de julho, sobre servi\u00e7os da sociedade da informa\u00e7\u00e3o e com\u00e9rcio eletr\u00f3nico (LSSI), em rela\u00e7\u00e3o ao Regulamento (UE) 2016\/679 do Parlamento Europeu e do Conselho, de 27 de abril de 2016, Regulamento Geral de Prote\u00e7\u00e3o de Dados (RGPD) e a Lei Org\u00e2nica 3\/2018, de 5 &#8230; <a title=\"Pol\u00edtica de Cookies\" class=\"read-more\" href=\"https:\/\/www.jardinartificial.es\/pt\/politica-de-cookies\/\" aria-label=\"Leia mais sobre Pol\u00edtica de Cookies\">Ler mais<\/a><\/p>\n","protected":false},"author":2535,"featured_media":0,"parent":0,"menu_order":0,"comment_status":"closed","ping_status":"closed","template":"","meta":{"_acf_changed":false,"footnotes":""},"class_list":["post-77020","page","type-page","status-publish"],"acf":[],"yoast_head":"<!-- This site is optimized with the Yoast SEO Premium plugin v27.1 (Yoast SEO v27.2) - https:\/\/yoast.com\/product\/yoast-seo-premium-wordpress\/ -->\n<title>Pol\u00edtica de Cookies | Jardin Artificial<\/title>\n<meta name=\"robots\" content=\"index, follow, max-snippet:-1, max-image-preview:large, max-video-preview:-1\" \/>\n<link rel=\"canonical\" href=\"https:\/\/www.jardinartificial.es\/pt\/politica-de-cookies\/\" \/>\n<meta property=\"og:locale\" content=\"pt_PT\" \/>\n<meta property=\"og:type\" content=\"article\" \/>\n<meta property=\"og:title\" content=\"Pol\u00edtica de Cookies\" \/>\n<meta property=\"og:description\" content=\"INFORMA\u00c7\u00d5ES SOBRE COOKIES De acordo com a Lei 34\/2002, de 11 de julho, sobre servi\u00e7os da sociedade da informa\u00e7\u00e3o e com\u00e9rcio eletr\u00f3nico (LSSI), em rela\u00e7\u00e3o ao Regulamento (UE) 2016\/679 do Parlamento Europeu e do Conselho, de 27 de abril de 2016, Regulamento Geral de Prote\u00e7\u00e3o de Dados (RGPD) e a Lei Org\u00e2nica 3\/2018, de 5 ... Ler mais\" \/>\n<meta property=\"og:url\" content=\"https:\/\/www.jardinartificial.es\/pt\/politica-de-cookies\/\" \/>\n<meta property=\"og:site_name\" content=\"Jardin Artificial\" \/>\n<meta property=\"article:modified_time\" content=\"2026-03-05T08:22:25+00:00\" \/>\n<meta name=\"twitter:card\" content=\"summary_large_image\" \/>\n<meta name=\"twitter:label1\" content=\"Tempo estimado de leitura\" \/>\n\t<meta name=\"twitter:data1\" content=\"6 minutos\" \/>\n<script type=\"application\/ld+json\" class=\"yoast-schema-graph\">{\"@context\":\"https:\/\/schema.org\",\"@graph\":[{\"@type\":\"WebPage\",\"@id\":\"https:\/\/www.jardinartificial.es\/pt\/politica-de-cookies\/\",\"url\":\"https:\/\/www.jardinartificial.es\/pt\/politica-de-cookies\/\",\"name\":\"Pol\u00edtica de Cookies | Jardin Artificial\",\"isPartOf\":{\"@id\":\"https:\/\/www.jardinartificial.es\/pt\/#website\"},\"datePublished\":\"2023-09-05T07:30:50+00:00\",\"dateModified\":\"2026-03-05T08:22:25+00:00\",\"breadcrumb\":{\"@id\":\"https:\/\/www.jardinartificial.es\/pt\/politica-de-cookies\/#breadcrumb\"},\"inLanguage\":\"pt-PT\",\"potentialAction\":[{\"@type\":\"ReadAction\",\"target\":[\"https:\/\/www.jardinartificial.es\/pt\/politica-de-cookies\/\"]}]},{\"@type\":\"BreadcrumbList\",\"@id\":\"https:\/\/www.jardinartificial.es\/pt\/politica-de-cookies\/#breadcrumb\",\"itemListElement\":[{\"@type\":\"ListItem\",\"position\":1,\"name\":\"Portada\",\"item\":\"https:\/\/www.jardinartificial.es\/pt\/\"},{\"@type\":\"ListItem\",\"position\":2,\"name\":\"Pol\u00edtica de Cookies\"}]},{\"@type\":\"WebSite\",\"@id\":\"https:\/\/www.jardinartificial.es\/pt\/#website\",\"url\":\"https:\/\/www.jardinartificial.es\/pt\/\",\"name\":\"Jard\u00edn Artificial - Venta de C\u00e9sped Artficial\",\"description\":\"C\u00e9sped Artificial barato al corte\",\"publisher\":{\"@id\":\"https:\/\/www.jardinartificial.es\/pt\/#organization\"},\"potentialAction\":[{\"@type\":\"SearchAction\",\"target\":{\"@type\":\"EntryPoint\",\"urlTemplate\":\"https:\/\/www.jardinartificial.es\/pt\/?s={search_term_string}\"},\"query-input\":{\"@type\":\"PropertyValueSpecification\",\"valueRequired\":true,\"valueName\":\"search_term_string\"}}],\"inLanguage\":\"pt-PT\"},{\"@type\":\"Organization\",\"@id\":\"https:\/\/www.jardinartificial.es\/pt\/#organization\",\"name\":\"Jard\u00edn Artificial\",\"url\":\"https:\/\/www.jardinartificial.es\/pt\/\",\"logo\":{\"@type\":\"ImageObject\",\"inLanguage\":\"pt-PT\",\"@id\":\"https:\/\/www.jardinartificial.es\/pt\/#\/schema\/logo\/image\/\",\"url\":\"https:\/\/www.jardinartificial.es\/wp-content\/uploads\/2023\/03\/logotipo.svg\",\"contentUrl\":\"https:\/\/www.jardinartificial.es\/wp-content\/uploads\/2023\/03\/logotipo.svg\",\"width\":187,\"height\":53,\"caption\":\"Jard\u00edn Artificial\"},\"image\":{\"@id\":\"https:\/\/www.jardinartificial.es\/pt\/#\/schema\/logo\/image\/\"}}]}<\/script>\n<!-- \/ Yoast SEO Premium plugin. -->","yoast_head_json":{"title":"Pol\u00edtica de Cookies | Jardin Artificial","robots":{"index":"index","follow":"follow","max-snippet":"max-snippet:-1","max-image-preview":"max-image-preview:large","max-video-preview":"max-video-preview:-1"},"canonical":"https:\/\/www.jardinartificial.es\/pt\/politica-de-cookies\/","og_locale":"pt_PT","og_type":"article","og_title":"Pol\u00edtica de Cookies","og_description":"INFORMA\u00c7\u00d5ES SOBRE COOKIES De acordo com a Lei 34\/2002, de 11 de julho, sobre servi\u00e7os da sociedade da informa\u00e7\u00e3o e com\u00e9rcio eletr\u00f3nico (LSSI), em rela\u00e7\u00e3o ao Regulamento (UE) 2016\/679 do Parlamento Europeu e do Conselho, de 27 de abril de 2016, Regulamento Geral de Prote\u00e7\u00e3o de Dados (RGPD) e a Lei Org\u00e2nica 3\/2018, de 5 ... Ler mais","og_url":"https:\/\/www.jardinartificial.es\/pt\/politica-de-cookies\/","og_site_name":"Jardin Artificial","article_modified_time":"2026-03-05T08:22:25+00:00","twitter_card":"summary_large_image","twitter_misc":{"Tempo estimado de leitura":"6 minutos"},"schema":{"@context":"https:\/\/schema.org","@graph":[{"@type":"WebPage","@id":"https:\/\/www.jardinartificial.es\/pt\/politica-de-cookies\/","url":"https:\/\/www.jardinartificial.es\/pt\/politica-de-cookies\/","name":"Pol\u00edtica de Cookies | Jardin Artificial","isPartOf":{"@id":"https:\/\/www.jardinartificial.es\/pt\/#website"},"datePublished":"2023-09-05T07:30:50+00:00","dateModified":"2026-03-05T08:22:25+00:00","breadcrumb":{"@id":"https:\/\/www.jardinartificial.es\/pt\/politica-de-cookies\/#breadcrumb"},"inLanguage":"pt-PT","potentialAction":[{"@type":"ReadAction","target":["https:\/\/www.jardinartificial.es\/pt\/politica-de-cookies\/"]}]},{"@type":"BreadcrumbList","@id":"https:\/\/www.jardinartificial.es\/pt\/politica-de-cookies\/#breadcrumb","itemListElement":[{"@type":"ListItem","position":1,"name":"Portada","item":"https:\/\/www.jardinartificial.es\/pt\/"},{"@type":"ListItem","position":2,"name":"Pol\u00edtica de Cookies"}]},{"@type":"WebSite","@id":"https:\/\/www.jardinartificial.es\/pt\/#website","url":"https:\/\/www.jardinartificial.es\/pt\/","name":"Jard\u00edn Artificial - Venta de C\u00e9sped Artficial","description":"C\u00e9sped Artificial barato al corte","publisher":{"@id":"https:\/\/www.jardinartificial.es\/pt\/#organization"},"potentialAction":[{"@type":"SearchAction","target":{"@type":"EntryPoint","urlTemplate":"https:\/\/www.jardinartificial.es\/pt\/?s={search_term_string}"},"query-input":{"@type":"PropertyValueSpecification","valueRequired":true,"valueName":"search_term_string"}}],"inLanguage":"pt-PT"},{"@type":"Organization","@id":"https:\/\/www.jardinartificial.es\/pt\/#organization","name":"Jard\u00edn Artificial","url":"https:\/\/www.jardinartificial.es\/pt\/","logo":{"@type":"ImageObject","inLanguage":"pt-PT","@id":"https:\/\/www.jardinartificial.es\/pt\/#\/schema\/logo\/image\/","url":"https:\/\/www.jardinartificial.es\/wp-content\/uploads\/2023\/03\/logotipo.svg","contentUrl":"https:\/\/www.jardinartificial.es\/wp-content\/uploads\/2023\/03\/logotipo.svg","width":187,"height":53,"caption":"Jard\u00edn Artificial"},"image":{"@id":"https:\/\/www.jardinartificial.es\/pt\/#\/schema\/logo\/image\/"}}]}},"_links":{"self":[{"href":"https:\/\/www.jardinartificial.es\/pt\/wp-json\/wp\/v2\/pages\/77020","targetHints":{"allow":["GET"]}}],"collection":[{"href":"https:\/\/www.jardinartificial.es\/pt\/wp-json\/wp\/v2\/pages"}],"about":[{"href":"https:\/\/www.jardinartificial.es\/pt\/wp-json\/wp\/v2\/types\/page"}],"author":[{"embeddable":true,"href":"https:\/\/www.jardinartificial.es\/pt\/wp-json\/wp\/v2\/users\/2535"}],"replies":[{"embeddable":true,"href":"https:\/\/www.jardinartificial.es\/pt\/wp-json\/wp\/v2\/comments?post=77020"}],"version-history":[{"count":0,"href":"https:\/\/www.jardinartificial.es\/pt\/wp-json\/wp\/v2\/pages\/77020\/revisions"}],"wp:attachment":[{"href":"https:\/\/www.jardinartificial.es\/pt\/wp-json\/wp\/v2\/media?parent=77020"}],"curies":[{"name":"wp","href":"https:\/\/api.w.org\/{rel}","templated":true}]}}