{"id":77017,"date":"2023-09-05T09:34:54","date_gmt":"2023-09-05T07:34:54","guid":{"rendered":"https:\/\/www.jardinartificial.es\/politica-de-privacidad\/"},"modified":"2026-03-05T12:11:18","modified_gmt":"2026-03-05T11:11:18","slug":"politica-de-privacidad","status":"publish","type":"page","link":"https:\/\/www.jardinartificial.es\/pt\/politica-de-privacidad\/","title":{"rendered":"Pol\u00edtica de Privacidade"},"content":{"rendered":"\t\t<div data-elementor-type=\"wp-page\" data-elementor-id=\"77017\" class=\"elementor elementor-77017 elementor-56255\" data-elementor-post-type=\"page\">\n\t\t\t\t<div class=\"elementor-element elementor-element-83df437 e-flex e-con-boxed e-con e-parent\" data-id=\"83df437\" data-element_type=\"container\" data-e-type=\"container\">\n\t\t\t\t\t<div class=\"e-con-inner\">\n\t\t\t\t<div class=\"elementor-element elementor-element-fbd55d5 elementor-widget elementor-widget-heading\" data-id=\"fbd55d5\" data-element_type=\"widget\" data-e-type=\"widget\" data-widget_type=\"heading.default\">\n\t\t\t\t<div class=\"elementor-widget-container\">\n\t\t\t\t\t<h1 class=\"elementor-heading-title elementor-size-default\">Pol\u00edtica de Privacidade<\/h1>\t\t\t\t<\/div>\n\t\t\t\t<\/div>\n\t\t\t\t<div class=\"elementor-element elementor-element-32fe289 elementor-widget elementor-widget-text-editor\" data-id=\"32fe289\" data-element_type=\"widget\" data-e-type=\"widget\" data-widget_type=\"text-editor.default\">\n\t\t\t\t<div class=\"elementor-widget-container\">\n\t\t\t\t\t\t\t\t\t<h2>1. INFORMA\u00c7\u00c3O AO UTILIZADOR<\/h2><h3>Quem \u00e9 o respons\u00e1vel pelo tratamento dos seus dados pessoais?<\/h3><p><span class=\"sc-jXbUNg jFdUzx AT-ate-chip--compact ate-chip--marker ate-chip--strong ate-chip ate-chip--compact\" data-segment=\"gid_0\" data-type=\"g\"><span class=\"sc-imWYAI hXteRa\"><strong>GARDINITY, S.L<\/strong>.<\/span><\/span> \u00e9 o RESPONS\u00c1VEL pelo tratamento dos dados pessoais do UTILIZADOR e informa que estes dados ser\u00e3o tratados em conformidade com o disposto no Regulamento (UE) 2016\/679, de 27 de abril (RGPD), e na Lei Org\u00e2nica 3\/2018, de 5 de dezembro (LOPDGDD).<\/p><h3>Para que tratamos os seus dados pessoais?<\/h3><p>Para manter uma rela\u00e7\u00e3o comercial com o utilizador. As opera\u00e7\u00f5es previstas para realizar o tratamento s\u00e3o:<\/p><p>Envio de comunica\u00e7\u00f5es comerciais publicit\u00e1rias por e-mail, fax, SMS, MMS, redes sociais ou qualquer outro meio eletr\u00f3nico ou f\u00edsico, presente ou futuro, que possibilite realizar comunica\u00e7\u00f5es comerciais. Estas comunica\u00e7\u00f5es ser\u00e3o realizadas pelo RESPONS\u00c1VEL e estar\u00e3o relacionadas com os seus produtos e servi\u00e7os, ou dos seus colaboradores ou fornecedores, com os quais tenha alcan\u00e7ado algum acordo de promo\u00e7\u00e3o. Neste caso, os terceiros nunca ter\u00e3o acesso aos dados pessoais. Realizar estudos de mercado e an\u00e1lises estat\u00edsticas.<\/p><p>Processar encomendas, solicita\u00e7\u00f5es, dar resposta \u00e0s consultas ou qualquer tipo de pedido que seja realizado pelo UTILIZADOR atrav\u00e9s de qualquer uma das formas de contacto que se encontram \u00e0 sua disposi\u00e7\u00e3o na p\u00e1gina web do RESPONS\u00c1VEL.<\/p><p>Enviar o boletim informativo online, sobre novidades, ofertas e promo\u00e7\u00f5es na nossa atividade<span class=\"sc-jXbUNg jFdUzx AT-ate-chip--compact ate-chip--marker ate-chip--strong  ate-chip ate-chip--compact ate-chip--marker ate-chip--strong\" data-segment=\"gid_0\" data-type=\"g\"><span class=\"sc-imWYAI hXteRa\">.<\/span><\/span><\/p><h3>Por que motivo podemos tratar os seus dados pessoais?<\/h3><p>Porque o tratamento est\u00e1 legitimado pelo artigo 6.\u00ba do RGPD da seguinte forma:<\/p><p>Com o consentimento do UTILIZADOR: envio de comunica\u00e7\u00f5es comerciais e do boletim informativo. Por interesse leg\u00edtimo do RESPONS\u00c1VEL: realizar estudos de mercado, an\u00e1lises estat\u00edsticas, etc. e processar encomendas, solicita\u00e7\u00f5es, etc. a pedido do UTILIZADOR.<\/p><h3>Durante quanto tempo guardaremos os seus dados pessoais?<\/h3><p>Ser\u00e3o conservados durante o tempo necess\u00e1rio para manter a finalidade do tratamento ou enquanto existirem prescri\u00e7\u00f5es legais que determinem a sua cust\u00f3dia e, quando j\u00e1 n\u00e3o for necess\u00e1rio, ser\u00e3o eliminados com medidas de seguran\u00e7a adequadas para garantir a anonimiza\u00e7\u00e3o dos dados ou a destrui\u00e7\u00e3o total dos mesmos.<\/p><h3>A quem facultamos os seus dados pessoais?<\/h3><p>N\u00e3o est\u00e1 prevista nenhuma comunica\u00e7\u00e3o de dados pessoais a terceiros salvo, se for necess\u00e1rio para o desenvolvimento e execu\u00e7\u00e3o das finalidades do tratamento, aos nossos fornecedores de servi\u00e7os relacionados com comunica\u00e7\u00f5es, com os quais o RESPONS\u00c1VEL tem subscritos os contratos de confidencialidade e de encarregado de tratamento exigidos pela normativa vigente de privacidade.<\/p><h3>Quais s\u00e3o os seus direitos?<\/h3><p>Os direitos que assistem ao UTILIZADOR s\u00e3o:<\/p><p>Direito a retirar o consentimento em qualquer momento.<\/p><p>Direito de acesso, retifica\u00e7\u00e3o, portabilidade e elimina\u00e7\u00e3o dos seus dados, e de limita\u00e7\u00e3o ou oposi\u00e7\u00e3o ao seu tratamento.<\/p><p>Direito a apresentar uma reclama\u00e7\u00e3o junto da autoridade de controlo (www.aepd.es) se considerar que o tratamento n\u00e3o se ajusta \u00e0 normativa vigente.<\/p><h3>Dados de contacto para exercer os seus direitos:<\/h3><p>GARDINITY, S.L.. Avenida Caliu 10, planta 1, puerta D \u2013 07181 Calvi\u00e0 (Illes Balears). E- mail: <a href=\"mailto:info@gardenstore.es\">info@gardenstore.es<\/a><\/p><h2>2. CAR\u00c1CTER OBRIGAT\u00d3RIO OU FACULTATIVO DA INFORMA\u00c7\u00c3O FACULTADA PELO UTILIZADOR<\/h2><p>Os UTILIZADORES, mediante a sele\u00e7\u00e3o das casillas correspondentes e a introdu\u00e7\u00e3o de dados nos campos, marcados com um asterisco (*) no formul\u00e1rio de contacto ou apresentados em formul\u00e1rios de transfer\u00eancia, aceitam expressamente e de forma livre e inequ\u00edvoca, que os seus dados s\u00e3o necess\u00e1rios para atender o seu pedido, por parte do prestador, sendo volunt\u00e1ria a inclus\u00e3o de dados nos campos restantes. O UTILIZADOR garante que os dados pessoais facultados ao RESPONS\u00c1VEL s\u00e3o verdadeiros e responsabiliza-se por comunicar qualquer modifica\u00e7\u00e3o dos mesmos.<\/p><p>O RESPONS\u00c1VEL informa que todos os dados solicitados atrav\u00e9s do site s\u00e3o obrigat\u00f3rios, uma vez que s\u00e3o necess\u00e1rios para a presta\u00e7\u00e3o de um servi\u00e7o \u00f3timo ao UTILIZADOR. Caso n\u00e3o sejam facultados todos os dados, n\u00e3o se garante que a informa\u00e7\u00e3o e servi\u00e7os facultados sejam completamente ajustados \u00e0s suas necessidades.<\/p><h2>3. MEDIDAS DE SEGURAN\u00c7A<\/h2><p>Em conformidade com o disposto nas normativas vigentes em prote\u00e7\u00e3o de dados pessoais, o RESPONS\u00c1VEL est\u00e1 a cumprir com todas as disposi\u00e7\u00f5es das normativas RGPD e LOPDGDD para o tratamento dos dados pessoais da sua responsabilidade, e manifestamente com os princ\u00edpios descritos no artigo 5.\u00ba do RGPD, pelos quais s\u00e3o tratados de forma l\u00edcita, leal e transparente em rela\u00e7\u00e3o ao titular e adequados, pertinentes e limitados ao necess\u00e1rio em rela\u00e7\u00e3o \u00e0s finalidades para as quais s\u00e3o tratados.<\/p><p>O RESPONS\u00c1VEL garante que implementou pol\u00edticas t\u00e9cnicas e organizativas apropriadas para aplicar as medidas de seguran\u00e7a que estabelecem o RGPD e a LOPDGDD com o fim de proteger os direitos e liberdades dos UTILIZADORES e comunicou-lhes a informa\u00e7\u00e3o adequada para que possam exerc\u00ea-los.<\/p><p>Para mais informa\u00e7\u00f5es sobre as garantias de privacidade, pode dirigir-se ao RESPONS\u00c1VEL atrav\u00e9s de GARDINITY, S.L.. Avenida Caliu 10, planta 1, puerta D \u2013 07181 Calvi\u00e0 (Illes Balears). E-mail: <a href=\"mailto:info@gardenstore.es\">info@gardenstore.es<\/a><\/p>\t\t\t\t\t\t\t\t<\/div>\n\t\t\t\t<\/div>\n\t\t\t\t\t<\/div>\n\t\t\t\t<\/div>\n\t\t\t\t<\/div>\n\t\t","protected":false},"excerpt":{"rendered":"<p>1. INFORMA\u00c7\u00c3O AO UTILIZADOR Quem \u00e9 o respons\u00e1vel pelo tratamento dos seus dados pessoais? GARDINITY, S.L. \u00e9 o RESPONS\u00c1VEL pelo tratamento dos dados pessoais do UTILIZADOR e informa que estes dados ser\u00e3o tratados em conformidade com o disposto no Regulamento (UE) 2016\/679, de 27 de abril (RGPD), e na Lei Org\u00e2nica 3\/2018, de 5 de &#8230; <a title=\"Pol\u00edtica de Privacidade\" class=\"read-more\" href=\"https:\/\/www.jardinartificial.es\/pt\/politica-de-privacidad\/\" aria-label=\"Leia mais sobre Pol\u00edtica de Privacidade\">Ler mais<\/a><\/p>\n","protected":false},"author":2535,"featured_media":0,"parent":0,"menu_order":0,"comment_status":"closed","ping_status":"closed","template":"","meta":{"_acf_changed":false,"footnotes":""},"class_list":["post-77017","page","type-page","status-publish"],"acf":[],"yoast_head":"<!-- This site is optimized with the Yoast SEO Premium plugin v27.4 (Yoast SEO v27.4) - https:\/\/yoast.com\/product\/yoast-seo-premium-wordpress\/ -->\n<title>Pol\u00edtica de Privacidade | Jardin Artificial<\/title>\n<meta name=\"robots\" content=\"index, follow, max-snippet:-1, max-image-preview:large, max-video-preview:-1\" \/>\n<link rel=\"canonical\" href=\"https:\/\/www.jardinartificial.es\/pt\/politica-de-privacidad\/\" \/>\n<meta property=\"og:locale\" content=\"pt_PT\" \/>\n<meta property=\"og:type\" content=\"article\" \/>\n<meta property=\"og:title\" content=\"Pol\u00edtica de Privacidade\" \/>\n<meta property=\"og:description\" content=\"1. INFORMA\u00c7\u00c3O AO UTILIZADOR Quem \u00e9 o respons\u00e1vel pelo tratamento dos seus dados pessoais? GARDINITY, S.L. \u00e9 o RESPONS\u00c1VEL pelo tratamento dos dados pessoais do UTILIZADOR e informa que estes dados ser\u00e3o tratados em conformidade com o disposto no Regulamento (UE) 2016\/679, de 27 de abril (RGPD), e na Lei Org\u00e2nica 3\/2018, de 5 de ... Ler mais\" \/>\n<meta property=\"og:url\" content=\"https:\/\/www.jardinartificial.es\/pt\/politica-de-privacidad\/\" \/>\n<meta property=\"og:site_name\" content=\"Jardin Artificial\" \/>\n<meta property=\"article:modified_time\" content=\"2026-03-05T11:11:18+00:00\" \/>\n<meta name=\"twitter:card\" content=\"summary_large_image\" \/>\n<meta name=\"twitter:label1\" content=\"Tempo estimado de leitura\" \/>\n\t<meta name=\"twitter:data1\" content=\"5 minutos\" \/>\n<script type=\"application\/ld+json\" class=\"yoast-schema-graph\">{\"@context\":\"https:\\\/\\\/schema.org\",\"@graph\":[{\"@type\":\"WebPage\",\"@id\":\"https:\\\/\\\/www.jardinartificial.es\\\/pt\\\/politica-de-privacidad\\\/\",\"url\":\"https:\\\/\\\/www.jardinartificial.es\\\/pt\\\/politica-de-privacidad\\\/\",\"name\":\"Pol\u00edtica de Privacidade | Jardin Artificial\",\"isPartOf\":{\"@id\":\"https:\\\/\\\/www.jardinartificial.es\\\/pt\\\/#website\"},\"datePublished\":\"2023-09-05T07:34:54+00:00\",\"dateModified\":\"2026-03-05T11:11:18+00:00\",\"breadcrumb\":{\"@id\":\"https:\\\/\\\/www.jardinartificial.es\\\/pt\\\/politica-de-privacidad\\\/#breadcrumb\"},\"inLanguage\":\"pt-PT\",\"potentialAction\":[{\"@type\":\"ReadAction\",\"target\":[\"https:\\\/\\\/www.jardinartificial.es\\\/pt\\\/politica-de-privacidad\\\/\"]}]},{\"@type\":\"BreadcrumbList\",\"@id\":\"https:\\\/\\\/www.jardinartificial.es\\\/pt\\\/politica-de-privacidad\\\/#breadcrumb\",\"itemListElement\":[{\"@type\":\"ListItem\",\"position\":1,\"name\":\"Portada\",\"item\":\"https:\\\/\\\/www.jardinartificial.es\\\/pt\\\/\"},{\"@type\":\"ListItem\",\"position\":2,\"name\":\"Pol\u00edtica de Privacidade\"}]},{\"@type\":\"WebSite\",\"@id\":\"https:\\\/\\\/www.jardinartificial.es\\\/pt\\\/#website\",\"url\":\"https:\\\/\\\/www.jardinartificial.es\\\/pt\\\/\",\"name\":\"Jard\u00edn Artificial - Venta de C\u00e9sped Artficial\",\"description\":\"C\u00e9sped Artificial barato al corte\",\"publisher\":{\"@id\":\"https:\\\/\\\/www.jardinartificial.es\\\/pt\\\/#organization\"},\"potentialAction\":[{\"@type\":\"SearchAction\",\"target\":{\"@type\":\"EntryPoint\",\"urlTemplate\":\"https:\\\/\\\/www.jardinartificial.es\\\/pt\\\/?s={search_term_string}\"},\"query-input\":{\"@type\":\"PropertyValueSpecification\",\"valueRequired\":true,\"valueName\":\"search_term_string\"}}],\"inLanguage\":\"pt-PT\"},{\"@type\":\"Organization\",\"@id\":\"https:\\\/\\\/www.jardinartificial.es\\\/pt\\\/#organization\",\"name\":\"Jard\u00edn Artificial\",\"url\":\"https:\\\/\\\/www.jardinartificial.es\\\/pt\\\/\",\"logo\":{\"@type\":\"ImageObject\",\"inLanguage\":\"pt-PT\",\"@id\":\"https:\\\/\\\/www.jardinartificial.es\\\/pt\\\/#\\\/schema\\\/logo\\\/image\\\/\",\"url\":\"https:\\\/\\\/www.jardinartificial.es\\\/wp-content\\\/uploads\\\/2023\\\/03\\\/logotipo.svg\",\"contentUrl\":\"https:\\\/\\\/www.jardinartificial.es\\\/wp-content\\\/uploads\\\/2023\\\/03\\\/logotipo.svg\",\"width\":187,\"height\":53,\"caption\":\"Jard\u00edn Artificial\"},\"image\":{\"@id\":\"https:\\\/\\\/www.jardinartificial.es\\\/pt\\\/#\\\/schema\\\/logo\\\/image\\\/\"}}]}<\/script>\n<!-- \/ Yoast SEO Premium plugin. -->","yoast_head_json":{"title":"Pol\u00edtica de Privacidade | Jardin Artificial","robots":{"index":"index","follow":"follow","max-snippet":"max-snippet:-1","max-image-preview":"max-image-preview:large","max-video-preview":"max-video-preview:-1"},"canonical":"https:\/\/www.jardinartificial.es\/pt\/politica-de-privacidad\/","og_locale":"pt_PT","og_type":"article","og_title":"Pol\u00edtica de Privacidade","og_description":"1. INFORMA\u00c7\u00c3O AO UTILIZADOR Quem \u00e9 o respons\u00e1vel pelo tratamento dos seus dados pessoais? GARDINITY, S.L. \u00e9 o RESPONS\u00c1VEL pelo tratamento dos dados pessoais do UTILIZADOR e informa que estes dados ser\u00e3o tratados em conformidade com o disposto no Regulamento (UE) 2016\/679, de 27 de abril (RGPD), e na Lei Org\u00e2nica 3\/2018, de 5 de ... Ler mais","og_url":"https:\/\/www.jardinartificial.es\/pt\/politica-de-privacidad\/","og_site_name":"Jardin Artificial","article_modified_time":"2026-03-05T11:11:18+00:00","twitter_card":"summary_large_image","twitter_misc":{"Tempo estimado de leitura":"5 minutos"},"schema":{"@context":"https:\/\/schema.org","@graph":[{"@type":"WebPage","@id":"https:\/\/www.jardinartificial.es\/pt\/politica-de-privacidad\/","url":"https:\/\/www.jardinartificial.es\/pt\/politica-de-privacidad\/","name":"Pol\u00edtica de Privacidade | Jardin Artificial","isPartOf":{"@id":"https:\/\/www.jardinartificial.es\/pt\/#website"},"datePublished":"2023-09-05T07:34:54+00:00","dateModified":"2026-03-05T11:11:18+00:00","breadcrumb":{"@id":"https:\/\/www.jardinartificial.es\/pt\/politica-de-privacidad\/#breadcrumb"},"inLanguage":"pt-PT","potentialAction":[{"@type":"ReadAction","target":["https:\/\/www.jardinartificial.es\/pt\/politica-de-privacidad\/"]}]},{"@type":"BreadcrumbList","@id":"https:\/\/www.jardinartificial.es\/pt\/politica-de-privacidad\/#breadcrumb","itemListElement":[{"@type":"ListItem","position":1,"name":"Portada","item":"https:\/\/www.jardinartificial.es\/pt\/"},{"@type":"ListItem","position":2,"name":"Pol\u00edtica de Privacidade"}]},{"@type":"WebSite","@id":"https:\/\/www.jardinartificial.es\/pt\/#website","url":"https:\/\/www.jardinartificial.es\/pt\/","name":"Jard\u00edn Artificial - Venta de C\u00e9sped Artficial","description":"C\u00e9sped Artificial barato al corte","publisher":{"@id":"https:\/\/www.jardinartificial.es\/pt\/#organization"},"potentialAction":[{"@type":"SearchAction","target":{"@type":"EntryPoint","urlTemplate":"https:\/\/www.jardinartificial.es\/pt\/?s={search_term_string}"},"query-input":{"@type":"PropertyValueSpecification","valueRequired":true,"valueName":"search_term_string"}}],"inLanguage":"pt-PT"},{"@type":"Organization","@id":"https:\/\/www.jardinartificial.es\/pt\/#organization","name":"Jard\u00edn Artificial","url":"https:\/\/www.jardinartificial.es\/pt\/","logo":{"@type":"ImageObject","inLanguage":"pt-PT","@id":"https:\/\/www.jardinartificial.es\/pt\/#\/schema\/logo\/image\/","url":"https:\/\/www.jardinartificial.es\/wp-content\/uploads\/2023\/03\/logotipo.svg","contentUrl":"https:\/\/www.jardinartificial.es\/wp-content\/uploads\/2023\/03\/logotipo.svg","width":187,"height":53,"caption":"Jard\u00edn Artificial"},"image":{"@id":"https:\/\/www.jardinartificial.es\/pt\/#\/schema\/logo\/image\/"}}]}},"_links":{"self":[{"href":"https:\/\/www.jardinartificial.es\/pt\/wp-json\/wp\/v2\/pages\/77017","targetHints":{"allow":["GET"]}}],"collection":[{"href":"https:\/\/www.jardinartificial.es\/pt\/wp-json\/wp\/v2\/pages"}],"about":[{"href":"https:\/\/www.jardinartificial.es\/pt\/wp-json\/wp\/v2\/types\/page"}],"author":[{"embeddable":true,"href":"https:\/\/www.jardinartificial.es\/pt\/wp-json\/wp\/v2\/users\/2535"}],"replies":[{"embeddable":true,"href":"https:\/\/www.jardinartificial.es\/pt\/wp-json\/wp\/v2\/comments?post=77017"}],"version-history":[{"count":0,"href":"https:\/\/www.jardinartificial.es\/pt\/wp-json\/wp\/v2\/pages\/77017\/revisions"}],"wp:attachment":[{"href":"https:\/\/www.jardinartificial.es\/pt\/wp-json\/wp\/v2\/media?parent=77017"}],"curies":[{"name":"wp","href":"https:\/\/api.w.org\/{rel}","templated":true}]}}