{"id":77015,"date":"2023-09-12T10:42:48","date_gmt":"2023-09-12T08:42:48","guid":{"rendered":"https:\/\/www.jardinartificial.es\/trabajos-realizados\/"},"modified":"2024-05-09T09:59:31","modified_gmt":"2024-05-09T07:59:31","slug":"trabalho-efectuado","status":"publish","type":"page","link":"https:\/\/www.jardinartificial.es\/pt\/trabalho-efectuado\/","title":{"rendered":"Trabalho efectuado"},"content":{"rendered":"\t\t<div data-elementor-type=\"wp-page\" data-elementor-id=\"77015\" class=\"elementor elementor-77015 elementor-56590\" data-elementor-post-type=\"page\">\n\t\t\t\t<div class=\"elementor-element elementor-element-1b6dc86 e-flex e-con-boxed e-con e-parent\" data-id=\"1b6dc86\" data-element_type=\"container\" data-e-type=\"container\" data-settings=\"{&quot;background_background&quot;:&quot;classic&quot;}\">\n\t\t\t\t\t<div class=\"e-con-inner\">\n\t\t\t\t<div class=\"elementor-element elementor-element-1f79f7c elementor-widget elementor-widget-heading\" data-id=\"1f79f7c\" data-element_type=\"widget\" data-e-type=\"widget\" data-widget_type=\"heading.default\">\n\t\t\t\t<div class=\"elementor-widget-container\">\n\t\t\t\t\t<h1 class=\"elementor-heading-title elementor-size-default\">Trabalho efectuado<\/h1>\t\t\t\t<\/div>\n\t\t\t\t<\/div>\n\t\t\t\t\t<\/div>\n\t\t\t\t<\/div>\n\t\t<div class=\"elementor-element elementor-element-2b23839 e-flex e-con-boxed e-con e-parent\" data-id=\"2b23839\" data-element_type=\"container\" data-e-type=\"container\">\n\t\t\t\t\t<div class=\"e-con-inner\">\n\t\t\t\t<div class=\"elementor-element elementor-element-3183d8b elementor-widget elementor-widget-shortcode\" data-id=\"3183d8b\" data-element_type=\"widget\" data-e-type=\"widget\" data-widget_type=\"shortcode.default\">\n\t\t\t\t<div class=\"elementor-widget-container\">\n\t\t\t\t\t\t\t<div class=\"elementor-shortcode\">\t\t\t\t\t\t\t\t\t\t<style>\n\t\t\t\t\t.bafg-gallery-row.gallery-id-\n\n\t\t\t\t\t160\t\t\t\t\t.bafg-slider-info {\n\t\t\t\t\t\tdisplay: none !important\n\t\t\t\t\t}\n\t\t\t\t<\/style>\n\t\t\t\n\t\t\t<div class=\"bafg-row bafg-gallery-row gallery-id-160\">\n\t\t\t\t<div class=\"bafg-col-6\">\t\t\t\n\t\t\t\n\t<style type=\"text\/css\">\n\t\t.slider-info-56577.bafg-slider-info .bafg-slider-title {\n\t\t\t\t\t\t\tfont-size:\n\t\t\t\t\t22px\t\t\t\t;\n\t\t\t\n\t\t\t\n\t\t\t\t\t}\n\n\t\t.slider-info-56577.bafg-slider-info .bafg-slider-description {\n\t\t\t\n\t\t\t\n\t\t\t\t\t}\n\t\t\n\t\t\n\t\t.slider-info-56577.bafg-slider-info .bafg_slider_readmore_button {\n\t\t\t\n\t\t\t\n\t\t\t\n\t\t\t\n\t\t\t\n\t\t\ttext-align: center;\n\n\t\t\t\n\t\t\t\n\t\t\t\n\t\t\t\n\t\t\t\t\t}\n\n\t\t.slider-info-56577.bafg-slider-info .bafg_slider_readmore_button:hover {\n\n\t\t\t\n\t\t\t\n\t\t\t\t\t}\n\t<\/style>\n\t\t\t\t\t\t\t\t\n\t\t\t\t\t\t<div style=\"\t\t\t\t\t\t \t\t\t\t\t\t \t\t\t\t\t\t  \t\t\t\t\t\t\"\n\t\t\t\t\t\t\tclass=\"bafg-twentytwenty-container   slider-56577 default  \"\n\t\t\t\t\t\t\tdata-label_outside=\"\"\n\t\t\t\t\t\t\tbafg-orientation=\"horizontal\" bafg-default-offset=\"0.5\"\n\t\t\t\t\t\t\tbafg-before-label=\"Antes\"\n\t\t\t\t\t\t\tbafg-after-label=\"Despu\u00e9s\"\n\t\t\t\t\t\t\tbafg-overlay=\"1\"\n\t\t\t\t\t\t\tbafg-move-slider-on-hover=\"\"\n\t\t\t\t\t\t\tbafg-click-to-move=\"\"\n\t\t\t\t\t\t\tbafg-autoslide=\"\" bafg-handle=\"\"\n\t\t\t\t\t\t\tbafg-enable-img-link=\"\"\n\t\t\t\t\t\t\tbafg-open-link=\"\">\n\t\t\t\t\t\t\t\t\t\t\t\t\t\t\t\t\t\t\n\t\t\t\t\t\t\t\t<img class=\" bafg-before-image  \"\n\t\t\t\t\t\t\t\t\tsrc=\"https:\/\/www.jardinartificial.es\/wp-content\/uploads\/2023\/09\/antes-despues-ja-15.jpg\" alt=\"\">\n\n\t\t\t\t\t\t\t\t\t\t\t\t\t\n\t\t\t\t\t\t\t\t<img class=\"  bafg-after-image \"\n\t\t\t\t\t\t\t\t\tsrc=\"https:\/\/www.jardinartificial.es\/wp-content\/uploads\/2023\/09\/antes-despues-ja-16.jpg\" alt=\"\">\n\n\t\t\t\t\t\t\t\n\n\t\t\t\t\t\t<\/div>\n\t\t\t\t\t\t\t\t<div class=\"bafg-slider-info-wraper\">\n\t\t<div style=\"   \" class=\"slider-info-56577 bafg-slider-info\">\n\t\t\t\t\t<\/div>\n\t<\/div>\n\t\n\t\t\t<style>\n\t\t\t\t\t\t\t\t\n\t\t\t\t\t\t\t\t\t.slider-56577 .twentytwenty-overlay:hover {\n\t\t\t\t\t\tbackground-color:\n\t\t\t\t\t\t\trgba(0, 0, 0, 0.5)\t\t\t\t\t\t;\n\t\t\t\t\t}\n\n\t\t\t\t\t\t\t\t<\/style>\n\t\t\t<\/div><div class=\"bafg-col-6\">\t\t\t\n\t\t\t\n\t<style type=\"text\/css\">\n\t\t.slider-info-56573.bafg-slider-info .bafg-slider-title {\n\t\t\t\t\t\t\tfont-size:\n\t\t\t\t\t22px\t\t\t\t;\n\t\t\t\n\t\t\t\n\t\t\t\t\t}\n\n\t\t.slider-info-56573.bafg-slider-info .bafg-slider-description {\n\t\t\t\n\t\t\t\n\t\t\t\t\t}\n\t\t\n\t\t\n\t\t.slider-info-56573.bafg-slider-info .bafg_slider_readmore_button {\n\t\t\t\n\t\t\t\n\t\t\t\n\t\t\t\n\t\t\t\n\t\t\ttext-align: center;\n\n\t\t\t\n\t\t\t\n\t\t\t\n\t\t\t\n\t\t\t\t\t}\n\n\t\t.slider-info-56573.bafg-slider-info .bafg_slider_readmore_button:hover {\n\n\t\t\t\n\t\t\t\n\t\t\t\t\t}\n\t<\/style>\n\t\t\t\t\t\t\t\t\n\t\t\t\t\t\t<div style=\"\t\t\t\t\t\t \t\t\t\t\t\t \t\t\t\t\t\t  \t\t\t\t\t\t\"\n\t\t\t\t\t\t\tclass=\"bafg-twentytwenty-container   slider-56573 default  \"\n\t\t\t\t\t\t\tdata-label_outside=\"\"\n\t\t\t\t\t\t\tbafg-orientation=\"horizontal\" bafg-default-offset=\"0.5\"\n\t\t\t\t\t\t\tbafg-before-label=\"Antes\"\n\t\t\t\t\t\t\tbafg-after-label=\"Despu\u00e9s\"\n\t\t\t\t\t\t\tbafg-overlay=\"1\"\n\t\t\t\t\t\t\tbafg-move-slider-on-hover=\"\"\n\t\t\t\t\t\t\tbafg-click-to-move=\"\"\n\t\t\t\t\t\t\tbafg-autoslide=\"false\" bafg-handle=\"\"\n\t\t\t\t\t\t\tbafg-enable-img-link=\"\"\n\t\t\t\t\t\t\tbafg-open-link=\"\">\n\t\t\t\t\t\t\t\t\t\t\t\t\t\t\t\t\t\t\n\t\t\t\t\t\t\t\t<img class=\" bafg-before-image  \"\n\t\t\t\t\t\t\t\t\tsrc=\"https:\/\/www.jardinartificial.es\/wp-content\/uploads\/2023\/09\/antes-despues-ja-11.jpg\" alt=\"\">\n\n\t\t\t\t\t\t\t\t\t\t\t\t\t\n\t\t\t\t\t\t\t\t<img class=\"  bafg-after-image \"\n\t\t\t\t\t\t\t\t\tsrc=\"https:\/\/www.jardinartificial.es\/wp-content\/uploads\/2023\/09\/antes-despues-ja-12.jpg\" alt=\"\">\n\n\t\t\t\t\t\t\t\n\n\t\t\t\t\t\t<\/div>\n\t\t\t\t\t\t\t\t<div class=\"bafg-slider-info-wraper\">\n\t\t<div style=\"   \" class=\"slider-info-56573 bafg-slider-info\">\n\t\t\t\t\t<\/div>\n\t<\/div>\n\t\n\t\t\t<style>\n\t\t\t\t\t\t\t\t\n\t\t\t\t\t\t\t\t\t.slider-56573 .twentytwenty-overlay:hover {\n\t\t\t\t\t\tbackground-color:\n\t\t\t\t\t\t\trgba(0, 0, 0, 0.5)\t\t\t\t\t\t;\n\t\t\t\t\t}\n\n\t\t\t\t\t\t\t\t<\/style>\n\t\t\t<\/div><div class=\"bafg-col-6\">\t\t\t\n\t\t\t\n\t<style type=\"text\/css\">\n\t\t.slider-info-56571.bafg-slider-info .bafg-slider-title {\n\t\t\t\t\t\t\tfont-size:\n\t\t\t\t\t22px\t\t\t\t;\n\t\t\t\n\t\t\t\n\t\t\t\t\t}\n\n\t\t.slider-info-56571.bafg-slider-info .bafg-slider-description {\n\t\t\t\n\t\t\t\n\t\t\t\t\t}\n\t\t\n\t\t\n\t\t.slider-info-56571.bafg-slider-info .bafg_slider_readmore_button {\n\t\t\t\n\t\t\t\n\t\t\t\n\t\t\t\n\t\t\t\n\t\t\ttext-align: center;\n\n\t\t\t\n\t\t\t\n\t\t\t\n\t\t\t\n\t\t\t\t\t}\n\n\t\t.slider-info-56571.bafg-slider-info .bafg_slider_readmore_button:hover {\n\n\t\t\t\n\t\t\t\n\t\t\t\t\t}\n\t<\/style>\n\t\t\t\t\t\t\t\t\n\t\t\t\t\t\t<div style=\"\t\t\t\t\t\t \t\t\t\t\t\t \t\t\t\t\t\t  \t\t\t\t\t\t\"\n\t\t\t\t\t\t\tclass=\"bafg-twentytwenty-container   slider-56571 default  \"\n\t\t\t\t\t\t\tdata-label_outside=\"\"\n\t\t\t\t\t\t\tbafg-orientation=\"horizontal\" bafg-default-offset=\"0.5\"\n\t\t\t\t\t\t\tbafg-before-label=\"Antes\"\n\t\t\t\t\t\t\tbafg-after-label=\"Despu\u00e9s\"\n\t\t\t\t\t\t\tbafg-overlay=\"1\"\n\t\t\t\t\t\t\tbafg-move-slider-on-hover=\"\"\n\t\t\t\t\t\t\tbafg-click-to-move=\"\"\n\t\t\t\t\t\t\tbafg-autoslide=\"false\" bafg-handle=\"\"\n\t\t\t\t\t\t\tbafg-enable-img-link=\"\"\n\t\t\t\t\t\t\tbafg-open-link=\"\">\n\t\t\t\t\t\t\t\t\t\t\t\t\t\t\t\t\t\t\n\t\t\t\t\t\t\t\t<img class=\" bafg-before-image  \"\n\t\t\t\t\t\t\t\t\tsrc=\"https:\/\/www.jardinartificial.es\/wp-content\/uploads\/2023\/09\/antes-despues-ja-09.jpg\" alt=\"\">\n\n\t\t\t\t\t\t\t\t\t\t\t\t\t\n\t\t\t\t\t\t\t\t<img class=\"  bafg-after-image \"\n\t\t\t\t\t\t\t\t\tsrc=\"https:\/\/www.jardinartificial.es\/wp-content\/uploads\/2023\/09\/antes-despues-ja-10.jpg\" alt=\"\">\n\n\t\t\t\t\t\t\t\n\n\t\t\t\t\t\t<\/div>\n\t\t\t\t\t\t\t\t<div class=\"bafg-slider-info-wraper\">\n\t\t<div style=\"   \" class=\"slider-info-56571 bafg-slider-info\">\n\t\t\t\t\t<\/div>\n\t<\/div>\n\t\n\t\t\t<style>\n\t\t\t\t\t\t\t\t\n\t\t\t\t\t\t\t\t\t.slider-56571 .twentytwenty-overlay:hover {\n\t\t\t\t\t\tbackground-color:\n\t\t\t\t\t\t\trgba(0, 0, 0, 0.5)\t\t\t\t\t\t;\n\t\t\t\t\t}\n\n\t\t\t\t\t\t\t\t<\/style>\n\t\t\t<\/div><div class=\"bafg-col-6\">\t\t\t\n\t\t\t\n\t<style type=\"text\/css\">\n\t\t.slider-info-56569.bafg-slider-info .bafg-slider-title {\n\t\t\t\t\t\t\tfont-size:\n\t\t\t\t\t22px\t\t\t\t;\n\t\t\t\n\t\t\t\n\t\t\t\t\t}\n\n\t\t.slider-info-56569.bafg-slider-info .bafg-slider-description {\n\t\t\t\n\t\t\t\n\t\t\t\t\t}\n\t\t\n\t\t\n\t\t.slider-info-56569.bafg-slider-info .bafg_slider_readmore_button {\n\t\t\t\n\t\t\t\n\t\t\t\n\t\t\t\n\t\t\t\n\t\t\ttext-align: center;\n\n\t\t\t\n\t\t\t\n\t\t\t\n\t\t\t\n\t\t\t\t\t}\n\n\t\t.slider-info-56569.bafg-slider-info .bafg_slider_readmore_button:hover {\n\n\t\t\t\n\t\t\t\n\t\t\t\t\t}\n\t<\/style>\n\t\t\t\t\t\t\t\t\n\t\t\t\t\t\t<div style=\"\t\t\t\t\t\t \t\t\t\t\t\t \t\t\t\t\t\t  \t\t\t\t\t\t\"\n\t\t\t\t\t\t\tclass=\"bafg-twentytwenty-container   slider-56569 default  \"\n\t\t\t\t\t\t\tdata-label_outside=\"\"\n\t\t\t\t\t\t\tbafg-orientation=\"horizontal\" bafg-default-offset=\"0.5\"\n\t\t\t\t\t\t\tbafg-before-label=\"Antes\"\n\t\t\t\t\t\t\tbafg-after-label=\"Despu\u00e9s\"\n\t\t\t\t\t\t\tbafg-overlay=\"1\"\n\t\t\t\t\t\t\tbafg-move-slider-on-hover=\"\"\n\t\t\t\t\t\t\tbafg-click-to-move=\"\"\n\t\t\t\t\t\t\tbafg-autoslide=\"false\" bafg-handle=\"\"\n\t\t\t\t\t\t\tbafg-enable-img-link=\"\"\n\t\t\t\t\t\t\tbafg-open-link=\"\">\n\t\t\t\t\t\t\t\t\t\t\t\t\t\t\t\t\t\t\n\t\t\t\t\t\t\t\t<img class=\" bafg-before-image  \"\n\t\t\t\t\t\t\t\t\tsrc=\"https:\/\/www.jardinartificial.es\/wp-content\/uploads\/2023\/09\/antes-despues-ja-07.jpg\" alt=\"\">\n\n\t\t\t\t\t\t\t\t\t\t\t\t\t\n\t\t\t\t\t\t\t\t<img class=\"  bafg-after-image \"\n\t\t\t\t\t\t\t\t\tsrc=\"https:\/\/www.jardinartificial.es\/wp-content\/uploads\/2023\/09\/antes-despues-ja-08.jpg\" alt=\"\">\n\n\t\t\t\t\t\t\t\n\n\t\t\t\t\t\t<\/div>\n\t\t\t\t\t\t\t\t<div class=\"bafg-slider-info-wraper\">\n\t\t<div style=\"   \" class=\"slider-info-56569 bafg-slider-info\">\n\t\t\t\t\t<\/div>\n\t<\/div>\n\t\n\t\t\t<style>\n\t\t\t\t\t\t\t\t\n\t\t\t\t\t\t\t\t\t.slider-56569 .twentytwenty-overlay:hover {\n\t\t\t\t\t\tbackground-color:\n\t\t\t\t\t\t\trgba(0, 0, 0, 0.5)\t\t\t\t\t\t;\n\t\t\t\t\t}\n\n\t\t\t\t\t\t\t\t<\/style>\n\t\t\t<\/div><div class=\"bafg-col-6\">\t\t\t\n\t\t\t\n\t<style type=\"text\/css\">\n\t\t.slider-info-56567.bafg-slider-info .bafg-slider-title {\n\t\t\t\t\t\t\tfont-size:\n\t\t\t\t\t22px\t\t\t\t;\n\t\t\t\n\t\t\t\n\t\t\t\t\t}\n\n\t\t.slider-info-56567.bafg-slider-info .bafg-slider-description {\n\t\t\t\n\t\t\t\n\t\t\t\t\t}\n\t\t\n\t\t\n\t\t.slider-info-56567.bafg-slider-info .bafg_slider_readmore_button {\n\t\t\t\n\t\t\t\n\t\t\t\n\t\t\t\n\t\t\t\n\t\t\ttext-align: center;\n\n\t\t\t\n\t\t\t\n\t\t\t\n\t\t\t\n\t\t\t\t\t}\n\n\t\t.slider-info-56567.bafg-slider-info .bafg_slider_readmore_button:hover {\n\n\t\t\t\n\t\t\t\n\t\t\t\t\t}\n\t<\/style>\n\t\t\t\t\t\t\t\t\n\t\t\t\t\t\t<div style=\"\t\t\t\t\t\t \t\t\t\t\t\t \t\t\t\t\t\t  \t\t\t\t\t\t\"\n\t\t\t\t\t\t\tclass=\"bafg-twentytwenty-container   slider-56567 default  \"\n\t\t\t\t\t\t\tdata-label_outside=\"\"\n\t\t\t\t\t\t\tbafg-orientation=\"horizontal\" bafg-default-offset=\"0.5\"\n\t\t\t\t\t\t\tbafg-before-label=\"Antes\"\n\t\t\t\t\t\t\tbafg-after-label=\"des\"\n\t\t\t\t\t\t\tbafg-overlay=\"1\"\n\t\t\t\t\t\t\tbafg-move-slider-on-hover=\"\"\n\t\t\t\t\t\t\tbafg-click-to-move=\"\"\n\t\t\t\t\t\t\tbafg-autoslide=\"false\" bafg-handle=\"\"\n\t\t\t\t\t\t\tbafg-enable-img-link=\"\"\n\t\t\t\t\t\t\tbafg-open-link=\"\">\n\t\t\t\t\t\t\t\t\t\t\t\t\t\t\t\t\t\t\n\t\t\t\t\t\t\t\t<img class=\" bafg-before-image  \"\n\t\t\t\t\t\t\t\t\tsrc=\"https:\/\/www.jardinartificial.es\/wp-content\/uploads\/2023\/09\/antes-despues-ja-05.jpg\" alt=\"\">\n\n\t\t\t\t\t\t\t\t\t\t\t\t\t\n\t\t\t\t\t\t\t\t<img class=\"  bafg-after-image \"\n\t\t\t\t\t\t\t\t\tsrc=\"https:\/\/www.jardinartificial.es\/wp-content\/uploads\/2023\/09\/antes-despues-ja-06.jpg\" alt=\"\">\n\n\t\t\t\t\t\t\t\n\n\t\t\t\t\t\t<\/div>\n\t\t\t\t\t\t\t\t<div class=\"bafg-slider-info-wraper\">\n\t\t<div style=\"   \" class=\"slider-info-56567 bafg-slider-info\">\n\t\t\t\t\t<\/div>\n\t<\/div>\n\t\n\t\t\t<style>\n\t\t\t\t\t\t\t\t\n\t\t\t\t\t\t\t\t\t.slider-56567 .twentytwenty-overlay:hover {\n\t\t\t\t\t\tbackground-color:\n\t\t\t\t\t\t\trgba(0, 0, 0, 0.5)\t\t\t\t\t\t;\n\t\t\t\t\t}\n\n\t\t\t\t\t\t\t\t<\/style>\n\t\t\t<\/div><div class=\"bafg-col-6\">\t\t\t\n\t\t\t\n\t<style type=\"text\/css\">\n\t\t.slider-info-56547.bafg-slider-info .bafg-slider-title {\n\t\t\t\t\t\t\tfont-size:\n\t\t\t\t\t22px\t\t\t\t;\n\t\t\t\n\t\t\t\n\t\t\t\t\t}\n\n\t\t.slider-info-56547.bafg-slider-info .bafg-slider-description {\n\t\t\t\n\t\t\t\n\t\t\t\t\t}\n\t\t\n\t\t\n\t\t.slider-info-56547.bafg-slider-info .bafg_slider_readmore_button {\n\t\t\t\n\t\t\t\n\t\t\t\n\t\t\t\n\t\t\t\n\t\t\ttext-align: center;\n\n\t\t\t\n\t\t\t\n\t\t\t\n\t\t\t\n\t\t\t\t\t}\n\n\t\t.slider-info-56547.bafg-slider-info .bafg_slider_readmore_button:hover {\n\n\t\t\t\n\t\t\t\n\t\t\t\t\t}\n\t<\/style>\n\t\t\t\t\t\t\t\t\n\t\t\t\t\t\t<div style=\"\t\t\t\t\t\t \t\t\t\t\t\t \t\t\t\t\t\t  \t\t\t\t\t\t\"\n\t\t\t\t\t\t\tclass=\"bafg-twentytwenty-container   slider-56547 default  \"\n\t\t\t\t\t\t\tdata-label_outside=\"\"\n\t\t\t\t\t\t\tbafg-orientation=\"horizontal\" bafg-default-offset=\"0.5\"\n\t\t\t\t\t\t\tbafg-before-label=\"Antes\"\n\t\t\t\t\t\t\tbafg-after-label=\"Despu\u00e9s\"\n\t\t\t\t\t\t\tbafg-overlay=\"1\"\n\t\t\t\t\t\t\tbafg-move-slider-on-hover=\"\"\n\t\t\t\t\t\t\tbafg-click-to-move=\"\"\n\t\t\t\t\t\t\tbafg-autoslide=\"false\" bafg-handle=\"\"\n\t\t\t\t\t\t\tbafg-enable-img-link=\"\"\n\t\t\t\t\t\t\tbafg-open-link=\"\">\n\t\t\t\t\t\t\t\t\t\t\t\t\t\t\t\t\t\t\n\t\t\t\t\t\t\t\t<img class=\" bafg-before-image  \"\n\t\t\t\t\t\t\t\t\tsrc=\"https:\/\/www.jardinartificial.es\/wp-content\/uploads\/2023\/09\/antes-despues-ja-01.jpg\" alt=\"\">\n\n\t\t\t\t\t\t\t\t\t\t\t\t\t\n\t\t\t\t\t\t\t\t<img class=\"  bafg-after-image \"\n\t\t\t\t\t\t\t\t\tsrc=\"https:\/\/www.jardinartificial.es\/wp-content\/uploads\/2023\/09\/antes-despues-ja-02.jpg\" alt=\"\">\n\n\t\t\t\t\t\t\t\n\n\t\t\t\t\t\t<\/div>\n\t\t\t\t\t\t\t\t<div class=\"bafg-slider-info-wraper\">\n\t\t<div style=\"   \" class=\"slider-info-56547 bafg-slider-info\">\n\t\t\t\t\t<\/div>\n\t<\/div>\n\t\n\t\t\t<style>\n\t\t\t\t\t\t\t\t\n\t\t\t\t\t\t\t\t\t.slider-56547 .twentytwenty-overlay:hover {\n\t\t\t\t\t\tbackground-color:\n\t\t\t\t\t\t\trgba(0, 0, 0, 0.5)\t\t\t\t\t\t;\n\t\t\t\t\t}\n\n\t\t\t\t\t\t\t\t<\/style>\n\t\t\t<\/div><div class=\"bafg-col-6\">\t\t\t\n\t\t\t\n\t<style type=\"text\/css\">\n\t\t.slider-info-55259.bafg-slider-info .bafg-slider-title {\n\t\t\t\t\t\t\tfont-size:\n\t\t\t\t\t22px\t\t\t\t;\n\t\t\t\n\t\t\t\n\t\t\t\t\t}\n\n\t\t.slider-info-55259.bafg-slider-info .bafg-slider-description {\n\t\t\t\n\t\t\t\n\t\t\t\t\t}\n\t\t\n\t\t\n\t\t.slider-info-55259.bafg-slider-info .bafg_slider_readmore_button {\n\t\t\t\n\t\t\t\n\t\t\t\n\t\t\t\n\t\t\t\n\t\t\ttext-align: center;\n\n\t\t\t\n\t\t\t\n\t\t\t\n\t\t\t\n\t\t\t\t\t}\n\n\t\t.slider-info-55259.bafg-slider-info .bafg_slider_readmore_button:hover {\n\n\t\t\t\n\t\t\t\n\t\t\t\t\t}\n\t<\/style>\n\t\t\t\t\t\t\t\t\n\t\t\t\t\t\t<div style=\"\t\t\t\t\t\t \t\t\t\t\t\t \t\t\t\t\t\t  \t\t\t\t\t\t\"\n\t\t\t\t\t\t\tclass=\"bafg-twentytwenty-container   slider-55259 default  \"\n\t\t\t\t\t\t\tdata-label_outside=\"\"\n\t\t\t\t\t\t\tbafg-orientation=\"horizontal\" bafg-default-offset=\"0.5\"\n\t\t\t\t\t\t\tbafg-before-label=\"Antes\"\n\t\t\t\t\t\t\tbafg-after-label=\"Despu\u00e9s\"\n\t\t\t\t\t\t\tbafg-overlay=\"1\"\n\t\t\t\t\t\t\tbafg-move-slider-on-hover=\"\"\n\t\t\t\t\t\t\tbafg-click-to-move=\"\"\n\t\t\t\t\t\t\tbafg-autoslide=\"false\" bafg-handle=\"\"\n\t\t\t\t\t\t\tbafg-enable-img-link=\"\"\n\t\t\t\t\t\t\tbafg-open-link=\"\">\n\t\t\t\t\t\t\t\t\t\t\t\t\t\t\t\t\t\t\n\t\t\t\t\t\t\t\t<img class=\" bafg-before-image  \"\n\t\t\t\t\t\t\t\t\tsrc=\"https:\/\/www.jardinartificial.es\/wp-content\/uploads\/2023\/03\/jardin-vertical2.jpg\" alt=\"\">\n\n\t\t\t\t\t\t\t\t\t\t\t\t\t\n\t\t\t\t\t\t\t\t<img class=\"  bafg-after-image \"\n\t\t\t\t\t\t\t\t\tsrc=\"https:\/\/www.jardinartificial.es\/wp-content\/uploads\/2023\/03\/jardin-vertical1.jpg\" alt=\"\">\n\n\t\t\t\t\t\t\t\n\n\t\t\t\t\t\t<\/div>\n\t\t\t\t\t\t\t\t<div class=\"bafg-slider-info-wraper\">\n\t\t<div style=\"   \" class=\"slider-info-55259 bafg-slider-info\">\n\t\t\t\t\t<\/div>\n\t<\/div>\n\t\n\t\t\t<style>\n\t\t\t\t\t\t\t\t\n\t\t\t\t\t\t\t\t\t.slider-55259 .twentytwenty-overlay:hover {\n\t\t\t\t\t\tbackground-color:\n\t\t\t\t\t\t\trgba(0, 0, 0, 0.5)\t\t\t\t\t\t;\n\t\t\t\t\t}\n\n\t\t\t\t\t\t\t\t<\/style>\n\t\t\t<\/div>\t\t\t<\/div>\n\t\t\t<\/div>\n\t\t\t\t\t\t<\/div>\n\t\t\t\t<\/div>\n\t\t\t\t\t<\/div>\n\t\t\t\t<\/div>\n\t\t\t\t<\/div>\n\t\t","protected":false},"excerpt":{"rendered":"","protected":false},"author":2535,"featured_media":0,"parent":0,"menu_order":0,"comment_status":"closed","ping_status":"closed","template":"","meta":{"_acf_changed":false,"footnotes":""},"class_list":["post-77015","page","type-page","status-publish","hentry"],"acf":[],"yoast_head":"<!-- This site is optimized with the Yoast SEO Premium plugin v27.4 (Yoast SEO v27.4) - https:\/\/yoast.com\/product\/yoast-seo-premium-wordpress\/ -->\n<title>Trabalho efectuado | Jardin Artificial<\/title>\n<meta name=\"robots\" content=\"index, follow, max-snippet:-1, max-image-preview:large, max-video-preview:-1\" \/>\n<link rel=\"canonical\" href=\"https:\/\/www.jardinartificial.es\/pt\/trabalho-efectuado\/\" \/>\n<meta property=\"og:locale\" content=\"pt_PT\" \/>\n<meta property=\"og:type\" content=\"article\" \/>\n<meta property=\"og:title\" content=\"Trabalho efectuado\" \/>\n<meta property=\"og:url\" content=\"https:\/\/www.jardinartificial.es\/pt\/trabalho-efectuado\/\" \/>\n<meta property=\"og:site_name\" content=\"Jardin Artificial\" \/>\n<meta property=\"article:modified_time\" content=\"2024-05-09T07:59:31+00:00\" \/>\n<meta name=\"twitter:card\" content=\"summary_large_image\" \/>\n<script type=\"application\/ld+json\" class=\"yoast-schema-graph\">{\"@context\":\"https:\\\/\\\/schema.org\",\"@graph\":[{\"@type\":\"WebPage\",\"@id\":\"https:\\\/\\\/www.jardinartificial.es\\\/pt\\\/trabalho-efectuado\\\/\",\"url\":\"https:\\\/\\\/www.jardinartificial.es\\\/pt\\\/trabalho-efectuado\\\/\",\"name\":\"Trabalho efectuado | Jardin Artificial\",\"isPartOf\":{\"@id\":\"https:\\\/\\\/www.jardinartificial.es\\\/pt\\\/#website\"},\"datePublished\":\"2023-09-12T08:42:48+00:00\",\"dateModified\":\"2024-05-09T07:59:31+00:00\",\"breadcrumb\":{\"@id\":\"https:\\\/\\\/www.jardinartificial.es\\\/pt\\\/trabalho-efectuado\\\/#breadcrumb\"},\"inLanguage\":\"pt-PT\",\"potentialAction\":[{\"@type\":\"ReadAction\",\"target\":[\"https:\\\/\\\/www.jardinartificial.es\\\/pt\\\/trabalho-efectuado\\\/\"]}]},{\"@type\":\"BreadcrumbList\",\"@id\":\"https:\\\/\\\/www.jardinartificial.es\\\/pt\\\/trabalho-efectuado\\\/#breadcrumb\",\"itemListElement\":[{\"@type\":\"ListItem\",\"position\":1,\"name\":\"Portada\",\"item\":\"https:\\\/\\\/www.jardinartificial.es\\\/pt\\\/\"},{\"@type\":\"ListItem\",\"position\":2,\"name\":\"Trabalho efectuado\"}]},{\"@type\":\"WebSite\",\"@id\":\"https:\\\/\\\/www.jardinartificial.es\\\/pt\\\/#website\",\"url\":\"https:\\\/\\\/www.jardinartificial.es\\\/pt\\\/\",\"name\":\"Jard\u00edn Artificial - Venta de C\u00e9sped Artficial\",\"description\":\"C\u00e9sped Artificial barato al corte\",\"publisher\":{\"@id\":\"https:\\\/\\\/www.jardinartificial.es\\\/pt\\\/#organization\"},\"potentialAction\":[{\"@type\":\"SearchAction\",\"target\":{\"@type\":\"EntryPoint\",\"urlTemplate\":\"https:\\\/\\\/www.jardinartificial.es\\\/pt\\\/?s={search_term_string}\"},\"query-input\":{\"@type\":\"PropertyValueSpecification\",\"valueRequired\":true,\"valueName\":\"search_term_string\"}}],\"inLanguage\":\"pt-PT\"},{\"@type\":\"Organization\",\"@id\":\"https:\\\/\\\/www.jardinartificial.es\\\/pt\\\/#organization\",\"name\":\"Jard\u00edn Artificial\",\"url\":\"https:\\\/\\\/www.jardinartificial.es\\\/pt\\\/\",\"logo\":{\"@type\":\"ImageObject\",\"inLanguage\":\"pt-PT\",\"@id\":\"https:\\\/\\\/www.jardinartificial.es\\\/pt\\\/#\\\/schema\\\/logo\\\/image\\\/\",\"url\":\"https:\\\/\\\/www.jardinartificial.es\\\/wp-content\\\/uploads\\\/2023\\\/03\\\/logotipo.svg\",\"contentUrl\":\"https:\\\/\\\/www.jardinartificial.es\\\/wp-content\\\/uploads\\\/2023\\\/03\\\/logotipo.svg\",\"width\":187,\"height\":53,\"caption\":\"Jard\u00edn Artificial\"},\"image\":{\"@id\":\"https:\\\/\\\/www.jardinartificial.es\\\/pt\\\/#\\\/schema\\\/logo\\\/image\\\/\"}}]}<\/script>\n<!-- \/ Yoast SEO Premium plugin. -->","yoast_head_json":{"title":"Trabalho efectuado | Jardin Artificial","robots":{"index":"index","follow":"follow","max-snippet":"max-snippet:-1","max-image-preview":"max-image-preview:large","max-video-preview":"max-video-preview:-1"},"canonical":"https:\/\/www.jardinartificial.es\/pt\/trabalho-efectuado\/","og_locale":"pt_PT","og_type":"article","og_title":"Trabalho efectuado","og_url":"https:\/\/www.jardinartificial.es\/pt\/trabalho-efectuado\/","og_site_name":"Jardin Artificial","article_modified_time":"2024-05-09T07:59:31+00:00","twitter_card":"summary_large_image","schema":{"@context":"https:\/\/schema.org","@graph":[{"@type":"WebPage","@id":"https:\/\/www.jardinartificial.es\/pt\/trabalho-efectuado\/","url":"https:\/\/www.jardinartificial.es\/pt\/trabalho-efectuado\/","name":"Trabalho efectuado | Jardin Artificial","isPartOf":{"@id":"https:\/\/www.jardinartificial.es\/pt\/#website"},"datePublished":"2023-09-12T08:42:48+00:00","dateModified":"2024-05-09T07:59:31+00:00","breadcrumb":{"@id":"https:\/\/www.jardinartificial.es\/pt\/trabalho-efectuado\/#breadcrumb"},"inLanguage":"pt-PT","potentialAction":[{"@type":"ReadAction","target":["https:\/\/www.jardinartificial.es\/pt\/trabalho-efectuado\/"]}]},{"@type":"BreadcrumbList","@id":"https:\/\/www.jardinartificial.es\/pt\/trabalho-efectuado\/#breadcrumb","itemListElement":[{"@type":"ListItem","position":1,"name":"Portada","item":"https:\/\/www.jardinartificial.es\/pt\/"},{"@type":"ListItem","position":2,"name":"Trabalho efectuado"}]},{"@type":"WebSite","@id":"https:\/\/www.jardinartificial.es\/pt\/#website","url":"https:\/\/www.jardinartificial.es\/pt\/","name":"Jard\u00edn Artificial - Venta de C\u00e9sped Artficial","description":"C\u00e9sped Artificial barato al corte","publisher":{"@id":"https:\/\/www.jardinartificial.es\/pt\/#organization"},"potentialAction":[{"@type":"SearchAction","target":{"@type":"EntryPoint","urlTemplate":"https:\/\/www.jardinartificial.es\/pt\/?s={search_term_string}"},"query-input":{"@type":"PropertyValueSpecification","valueRequired":true,"valueName":"search_term_string"}}],"inLanguage":"pt-PT"},{"@type":"Organization","@id":"https:\/\/www.jardinartificial.es\/pt\/#organization","name":"Jard\u00edn Artificial","url":"https:\/\/www.jardinartificial.es\/pt\/","logo":{"@type":"ImageObject","inLanguage":"pt-PT","@id":"https:\/\/www.jardinartificial.es\/pt\/#\/schema\/logo\/image\/","url":"https:\/\/www.jardinartificial.es\/wp-content\/uploads\/2023\/03\/logotipo.svg","contentUrl":"https:\/\/www.jardinartificial.es\/wp-content\/uploads\/2023\/03\/logotipo.svg","width":187,"height":53,"caption":"Jard\u00edn Artificial"},"image":{"@id":"https:\/\/www.jardinartificial.es\/pt\/#\/schema\/logo\/image\/"}}]}},"_links":{"self":[{"href":"https:\/\/www.jardinartificial.es\/pt\/wp-json\/wp\/v2\/pages\/77015","targetHints":{"allow":["GET"]}}],"collection":[{"href":"https:\/\/www.jardinartificial.es\/pt\/wp-json\/wp\/v2\/pages"}],"about":[{"href":"https:\/\/www.jardinartificial.es\/pt\/wp-json\/wp\/v2\/types\/page"}],"author":[{"embeddable":true,"href":"https:\/\/www.jardinartificial.es\/pt\/wp-json\/wp\/v2\/users\/2535"}],"replies":[{"embeddable":true,"href":"https:\/\/www.jardinartificial.es\/pt\/wp-json\/wp\/v2\/comments?post=77015"}],"version-history":[{"count":0,"href":"https:\/\/www.jardinartificial.es\/pt\/wp-json\/wp\/v2\/pages\/77015\/revisions"}],"wp:attachment":[{"href":"https:\/\/www.jardinartificial.es\/pt\/wp-json\/wp\/v2\/media?parent=77015"}],"curies":[{"name":"wp","href":"https:\/\/api.w.org\/{rel}","templated":true}]}}