{"id":98393,"date":"2025-04-29T11:09:28","date_gmt":"2025-04-29T09:09:28","guid":{"rendered":"https:\/\/www.jardinartificial.es\/comprar\/uncategorized\/bossa-20-pendant-lamp-with-battery\/"},"modified":"2026-03-18T09:01:55","modified_gmt":"2026-03-18T08:01:55","slug":"bossa-20-pendant-lamp-with-battery","status":"publish","type":"product","link":"https:\/\/www.jardinartificial.es\/en\/comprar\/deco\/lighting\/bossa-20-pendant-lamp-with-battery\/","title":{"rendered":"Bossa 20 Hanging Lamp with Battery"},"content":{"rendered":"","protected":false},"excerpt":{"rendered":"<p><strong>Bossa 20 Hanging Lamp with Battery<\/strong><\/p>\n<p>The Bossa Pendant Lamp is perfect for both indoor use in your home and for any outdoor corner, garden, terraces or businesses. It is also ideal for events and parties, as it does not require installation.<\/p>\n<p>It can be combined with the rest of our pendant compositions to make them truly amazing.<\/p>\n<p>The Nature Bossa lamp includes a 3-meter rope, lampshade, and a bulb with 3 intensities up to 500 lumens of light and a <strong>battery life of 6 to 20 hours<\/strong>.<\/p>\n","protected":false},"featured_media":100438,"comment_status":"open","ping_status":"closed","template":"","meta":{"_acf_changed":false},"product_brand":[],"product_cat":[926,927],"product_tag":[981],"class_list":{"0":"post-98393","1":"product","2":"type-product","3":"status-publish","4":"has-post-thumbnail","6":"product_cat-deco","7":"product_cat-lighting","8":"product_tag-en","9":"product_shipping_class-standard","10":"sales-flash-overlay","11":"woocommerce-text-align-center","12":"woocommerce-image-align-center","13":"do-quantity-buttons","14":"wc-has-gallery","16":"first","17":"instock","18":"sale","19":"taxable","20":"shipping-taxable","21":"purchasable","22":"product-type-simple"},"acf":[],"gallery_images":[100189,100190,100191],"yoast_head":"<!-- This site is optimized with the Yoast SEO Premium plugin v27.1 (Yoast SEO v27.2) - https:\/\/yoast.com\/product\/yoast-seo-premium-wordpress\/ -->\n<title>Bossa 20 Hanging Lamp with Battery | Jardin Artificial<\/title>\n<meta name=\"description\" content=\"Bossa hanging lamp for indoor and outdoor use, ideal for gardens, terraces, and events. 500-lumen LED bulb, 3 intensities, and up to 20 hours of battery life.\" \/>\n<meta name=\"robots\" content=\"index, follow, max-snippet:-1, max-image-preview:large, max-video-preview:-1\" \/>\n<link rel=\"canonical\" href=\"https:\/\/www.jardinartificial.es\/en\/comprar\/deco\/lighting\/bossa-20-pendant-lamp-with-battery\/\" \/>\n<meta property=\"og:locale\" content=\"en_US\" \/>\n<meta property=\"og:type\" content=\"article\" \/>\n<meta property=\"og:title\" content=\"Bossa 20 Hanging Lamp with Battery\" \/>\n<meta property=\"og:description\" content=\"Bossa hanging lamp for indoor and outdoor use, ideal for gardens, terraces, and events. 500-lumen LED bulb, 3 intensities, and up to 20 hours of battery life.\" \/>\n<meta property=\"og:url\" content=\"https:\/\/www.jardinartificial.es\/en\/comprar\/deco\/lighting\/bossa-20-pendant-lamp-with-battery\/\" \/>\n<meta property=\"og:site_name\" content=\"Jardin Artificial\" \/>\n<meta property=\"article:modified_time\" content=\"2026-03-18T08:01:55+00:00\" \/>\n<meta property=\"og:image\" content=\"https:\/\/www.jardinartificial.es\/wp-content\/uploads\/2026\/01\/Bossa-20-Lampara-colgante-con-bateria.jpeg\" \/>\n\t<meta property=\"og:image:width\" content=\"800\" \/>\n\t<meta property=\"og:image:height\" content=\"800\" \/>\n\t<meta property=\"og:image:type\" content=\"image\/jpeg\" \/>\n<meta name=\"twitter:card\" content=\"summary_large_image\" \/>\n<script type=\"application\/ld+json\" class=\"yoast-schema-graph\">{\"@context\":\"https:\/\/schema.org\",\"@graph\":[{\"@type\":\"WebPage\",\"@id\":\"https:\/\/www.jardinartificial.es\/en\/comprar\/deco\/lighting\/bossa-20-pendant-lamp-with-battery\/\",\"url\":\"https:\/\/www.jardinartificial.es\/en\/comprar\/deco\/lighting\/bossa-20-pendant-lamp-with-battery\/\",\"name\":\"Bossa 20 Hanging Lamp with Battery | Jardin Artificial\",\"isPartOf\":{\"@id\":\"https:\/\/www.jardinartificial.es\/en\/#website\"},\"primaryImageOfPage\":{\"@id\":\"https:\/\/www.jardinartificial.es\/en\/comprar\/deco\/lighting\/bossa-20-pendant-lamp-with-battery\/#primaryimage\"},\"image\":{\"@id\":\"https:\/\/www.jardinartificial.es\/en\/comprar\/deco\/lighting\/bossa-20-pendant-lamp-with-battery\/#primaryimage\"},\"thumbnailUrl\":\"https:\/\/www.jardinartificial.es\/wp-content\/uploads\/2026\/01\/Bossa-20-Lampara-colgante-con-bateria.jpeg\",\"datePublished\":\"2025-04-29T09:09:28+00:00\",\"dateModified\":\"2026-03-18T08:01:55+00:00\",\"description\":\"Bossa hanging lamp for indoor and outdoor use, ideal for gardens, terraces, and events. 500-lumen LED bulb, 3 intensities, and up to 20 hours of battery life.\",\"breadcrumb\":{\"@id\":\"https:\/\/www.jardinartificial.es\/en\/comprar\/deco\/lighting\/bossa-20-pendant-lamp-with-battery\/#breadcrumb\"},\"inLanguage\":\"en-US\",\"potentialAction\":[{\"@type\":\"ReadAction\",\"target\":[\"https:\/\/www.jardinartificial.es\/en\/comprar\/deco\/lighting\/bossa-20-pendant-lamp-with-battery\/\"]}]},{\"@type\":\"ImageObject\",\"inLanguage\":\"en-US\",\"@id\":\"https:\/\/www.jardinartificial.es\/en\/comprar\/deco\/lighting\/bossa-20-pendant-lamp-with-battery\/#primaryimage\",\"url\":\"https:\/\/www.jardinartificial.es\/wp-content\/uploads\/2026\/01\/Bossa-20-Lampara-colgante-con-bateria.jpeg\",\"contentUrl\":\"https:\/\/www.jardinartificial.es\/wp-content\/uploads\/2026\/01\/Bossa-20-Lampara-colgante-con-bateria.jpeg\",\"width\":800,\"height\":800,\"caption\":\"Bossa 20 Lampara colgante con bater\u00eda\"},{\"@type\":\"BreadcrumbList\",\"@id\":\"https:\/\/www.jardinartificial.es\/en\/comprar\/deco\/lighting\/bossa-20-pendant-lamp-with-battery\/#breadcrumb\",\"itemListElement\":[{\"@type\":\"ListItem\",\"position\":1,\"name\":\"Portada\",\"item\":\"https:\/\/www.jardinartificial.es\/en\/\"},{\"@type\":\"ListItem\",\"position\":2,\"name\":\"All products\",\"item\":\"https:\/\/www.jardinartificial.es\/en\/all-products\/\"},{\"@type\":\"ListItem\",\"position\":3,\"name\":\"Bossa 20 Hanging Lamp with Battery\"}]},{\"@type\":\"WebSite\",\"@id\":\"https:\/\/www.jardinartificial.es\/en\/#website\",\"url\":\"https:\/\/www.jardinartificial.es\/en\/\",\"name\":\"Jard\u00edn Artificial - Venta de C\u00e9sped Artficial\",\"description\":\"C\u00e9sped Artificial barato al corte\",\"publisher\":{\"@id\":\"https:\/\/www.jardinartificial.es\/en\/#organization\"},\"potentialAction\":[{\"@type\":\"SearchAction\",\"target\":{\"@type\":\"EntryPoint\",\"urlTemplate\":\"https:\/\/www.jardinartificial.es\/en\/?s={search_term_string}\"},\"query-input\":{\"@type\":\"PropertyValueSpecification\",\"valueRequired\":true,\"valueName\":\"search_term_string\"}}],\"inLanguage\":\"en-US\"},{\"@type\":\"Organization\",\"@id\":\"https:\/\/www.jardinartificial.es\/en\/#organization\",\"name\":\"Jard\u00edn Artificial\",\"url\":\"https:\/\/www.jardinartificial.es\/en\/\",\"logo\":{\"@type\":\"ImageObject\",\"inLanguage\":\"en-US\",\"@id\":\"https:\/\/www.jardinartificial.es\/en\/#\/schema\/logo\/image\/\",\"url\":\"https:\/\/www.jardinartificial.es\/wp-content\/uploads\/2023\/03\/logotipo.svg\",\"contentUrl\":\"https:\/\/www.jardinartificial.es\/wp-content\/uploads\/2023\/03\/logotipo.svg\",\"width\":187,\"height\":53,\"caption\":\"Jard\u00edn Artificial\"},\"image\":{\"@id\":\"https:\/\/www.jardinartificial.es\/en\/#\/schema\/logo\/image\/\"}}]}<\/script>\n<!-- \/ Yoast SEO Premium plugin. -->","yoast_head_json":{"title":"Bossa 20 Hanging Lamp with Battery | Jardin Artificial","description":"Bossa hanging lamp for indoor and outdoor use, ideal for gardens, terraces, and events. 500-lumen LED bulb, 3 intensities, and up to 20 hours of battery life.","robots":{"index":"index","follow":"follow","max-snippet":"max-snippet:-1","max-image-preview":"max-image-preview:large","max-video-preview":"max-video-preview:-1"},"canonical":"https:\/\/www.jardinartificial.es\/en\/comprar\/deco\/lighting\/bossa-20-pendant-lamp-with-battery\/","og_locale":"en_US","og_type":"article","og_title":"Bossa 20 Hanging Lamp with Battery","og_description":"Bossa hanging lamp for indoor and outdoor use, ideal for gardens, terraces, and events. 500-lumen LED bulb, 3 intensities, and up to 20 hours of battery life.","og_url":"https:\/\/www.jardinartificial.es\/en\/comprar\/deco\/lighting\/bossa-20-pendant-lamp-with-battery\/","og_site_name":"Jardin Artificial","article_modified_time":"2026-03-18T08:01:55+00:00","og_image":[{"width":800,"height":800,"url":"https:\/\/www.jardinartificial.es\/wp-content\/uploads\/2026\/01\/Bossa-20-Lampara-colgante-con-bateria.jpeg","type":"image\/jpeg"}],"twitter_card":"summary_large_image","schema":{"@context":"https:\/\/schema.org","@graph":[{"@type":"WebPage","@id":"https:\/\/www.jardinartificial.es\/en\/comprar\/deco\/lighting\/bossa-20-pendant-lamp-with-battery\/","url":"https:\/\/www.jardinartificial.es\/en\/comprar\/deco\/lighting\/bossa-20-pendant-lamp-with-battery\/","name":"Bossa 20 Hanging Lamp with Battery | Jardin Artificial","isPartOf":{"@id":"https:\/\/www.jardinartificial.es\/en\/#website"},"primaryImageOfPage":{"@id":"https:\/\/www.jardinartificial.es\/en\/comprar\/deco\/lighting\/bossa-20-pendant-lamp-with-battery\/#primaryimage"},"image":{"@id":"https:\/\/www.jardinartificial.es\/en\/comprar\/deco\/lighting\/bossa-20-pendant-lamp-with-battery\/#primaryimage"},"thumbnailUrl":"https:\/\/www.jardinartificial.es\/wp-content\/uploads\/2026\/01\/Bossa-20-Lampara-colgante-con-bateria.jpeg","datePublished":"2025-04-29T09:09:28+00:00","dateModified":"2026-03-18T08:01:55+00:00","description":"Bossa hanging lamp for indoor and outdoor use, ideal for gardens, terraces, and events. 500-lumen LED bulb, 3 intensities, and up to 20 hours of battery life.","breadcrumb":{"@id":"https:\/\/www.jardinartificial.es\/en\/comprar\/deco\/lighting\/bossa-20-pendant-lamp-with-battery\/#breadcrumb"},"inLanguage":"en-US","potentialAction":[{"@type":"ReadAction","target":["https:\/\/www.jardinartificial.es\/en\/comprar\/deco\/lighting\/bossa-20-pendant-lamp-with-battery\/"]}]},{"@type":"ImageObject","inLanguage":"en-US","@id":"https:\/\/www.jardinartificial.es\/en\/comprar\/deco\/lighting\/bossa-20-pendant-lamp-with-battery\/#primaryimage","url":"https:\/\/www.jardinartificial.es\/wp-content\/uploads\/2026\/01\/Bossa-20-Lampara-colgante-con-bateria.jpeg","contentUrl":"https:\/\/www.jardinartificial.es\/wp-content\/uploads\/2026\/01\/Bossa-20-Lampara-colgante-con-bateria.jpeg","width":800,"height":800,"caption":"Bossa 20 Lampara colgante con bater\u00eda"},{"@type":"BreadcrumbList","@id":"https:\/\/www.jardinartificial.es\/en\/comprar\/deco\/lighting\/bossa-20-pendant-lamp-with-battery\/#breadcrumb","itemListElement":[{"@type":"ListItem","position":1,"name":"Portada","item":"https:\/\/www.jardinartificial.es\/en\/"},{"@type":"ListItem","position":2,"name":"All products","item":"https:\/\/www.jardinartificial.es\/en\/all-products\/"},{"@type":"ListItem","position":3,"name":"Bossa 20 Hanging Lamp with Battery"}]},{"@type":"WebSite","@id":"https:\/\/www.jardinartificial.es\/en\/#website","url":"https:\/\/www.jardinartificial.es\/en\/","name":"Jard\u00edn Artificial - Venta de C\u00e9sped Artficial","description":"C\u00e9sped Artificial barato al corte","publisher":{"@id":"https:\/\/www.jardinartificial.es\/en\/#organization"},"potentialAction":[{"@type":"SearchAction","target":{"@type":"EntryPoint","urlTemplate":"https:\/\/www.jardinartificial.es\/en\/?s={search_term_string}"},"query-input":{"@type":"PropertyValueSpecification","valueRequired":true,"valueName":"search_term_string"}}],"inLanguage":"en-US"},{"@type":"Organization","@id":"https:\/\/www.jardinartificial.es\/en\/#organization","name":"Jard\u00edn Artificial","url":"https:\/\/www.jardinartificial.es\/en\/","logo":{"@type":"ImageObject","inLanguage":"en-US","@id":"https:\/\/www.jardinartificial.es\/en\/#\/schema\/logo\/image\/","url":"https:\/\/www.jardinartificial.es\/wp-content\/uploads\/2023\/03\/logotipo.svg","contentUrl":"https:\/\/www.jardinartificial.es\/wp-content\/uploads\/2023\/03\/logotipo.svg","width":187,"height":53,"caption":"Jard\u00edn Artificial"},"image":{"@id":"https:\/\/www.jardinartificial.es\/en\/#\/schema\/logo\/image\/"}}]}},"_links":{"self":[{"href":"https:\/\/www.jardinartificial.es\/en\/wp-json\/wp\/v2\/product\/98393","targetHints":{"allow":["GET"]}}],"collection":[{"href":"https:\/\/www.jardinartificial.es\/en\/wp-json\/wp\/v2\/product"}],"about":[{"href":"https:\/\/www.jardinartificial.es\/en\/wp-json\/wp\/v2\/types\/product"}],"replies":[{"embeddable":true,"href":"https:\/\/www.jardinartificial.es\/en\/wp-json\/wp\/v2\/comments?post=98393"}],"wp:featuredmedia":[{"embeddable":true,"href":"https:\/\/www.jardinartificial.es\/en\/wp-json\/wp\/v2\/media\/100438"}],"wp:attachment":[{"href":"https:\/\/www.jardinartificial.es\/en\/wp-json\/wp\/v2\/media?parent=98393"}],"wp:term":[{"taxonomy":"product_brand","embeddable":true,"href":"https:\/\/www.jardinartificial.es\/en\/wp-json\/wp\/v2\/product_brand?post=98393"},{"taxonomy":"product_cat","embeddable":true,"href":"https:\/\/www.jardinartificial.es\/en\/wp-json\/wp\/v2\/product_cat?post=98393"},{"taxonomy":"product_tag","embeddable":true,"href":"https:\/\/www.jardinartificial.es\/en\/wp-json\/wp\/v2\/product_tag?post=98393"}],"curies":[{"name":"wp","href":"https:\/\/api.w.org\/{rel}","templated":true}]}}