{"id":98361,"date":"2025-05-02T09:37:23","date_gmt":"2025-05-02T07:37:23","guid":{"rendered":"https:\/\/www.jardinartificial.es\/comprar\/uncategorized\/simple-pvc-canvas-900gr-15x5m\/"},"modified":"2026-03-18T08:54:06","modified_gmt":"2026-03-18T07:54:06","slug":"simple-pvc-canvas-900gr-15x5m","status":"publish","type":"product","link":"https:\/\/www.jardinartificial.es\/en\/comprar\/deco\/enclosure\/simple-pvc-canvas-900gr-15x5m\/","title":{"rendered":"Simple PVC Reed 900gr 1.5x5M"},"content":{"rendered":"","protected":false},"excerpt":{"rendered":"<p><strong>Simple PVC Reed 900gr 1.5X5M<\/strong><\/p>\n<p>The <strong>Single-Sided Simple PVC Reed of 900gr<\/strong> is an excellent option for those looking for a durable and weather-resistant concealment alternative. This type of reed is made with high-quality materials that allow it to withstand exposure to the sun, rain and wind without losing its shape or original color. In addition, its installation is very simple, which makes it a practical and effective solution to cover any type of surface.  <\/p>\n<p>Manufactured from plastic rods joined by nylon thread every 10 cm, and a gluing line at the ends. Optimal concealment in gardens, terraces and balconies. Easy installation and cleaning. Anti-UV protection.   <\/p>\n","protected":false},"featured_media":100519,"comment_status":"open","ping_status":"closed","template":"","meta":{"_acf_changed":false},"product_brand":[],"product_cat":[926,937],"product_tag":[981],"class_list":{"0":"post-98361","1":"product","2":"type-product","3":"status-publish","4":"has-post-thumbnail","6":"product_cat-deco","7":"product_cat-enclosure","8":"product_tag-en","9":"product_shipping_class-standard","10":"sales-flash-overlay","11":"woocommerce-text-align-center","12":"woocommerce-image-align-center","13":"do-quantity-buttons","14":"wc-has-gallery","16":"first","17":"outofstock","18":"sale","19":"taxable","20":"shipping-taxable","21":"purchasable","22":"product-type-simple"},"acf":[],"gallery_images":[100232],"yoast_head":"<!-- This site is optimized with the Yoast SEO Premium plugin v27.1 (Yoast SEO v27.2) - https:\/\/yoast.com\/product\/yoast-seo-premium-wordpress\/ -->\n<title>Simple PVC Reed 900gr 1.5x5M | Jardin Artificial<\/title>\n<meta name=\"description\" content=\"Simple Single-Sided PVC Reed 900g 1.5x5 m. Resistant, easy to install and with UV protection. Ideal for concealment on terraces, balconies and gardens.\" \/>\n<meta name=\"robots\" content=\"index, follow, max-snippet:-1, max-image-preview:large, max-video-preview:-1\" \/>\n<link rel=\"canonical\" href=\"https:\/\/www.jardinartificial.es\/en\/comprar\/deco\/enclosure\/simple-pvc-canvas-900gr-15x5m\/\" \/>\n<meta property=\"og:locale\" content=\"en_US\" \/>\n<meta property=\"og:type\" content=\"article\" \/>\n<meta property=\"og:title\" content=\"Simple PVC Reed 900gr 1.5x5M\" \/>\n<meta property=\"og:description\" content=\"Simple Single-Sided PVC Reed 900g 1.5x5 m. Resistant, easy to install and with UV protection. Ideal for concealment on terraces, balconies and gardens.\" \/>\n<meta property=\"og:url\" content=\"https:\/\/www.jardinartificial.es\/en\/comprar\/deco\/enclosure\/simple-pvc-canvas-900gr-15x5m\/\" \/>\n<meta property=\"og:site_name\" content=\"Jardin Artificial\" \/>\n<meta property=\"article:modified_time\" content=\"2026-03-18T07:54:06+00:00\" \/>\n<meta property=\"og:image\" content=\"https:\/\/www.jardinartificial.es\/wp-content\/uploads\/2026\/01\/Canizo-PVC-Simple-900gr-15x5M.jpeg\" \/>\n\t<meta property=\"og:image:width\" content=\"768\" \/>\n\t<meta property=\"og:image:height\" content=\"768\" \/>\n\t<meta property=\"og:image:type\" content=\"image\/jpeg\" \/>\n<meta name=\"twitter:card\" content=\"summary_large_image\" \/>\n<script type=\"application\/ld+json\" class=\"yoast-schema-graph\">{\"@context\":\"https:\/\/schema.org\",\"@graph\":[{\"@type\":\"WebPage\",\"@id\":\"https:\/\/www.jardinartificial.es\/en\/comprar\/deco\/enclosure\/simple-pvc-canvas-900gr-15x5m\/\",\"url\":\"https:\/\/www.jardinartificial.es\/en\/comprar\/deco\/enclosure\/simple-pvc-canvas-900gr-15x5m\/\",\"name\":\"Simple PVC Reed 900gr 1.5x5M | Jardin Artificial\",\"isPartOf\":{\"@id\":\"https:\/\/www.jardinartificial.es\/en\/#website\"},\"primaryImageOfPage\":{\"@id\":\"https:\/\/www.jardinartificial.es\/en\/comprar\/deco\/enclosure\/simple-pvc-canvas-900gr-15x5m\/#primaryimage\"},\"image\":{\"@id\":\"https:\/\/www.jardinartificial.es\/en\/comprar\/deco\/enclosure\/simple-pvc-canvas-900gr-15x5m\/#primaryimage\"},\"thumbnailUrl\":\"https:\/\/www.jardinartificial.es\/wp-content\/uploads\/2026\/01\/Canizo-PVC-Simple-900gr-15x5M.jpeg\",\"datePublished\":\"2025-05-02T07:37:23+00:00\",\"dateModified\":\"2026-03-18T07:54:06+00:00\",\"description\":\"Simple Single-Sided PVC Reed 900g 1.5x5 m. Resistant, easy to install and with UV protection. Ideal for concealment on terraces, balconies and gardens.\",\"breadcrumb\":{\"@id\":\"https:\/\/www.jardinartificial.es\/en\/comprar\/deco\/enclosure\/simple-pvc-canvas-900gr-15x5m\/#breadcrumb\"},\"inLanguage\":\"en-US\",\"potentialAction\":[{\"@type\":\"ReadAction\",\"target\":[\"https:\/\/www.jardinartificial.es\/en\/comprar\/deco\/enclosure\/simple-pvc-canvas-900gr-15x5m\/\"]}]},{\"@type\":\"ImageObject\",\"inLanguage\":\"en-US\",\"@id\":\"https:\/\/www.jardinartificial.es\/en\/comprar\/deco\/enclosure\/simple-pvc-canvas-900gr-15x5m\/#primaryimage\",\"url\":\"https:\/\/www.jardinartificial.es\/wp-content\/uploads\/2026\/01\/Canizo-PVC-Simple-900gr-15x5M.jpeg\",\"contentUrl\":\"https:\/\/www.jardinartificial.es\/wp-content\/uploads\/2026\/01\/Canizo-PVC-Simple-900gr-15x5M.jpeg\",\"width\":768,\"height\":768,\"caption\":\"Ca\u00f1izo PVC Simple 900gr 1,5x5M\"},{\"@type\":\"BreadcrumbList\",\"@id\":\"https:\/\/www.jardinartificial.es\/en\/comprar\/deco\/enclosure\/simple-pvc-canvas-900gr-15x5m\/#breadcrumb\",\"itemListElement\":[{\"@type\":\"ListItem\",\"position\":1,\"name\":\"Portada\",\"item\":\"https:\/\/www.jardinartificial.es\/en\/\"},{\"@type\":\"ListItem\",\"position\":2,\"name\":\"All products\",\"item\":\"https:\/\/www.jardinartificial.es\/en\/all-products\/\"},{\"@type\":\"ListItem\",\"position\":3,\"name\":\"Simple PVC Reed 900gr 1.5x5M\"}]},{\"@type\":\"WebSite\",\"@id\":\"https:\/\/www.jardinartificial.es\/en\/#website\",\"url\":\"https:\/\/www.jardinartificial.es\/en\/\",\"name\":\"Jard\u00edn Artificial - Venta de C\u00e9sped Artficial\",\"description\":\"C\u00e9sped Artificial barato al corte\",\"publisher\":{\"@id\":\"https:\/\/www.jardinartificial.es\/en\/#organization\"},\"potentialAction\":[{\"@type\":\"SearchAction\",\"target\":{\"@type\":\"EntryPoint\",\"urlTemplate\":\"https:\/\/www.jardinartificial.es\/en\/?s={search_term_string}\"},\"query-input\":{\"@type\":\"PropertyValueSpecification\",\"valueRequired\":true,\"valueName\":\"search_term_string\"}}],\"inLanguage\":\"en-US\"},{\"@type\":\"Organization\",\"@id\":\"https:\/\/www.jardinartificial.es\/en\/#organization\",\"name\":\"Jard\u00edn Artificial\",\"url\":\"https:\/\/www.jardinartificial.es\/en\/\",\"logo\":{\"@type\":\"ImageObject\",\"inLanguage\":\"en-US\",\"@id\":\"https:\/\/www.jardinartificial.es\/en\/#\/schema\/logo\/image\/\",\"url\":\"https:\/\/www.jardinartificial.es\/wp-content\/uploads\/2023\/03\/logotipo.svg\",\"contentUrl\":\"https:\/\/www.jardinartificial.es\/wp-content\/uploads\/2023\/03\/logotipo.svg\",\"width\":187,\"height\":53,\"caption\":\"Jard\u00edn Artificial\"},\"image\":{\"@id\":\"https:\/\/www.jardinartificial.es\/en\/#\/schema\/logo\/image\/\"}}]}<\/script>\n<!-- \/ Yoast SEO Premium plugin. -->","yoast_head_json":{"title":"Simple PVC Reed 900gr 1.5x5M | Jardin Artificial","description":"Simple Single-Sided PVC Reed 900g 1.5x5 m. Resistant, easy to install and with UV protection. Ideal for concealment on terraces, balconies and gardens.","robots":{"index":"index","follow":"follow","max-snippet":"max-snippet:-1","max-image-preview":"max-image-preview:large","max-video-preview":"max-video-preview:-1"},"canonical":"https:\/\/www.jardinartificial.es\/en\/comprar\/deco\/enclosure\/simple-pvc-canvas-900gr-15x5m\/","og_locale":"en_US","og_type":"article","og_title":"Simple PVC Reed 900gr 1.5x5M","og_description":"Simple Single-Sided PVC Reed 900g 1.5x5 m. Resistant, easy to install and with UV protection. Ideal for concealment on terraces, balconies and gardens.","og_url":"https:\/\/www.jardinartificial.es\/en\/comprar\/deco\/enclosure\/simple-pvc-canvas-900gr-15x5m\/","og_site_name":"Jardin Artificial","article_modified_time":"2026-03-18T07:54:06+00:00","og_image":[{"width":768,"height":768,"url":"https:\/\/www.jardinartificial.es\/wp-content\/uploads\/2026\/01\/Canizo-PVC-Simple-900gr-15x5M.jpeg","type":"image\/jpeg"}],"twitter_card":"summary_large_image","schema":{"@context":"https:\/\/schema.org","@graph":[{"@type":"WebPage","@id":"https:\/\/www.jardinartificial.es\/en\/comprar\/deco\/enclosure\/simple-pvc-canvas-900gr-15x5m\/","url":"https:\/\/www.jardinartificial.es\/en\/comprar\/deco\/enclosure\/simple-pvc-canvas-900gr-15x5m\/","name":"Simple PVC Reed 900gr 1.5x5M | Jardin Artificial","isPartOf":{"@id":"https:\/\/www.jardinartificial.es\/en\/#website"},"primaryImageOfPage":{"@id":"https:\/\/www.jardinartificial.es\/en\/comprar\/deco\/enclosure\/simple-pvc-canvas-900gr-15x5m\/#primaryimage"},"image":{"@id":"https:\/\/www.jardinartificial.es\/en\/comprar\/deco\/enclosure\/simple-pvc-canvas-900gr-15x5m\/#primaryimage"},"thumbnailUrl":"https:\/\/www.jardinartificial.es\/wp-content\/uploads\/2026\/01\/Canizo-PVC-Simple-900gr-15x5M.jpeg","datePublished":"2025-05-02T07:37:23+00:00","dateModified":"2026-03-18T07:54:06+00:00","description":"Simple Single-Sided PVC Reed 900g 1.5x5 m. Resistant, easy to install and with UV protection. Ideal for concealment on terraces, balconies and gardens.","breadcrumb":{"@id":"https:\/\/www.jardinartificial.es\/en\/comprar\/deco\/enclosure\/simple-pvc-canvas-900gr-15x5m\/#breadcrumb"},"inLanguage":"en-US","potentialAction":[{"@type":"ReadAction","target":["https:\/\/www.jardinartificial.es\/en\/comprar\/deco\/enclosure\/simple-pvc-canvas-900gr-15x5m\/"]}]},{"@type":"ImageObject","inLanguage":"en-US","@id":"https:\/\/www.jardinartificial.es\/en\/comprar\/deco\/enclosure\/simple-pvc-canvas-900gr-15x5m\/#primaryimage","url":"https:\/\/www.jardinartificial.es\/wp-content\/uploads\/2026\/01\/Canizo-PVC-Simple-900gr-15x5M.jpeg","contentUrl":"https:\/\/www.jardinartificial.es\/wp-content\/uploads\/2026\/01\/Canizo-PVC-Simple-900gr-15x5M.jpeg","width":768,"height":768,"caption":"Ca\u00f1izo PVC Simple 900gr 1,5x5M"},{"@type":"BreadcrumbList","@id":"https:\/\/www.jardinartificial.es\/en\/comprar\/deco\/enclosure\/simple-pvc-canvas-900gr-15x5m\/#breadcrumb","itemListElement":[{"@type":"ListItem","position":1,"name":"Portada","item":"https:\/\/www.jardinartificial.es\/en\/"},{"@type":"ListItem","position":2,"name":"All products","item":"https:\/\/www.jardinartificial.es\/en\/all-products\/"},{"@type":"ListItem","position":3,"name":"Simple PVC Reed 900gr 1.5x5M"}]},{"@type":"WebSite","@id":"https:\/\/www.jardinartificial.es\/en\/#website","url":"https:\/\/www.jardinartificial.es\/en\/","name":"Jard\u00edn Artificial - Venta de C\u00e9sped Artficial","description":"C\u00e9sped Artificial barato al corte","publisher":{"@id":"https:\/\/www.jardinartificial.es\/en\/#organization"},"potentialAction":[{"@type":"SearchAction","target":{"@type":"EntryPoint","urlTemplate":"https:\/\/www.jardinartificial.es\/en\/?s={search_term_string}"},"query-input":{"@type":"PropertyValueSpecification","valueRequired":true,"valueName":"search_term_string"}}],"inLanguage":"en-US"},{"@type":"Organization","@id":"https:\/\/www.jardinartificial.es\/en\/#organization","name":"Jard\u00edn Artificial","url":"https:\/\/www.jardinartificial.es\/en\/","logo":{"@type":"ImageObject","inLanguage":"en-US","@id":"https:\/\/www.jardinartificial.es\/en\/#\/schema\/logo\/image\/","url":"https:\/\/www.jardinartificial.es\/wp-content\/uploads\/2023\/03\/logotipo.svg","contentUrl":"https:\/\/www.jardinartificial.es\/wp-content\/uploads\/2023\/03\/logotipo.svg","width":187,"height":53,"caption":"Jard\u00edn Artificial"},"image":{"@id":"https:\/\/www.jardinartificial.es\/en\/#\/schema\/logo\/image\/"}}]}},"_links":{"self":[{"href":"https:\/\/www.jardinartificial.es\/en\/wp-json\/wp\/v2\/product\/98361","targetHints":{"allow":["GET"]}}],"collection":[{"href":"https:\/\/www.jardinartificial.es\/en\/wp-json\/wp\/v2\/product"}],"about":[{"href":"https:\/\/www.jardinartificial.es\/en\/wp-json\/wp\/v2\/types\/product"}],"replies":[{"embeddable":true,"href":"https:\/\/www.jardinartificial.es\/en\/wp-json\/wp\/v2\/comments?post=98361"}],"wp:featuredmedia":[{"embeddable":true,"href":"https:\/\/www.jardinartificial.es\/en\/wp-json\/wp\/v2\/media\/100519"}],"wp:attachment":[{"href":"https:\/\/www.jardinartificial.es\/en\/wp-json\/wp\/v2\/media?parent=98361"}],"wp:term":[{"taxonomy":"product_brand","embeddable":true,"href":"https:\/\/www.jardinartificial.es\/en\/wp-json\/wp\/v2\/product_brand?post=98361"},{"taxonomy":"product_cat","embeddable":true,"href":"https:\/\/www.jardinartificial.es\/en\/wp-json\/wp\/v2\/product_cat?post=98361"},{"taxonomy":"product_tag","embeddable":true,"href":"https:\/\/www.jardinartificial.es\/en\/wp-json\/wp\/v2\/product_tag?post=98361"}],"curies":[{"name":"wp","href":"https:\/\/api.w.org\/{rel}","templated":true}]}}