{"id":98260,"date":"2024-04-25T16:15:59","date_gmt":"2024-04-25T14:15:59","guid":{"rendered":"https:\/\/www.jardinartificial.es\/comprar\/uncategorized\/artificial-grass-cadiz-40mm\/"},"modified":"2026-03-26T08:31:08","modified_gmt":"2026-03-26T07:31:08","slug":"artificial-grass-cadiz-40mm","status":"publish","type":"product","link":"https:\/\/www.jardinartificial.es\/en\/comprar\/artificial-turf\/decorative\/artificial-grass-cadiz-40mm\/","title":{"rendered":"Artificial Turf C\u00e1diz 40mm"},"content":{"rendered":"","protected":false},"excerpt":{"rendered":"<p><strong>C\u00e1diz 40mm artificial turf model<\/strong><\/p>\n<p>40mm artificial turf with an extremely pleasant feeling of softness and comfort. In addition to being resistant, it guarantees great recovery with every step. Its natural appearance is due to the beautiful combination of colors of its straight and curly yarns. With a wide variety of decorative uses, this artificial turf is perfect for terraces, gardens and swimming pools.   <\/p>\n<ul>\n<li>Ideal for use on terraces and gardens with swimming pools. Suitable for pets. <\/li>\n<li>Complete roll of 50m\u00b2, distributed in 25 meters long and 2 meters wide without cuts.<\/li>\n<\/ul>\n","protected":false},"featured_media":101128,"comment_status":"open","ping_status":"closed","template":"","meta":{"_acf_changed":false},"product_brand":[],"product_cat":[905,911],"product_tag":[981,992,921],"class_list":{"0":"post-98260","1":"product","2":"type-product","3":"status-publish","4":"has-post-thumbnail","6":"product_cat-artificial-turf","7":"product_cat-decorative","8":"product_tag-en","9":"product_tag-most-popular-featured","10":"product_tag-most-wanted-home","11":"product_shipping_class-standar","12":"sales-flash-overlay","13":"woocommerce-text-align-center","14":"woocommerce-image-align-center","15":"do-quantity-buttons","16":"wc-has-gallery","18":"first","19":"instock","20":"sale","21":"featured","22":"taxable","23":"shipping-taxable","24":"purchasable","25":"product-type-variable"},"acf":[],"gallery_images":[100965,100966,100962,100963,102779,102780],"yoast_head":"<!-- This site is optimized with the Yoast SEO Premium plugin v27.1 (Yoast SEO v27.2) - https:\/\/yoast.com\/product\/yoast-seo-premium-wordpress\/ -->\n<title>\u25b7 Quality Artificial Turf C\u00e1diz 40mm | Online Sale<\/title>\n<meta name=\"description\" content=\"Buy Artificial Turf C\u00e1diz 40mm. Natural and resistant appearance. Full rolls and cut to size. Shipping to all of Spain. \u2705 Buy securely.\" \/>\n<meta name=\"robots\" content=\"index, follow, max-snippet:-1, max-image-preview:large, max-video-preview:-1\" \/>\n<link rel=\"canonical\" href=\"https:\/\/www.jardinartificial.es\/en\/comprar\/artificial-turf\/decorative\/artificial-grass-cadiz-40mm\/\" \/>\n<meta property=\"og:locale\" content=\"en_US\" \/>\n<meta property=\"og:type\" content=\"article\" \/>\n<meta property=\"og:title\" content=\"Artificial Turf C\u00e1diz 40mm\" \/>\n<meta property=\"og:description\" content=\"Buy Artificial Turf C\u00e1diz 40mm. Natural and resistant appearance. Full rolls and cut to size. Shipping to all of Spain. \u2705 Buy securely.\" \/>\n<meta property=\"og:url\" content=\"https:\/\/www.jardinartificial.es\/en\/comprar\/artificial-turf\/decorative\/artificial-grass-cadiz-40mm\/\" \/>\n<meta property=\"og:site_name\" content=\"Jardin Artificial\" \/>\n<meta property=\"article:modified_time\" content=\"2026-03-26T07:31:08+00:00\" \/>\n<meta property=\"og:image\" content=\"https:\/\/www.jardinartificial.es\/wp-content\/uploads\/2026\/01\/Cesped-Artificial-Cadiz-40mm.webp\" \/>\n\t<meta property=\"og:image:width\" content=\"1920\" \/>\n\t<meta property=\"og:image:height\" content=\"1920\" \/>\n\t<meta property=\"og:image:type\" content=\"image\/webp\" \/>\n<meta name=\"twitter:card\" content=\"summary_large_image\" \/>\n<script type=\"application\/ld+json\" class=\"yoast-schema-graph\">{\"@context\":\"https:\/\/schema.org\",\"@graph\":[{\"@type\":\"WebPage\",\"@id\":\"https:\/\/www.jardinartificial.es\/en\/comprar\/artificial-turf\/decorative\/artificial-grass-cadiz-40mm\/\",\"url\":\"https:\/\/www.jardinartificial.es\/en\/comprar\/artificial-turf\/decorative\/artificial-grass-cadiz-40mm\/\",\"name\":\"\u25b7 Quality Artificial Turf C\u00e1diz 40mm | Online Sale\",\"isPartOf\":{\"@id\":\"https:\/\/www.jardinartificial.es\/en\/#website\"},\"primaryImageOfPage\":{\"@id\":\"https:\/\/www.jardinartificial.es\/en\/comprar\/artificial-turf\/decorative\/artificial-grass-cadiz-40mm\/#primaryimage\"},\"image\":{\"@id\":\"https:\/\/www.jardinartificial.es\/en\/comprar\/artificial-turf\/decorative\/artificial-grass-cadiz-40mm\/#primaryimage\"},\"thumbnailUrl\":\"https:\/\/www.jardinartificial.es\/wp-content\/uploads\/2026\/01\/Cesped-Artificial-Cadiz-40mm.webp\",\"datePublished\":\"2024-04-25T14:15:59+00:00\",\"dateModified\":\"2026-03-26T07:31:08+00:00\",\"description\":\"Buy Artificial Turf C\u00e1diz 40mm. Natural and resistant appearance. Full rolls and cut to size. Shipping to all of Spain. \u2705 Buy securely.\",\"breadcrumb\":{\"@id\":\"https:\/\/www.jardinartificial.es\/en\/comprar\/artificial-turf\/decorative\/artificial-grass-cadiz-40mm\/#breadcrumb\"},\"inLanguage\":\"en-US\",\"potentialAction\":[{\"@type\":\"ReadAction\",\"target\":[\"https:\/\/www.jardinartificial.es\/en\/comprar\/artificial-turf\/decorative\/artificial-grass-cadiz-40mm\/\"]}]},{\"@type\":\"ImageObject\",\"inLanguage\":\"en-US\",\"@id\":\"https:\/\/www.jardinartificial.es\/en\/comprar\/artificial-turf\/decorative\/artificial-grass-cadiz-40mm\/#primaryimage\",\"url\":\"https:\/\/www.jardinartificial.es\/wp-content\/uploads\/2026\/01\/Cesped-Artificial-Cadiz-40mm.webp\",\"contentUrl\":\"https:\/\/www.jardinartificial.es\/wp-content\/uploads\/2026\/01\/Cesped-Artificial-Cadiz-40mm.webp\",\"width\":1920,\"height\":1920,\"caption\":\"Artificial Turf C\u00e1diz 40mm\"},{\"@type\":\"BreadcrumbList\",\"@id\":\"https:\/\/www.jardinartificial.es\/en\/comprar\/artificial-turf\/decorative\/artificial-grass-cadiz-40mm\/#breadcrumb\",\"itemListElement\":[{\"@type\":\"ListItem\",\"position\":1,\"name\":\"Portada\",\"item\":\"https:\/\/www.jardinartificial.es\/en\/\"},{\"@type\":\"ListItem\",\"position\":2,\"name\":\"All products\",\"item\":\"https:\/\/www.jardinartificial.es\/en\/all-products\/\"},{\"@type\":\"ListItem\",\"position\":3,\"name\":\"Artificial Turf C\u00e1diz 40mm\"}]},{\"@type\":\"WebSite\",\"@id\":\"https:\/\/www.jardinartificial.es\/en\/#website\",\"url\":\"https:\/\/www.jardinartificial.es\/en\/\",\"name\":\"Jard\u00edn Artificial - Venta de C\u00e9sped Artficial\",\"description\":\"C\u00e9sped Artificial barato al corte\",\"publisher\":{\"@id\":\"https:\/\/www.jardinartificial.es\/en\/#organization\"},\"potentialAction\":[{\"@type\":\"SearchAction\",\"target\":{\"@type\":\"EntryPoint\",\"urlTemplate\":\"https:\/\/www.jardinartificial.es\/en\/?s={search_term_string}\"},\"query-input\":{\"@type\":\"PropertyValueSpecification\",\"valueRequired\":true,\"valueName\":\"search_term_string\"}}],\"inLanguage\":\"en-US\"},{\"@type\":\"Organization\",\"@id\":\"https:\/\/www.jardinartificial.es\/en\/#organization\",\"name\":\"Jard\u00edn Artificial\",\"url\":\"https:\/\/www.jardinartificial.es\/en\/\",\"logo\":{\"@type\":\"ImageObject\",\"inLanguage\":\"en-US\",\"@id\":\"https:\/\/www.jardinartificial.es\/en\/#\/schema\/logo\/image\/\",\"url\":\"https:\/\/www.jardinartificial.es\/wp-content\/uploads\/2023\/03\/logotipo.svg\",\"contentUrl\":\"https:\/\/www.jardinartificial.es\/wp-content\/uploads\/2023\/03\/logotipo.svg\",\"width\":187,\"height\":53,\"caption\":\"Jard\u00edn Artificial\"},\"image\":{\"@id\":\"https:\/\/www.jardinartificial.es\/en\/#\/schema\/logo\/image\/\"}}]}<\/script>\n<!-- \/ Yoast SEO Premium plugin. -->","yoast_head_json":{"title":"\u25b7 Quality Artificial Turf C\u00e1diz 40mm | Online Sale","description":"Buy Artificial Turf C\u00e1diz 40mm. Natural and resistant appearance. Full rolls and cut to size. Shipping to all of Spain. \u2705 Buy securely.","robots":{"index":"index","follow":"follow","max-snippet":"max-snippet:-1","max-image-preview":"max-image-preview:large","max-video-preview":"max-video-preview:-1"},"canonical":"https:\/\/www.jardinartificial.es\/en\/comprar\/artificial-turf\/decorative\/artificial-grass-cadiz-40mm\/","og_locale":"en_US","og_type":"article","og_title":"Artificial Turf C\u00e1diz 40mm","og_description":"Buy Artificial Turf C\u00e1diz 40mm. Natural and resistant appearance. Full rolls and cut to size. Shipping to all of Spain. \u2705 Buy securely.","og_url":"https:\/\/www.jardinartificial.es\/en\/comprar\/artificial-turf\/decorative\/artificial-grass-cadiz-40mm\/","og_site_name":"Jardin Artificial","article_modified_time":"2026-03-26T07:31:08+00:00","og_image":[{"width":1920,"height":1920,"url":"https:\/\/www.jardinartificial.es\/wp-content\/uploads\/2026\/01\/Cesped-Artificial-Cadiz-40mm.webp","type":"image\/webp"}],"twitter_card":"summary_large_image","schema":{"@context":"https:\/\/schema.org","@graph":[{"@type":"WebPage","@id":"https:\/\/www.jardinartificial.es\/en\/comprar\/artificial-turf\/decorative\/artificial-grass-cadiz-40mm\/","url":"https:\/\/www.jardinartificial.es\/en\/comprar\/artificial-turf\/decorative\/artificial-grass-cadiz-40mm\/","name":"\u25b7 Quality Artificial Turf C\u00e1diz 40mm | Online Sale","isPartOf":{"@id":"https:\/\/www.jardinartificial.es\/en\/#website"},"primaryImageOfPage":{"@id":"https:\/\/www.jardinartificial.es\/en\/comprar\/artificial-turf\/decorative\/artificial-grass-cadiz-40mm\/#primaryimage"},"image":{"@id":"https:\/\/www.jardinartificial.es\/en\/comprar\/artificial-turf\/decorative\/artificial-grass-cadiz-40mm\/#primaryimage"},"thumbnailUrl":"https:\/\/www.jardinartificial.es\/wp-content\/uploads\/2026\/01\/Cesped-Artificial-Cadiz-40mm.webp","datePublished":"2024-04-25T14:15:59+00:00","dateModified":"2026-03-26T07:31:08+00:00","description":"Buy Artificial Turf C\u00e1diz 40mm. Natural and resistant appearance. Full rolls and cut to size. Shipping to all of Spain. \u2705 Buy securely.","breadcrumb":{"@id":"https:\/\/www.jardinartificial.es\/en\/comprar\/artificial-turf\/decorative\/artificial-grass-cadiz-40mm\/#breadcrumb"},"inLanguage":"en-US","potentialAction":[{"@type":"ReadAction","target":["https:\/\/www.jardinartificial.es\/en\/comprar\/artificial-turf\/decorative\/artificial-grass-cadiz-40mm\/"]}]},{"@type":"ImageObject","inLanguage":"en-US","@id":"https:\/\/www.jardinartificial.es\/en\/comprar\/artificial-turf\/decorative\/artificial-grass-cadiz-40mm\/#primaryimage","url":"https:\/\/www.jardinartificial.es\/wp-content\/uploads\/2026\/01\/Cesped-Artificial-Cadiz-40mm.webp","contentUrl":"https:\/\/www.jardinartificial.es\/wp-content\/uploads\/2026\/01\/Cesped-Artificial-Cadiz-40mm.webp","width":1920,"height":1920,"caption":"Artificial Turf C\u00e1diz 40mm"},{"@type":"BreadcrumbList","@id":"https:\/\/www.jardinartificial.es\/en\/comprar\/artificial-turf\/decorative\/artificial-grass-cadiz-40mm\/#breadcrumb","itemListElement":[{"@type":"ListItem","position":1,"name":"Portada","item":"https:\/\/www.jardinartificial.es\/en\/"},{"@type":"ListItem","position":2,"name":"All products","item":"https:\/\/www.jardinartificial.es\/en\/all-products\/"},{"@type":"ListItem","position":3,"name":"Artificial Turf C\u00e1diz 40mm"}]},{"@type":"WebSite","@id":"https:\/\/www.jardinartificial.es\/en\/#website","url":"https:\/\/www.jardinartificial.es\/en\/","name":"Jard\u00edn Artificial - Venta de C\u00e9sped Artficial","description":"C\u00e9sped Artificial barato al corte","publisher":{"@id":"https:\/\/www.jardinartificial.es\/en\/#organization"},"potentialAction":[{"@type":"SearchAction","target":{"@type":"EntryPoint","urlTemplate":"https:\/\/www.jardinartificial.es\/en\/?s={search_term_string}"},"query-input":{"@type":"PropertyValueSpecification","valueRequired":true,"valueName":"search_term_string"}}],"inLanguage":"en-US"},{"@type":"Organization","@id":"https:\/\/www.jardinartificial.es\/en\/#organization","name":"Jard\u00edn Artificial","url":"https:\/\/www.jardinartificial.es\/en\/","logo":{"@type":"ImageObject","inLanguage":"en-US","@id":"https:\/\/www.jardinartificial.es\/en\/#\/schema\/logo\/image\/","url":"https:\/\/www.jardinartificial.es\/wp-content\/uploads\/2023\/03\/logotipo.svg","contentUrl":"https:\/\/www.jardinartificial.es\/wp-content\/uploads\/2023\/03\/logotipo.svg","width":187,"height":53,"caption":"Jard\u00edn Artificial"},"image":{"@id":"https:\/\/www.jardinartificial.es\/en\/#\/schema\/logo\/image\/"}}]}},"_links":{"self":[{"href":"https:\/\/www.jardinartificial.es\/en\/wp-json\/wp\/v2\/product\/98260","targetHints":{"allow":["GET"]}}],"collection":[{"href":"https:\/\/www.jardinartificial.es\/en\/wp-json\/wp\/v2\/product"}],"about":[{"href":"https:\/\/www.jardinartificial.es\/en\/wp-json\/wp\/v2\/types\/product"}],"replies":[{"embeddable":true,"href":"https:\/\/www.jardinartificial.es\/en\/wp-json\/wp\/v2\/comments?post=98260"}],"wp:featuredmedia":[{"embeddable":true,"href":"https:\/\/www.jardinartificial.es\/en\/wp-json\/wp\/v2\/media\/101128"}],"wp:attachment":[{"href":"https:\/\/www.jardinartificial.es\/en\/wp-json\/wp\/v2\/media?parent=98260"}],"wp:term":[{"taxonomy":"product_brand","embeddable":true,"href":"https:\/\/www.jardinartificial.es\/en\/wp-json\/wp\/v2\/product_brand?post=98260"},{"taxonomy":"product_cat","embeddable":true,"href":"https:\/\/www.jardinartificial.es\/en\/wp-json\/wp\/v2\/product_cat?post=98260"},{"taxonomy":"product_tag","embeddable":true,"href":"https:\/\/www.jardinartificial.es\/en\/wp-json\/wp\/v2\/product_tag?post=98260"}],"curies":[{"name":"wp","href":"https:\/\/api.w.org\/{rel}","templated":true}]}}