{"id":98239,"date":"2025-01-14T11:02:53","date_gmt":"2025-01-14T10:02:53","guid":{"rendered":"https:\/\/www.jardinartificial.es\/comprar\/uncategorized\/artificial-amaranth-155cm\/"},"modified":"2026-03-18T08:55:02","modified_gmt":"2026-03-18T07:55:02","slug":"artificial-amaranth-155cm","status":"publish","type":"product","link":"https:\/\/www.jardinartificial.es\/en\/comprar\/artificial-plants\/large-plants\/artificial-amaranth-155cm\/","title":{"rendered":"Amaranta Artificial 155cm"},"content":{"rendered":"","protected":false},"excerpt":{"rendered":"<p><strong>Amaranta Artificial 155 cm<\/strong><\/p>\n<p class=\"pip-product-details__paragraph\">Bring elegance and sophistication to your spaces with this 155 cm Amaranta Artificial tree.<\/p>\n<p class=\"pip-product-details__paragraph\">Its reddish and dark green leaves provide a unique contrast, ideal for modern or classic environments. Perfect for decorating interiors with style and without worrying about the care required of a real plant. <\/p>\n","protected":false},"featured_media":100426,"comment_status":"open","ping_status":"closed","template":"","meta":{"_acf_changed":false},"product_brand":[],"product_cat":[881,884],"product_tag":[981],"class_list":{"0":"post-98239","1":"product","2":"type-product","3":"status-publish","4":"has-post-thumbnail","6":"product_cat-artificial-plants","7":"product_cat-large-plants","8":"product_tag-en","9":"product_shipping_class-standard","10":"sales-flash-overlay","11":"woocommerce-text-align-center","12":"woocommerce-image-align-center","13":"do-quantity-buttons","14":"wc-has-gallery","16":"first","17":"outofstock","18":"sale","19":"taxable","20":"shipping-taxable","21":"purchasable","22":"product-type-simple"},"acf":[],"gallery_images":[100183],"yoast_head":"<!-- This site is optimized with the Yoast SEO Premium plugin v27.1 (Yoast SEO v27.2) - https:\/\/yoast.com\/product\/yoast-seo-premium-wordpress\/ -->\n<title>Amaranta Artificial 155cm | Jardin Artificial<\/title>\n<meta name=\"description\" content=\"Large artificial plant for decoration: 155 cm Amaranta Artificial. Leaves in reddish and dark green tones provide a unique contrast.\" \/>\n<meta name=\"robots\" content=\"index, follow, max-snippet:-1, max-image-preview:large, max-video-preview:-1\" \/>\n<link rel=\"canonical\" href=\"https:\/\/www.jardinartificial.es\/en\/comprar\/artificial-plants\/large-plants\/artificial-amaranth-155cm\/\" \/>\n<meta property=\"og:locale\" content=\"en_US\" \/>\n<meta property=\"og:type\" content=\"article\" \/>\n<meta property=\"og:title\" content=\"Amaranta Artificial 155cm\" \/>\n<meta property=\"og:description\" content=\"Large artificial plant for decoration: 155 cm Amaranta Artificial. Leaves in reddish and dark green tones provide a unique contrast.\" \/>\n<meta property=\"og:url\" content=\"https:\/\/www.jardinartificial.es\/en\/comprar\/artificial-plants\/large-plants\/artificial-amaranth-155cm\/\" \/>\n<meta property=\"og:site_name\" content=\"Jardin Artificial\" \/>\n<meta property=\"article:modified_time\" content=\"2026-03-18T07:55:02+00:00\" \/>\n<meta property=\"og:image\" content=\"https:\/\/www.jardinartificial.es\/wp-content\/uploads\/2026\/01\/Amaranta-Artificial-155CM.jpeg\" \/>\n\t<meta property=\"og:image:width\" content=\"1480\" \/>\n\t<meta property=\"og:image:height\" content=\"1448\" \/>\n\t<meta property=\"og:image:type\" content=\"image\/jpeg\" \/>\n<meta name=\"twitter:card\" content=\"summary_large_image\" \/>\n<script type=\"application\/ld+json\" class=\"yoast-schema-graph\">{\"@context\":\"https:\/\/schema.org\",\"@graph\":[{\"@type\":\"WebPage\",\"@id\":\"https:\/\/www.jardinartificial.es\/en\/comprar\/artificial-plants\/large-plants\/artificial-amaranth-155cm\/\",\"url\":\"https:\/\/www.jardinartificial.es\/en\/comprar\/artificial-plants\/large-plants\/artificial-amaranth-155cm\/\",\"name\":\"Amaranta Artificial 155cm | Jardin Artificial\",\"isPartOf\":{\"@id\":\"https:\/\/www.jardinartificial.es\/en\/#website\"},\"primaryImageOfPage\":{\"@id\":\"https:\/\/www.jardinartificial.es\/en\/comprar\/artificial-plants\/large-plants\/artificial-amaranth-155cm\/#primaryimage\"},\"image\":{\"@id\":\"https:\/\/www.jardinartificial.es\/en\/comprar\/artificial-plants\/large-plants\/artificial-amaranth-155cm\/#primaryimage\"},\"thumbnailUrl\":\"https:\/\/www.jardinartificial.es\/wp-content\/uploads\/2026\/01\/Amaranta-Artificial-155CM.jpeg\",\"datePublished\":\"2025-01-14T10:02:53+00:00\",\"dateModified\":\"2026-03-18T07:55:02+00:00\",\"description\":\"Large artificial plant for decoration: 155 cm Amaranta Artificial. Leaves in reddish and dark green tones provide a unique contrast.\",\"breadcrumb\":{\"@id\":\"https:\/\/www.jardinartificial.es\/en\/comprar\/artificial-plants\/large-plants\/artificial-amaranth-155cm\/#breadcrumb\"},\"inLanguage\":\"en-US\",\"potentialAction\":[{\"@type\":\"ReadAction\",\"target\":[\"https:\/\/www.jardinartificial.es\/en\/comprar\/artificial-plants\/large-plants\/artificial-amaranth-155cm\/\"]}]},{\"@type\":\"ImageObject\",\"inLanguage\":\"en-US\",\"@id\":\"https:\/\/www.jardinartificial.es\/en\/comprar\/artificial-plants\/large-plants\/artificial-amaranth-155cm\/#primaryimage\",\"url\":\"https:\/\/www.jardinartificial.es\/wp-content\/uploads\/2026\/01\/Amaranta-Artificial-155CM.jpeg\",\"contentUrl\":\"https:\/\/www.jardinartificial.es\/wp-content\/uploads\/2026\/01\/Amaranta-Artificial-155CM.jpeg\",\"width\":1480,\"height\":1448,\"caption\":\"Amaranta Artificial 155cm\"},{\"@type\":\"BreadcrumbList\",\"@id\":\"https:\/\/www.jardinartificial.es\/en\/comprar\/artificial-plants\/large-plants\/artificial-amaranth-155cm\/#breadcrumb\",\"itemListElement\":[{\"@type\":\"ListItem\",\"position\":1,\"name\":\"Portada\",\"item\":\"https:\/\/www.jardinartificial.es\/en\/\"},{\"@type\":\"ListItem\",\"position\":2,\"name\":\"All products\",\"item\":\"https:\/\/www.jardinartificial.es\/en\/all-products\/\"},{\"@type\":\"ListItem\",\"position\":3,\"name\":\"Amaranta Artificial 155cm\"}]},{\"@type\":\"WebSite\",\"@id\":\"https:\/\/www.jardinartificial.es\/en\/#website\",\"url\":\"https:\/\/www.jardinartificial.es\/en\/\",\"name\":\"Jard\u00edn Artificial - Venta de C\u00e9sped Artficial\",\"description\":\"C\u00e9sped Artificial barato al corte\",\"publisher\":{\"@id\":\"https:\/\/www.jardinartificial.es\/en\/#organization\"},\"potentialAction\":[{\"@type\":\"SearchAction\",\"target\":{\"@type\":\"EntryPoint\",\"urlTemplate\":\"https:\/\/www.jardinartificial.es\/en\/?s={search_term_string}\"},\"query-input\":{\"@type\":\"PropertyValueSpecification\",\"valueRequired\":true,\"valueName\":\"search_term_string\"}}],\"inLanguage\":\"en-US\"},{\"@type\":\"Organization\",\"@id\":\"https:\/\/www.jardinartificial.es\/en\/#organization\",\"name\":\"Jard\u00edn Artificial\",\"url\":\"https:\/\/www.jardinartificial.es\/en\/\",\"logo\":{\"@type\":\"ImageObject\",\"inLanguage\":\"en-US\",\"@id\":\"https:\/\/www.jardinartificial.es\/en\/#\/schema\/logo\/image\/\",\"url\":\"https:\/\/www.jardinartificial.es\/wp-content\/uploads\/2023\/03\/logotipo.svg\",\"contentUrl\":\"https:\/\/www.jardinartificial.es\/wp-content\/uploads\/2023\/03\/logotipo.svg\",\"width\":187,\"height\":53,\"caption\":\"Jard\u00edn Artificial\"},\"image\":{\"@id\":\"https:\/\/www.jardinartificial.es\/en\/#\/schema\/logo\/image\/\"}}]}<\/script>\n<!-- \/ Yoast SEO Premium plugin. -->","yoast_head_json":{"title":"Amaranta Artificial 155cm | Jardin Artificial","description":"Large artificial plant for decoration: 155 cm Amaranta Artificial. Leaves in reddish and dark green tones provide a unique contrast.","robots":{"index":"index","follow":"follow","max-snippet":"max-snippet:-1","max-image-preview":"max-image-preview:large","max-video-preview":"max-video-preview:-1"},"canonical":"https:\/\/www.jardinartificial.es\/en\/comprar\/artificial-plants\/large-plants\/artificial-amaranth-155cm\/","og_locale":"en_US","og_type":"article","og_title":"Amaranta Artificial 155cm","og_description":"Large artificial plant for decoration: 155 cm Amaranta Artificial. Leaves in reddish and dark green tones provide a unique contrast.","og_url":"https:\/\/www.jardinartificial.es\/en\/comprar\/artificial-plants\/large-plants\/artificial-amaranth-155cm\/","og_site_name":"Jardin Artificial","article_modified_time":"2026-03-18T07:55:02+00:00","og_image":[{"width":1480,"height":1448,"url":"https:\/\/www.jardinartificial.es\/wp-content\/uploads\/2026\/01\/Amaranta-Artificial-155CM.jpeg","type":"image\/jpeg"}],"twitter_card":"summary_large_image","schema":{"@context":"https:\/\/schema.org","@graph":[{"@type":"WebPage","@id":"https:\/\/www.jardinartificial.es\/en\/comprar\/artificial-plants\/large-plants\/artificial-amaranth-155cm\/","url":"https:\/\/www.jardinartificial.es\/en\/comprar\/artificial-plants\/large-plants\/artificial-amaranth-155cm\/","name":"Amaranta Artificial 155cm | Jardin Artificial","isPartOf":{"@id":"https:\/\/www.jardinartificial.es\/en\/#website"},"primaryImageOfPage":{"@id":"https:\/\/www.jardinartificial.es\/en\/comprar\/artificial-plants\/large-plants\/artificial-amaranth-155cm\/#primaryimage"},"image":{"@id":"https:\/\/www.jardinartificial.es\/en\/comprar\/artificial-plants\/large-plants\/artificial-amaranth-155cm\/#primaryimage"},"thumbnailUrl":"https:\/\/www.jardinartificial.es\/wp-content\/uploads\/2026\/01\/Amaranta-Artificial-155CM.jpeg","datePublished":"2025-01-14T10:02:53+00:00","dateModified":"2026-03-18T07:55:02+00:00","description":"Large artificial plant for decoration: 155 cm Amaranta Artificial. Leaves in reddish and dark green tones provide a unique contrast.","breadcrumb":{"@id":"https:\/\/www.jardinartificial.es\/en\/comprar\/artificial-plants\/large-plants\/artificial-amaranth-155cm\/#breadcrumb"},"inLanguage":"en-US","potentialAction":[{"@type":"ReadAction","target":["https:\/\/www.jardinartificial.es\/en\/comprar\/artificial-plants\/large-plants\/artificial-amaranth-155cm\/"]}]},{"@type":"ImageObject","inLanguage":"en-US","@id":"https:\/\/www.jardinartificial.es\/en\/comprar\/artificial-plants\/large-plants\/artificial-amaranth-155cm\/#primaryimage","url":"https:\/\/www.jardinartificial.es\/wp-content\/uploads\/2026\/01\/Amaranta-Artificial-155CM.jpeg","contentUrl":"https:\/\/www.jardinartificial.es\/wp-content\/uploads\/2026\/01\/Amaranta-Artificial-155CM.jpeg","width":1480,"height":1448,"caption":"Amaranta Artificial 155cm"},{"@type":"BreadcrumbList","@id":"https:\/\/www.jardinartificial.es\/en\/comprar\/artificial-plants\/large-plants\/artificial-amaranth-155cm\/#breadcrumb","itemListElement":[{"@type":"ListItem","position":1,"name":"Portada","item":"https:\/\/www.jardinartificial.es\/en\/"},{"@type":"ListItem","position":2,"name":"All products","item":"https:\/\/www.jardinartificial.es\/en\/all-products\/"},{"@type":"ListItem","position":3,"name":"Amaranta Artificial 155cm"}]},{"@type":"WebSite","@id":"https:\/\/www.jardinartificial.es\/en\/#website","url":"https:\/\/www.jardinartificial.es\/en\/","name":"Jard\u00edn Artificial - Venta de C\u00e9sped Artficial","description":"C\u00e9sped Artificial barato al corte","publisher":{"@id":"https:\/\/www.jardinartificial.es\/en\/#organization"},"potentialAction":[{"@type":"SearchAction","target":{"@type":"EntryPoint","urlTemplate":"https:\/\/www.jardinartificial.es\/en\/?s={search_term_string}"},"query-input":{"@type":"PropertyValueSpecification","valueRequired":true,"valueName":"search_term_string"}}],"inLanguage":"en-US"},{"@type":"Organization","@id":"https:\/\/www.jardinartificial.es\/en\/#organization","name":"Jard\u00edn Artificial","url":"https:\/\/www.jardinartificial.es\/en\/","logo":{"@type":"ImageObject","inLanguage":"en-US","@id":"https:\/\/www.jardinartificial.es\/en\/#\/schema\/logo\/image\/","url":"https:\/\/www.jardinartificial.es\/wp-content\/uploads\/2023\/03\/logotipo.svg","contentUrl":"https:\/\/www.jardinartificial.es\/wp-content\/uploads\/2023\/03\/logotipo.svg","width":187,"height":53,"caption":"Jard\u00edn Artificial"},"image":{"@id":"https:\/\/www.jardinartificial.es\/en\/#\/schema\/logo\/image\/"}}]}},"_links":{"self":[{"href":"https:\/\/www.jardinartificial.es\/en\/wp-json\/wp\/v2\/product\/98239","targetHints":{"allow":["GET"]}}],"collection":[{"href":"https:\/\/www.jardinartificial.es\/en\/wp-json\/wp\/v2\/product"}],"about":[{"href":"https:\/\/www.jardinartificial.es\/en\/wp-json\/wp\/v2\/types\/product"}],"replies":[{"embeddable":true,"href":"https:\/\/www.jardinartificial.es\/en\/wp-json\/wp\/v2\/comments?post=98239"}],"wp:featuredmedia":[{"embeddable":true,"href":"https:\/\/www.jardinartificial.es\/en\/wp-json\/wp\/v2\/media\/100426"}],"wp:attachment":[{"href":"https:\/\/www.jardinartificial.es\/en\/wp-json\/wp\/v2\/media?parent=98239"}],"wp:term":[{"taxonomy":"product_brand","embeddable":true,"href":"https:\/\/www.jardinartificial.es\/en\/wp-json\/wp\/v2\/product_brand?post=98239"},{"taxonomy":"product_cat","embeddable":true,"href":"https:\/\/www.jardinartificial.es\/en\/wp-json\/wp\/v2\/product_cat?post=98239"},{"taxonomy":"product_tag","embeddable":true,"href":"https:\/\/www.jardinartificial.es\/en\/wp-json\/wp\/v2\/product_tag?post=98239"}],"curies":[{"name":"wp","href":"https:\/\/api.w.org\/{rel}","templated":true}]}}