{"id":98161,"date":"2025-04-28T11:17:57","date_gmt":"2025-04-28T09:17:57","guid":{"rendered":"https:\/\/www.jardinartificial.es\/comprar\/uncategorized\/okinawa-solar-battery-lantern\/"},"modified":"2026-02-02T11:38:38","modified_gmt":"2026-02-02T10:38:38","slug":"okinawa-solar-battery-lantern","status":"publish","type":"product","link":"https:\/\/www.jardinartificial.es\/en\/comprar\/deco\/lighting\/okinawa-solar-battery-lantern\/","title":{"rendered":"Okinawa Lantern with Solar Battery"},"content":{"rendered":"","protected":false},"excerpt":{"rendered":"<p><strong>Okinawa Lantern Solar Battery<\/strong><\/p>\n<p>The OKINAWA hand lantern is handmade with Bamboo. Its organic design and straight lines make it an essential product for any terrace or garden. It can be combined with other products from the Okinawa series, such as the <a href=\"https:\/\/www.jardinartificial.es\/en\/comprar\/deco\/lighting\/okinawa-solar-battery-garland\/\">garland<\/a>. Together, they form a set of lamps that bring a touch of harmonious nature to your home. It incorporates a large solar panel so that it can be charged efficiently without the need for cables. The handle is made of metal, which provides robustness and firmness.     <\/p>\n<p>The OKINAWA hand lantern has a Cherry portable rechargeable bulb. This bulb requires no installation; you will only have to bring it close to the back of the solar panel, and it will adhere due to its magnetic base. This bulb also includes a remote control to turn it on and off and regulate its intensity. It has 900 lumens and a battery life of between 6 and 20 hours, depending on its intensity.   <\/p>\n<p>*Solar Charging: As its name suggests, you only need the product to be exposed to sunlight. The more direct sunlight it receives, the longer the battery life will be. <\/p>\n<ul class=\"tablaTech\">\n<li>\n<div class=\"boxContents no-border\">\n<div class=\"name\"><strong>SIZE<\/strong><\/div>\n<div class=\"data\">14.5 x 14.5 x 24 cm<\/div>\n<\/div>\n<\/li>\n<\/ul>\n","protected":false},"featured_media":98180,"comment_status":"open","ping_status":"closed","template":"","meta":{"_acf_changed":false},"product_brand":[],"product_cat":[926,927],"product_tag":[981],"class_list":{"0":"post-98161","1":"product","2":"type-product","3":"status-publish","4":"has-post-thumbnail","6":"product_cat-deco","7":"product_cat-lighting","8":"product_tag-en","9":"product_shipping_class-standard","10":"sales-flash-overlay","11":"woocommerce-text-align-center","12":"woocommerce-image-align-center","13":"do-quantity-buttons","14":"wc-has-gallery","16":"first","17":"outofstock","18":"sale","19":"taxable","20":"shipping-taxable","21":"purchasable","22":"product-type-simple"},"acf":[],"gallery_images":[90506,90508,90510,91376],"yoast_head":"<!-- This site is optimized with the Yoast SEO Premium plugin v27.4 (Yoast SEO v27.4) - https:\/\/yoast.com\/product\/yoast-seo-premium-wordpress\/ -->\n<title>Okinawa Lantern with Solar Battery | Jardin Artificial<\/title>\n<meta name=\"description\" content=\"OKINAWA decorative solar lantern made of handmade bamboo, ideal for gardens or terraces. Natural design, portable LED bulb with remote control and solar charging.\" \/>\n<meta name=\"robots\" content=\"index, follow, max-snippet:-1, max-image-preview:large, max-video-preview:-1\" \/>\n<link rel=\"canonical\" href=\"https:\/\/www.jardinartificial.es\/en\/comprar\/deco\/lighting\/okinawa-solar-battery-lantern\/\" \/>\n<meta property=\"og:locale\" content=\"en_US\" \/>\n<meta property=\"og:type\" content=\"article\" \/>\n<meta property=\"og:title\" content=\"Okinawa Lantern with Solar Battery\" \/>\n<meta property=\"og:description\" content=\"OKINAWA decorative solar lantern made of handmade bamboo, ideal for gardens or terraces. Natural design, portable LED bulb with remote control and solar charging.\" \/>\n<meta property=\"og:url\" content=\"https:\/\/www.jardinartificial.es\/en\/comprar\/deco\/lighting\/okinawa-solar-battery-lantern\/\" \/>\n<meta property=\"og:site_name\" content=\"Jardin Artificial\" \/>\n<meta property=\"article:modified_time\" content=\"2026-02-02T10:38:38+00:00\" \/>\n<meta property=\"og:image\" content=\"https:\/\/www.jardinartificial.es\/wp-content\/uploads\/2025\/04\/OKINAWA_LANTERN_BATTERY_1200X1200-16.jpg\" \/>\n\t<meta property=\"og:image:width\" content=\"1200\" \/>\n\t<meta property=\"og:image:height\" content=\"1200\" \/>\n\t<meta property=\"og:image:type\" content=\"image\/jpeg\" \/>\n<meta name=\"twitter:card\" content=\"summary_large_image\" \/>\n<script type=\"application\/ld+json\" class=\"yoast-schema-graph\">{\"@context\":\"https:\\\/\\\/schema.org\",\"@graph\":[{\"@type\":\"WebPage\",\"@id\":\"https:\\\/\\\/www.jardinartificial.es\\\/en\\\/comprar\\\/deco\\\/lighting\\\/okinawa-solar-battery-lantern\\\/\",\"url\":\"https:\\\/\\\/www.jardinartificial.es\\\/en\\\/comprar\\\/deco\\\/lighting\\\/okinawa-solar-battery-lantern\\\/\",\"name\":\"Okinawa Lantern with Solar Battery | Jardin Artificial\",\"isPartOf\":{\"@id\":\"https:\\\/\\\/www.jardinartificial.es\\\/en\\\/#website\"},\"primaryImageOfPage\":{\"@id\":\"https:\\\/\\\/www.jardinartificial.es\\\/en\\\/comprar\\\/deco\\\/lighting\\\/okinawa-solar-battery-lantern\\\/#primaryimage\"},\"image\":{\"@id\":\"https:\\\/\\\/www.jardinartificial.es\\\/en\\\/comprar\\\/deco\\\/lighting\\\/okinawa-solar-battery-lantern\\\/#primaryimage\"},\"thumbnailUrl\":\"https:\\\/\\\/www.jardinartificial.es\\\/wp-content\\\/uploads\\\/2025\\\/04\\\/OKINAWA_LANTERN_BATTERY_1200X1200-16.jpg\",\"datePublished\":\"2025-04-28T09:17:57+00:00\",\"dateModified\":\"2026-02-02T10:38:38+00:00\",\"description\":\"OKINAWA decorative solar lantern made of handmade bamboo, ideal for gardens or terraces. Natural design, portable LED bulb with remote control and solar charging.\",\"breadcrumb\":{\"@id\":\"https:\\\/\\\/www.jardinartificial.es\\\/en\\\/comprar\\\/deco\\\/lighting\\\/okinawa-solar-battery-lantern\\\/#breadcrumb\"},\"inLanguage\":\"en-US\",\"potentialAction\":[{\"@type\":\"ReadAction\",\"target\":[\"https:\\\/\\\/www.jardinartificial.es\\\/en\\\/comprar\\\/deco\\\/lighting\\\/okinawa-solar-battery-lantern\\\/\"]}]},{\"@type\":\"ImageObject\",\"inLanguage\":\"en-US\",\"@id\":\"https:\\\/\\\/www.jardinartificial.es\\\/en\\\/comprar\\\/deco\\\/lighting\\\/okinawa-solar-battery-lantern\\\/#primaryimage\",\"url\":\"https:\\\/\\\/www.jardinartificial.es\\\/wp-content\\\/uploads\\\/2025\\\/04\\\/OKINAWA_LANTERN_BATTERY_1200X1200-16.jpg\",\"contentUrl\":\"https:\\\/\\\/www.jardinartificial.es\\\/wp-content\\\/uploads\\\/2025\\\/04\\\/OKINAWA_LANTERN_BATTERY_1200X1200-16.jpg\",\"width\":1200,\"height\":1200,\"caption\":\"Okinawa Lantern Solar + Battery\"},{\"@type\":\"BreadcrumbList\",\"@id\":\"https:\\\/\\\/www.jardinartificial.es\\\/en\\\/comprar\\\/deco\\\/lighting\\\/okinawa-solar-battery-lantern\\\/#breadcrumb\",\"itemListElement\":[{\"@type\":\"ListItem\",\"position\":1,\"name\":\"Portada\",\"item\":\"https:\\\/\\\/www.jardinartificial.es\\\/en\\\/\"},{\"@type\":\"ListItem\",\"position\":2,\"name\":\"All products\",\"item\":\"https:\\\/\\\/www.jardinartificial.es\\\/en\\\/all-products\\\/\"},{\"@type\":\"ListItem\",\"position\":3,\"name\":\"Okinawa Lantern with Solar Battery\"}]},{\"@type\":\"WebSite\",\"@id\":\"https:\\\/\\\/www.jardinartificial.es\\\/en\\\/#website\",\"url\":\"https:\\\/\\\/www.jardinartificial.es\\\/en\\\/\",\"name\":\"Jard\u00edn Artificial - Venta de C\u00e9sped Artficial\",\"description\":\"C\u00e9sped Artificial barato al corte\",\"publisher\":{\"@id\":\"https:\\\/\\\/www.jardinartificial.es\\\/en\\\/#organization\"},\"potentialAction\":[{\"@type\":\"SearchAction\",\"target\":{\"@type\":\"EntryPoint\",\"urlTemplate\":\"https:\\\/\\\/www.jardinartificial.es\\\/en\\\/?s={search_term_string}\"},\"query-input\":{\"@type\":\"PropertyValueSpecification\",\"valueRequired\":true,\"valueName\":\"search_term_string\"}}],\"inLanguage\":\"en-US\"},{\"@type\":\"Organization\",\"@id\":\"https:\\\/\\\/www.jardinartificial.es\\\/en\\\/#organization\",\"name\":\"Jard\u00edn Artificial\",\"url\":\"https:\\\/\\\/www.jardinartificial.es\\\/en\\\/\",\"logo\":{\"@type\":\"ImageObject\",\"inLanguage\":\"en-US\",\"@id\":\"https:\\\/\\\/www.jardinartificial.es\\\/en\\\/#\\\/schema\\\/logo\\\/image\\\/\",\"url\":\"https:\\\/\\\/www.jardinartificial.es\\\/wp-content\\\/uploads\\\/2023\\\/03\\\/logotipo.svg\",\"contentUrl\":\"https:\\\/\\\/www.jardinartificial.es\\\/wp-content\\\/uploads\\\/2023\\\/03\\\/logotipo.svg\",\"width\":187,\"height\":53,\"caption\":\"Jard\u00edn Artificial\"},\"image\":{\"@id\":\"https:\\\/\\\/www.jardinartificial.es\\\/en\\\/#\\\/schema\\\/logo\\\/image\\\/\"}}]}<\/script>\n<!-- \/ Yoast SEO Premium plugin. -->","yoast_head_json":{"title":"Okinawa Lantern with Solar Battery | Jardin Artificial","description":"OKINAWA decorative solar lantern made of handmade bamboo, ideal for gardens or terraces. Natural design, portable LED bulb with remote control and solar charging.","robots":{"index":"index","follow":"follow","max-snippet":"max-snippet:-1","max-image-preview":"max-image-preview:large","max-video-preview":"max-video-preview:-1"},"canonical":"https:\/\/www.jardinartificial.es\/en\/comprar\/deco\/lighting\/okinawa-solar-battery-lantern\/","og_locale":"en_US","og_type":"article","og_title":"Okinawa Lantern with Solar Battery","og_description":"OKINAWA decorative solar lantern made of handmade bamboo, ideal for gardens or terraces. Natural design, portable LED bulb with remote control and solar charging.","og_url":"https:\/\/www.jardinartificial.es\/en\/comprar\/deco\/lighting\/okinawa-solar-battery-lantern\/","og_site_name":"Jardin Artificial","article_modified_time":"2026-02-02T10:38:38+00:00","og_image":[{"width":1200,"height":1200,"url":"https:\/\/www.jardinartificial.es\/wp-content\/uploads\/2025\/04\/OKINAWA_LANTERN_BATTERY_1200X1200-16.jpg","type":"image\/jpeg"}],"twitter_card":"summary_large_image","schema":{"@context":"https:\/\/schema.org","@graph":[{"@type":"WebPage","@id":"https:\/\/www.jardinartificial.es\/en\/comprar\/deco\/lighting\/okinawa-solar-battery-lantern\/","url":"https:\/\/www.jardinartificial.es\/en\/comprar\/deco\/lighting\/okinawa-solar-battery-lantern\/","name":"Okinawa Lantern with Solar Battery | Jardin Artificial","isPartOf":{"@id":"https:\/\/www.jardinartificial.es\/en\/#website"},"primaryImageOfPage":{"@id":"https:\/\/www.jardinartificial.es\/en\/comprar\/deco\/lighting\/okinawa-solar-battery-lantern\/#primaryimage"},"image":{"@id":"https:\/\/www.jardinartificial.es\/en\/comprar\/deco\/lighting\/okinawa-solar-battery-lantern\/#primaryimage"},"thumbnailUrl":"https:\/\/www.jardinartificial.es\/wp-content\/uploads\/2025\/04\/OKINAWA_LANTERN_BATTERY_1200X1200-16.jpg","datePublished":"2025-04-28T09:17:57+00:00","dateModified":"2026-02-02T10:38:38+00:00","description":"OKINAWA decorative solar lantern made of handmade bamboo, ideal for gardens or terraces. Natural design, portable LED bulb with remote control and solar charging.","breadcrumb":{"@id":"https:\/\/www.jardinartificial.es\/en\/comprar\/deco\/lighting\/okinawa-solar-battery-lantern\/#breadcrumb"},"inLanguage":"en-US","potentialAction":[{"@type":"ReadAction","target":["https:\/\/www.jardinartificial.es\/en\/comprar\/deco\/lighting\/okinawa-solar-battery-lantern\/"]}]},{"@type":"ImageObject","inLanguage":"en-US","@id":"https:\/\/www.jardinartificial.es\/en\/comprar\/deco\/lighting\/okinawa-solar-battery-lantern\/#primaryimage","url":"https:\/\/www.jardinartificial.es\/wp-content\/uploads\/2025\/04\/OKINAWA_LANTERN_BATTERY_1200X1200-16.jpg","contentUrl":"https:\/\/www.jardinartificial.es\/wp-content\/uploads\/2025\/04\/OKINAWA_LANTERN_BATTERY_1200X1200-16.jpg","width":1200,"height":1200,"caption":"Okinawa Lantern Solar + Battery"},{"@type":"BreadcrumbList","@id":"https:\/\/www.jardinartificial.es\/en\/comprar\/deco\/lighting\/okinawa-solar-battery-lantern\/#breadcrumb","itemListElement":[{"@type":"ListItem","position":1,"name":"Portada","item":"https:\/\/www.jardinartificial.es\/en\/"},{"@type":"ListItem","position":2,"name":"All products","item":"https:\/\/www.jardinartificial.es\/en\/all-products\/"},{"@type":"ListItem","position":3,"name":"Okinawa Lantern with Solar Battery"}]},{"@type":"WebSite","@id":"https:\/\/www.jardinartificial.es\/en\/#website","url":"https:\/\/www.jardinartificial.es\/en\/","name":"Jard\u00edn Artificial - Venta de C\u00e9sped Artficial","description":"C\u00e9sped Artificial barato al corte","publisher":{"@id":"https:\/\/www.jardinartificial.es\/en\/#organization"},"potentialAction":[{"@type":"SearchAction","target":{"@type":"EntryPoint","urlTemplate":"https:\/\/www.jardinartificial.es\/en\/?s={search_term_string}"},"query-input":{"@type":"PropertyValueSpecification","valueRequired":true,"valueName":"search_term_string"}}],"inLanguage":"en-US"},{"@type":"Organization","@id":"https:\/\/www.jardinartificial.es\/en\/#organization","name":"Jard\u00edn Artificial","url":"https:\/\/www.jardinartificial.es\/en\/","logo":{"@type":"ImageObject","inLanguage":"en-US","@id":"https:\/\/www.jardinartificial.es\/en\/#\/schema\/logo\/image\/","url":"https:\/\/www.jardinartificial.es\/wp-content\/uploads\/2023\/03\/logotipo.svg","contentUrl":"https:\/\/www.jardinartificial.es\/wp-content\/uploads\/2023\/03\/logotipo.svg","width":187,"height":53,"caption":"Jard\u00edn Artificial"},"image":{"@id":"https:\/\/www.jardinartificial.es\/en\/#\/schema\/logo\/image\/"}}]}},"_links":{"self":[{"href":"https:\/\/www.jardinartificial.es\/en\/wp-json\/wp\/v2\/product\/98161","targetHints":{"allow":["GET"]}}],"collection":[{"href":"https:\/\/www.jardinartificial.es\/en\/wp-json\/wp\/v2\/product"}],"about":[{"href":"https:\/\/www.jardinartificial.es\/en\/wp-json\/wp\/v2\/types\/product"}],"replies":[{"embeddable":true,"href":"https:\/\/www.jardinartificial.es\/en\/wp-json\/wp\/v2\/comments?post=98161"}],"wp:featuredmedia":[{"embeddable":true,"href":"https:\/\/www.jardinartificial.es\/en\/wp-json\/wp\/v2\/media\/98180"}],"wp:attachment":[{"href":"https:\/\/www.jardinartificial.es\/en\/wp-json\/wp\/v2\/media?parent=98161"}],"wp:term":[{"taxonomy":"product_brand","embeddable":true,"href":"https:\/\/www.jardinartificial.es\/en\/wp-json\/wp\/v2\/product_brand?post=98161"},{"taxonomy":"product_cat","embeddable":true,"href":"https:\/\/www.jardinartificial.es\/en\/wp-json\/wp\/v2\/product_cat?post=98161"},{"taxonomy":"product_tag","embeddable":true,"href":"https:\/\/www.jardinartificial.es\/en\/wp-json\/wp\/v2\/product_tag?post=98161"}],"curies":[{"name":"wp","href":"https:\/\/api.w.org\/{rel}","templated":true}]}}