{"id":98120,"date":"2022-09-01T17:36:24","date_gmt":"2022-09-01T15:36:24","guid":{"rendered":"https:\/\/www.jardinartificial.es\/comprar\/uncategorized\/vertical-garden-guadalajara-60x40-4-units\/"},"modified":"2026-04-13T14:00:03","modified_gmt":"2026-04-13T12:00:03","slug":"vertical-garden-guadalajara-60x40-4-units","status":"publish","type":"product","link":"https:\/\/www.jardinartificial.es\/en\/comprar\/vertical-gardens\/vertical-garden-guadalajara-60x40-4-units\/","title":{"rendered":"Guadalajara Vertical Garden 60&#215;40 (4 Units)"},"content":{"rendered":"","protected":false},"excerpt":{"rendered":"<p><strong>Price for 4 Units of 60\u00d740 cm.<\/strong><\/p>\n<p><strong>Guadalajara Vertical Garden<\/strong><\/p>\n<p>Discover the fantasy of the <strong>Guadalajara model<\/strong> in our <strong>Artificial Vertical Gardens<\/strong>. This charming garden is the perfect ally to add a <strong>touch of color and joy<\/strong> to any space. With <strong>boxwood-type leaves<\/strong> in <strong>vibrant shades of orange and yellow<\/strong>, this model provides a visually captivating effect that will transform any environment into a true spectacle. Perfect for those looking to add a touch of fantasy and originality to their <strong>home or office<\/strong>, the <strong>Guadalajara model<\/strong> is an exceptional choice that is sure to impress all who see it.   <\/p>\n<p>Discover how you can enjoy the beauty and fun of <strong>vivid colors<\/strong> <strong>without maintenance worries<\/strong> with our <strong>Guadalajara model<\/strong> and bring your space to life with a touch of freshness and charm.<\/p>\n<ul>\n<li>Measures 60 cm X 40 cm.<\/li>\n<li>Ideal for indoor decoration.<\/li>\n<li>Grid composition: 50% HDPE and 50% PP.<\/li>\n<li>Synthetic leaf composition: 50% HDPE and 50% PP.<\/li>\n<li>UV and anti-fading guarantee 2 years.<\/li>\n<\/ul>\n","protected":false},"featured_media":98122,"comment_status":"open","ping_status":"closed","template":"","meta":{"_acf_changed":false},"product_brand":[],"product_cat":[936,874],"product_tag":[981],"class_list":{"0":"post-98120","1":"product","2":"type-product","3":"status-publish","4":"has-post-thumbnail","6":"product_cat-60x40","7":"product_cat-vertical-gardens","8":"product_tag-en","9":"product_shipping_class-standard","10":"sales-flash-overlay","11":"woocommerce-text-align-center","12":"woocommerce-image-align-center","13":"do-quantity-buttons","15":"first","16":"instock","17":"sale","18":"taxable","19":"shipping-taxable","20":"purchasable","21":"product-type-simple"},"acf":[],"gallery_images":[],"yoast_head":"<!-- This site is optimized with the Yoast SEO Premium plugin v27.1 (Yoast SEO v27.2) - https:\/\/yoast.com\/product\/yoast-seo-premium-wordpress\/ -->\n<title>Guadalajara Vertical Garden 60x40 (4 Units) | Jardin Artificial<\/title>\n<meta name=\"description\" content=\"Guadalajara Vertical Garden. Made of Polyethylene. Guaranteed for 2 years against UV and fading. For indoor use. Measures 60 cm X 40 cm (Pack of 4 units)\" \/>\n<meta name=\"robots\" content=\"index, follow, max-snippet:-1, max-image-preview:large, max-video-preview:-1\" \/>\n<link rel=\"canonical\" href=\"https:\/\/www.jardinartificial.es\/en\/comprar\/vertical-gardens\/vertical-garden-guadalajara-60x40-4-units\/\" \/>\n<meta property=\"og:locale\" content=\"en_US\" \/>\n<meta property=\"og:type\" content=\"article\" \/>\n<meta property=\"og:title\" content=\"Guadalajara Vertical Garden 60x40 (4 Units)\" \/>\n<meta property=\"og:description\" content=\"Guadalajara Vertical Garden. Made of Polyethylene. Guaranteed for 2 years against UV and fading. For indoor use. Measures 60 cm X 40 cm (Pack of 4 units)\" \/>\n<meta property=\"og:url\" content=\"https:\/\/www.jardinartificial.es\/en\/comprar\/vertical-gardens\/vertical-garden-guadalajara-60x40-4-units\/\" \/>\n<meta property=\"og:site_name\" content=\"Jardin Artificial\" \/>\n<meta property=\"article:modified_time\" content=\"2026-04-13T12:00:03+00:00\" \/>\n<meta property=\"og:image\" content=\"https:\/\/www.jardinartificial.es\/wp-content\/uploads\/2022\/09\/JV-GUADALAJARA_001.jpg\" \/>\n\t<meta property=\"og:image:width\" content=\"800\" \/>\n\t<meta property=\"og:image:height\" content=\"600\" \/>\n\t<meta property=\"og:image:type\" content=\"image\/jpeg\" \/>\n<meta name=\"twitter:card\" content=\"summary_large_image\" \/>\n<script type=\"application\/ld+json\" class=\"yoast-schema-graph\">{\"@context\":\"https:\/\/schema.org\",\"@graph\":[{\"@type\":\"WebPage\",\"@id\":\"https:\/\/www.jardinartificial.es\/en\/comprar\/vertical-gardens\/vertical-garden-guadalajara-60x40-4-units\/\",\"url\":\"https:\/\/www.jardinartificial.es\/en\/comprar\/vertical-gardens\/vertical-garden-guadalajara-60x40-4-units\/\",\"name\":\"Guadalajara Vertical Garden 60x40 (4 Units) | Jardin Artificial\",\"isPartOf\":{\"@id\":\"https:\/\/www.jardinartificial.es\/en\/#website\"},\"primaryImageOfPage\":{\"@id\":\"https:\/\/www.jardinartificial.es\/en\/comprar\/vertical-gardens\/vertical-garden-guadalajara-60x40-4-units\/#primaryimage\"},\"image\":{\"@id\":\"https:\/\/www.jardinartificial.es\/en\/comprar\/vertical-gardens\/vertical-garden-guadalajara-60x40-4-units\/#primaryimage\"},\"thumbnailUrl\":\"https:\/\/www.jardinartificial.es\/wp-content\/uploads\/2022\/09\/JV-GUADALAJARA_001.jpg\",\"datePublished\":\"2022-09-01T15:36:24+00:00\",\"dateModified\":\"2026-04-13T12:00:03+00:00\",\"description\":\"Guadalajara Vertical Garden. Made of Polyethylene. Guaranteed for 2 years against UV and fading. For indoor use. Measures 60 cm X 40 cm (Pack of 4 units)\",\"breadcrumb\":{\"@id\":\"https:\/\/www.jardinartificial.es\/en\/comprar\/vertical-gardens\/vertical-garden-guadalajara-60x40-4-units\/#breadcrumb\"},\"inLanguage\":\"en-US\",\"potentialAction\":[{\"@type\":\"ReadAction\",\"target\":[\"https:\/\/www.jardinartificial.es\/en\/comprar\/vertical-gardens\/vertical-garden-guadalajara-60x40-4-units\/\"]}]},{\"@type\":\"ImageObject\",\"inLanguage\":\"en-US\",\"@id\":\"https:\/\/www.jardinartificial.es\/en\/comprar\/vertical-gardens\/vertical-garden-guadalajara-60x40-4-units\/#primaryimage\",\"url\":\"https:\/\/www.jardinartificial.es\/wp-content\/uploads\/2022\/09\/JV-GUADALAJARA_001.jpg\",\"contentUrl\":\"https:\/\/www.jardinartificial.es\/wp-content\/uploads\/2022\/09\/JV-GUADALAJARA_001.jpg\",\"width\":800,\"height\":600,\"caption\":\"Cheap Vertical Garden\"},{\"@type\":\"BreadcrumbList\",\"@id\":\"https:\/\/www.jardinartificial.es\/en\/comprar\/vertical-gardens\/vertical-garden-guadalajara-60x40-4-units\/#breadcrumb\",\"itemListElement\":[{\"@type\":\"ListItem\",\"position\":1,\"name\":\"Portada\",\"item\":\"https:\/\/www.jardinartificial.es\/en\/\"},{\"@type\":\"ListItem\",\"position\":2,\"name\":\"All products\",\"item\":\"https:\/\/www.jardinartificial.es\/en\/all-products\/\"},{\"@type\":\"ListItem\",\"position\":3,\"name\":\"Guadalajara Vertical Garden 60&#215;40 (4 Units)\"}]},{\"@type\":\"WebSite\",\"@id\":\"https:\/\/www.jardinartificial.es\/en\/#website\",\"url\":\"https:\/\/www.jardinartificial.es\/en\/\",\"name\":\"Jard\u00edn Artificial - Venta de C\u00e9sped Artficial\",\"description\":\"C\u00e9sped Artificial barato al corte\",\"publisher\":{\"@id\":\"https:\/\/www.jardinartificial.es\/en\/#organization\"},\"potentialAction\":[{\"@type\":\"SearchAction\",\"target\":{\"@type\":\"EntryPoint\",\"urlTemplate\":\"https:\/\/www.jardinartificial.es\/en\/?s={search_term_string}\"},\"query-input\":{\"@type\":\"PropertyValueSpecification\",\"valueRequired\":true,\"valueName\":\"search_term_string\"}}],\"inLanguage\":\"en-US\"},{\"@type\":\"Organization\",\"@id\":\"https:\/\/www.jardinartificial.es\/en\/#organization\",\"name\":\"Jard\u00edn Artificial\",\"url\":\"https:\/\/www.jardinartificial.es\/en\/\",\"logo\":{\"@type\":\"ImageObject\",\"inLanguage\":\"en-US\",\"@id\":\"https:\/\/www.jardinartificial.es\/en\/#\/schema\/logo\/image\/\",\"url\":\"https:\/\/www.jardinartificial.es\/wp-content\/uploads\/2023\/03\/logotipo.svg\",\"contentUrl\":\"https:\/\/www.jardinartificial.es\/wp-content\/uploads\/2023\/03\/logotipo.svg\",\"width\":187,\"height\":53,\"caption\":\"Jard\u00edn Artificial\"},\"image\":{\"@id\":\"https:\/\/www.jardinartificial.es\/en\/#\/schema\/logo\/image\/\"}}]}<\/script>\n<!-- \/ Yoast SEO Premium plugin. -->","yoast_head_json":{"title":"Guadalajara Vertical Garden 60x40 (4 Units) | Jardin Artificial","description":"Guadalajara Vertical Garden. Made of Polyethylene. Guaranteed for 2 years against UV and fading. For indoor use. Measures 60 cm X 40 cm (Pack of 4 units)","robots":{"index":"index","follow":"follow","max-snippet":"max-snippet:-1","max-image-preview":"max-image-preview:large","max-video-preview":"max-video-preview:-1"},"canonical":"https:\/\/www.jardinartificial.es\/en\/comprar\/vertical-gardens\/vertical-garden-guadalajara-60x40-4-units\/","og_locale":"en_US","og_type":"article","og_title":"Guadalajara Vertical Garden 60x40 (4 Units)","og_description":"Guadalajara Vertical Garden. Made of Polyethylene. Guaranteed for 2 years against UV and fading. For indoor use. Measures 60 cm X 40 cm (Pack of 4 units)","og_url":"https:\/\/www.jardinartificial.es\/en\/comprar\/vertical-gardens\/vertical-garden-guadalajara-60x40-4-units\/","og_site_name":"Jardin Artificial","article_modified_time":"2026-04-13T12:00:03+00:00","og_image":[{"width":800,"height":600,"url":"https:\/\/www.jardinartificial.es\/wp-content\/uploads\/2022\/09\/JV-GUADALAJARA_001.jpg","type":"image\/jpeg"}],"twitter_card":"summary_large_image","schema":{"@context":"https:\/\/schema.org","@graph":[{"@type":"WebPage","@id":"https:\/\/www.jardinartificial.es\/en\/comprar\/vertical-gardens\/vertical-garden-guadalajara-60x40-4-units\/","url":"https:\/\/www.jardinartificial.es\/en\/comprar\/vertical-gardens\/vertical-garden-guadalajara-60x40-4-units\/","name":"Guadalajara Vertical Garden 60x40 (4 Units) | Jardin Artificial","isPartOf":{"@id":"https:\/\/www.jardinartificial.es\/en\/#website"},"primaryImageOfPage":{"@id":"https:\/\/www.jardinartificial.es\/en\/comprar\/vertical-gardens\/vertical-garden-guadalajara-60x40-4-units\/#primaryimage"},"image":{"@id":"https:\/\/www.jardinartificial.es\/en\/comprar\/vertical-gardens\/vertical-garden-guadalajara-60x40-4-units\/#primaryimage"},"thumbnailUrl":"https:\/\/www.jardinartificial.es\/wp-content\/uploads\/2022\/09\/JV-GUADALAJARA_001.jpg","datePublished":"2022-09-01T15:36:24+00:00","dateModified":"2026-04-13T12:00:03+00:00","description":"Guadalajara Vertical Garden. Made of Polyethylene. Guaranteed for 2 years against UV and fading. For indoor use. Measures 60 cm X 40 cm (Pack of 4 units)","breadcrumb":{"@id":"https:\/\/www.jardinartificial.es\/en\/comprar\/vertical-gardens\/vertical-garden-guadalajara-60x40-4-units\/#breadcrumb"},"inLanguage":"en-US","potentialAction":[{"@type":"ReadAction","target":["https:\/\/www.jardinartificial.es\/en\/comprar\/vertical-gardens\/vertical-garden-guadalajara-60x40-4-units\/"]}]},{"@type":"ImageObject","inLanguage":"en-US","@id":"https:\/\/www.jardinartificial.es\/en\/comprar\/vertical-gardens\/vertical-garden-guadalajara-60x40-4-units\/#primaryimage","url":"https:\/\/www.jardinartificial.es\/wp-content\/uploads\/2022\/09\/JV-GUADALAJARA_001.jpg","contentUrl":"https:\/\/www.jardinartificial.es\/wp-content\/uploads\/2022\/09\/JV-GUADALAJARA_001.jpg","width":800,"height":600,"caption":"Cheap Vertical Garden"},{"@type":"BreadcrumbList","@id":"https:\/\/www.jardinartificial.es\/en\/comprar\/vertical-gardens\/vertical-garden-guadalajara-60x40-4-units\/#breadcrumb","itemListElement":[{"@type":"ListItem","position":1,"name":"Portada","item":"https:\/\/www.jardinartificial.es\/en\/"},{"@type":"ListItem","position":2,"name":"All products","item":"https:\/\/www.jardinartificial.es\/en\/all-products\/"},{"@type":"ListItem","position":3,"name":"Guadalajara Vertical Garden 60&#215;40 (4 Units)"}]},{"@type":"WebSite","@id":"https:\/\/www.jardinartificial.es\/en\/#website","url":"https:\/\/www.jardinartificial.es\/en\/","name":"Jard\u00edn Artificial - Venta de C\u00e9sped Artficial","description":"C\u00e9sped Artificial barato al corte","publisher":{"@id":"https:\/\/www.jardinartificial.es\/en\/#organization"},"potentialAction":[{"@type":"SearchAction","target":{"@type":"EntryPoint","urlTemplate":"https:\/\/www.jardinartificial.es\/en\/?s={search_term_string}"},"query-input":{"@type":"PropertyValueSpecification","valueRequired":true,"valueName":"search_term_string"}}],"inLanguage":"en-US"},{"@type":"Organization","@id":"https:\/\/www.jardinartificial.es\/en\/#organization","name":"Jard\u00edn Artificial","url":"https:\/\/www.jardinartificial.es\/en\/","logo":{"@type":"ImageObject","inLanguage":"en-US","@id":"https:\/\/www.jardinartificial.es\/en\/#\/schema\/logo\/image\/","url":"https:\/\/www.jardinartificial.es\/wp-content\/uploads\/2023\/03\/logotipo.svg","contentUrl":"https:\/\/www.jardinartificial.es\/wp-content\/uploads\/2023\/03\/logotipo.svg","width":187,"height":53,"caption":"Jard\u00edn Artificial"},"image":{"@id":"https:\/\/www.jardinartificial.es\/en\/#\/schema\/logo\/image\/"}}]}},"_links":{"self":[{"href":"https:\/\/www.jardinartificial.es\/en\/wp-json\/wp\/v2\/product\/98120","targetHints":{"allow":["GET"]}}],"collection":[{"href":"https:\/\/www.jardinartificial.es\/en\/wp-json\/wp\/v2\/product"}],"about":[{"href":"https:\/\/www.jardinartificial.es\/en\/wp-json\/wp\/v2\/types\/product"}],"replies":[{"embeddable":true,"href":"https:\/\/www.jardinartificial.es\/en\/wp-json\/wp\/v2\/comments?post=98120"}],"wp:featuredmedia":[{"embeddable":true,"href":"https:\/\/www.jardinartificial.es\/en\/wp-json\/wp\/v2\/media\/98122"}],"wp:attachment":[{"href":"https:\/\/www.jardinartificial.es\/en\/wp-json\/wp\/v2\/media?parent=98120"}],"wp:term":[{"taxonomy":"product_brand","embeddable":true,"href":"https:\/\/www.jardinartificial.es\/en\/wp-json\/wp\/v2\/product_brand?post=98120"},{"taxonomy":"product_cat","embeddable":true,"href":"https:\/\/www.jardinartificial.es\/en\/wp-json\/wp\/v2\/product_cat?post=98120"},{"taxonomy":"product_tag","embeddable":true,"href":"https:\/\/www.jardinartificial.es\/en\/wp-json\/wp\/v2\/product_tag?post=98120"}],"curies":[{"name":"wp","href":"https:\/\/api.w.org\/{rel}","templated":true}]}}