{"id":97736,"date":"2025-02-10T10:44:08","date_gmt":"2025-02-10T09:44:08","guid":{"rendered":"https:\/\/www.jardinartificial.es\/comprar\/uncategorized\/artificial-almond-tree-pink-deluxe-180cm\/"},"modified":"2026-04-13T14:03:43","modified_gmt":"2026-04-13T12:03:43","slug":"artificial-almond-tree-pink-deluxe-180cm","status":"publish","type":"product","link":"https:\/\/www.jardinartificial.es\/en\/comprar\/artificial-plants\/artificial-almond-tree-pink-deluxe-180cm\/","title":{"rendered":"Deluxe Pink Artificial Almond Tree 180cm"},"content":{"rendered":"","protected":false},"excerpt":{"rendered":"<p><strong>Deluxe Pink Artificial Almond Tree 180 cm<\/strong><\/p>\n<p>Transform your spaces with the delicacy of the almond tree in bloom.<\/p>\n<p>Its leafy branches, dotted with soft-toned flowers, evoke the arrival of spring. Made with a natural trunk and combined with delicate synthetic fabric flowers and polyurethane plastic leaves, it recreates the beauty of an almond tree in full bloom. Thanks to its steel wire-reinforced structure, it maintains a realistic and lasting appearance.  <\/p>\n<p>\ud83c\udf38 Ideal floral charm for sophisticated interiors, special events, or to add a touch of serenity to any corner.<\/p>\n<p>\ud83c\udfe1 Its design is perfect for homes, offices, hotels, or shop windows, providing a fresh and welcoming atmosphere.<\/p>\n<ul>\n<li class=\"product__feature\">Height cm: 180<\/li>\n<li class=\"product__feature\">Pot height (cm): 19<\/li>\n<li class=\"product__feature\">Total width (cm): 60<\/li>\n<li class=\"product__feature\">Pot diameter (cm): 19<\/li>\n<\/ul>\n","protected":false},"featured_media":97739,"comment_status":"open","ping_status":"closed","template":"","meta":{"_acf_changed":false},"product_brand":[],"product_cat":[881],"product_tag":[981],"class_list":{"0":"post-97736","1":"product","2":"type-product","3":"status-publish","4":"has-post-thumbnail","6":"product_cat-artificial-plants","7":"product_tag-en","8":"sales-flash-overlay","9":"woocommerce-text-align-center","10":"woocommerce-image-align-center","11":"do-quantity-buttons","12":"wc-has-gallery","14":"first","15":"instock","16":"sale","17":"taxable","18":"shipping-taxable","19":"purchasable","20":"product-type-simple"},"acf":[],"gallery_images":[87224,87226],"yoast_head":"<!-- This site is optimized with the Yoast SEO Premium plugin v27.4 (Yoast SEO v27.4) - https:\/\/yoast.com\/product\/yoast-seo-premium-wordpress\/ -->\n<title>Deluxe Pink Artificial Almond Tree 180cm | Jardin Artificial<\/title>\n<meta name=\"description\" content=\"Pink artificial almond tree 180cm. Realistic plant that recreates the beauty of the almond tree in full bloom. Made with a natural trunk.\" \/>\n<meta name=\"robots\" content=\"index, follow, max-snippet:-1, max-image-preview:large, max-video-preview:-1\" \/>\n<link rel=\"canonical\" href=\"https:\/\/www.jardinartificial.es\/en\/comprar\/artificial-plants\/artificial-almond-tree-pink-deluxe-180cm\/\" \/>\n<meta property=\"og:locale\" content=\"en_US\" \/>\n<meta property=\"og:type\" content=\"article\" \/>\n<meta property=\"og:title\" content=\"Deluxe Pink Artificial Almond Tree 180cm\" \/>\n<meta property=\"og:description\" content=\"Pink artificial almond tree 180cm. Realistic plant that recreates the beauty of the almond tree in full bloom. Made with a natural trunk.\" \/>\n<meta property=\"og:url\" content=\"https:\/\/www.jardinartificial.es\/en\/comprar\/artificial-plants\/artificial-almond-tree-pink-deluxe-180cm\/\" \/>\n<meta property=\"og:site_name\" content=\"Jardin Artificial\" \/>\n<meta property=\"article:modified_time\" content=\"2026-04-13T12:03:43+00:00\" \/>\n<meta property=\"og:image\" content=\"https:\/\/www.jardinartificial.es\/wp-content\/uploads\/2025\/02\/ARBOL-DE-ALMENDRO-ARTIFICIAL-180CM-ROSA-2-1.png\" \/>\n\t<meta property=\"og:image:width\" content=\"1080\" \/>\n\t<meta property=\"og:image:height\" content=\"1080\" \/>\n\t<meta property=\"og:image:type\" content=\"image\/png\" \/>\n<meta name=\"twitter:card\" content=\"summary_large_image\" \/>\n<script type=\"application\/ld+json\" class=\"yoast-schema-graph\">{\"@context\":\"https:\\\/\\\/schema.org\",\"@graph\":[{\"@type\":\"WebPage\",\"@id\":\"https:\\\/\\\/www.jardinartificial.es\\\/en\\\/comprar\\\/artificial-plants\\\/artificial-almond-tree-pink-deluxe-180cm\\\/\",\"url\":\"https:\\\/\\\/www.jardinartificial.es\\\/en\\\/comprar\\\/artificial-plants\\\/artificial-almond-tree-pink-deluxe-180cm\\\/\",\"name\":\"Deluxe Pink Artificial Almond Tree 180cm | Jardin Artificial\",\"isPartOf\":{\"@id\":\"https:\\\/\\\/www.jardinartificial.es\\\/en\\\/#website\"},\"primaryImageOfPage\":{\"@id\":\"https:\\\/\\\/www.jardinartificial.es\\\/en\\\/comprar\\\/artificial-plants\\\/artificial-almond-tree-pink-deluxe-180cm\\\/#primaryimage\"},\"image\":{\"@id\":\"https:\\\/\\\/www.jardinartificial.es\\\/en\\\/comprar\\\/artificial-plants\\\/artificial-almond-tree-pink-deluxe-180cm\\\/#primaryimage\"},\"thumbnailUrl\":\"https:\\\/\\\/www.jardinartificial.es\\\/wp-content\\\/uploads\\\/2025\\\/02\\\/ARBOL-DE-ALMENDRO-ARTIFICIAL-180CM-ROSA-2-1.png\",\"datePublished\":\"2025-02-10T09:44:08+00:00\",\"dateModified\":\"2026-04-13T12:03:43+00:00\",\"description\":\"Pink artificial almond tree 180cm. Realistic plant that recreates the beauty of the almond tree in full bloom. Made with a natural trunk.\",\"breadcrumb\":{\"@id\":\"https:\\\/\\\/www.jardinartificial.es\\\/en\\\/comprar\\\/artificial-plants\\\/artificial-almond-tree-pink-deluxe-180cm\\\/#breadcrumb\"},\"inLanguage\":\"en-US\",\"potentialAction\":[{\"@type\":\"ReadAction\",\"target\":[\"https:\\\/\\\/www.jardinartificial.es\\\/en\\\/comprar\\\/artificial-plants\\\/artificial-almond-tree-pink-deluxe-180cm\\\/\"]}]},{\"@type\":\"ImageObject\",\"inLanguage\":\"en-US\",\"@id\":\"https:\\\/\\\/www.jardinartificial.es\\\/en\\\/comprar\\\/artificial-plants\\\/artificial-almond-tree-pink-deluxe-180cm\\\/#primaryimage\",\"url\":\"https:\\\/\\\/www.jardinartificial.es\\\/wp-content\\\/uploads\\\/2025\\\/02\\\/ARBOL-DE-ALMENDRO-ARTIFICIAL-180CM-ROSA-2-1.png\",\"contentUrl\":\"https:\\\/\\\/www.jardinartificial.es\\\/wp-content\\\/uploads\\\/2025\\\/02\\\/ARBOL-DE-ALMENDRO-ARTIFICIAL-180CM-ROSA-2-1.png\",\"width\":1080,\"height\":1080,\"caption\":\"ARTIFICIAL ALMOND TREE 180CM PINK 2\"},{\"@type\":\"BreadcrumbList\",\"@id\":\"https:\\\/\\\/www.jardinartificial.es\\\/en\\\/comprar\\\/artificial-plants\\\/artificial-almond-tree-pink-deluxe-180cm\\\/#breadcrumb\",\"itemListElement\":[{\"@type\":\"ListItem\",\"position\":1,\"name\":\"Portada\",\"item\":\"https:\\\/\\\/www.jardinartificial.es\\\/en\\\/\"},{\"@type\":\"ListItem\",\"position\":2,\"name\":\"All products\",\"item\":\"https:\\\/\\\/www.jardinartificial.es\\\/en\\\/all-products\\\/\"},{\"@type\":\"ListItem\",\"position\":3,\"name\":\"Deluxe Pink Artificial Almond Tree 180cm\"}]},{\"@type\":\"WebSite\",\"@id\":\"https:\\\/\\\/www.jardinartificial.es\\\/en\\\/#website\",\"url\":\"https:\\\/\\\/www.jardinartificial.es\\\/en\\\/\",\"name\":\"Jard\u00edn Artificial - Venta de C\u00e9sped Artficial\",\"description\":\"C\u00e9sped Artificial barato al corte\",\"publisher\":{\"@id\":\"https:\\\/\\\/www.jardinartificial.es\\\/en\\\/#organization\"},\"potentialAction\":[{\"@type\":\"SearchAction\",\"target\":{\"@type\":\"EntryPoint\",\"urlTemplate\":\"https:\\\/\\\/www.jardinartificial.es\\\/en\\\/?s={search_term_string}\"},\"query-input\":{\"@type\":\"PropertyValueSpecification\",\"valueRequired\":true,\"valueName\":\"search_term_string\"}}],\"inLanguage\":\"en-US\"},{\"@type\":\"Organization\",\"@id\":\"https:\\\/\\\/www.jardinartificial.es\\\/en\\\/#organization\",\"name\":\"Jard\u00edn Artificial\",\"url\":\"https:\\\/\\\/www.jardinartificial.es\\\/en\\\/\",\"logo\":{\"@type\":\"ImageObject\",\"inLanguage\":\"en-US\",\"@id\":\"https:\\\/\\\/www.jardinartificial.es\\\/en\\\/#\\\/schema\\\/logo\\\/image\\\/\",\"url\":\"https:\\\/\\\/www.jardinartificial.es\\\/wp-content\\\/uploads\\\/2023\\\/03\\\/logotipo.svg\",\"contentUrl\":\"https:\\\/\\\/www.jardinartificial.es\\\/wp-content\\\/uploads\\\/2023\\\/03\\\/logotipo.svg\",\"width\":187,\"height\":53,\"caption\":\"Jard\u00edn Artificial\"},\"image\":{\"@id\":\"https:\\\/\\\/www.jardinartificial.es\\\/en\\\/#\\\/schema\\\/logo\\\/image\\\/\"}}]}<\/script>\n<!-- \/ Yoast SEO Premium plugin. -->","yoast_head_json":{"title":"Deluxe Pink Artificial Almond Tree 180cm | Jardin Artificial","description":"Pink artificial almond tree 180cm. Realistic plant that recreates the beauty of the almond tree in full bloom. Made with a natural trunk.","robots":{"index":"index","follow":"follow","max-snippet":"max-snippet:-1","max-image-preview":"max-image-preview:large","max-video-preview":"max-video-preview:-1"},"canonical":"https:\/\/www.jardinartificial.es\/en\/comprar\/artificial-plants\/artificial-almond-tree-pink-deluxe-180cm\/","og_locale":"en_US","og_type":"article","og_title":"Deluxe Pink Artificial Almond Tree 180cm","og_description":"Pink artificial almond tree 180cm. Realistic plant that recreates the beauty of the almond tree in full bloom. Made with a natural trunk.","og_url":"https:\/\/www.jardinartificial.es\/en\/comprar\/artificial-plants\/artificial-almond-tree-pink-deluxe-180cm\/","og_site_name":"Jardin Artificial","article_modified_time":"2026-04-13T12:03:43+00:00","og_image":[{"width":1080,"height":1080,"url":"https:\/\/www.jardinartificial.es\/wp-content\/uploads\/2025\/02\/ARBOL-DE-ALMENDRO-ARTIFICIAL-180CM-ROSA-2-1.png","type":"image\/png"}],"twitter_card":"summary_large_image","schema":{"@context":"https:\/\/schema.org","@graph":[{"@type":"WebPage","@id":"https:\/\/www.jardinartificial.es\/en\/comprar\/artificial-plants\/artificial-almond-tree-pink-deluxe-180cm\/","url":"https:\/\/www.jardinartificial.es\/en\/comprar\/artificial-plants\/artificial-almond-tree-pink-deluxe-180cm\/","name":"Deluxe Pink Artificial Almond Tree 180cm | Jardin Artificial","isPartOf":{"@id":"https:\/\/www.jardinartificial.es\/en\/#website"},"primaryImageOfPage":{"@id":"https:\/\/www.jardinartificial.es\/en\/comprar\/artificial-plants\/artificial-almond-tree-pink-deluxe-180cm\/#primaryimage"},"image":{"@id":"https:\/\/www.jardinartificial.es\/en\/comprar\/artificial-plants\/artificial-almond-tree-pink-deluxe-180cm\/#primaryimage"},"thumbnailUrl":"https:\/\/www.jardinartificial.es\/wp-content\/uploads\/2025\/02\/ARBOL-DE-ALMENDRO-ARTIFICIAL-180CM-ROSA-2-1.png","datePublished":"2025-02-10T09:44:08+00:00","dateModified":"2026-04-13T12:03:43+00:00","description":"Pink artificial almond tree 180cm. Realistic plant that recreates the beauty of the almond tree in full bloom. Made with a natural trunk.","breadcrumb":{"@id":"https:\/\/www.jardinartificial.es\/en\/comprar\/artificial-plants\/artificial-almond-tree-pink-deluxe-180cm\/#breadcrumb"},"inLanguage":"en-US","potentialAction":[{"@type":"ReadAction","target":["https:\/\/www.jardinartificial.es\/en\/comprar\/artificial-plants\/artificial-almond-tree-pink-deluxe-180cm\/"]}]},{"@type":"ImageObject","inLanguage":"en-US","@id":"https:\/\/www.jardinartificial.es\/en\/comprar\/artificial-plants\/artificial-almond-tree-pink-deluxe-180cm\/#primaryimage","url":"https:\/\/www.jardinartificial.es\/wp-content\/uploads\/2025\/02\/ARBOL-DE-ALMENDRO-ARTIFICIAL-180CM-ROSA-2-1.png","contentUrl":"https:\/\/www.jardinartificial.es\/wp-content\/uploads\/2025\/02\/ARBOL-DE-ALMENDRO-ARTIFICIAL-180CM-ROSA-2-1.png","width":1080,"height":1080,"caption":"ARTIFICIAL ALMOND TREE 180CM PINK 2"},{"@type":"BreadcrumbList","@id":"https:\/\/www.jardinartificial.es\/en\/comprar\/artificial-plants\/artificial-almond-tree-pink-deluxe-180cm\/#breadcrumb","itemListElement":[{"@type":"ListItem","position":1,"name":"Portada","item":"https:\/\/www.jardinartificial.es\/en\/"},{"@type":"ListItem","position":2,"name":"All products","item":"https:\/\/www.jardinartificial.es\/en\/all-products\/"},{"@type":"ListItem","position":3,"name":"Deluxe Pink Artificial Almond Tree 180cm"}]},{"@type":"WebSite","@id":"https:\/\/www.jardinartificial.es\/en\/#website","url":"https:\/\/www.jardinartificial.es\/en\/","name":"Jard\u00edn Artificial - Venta de C\u00e9sped Artficial","description":"C\u00e9sped Artificial barato al corte","publisher":{"@id":"https:\/\/www.jardinartificial.es\/en\/#organization"},"potentialAction":[{"@type":"SearchAction","target":{"@type":"EntryPoint","urlTemplate":"https:\/\/www.jardinartificial.es\/en\/?s={search_term_string}"},"query-input":{"@type":"PropertyValueSpecification","valueRequired":true,"valueName":"search_term_string"}}],"inLanguage":"en-US"},{"@type":"Organization","@id":"https:\/\/www.jardinartificial.es\/en\/#organization","name":"Jard\u00edn Artificial","url":"https:\/\/www.jardinartificial.es\/en\/","logo":{"@type":"ImageObject","inLanguage":"en-US","@id":"https:\/\/www.jardinartificial.es\/en\/#\/schema\/logo\/image\/","url":"https:\/\/www.jardinartificial.es\/wp-content\/uploads\/2023\/03\/logotipo.svg","contentUrl":"https:\/\/www.jardinartificial.es\/wp-content\/uploads\/2023\/03\/logotipo.svg","width":187,"height":53,"caption":"Jard\u00edn Artificial"},"image":{"@id":"https:\/\/www.jardinartificial.es\/en\/#\/schema\/logo\/image\/"}}]}},"_links":{"self":[{"href":"https:\/\/www.jardinartificial.es\/en\/wp-json\/wp\/v2\/product\/97736","targetHints":{"allow":["GET"]}}],"collection":[{"href":"https:\/\/www.jardinartificial.es\/en\/wp-json\/wp\/v2\/product"}],"about":[{"href":"https:\/\/www.jardinartificial.es\/en\/wp-json\/wp\/v2\/types\/product"}],"replies":[{"embeddable":true,"href":"https:\/\/www.jardinartificial.es\/en\/wp-json\/wp\/v2\/comments?post=97736"}],"wp:featuredmedia":[{"embeddable":true,"href":"https:\/\/www.jardinartificial.es\/en\/wp-json\/wp\/v2\/media\/97739"}],"wp:attachment":[{"href":"https:\/\/www.jardinartificial.es\/en\/wp-json\/wp\/v2\/media?parent=97736"}],"wp:term":[{"taxonomy":"product_brand","embeddable":true,"href":"https:\/\/www.jardinartificial.es\/en\/wp-json\/wp\/v2\/product_brand?post=97736"},{"taxonomy":"product_cat","embeddable":true,"href":"https:\/\/www.jardinartificial.es\/en\/wp-json\/wp\/v2\/product_cat?post=97736"},{"taxonomy":"product_tag","embeddable":true,"href":"https:\/\/www.jardinartificial.es\/en\/wp-json\/wp\/v2\/product_tag?post=97736"}],"curies":[{"name":"wp","href":"https:\/\/api.w.org\/{rel}","templated":true}]}}