{"id":97693,"date":"2025-02-04T12:34:08","date_gmt":"2025-02-04T11:34:08","guid":{"rendered":"https:\/\/www.jardinartificial.es\/comprar\/uncategorized\/vertical-moss-garden-100x100\/"},"modified":"2026-03-18T08:58:28","modified_gmt":"2026-03-18T07:58:28","slug":"vertical-moss-garden-100x100","status":"publish","type":"product","link":"https:\/\/www.jardinartificial.es\/en\/comprar\/vertical-gardens\/100x100\/vertical-moss-garden-100x100\/","title":{"rendered":"Moss Garden Vertical Garden 100&#215;100"},"content":{"rendered":"","protected":false},"excerpt":{"rendered":"<p><strong>Moss Garden Vertical Garden<\/strong><\/p>\n<p>The Moss Garden Vertical Garden model stands out for its <strong>lushness and wealth of detail<\/strong>. It is composed of <strong>cheflera-type leaves<\/strong> in different shades of green, which bring depth and dynamism to the design. In addition, it <strong>incorporates grass-type plants<\/strong> that stand out, with <strong>mini-flowers on the tips in white and yellow tones<\/strong>, adding a touch of freshness and contrast.  <\/p>\n<p>This model is ideal for those looking for a vertical garden full of life and originality, perfect for transforming any space.<\/p>\n<ul>\n<li>Measures 100 cm X 100 cm.<\/li>\n<li>Ideal for indoor and outdoor decoration.<\/li>\n<li>Grid composition: 100% HDPE.<\/li>\n<li>Synthetic leaf composition: 100% HDPE.<\/li>\n<li>5-year UV and anti-fading warranty.<\/li>\n<\/ul>\n","protected":false},"featured_media":97701,"comment_status":"open","ping_status":"closed","template":"","meta":{"_acf_changed":false},"product_brand":[],"product_cat":[878,874],"product_tag":[981],"class_list":{"0":"post-97693","1":"product","2":"type-product","3":"status-publish","4":"has-post-thumbnail","6":"product_cat-100x100","7":"product_cat-vertical-gardens","8":"product_tag-en","9":"product_shipping_class-standard","10":"sales-flash-overlay","11":"woocommerce-text-align-center","12":"woocommerce-image-align-center","13":"do-quantity-buttons","15":"first","16":"instock","17":"taxable","18":"shipping-taxable","19":"purchasable","20":"product-type-simple"},"acf":[],"gallery_images":[],"yoast_head":"<!-- This site is optimized with the Yoast SEO Premium plugin v27.1 (Yoast SEO v27.2) - https:\/\/yoast.com\/product\/yoast-seo-premium-wordpress\/ -->\n<title>Artificial Moss Garden Vertical Garden 100\u00d7100 | Jardin Artificial<\/title>\n<meta name=\"description\" content=\"Artificial Moss Garden Vertical Garden. Very natural and realistic appearance. Suitable for indoor and outdoor use. Measures 100 cm x 100 cm.\" \/>\n<meta name=\"robots\" content=\"index, follow, max-snippet:-1, max-image-preview:large, max-video-preview:-1\" \/>\n<link rel=\"canonical\" href=\"https:\/\/www.jardinartificial.es\/en\/comprar\/vertical-gardens\/100x100\/vertical-moss-garden-100x100\/\" \/>\n<meta property=\"og:locale\" content=\"en_US\" \/>\n<meta property=\"og:type\" content=\"article\" \/>\n<meta property=\"og:title\" content=\"Moss Garden Vertical Garden 100x100\" \/>\n<meta property=\"og:description\" content=\"Artificial Moss Garden Vertical Garden. Very natural and realistic appearance. Suitable for indoor and outdoor use. Measures 100 cm x 100 cm.\" \/>\n<meta property=\"og:url\" content=\"https:\/\/www.jardinartificial.es\/en\/comprar\/vertical-gardens\/100x100\/vertical-moss-garden-100x100\/\" \/>\n<meta property=\"og:site_name\" content=\"Jardin Artificial\" \/>\n<meta property=\"article:modified_time\" content=\"2026-03-18T07:58:28+00:00\" \/>\n<meta property=\"og:image\" content=\"https:\/\/www.jardinartificial.es\/wp-content\/uploads\/2025\/02\/JV_MOSS-GARDEN_100x100-1-1024x1024.jpg\" \/>\n\t<meta property=\"og:image:width\" content=\"1024\" \/>\n\t<meta property=\"og:image:height\" content=\"1024\" \/>\n\t<meta property=\"og:image:type\" content=\"image\/jpeg\" \/>\n<meta name=\"twitter:card\" content=\"summary_large_image\" \/>\n<script type=\"application\/ld+json\" class=\"yoast-schema-graph\">{\"@context\":\"https:\/\/schema.org\",\"@graph\":[{\"@type\":\"WebPage\",\"@id\":\"https:\/\/www.jardinartificial.es\/en\/comprar\/vertical-gardens\/100x100\/vertical-moss-garden-100x100\/\",\"url\":\"https:\/\/www.jardinartificial.es\/en\/comprar\/vertical-gardens\/100x100\/vertical-moss-garden-100x100\/\",\"name\":\"Artificial Moss Garden Vertical Garden 100\u00d7100 | Jardin Artificial\",\"isPartOf\":{\"@id\":\"https:\/\/www.jardinartificial.es\/en\/#website\"},\"primaryImageOfPage\":{\"@id\":\"https:\/\/www.jardinartificial.es\/en\/comprar\/vertical-gardens\/100x100\/vertical-moss-garden-100x100\/#primaryimage\"},\"image\":{\"@id\":\"https:\/\/www.jardinartificial.es\/en\/comprar\/vertical-gardens\/100x100\/vertical-moss-garden-100x100\/#primaryimage\"},\"thumbnailUrl\":\"https:\/\/www.jardinartificial.es\/wp-content\/uploads\/2025\/02\/JV_MOSS-GARDEN_100x100-1.jpg\",\"datePublished\":\"2025-02-04T11:34:08+00:00\",\"dateModified\":\"2026-03-18T07:58:28+00:00\",\"description\":\"Artificial Moss Garden Vertical Garden. Very natural and realistic appearance. Suitable for indoor and outdoor use. Measures 100 cm x 100 cm.\",\"breadcrumb\":{\"@id\":\"https:\/\/www.jardinartificial.es\/en\/comprar\/vertical-gardens\/100x100\/vertical-moss-garden-100x100\/#breadcrumb\"},\"inLanguage\":\"en-US\",\"potentialAction\":[{\"@type\":\"ReadAction\",\"target\":[\"https:\/\/www.jardinartificial.es\/en\/comprar\/vertical-gardens\/100x100\/vertical-moss-garden-100x100\/\"]}]},{\"@type\":\"ImageObject\",\"inLanguage\":\"en-US\",\"@id\":\"https:\/\/www.jardinartificial.es\/en\/comprar\/vertical-gardens\/100x100\/vertical-moss-garden-100x100\/#primaryimage\",\"url\":\"https:\/\/www.jardinartificial.es\/wp-content\/uploads\/2025\/02\/JV_MOSS-GARDEN_100x100-1.jpg\",\"contentUrl\":\"https:\/\/www.jardinartificial.es\/wp-content\/uploads\/2025\/02\/JV_MOSS-GARDEN_100x100-1.jpg\",\"width\":2362,\"height\":2362,\"caption\":\"Moss Garden Vertical Garden\"},{\"@type\":\"BreadcrumbList\",\"@id\":\"https:\/\/www.jardinartificial.es\/en\/comprar\/vertical-gardens\/100x100\/vertical-moss-garden-100x100\/#breadcrumb\",\"itemListElement\":[{\"@type\":\"ListItem\",\"position\":1,\"name\":\"Portada\",\"item\":\"https:\/\/www.jardinartificial.es\/en\/\"},{\"@type\":\"ListItem\",\"position\":2,\"name\":\"All products\",\"item\":\"https:\/\/www.jardinartificial.es\/en\/all-products\/\"},{\"@type\":\"ListItem\",\"position\":3,\"name\":\"Moss Garden Vertical Garden 100&#215;100\"}]},{\"@type\":\"WebSite\",\"@id\":\"https:\/\/www.jardinartificial.es\/en\/#website\",\"url\":\"https:\/\/www.jardinartificial.es\/en\/\",\"name\":\"Jard\u00edn Artificial - Venta de C\u00e9sped Artficial\",\"description\":\"C\u00e9sped Artificial barato al corte\",\"publisher\":{\"@id\":\"https:\/\/www.jardinartificial.es\/en\/#organization\"},\"potentialAction\":[{\"@type\":\"SearchAction\",\"target\":{\"@type\":\"EntryPoint\",\"urlTemplate\":\"https:\/\/www.jardinartificial.es\/en\/?s={search_term_string}\"},\"query-input\":{\"@type\":\"PropertyValueSpecification\",\"valueRequired\":true,\"valueName\":\"search_term_string\"}}],\"inLanguage\":\"en-US\"},{\"@type\":\"Organization\",\"@id\":\"https:\/\/www.jardinartificial.es\/en\/#organization\",\"name\":\"Jard\u00edn Artificial\",\"url\":\"https:\/\/www.jardinartificial.es\/en\/\",\"logo\":{\"@type\":\"ImageObject\",\"inLanguage\":\"en-US\",\"@id\":\"https:\/\/www.jardinartificial.es\/en\/#\/schema\/logo\/image\/\",\"url\":\"https:\/\/www.jardinartificial.es\/wp-content\/uploads\/2023\/03\/logotipo.svg\",\"contentUrl\":\"https:\/\/www.jardinartificial.es\/wp-content\/uploads\/2023\/03\/logotipo.svg\",\"width\":187,\"height\":53,\"caption\":\"Jard\u00edn Artificial\"},\"image\":{\"@id\":\"https:\/\/www.jardinartificial.es\/en\/#\/schema\/logo\/image\/\"}}]}<\/script>\n<!-- \/ Yoast SEO Premium plugin. -->","yoast_head_json":{"title":"Artificial Moss Garden Vertical Garden 100\u00d7100 | Jardin Artificial","description":"Artificial Moss Garden Vertical Garden. Very natural and realistic appearance. Suitable for indoor and outdoor use. Measures 100 cm x 100 cm.","robots":{"index":"index","follow":"follow","max-snippet":"max-snippet:-1","max-image-preview":"max-image-preview:large","max-video-preview":"max-video-preview:-1"},"canonical":"https:\/\/www.jardinartificial.es\/en\/comprar\/vertical-gardens\/100x100\/vertical-moss-garden-100x100\/","og_locale":"en_US","og_type":"article","og_title":"Moss Garden Vertical Garden 100x100","og_description":"Artificial Moss Garden Vertical Garden. Very natural and realistic appearance. Suitable for indoor and outdoor use. Measures 100 cm x 100 cm.","og_url":"https:\/\/www.jardinartificial.es\/en\/comprar\/vertical-gardens\/100x100\/vertical-moss-garden-100x100\/","og_site_name":"Jardin Artificial","article_modified_time":"2026-03-18T07:58:28+00:00","og_image":[{"width":1024,"height":1024,"url":"https:\/\/www.jardinartificial.es\/wp-content\/uploads\/2025\/02\/JV_MOSS-GARDEN_100x100-1-1024x1024.jpg","type":"image\/jpeg"}],"twitter_card":"summary_large_image","schema":{"@context":"https:\/\/schema.org","@graph":[{"@type":"WebPage","@id":"https:\/\/www.jardinartificial.es\/en\/comprar\/vertical-gardens\/100x100\/vertical-moss-garden-100x100\/","url":"https:\/\/www.jardinartificial.es\/en\/comprar\/vertical-gardens\/100x100\/vertical-moss-garden-100x100\/","name":"Artificial Moss Garden Vertical Garden 100\u00d7100 | Jardin Artificial","isPartOf":{"@id":"https:\/\/www.jardinartificial.es\/en\/#website"},"primaryImageOfPage":{"@id":"https:\/\/www.jardinartificial.es\/en\/comprar\/vertical-gardens\/100x100\/vertical-moss-garden-100x100\/#primaryimage"},"image":{"@id":"https:\/\/www.jardinartificial.es\/en\/comprar\/vertical-gardens\/100x100\/vertical-moss-garden-100x100\/#primaryimage"},"thumbnailUrl":"https:\/\/www.jardinartificial.es\/wp-content\/uploads\/2025\/02\/JV_MOSS-GARDEN_100x100-1.jpg","datePublished":"2025-02-04T11:34:08+00:00","dateModified":"2026-03-18T07:58:28+00:00","description":"Artificial Moss Garden Vertical Garden. Very natural and realistic appearance. Suitable for indoor and outdoor use. Measures 100 cm x 100 cm.","breadcrumb":{"@id":"https:\/\/www.jardinartificial.es\/en\/comprar\/vertical-gardens\/100x100\/vertical-moss-garden-100x100\/#breadcrumb"},"inLanguage":"en-US","potentialAction":[{"@type":"ReadAction","target":["https:\/\/www.jardinartificial.es\/en\/comprar\/vertical-gardens\/100x100\/vertical-moss-garden-100x100\/"]}]},{"@type":"ImageObject","inLanguage":"en-US","@id":"https:\/\/www.jardinartificial.es\/en\/comprar\/vertical-gardens\/100x100\/vertical-moss-garden-100x100\/#primaryimage","url":"https:\/\/www.jardinartificial.es\/wp-content\/uploads\/2025\/02\/JV_MOSS-GARDEN_100x100-1.jpg","contentUrl":"https:\/\/www.jardinartificial.es\/wp-content\/uploads\/2025\/02\/JV_MOSS-GARDEN_100x100-1.jpg","width":2362,"height":2362,"caption":"Moss Garden Vertical Garden"},{"@type":"BreadcrumbList","@id":"https:\/\/www.jardinartificial.es\/en\/comprar\/vertical-gardens\/100x100\/vertical-moss-garden-100x100\/#breadcrumb","itemListElement":[{"@type":"ListItem","position":1,"name":"Portada","item":"https:\/\/www.jardinartificial.es\/en\/"},{"@type":"ListItem","position":2,"name":"All products","item":"https:\/\/www.jardinartificial.es\/en\/all-products\/"},{"@type":"ListItem","position":3,"name":"Moss Garden Vertical Garden 100&#215;100"}]},{"@type":"WebSite","@id":"https:\/\/www.jardinartificial.es\/en\/#website","url":"https:\/\/www.jardinartificial.es\/en\/","name":"Jard\u00edn Artificial - Venta de C\u00e9sped Artficial","description":"C\u00e9sped Artificial barato al corte","publisher":{"@id":"https:\/\/www.jardinartificial.es\/en\/#organization"},"potentialAction":[{"@type":"SearchAction","target":{"@type":"EntryPoint","urlTemplate":"https:\/\/www.jardinartificial.es\/en\/?s={search_term_string}"},"query-input":{"@type":"PropertyValueSpecification","valueRequired":true,"valueName":"search_term_string"}}],"inLanguage":"en-US"},{"@type":"Organization","@id":"https:\/\/www.jardinartificial.es\/en\/#organization","name":"Jard\u00edn Artificial","url":"https:\/\/www.jardinartificial.es\/en\/","logo":{"@type":"ImageObject","inLanguage":"en-US","@id":"https:\/\/www.jardinartificial.es\/en\/#\/schema\/logo\/image\/","url":"https:\/\/www.jardinartificial.es\/wp-content\/uploads\/2023\/03\/logotipo.svg","contentUrl":"https:\/\/www.jardinartificial.es\/wp-content\/uploads\/2023\/03\/logotipo.svg","width":187,"height":53,"caption":"Jard\u00edn Artificial"},"image":{"@id":"https:\/\/www.jardinartificial.es\/en\/#\/schema\/logo\/image\/"}}]}},"_links":{"self":[{"href":"https:\/\/www.jardinartificial.es\/en\/wp-json\/wp\/v2\/product\/97693","targetHints":{"allow":["GET"]}}],"collection":[{"href":"https:\/\/www.jardinartificial.es\/en\/wp-json\/wp\/v2\/product"}],"about":[{"href":"https:\/\/www.jardinartificial.es\/en\/wp-json\/wp\/v2\/types\/product"}],"replies":[{"embeddable":true,"href":"https:\/\/www.jardinartificial.es\/en\/wp-json\/wp\/v2\/comments?post=97693"}],"wp:featuredmedia":[{"embeddable":true,"href":"https:\/\/www.jardinartificial.es\/en\/wp-json\/wp\/v2\/media\/97701"}],"wp:attachment":[{"href":"https:\/\/www.jardinartificial.es\/en\/wp-json\/wp\/v2\/media?parent=97693"}],"wp:term":[{"taxonomy":"product_brand","embeddable":true,"href":"https:\/\/www.jardinartificial.es\/en\/wp-json\/wp\/v2\/product_brand?post=97693"},{"taxonomy":"product_cat","embeddable":true,"href":"https:\/\/www.jardinartificial.es\/en\/wp-json\/wp\/v2\/product_cat?post=97693"},{"taxonomy":"product_tag","embeddable":true,"href":"https:\/\/www.jardinartificial.es\/en\/wp-json\/wp\/v2\/product_tag?post=97693"}],"curies":[{"name":"wp","href":"https:\/\/api.w.org\/{rel}","templated":true}]}}