{"id":97644,"date":"2025-01-14T07:37:04","date_gmt":"2025-01-14T06:37:04","guid":{"rendered":"https:\/\/www.jardinartificial.es\/comprar\/uncategorized\/artificial-chinese-orange-tree-120cm\/"},"modified":"2026-04-13T16:19:55","modified_gmt":"2026-04-13T14:19:55","slug":"artificial-chinese-orange-tree-120cm","status":"publish","type":"product","link":"https:\/\/www.jardinartificial.es\/en\/comprar\/artificial-plants\/artificial-chinese-orange-tree-120cm\/","title":{"rendered":"120cm Chinese Orange Tree"},"content":{"rendered":"","protected":false},"excerpt":{"rendered":"<p><strong>Artificial Chinese Orange Tree 120 cm <\/strong><\/p>\n<p class=\"pip-product-details__paragraph\">Add an exotic and sophisticated touch to any space with this artificial Chinese orange tree.<\/p>\n<p class=\"pip-product-details__paragraph\">With its 120 cm height, this tree stands out for its realistic design, vibrant leaves, and 20 perfectly distributed decorative fruits. Ideal for interiors and protected exteriors, it combines elegance and durability without the need for maintenance. Perfect for offices, homes, or events.  <\/p>\n","protected":false},"featured_media":97648,"comment_status":"open","ping_status":"closed","template":"","meta":{"_acf_changed":false},"product_brand":[],"product_cat":[881],"product_tag":[981],"class_list":{"0":"post-97644","1":"product","2":"type-product","3":"status-publish","4":"has-post-thumbnail","6":"product_cat-artificial-plants","7":"product_tag-en","8":"product_shipping_class-standard","9":"sales-flash-overlay","10":"woocommerce-text-align-center","11":"woocommerce-image-align-center","12":"do-quantity-buttons","13":"wc-has-gallery","15":"first","16":"outofstock","17":"sale","18":"taxable","19":"shipping-taxable","20":"purchasable","21":"product-type-simple"},"acf":[],"gallery_images":[87216],"yoast_head":"<!-- This site is optimized with the Yoast SEO Premium plugin v27.4 (Yoast SEO v27.4) - https:\/\/yoast.com\/product\/yoast-seo-premium-wordpress\/ -->\n<title>120cm Chinese Orange Tree | Jardin Artificial<\/title>\n<meta name=\"description\" content=\"Artificial Chinese orange tree. Standing at 120 cm tall, this tree stands out for its design, its leaves, and 20 very realistic decorative fruits.\" \/>\n<meta name=\"robots\" content=\"index, follow, max-snippet:-1, max-image-preview:large, max-video-preview:-1\" \/>\n<link rel=\"canonical\" href=\"https:\/\/www.jardinartificial.es\/en\/comprar\/artificial-plants\/artificial-chinese-orange-tree-120cm\/\" \/>\n<meta property=\"og:locale\" content=\"en_US\" \/>\n<meta property=\"og:type\" content=\"article\" \/>\n<meta property=\"og:title\" content=\"120cm Chinese Orange Tree\" \/>\n<meta property=\"og:description\" content=\"Artificial Chinese orange tree. Standing at 120 cm tall, this tree stands out for its design, its leaves, and 20 very realistic decorative fruits.\" \/>\n<meta property=\"og:url\" content=\"https:\/\/www.jardinartificial.es\/en\/comprar\/artificial-plants\/artificial-chinese-orange-tree-120cm\/\" \/>\n<meta property=\"og:site_name\" content=\"Jardin Artificial\" \/>\n<meta property=\"article:modified_time\" content=\"2026-04-13T14:19:55+00:00\" \/>\n<meta property=\"og:image\" content=\"https:\/\/www.jardinartificial.es\/wp-content\/uploads\/2025\/01\/Planta1-191224-scaled-e1745321060528.jpg\" \/>\n\t<meta property=\"og:image:width\" content=\"1135\" \/>\n\t<meta property=\"og:image:height\" content=\"1395\" \/>\n\t<meta property=\"og:image:type\" content=\"image\/jpeg\" \/>\n<meta name=\"twitter:card\" content=\"summary_large_image\" \/>\n<script type=\"application\/ld+json\" class=\"yoast-schema-graph\">{\"@context\":\"https:\\\/\\\/schema.org\",\"@graph\":[{\"@type\":\"WebPage\",\"@id\":\"https:\\\/\\\/www.jardinartificial.es\\\/en\\\/comprar\\\/artificial-plants\\\/artificial-chinese-orange-tree-120cm\\\/\",\"url\":\"https:\\\/\\\/www.jardinartificial.es\\\/en\\\/comprar\\\/artificial-plants\\\/artificial-chinese-orange-tree-120cm\\\/\",\"name\":\"120cm Chinese Orange Tree | Jardin Artificial\",\"isPartOf\":{\"@id\":\"https:\\\/\\\/www.jardinartificial.es\\\/en\\\/#website\"},\"primaryImageOfPage\":{\"@id\":\"https:\\\/\\\/www.jardinartificial.es\\\/en\\\/comprar\\\/artificial-plants\\\/artificial-chinese-orange-tree-120cm\\\/#primaryimage\"},\"image\":{\"@id\":\"https:\\\/\\\/www.jardinartificial.es\\\/en\\\/comprar\\\/artificial-plants\\\/artificial-chinese-orange-tree-120cm\\\/#primaryimage\"},\"thumbnailUrl\":\"https:\\\/\\\/www.jardinartificial.es\\\/wp-content\\\/uploads\\\/2025\\\/01\\\/Planta1-191224-scaled-e1745321060528.jpg\",\"datePublished\":\"2025-01-14T06:37:04+00:00\",\"dateModified\":\"2026-04-13T14:19:55+00:00\",\"description\":\"Artificial Chinese orange tree. Standing at 120 cm tall, this tree stands out for its design, its leaves, and 20 very realistic decorative fruits.\",\"breadcrumb\":{\"@id\":\"https:\\\/\\\/www.jardinartificial.es\\\/en\\\/comprar\\\/artificial-plants\\\/artificial-chinese-orange-tree-120cm\\\/#breadcrumb\"},\"inLanguage\":\"en-US\",\"potentialAction\":[{\"@type\":\"ReadAction\",\"target\":[\"https:\\\/\\\/www.jardinartificial.es\\\/en\\\/comprar\\\/artificial-plants\\\/artificial-chinese-orange-tree-120cm\\\/\"]}]},{\"@type\":\"ImageObject\",\"inLanguage\":\"en-US\",\"@id\":\"https:\\\/\\\/www.jardinartificial.es\\\/en\\\/comprar\\\/artificial-plants\\\/artificial-chinese-orange-tree-120cm\\\/#primaryimage\",\"url\":\"https:\\\/\\\/www.jardinartificial.es\\\/wp-content\\\/uploads\\\/2025\\\/01\\\/Planta1-191224-scaled-e1745321060528.jpg\",\"contentUrl\":\"https:\\\/\\\/www.jardinartificial.es\\\/wp-content\\\/uploads\\\/2025\\\/01\\\/Planta1-191224-scaled-e1745321060528.jpg\",\"width\":1135,\"height\":1395,\"caption\":\"Chinese Orange Tree\"},{\"@type\":\"BreadcrumbList\",\"@id\":\"https:\\\/\\\/www.jardinartificial.es\\\/en\\\/comprar\\\/artificial-plants\\\/artificial-chinese-orange-tree-120cm\\\/#breadcrumb\",\"itemListElement\":[{\"@type\":\"ListItem\",\"position\":1,\"name\":\"Portada\",\"item\":\"https:\\\/\\\/www.jardinartificial.es\\\/en\\\/\"},{\"@type\":\"ListItem\",\"position\":2,\"name\":\"All products\",\"item\":\"https:\\\/\\\/www.jardinartificial.es\\\/en\\\/all-products\\\/\"},{\"@type\":\"ListItem\",\"position\":3,\"name\":\"120cm Chinese Orange Tree\"}]},{\"@type\":\"WebSite\",\"@id\":\"https:\\\/\\\/www.jardinartificial.es\\\/en\\\/#website\",\"url\":\"https:\\\/\\\/www.jardinartificial.es\\\/en\\\/\",\"name\":\"Jard\u00edn Artificial - Venta de C\u00e9sped Artficial\",\"description\":\"C\u00e9sped Artificial barato al corte\",\"publisher\":{\"@id\":\"https:\\\/\\\/www.jardinartificial.es\\\/en\\\/#organization\"},\"potentialAction\":[{\"@type\":\"SearchAction\",\"target\":{\"@type\":\"EntryPoint\",\"urlTemplate\":\"https:\\\/\\\/www.jardinartificial.es\\\/en\\\/?s={search_term_string}\"},\"query-input\":{\"@type\":\"PropertyValueSpecification\",\"valueRequired\":true,\"valueName\":\"search_term_string\"}}],\"inLanguage\":\"en-US\"},{\"@type\":\"Organization\",\"@id\":\"https:\\\/\\\/www.jardinartificial.es\\\/en\\\/#organization\",\"name\":\"Jard\u00edn Artificial\",\"url\":\"https:\\\/\\\/www.jardinartificial.es\\\/en\\\/\",\"logo\":{\"@type\":\"ImageObject\",\"inLanguage\":\"en-US\",\"@id\":\"https:\\\/\\\/www.jardinartificial.es\\\/en\\\/#\\\/schema\\\/logo\\\/image\\\/\",\"url\":\"https:\\\/\\\/www.jardinartificial.es\\\/wp-content\\\/uploads\\\/2023\\\/03\\\/logotipo.svg\",\"contentUrl\":\"https:\\\/\\\/www.jardinartificial.es\\\/wp-content\\\/uploads\\\/2023\\\/03\\\/logotipo.svg\",\"width\":187,\"height\":53,\"caption\":\"Jard\u00edn Artificial\"},\"image\":{\"@id\":\"https:\\\/\\\/www.jardinartificial.es\\\/en\\\/#\\\/schema\\\/logo\\\/image\\\/\"}}]}<\/script>\n<!-- \/ Yoast SEO Premium plugin. -->","yoast_head_json":{"title":"120cm Chinese Orange Tree | Jardin Artificial","description":"Artificial Chinese orange tree. Standing at 120 cm tall, this tree stands out for its design, its leaves, and 20 very realistic decorative fruits.","robots":{"index":"index","follow":"follow","max-snippet":"max-snippet:-1","max-image-preview":"max-image-preview:large","max-video-preview":"max-video-preview:-1"},"canonical":"https:\/\/www.jardinartificial.es\/en\/comprar\/artificial-plants\/artificial-chinese-orange-tree-120cm\/","og_locale":"en_US","og_type":"article","og_title":"120cm Chinese Orange Tree","og_description":"Artificial Chinese orange tree. Standing at 120 cm tall, this tree stands out for its design, its leaves, and 20 very realistic decorative fruits.","og_url":"https:\/\/www.jardinartificial.es\/en\/comprar\/artificial-plants\/artificial-chinese-orange-tree-120cm\/","og_site_name":"Jardin Artificial","article_modified_time":"2026-04-13T14:19:55+00:00","og_image":[{"width":1135,"height":1395,"url":"https:\/\/www.jardinartificial.es\/wp-content\/uploads\/2025\/01\/Planta1-191224-scaled-e1745321060528.jpg","type":"image\/jpeg"}],"twitter_card":"summary_large_image","schema":{"@context":"https:\/\/schema.org","@graph":[{"@type":"WebPage","@id":"https:\/\/www.jardinartificial.es\/en\/comprar\/artificial-plants\/artificial-chinese-orange-tree-120cm\/","url":"https:\/\/www.jardinartificial.es\/en\/comprar\/artificial-plants\/artificial-chinese-orange-tree-120cm\/","name":"120cm Chinese Orange Tree | Jardin Artificial","isPartOf":{"@id":"https:\/\/www.jardinartificial.es\/en\/#website"},"primaryImageOfPage":{"@id":"https:\/\/www.jardinartificial.es\/en\/comprar\/artificial-plants\/artificial-chinese-orange-tree-120cm\/#primaryimage"},"image":{"@id":"https:\/\/www.jardinartificial.es\/en\/comprar\/artificial-plants\/artificial-chinese-orange-tree-120cm\/#primaryimage"},"thumbnailUrl":"https:\/\/www.jardinartificial.es\/wp-content\/uploads\/2025\/01\/Planta1-191224-scaled-e1745321060528.jpg","datePublished":"2025-01-14T06:37:04+00:00","dateModified":"2026-04-13T14:19:55+00:00","description":"Artificial Chinese orange tree. Standing at 120 cm tall, this tree stands out for its design, its leaves, and 20 very realistic decorative fruits.","breadcrumb":{"@id":"https:\/\/www.jardinartificial.es\/en\/comprar\/artificial-plants\/artificial-chinese-orange-tree-120cm\/#breadcrumb"},"inLanguage":"en-US","potentialAction":[{"@type":"ReadAction","target":["https:\/\/www.jardinartificial.es\/en\/comprar\/artificial-plants\/artificial-chinese-orange-tree-120cm\/"]}]},{"@type":"ImageObject","inLanguage":"en-US","@id":"https:\/\/www.jardinartificial.es\/en\/comprar\/artificial-plants\/artificial-chinese-orange-tree-120cm\/#primaryimage","url":"https:\/\/www.jardinartificial.es\/wp-content\/uploads\/2025\/01\/Planta1-191224-scaled-e1745321060528.jpg","contentUrl":"https:\/\/www.jardinartificial.es\/wp-content\/uploads\/2025\/01\/Planta1-191224-scaled-e1745321060528.jpg","width":1135,"height":1395,"caption":"Chinese Orange Tree"},{"@type":"BreadcrumbList","@id":"https:\/\/www.jardinartificial.es\/en\/comprar\/artificial-plants\/artificial-chinese-orange-tree-120cm\/#breadcrumb","itemListElement":[{"@type":"ListItem","position":1,"name":"Portada","item":"https:\/\/www.jardinartificial.es\/en\/"},{"@type":"ListItem","position":2,"name":"All products","item":"https:\/\/www.jardinartificial.es\/en\/all-products\/"},{"@type":"ListItem","position":3,"name":"120cm Chinese Orange Tree"}]},{"@type":"WebSite","@id":"https:\/\/www.jardinartificial.es\/en\/#website","url":"https:\/\/www.jardinartificial.es\/en\/","name":"Jard\u00edn Artificial - Venta de C\u00e9sped Artficial","description":"C\u00e9sped Artificial barato al corte","publisher":{"@id":"https:\/\/www.jardinartificial.es\/en\/#organization"},"potentialAction":[{"@type":"SearchAction","target":{"@type":"EntryPoint","urlTemplate":"https:\/\/www.jardinartificial.es\/en\/?s={search_term_string}"},"query-input":{"@type":"PropertyValueSpecification","valueRequired":true,"valueName":"search_term_string"}}],"inLanguage":"en-US"},{"@type":"Organization","@id":"https:\/\/www.jardinartificial.es\/en\/#organization","name":"Jard\u00edn Artificial","url":"https:\/\/www.jardinartificial.es\/en\/","logo":{"@type":"ImageObject","inLanguage":"en-US","@id":"https:\/\/www.jardinartificial.es\/en\/#\/schema\/logo\/image\/","url":"https:\/\/www.jardinartificial.es\/wp-content\/uploads\/2023\/03\/logotipo.svg","contentUrl":"https:\/\/www.jardinartificial.es\/wp-content\/uploads\/2023\/03\/logotipo.svg","width":187,"height":53,"caption":"Jard\u00edn Artificial"},"image":{"@id":"https:\/\/www.jardinartificial.es\/en\/#\/schema\/logo\/image\/"}}]}},"_links":{"self":[{"href":"https:\/\/www.jardinartificial.es\/en\/wp-json\/wp\/v2\/product\/97644","targetHints":{"allow":["GET"]}}],"collection":[{"href":"https:\/\/www.jardinartificial.es\/en\/wp-json\/wp\/v2\/product"}],"about":[{"href":"https:\/\/www.jardinartificial.es\/en\/wp-json\/wp\/v2\/types\/product"}],"replies":[{"embeddable":true,"href":"https:\/\/www.jardinartificial.es\/en\/wp-json\/wp\/v2\/comments?post=97644"}],"wp:featuredmedia":[{"embeddable":true,"href":"https:\/\/www.jardinartificial.es\/en\/wp-json\/wp\/v2\/media\/97648"}],"wp:attachment":[{"href":"https:\/\/www.jardinartificial.es\/en\/wp-json\/wp\/v2\/media?parent=97644"}],"wp:term":[{"taxonomy":"product_brand","embeddable":true,"href":"https:\/\/www.jardinartificial.es\/en\/wp-json\/wp\/v2\/product_brand?post=97644"},{"taxonomy":"product_cat","embeddable":true,"href":"https:\/\/www.jardinartificial.es\/en\/wp-json\/wp\/v2\/product_cat?post=97644"},{"taxonomy":"product_tag","embeddable":true,"href":"https:\/\/www.jardinartificial.es\/en\/wp-json\/wp\/v2\/product_tag?post=97644"}],"curies":[{"name":"wp","href":"https:\/\/api.w.org\/{rel}","templated":true}]}}