{"id":97517,"date":"2024-05-21T15:48:51","date_gmt":"2024-05-21T13:48:51","guid":{"rendered":"https:\/\/www.jardinartificial.es\/comprar\/uncategorized\/geotextile-weed-control-netting-grammage-100\/"},"modified":"2026-04-01T14:01:07","modified_gmt":"2026-04-01T12:01:07","slug":"geotextile-weed-control-netting-grammage-100","status":"publish","type":"product","link":"https:\/\/www.jardinartificial.es\/en\/comprar\/accessories\/geotextile-weed-control-netting-grammage-100\/","title":{"rendered":"Geotextile Weed Control Fabric, 100 Grams"},"content":{"rendered":"","protected":false},"excerpt":{"rendered":"<p><strong>Geotextile Weed Control Fabric, 100 Grams. Black color. <\/strong><\/p>\n<p>Weed control fabric is a mesh that has the purpose of <strong>preventing weeds from growing<\/strong> in places where we do not want them. Its opacity does not allow light to pass through and prevents weeds from growing, but it is porous enough to allow water to drain and prevent puddles from forming. <\/p>\n<p>This Geotextile type weed control fabric, 100 Grams, is ideal for placing under artificial turf to prevent weeds from growing and allow water to pass through, which other lower quality products do not achieve.<\/p>\n<p>In black color.<\/p>\n<p>It is sold by the cut and the rolls are 2 meters wide.<\/p>\n<p>Price per square meter.<\/p>\n","protected":false},"featured_media":97089,"comment_status":"open","ping_status":"closed","template":"","meta":{"_acf_changed":false},"product_brand":[],"product_cat":[889],"product_tag":[981],"class_list":{"0":"post-97517","1":"product","2":"type-product","3":"status-publish","4":"has-post-thumbnail","6":"product_cat-accessories","7":"product_tag-en","8":"product_shipping_class-standard","9":"sales-flash-overlay","10":"woocommerce-text-align-center","11":"woocommerce-image-align-center","12":"do-quantity-buttons","13":"wc-has-gallery","15":"first","16":"instock","17":"taxable","18":"shipping-taxable","19":"purchasable","20":"product-type-simple"},"acf":[],"gallery_images":[79109,79111],"yoast_head":"<!-- This site is optimized with the Yoast SEO Premium plugin v27.1 (Yoast SEO v27.2) - https:\/\/yoast.com\/product\/yoast-seo-premium-wordpress\/ -->\n<title>Weed Control Fabric for Artificial Turf | Online Sale<\/title>\n<meta name=\"description\" content=\"Weed control fabric with a weight of 100 grams, for placing under artificial turf. It is sold by the square meter. Rolls are 2m wide.\" \/>\n<meta name=\"robots\" content=\"index, follow, max-snippet:-1, max-image-preview:large, max-video-preview:-1\" \/>\n<link rel=\"canonical\" href=\"https:\/\/www.jardinartificial.es\/en\/comprar\/accessories\/geotextile-weed-control-netting-grammage-100\/\" \/>\n<meta property=\"og:locale\" content=\"en_US\" \/>\n<meta property=\"og:type\" content=\"article\" \/>\n<meta property=\"og:title\" content=\"Geotextile Weed Control Fabric, 100 Grams\" \/>\n<meta property=\"og:description\" content=\"Weed control fabric with a weight of 100 grams, for placing under artificial turf. It is sold by the square meter. Rolls are 2m wide.\" \/>\n<meta property=\"og:url\" content=\"https:\/\/www.jardinartificial.es\/en\/comprar\/accessories\/geotextile-weed-control-netting-grammage-100\/\" \/>\n<meta property=\"og:site_name\" content=\"Jardin Artificial\" \/>\n<meta property=\"article:modified_time\" content=\"2026-04-01T12:01:07+00:00\" \/>\n<meta property=\"og:image\" content=\"https:\/\/www.jardinartificial.es\/wp-content\/uploads\/2020\/03\/malla-antihierba1-scaled.jpg\" \/>\n\t<meta property=\"og:image:width\" content=\"1972\" \/>\n\t<meta property=\"og:image:height\" content=\"2560\" \/>\n\t<meta property=\"og:image:type\" content=\"image\/jpeg\" \/>\n<meta name=\"twitter:card\" content=\"summary_large_image\" \/>\n<script type=\"application\/ld+json\" class=\"yoast-schema-graph\">{\"@context\":\"https:\/\/schema.org\",\"@graph\":[{\"@type\":\"WebPage\",\"@id\":\"https:\/\/www.jardinartificial.es\/en\/comprar\/accessories\/geotextile-weed-control-netting-grammage-100\/\",\"url\":\"https:\/\/www.jardinartificial.es\/en\/comprar\/accessories\/geotextile-weed-control-netting-grammage-100\/\",\"name\":\"Weed Control Fabric for Artificial Turf | Online Sale\",\"isPartOf\":{\"@id\":\"https:\/\/www.jardinartificial.es\/en\/#website\"},\"primaryImageOfPage\":{\"@id\":\"https:\/\/www.jardinartificial.es\/en\/comprar\/accessories\/geotextile-weed-control-netting-grammage-100\/#primaryimage\"},\"image\":{\"@id\":\"https:\/\/www.jardinartificial.es\/en\/comprar\/accessories\/geotextile-weed-control-netting-grammage-100\/#primaryimage\"},\"thumbnailUrl\":\"https:\/\/www.jardinartificial.es\/wp-content\/uploads\/2020\/03\/malla-antihierba1-scaled.jpg\",\"datePublished\":\"2024-05-21T13:48:51+00:00\",\"dateModified\":\"2026-04-01T12:01:07+00:00\",\"description\":\"Weed control fabric with a weight of 100 grams, for placing under artificial turf. It is sold by the square meter. Rolls are 2m wide.\",\"breadcrumb\":{\"@id\":\"https:\/\/www.jardinartificial.es\/en\/comprar\/accessories\/geotextile-weed-control-netting-grammage-100\/#breadcrumb\"},\"inLanguage\":\"en-US\",\"potentialAction\":[{\"@type\":\"ReadAction\",\"target\":[\"https:\/\/www.jardinartificial.es\/en\/comprar\/accessories\/geotextile-weed-control-netting-grammage-100\/\"]}]},{\"@type\":\"ImageObject\",\"inLanguage\":\"en-US\",\"@id\":\"https:\/\/www.jardinartificial.es\/en\/comprar\/accessories\/geotextile-weed-control-netting-grammage-100\/#primaryimage\",\"url\":\"https:\/\/www.jardinartificial.es\/wp-content\/uploads\/2020\/03\/malla-antihierba1-scaled.jpg\",\"contentUrl\":\"https:\/\/www.jardinartificial.es\/wp-content\/uploads\/2020\/03\/malla-antihierba1-scaled.jpg\",\"width\":1972,\"height\":2560,\"caption\":\"Weed control fabric for artificial turf\"},{\"@type\":\"BreadcrumbList\",\"@id\":\"https:\/\/www.jardinartificial.es\/en\/comprar\/accessories\/geotextile-weed-control-netting-grammage-100\/#breadcrumb\",\"itemListElement\":[{\"@type\":\"ListItem\",\"position\":1,\"name\":\"Portada\",\"item\":\"https:\/\/www.jardinartificial.es\/en\/\"},{\"@type\":\"ListItem\",\"position\":2,\"name\":\"All products\",\"item\":\"https:\/\/www.jardinartificial.es\/en\/all-products\/\"},{\"@type\":\"ListItem\",\"position\":3,\"name\":\"Geotextile Weed Control Fabric, 100 Grams\"}]},{\"@type\":\"WebSite\",\"@id\":\"https:\/\/www.jardinartificial.es\/en\/#website\",\"url\":\"https:\/\/www.jardinartificial.es\/en\/\",\"name\":\"Jard\u00edn Artificial - Venta de C\u00e9sped Artficial\",\"description\":\"C\u00e9sped Artificial barato al corte\",\"publisher\":{\"@id\":\"https:\/\/www.jardinartificial.es\/en\/#organization\"},\"potentialAction\":[{\"@type\":\"SearchAction\",\"target\":{\"@type\":\"EntryPoint\",\"urlTemplate\":\"https:\/\/www.jardinartificial.es\/en\/?s={search_term_string}\"},\"query-input\":{\"@type\":\"PropertyValueSpecification\",\"valueRequired\":true,\"valueName\":\"search_term_string\"}}],\"inLanguage\":\"en-US\"},{\"@type\":\"Organization\",\"@id\":\"https:\/\/www.jardinartificial.es\/en\/#organization\",\"name\":\"Jard\u00edn Artificial\",\"url\":\"https:\/\/www.jardinartificial.es\/en\/\",\"logo\":{\"@type\":\"ImageObject\",\"inLanguage\":\"en-US\",\"@id\":\"https:\/\/www.jardinartificial.es\/en\/#\/schema\/logo\/image\/\",\"url\":\"https:\/\/www.jardinartificial.es\/wp-content\/uploads\/2023\/03\/logotipo.svg\",\"contentUrl\":\"https:\/\/www.jardinartificial.es\/wp-content\/uploads\/2023\/03\/logotipo.svg\",\"width\":187,\"height\":53,\"caption\":\"Jard\u00edn Artificial\"},\"image\":{\"@id\":\"https:\/\/www.jardinartificial.es\/en\/#\/schema\/logo\/image\/\"}}]}<\/script>\n<!-- \/ Yoast SEO Premium plugin. -->","yoast_head_json":{"title":"Weed Control Fabric for Artificial Turf | Online Sale","description":"Weed control fabric with a weight of 100 grams, for placing under artificial turf. It is sold by the square meter. Rolls are 2m wide.","robots":{"index":"index","follow":"follow","max-snippet":"max-snippet:-1","max-image-preview":"max-image-preview:large","max-video-preview":"max-video-preview:-1"},"canonical":"https:\/\/www.jardinartificial.es\/en\/comprar\/accessories\/geotextile-weed-control-netting-grammage-100\/","og_locale":"en_US","og_type":"article","og_title":"Geotextile Weed Control Fabric, 100 Grams","og_description":"Weed control fabric with a weight of 100 grams, for placing under artificial turf. It is sold by the square meter. Rolls are 2m wide.","og_url":"https:\/\/www.jardinartificial.es\/en\/comprar\/accessories\/geotextile-weed-control-netting-grammage-100\/","og_site_name":"Jardin Artificial","article_modified_time":"2026-04-01T12:01:07+00:00","og_image":[{"width":1972,"height":2560,"url":"https:\/\/www.jardinartificial.es\/wp-content\/uploads\/2020\/03\/malla-antihierba1-scaled.jpg","type":"image\/jpeg"}],"twitter_card":"summary_large_image","schema":{"@context":"https:\/\/schema.org","@graph":[{"@type":"WebPage","@id":"https:\/\/www.jardinartificial.es\/en\/comprar\/accessories\/geotextile-weed-control-netting-grammage-100\/","url":"https:\/\/www.jardinartificial.es\/en\/comprar\/accessories\/geotextile-weed-control-netting-grammage-100\/","name":"Weed Control Fabric for Artificial Turf | Online Sale","isPartOf":{"@id":"https:\/\/www.jardinartificial.es\/en\/#website"},"primaryImageOfPage":{"@id":"https:\/\/www.jardinartificial.es\/en\/comprar\/accessories\/geotextile-weed-control-netting-grammage-100\/#primaryimage"},"image":{"@id":"https:\/\/www.jardinartificial.es\/en\/comprar\/accessories\/geotextile-weed-control-netting-grammage-100\/#primaryimage"},"thumbnailUrl":"https:\/\/www.jardinartificial.es\/wp-content\/uploads\/2020\/03\/malla-antihierba1-scaled.jpg","datePublished":"2024-05-21T13:48:51+00:00","dateModified":"2026-04-01T12:01:07+00:00","description":"Weed control fabric with a weight of 100 grams, for placing under artificial turf. It is sold by the square meter. Rolls are 2m wide.","breadcrumb":{"@id":"https:\/\/www.jardinartificial.es\/en\/comprar\/accessories\/geotextile-weed-control-netting-grammage-100\/#breadcrumb"},"inLanguage":"en-US","potentialAction":[{"@type":"ReadAction","target":["https:\/\/www.jardinartificial.es\/en\/comprar\/accessories\/geotextile-weed-control-netting-grammage-100\/"]}]},{"@type":"ImageObject","inLanguage":"en-US","@id":"https:\/\/www.jardinartificial.es\/en\/comprar\/accessories\/geotextile-weed-control-netting-grammage-100\/#primaryimage","url":"https:\/\/www.jardinartificial.es\/wp-content\/uploads\/2020\/03\/malla-antihierba1-scaled.jpg","contentUrl":"https:\/\/www.jardinartificial.es\/wp-content\/uploads\/2020\/03\/malla-antihierba1-scaled.jpg","width":1972,"height":2560,"caption":"Weed control fabric for artificial turf"},{"@type":"BreadcrumbList","@id":"https:\/\/www.jardinartificial.es\/en\/comprar\/accessories\/geotextile-weed-control-netting-grammage-100\/#breadcrumb","itemListElement":[{"@type":"ListItem","position":1,"name":"Portada","item":"https:\/\/www.jardinartificial.es\/en\/"},{"@type":"ListItem","position":2,"name":"All products","item":"https:\/\/www.jardinartificial.es\/en\/all-products\/"},{"@type":"ListItem","position":3,"name":"Geotextile Weed Control Fabric, 100 Grams"}]},{"@type":"WebSite","@id":"https:\/\/www.jardinartificial.es\/en\/#website","url":"https:\/\/www.jardinartificial.es\/en\/","name":"Jard\u00edn Artificial - Venta de C\u00e9sped Artficial","description":"C\u00e9sped Artificial barato al corte","publisher":{"@id":"https:\/\/www.jardinartificial.es\/en\/#organization"},"potentialAction":[{"@type":"SearchAction","target":{"@type":"EntryPoint","urlTemplate":"https:\/\/www.jardinartificial.es\/en\/?s={search_term_string}"},"query-input":{"@type":"PropertyValueSpecification","valueRequired":true,"valueName":"search_term_string"}}],"inLanguage":"en-US"},{"@type":"Organization","@id":"https:\/\/www.jardinartificial.es\/en\/#organization","name":"Jard\u00edn Artificial","url":"https:\/\/www.jardinartificial.es\/en\/","logo":{"@type":"ImageObject","inLanguage":"en-US","@id":"https:\/\/www.jardinartificial.es\/en\/#\/schema\/logo\/image\/","url":"https:\/\/www.jardinartificial.es\/wp-content\/uploads\/2023\/03\/logotipo.svg","contentUrl":"https:\/\/www.jardinartificial.es\/wp-content\/uploads\/2023\/03\/logotipo.svg","width":187,"height":53,"caption":"Jard\u00edn Artificial"},"image":{"@id":"https:\/\/www.jardinartificial.es\/en\/#\/schema\/logo\/image\/"}}]}},"_links":{"self":[{"href":"https:\/\/www.jardinartificial.es\/en\/wp-json\/wp\/v2\/product\/97517","targetHints":{"allow":["GET"]}}],"collection":[{"href":"https:\/\/www.jardinartificial.es\/en\/wp-json\/wp\/v2\/product"}],"about":[{"href":"https:\/\/www.jardinartificial.es\/en\/wp-json\/wp\/v2\/types\/product"}],"replies":[{"embeddable":true,"href":"https:\/\/www.jardinartificial.es\/en\/wp-json\/wp\/v2\/comments?post=97517"}],"wp:featuredmedia":[{"embeddable":true,"href":"https:\/\/www.jardinartificial.es\/en\/wp-json\/wp\/v2\/media\/97089"}],"wp:attachment":[{"href":"https:\/\/www.jardinartificial.es\/en\/wp-json\/wp\/v2\/media?parent=97517"}],"wp:term":[{"taxonomy":"product_brand","embeddable":true,"href":"https:\/\/www.jardinartificial.es\/en\/wp-json\/wp\/v2\/product_brand?post=97517"},{"taxonomy":"product_cat","embeddable":true,"href":"https:\/\/www.jardinartificial.es\/en\/wp-json\/wp\/v2\/product_cat?post=97517"},{"taxonomy":"product_tag","embeddable":true,"href":"https:\/\/www.jardinartificial.es\/en\/wp-json\/wp\/v2\/product_tag?post=97517"}],"curies":[{"name":"wp","href":"https:\/\/api.w.org\/{rel}","templated":true}]}}