{"id":97464,"date":"2024-03-11T12:49:49","date_gmt":"2024-03-11T11:49:49","guid":{"rendered":"https:\/\/www.jardinartificial.es\/comprar\/uncategorized\/artificial-turf-economy-40mm\/"},"modified":"2026-03-19T13:43:52","modified_gmt":"2026-03-19T12:43:52","slug":"artificial-turf-economy-40mm","status":"publish","type":"product","link":"https:\/\/www.jardinartificial.es\/en\/comprar\/artificial-turf\/decorative\/artificial-turf-economy-40mm\/","title":{"rendered":"Artificial Turf Economy 40mm"},"content":{"rendered":"","protected":false},"excerpt":{"rendered":"<p><strong>Economy 40mm Artificial Turf model<\/strong><\/p>\n<p>40 mm high Artificial Turf model at a very good price. The fibers of this Artificial Turf provide a soft and comfortable experience. Its appearance and beauty stand out thanks to a carefully selected combination of colors. With a wide range of decorative uses, it is perfect for terraces, gardens and areas around swimming pools.   <\/p>\n<ul>\n<li>Ideal for use on terraces and gardens with swimming pools. Suitable for pets. <\/li>\n<li>Complete roll of 50m\u00b2, distributed in 25 meters long and 2 meters wide without cuts.<\/li>\n<\/ul>\n","protected":false},"featured_media":101206,"comment_status":"open","ping_status":"closed","template":"","meta":{"_acf_changed":false},"product_brand":[],"product_cat":[905,911],"product_tag":[981],"class_list":{"0":"post-97464","1":"product","2":"type-product","3":"status-publish","4":"has-post-thumbnail","6":"product_cat-artificial-turf","7":"product_cat-decorative","8":"product_tag-en","9":"product_shipping_class-standar","10":"sales-flash-overlay","11":"woocommerce-text-align-center","12":"woocommerce-image-align-center","13":"do-quantity-buttons","14":"wc-has-gallery","16":"first","17":"outofstock","18":"taxable","19":"shipping-taxable","20":"purchasable","21":"product-type-variable"},"acf":[],"gallery_images":[101001,101002,101003],"yoast_head":"<!-- This site is optimized with the Yoast SEO Premium plugin v27.1 (Yoast SEO v27.2) - https:\/\/yoast.com\/product\/yoast-seo-premium-wordpress\/ -->\n<title>\u25b7 Cheap Artificial Turf Economy 40 | 40mm | Online Sale<\/title>\n<meta name=\"description\" content=\"Buy Artificial Turf Economy 40mm online at a very good price. Natural and resistant appearance. Complete rolls and cut to size. Shipping to all of Spain. \u2705\" \/>\n<meta name=\"robots\" content=\"index, follow, max-snippet:-1, max-image-preview:large, max-video-preview:-1\" \/>\n<link rel=\"canonical\" href=\"https:\/\/www.jardinartificial.es\/en\/comprar\/artificial-turf\/decorative\/artificial-turf-economy-40mm\/\" \/>\n<meta property=\"og:locale\" content=\"en_US\" \/>\n<meta property=\"og:type\" content=\"article\" \/>\n<meta property=\"og:title\" content=\"Artificial Turf Economy 40mm\" \/>\n<meta property=\"og:description\" content=\"Buy Artificial Turf Economy 40mm online at a very good price. Natural and resistant appearance. Complete rolls and cut to size. Shipping to all of Spain. \u2705\" \/>\n<meta property=\"og:url\" content=\"https:\/\/www.jardinartificial.es\/en\/comprar\/artificial-turf\/decorative\/artificial-turf-economy-40mm\/\" \/>\n<meta property=\"og:site_name\" content=\"Jardin Artificial\" \/>\n<meta property=\"article:modified_time\" content=\"2026-03-19T12:43:52+00:00\" \/>\n<meta property=\"og:image\" content=\"https:\/\/www.jardinartificial.es\/wp-content\/uploads\/2026\/01\/Cesped-Artificial-Essential-40.webp\" \/>\n\t<meta property=\"og:image:width\" content=\"1920\" \/>\n\t<meta property=\"og:image:height\" content=\"1920\" \/>\n\t<meta property=\"og:image:type\" content=\"image\/webp\" \/>\n<meta name=\"twitter:card\" content=\"summary_large_image\" \/>\n<script type=\"application\/ld+json\" class=\"yoast-schema-graph\">{\"@context\":\"https:\/\/schema.org\",\"@graph\":[{\"@type\":\"WebPage\",\"@id\":\"https:\/\/www.jardinartificial.es\/en\/comprar\/artificial-turf\/decorative\/artificial-turf-economy-40mm\/\",\"url\":\"https:\/\/www.jardinartificial.es\/en\/comprar\/artificial-turf\/decorative\/artificial-turf-economy-40mm\/\",\"name\":\"\u25b7 Cheap Artificial Turf Economy 40 | 40mm | Online Sale\",\"isPartOf\":{\"@id\":\"https:\/\/www.jardinartificial.es\/en\/#website\"},\"primaryImageOfPage\":{\"@id\":\"https:\/\/www.jardinartificial.es\/en\/comprar\/artificial-turf\/decorative\/artificial-turf-economy-40mm\/#primaryimage\"},\"image\":{\"@id\":\"https:\/\/www.jardinartificial.es\/en\/comprar\/artificial-turf\/decorative\/artificial-turf-economy-40mm\/#primaryimage\"},\"thumbnailUrl\":\"https:\/\/www.jardinartificial.es\/wp-content\/uploads\/2026\/01\/Cesped-Artificial-Essential-40.webp\",\"datePublished\":\"2024-03-11T11:49:49+00:00\",\"dateModified\":\"2026-03-19T12:43:52+00:00\",\"description\":\"Buy Artificial Turf Economy 40mm online at a very good price. Natural and resistant appearance. Complete rolls and cut to size. Shipping to all of Spain. \u2705\",\"breadcrumb\":{\"@id\":\"https:\/\/www.jardinartificial.es\/en\/comprar\/artificial-turf\/decorative\/artificial-turf-economy-40mm\/#breadcrumb\"},\"inLanguage\":\"en-US\",\"potentialAction\":[{\"@type\":\"ReadAction\",\"target\":[\"https:\/\/www.jardinartificial.es\/en\/comprar\/artificial-turf\/decorative\/artificial-turf-economy-40mm\/\"]}]},{\"@type\":\"ImageObject\",\"inLanguage\":\"en-US\",\"@id\":\"https:\/\/www.jardinartificial.es\/en\/comprar\/artificial-turf\/decorative\/artificial-turf-economy-40mm\/#primaryimage\",\"url\":\"https:\/\/www.jardinartificial.es\/wp-content\/uploads\/2026\/01\/Cesped-Artificial-Essential-40.webp\",\"contentUrl\":\"https:\/\/www.jardinartificial.es\/wp-content\/uploads\/2026\/01\/Cesped-Artificial-Essential-40.webp\",\"width\":1920,\"height\":1920,\"caption\":\"Essential 40 Artificial Turf\"},{\"@type\":\"BreadcrumbList\",\"@id\":\"https:\/\/www.jardinartificial.es\/en\/comprar\/artificial-turf\/decorative\/artificial-turf-economy-40mm\/#breadcrumb\",\"itemListElement\":[{\"@type\":\"ListItem\",\"position\":1,\"name\":\"Portada\",\"item\":\"https:\/\/www.jardinartificial.es\/en\/\"},{\"@type\":\"ListItem\",\"position\":2,\"name\":\"All products\",\"item\":\"https:\/\/www.jardinartificial.es\/en\/all-products\/\"},{\"@type\":\"ListItem\",\"position\":3,\"name\":\"Artificial Turf Economy 40mm\"}]},{\"@type\":\"WebSite\",\"@id\":\"https:\/\/www.jardinartificial.es\/en\/#website\",\"url\":\"https:\/\/www.jardinartificial.es\/en\/\",\"name\":\"Jard\u00edn Artificial - Venta de C\u00e9sped Artficial\",\"description\":\"C\u00e9sped Artificial barato al corte\",\"publisher\":{\"@id\":\"https:\/\/www.jardinartificial.es\/en\/#organization\"},\"potentialAction\":[{\"@type\":\"SearchAction\",\"target\":{\"@type\":\"EntryPoint\",\"urlTemplate\":\"https:\/\/www.jardinartificial.es\/en\/?s={search_term_string}\"},\"query-input\":{\"@type\":\"PropertyValueSpecification\",\"valueRequired\":true,\"valueName\":\"search_term_string\"}}],\"inLanguage\":\"en-US\"},{\"@type\":\"Organization\",\"@id\":\"https:\/\/www.jardinartificial.es\/en\/#organization\",\"name\":\"Jard\u00edn Artificial\",\"url\":\"https:\/\/www.jardinartificial.es\/en\/\",\"logo\":{\"@type\":\"ImageObject\",\"inLanguage\":\"en-US\",\"@id\":\"https:\/\/www.jardinartificial.es\/en\/#\/schema\/logo\/image\/\",\"url\":\"https:\/\/www.jardinartificial.es\/wp-content\/uploads\/2023\/03\/logotipo.svg\",\"contentUrl\":\"https:\/\/www.jardinartificial.es\/wp-content\/uploads\/2023\/03\/logotipo.svg\",\"width\":187,\"height\":53,\"caption\":\"Jard\u00edn Artificial\"},\"image\":{\"@id\":\"https:\/\/www.jardinartificial.es\/en\/#\/schema\/logo\/image\/\"}}]}<\/script>\n<!-- \/ Yoast SEO Premium plugin. -->","yoast_head_json":{"title":"\u25b7 Cheap Artificial Turf Economy 40 | 40mm | Online Sale","description":"Buy Artificial Turf Economy 40mm online at a very good price. Natural and resistant appearance. Complete rolls and cut to size. Shipping to all of Spain. \u2705","robots":{"index":"index","follow":"follow","max-snippet":"max-snippet:-1","max-image-preview":"max-image-preview:large","max-video-preview":"max-video-preview:-1"},"canonical":"https:\/\/www.jardinartificial.es\/en\/comprar\/artificial-turf\/decorative\/artificial-turf-economy-40mm\/","og_locale":"en_US","og_type":"article","og_title":"Artificial Turf Economy 40mm","og_description":"Buy Artificial Turf Economy 40mm online at a very good price. Natural and resistant appearance. Complete rolls and cut to size. Shipping to all of Spain. \u2705","og_url":"https:\/\/www.jardinartificial.es\/en\/comprar\/artificial-turf\/decorative\/artificial-turf-economy-40mm\/","og_site_name":"Jardin Artificial","article_modified_time":"2026-03-19T12:43:52+00:00","og_image":[{"width":1920,"height":1920,"url":"https:\/\/www.jardinartificial.es\/wp-content\/uploads\/2026\/01\/Cesped-Artificial-Essential-40.webp","type":"image\/webp"}],"twitter_card":"summary_large_image","schema":{"@context":"https:\/\/schema.org","@graph":[{"@type":"WebPage","@id":"https:\/\/www.jardinartificial.es\/en\/comprar\/artificial-turf\/decorative\/artificial-turf-economy-40mm\/","url":"https:\/\/www.jardinartificial.es\/en\/comprar\/artificial-turf\/decorative\/artificial-turf-economy-40mm\/","name":"\u25b7 Cheap Artificial Turf Economy 40 | 40mm | Online Sale","isPartOf":{"@id":"https:\/\/www.jardinartificial.es\/en\/#website"},"primaryImageOfPage":{"@id":"https:\/\/www.jardinartificial.es\/en\/comprar\/artificial-turf\/decorative\/artificial-turf-economy-40mm\/#primaryimage"},"image":{"@id":"https:\/\/www.jardinartificial.es\/en\/comprar\/artificial-turf\/decorative\/artificial-turf-economy-40mm\/#primaryimage"},"thumbnailUrl":"https:\/\/www.jardinartificial.es\/wp-content\/uploads\/2026\/01\/Cesped-Artificial-Essential-40.webp","datePublished":"2024-03-11T11:49:49+00:00","dateModified":"2026-03-19T12:43:52+00:00","description":"Buy Artificial Turf Economy 40mm online at a very good price. Natural and resistant appearance. Complete rolls and cut to size. Shipping to all of Spain. \u2705","breadcrumb":{"@id":"https:\/\/www.jardinartificial.es\/en\/comprar\/artificial-turf\/decorative\/artificial-turf-economy-40mm\/#breadcrumb"},"inLanguage":"en-US","potentialAction":[{"@type":"ReadAction","target":["https:\/\/www.jardinartificial.es\/en\/comprar\/artificial-turf\/decorative\/artificial-turf-economy-40mm\/"]}]},{"@type":"ImageObject","inLanguage":"en-US","@id":"https:\/\/www.jardinartificial.es\/en\/comprar\/artificial-turf\/decorative\/artificial-turf-economy-40mm\/#primaryimage","url":"https:\/\/www.jardinartificial.es\/wp-content\/uploads\/2026\/01\/Cesped-Artificial-Essential-40.webp","contentUrl":"https:\/\/www.jardinartificial.es\/wp-content\/uploads\/2026\/01\/Cesped-Artificial-Essential-40.webp","width":1920,"height":1920,"caption":"Essential 40 Artificial Turf"},{"@type":"BreadcrumbList","@id":"https:\/\/www.jardinartificial.es\/en\/comprar\/artificial-turf\/decorative\/artificial-turf-economy-40mm\/#breadcrumb","itemListElement":[{"@type":"ListItem","position":1,"name":"Portada","item":"https:\/\/www.jardinartificial.es\/en\/"},{"@type":"ListItem","position":2,"name":"All products","item":"https:\/\/www.jardinartificial.es\/en\/all-products\/"},{"@type":"ListItem","position":3,"name":"Artificial Turf Economy 40mm"}]},{"@type":"WebSite","@id":"https:\/\/www.jardinartificial.es\/en\/#website","url":"https:\/\/www.jardinartificial.es\/en\/","name":"Jard\u00edn Artificial - Venta de C\u00e9sped Artficial","description":"C\u00e9sped Artificial barato al corte","publisher":{"@id":"https:\/\/www.jardinartificial.es\/en\/#organization"},"potentialAction":[{"@type":"SearchAction","target":{"@type":"EntryPoint","urlTemplate":"https:\/\/www.jardinartificial.es\/en\/?s={search_term_string}"},"query-input":{"@type":"PropertyValueSpecification","valueRequired":true,"valueName":"search_term_string"}}],"inLanguage":"en-US"},{"@type":"Organization","@id":"https:\/\/www.jardinartificial.es\/en\/#organization","name":"Jard\u00edn Artificial","url":"https:\/\/www.jardinartificial.es\/en\/","logo":{"@type":"ImageObject","inLanguage":"en-US","@id":"https:\/\/www.jardinartificial.es\/en\/#\/schema\/logo\/image\/","url":"https:\/\/www.jardinartificial.es\/wp-content\/uploads\/2023\/03\/logotipo.svg","contentUrl":"https:\/\/www.jardinartificial.es\/wp-content\/uploads\/2023\/03\/logotipo.svg","width":187,"height":53,"caption":"Jard\u00edn Artificial"},"image":{"@id":"https:\/\/www.jardinartificial.es\/en\/#\/schema\/logo\/image\/"}}]}},"_links":{"self":[{"href":"https:\/\/www.jardinartificial.es\/en\/wp-json\/wp\/v2\/product\/97464","targetHints":{"allow":["GET"]}}],"collection":[{"href":"https:\/\/www.jardinartificial.es\/en\/wp-json\/wp\/v2\/product"}],"about":[{"href":"https:\/\/www.jardinartificial.es\/en\/wp-json\/wp\/v2\/types\/product"}],"replies":[{"embeddable":true,"href":"https:\/\/www.jardinartificial.es\/en\/wp-json\/wp\/v2\/comments?post=97464"}],"wp:featuredmedia":[{"embeddable":true,"href":"https:\/\/www.jardinartificial.es\/en\/wp-json\/wp\/v2\/media\/101206"}],"wp:attachment":[{"href":"https:\/\/www.jardinartificial.es\/en\/wp-json\/wp\/v2\/media?parent=97464"}],"wp:term":[{"taxonomy":"product_brand","embeddable":true,"href":"https:\/\/www.jardinartificial.es\/en\/wp-json\/wp\/v2\/product_brand?post=97464"},{"taxonomy":"product_cat","embeddable":true,"href":"https:\/\/www.jardinartificial.es\/en\/wp-json\/wp\/v2\/product_cat?post=97464"},{"taxonomy":"product_tag","embeddable":true,"href":"https:\/\/www.jardinartificial.es\/en\/wp-json\/wp\/v2\/product_tag?post=97464"}],"curies":[{"name":"wp","href":"https:\/\/api.w.org\/{rel}","templated":true}]}}