{"id":97443,"date":"2024-04-10T11:52:28","date_gmt":"2024-04-10T09:52:28","guid":{"rendered":"https:\/\/www.jardinartificial.es\/comprar\/uncategorized\/vertical-garden-vigo-50x100\/"},"modified":"2026-04-13T16:21:25","modified_gmt":"2026-04-13T14:21:25","slug":"vertical-garden-vigo-50x100","status":"publish","type":"product","link":"https:\/\/www.jardinartificial.es\/en\/comprar\/vertical-gardens\/vertical-garden-vigo-50x100\/","title":{"rendered":"Vigo Vertical Garden 50&#215;100"},"content":{"rendered":"","protected":false},"excerpt":{"rendered":"<p><strong>Vigo Vertical Garden<\/strong><\/p>\n<p>The Vigo Vertical Garden model stands out for its original design, combining different types of <strong>leaves<\/strong>, such as <strong>ferns<\/strong>, <strong>mini gypsophila flowers<\/strong>, and other plants in shades of green, creating a fresh and natural atmosphere. What truly highlights this model are the <strong>small orange flowers<\/strong>, which add a <strong>cheerful<\/strong> and vibrant touch to the ensemble. <\/p>\n<p>Ideal for those seeking a unique and colorful vertical garden, the Vigo model is perfect for adding freshness and a touch of vitality to any space, all without worrying about maintenance.<\/p>\n<ul>\n<li>Dimensions: 50 cm X 100 cm.<\/li>\n<li>Ideal for indoor and outdoor decoration.<\/li>\n<li>Grid composition: 100% HDPE.<\/li>\n<li>Synthetic leaf composition: 100% HDPE.<\/li>\n<li>5-year UV and anti-fading warranty.<\/li>\n<\/ul>\n","protected":false},"featured_media":97452,"comment_status":"open","ping_status":"closed","template":"","meta":{"_acf_changed":false},"product_brand":[],"product_cat":[920,874],"product_tag":[981],"class_list":{"0":"post-97443","1":"product","2":"type-product","3":"status-publish","4":"has-post-thumbnail","6":"product_cat-50x100","7":"product_cat-vertical-gardens","8":"product_tag-en","9":"product_shipping_class-standard","10":"sales-flash-overlay","11":"woocommerce-text-align-center","12":"woocommerce-image-align-center","13":"do-quantity-buttons","15":"first","16":"instock","17":"sale","18":"taxable","19":"shipping-taxable","20":"purchasable","21":"product-type-simple"},"acf":[],"gallery_images":[],"yoast_head":"<!-- This site is optimized with the Yoast SEO Premium plugin v27.4 (Yoast SEO v27.4) - https:\/\/yoast.com\/product\/yoast-seo-premium-wordpress\/ -->\n<title>Vigo Vertical Garden 50x100 | Jardin Artificial<\/title>\n<meta name=\"description\" content=\"Vigo Vertical Garden made of Polyethylene. 5-year warranty against UV and fading. Suitable for indoor and outdoor use. Dimensions: 50 cm X 100 cm\" \/>\n<meta name=\"robots\" content=\"index, follow, max-snippet:-1, max-image-preview:large, max-video-preview:-1\" \/>\n<link rel=\"canonical\" href=\"https:\/\/www.jardinartificial.es\/en\/comprar\/vertical-gardens\/vertical-garden-vigo-50x100\/\" \/>\n<meta property=\"og:locale\" content=\"en_US\" \/>\n<meta property=\"og:type\" content=\"article\" \/>\n<meta property=\"og:title\" content=\"Vigo Vertical Garden 50x100\" \/>\n<meta property=\"og:description\" content=\"Vigo Vertical Garden made of Polyethylene. 5-year warranty against UV and fading. Suitable for indoor and outdoor use. Dimensions: 50 cm X 100 cm\" \/>\n<meta property=\"og:url\" content=\"https:\/\/www.jardinartificial.es\/en\/comprar\/vertical-gardens\/vertical-garden-vigo-50x100\/\" \/>\n<meta property=\"og:site_name\" content=\"Jardin Artificial\" \/>\n<meta property=\"article:modified_time\" content=\"2026-04-13T14:21:25+00:00\" \/>\n<meta property=\"og:image\" content=\"https:\/\/www.jardinartificial.es\/wp-content\/uploads\/2024\/04\/JV_VIGO50X100-scaled.jpg\" \/>\n\t<meta property=\"og:image:width\" content=\"1709\" \/>\n\t<meta property=\"og:image:height\" content=\"2560\" \/>\n\t<meta property=\"og:image:type\" content=\"image\/jpeg\" \/>\n<meta name=\"twitter:card\" content=\"summary_large_image\" \/>\n<script type=\"application\/ld+json\" class=\"yoast-schema-graph\">{\"@context\":\"https:\\\/\\\/schema.org\",\"@graph\":[{\"@type\":\"WebPage\",\"@id\":\"https:\\\/\\\/www.jardinartificial.es\\\/en\\\/comprar\\\/vertical-gardens\\\/vertical-garden-vigo-50x100\\\/\",\"url\":\"https:\\\/\\\/www.jardinartificial.es\\\/en\\\/comprar\\\/vertical-gardens\\\/vertical-garden-vigo-50x100\\\/\",\"name\":\"Vigo Vertical Garden 50x100 | Jardin Artificial\",\"isPartOf\":{\"@id\":\"https:\\\/\\\/www.jardinartificial.es\\\/en\\\/#website\"},\"primaryImageOfPage\":{\"@id\":\"https:\\\/\\\/www.jardinartificial.es\\\/en\\\/comprar\\\/vertical-gardens\\\/vertical-garden-vigo-50x100\\\/#primaryimage\"},\"image\":{\"@id\":\"https:\\\/\\\/www.jardinartificial.es\\\/en\\\/comprar\\\/vertical-gardens\\\/vertical-garden-vigo-50x100\\\/#primaryimage\"},\"thumbnailUrl\":\"https:\\\/\\\/www.jardinartificial.es\\\/wp-content\\\/uploads\\\/2024\\\/04\\\/JV_VIGO50X100-scaled.jpg\",\"datePublished\":\"2024-04-10T09:52:28+00:00\",\"dateModified\":\"2026-04-13T14:21:25+00:00\",\"description\":\"Vigo Vertical Garden made of Polyethylene. 5-year warranty against UV and fading. Suitable for indoor and outdoor use. Dimensions: 50 cm X 100 cm\",\"breadcrumb\":{\"@id\":\"https:\\\/\\\/www.jardinartificial.es\\\/en\\\/comprar\\\/vertical-gardens\\\/vertical-garden-vigo-50x100\\\/#breadcrumb\"},\"inLanguage\":\"en-US\",\"potentialAction\":[{\"@type\":\"ReadAction\",\"target\":[\"https:\\\/\\\/www.jardinartificial.es\\\/en\\\/comprar\\\/vertical-gardens\\\/vertical-garden-vigo-50x100\\\/\"]}]},{\"@type\":\"ImageObject\",\"inLanguage\":\"en-US\",\"@id\":\"https:\\\/\\\/www.jardinartificial.es\\\/en\\\/comprar\\\/vertical-gardens\\\/vertical-garden-vigo-50x100\\\/#primaryimage\",\"url\":\"https:\\\/\\\/www.jardinartificial.es\\\/wp-content\\\/uploads\\\/2024\\\/04\\\/JV_VIGO50X100-scaled.jpg\",\"contentUrl\":\"https:\\\/\\\/www.jardinartificial.es\\\/wp-content\\\/uploads\\\/2024\\\/04\\\/JV_VIGO50X100-scaled.jpg\",\"width\":1709,\"height\":2560,\"caption\":\"Vigo Artificial Vertical Garden\"},{\"@type\":\"BreadcrumbList\",\"@id\":\"https:\\\/\\\/www.jardinartificial.es\\\/en\\\/comprar\\\/vertical-gardens\\\/vertical-garden-vigo-50x100\\\/#breadcrumb\",\"itemListElement\":[{\"@type\":\"ListItem\",\"position\":1,\"name\":\"Portada\",\"item\":\"https:\\\/\\\/www.jardinartificial.es\\\/en\\\/\"},{\"@type\":\"ListItem\",\"position\":2,\"name\":\"All products\",\"item\":\"https:\\\/\\\/www.jardinartificial.es\\\/en\\\/all-products\\\/\"},{\"@type\":\"ListItem\",\"position\":3,\"name\":\"Vigo Vertical Garden 50&#215;100\"}]},{\"@type\":\"WebSite\",\"@id\":\"https:\\\/\\\/www.jardinartificial.es\\\/en\\\/#website\",\"url\":\"https:\\\/\\\/www.jardinartificial.es\\\/en\\\/\",\"name\":\"Jard\u00edn Artificial - Venta de C\u00e9sped Artficial\",\"description\":\"C\u00e9sped Artificial barato al corte\",\"publisher\":{\"@id\":\"https:\\\/\\\/www.jardinartificial.es\\\/en\\\/#organization\"},\"potentialAction\":[{\"@type\":\"SearchAction\",\"target\":{\"@type\":\"EntryPoint\",\"urlTemplate\":\"https:\\\/\\\/www.jardinartificial.es\\\/en\\\/?s={search_term_string}\"},\"query-input\":{\"@type\":\"PropertyValueSpecification\",\"valueRequired\":true,\"valueName\":\"search_term_string\"}}],\"inLanguage\":\"en-US\"},{\"@type\":\"Organization\",\"@id\":\"https:\\\/\\\/www.jardinartificial.es\\\/en\\\/#organization\",\"name\":\"Jard\u00edn Artificial\",\"url\":\"https:\\\/\\\/www.jardinartificial.es\\\/en\\\/\",\"logo\":{\"@type\":\"ImageObject\",\"inLanguage\":\"en-US\",\"@id\":\"https:\\\/\\\/www.jardinartificial.es\\\/en\\\/#\\\/schema\\\/logo\\\/image\\\/\",\"url\":\"https:\\\/\\\/www.jardinartificial.es\\\/wp-content\\\/uploads\\\/2023\\\/03\\\/logotipo.svg\",\"contentUrl\":\"https:\\\/\\\/www.jardinartificial.es\\\/wp-content\\\/uploads\\\/2023\\\/03\\\/logotipo.svg\",\"width\":187,\"height\":53,\"caption\":\"Jard\u00edn Artificial\"},\"image\":{\"@id\":\"https:\\\/\\\/www.jardinartificial.es\\\/en\\\/#\\\/schema\\\/logo\\\/image\\\/\"}}]}<\/script>\n<!-- \/ Yoast SEO Premium plugin. -->","yoast_head_json":{"title":"Vigo Vertical Garden 50x100 | Jardin Artificial","description":"Vigo Vertical Garden made of Polyethylene. 5-year warranty against UV and fading. Suitable for indoor and outdoor use. Dimensions: 50 cm X 100 cm","robots":{"index":"index","follow":"follow","max-snippet":"max-snippet:-1","max-image-preview":"max-image-preview:large","max-video-preview":"max-video-preview:-1"},"canonical":"https:\/\/www.jardinartificial.es\/en\/comprar\/vertical-gardens\/vertical-garden-vigo-50x100\/","og_locale":"en_US","og_type":"article","og_title":"Vigo Vertical Garden 50x100","og_description":"Vigo Vertical Garden made of Polyethylene. 5-year warranty against UV and fading. Suitable for indoor and outdoor use. Dimensions: 50 cm X 100 cm","og_url":"https:\/\/www.jardinartificial.es\/en\/comprar\/vertical-gardens\/vertical-garden-vigo-50x100\/","og_site_name":"Jardin Artificial","article_modified_time":"2026-04-13T14:21:25+00:00","og_image":[{"width":1709,"height":2560,"url":"https:\/\/www.jardinartificial.es\/wp-content\/uploads\/2024\/04\/JV_VIGO50X100-scaled.jpg","type":"image\/jpeg"}],"twitter_card":"summary_large_image","schema":{"@context":"https:\/\/schema.org","@graph":[{"@type":"WebPage","@id":"https:\/\/www.jardinartificial.es\/en\/comprar\/vertical-gardens\/vertical-garden-vigo-50x100\/","url":"https:\/\/www.jardinartificial.es\/en\/comprar\/vertical-gardens\/vertical-garden-vigo-50x100\/","name":"Vigo Vertical Garden 50x100 | Jardin Artificial","isPartOf":{"@id":"https:\/\/www.jardinartificial.es\/en\/#website"},"primaryImageOfPage":{"@id":"https:\/\/www.jardinartificial.es\/en\/comprar\/vertical-gardens\/vertical-garden-vigo-50x100\/#primaryimage"},"image":{"@id":"https:\/\/www.jardinartificial.es\/en\/comprar\/vertical-gardens\/vertical-garden-vigo-50x100\/#primaryimage"},"thumbnailUrl":"https:\/\/www.jardinartificial.es\/wp-content\/uploads\/2024\/04\/JV_VIGO50X100-scaled.jpg","datePublished":"2024-04-10T09:52:28+00:00","dateModified":"2026-04-13T14:21:25+00:00","description":"Vigo Vertical Garden made of Polyethylene. 5-year warranty against UV and fading. Suitable for indoor and outdoor use. Dimensions: 50 cm X 100 cm","breadcrumb":{"@id":"https:\/\/www.jardinartificial.es\/en\/comprar\/vertical-gardens\/vertical-garden-vigo-50x100\/#breadcrumb"},"inLanguage":"en-US","potentialAction":[{"@type":"ReadAction","target":["https:\/\/www.jardinartificial.es\/en\/comprar\/vertical-gardens\/vertical-garden-vigo-50x100\/"]}]},{"@type":"ImageObject","inLanguage":"en-US","@id":"https:\/\/www.jardinartificial.es\/en\/comprar\/vertical-gardens\/vertical-garden-vigo-50x100\/#primaryimage","url":"https:\/\/www.jardinartificial.es\/wp-content\/uploads\/2024\/04\/JV_VIGO50X100-scaled.jpg","contentUrl":"https:\/\/www.jardinartificial.es\/wp-content\/uploads\/2024\/04\/JV_VIGO50X100-scaled.jpg","width":1709,"height":2560,"caption":"Vigo Artificial Vertical Garden"},{"@type":"BreadcrumbList","@id":"https:\/\/www.jardinartificial.es\/en\/comprar\/vertical-gardens\/vertical-garden-vigo-50x100\/#breadcrumb","itemListElement":[{"@type":"ListItem","position":1,"name":"Portada","item":"https:\/\/www.jardinartificial.es\/en\/"},{"@type":"ListItem","position":2,"name":"All products","item":"https:\/\/www.jardinartificial.es\/en\/all-products\/"},{"@type":"ListItem","position":3,"name":"Vigo Vertical Garden 50&#215;100"}]},{"@type":"WebSite","@id":"https:\/\/www.jardinartificial.es\/en\/#website","url":"https:\/\/www.jardinartificial.es\/en\/","name":"Jard\u00edn Artificial - Venta de C\u00e9sped Artficial","description":"C\u00e9sped Artificial barato al corte","publisher":{"@id":"https:\/\/www.jardinartificial.es\/en\/#organization"},"potentialAction":[{"@type":"SearchAction","target":{"@type":"EntryPoint","urlTemplate":"https:\/\/www.jardinartificial.es\/en\/?s={search_term_string}"},"query-input":{"@type":"PropertyValueSpecification","valueRequired":true,"valueName":"search_term_string"}}],"inLanguage":"en-US"},{"@type":"Organization","@id":"https:\/\/www.jardinartificial.es\/en\/#organization","name":"Jard\u00edn Artificial","url":"https:\/\/www.jardinartificial.es\/en\/","logo":{"@type":"ImageObject","inLanguage":"en-US","@id":"https:\/\/www.jardinartificial.es\/en\/#\/schema\/logo\/image\/","url":"https:\/\/www.jardinartificial.es\/wp-content\/uploads\/2023\/03\/logotipo.svg","contentUrl":"https:\/\/www.jardinartificial.es\/wp-content\/uploads\/2023\/03\/logotipo.svg","width":187,"height":53,"caption":"Jard\u00edn Artificial"},"image":{"@id":"https:\/\/www.jardinartificial.es\/en\/#\/schema\/logo\/image\/"}}]}},"_links":{"self":[{"href":"https:\/\/www.jardinartificial.es\/en\/wp-json\/wp\/v2\/product\/97443","targetHints":{"allow":["GET"]}}],"collection":[{"href":"https:\/\/www.jardinartificial.es\/en\/wp-json\/wp\/v2\/product"}],"about":[{"href":"https:\/\/www.jardinartificial.es\/en\/wp-json\/wp\/v2\/types\/product"}],"replies":[{"embeddable":true,"href":"https:\/\/www.jardinartificial.es\/en\/wp-json\/wp\/v2\/comments?post=97443"}],"wp:featuredmedia":[{"embeddable":true,"href":"https:\/\/www.jardinartificial.es\/en\/wp-json\/wp\/v2\/media\/97452"}],"wp:attachment":[{"href":"https:\/\/www.jardinartificial.es\/en\/wp-json\/wp\/v2\/media?parent=97443"}],"wp:term":[{"taxonomy":"product_brand","embeddable":true,"href":"https:\/\/www.jardinartificial.es\/en\/wp-json\/wp\/v2\/product_brand?post=97443"},{"taxonomy":"product_cat","embeddable":true,"href":"https:\/\/www.jardinartificial.es\/en\/wp-json\/wp\/v2\/product_cat?post=97443"},{"taxonomy":"product_tag","embeddable":true,"href":"https:\/\/www.jardinartificial.es\/en\/wp-json\/wp\/v2\/product_tag?post=97443"}],"curies":[{"name":"wp","href":"https:\/\/api.w.org\/{rel}","templated":true}]}}