{"id":97179,"date":"2024-02-12T15:24:44","date_gmt":"2024-02-12T14:24:44","guid":{"rendered":"https:\/\/www.jardinartificial.es\/comprar\/uncategorized\/artificial-grass-light-blue-25mm\/"},"modified":"2026-03-18T09:04:22","modified_gmt":"2026-03-18T08:04:22","slug":"artificial-grass-light-blue-25mm","status":"publish","type":"product","link":"https:\/\/www.jardinartificial.es\/en\/comprar\/artificial-turf\/colors\/artificial-grass-light-blue-25mm\/","title":{"rendered":"Sky Blue Artificial Turf 25mm"},"content":{"rendered":"","protected":false},"excerpt":{"rendered":"<p><strong>Rainbow Sky Blue 25mm Artificial Turf Model<\/strong><\/p>\n<p>Artificial turf in different colors: yellow, blue, light blue, maroon, red, pink, purple, black, anthracite gray, and brownish gray. Perfect for decoration in playgrounds, schools, offices, businesses, etc. <\/p>\n<ul>\n<li>Recommended as a decorative element in playgrounds.<\/li>\n<\/ul>\n<ul>\n<li>Complete roll of 50m\u00b2, distributed in 25 meters long and 2 meters wide without cuts.<\/li>\n<\/ul>\n","protected":false},"featured_media":97187,"comment_status":"open","ping_status":"closed","template":"","meta":{"_acf_changed":false},"product_brand":[],"product_cat":[905,909,911],"product_tag":[981],"class_list":{"0":"post-97179","1":"product","2":"type-product","3":"status-publish","4":"has-post-thumbnail","6":"product_cat-artificial-turf","7":"product_cat-colors","8":"product_cat-decorative","9":"product_tag-en","10":"product_shipping_class-standard","11":"sales-flash-overlay","12":"woocommerce-text-align-center","13":"woocommerce-image-align-center","14":"do-quantity-buttons","15":"wc-has-gallery","17":"first","18":"instock","19":"taxable","20":"shipping-taxable","21":"purchasable","22":"product-type-variable"},"acf":[],"gallery_images":[70888],"yoast_head":"<!-- This site is optimized with the Yoast SEO Premium plugin v27.1 (Yoast SEO v27.2) - https:\/\/yoast.com\/product\/yoast-seo-premium-wordpress\/ -->\n<title>Sky Blue Artificial Turf 25 Mm | Jardin Artificial<\/title>\n<meta name=\"description\" content=\"Cheap sky blue Artificial Turf. 25-millimeter thick turf sold by the cut. We have the best Artificial Turf prices!\" \/>\n<meta name=\"robots\" content=\"index, follow, max-snippet:-1, max-image-preview:large, max-video-preview:-1\" \/>\n<link rel=\"canonical\" href=\"https:\/\/www.jardinartificial.es\/en\/comprar\/artificial-turf\/colors\/artificial-grass-light-blue-25mm\/\" \/>\n<meta property=\"og:locale\" content=\"en_US\" \/>\n<meta property=\"og:type\" content=\"article\" \/>\n<meta property=\"og:title\" content=\"Sky Blue Artificial Turf 25mm\" \/>\n<meta property=\"og:description\" content=\"Cheap sky blue Artificial Turf. 25-millimeter thick turf sold by the cut. We have the best Artificial Turf prices!\" \/>\n<meta property=\"og:url\" content=\"https:\/\/www.jardinartificial.es\/en\/comprar\/artificial-turf\/colors\/artificial-grass-light-blue-25mm\/\" \/>\n<meta property=\"og:site_name\" content=\"Jardin Artificial\" \/>\n<meta property=\"article:modified_time\" content=\"2026-03-18T08:04:22+00:00\" \/>\n<meta property=\"og:image\" content=\"https:\/\/www.jardinartificial.es\/wp-content\/uploads\/2024\/02\/RAINBOW-CELESTE2-1024x1024.jpg\" \/>\n\t<meta property=\"og:image:width\" content=\"1024\" \/>\n\t<meta property=\"og:image:height\" content=\"1024\" \/>\n\t<meta property=\"og:image:type\" content=\"image\/jpeg\" \/>\n<meta name=\"twitter:card\" content=\"summary_large_image\" \/>\n<script type=\"application\/ld+json\" class=\"yoast-schema-graph\">{\"@context\":\"https:\/\/schema.org\",\"@graph\":[{\"@type\":\"WebPage\",\"@id\":\"https:\/\/www.jardinartificial.es\/en\/comprar\/artificial-turf\/colors\/artificial-grass-light-blue-25mm\/\",\"url\":\"https:\/\/www.jardinartificial.es\/en\/comprar\/artificial-turf\/colors\/artificial-grass-light-blue-25mm\/\",\"name\":\"Sky Blue Artificial Turf 25 Mm | Jardin Artificial\",\"isPartOf\":{\"@id\":\"https:\/\/www.jardinartificial.es\/en\/#website\"},\"primaryImageOfPage\":{\"@id\":\"https:\/\/www.jardinartificial.es\/en\/comprar\/artificial-turf\/colors\/artificial-grass-light-blue-25mm\/#primaryimage\"},\"image\":{\"@id\":\"https:\/\/www.jardinartificial.es\/en\/comprar\/artificial-turf\/colors\/artificial-grass-light-blue-25mm\/#primaryimage\"},\"thumbnailUrl\":\"https:\/\/www.jardinartificial.es\/wp-content\/uploads\/2024\/02\/RAINBOW-CELESTE2.jpg\",\"datePublished\":\"2024-02-12T14:24:44+00:00\",\"dateModified\":\"2026-03-18T08:04:22+00:00\",\"description\":\"Cheap sky blue Artificial Turf. 25-millimeter thick turf sold by the cut. We have the best Artificial Turf prices!\",\"breadcrumb\":{\"@id\":\"https:\/\/www.jardinartificial.es\/en\/comprar\/artificial-turf\/colors\/artificial-grass-light-blue-25mm\/#breadcrumb\"},\"inLanguage\":\"en-US\",\"potentialAction\":[{\"@type\":\"ReadAction\",\"target\":[\"https:\/\/www.jardinartificial.es\/en\/comprar\/artificial-turf\/colors\/artificial-grass-light-blue-25mm\/\"]}]},{\"@type\":\"ImageObject\",\"inLanguage\":\"en-US\",\"@id\":\"https:\/\/www.jardinartificial.es\/en\/comprar\/artificial-turf\/colors\/artificial-grass-light-blue-25mm\/#primaryimage\",\"url\":\"https:\/\/www.jardinartificial.es\/wp-content\/uploads\/2024\/02\/RAINBOW-CELESTE2.jpg\",\"contentUrl\":\"https:\/\/www.jardinartificial.es\/wp-content\/uploads\/2024\/02\/RAINBOW-CELESTE2.jpg\",\"width\":1920,\"height\":1920,\"caption\":\"Sky Blue Artificial Turf\"},{\"@type\":\"BreadcrumbList\",\"@id\":\"https:\/\/www.jardinartificial.es\/en\/comprar\/artificial-turf\/colors\/artificial-grass-light-blue-25mm\/#breadcrumb\",\"itemListElement\":[{\"@type\":\"ListItem\",\"position\":1,\"name\":\"Portada\",\"item\":\"https:\/\/www.jardinartificial.es\/en\/\"},{\"@type\":\"ListItem\",\"position\":2,\"name\":\"All products\",\"item\":\"https:\/\/www.jardinartificial.es\/en\/all-products\/\"},{\"@type\":\"ListItem\",\"position\":3,\"name\":\"Sky Blue Artificial Turf 25mm\"}]},{\"@type\":\"WebSite\",\"@id\":\"https:\/\/www.jardinartificial.es\/en\/#website\",\"url\":\"https:\/\/www.jardinartificial.es\/en\/\",\"name\":\"Jard\u00edn Artificial - Venta de C\u00e9sped Artficial\",\"description\":\"C\u00e9sped Artificial barato al corte\",\"publisher\":{\"@id\":\"https:\/\/www.jardinartificial.es\/en\/#organization\"},\"potentialAction\":[{\"@type\":\"SearchAction\",\"target\":{\"@type\":\"EntryPoint\",\"urlTemplate\":\"https:\/\/www.jardinartificial.es\/en\/?s={search_term_string}\"},\"query-input\":{\"@type\":\"PropertyValueSpecification\",\"valueRequired\":true,\"valueName\":\"search_term_string\"}}],\"inLanguage\":\"en-US\"},{\"@type\":\"Organization\",\"@id\":\"https:\/\/www.jardinartificial.es\/en\/#organization\",\"name\":\"Jard\u00edn Artificial\",\"url\":\"https:\/\/www.jardinartificial.es\/en\/\",\"logo\":{\"@type\":\"ImageObject\",\"inLanguage\":\"en-US\",\"@id\":\"https:\/\/www.jardinartificial.es\/en\/#\/schema\/logo\/image\/\",\"url\":\"https:\/\/www.jardinartificial.es\/wp-content\/uploads\/2023\/03\/logotipo.svg\",\"contentUrl\":\"https:\/\/www.jardinartificial.es\/wp-content\/uploads\/2023\/03\/logotipo.svg\",\"width\":187,\"height\":53,\"caption\":\"Jard\u00edn Artificial\"},\"image\":{\"@id\":\"https:\/\/www.jardinartificial.es\/en\/#\/schema\/logo\/image\/\"}}]}<\/script>\n<!-- \/ Yoast SEO Premium plugin. -->","yoast_head_json":{"title":"Sky Blue Artificial Turf 25 Mm | Jardin Artificial","description":"Cheap sky blue Artificial Turf. 25-millimeter thick turf sold by the cut. We have the best Artificial Turf prices!","robots":{"index":"index","follow":"follow","max-snippet":"max-snippet:-1","max-image-preview":"max-image-preview:large","max-video-preview":"max-video-preview:-1"},"canonical":"https:\/\/www.jardinartificial.es\/en\/comprar\/artificial-turf\/colors\/artificial-grass-light-blue-25mm\/","og_locale":"en_US","og_type":"article","og_title":"Sky Blue Artificial Turf 25mm","og_description":"Cheap sky blue Artificial Turf. 25-millimeter thick turf sold by the cut. We have the best Artificial Turf prices!","og_url":"https:\/\/www.jardinartificial.es\/en\/comprar\/artificial-turf\/colors\/artificial-grass-light-blue-25mm\/","og_site_name":"Jardin Artificial","article_modified_time":"2026-03-18T08:04:22+00:00","og_image":[{"width":1024,"height":1024,"url":"https:\/\/www.jardinartificial.es\/wp-content\/uploads\/2024\/02\/RAINBOW-CELESTE2-1024x1024.jpg","type":"image\/jpeg"}],"twitter_card":"summary_large_image","schema":{"@context":"https:\/\/schema.org","@graph":[{"@type":"WebPage","@id":"https:\/\/www.jardinartificial.es\/en\/comprar\/artificial-turf\/colors\/artificial-grass-light-blue-25mm\/","url":"https:\/\/www.jardinartificial.es\/en\/comprar\/artificial-turf\/colors\/artificial-grass-light-blue-25mm\/","name":"Sky Blue Artificial Turf 25 Mm | Jardin Artificial","isPartOf":{"@id":"https:\/\/www.jardinartificial.es\/en\/#website"},"primaryImageOfPage":{"@id":"https:\/\/www.jardinartificial.es\/en\/comprar\/artificial-turf\/colors\/artificial-grass-light-blue-25mm\/#primaryimage"},"image":{"@id":"https:\/\/www.jardinartificial.es\/en\/comprar\/artificial-turf\/colors\/artificial-grass-light-blue-25mm\/#primaryimage"},"thumbnailUrl":"https:\/\/www.jardinartificial.es\/wp-content\/uploads\/2024\/02\/RAINBOW-CELESTE2.jpg","datePublished":"2024-02-12T14:24:44+00:00","dateModified":"2026-03-18T08:04:22+00:00","description":"Cheap sky blue Artificial Turf. 25-millimeter thick turf sold by the cut. We have the best Artificial Turf prices!","breadcrumb":{"@id":"https:\/\/www.jardinartificial.es\/en\/comprar\/artificial-turf\/colors\/artificial-grass-light-blue-25mm\/#breadcrumb"},"inLanguage":"en-US","potentialAction":[{"@type":"ReadAction","target":["https:\/\/www.jardinartificial.es\/en\/comprar\/artificial-turf\/colors\/artificial-grass-light-blue-25mm\/"]}]},{"@type":"ImageObject","inLanguage":"en-US","@id":"https:\/\/www.jardinartificial.es\/en\/comprar\/artificial-turf\/colors\/artificial-grass-light-blue-25mm\/#primaryimage","url":"https:\/\/www.jardinartificial.es\/wp-content\/uploads\/2024\/02\/RAINBOW-CELESTE2.jpg","contentUrl":"https:\/\/www.jardinartificial.es\/wp-content\/uploads\/2024\/02\/RAINBOW-CELESTE2.jpg","width":1920,"height":1920,"caption":"Sky Blue Artificial Turf"},{"@type":"BreadcrumbList","@id":"https:\/\/www.jardinartificial.es\/en\/comprar\/artificial-turf\/colors\/artificial-grass-light-blue-25mm\/#breadcrumb","itemListElement":[{"@type":"ListItem","position":1,"name":"Portada","item":"https:\/\/www.jardinartificial.es\/en\/"},{"@type":"ListItem","position":2,"name":"All products","item":"https:\/\/www.jardinartificial.es\/en\/all-products\/"},{"@type":"ListItem","position":3,"name":"Sky Blue Artificial Turf 25mm"}]},{"@type":"WebSite","@id":"https:\/\/www.jardinartificial.es\/en\/#website","url":"https:\/\/www.jardinartificial.es\/en\/","name":"Jard\u00edn Artificial - Venta de C\u00e9sped Artficial","description":"C\u00e9sped Artificial barato al corte","publisher":{"@id":"https:\/\/www.jardinartificial.es\/en\/#organization"},"potentialAction":[{"@type":"SearchAction","target":{"@type":"EntryPoint","urlTemplate":"https:\/\/www.jardinartificial.es\/en\/?s={search_term_string}"},"query-input":{"@type":"PropertyValueSpecification","valueRequired":true,"valueName":"search_term_string"}}],"inLanguage":"en-US"},{"@type":"Organization","@id":"https:\/\/www.jardinartificial.es\/en\/#organization","name":"Jard\u00edn Artificial","url":"https:\/\/www.jardinartificial.es\/en\/","logo":{"@type":"ImageObject","inLanguage":"en-US","@id":"https:\/\/www.jardinartificial.es\/en\/#\/schema\/logo\/image\/","url":"https:\/\/www.jardinartificial.es\/wp-content\/uploads\/2023\/03\/logotipo.svg","contentUrl":"https:\/\/www.jardinartificial.es\/wp-content\/uploads\/2023\/03\/logotipo.svg","width":187,"height":53,"caption":"Jard\u00edn Artificial"},"image":{"@id":"https:\/\/www.jardinartificial.es\/en\/#\/schema\/logo\/image\/"}}]}},"_links":{"self":[{"href":"https:\/\/www.jardinartificial.es\/en\/wp-json\/wp\/v2\/product\/97179","targetHints":{"allow":["GET"]}}],"collection":[{"href":"https:\/\/www.jardinartificial.es\/en\/wp-json\/wp\/v2\/product"}],"about":[{"href":"https:\/\/www.jardinartificial.es\/en\/wp-json\/wp\/v2\/types\/product"}],"replies":[{"embeddable":true,"href":"https:\/\/www.jardinartificial.es\/en\/wp-json\/wp\/v2\/comments?post=97179"}],"wp:featuredmedia":[{"embeddable":true,"href":"https:\/\/www.jardinartificial.es\/en\/wp-json\/wp\/v2\/media\/97187"}],"wp:attachment":[{"href":"https:\/\/www.jardinartificial.es\/en\/wp-json\/wp\/v2\/media?parent=97179"}],"wp:term":[{"taxonomy":"product_brand","embeddable":true,"href":"https:\/\/www.jardinartificial.es\/en\/wp-json\/wp\/v2\/product_brand?post=97179"},{"taxonomy":"product_cat","embeddable":true,"href":"https:\/\/www.jardinartificial.es\/en\/wp-json\/wp\/v2\/product_cat?post=97179"},{"taxonomy":"product_tag","embeddable":true,"href":"https:\/\/www.jardinartificial.es\/en\/wp-json\/wp\/v2\/product_tag?post=97179"}],"curies":[{"name":"wp","href":"https:\/\/api.w.org\/{rel}","templated":true}]}}