{"id":97142,"date":"2023-09-11T16:30:27","date_gmt":"2023-09-11T14:30:27","guid":{"rendered":"https:\/\/www.jardinartificial.es\/comprar\/uncategorized\/sanitizer-clean-static-05-l\/"},"modified":"2026-03-18T09:02:47","modified_gmt":"2026-03-18T08:02:47","slug":"sanitizer-clean-static-05-l","status":"publish","type":"product","link":"https:\/\/www.jardinartificial.es\/en\/comprar\/accessories\/sanitizer-clean-static-05-l\/","title":{"rendered":"Clean &amp; Static Sanitizer 0.5 L"},"content":{"rendered":"","protected":false},"excerpt":{"rendered":"<p><strong>Clean &amp; Static Sanitizer 0.5 L<\/strong><\/p>\n<p>Antistatic sanitizing cleaner for artificial turf.<\/p>\n<p>Clean &amp; Static C\u00e9sped is a highly effective, perfumed sanitizing cleaner developed to clean, sanitize, aromatize, and eliminate static electricity in a single step. Its balanced composition, based on synergistic mixtures of non-ionic and cationic surfactants, antistatic agents, selected fragrances, and adjuvants, allows for the elimination of all types of accumulated dirt without the need for scrubbing in a single application, while dissipating and dispersing electrostatic charges accumulated on this type of surface, keeping your lawn free of discharges for an extended period, as they last up to 20 days after treatment.<br \/>\nClean &amp; Static C\u00e9sped features carefully selected fragrances of natural origin in its formulation, so after use, it provides a pleasant aroma of freshly cut grass, giving the application surface an extra similarity to natural grass. In addition, the additives used nourish and soften the fibers, providing extra comfort and naturalness. <\/p>\n","protected":false},"featured_media":97143,"comment_status":"open","ping_status":"closed","template":"","meta":{"_acf_changed":false},"product_brand":[],"product_cat":[889],"product_tag":[981],"class_list":{"0":"post-97142","1":"product","2":"type-product","3":"status-publish","4":"has-post-thumbnail","6":"product_cat-accessories","7":"product_tag-en","8":"product_shipping_class-standard","9":"sales-flash-overlay","10":"woocommerce-text-align-center","11":"woocommerce-image-align-center","12":"do-quantity-buttons","14":"first","15":"instock","16":"sale","17":"taxable","18":"shipping-taxable","19":"purchasable","20":"product-type-simple"},"acf":[],"gallery_images":[],"yoast_head":"<!-- This site is optimized with the Yoast SEO Premium plugin v27.1 (Yoast SEO v27.2) - https:\/\/yoast.com\/product\/yoast-seo-premium-wordpress\/ -->\n<title>Clean &amp; Static Sanitizer 0.5 L | Jardin Artificial<\/title>\n<meta name=\"robots\" content=\"index, follow, max-snippet:-1, max-image-preview:large, max-video-preview:-1\" \/>\n<link rel=\"canonical\" href=\"https:\/\/www.jardinartificial.es\/en\/comprar\/accessories\/sanitizer-clean-static-05-l\/\" \/>\n<meta property=\"og:locale\" content=\"en_US\" \/>\n<meta property=\"og:type\" content=\"article\" \/>\n<meta property=\"og:title\" content=\"Clean &amp; Static Sanitizer 0.5 L\" \/>\n<meta property=\"og:description\" content=\"Clean &amp; Static Sanitizer 0.5 L Antistatic sanitizing cleaner for artificial turf. Clean &amp; Static C\u00e9sped is a highly effective, perfumed sanitizing cleaner developed to clean, sanitize, aromatize, and eliminate static electricity in a single step. Its balanced composition, based on synergistic mixtures of non-ionic and cationic surfactants, antistatic agents, selected fragrances, and adjuvants, allows for the elimination of all types of accumulated dirt without the need for scrubbing in a single application, while dissipating and dispersing electrostatic charges accumulated on this type of surface, keeping your lawn free of discharges for an extended period, as they last up to 20 days after treatment. Clean &amp; Static C\u00e9sped features carefully selected fragrances of natural origin in its formulation, so after use, it provides a pleasant aroma of freshly cut grass, giving the application surface an extra similarity to natural grass. In addition, the additives used nourish and soften the fibers, providing extra comfort and naturalness.\" \/>\n<meta property=\"og:url\" content=\"https:\/\/www.jardinartificial.es\/en\/comprar\/accessories\/sanitizer-clean-static-05-l\/\" \/>\n<meta property=\"og:site_name\" content=\"Jardin Artificial\" \/>\n<meta property=\"article:modified_time\" content=\"2026-03-18T08:02:47+00:00\" \/>\n<meta property=\"og:image\" content=\"https:\/\/www.jardinartificial.es\/wp-content\/uploads\/2023\/09\/LIMPIADOR_05L.jpg\" \/>\n\t<meta property=\"og:image:width\" content=\"1920\" \/>\n\t<meta property=\"og:image:height\" content=\"1920\" \/>\n\t<meta property=\"og:image:type\" content=\"image\/jpeg\" \/>\n<meta name=\"twitter:card\" content=\"summary_large_image\" \/>\n<script type=\"application\/ld+json\" class=\"yoast-schema-graph\">{\"@context\":\"https:\/\/schema.org\",\"@graph\":[{\"@type\":\"WebPage\",\"@id\":\"https:\/\/www.jardinartificial.es\/en\/comprar\/accessories\/sanitizer-clean-static-05-l\/\",\"url\":\"https:\/\/www.jardinartificial.es\/en\/comprar\/accessories\/sanitizer-clean-static-05-l\/\",\"name\":\"Clean &amp; Static Sanitizer 0.5 L | Jardin Artificial\",\"isPartOf\":{\"@id\":\"https:\/\/www.jardinartificial.es\/en\/#website\"},\"primaryImageOfPage\":{\"@id\":\"https:\/\/www.jardinartificial.es\/en\/comprar\/accessories\/sanitizer-clean-static-05-l\/#primaryimage\"},\"image\":{\"@id\":\"https:\/\/www.jardinartificial.es\/en\/comprar\/accessories\/sanitizer-clean-static-05-l\/#primaryimage\"},\"thumbnailUrl\":\"https:\/\/www.jardinartificial.es\/wp-content\/uploads\/2023\/09\/LIMPIADOR_05L.jpg\",\"datePublished\":\"2023-09-11T14:30:27+00:00\",\"dateModified\":\"2026-03-18T08:02:47+00:00\",\"breadcrumb\":{\"@id\":\"https:\/\/www.jardinartificial.es\/en\/comprar\/accessories\/sanitizer-clean-static-05-l\/#breadcrumb\"},\"inLanguage\":\"en-US\",\"potentialAction\":[{\"@type\":\"ReadAction\",\"target\":[\"https:\/\/www.jardinartificial.es\/en\/comprar\/accessories\/sanitizer-clean-static-05-l\/\"]}]},{\"@type\":\"ImageObject\",\"inLanguage\":\"en-US\",\"@id\":\"https:\/\/www.jardinartificial.es\/en\/comprar\/accessories\/sanitizer-clean-static-05-l\/#primaryimage\",\"url\":\"https:\/\/www.jardinartificial.es\/wp-content\/uploads\/2023\/09\/LIMPIADOR_05L.jpg\",\"contentUrl\":\"https:\/\/www.jardinartificial.es\/wp-content\/uploads\/2023\/09\/LIMPIADOR_05L.jpg\",\"width\":1920,\"height\":1920,\"caption\":\"artificial turf cleaner\"},{\"@type\":\"BreadcrumbList\",\"@id\":\"https:\/\/www.jardinartificial.es\/en\/comprar\/accessories\/sanitizer-clean-static-05-l\/#breadcrumb\",\"itemListElement\":[{\"@type\":\"ListItem\",\"position\":1,\"name\":\"Portada\",\"item\":\"https:\/\/www.jardinartificial.es\/en\/\"},{\"@type\":\"ListItem\",\"position\":2,\"name\":\"All products\",\"item\":\"https:\/\/www.jardinartificial.es\/en\/all-products\/\"},{\"@type\":\"ListItem\",\"position\":3,\"name\":\"Clean &amp; Static Sanitizer 0.5 L\"}]},{\"@type\":\"WebSite\",\"@id\":\"https:\/\/www.jardinartificial.es\/en\/#website\",\"url\":\"https:\/\/www.jardinartificial.es\/en\/\",\"name\":\"Jard\u00edn Artificial - Venta de C\u00e9sped Artficial\",\"description\":\"C\u00e9sped Artificial barato al corte\",\"publisher\":{\"@id\":\"https:\/\/www.jardinartificial.es\/en\/#organization\"},\"potentialAction\":[{\"@type\":\"SearchAction\",\"target\":{\"@type\":\"EntryPoint\",\"urlTemplate\":\"https:\/\/www.jardinartificial.es\/en\/?s={search_term_string}\"},\"query-input\":{\"@type\":\"PropertyValueSpecification\",\"valueRequired\":true,\"valueName\":\"search_term_string\"}}],\"inLanguage\":\"en-US\"},{\"@type\":\"Organization\",\"@id\":\"https:\/\/www.jardinartificial.es\/en\/#organization\",\"name\":\"Jard\u00edn Artificial\",\"url\":\"https:\/\/www.jardinartificial.es\/en\/\",\"logo\":{\"@type\":\"ImageObject\",\"inLanguage\":\"en-US\",\"@id\":\"https:\/\/www.jardinartificial.es\/en\/#\/schema\/logo\/image\/\",\"url\":\"https:\/\/www.jardinartificial.es\/wp-content\/uploads\/2023\/03\/logotipo.svg\",\"contentUrl\":\"https:\/\/www.jardinartificial.es\/wp-content\/uploads\/2023\/03\/logotipo.svg\",\"width\":187,\"height\":53,\"caption\":\"Jard\u00edn Artificial\"},\"image\":{\"@id\":\"https:\/\/www.jardinartificial.es\/en\/#\/schema\/logo\/image\/\"}}]}<\/script>\n<!-- \/ Yoast SEO Premium plugin. -->","yoast_head_json":{"title":"Clean &amp; Static Sanitizer 0.5 L | Jardin Artificial","robots":{"index":"index","follow":"follow","max-snippet":"max-snippet:-1","max-image-preview":"max-image-preview:large","max-video-preview":"max-video-preview:-1"},"canonical":"https:\/\/www.jardinartificial.es\/en\/comprar\/accessories\/sanitizer-clean-static-05-l\/","og_locale":"en_US","og_type":"article","og_title":"Clean &amp; Static Sanitizer 0.5 L","og_description":"Clean &amp; Static Sanitizer 0.5 L Antistatic sanitizing cleaner for artificial turf. Clean &amp; Static C\u00e9sped is a highly effective, perfumed sanitizing cleaner developed to clean, sanitize, aromatize, and eliminate static electricity in a single step. Its balanced composition, based on synergistic mixtures of non-ionic and cationic surfactants, antistatic agents, selected fragrances, and adjuvants, allows for the elimination of all types of accumulated dirt without the need for scrubbing in a single application, while dissipating and dispersing electrostatic charges accumulated on this type of surface, keeping your lawn free of discharges for an extended period, as they last up to 20 days after treatment. Clean &amp; Static C\u00e9sped features carefully selected fragrances of natural origin in its formulation, so after use, it provides a pleasant aroma of freshly cut grass, giving the application surface an extra similarity to natural grass. In addition, the additives used nourish and soften the fibers, providing extra comfort and naturalness.","og_url":"https:\/\/www.jardinartificial.es\/en\/comprar\/accessories\/sanitizer-clean-static-05-l\/","og_site_name":"Jardin Artificial","article_modified_time":"2026-03-18T08:02:47+00:00","og_image":[{"width":1920,"height":1920,"url":"https:\/\/www.jardinartificial.es\/wp-content\/uploads\/2023\/09\/LIMPIADOR_05L.jpg","type":"image\/jpeg"}],"twitter_card":"summary_large_image","schema":{"@context":"https:\/\/schema.org","@graph":[{"@type":"WebPage","@id":"https:\/\/www.jardinartificial.es\/en\/comprar\/accessories\/sanitizer-clean-static-05-l\/","url":"https:\/\/www.jardinartificial.es\/en\/comprar\/accessories\/sanitizer-clean-static-05-l\/","name":"Clean &amp; Static Sanitizer 0.5 L | Jardin Artificial","isPartOf":{"@id":"https:\/\/www.jardinartificial.es\/en\/#website"},"primaryImageOfPage":{"@id":"https:\/\/www.jardinartificial.es\/en\/comprar\/accessories\/sanitizer-clean-static-05-l\/#primaryimage"},"image":{"@id":"https:\/\/www.jardinartificial.es\/en\/comprar\/accessories\/sanitizer-clean-static-05-l\/#primaryimage"},"thumbnailUrl":"https:\/\/www.jardinartificial.es\/wp-content\/uploads\/2023\/09\/LIMPIADOR_05L.jpg","datePublished":"2023-09-11T14:30:27+00:00","dateModified":"2026-03-18T08:02:47+00:00","breadcrumb":{"@id":"https:\/\/www.jardinartificial.es\/en\/comprar\/accessories\/sanitizer-clean-static-05-l\/#breadcrumb"},"inLanguage":"en-US","potentialAction":[{"@type":"ReadAction","target":["https:\/\/www.jardinartificial.es\/en\/comprar\/accessories\/sanitizer-clean-static-05-l\/"]}]},{"@type":"ImageObject","inLanguage":"en-US","@id":"https:\/\/www.jardinartificial.es\/en\/comprar\/accessories\/sanitizer-clean-static-05-l\/#primaryimage","url":"https:\/\/www.jardinartificial.es\/wp-content\/uploads\/2023\/09\/LIMPIADOR_05L.jpg","contentUrl":"https:\/\/www.jardinartificial.es\/wp-content\/uploads\/2023\/09\/LIMPIADOR_05L.jpg","width":1920,"height":1920,"caption":"artificial turf cleaner"},{"@type":"BreadcrumbList","@id":"https:\/\/www.jardinartificial.es\/en\/comprar\/accessories\/sanitizer-clean-static-05-l\/#breadcrumb","itemListElement":[{"@type":"ListItem","position":1,"name":"Portada","item":"https:\/\/www.jardinartificial.es\/en\/"},{"@type":"ListItem","position":2,"name":"All products","item":"https:\/\/www.jardinartificial.es\/en\/all-products\/"},{"@type":"ListItem","position":3,"name":"Clean &amp; Static Sanitizer 0.5 L"}]},{"@type":"WebSite","@id":"https:\/\/www.jardinartificial.es\/en\/#website","url":"https:\/\/www.jardinartificial.es\/en\/","name":"Jard\u00edn Artificial - Venta de C\u00e9sped Artficial","description":"C\u00e9sped Artificial barato al corte","publisher":{"@id":"https:\/\/www.jardinartificial.es\/en\/#organization"},"potentialAction":[{"@type":"SearchAction","target":{"@type":"EntryPoint","urlTemplate":"https:\/\/www.jardinartificial.es\/en\/?s={search_term_string}"},"query-input":{"@type":"PropertyValueSpecification","valueRequired":true,"valueName":"search_term_string"}}],"inLanguage":"en-US"},{"@type":"Organization","@id":"https:\/\/www.jardinartificial.es\/en\/#organization","name":"Jard\u00edn Artificial","url":"https:\/\/www.jardinartificial.es\/en\/","logo":{"@type":"ImageObject","inLanguage":"en-US","@id":"https:\/\/www.jardinartificial.es\/en\/#\/schema\/logo\/image\/","url":"https:\/\/www.jardinartificial.es\/wp-content\/uploads\/2023\/03\/logotipo.svg","contentUrl":"https:\/\/www.jardinartificial.es\/wp-content\/uploads\/2023\/03\/logotipo.svg","width":187,"height":53,"caption":"Jard\u00edn Artificial"},"image":{"@id":"https:\/\/www.jardinartificial.es\/en\/#\/schema\/logo\/image\/"}}]}},"_links":{"self":[{"href":"https:\/\/www.jardinartificial.es\/en\/wp-json\/wp\/v2\/product\/97142","targetHints":{"allow":["GET"]}}],"collection":[{"href":"https:\/\/www.jardinartificial.es\/en\/wp-json\/wp\/v2\/product"}],"about":[{"href":"https:\/\/www.jardinartificial.es\/en\/wp-json\/wp\/v2\/types\/product"}],"replies":[{"embeddable":true,"href":"https:\/\/www.jardinartificial.es\/en\/wp-json\/wp\/v2\/comments?post=97142"}],"wp:featuredmedia":[{"embeddable":true,"href":"https:\/\/www.jardinartificial.es\/en\/wp-json\/wp\/v2\/media\/97143"}],"wp:attachment":[{"href":"https:\/\/www.jardinartificial.es\/en\/wp-json\/wp\/v2\/media?parent=97142"}],"wp:term":[{"taxonomy":"product_brand","embeddable":true,"href":"https:\/\/www.jardinartificial.es\/en\/wp-json\/wp\/v2\/product_brand?post=97142"},{"taxonomy":"product_cat","embeddable":true,"href":"https:\/\/www.jardinartificial.es\/en\/wp-json\/wp\/v2\/product_cat?post=97142"},{"taxonomy":"product_tag","embeddable":true,"href":"https:\/\/www.jardinartificial.es\/en\/wp-json\/wp\/v2\/product_tag?post=97142"}],"curies":[{"name":"wp","href":"https:\/\/api.w.org\/{rel}","templated":true}]}}