{"id":105684,"date":"2026-05-13T10:53:14","date_gmt":"2026-05-13T08:53:14","guid":{"rendered":"https:\/\/www.jardinartificial.es\/comprar\/uncategorized\/artificial-turf-sevilla-green-33mm\/"},"modified":"2026-05-13T11:14:49","modified_gmt":"2026-05-13T09:14:49","slug":"artificial-turf-sevilla-green-33mm","status":"publish","type":"product","link":"https:\/\/www.jardinartificial.es\/en\/comprar\/artificial-turf\/artificial-turf-sevilla-green-33mm\/","title":{"rendered":"Artificial Turf Sevilla Green 33mm"},"content":{"rendered":"","protected":false},"excerpt":{"rendered":"<div data-oe-version=\"1.2\">\n<div class=\"o-paragraph\"><strong>Sevilla Green 33 mm turf model<\/strong><\/div>\n<\/div>\n<div><\/div>\n<div data-oe-version=\"1.2\">New model of artificial turf ideal for installation as a decorative element on terraces, gardens, swimming pools, and also for pet use. It stands out for its softness, resistance, and its attractive appearance, achieved through the combination of colors in its fibers. <\/div>\n<div data-oe-version=\"1.2\"><\/div>\n<div data-oe-version=\"1.2\">\n<ul>\n<li>Wide range of uses as a decorative element on terraces, gardens, swimming pools, and pet areas.<\/li>\n<li>Complete roll of 50m\u00b2, distributed in 25 meters long and 2 meters wide without cuts.<\/li>\n<\/ul>\n<\/div>\n","protected":false},"featured_media":105699,"comment_status":"open","ping_status":"closed","template":"","meta":{"_acf_changed":false},"product_brand":[],"product_cat":[905],"product_tag":[],"class_list":{"0":"post-105684","1":"product","2":"type-product","3":"status-publish","4":"has-post-thumbnail","6":"product_cat-artificial-turf","7":"sales-flash-overlay","8":"woocommerce-text-align-center","9":"woocommerce-image-align-center","10":"do-quantity-buttons","11":"wc-has-gallery","13":"first","14":"instock","15":"sale","16":"taxable","17":"shipping-taxable","18":"purchasable","19":"product-type-variable"},"acf":[],"gallery_images":[105678,105677],"yoast_head":"<!-- This site is optimized with the Yoast SEO Premium plugin v27.6 (Yoast SEO v27.6) - https:\/\/yoast.com\/product\/yoast-seo-premium-wordpress\/ -->\n<title>Artificial Turf Sevilla Green 33mm | Jardin Artificial<\/title>\n<meta name=\"robots\" content=\"index, follow, max-snippet:-1, max-image-preview:large, max-video-preview:-1\" \/>\n<link rel=\"canonical\" href=\"https:\/\/www.jardinartificial.es\/en\/comprar\/artificial-turf\/artificial-turf-sevilla-green-33mm\/\" \/>\n<meta property=\"og:locale\" content=\"en_US\" \/>\n<meta property=\"og:type\" content=\"article\" \/>\n<meta property=\"og:title\" content=\"Artificial Turf Sevilla Green 33mm\" \/>\n<meta property=\"og:description\" content=\"Sevilla Green 33 mm turf model  New model of artificial turf ideal for installation as a decorative element on terraces, gardens, swimming pools, and also for pet use. It stands out for its softness, resistance, and its attractive appearance, achieved through the combination of colors in its fibers.    Wide range of uses as a decorative element on terraces, gardens, swimming pools, and pet areas.  Complete roll of 50m\u00b2, distributed in 25 meters long and 2 meters wide without cuts.\" \/>\n<meta property=\"og:url\" content=\"https:\/\/www.jardinartificial.es\/en\/comprar\/artificial-turf\/artificial-turf-sevilla-green-33mm\/\" \/>\n<meta property=\"og:site_name\" content=\"Jardin Artificial\" \/>\n<meta property=\"article:modified_time\" content=\"2026-05-13T09:14:49+00:00\" \/>\n<meta property=\"og:image\" content=\"https:\/\/www.jardinartificial.es\/wp-content\/uploads\/2026\/05\/Cesped-Artificial-Sevilla-Green-33mm-2.jpeg\" \/>\n\t<meta property=\"og:image:width\" content=\"1920\" \/>\n\t<meta property=\"og:image:height\" content=\"1920\" \/>\n\t<meta property=\"og:image:type\" content=\"image\/jpeg\" \/>\n<meta name=\"twitter:card\" content=\"summary_large_image\" \/>\n<script type=\"application\/ld+json\" class=\"yoast-schema-graph\">{\"@context\":\"https:\\\/\\\/schema.org\",\"@graph\":[{\"@type\":\"WebPage\",\"@id\":\"https:\\\/\\\/www.jardinartificial.es\\\/en\\\/comprar\\\/artificial-turf\\\/artificial-turf-sevilla-green-33mm\\\/\",\"url\":\"https:\\\/\\\/www.jardinartificial.es\\\/en\\\/comprar\\\/artificial-turf\\\/artificial-turf-sevilla-green-33mm\\\/\",\"name\":\"Artificial Turf Sevilla Green 33mm | Jardin Artificial\",\"isPartOf\":{\"@id\":\"https:\\\/\\\/www.jardinartificial.es\\\/en\\\/#website\"},\"primaryImageOfPage\":{\"@id\":\"https:\\\/\\\/www.jardinartificial.es\\\/en\\\/comprar\\\/artificial-turf\\\/artificial-turf-sevilla-green-33mm\\\/#primaryimage\"},\"image\":{\"@id\":\"https:\\\/\\\/www.jardinartificial.es\\\/en\\\/comprar\\\/artificial-turf\\\/artificial-turf-sevilla-green-33mm\\\/#primaryimage\"},\"thumbnailUrl\":\"https:\\\/\\\/www.jardinartificial.es\\\/wp-content\\\/uploads\\\/2026\\\/05\\\/Cesped-Artificial-Sevilla-Green-33mm-2.jpeg\",\"datePublished\":\"2026-05-13T08:53:14+00:00\",\"dateModified\":\"2026-05-13T09:14:49+00:00\",\"breadcrumb\":{\"@id\":\"https:\\\/\\\/www.jardinartificial.es\\\/en\\\/comprar\\\/artificial-turf\\\/artificial-turf-sevilla-green-33mm\\\/#breadcrumb\"},\"inLanguage\":\"en-US\",\"potentialAction\":[{\"@type\":\"ReadAction\",\"target\":[\"https:\\\/\\\/www.jardinartificial.es\\\/en\\\/comprar\\\/artificial-turf\\\/artificial-turf-sevilla-green-33mm\\\/\"]}]},{\"@type\":\"ImageObject\",\"inLanguage\":\"en-US\",\"@id\":\"https:\\\/\\\/www.jardinartificial.es\\\/en\\\/comprar\\\/artificial-turf\\\/artificial-turf-sevilla-green-33mm\\\/#primaryimage\",\"url\":\"https:\\\/\\\/www.jardinartificial.es\\\/wp-content\\\/uploads\\\/2026\\\/05\\\/Cesped-Artificial-Sevilla-Green-33mm-2.jpeg\",\"contentUrl\":\"https:\\\/\\\/www.jardinartificial.es\\\/wp-content\\\/uploads\\\/2026\\\/05\\\/Cesped-Artificial-Sevilla-Green-33mm-2.jpeg\",\"width\":1920,\"height\":1920,\"caption\":\"Artificial Turf Sevilla Green 33mm\"},{\"@type\":\"BreadcrumbList\",\"@id\":\"https:\\\/\\\/www.jardinartificial.es\\\/en\\\/comprar\\\/artificial-turf\\\/artificial-turf-sevilla-green-33mm\\\/#breadcrumb\",\"itemListElement\":[{\"@type\":\"ListItem\",\"position\":1,\"name\":\"Portada\",\"item\":\"https:\\\/\\\/www.jardinartificial.es\\\/en\\\/home\\\/\"},{\"@type\":\"ListItem\",\"position\":2,\"name\":\"All products\",\"item\":\"https:\\\/\\\/www.jardinartificial.es\\\/en\\\/all-products\\\/\"},{\"@type\":\"ListItem\",\"position\":3,\"name\":\"Artificial Turf Sevilla Green 33mm\"}]},{\"@type\":\"WebSite\",\"@id\":\"https:\\\/\\\/www.jardinartificial.es\\\/en\\\/#website\",\"url\":\"https:\\\/\\\/www.jardinartificial.es\\\/en\\\/\",\"name\":\"Jard\u00edn Artificial - Venta de C\u00e9sped Artficial\",\"description\":\"C\u00e9sped Artificial barato al corte\",\"publisher\":{\"@id\":\"https:\\\/\\\/www.jardinartificial.es\\\/en\\\/#organization\"},\"potentialAction\":[{\"@type\":\"SearchAction\",\"target\":{\"@type\":\"EntryPoint\",\"urlTemplate\":\"https:\\\/\\\/www.jardinartificial.es\\\/en\\\/?s={search_term_string}\"},\"query-input\":{\"@type\":\"PropertyValueSpecification\",\"valueRequired\":true,\"valueName\":\"search_term_string\"}}],\"inLanguage\":\"en-US\"},{\"@type\":\"Organization\",\"@id\":\"https:\\\/\\\/www.jardinartificial.es\\\/en\\\/#organization\",\"name\":\"Jard\u00edn Artificial\",\"url\":\"https:\\\/\\\/www.jardinartificial.es\\\/en\\\/\",\"logo\":{\"@type\":\"ImageObject\",\"inLanguage\":\"en-US\",\"@id\":\"https:\\\/\\\/www.jardinartificial.es\\\/en\\\/#\\\/schema\\\/logo\\\/image\\\/\",\"url\":\"https:\\\/\\\/www.jardinartificial.es\\\/wp-content\\\/uploads\\\/2023\\\/03\\\/logotipo.svg\",\"contentUrl\":\"https:\\\/\\\/www.jardinartificial.es\\\/wp-content\\\/uploads\\\/2023\\\/03\\\/logotipo.svg\",\"width\":187,\"height\":53,\"caption\":\"Jard\u00edn Artificial\"},\"image\":{\"@id\":\"https:\\\/\\\/www.jardinartificial.es\\\/en\\\/#\\\/schema\\\/logo\\\/image\\\/\"}}]}<\/script>\n<!-- \/ Yoast SEO Premium plugin. -->","yoast_head_json":{"title":"Artificial Turf Sevilla Green 33mm | Jardin Artificial","robots":{"index":"index","follow":"follow","max-snippet":"max-snippet:-1","max-image-preview":"max-image-preview:large","max-video-preview":"max-video-preview:-1"},"canonical":"https:\/\/www.jardinartificial.es\/en\/comprar\/artificial-turf\/artificial-turf-sevilla-green-33mm\/","og_locale":"en_US","og_type":"article","og_title":"Artificial Turf Sevilla Green 33mm","og_description":"Sevilla Green 33 mm turf model  New model of artificial turf ideal for installation as a decorative element on terraces, gardens, swimming pools, and also for pet use. It stands out for its softness, resistance, and its attractive appearance, achieved through the combination of colors in its fibers.    Wide range of uses as a decorative element on terraces, gardens, swimming pools, and pet areas.  Complete roll of 50m\u00b2, distributed in 25 meters long and 2 meters wide without cuts.","og_url":"https:\/\/www.jardinartificial.es\/en\/comprar\/artificial-turf\/artificial-turf-sevilla-green-33mm\/","og_site_name":"Jardin Artificial","article_modified_time":"2026-05-13T09:14:49+00:00","og_image":[{"width":1920,"height":1920,"url":"https:\/\/www.jardinartificial.es\/wp-content\/uploads\/2026\/05\/Cesped-Artificial-Sevilla-Green-33mm-2.jpeg","type":"image\/jpeg"}],"twitter_card":"summary_large_image","schema":{"@context":"https:\/\/schema.org","@graph":[{"@type":"WebPage","@id":"https:\/\/www.jardinartificial.es\/en\/comprar\/artificial-turf\/artificial-turf-sevilla-green-33mm\/","url":"https:\/\/www.jardinartificial.es\/en\/comprar\/artificial-turf\/artificial-turf-sevilla-green-33mm\/","name":"Artificial Turf Sevilla Green 33mm | Jardin Artificial","isPartOf":{"@id":"https:\/\/www.jardinartificial.es\/en\/#website"},"primaryImageOfPage":{"@id":"https:\/\/www.jardinartificial.es\/en\/comprar\/artificial-turf\/artificial-turf-sevilla-green-33mm\/#primaryimage"},"image":{"@id":"https:\/\/www.jardinartificial.es\/en\/comprar\/artificial-turf\/artificial-turf-sevilla-green-33mm\/#primaryimage"},"thumbnailUrl":"https:\/\/www.jardinartificial.es\/wp-content\/uploads\/2026\/05\/Cesped-Artificial-Sevilla-Green-33mm-2.jpeg","datePublished":"2026-05-13T08:53:14+00:00","dateModified":"2026-05-13T09:14:49+00:00","breadcrumb":{"@id":"https:\/\/www.jardinartificial.es\/en\/comprar\/artificial-turf\/artificial-turf-sevilla-green-33mm\/#breadcrumb"},"inLanguage":"en-US","potentialAction":[{"@type":"ReadAction","target":["https:\/\/www.jardinartificial.es\/en\/comprar\/artificial-turf\/artificial-turf-sevilla-green-33mm\/"]}]},{"@type":"ImageObject","inLanguage":"en-US","@id":"https:\/\/www.jardinartificial.es\/en\/comprar\/artificial-turf\/artificial-turf-sevilla-green-33mm\/#primaryimage","url":"https:\/\/www.jardinartificial.es\/wp-content\/uploads\/2026\/05\/Cesped-Artificial-Sevilla-Green-33mm-2.jpeg","contentUrl":"https:\/\/www.jardinartificial.es\/wp-content\/uploads\/2026\/05\/Cesped-Artificial-Sevilla-Green-33mm-2.jpeg","width":1920,"height":1920,"caption":"Artificial Turf Sevilla Green 33mm"},{"@type":"BreadcrumbList","@id":"https:\/\/www.jardinartificial.es\/en\/comprar\/artificial-turf\/artificial-turf-sevilla-green-33mm\/#breadcrumb","itemListElement":[{"@type":"ListItem","position":1,"name":"Portada","item":"https:\/\/www.jardinartificial.es\/en\/home\/"},{"@type":"ListItem","position":2,"name":"All products","item":"https:\/\/www.jardinartificial.es\/en\/all-products\/"},{"@type":"ListItem","position":3,"name":"Artificial Turf Sevilla Green 33mm"}]},{"@type":"WebSite","@id":"https:\/\/www.jardinartificial.es\/en\/#website","url":"https:\/\/www.jardinartificial.es\/en\/","name":"Jard\u00edn Artificial - Venta de C\u00e9sped Artficial","description":"C\u00e9sped Artificial barato al corte","publisher":{"@id":"https:\/\/www.jardinartificial.es\/en\/#organization"},"potentialAction":[{"@type":"SearchAction","target":{"@type":"EntryPoint","urlTemplate":"https:\/\/www.jardinartificial.es\/en\/?s={search_term_string}"},"query-input":{"@type":"PropertyValueSpecification","valueRequired":true,"valueName":"search_term_string"}}],"inLanguage":"en-US"},{"@type":"Organization","@id":"https:\/\/www.jardinartificial.es\/en\/#organization","name":"Jard\u00edn Artificial","url":"https:\/\/www.jardinartificial.es\/en\/","logo":{"@type":"ImageObject","inLanguage":"en-US","@id":"https:\/\/www.jardinartificial.es\/en\/#\/schema\/logo\/image\/","url":"https:\/\/www.jardinartificial.es\/wp-content\/uploads\/2023\/03\/logotipo.svg","contentUrl":"https:\/\/www.jardinartificial.es\/wp-content\/uploads\/2023\/03\/logotipo.svg","width":187,"height":53,"caption":"Jard\u00edn Artificial"},"image":{"@id":"https:\/\/www.jardinartificial.es\/en\/#\/schema\/logo\/image\/"}}]}},"_links":{"self":[{"href":"https:\/\/www.jardinartificial.es\/en\/wp-json\/wp\/v2\/product\/105684","targetHints":{"allow":["GET"]}}],"collection":[{"href":"https:\/\/www.jardinartificial.es\/en\/wp-json\/wp\/v2\/product"}],"about":[{"href":"https:\/\/www.jardinartificial.es\/en\/wp-json\/wp\/v2\/types\/product"}],"replies":[{"embeddable":true,"href":"https:\/\/www.jardinartificial.es\/en\/wp-json\/wp\/v2\/comments?post=105684"}],"wp:featuredmedia":[{"embeddable":true,"href":"https:\/\/www.jardinartificial.es\/en\/wp-json\/wp\/v2\/media\/105699"}],"wp:attachment":[{"href":"https:\/\/www.jardinartificial.es\/en\/wp-json\/wp\/v2\/media?parent=105684"}],"wp:term":[{"taxonomy":"product_brand","embeddable":true,"href":"https:\/\/www.jardinartificial.es\/en\/wp-json\/wp\/v2\/product_brand?post=105684"},{"taxonomy":"product_cat","embeddable":true,"href":"https:\/\/www.jardinartificial.es\/en\/wp-json\/wp\/v2\/product_cat?post=105684"},{"taxonomy":"product_tag","embeddable":true,"href":"https:\/\/www.jardinartificial.es\/en\/wp-json\/wp\/v2\/product_tag?post=105684"}],"curies":[{"name":"wp","href":"https:\/\/api.w.org\/{rel}","templated":true}]}}