{"id":105631,"date":"2026-05-11T11:41:05","date_gmt":"2026-05-11T09:41:05","guid":{"rendered":"https:\/\/www.jardinartificial.es\/comprar\/uncategorized\/artificial-turf-miniroll-costa-20mm-v2\/"},"modified":"2026-05-11T13:25:38","modified_gmt":"2026-05-11T11:25:38","slug":"artificial-turf-miniroll-costa-20mm-v2","status":"publish","type":"product","link":"https:\/\/www.jardinartificial.es\/en\/comprar\/artificial-turf\/artificial-turf-miniroll-costa-20mm-v2\/","title":{"rendered":"Artificial Turf New Miniroll Costa 20mm"},"content":{"rendered":"","protected":false},"excerpt":{"rendered":"<p data-oe-version=\"1.2\"><strong>Artificial Turf Model New Miniroll Costa 20mm<\/strong><\/p>\n<p>We have updated our artificial turf  <strong>Miniroll Costa<\/strong>, improving its  <strong>resistance and firmness<\/strong>  with a height of  <strong>20 mm<\/strong>. This turf model features a very natural finish, thanks to the balanced combination of different green shades in the straight fibers and brown details in the curled threads. Its vertical fiber structure ensures excellent recovery after foot traffic, maintaining its original appearance. <\/p>\n<ul>\n<li>Ideal Artificial Turf as a decorative element for events, terraces and gardens.<\/li>\n<li>Available in full 10 m\u00b2 rolls, 5 meters long and 2 meters wide with no cuts<\/li>\n<\/ul>\n","protected":false},"featured_media":105635,"comment_status":"open","ping_status":"closed","template":"","meta":{"_acf_changed":false},"product_brand":[],"product_cat":[905,911],"product_tag":[928],"class_list":{"0":"post-105631","1":"product","2":"type-product","3":"status-publish","4":"has-post-thumbnail","6":"product_cat-artificial-turf","7":"product_cat-decorative","8":"product_tag-news","9":"sales-flash-overlay","10":"woocommerce-text-align-center","11":"woocommerce-image-align-center","12":"do-quantity-buttons","13":"wc-has-gallery","15":"first","16":"instock","17":"taxable","18":"shipping-taxable","19":"purchasable","20":"product-type-variable"},"acf":[],"gallery_images":[105614,105615,49371,105653],"yoast_head":"<!-- This site is optimized with the Yoast SEO Premium plugin v27.6 (Yoast SEO v27.6) - https:\/\/yoast.com\/product\/yoast-seo-premium-wordpress\/ -->\n<title>Artificial Turf New Miniroll Costa 20mm | Jardin Artificial<\/title>\n<meta name=\"description\" content=\"Affordable artificial turf Costa model, 20 millimeters thick, in 10-meter rolls. The best artificial turf prices. Buy now!\" \/>\n<meta name=\"robots\" content=\"index, follow, max-snippet:-1, max-image-preview:large, max-video-preview:-1\" \/>\n<link rel=\"canonical\" href=\"https:\/\/www.jardinartificial.es\/en\/comprar\/artificial-turf\/artificial-turf-miniroll-costa-20mm-v2\/\" \/>\n<meta property=\"og:locale\" content=\"en_US\" \/>\n<meta property=\"og:type\" content=\"article\" \/>\n<meta property=\"og:title\" content=\"Artificial Turf New Miniroll Costa 20mm\" \/>\n<meta property=\"og:description\" content=\"Affordable artificial turf Costa model, 20 millimeters thick, in 10-meter rolls. The best artificial turf prices. Buy now!\" \/>\n<meta property=\"og:url\" content=\"https:\/\/www.jardinartificial.es\/en\/comprar\/artificial-turf\/artificial-turf-miniroll-costa-20mm-v2\/\" \/>\n<meta property=\"og:site_name\" content=\"Jardin Artificial\" \/>\n<meta property=\"article:modified_time\" content=\"2026-05-11T11:25:38+00:00\" \/>\n<meta property=\"og:image\" content=\"https:\/\/www.jardinartificial.es\/wp-content\/uploads\/2026\/05\/Cesped-Artificial-Miniroll-Costa-20mm-2-1024x1024.png\" \/>\n\t<meta property=\"og:image:width\" content=\"1024\" \/>\n\t<meta property=\"og:image:height\" content=\"1024\" \/>\n\t<meta property=\"og:image:type\" content=\"image\/png\" \/>\n<meta name=\"twitter:card\" content=\"summary_large_image\" \/>\n<script type=\"application\/ld+json\" class=\"yoast-schema-graph\">{\"@context\":\"https:\\\/\\\/schema.org\",\"@graph\":[{\"@type\":\"WebPage\",\"@id\":\"https:\\\/\\\/www.jardinartificial.es\\\/en\\\/comprar\\\/artificial-turf\\\/artificial-turf-miniroll-costa-20mm-v2\\\/\",\"url\":\"https:\\\/\\\/www.jardinartificial.es\\\/en\\\/comprar\\\/artificial-turf\\\/artificial-turf-miniroll-costa-20mm-v2\\\/\",\"name\":\"Artificial Turf New Miniroll Costa 20mm | Jardin Artificial\",\"isPartOf\":{\"@id\":\"https:\\\/\\\/www.jardinartificial.es\\\/en\\\/#website\"},\"primaryImageOfPage\":{\"@id\":\"https:\\\/\\\/www.jardinartificial.es\\\/en\\\/comprar\\\/artificial-turf\\\/artificial-turf-miniroll-costa-20mm-v2\\\/#primaryimage\"},\"image\":{\"@id\":\"https:\\\/\\\/www.jardinartificial.es\\\/en\\\/comprar\\\/artificial-turf\\\/artificial-turf-miniroll-costa-20mm-v2\\\/#primaryimage\"},\"thumbnailUrl\":\"https:\\\/\\\/www.jardinartificial.es\\\/wp-content\\\/uploads\\\/2026\\\/05\\\/Cesped-Artificial-Miniroll-Costa-20mm-2.png\",\"datePublished\":\"2026-05-11T09:41:05+00:00\",\"dateModified\":\"2026-05-11T11:25:38+00:00\",\"description\":\"Affordable artificial turf Costa model, 20 millimeters thick, in 10-meter rolls. The best artificial turf prices. Buy now!\",\"breadcrumb\":{\"@id\":\"https:\\\/\\\/www.jardinartificial.es\\\/en\\\/comprar\\\/artificial-turf\\\/artificial-turf-miniroll-costa-20mm-v2\\\/#breadcrumb\"},\"inLanguage\":\"en-US\",\"potentialAction\":[{\"@type\":\"ReadAction\",\"target\":[\"https:\\\/\\\/www.jardinartificial.es\\\/en\\\/comprar\\\/artificial-turf\\\/artificial-turf-miniroll-costa-20mm-v2\\\/\"]}]},{\"@type\":\"ImageObject\",\"inLanguage\":\"en-US\",\"@id\":\"https:\\\/\\\/www.jardinartificial.es\\\/en\\\/comprar\\\/artificial-turf\\\/artificial-turf-miniroll-costa-20mm-v2\\\/#primaryimage\",\"url\":\"https:\\\/\\\/www.jardinartificial.es\\\/wp-content\\\/uploads\\\/2026\\\/05\\\/Cesped-Artificial-Miniroll-Costa-20mm-2.png\",\"contentUrl\":\"https:\\\/\\\/www.jardinartificial.es\\\/wp-content\\\/uploads\\\/2026\\\/05\\\/Cesped-Artificial-Miniroll-Costa-20mm-2.png\",\"width\":1920,\"height\":1920,\"caption\":\"Artificial Turf Miniroll Costa 20mm\"},{\"@type\":\"BreadcrumbList\",\"@id\":\"https:\\\/\\\/www.jardinartificial.es\\\/en\\\/comprar\\\/artificial-turf\\\/artificial-turf-miniroll-costa-20mm-v2\\\/#breadcrumb\",\"itemListElement\":[{\"@type\":\"ListItem\",\"position\":1,\"name\":\"Portada\",\"item\":\"https:\\\/\\\/www.jardinartificial.es\\\/en\\\/home\\\/\"},{\"@type\":\"ListItem\",\"position\":2,\"name\":\"All products\",\"item\":\"https:\\\/\\\/www.jardinartificial.es\\\/en\\\/all-products\\\/\"},{\"@type\":\"ListItem\",\"position\":3,\"name\":\"Artificial Turf New Miniroll Costa 20mm\"}]},{\"@type\":\"WebSite\",\"@id\":\"https:\\\/\\\/www.jardinartificial.es\\\/en\\\/#website\",\"url\":\"https:\\\/\\\/www.jardinartificial.es\\\/en\\\/\",\"name\":\"Jard\u00edn Artificial - Venta de C\u00e9sped Artficial\",\"description\":\"C\u00e9sped Artificial barato al corte\",\"publisher\":{\"@id\":\"https:\\\/\\\/www.jardinartificial.es\\\/en\\\/#organization\"},\"potentialAction\":[{\"@type\":\"SearchAction\",\"target\":{\"@type\":\"EntryPoint\",\"urlTemplate\":\"https:\\\/\\\/www.jardinartificial.es\\\/en\\\/?s={search_term_string}\"},\"query-input\":{\"@type\":\"PropertyValueSpecification\",\"valueRequired\":true,\"valueName\":\"search_term_string\"}}],\"inLanguage\":\"en-US\"},{\"@type\":\"Organization\",\"@id\":\"https:\\\/\\\/www.jardinartificial.es\\\/en\\\/#organization\",\"name\":\"Jard\u00edn Artificial\",\"url\":\"https:\\\/\\\/www.jardinartificial.es\\\/en\\\/\",\"logo\":{\"@type\":\"ImageObject\",\"inLanguage\":\"en-US\",\"@id\":\"https:\\\/\\\/www.jardinartificial.es\\\/en\\\/#\\\/schema\\\/logo\\\/image\\\/\",\"url\":\"https:\\\/\\\/www.jardinartificial.es\\\/wp-content\\\/uploads\\\/2023\\\/03\\\/logotipo.svg\",\"contentUrl\":\"https:\\\/\\\/www.jardinartificial.es\\\/wp-content\\\/uploads\\\/2023\\\/03\\\/logotipo.svg\",\"width\":187,\"height\":53,\"caption\":\"Jard\u00edn Artificial\"},\"image\":{\"@id\":\"https:\\\/\\\/www.jardinartificial.es\\\/en\\\/#\\\/schema\\\/logo\\\/image\\\/\"}}]}<\/script>\n<!-- \/ Yoast SEO Premium plugin. -->","yoast_head_json":{"title":"Artificial Turf New Miniroll Costa 20mm | Jardin Artificial","description":"Affordable artificial turf Costa model, 20 millimeters thick, in 10-meter rolls. The best artificial turf prices. Buy now!","robots":{"index":"index","follow":"follow","max-snippet":"max-snippet:-1","max-image-preview":"max-image-preview:large","max-video-preview":"max-video-preview:-1"},"canonical":"https:\/\/www.jardinartificial.es\/en\/comprar\/artificial-turf\/artificial-turf-miniroll-costa-20mm-v2\/","og_locale":"en_US","og_type":"article","og_title":"Artificial Turf New Miniroll Costa 20mm","og_description":"Affordable artificial turf Costa model, 20 millimeters thick, in 10-meter rolls. The best artificial turf prices. Buy now!","og_url":"https:\/\/www.jardinartificial.es\/en\/comprar\/artificial-turf\/artificial-turf-miniroll-costa-20mm-v2\/","og_site_name":"Jardin Artificial","article_modified_time":"2026-05-11T11:25:38+00:00","og_image":[{"width":1024,"height":1024,"url":"https:\/\/www.jardinartificial.es\/wp-content\/uploads\/2026\/05\/Cesped-Artificial-Miniroll-Costa-20mm-2-1024x1024.png","type":"image\/png"}],"twitter_card":"summary_large_image","schema":{"@context":"https:\/\/schema.org","@graph":[{"@type":"WebPage","@id":"https:\/\/www.jardinartificial.es\/en\/comprar\/artificial-turf\/artificial-turf-miniroll-costa-20mm-v2\/","url":"https:\/\/www.jardinartificial.es\/en\/comprar\/artificial-turf\/artificial-turf-miniroll-costa-20mm-v2\/","name":"Artificial Turf New Miniroll Costa 20mm | Jardin Artificial","isPartOf":{"@id":"https:\/\/www.jardinartificial.es\/en\/#website"},"primaryImageOfPage":{"@id":"https:\/\/www.jardinartificial.es\/en\/comprar\/artificial-turf\/artificial-turf-miniroll-costa-20mm-v2\/#primaryimage"},"image":{"@id":"https:\/\/www.jardinartificial.es\/en\/comprar\/artificial-turf\/artificial-turf-miniroll-costa-20mm-v2\/#primaryimage"},"thumbnailUrl":"https:\/\/www.jardinartificial.es\/wp-content\/uploads\/2026\/05\/Cesped-Artificial-Miniroll-Costa-20mm-2.png","datePublished":"2026-05-11T09:41:05+00:00","dateModified":"2026-05-11T11:25:38+00:00","description":"Affordable artificial turf Costa model, 20 millimeters thick, in 10-meter rolls. The best artificial turf prices. Buy now!","breadcrumb":{"@id":"https:\/\/www.jardinartificial.es\/en\/comprar\/artificial-turf\/artificial-turf-miniroll-costa-20mm-v2\/#breadcrumb"},"inLanguage":"en-US","potentialAction":[{"@type":"ReadAction","target":["https:\/\/www.jardinartificial.es\/en\/comprar\/artificial-turf\/artificial-turf-miniroll-costa-20mm-v2\/"]}]},{"@type":"ImageObject","inLanguage":"en-US","@id":"https:\/\/www.jardinartificial.es\/en\/comprar\/artificial-turf\/artificial-turf-miniroll-costa-20mm-v2\/#primaryimage","url":"https:\/\/www.jardinartificial.es\/wp-content\/uploads\/2026\/05\/Cesped-Artificial-Miniroll-Costa-20mm-2.png","contentUrl":"https:\/\/www.jardinartificial.es\/wp-content\/uploads\/2026\/05\/Cesped-Artificial-Miniroll-Costa-20mm-2.png","width":1920,"height":1920,"caption":"Artificial Turf Miniroll Costa 20mm"},{"@type":"BreadcrumbList","@id":"https:\/\/www.jardinartificial.es\/en\/comprar\/artificial-turf\/artificial-turf-miniroll-costa-20mm-v2\/#breadcrumb","itemListElement":[{"@type":"ListItem","position":1,"name":"Portada","item":"https:\/\/www.jardinartificial.es\/en\/home\/"},{"@type":"ListItem","position":2,"name":"All products","item":"https:\/\/www.jardinartificial.es\/en\/all-products\/"},{"@type":"ListItem","position":3,"name":"Artificial Turf New Miniroll Costa 20mm"}]},{"@type":"WebSite","@id":"https:\/\/www.jardinartificial.es\/en\/#website","url":"https:\/\/www.jardinartificial.es\/en\/","name":"Jard\u00edn Artificial - Venta de C\u00e9sped Artficial","description":"C\u00e9sped Artificial barato al corte","publisher":{"@id":"https:\/\/www.jardinartificial.es\/en\/#organization"},"potentialAction":[{"@type":"SearchAction","target":{"@type":"EntryPoint","urlTemplate":"https:\/\/www.jardinartificial.es\/en\/?s={search_term_string}"},"query-input":{"@type":"PropertyValueSpecification","valueRequired":true,"valueName":"search_term_string"}}],"inLanguage":"en-US"},{"@type":"Organization","@id":"https:\/\/www.jardinartificial.es\/en\/#organization","name":"Jard\u00edn Artificial","url":"https:\/\/www.jardinartificial.es\/en\/","logo":{"@type":"ImageObject","inLanguage":"en-US","@id":"https:\/\/www.jardinartificial.es\/en\/#\/schema\/logo\/image\/","url":"https:\/\/www.jardinartificial.es\/wp-content\/uploads\/2023\/03\/logotipo.svg","contentUrl":"https:\/\/www.jardinartificial.es\/wp-content\/uploads\/2023\/03\/logotipo.svg","width":187,"height":53,"caption":"Jard\u00edn Artificial"},"image":{"@id":"https:\/\/www.jardinartificial.es\/en\/#\/schema\/logo\/image\/"}}]}},"_links":{"self":[{"href":"https:\/\/www.jardinartificial.es\/en\/wp-json\/wp\/v2\/product\/105631","targetHints":{"allow":["GET"]}}],"collection":[{"href":"https:\/\/www.jardinartificial.es\/en\/wp-json\/wp\/v2\/product"}],"about":[{"href":"https:\/\/www.jardinartificial.es\/en\/wp-json\/wp\/v2\/types\/product"}],"replies":[{"embeddable":true,"href":"https:\/\/www.jardinartificial.es\/en\/wp-json\/wp\/v2\/comments?post=105631"}],"wp:featuredmedia":[{"embeddable":true,"href":"https:\/\/www.jardinartificial.es\/en\/wp-json\/wp\/v2\/media\/105635"}],"wp:attachment":[{"href":"https:\/\/www.jardinartificial.es\/en\/wp-json\/wp\/v2\/media?parent=105631"}],"wp:term":[{"taxonomy":"product_brand","embeddable":true,"href":"https:\/\/www.jardinartificial.es\/en\/wp-json\/wp\/v2\/product_brand?post=105631"},{"taxonomy":"product_cat","embeddable":true,"href":"https:\/\/www.jardinartificial.es\/en\/wp-json\/wp\/v2\/product_cat?post=105631"},{"taxonomy":"product_tag","embeddable":true,"href":"https:\/\/www.jardinartificial.es\/en\/wp-json\/wp\/v2\/product_tag?post=105631"}],"curies":[{"name":"wp","href":"https:\/\/api.w.org\/{rel}","templated":true}]}}