{"id":103227,"date":"2026-03-06T13:27:23","date_gmt":"2026-03-06T12:27:23","guid":{"rendered":"https:\/\/www.jardinartificial.es\/comprar\/uncategorized\/two-component-adhesive-kit-13-2-kg\/"},"modified":"2026-04-23T11:17:59","modified_gmt":"2026-04-23T09:17:59","slug":"two-component-adhesive-kit-13-2-kg","status":"publish","type":"product","link":"https:\/\/www.jardinartificial.es\/en\/comprar\/accessories\/two-component-adhesive-kit-13-2-kg\/","title":{"rendered":"Two-component adhesive kit 13.2 kg"},"content":{"rendered":"","protected":false},"excerpt":{"rendered":"<p data-oe-version=\"1.2\"><strong>Two-Component Adhesive Kit 13.2kg<\/strong><\/p>\n<p>Two-component polyurethane adhesive kit. Includes both components. Green color, especially for artificial turf.  <\/p>\n<p>Quick application, approximately 10 minutes with high temperatures.<\/p>\n<p>Read the instructions before using.<\/p>\n<p>Valid for approximately 30 linear meters of seaming tape.<\/p>\n","protected":false},"featured_media":103287,"comment_status":"open","ping_status":"closed","template":"","meta":{"_acf_changed":false},"product_brand":[],"product_cat":[889],"product_tag":[],"class_list":{"0":"post-103227","1":"product","2":"type-product","3":"status-publish","4":"has-post-thumbnail","6":"product_cat-accessories","7":"sales-flash-overlay","8":"woocommerce-text-align-center","9":"woocommerce-image-align-center","10":"do-quantity-buttons","11":"wc-has-gallery","13":"first","14":"instock","15":"taxable","16":"shipping-taxable","17":"purchasable","18":"product-type-simple"},"acf":[],"gallery_images":[103228],"yoast_head":"<!-- This site is optimized with the Yoast SEO Premium plugin v27.4 (Yoast SEO v27.4) - https:\/\/yoast.com\/product\/yoast-seo-premium-wordpress\/ -->\n<title>Two-component adhesive kit 13.2 kg | Jardin Artificial<\/title>\n<meta name=\"robots\" content=\"index, follow, max-snippet:-1, max-image-preview:large, max-video-preview:-1\" \/>\n<link rel=\"canonical\" href=\"https:\/\/www.jardinartificial.es\/en\/comprar\/accessories\/two-component-adhesive-kit-13-2-kg\/\" \/>\n<meta property=\"og:locale\" content=\"en_US\" \/>\n<meta property=\"og:type\" content=\"article\" \/>\n<meta property=\"og:title\" content=\"Two-component adhesive kit 13.2 kg\" \/>\n<meta property=\"og:description\" content=\"Two-Component Adhesive Kit 13.2kg Two-component polyurethane adhesive kit. Includes both components. Green color, especially for artificial turf.  Quick application, approximately 10 minutes with high temperatures. Read the instructions before using. Valid for approximately 30 linear meters of seaming tape.\" \/>\n<meta property=\"og:url\" content=\"https:\/\/www.jardinartificial.es\/en\/comprar\/accessories\/two-component-adhesive-kit-13-2-kg\/\" \/>\n<meta property=\"og:site_name\" content=\"Jardin Artificial\" \/>\n<meta property=\"article:modified_time\" content=\"2026-04-23T09:17:59+00:00\" \/>\n<meta property=\"og:image\" content=\"https:\/\/www.jardinartificial.es\/wp-content\/uploads\/2026\/03\/Kit-de-adhesivo-bicomponente-132-kg-2.jpeg\" \/>\n\t<meta property=\"og:image:width\" content=\"1920\" \/>\n\t<meta property=\"og:image:height\" content=\"1920\" \/>\n\t<meta property=\"og:image:type\" content=\"image\/jpeg\" \/>\n<meta name=\"twitter:card\" content=\"summary_large_image\" \/>\n<script type=\"application\/ld+json\" class=\"yoast-schema-graph\">{\"@context\":\"https:\\\/\\\/schema.org\",\"@graph\":[{\"@type\":\"WebPage\",\"@id\":\"https:\\\/\\\/www.jardinartificial.es\\\/en\\\/comprar\\\/accessories\\\/two-component-adhesive-kit-13-2-kg\\\/\",\"url\":\"https:\\\/\\\/www.jardinartificial.es\\\/en\\\/comprar\\\/accessories\\\/two-component-adhesive-kit-13-2-kg\\\/\",\"name\":\"Two-component adhesive kit 13.2 kg | Jardin Artificial\",\"isPartOf\":{\"@id\":\"https:\\\/\\\/www.jardinartificial.es\\\/en\\\/#website\"},\"primaryImageOfPage\":{\"@id\":\"https:\\\/\\\/www.jardinartificial.es\\\/en\\\/comprar\\\/accessories\\\/two-component-adhesive-kit-13-2-kg\\\/#primaryimage\"},\"image\":{\"@id\":\"https:\\\/\\\/www.jardinartificial.es\\\/en\\\/comprar\\\/accessories\\\/two-component-adhesive-kit-13-2-kg\\\/#primaryimage\"},\"thumbnailUrl\":\"https:\\\/\\\/www.jardinartificial.es\\\/wp-content\\\/uploads\\\/2026\\\/03\\\/Kit-de-adhesivo-bicomponente-132-kg-2.jpeg\",\"datePublished\":\"2026-03-06T12:27:23+00:00\",\"dateModified\":\"2026-04-23T09:17:59+00:00\",\"breadcrumb\":{\"@id\":\"https:\\\/\\\/www.jardinartificial.es\\\/en\\\/comprar\\\/accessories\\\/two-component-adhesive-kit-13-2-kg\\\/#breadcrumb\"},\"inLanguage\":\"en-US\",\"potentialAction\":[{\"@type\":\"ReadAction\",\"target\":[\"https:\\\/\\\/www.jardinartificial.es\\\/en\\\/comprar\\\/accessories\\\/two-component-adhesive-kit-13-2-kg\\\/\"]}]},{\"@type\":\"ImageObject\",\"inLanguage\":\"en-US\",\"@id\":\"https:\\\/\\\/www.jardinartificial.es\\\/en\\\/comprar\\\/accessories\\\/two-component-adhesive-kit-13-2-kg\\\/#primaryimage\",\"url\":\"https:\\\/\\\/www.jardinartificial.es\\\/wp-content\\\/uploads\\\/2026\\\/03\\\/Kit-de-adhesivo-bicomponente-132-kg-2.jpeg\",\"contentUrl\":\"https:\\\/\\\/www.jardinartificial.es\\\/wp-content\\\/uploads\\\/2026\\\/03\\\/Kit-de-adhesivo-bicomponente-132-kg-2.jpeg\",\"width\":1920,\"height\":1920,\"caption\":\"Two-component adhesive kit 13.2 kg\"},{\"@type\":\"BreadcrumbList\",\"@id\":\"https:\\\/\\\/www.jardinartificial.es\\\/en\\\/comprar\\\/accessories\\\/two-component-adhesive-kit-13-2-kg\\\/#breadcrumb\",\"itemListElement\":[{\"@type\":\"ListItem\",\"position\":1,\"name\":\"Portada\",\"item\":\"https:\\\/\\\/www.jardinartificial.es\\\/en\\\/\"},{\"@type\":\"ListItem\",\"position\":2,\"name\":\"All products\",\"item\":\"https:\\\/\\\/www.jardinartificial.es\\\/en\\\/all-products\\\/\"},{\"@type\":\"ListItem\",\"position\":3,\"name\":\"Two-component adhesive kit 13.2 kg\"}]},{\"@type\":\"WebSite\",\"@id\":\"https:\\\/\\\/www.jardinartificial.es\\\/en\\\/#website\",\"url\":\"https:\\\/\\\/www.jardinartificial.es\\\/en\\\/\",\"name\":\"Jard\u00edn Artificial - Venta de C\u00e9sped Artficial\",\"description\":\"C\u00e9sped Artificial barato al corte\",\"publisher\":{\"@id\":\"https:\\\/\\\/www.jardinartificial.es\\\/en\\\/#organization\"},\"potentialAction\":[{\"@type\":\"SearchAction\",\"target\":{\"@type\":\"EntryPoint\",\"urlTemplate\":\"https:\\\/\\\/www.jardinartificial.es\\\/en\\\/?s={search_term_string}\"},\"query-input\":{\"@type\":\"PropertyValueSpecification\",\"valueRequired\":true,\"valueName\":\"search_term_string\"}}],\"inLanguage\":\"en-US\"},{\"@type\":\"Organization\",\"@id\":\"https:\\\/\\\/www.jardinartificial.es\\\/en\\\/#organization\",\"name\":\"Jard\u00edn Artificial\",\"url\":\"https:\\\/\\\/www.jardinartificial.es\\\/en\\\/\",\"logo\":{\"@type\":\"ImageObject\",\"inLanguage\":\"en-US\",\"@id\":\"https:\\\/\\\/www.jardinartificial.es\\\/en\\\/#\\\/schema\\\/logo\\\/image\\\/\",\"url\":\"https:\\\/\\\/www.jardinartificial.es\\\/wp-content\\\/uploads\\\/2023\\\/03\\\/logotipo.svg\",\"contentUrl\":\"https:\\\/\\\/www.jardinartificial.es\\\/wp-content\\\/uploads\\\/2023\\\/03\\\/logotipo.svg\",\"width\":187,\"height\":53,\"caption\":\"Jard\u00edn Artificial\"},\"image\":{\"@id\":\"https:\\\/\\\/www.jardinartificial.es\\\/en\\\/#\\\/schema\\\/logo\\\/image\\\/\"}}]}<\/script>\n<!-- \/ Yoast SEO Premium plugin. -->","yoast_head_json":{"title":"Two-component adhesive kit 13.2 kg | Jardin Artificial","robots":{"index":"index","follow":"follow","max-snippet":"max-snippet:-1","max-image-preview":"max-image-preview:large","max-video-preview":"max-video-preview:-1"},"canonical":"https:\/\/www.jardinartificial.es\/en\/comprar\/accessories\/two-component-adhesive-kit-13-2-kg\/","og_locale":"en_US","og_type":"article","og_title":"Two-component adhesive kit 13.2 kg","og_description":"Two-Component Adhesive Kit 13.2kg Two-component polyurethane adhesive kit. Includes both components. Green color, especially for artificial turf.  Quick application, approximately 10 minutes with high temperatures. Read the instructions before using. Valid for approximately 30 linear meters of seaming tape.","og_url":"https:\/\/www.jardinartificial.es\/en\/comprar\/accessories\/two-component-adhesive-kit-13-2-kg\/","og_site_name":"Jardin Artificial","article_modified_time":"2026-04-23T09:17:59+00:00","og_image":[{"width":1920,"height":1920,"url":"https:\/\/www.jardinartificial.es\/wp-content\/uploads\/2026\/03\/Kit-de-adhesivo-bicomponente-132-kg-2.jpeg","type":"image\/jpeg"}],"twitter_card":"summary_large_image","schema":{"@context":"https:\/\/schema.org","@graph":[{"@type":"WebPage","@id":"https:\/\/www.jardinartificial.es\/en\/comprar\/accessories\/two-component-adhesive-kit-13-2-kg\/","url":"https:\/\/www.jardinartificial.es\/en\/comprar\/accessories\/two-component-adhesive-kit-13-2-kg\/","name":"Two-component adhesive kit 13.2 kg | Jardin Artificial","isPartOf":{"@id":"https:\/\/www.jardinartificial.es\/en\/#website"},"primaryImageOfPage":{"@id":"https:\/\/www.jardinartificial.es\/en\/comprar\/accessories\/two-component-adhesive-kit-13-2-kg\/#primaryimage"},"image":{"@id":"https:\/\/www.jardinartificial.es\/en\/comprar\/accessories\/two-component-adhesive-kit-13-2-kg\/#primaryimage"},"thumbnailUrl":"https:\/\/www.jardinartificial.es\/wp-content\/uploads\/2026\/03\/Kit-de-adhesivo-bicomponente-132-kg-2.jpeg","datePublished":"2026-03-06T12:27:23+00:00","dateModified":"2026-04-23T09:17:59+00:00","breadcrumb":{"@id":"https:\/\/www.jardinartificial.es\/en\/comprar\/accessories\/two-component-adhesive-kit-13-2-kg\/#breadcrumb"},"inLanguage":"en-US","potentialAction":[{"@type":"ReadAction","target":["https:\/\/www.jardinartificial.es\/en\/comprar\/accessories\/two-component-adhesive-kit-13-2-kg\/"]}]},{"@type":"ImageObject","inLanguage":"en-US","@id":"https:\/\/www.jardinartificial.es\/en\/comprar\/accessories\/two-component-adhesive-kit-13-2-kg\/#primaryimage","url":"https:\/\/www.jardinartificial.es\/wp-content\/uploads\/2026\/03\/Kit-de-adhesivo-bicomponente-132-kg-2.jpeg","contentUrl":"https:\/\/www.jardinartificial.es\/wp-content\/uploads\/2026\/03\/Kit-de-adhesivo-bicomponente-132-kg-2.jpeg","width":1920,"height":1920,"caption":"Two-component adhesive kit 13.2 kg"},{"@type":"BreadcrumbList","@id":"https:\/\/www.jardinartificial.es\/en\/comprar\/accessories\/two-component-adhesive-kit-13-2-kg\/#breadcrumb","itemListElement":[{"@type":"ListItem","position":1,"name":"Portada","item":"https:\/\/www.jardinartificial.es\/en\/"},{"@type":"ListItem","position":2,"name":"All products","item":"https:\/\/www.jardinartificial.es\/en\/all-products\/"},{"@type":"ListItem","position":3,"name":"Two-component adhesive kit 13.2 kg"}]},{"@type":"WebSite","@id":"https:\/\/www.jardinartificial.es\/en\/#website","url":"https:\/\/www.jardinartificial.es\/en\/","name":"Jard\u00edn Artificial - Venta de C\u00e9sped Artficial","description":"C\u00e9sped Artificial barato al corte","publisher":{"@id":"https:\/\/www.jardinartificial.es\/en\/#organization"},"potentialAction":[{"@type":"SearchAction","target":{"@type":"EntryPoint","urlTemplate":"https:\/\/www.jardinartificial.es\/en\/?s={search_term_string}"},"query-input":{"@type":"PropertyValueSpecification","valueRequired":true,"valueName":"search_term_string"}}],"inLanguage":"en-US"},{"@type":"Organization","@id":"https:\/\/www.jardinartificial.es\/en\/#organization","name":"Jard\u00edn Artificial","url":"https:\/\/www.jardinartificial.es\/en\/","logo":{"@type":"ImageObject","inLanguage":"en-US","@id":"https:\/\/www.jardinartificial.es\/en\/#\/schema\/logo\/image\/","url":"https:\/\/www.jardinartificial.es\/wp-content\/uploads\/2023\/03\/logotipo.svg","contentUrl":"https:\/\/www.jardinartificial.es\/wp-content\/uploads\/2023\/03\/logotipo.svg","width":187,"height":53,"caption":"Jard\u00edn Artificial"},"image":{"@id":"https:\/\/www.jardinartificial.es\/en\/#\/schema\/logo\/image\/"}}]}},"_links":{"self":[{"href":"https:\/\/www.jardinartificial.es\/en\/wp-json\/wp\/v2\/product\/103227","targetHints":{"allow":["GET"]}}],"collection":[{"href":"https:\/\/www.jardinartificial.es\/en\/wp-json\/wp\/v2\/product"}],"about":[{"href":"https:\/\/www.jardinartificial.es\/en\/wp-json\/wp\/v2\/types\/product"}],"replies":[{"embeddable":true,"href":"https:\/\/www.jardinartificial.es\/en\/wp-json\/wp\/v2\/comments?post=103227"}],"wp:featuredmedia":[{"embeddable":true,"href":"https:\/\/www.jardinartificial.es\/en\/wp-json\/wp\/v2\/media\/103287"}],"wp:attachment":[{"href":"https:\/\/www.jardinartificial.es\/en\/wp-json\/wp\/v2\/media?parent=103227"}],"wp:term":[{"taxonomy":"product_brand","embeddable":true,"href":"https:\/\/www.jardinartificial.es\/en\/wp-json\/wp\/v2\/product_brand?post=103227"},{"taxonomy":"product_cat","embeddable":true,"href":"https:\/\/www.jardinartificial.es\/en\/wp-json\/wp\/v2\/product_cat?post=103227"},{"taxonomy":"product_tag","embeddable":true,"href":"https:\/\/www.jardinartificial.es\/en\/wp-json\/wp\/v2\/product_tag?post=103227"}],"curies":[{"name":"wp","href":"https:\/\/api.w.org\/{rel}","templated":true}]}}